{"id":260697,"date":"2025-07-03T15:20:36","date_gmt":"2025-07-03T13:20:36","guid":{"rendered":"https:\/\/webdesi-gn.fr\/dev_deltalabo\/?post_type=product&#038;p=260697"},"modified":"2025-11-24T13:41:22","modified_gmt":"2025-11-24T12:41:22","slug":"viscothermostat-lauda-viscotemp-et-viscotemp-18","status":"publish","type":"product","link":"https:\/\/webdesi-gn.fr\/dev_deltalabo\/produits\/thermostatisation\/viscothermostat-lauda-viscotemp-et-viscotemp-18\/","title":{"rendered":"Viscothermostat Lauda Viscotemp ET \/ Viscotemp 18"},"content":{"rendered":"","protected":false},"excerpt":{"rendered":"<p><strong>Viscothermostat Lauda Viscotemp ET \/ Viscotemp 18 :\u00a0<\/strong><\/p>\n<p>Le bain viscosim\u00e9trique Lauda Viscotemp permet des mesures de viscosit\u00e9 capillaire selon les normes ASTM D445, ISO 3105 et DIN 53000 sur la plage de l&rsquo;ambiante +5\u00b0C \u00e0 105\u00b0C.<\/p>\n<p>Raccord\u00e9s \u00e0 une source frigorifique externe, les viscothermostats Lauda Viscotemp permettent des mesures de viscosit\u00e9 capillaire jusqu&rsquo;\u00e0 0\u00b0C.<\/p>\n<ul>\n<li>Le Viscotemp ET est un bain \u00e9conomique en polycarbonate o\u00f9 l&rsquo;on peut utiliser au maximum trois viscosim\u00e8tres \u00e0 capillaire en verre pour une mesure manuelle \u00e0 l&rsquo;aide du chronom\u00e8tre ou jusqu&rsquo;\u00e0 deux stations de mesure automatiques. Si n\u00e9cessaire, lors de l&rsquo;utilisation de viscosim\u00e8tres de dilution par exemple, jusqu&rsquo;\u00e0 deux agitateurs magn\u00e9tiques peuvent \u00eatre ajout\u00e9s au thermostat.<\/li>\n<li>Le Viscotemp 18 a \u00e9t\u00e9 con\u00e7u pour des temp\u00e9ratures allant jusqu&rsquo;\u00e0 100\u00b0C, par exemple pour les huiles de silicone et les \u00e9chantillons agressifs.<\/li>\n<\/ul>\n<p><strong>T\u00e9l\u00e9charger la brochure produit :<\/strong> <a href=\"https:\/\/www.deltalabo.fr\/wp-content\/uploads\/2025\/07\/Catalogue-Viscothermostats-Viscotemp-ET-et-Viscotemp-18-Lauda-2025-26-eng-DL.pdf\">Viscothermostat Lauda<\/a><\/p>\n","protected":false},"featured_media":261924,"template":"","meta":{"_acf_changed":false,"site-sidebar-layout":"default","site-content-layout":"","ast-site-content-layout":"default","site-content-style":"default","site-sidebar-style":"default","ast-global-header-display":"","ast-banner-title-visibility":"","ast-main-header-display":"","ast-hfb-above-header-display":"","ast-hfb-below-header-display":"","ast-hfb-mobile-header-display":"","site-post-title":"","ast-breadcrumbs-content":"","ast-featured-img":"","footer-sml-layout":"","ast-disable-related-posts":"","theme-transparent-header-meta":"","adv-header-id-meta":"","stick-header-meta":"","header-above-stick-meta":"","header-main-stick-meta":"","header-below-stick-meta":"","astra-migrate-meta-layouts":"default","ast-page-background-enabled":"default","ast-page-background-meta":{"desktop":{"background-color":"var(--ast-global-color-5)","background-image":"","background-repeat":"repeat","background-position":"center center","background-size":"auto","background-attachment":"scroll","background-type":"","background-media":"","overlay-type":"","overlay-color":"","overlay-opacity":"","overlay-gradient":""},"tablet":{"background-color":"","background-image":"","background-repeat":"repeat","background-position":"center center","background-size":"auto","background-attachment":"scroll","background-type":"","background-media":"","overlay-type":"","overlay-color":"","overlay-opacity":"","overlay-gradient":""},"mobile":{"background-color":"","background-image":"","background-repeat":"repeat","background-position":"center center","background-size":"auto","background-attachment":"scroll","background-type":"","background-media":"","overlay-type":"","overlay-color":"","overlay-opacity":"","overlay-gradient":""}},"ast-content-background-meta":{"desktop":{"background-color":"var(--ast-global-color-4)","background-image":"","background-repeat":"repeat","background-position":"center center","background-size":"auto","background-attachment":"scroll","background-type":"","background-media":"","overlay-type":"","overlay-color":"","overlay-opacity":"","overlay-gradient":""},"tablet":{"background-color":"var(--ast-global-color-4)","background-image":"","background-repeat":"repeat","background-position":"center center","background-size":"auto","background-attachment":"scroll","background-type":"","background-media":"","overlay-type":"","overlay-color":"","overlay-opacity":"","overlay-gradient":""},"mobile":{"background-color":"var(--ast-global-color-4)","background-image":"","background-repeat":"repeat","background-position":"center center","background-size":"auto","background-attachment":"scroll","background-type":"","background-media":"","overlay-type":"","overlay-color":"","overlay-opacity":"","overlay-gradient":""}}},"domaine":[17187],"normes":[17135,478],"product_brand":[],"product_cat":[17423],"product_tag":[],"class_list":{"0":"post-260697","1":"product","2":"type-product","3":"status-publish","4":"has-post-thumbnail","6":"domaine-thermostatisation","7":"normes-din-51562","8":"normes-normes-ip","9":"product_cat-thermostatisation","10":"desktop-align-left","11":"tablet-align-left","12":"mobile-align-left","14":"first","15":"instock","16":"shipping-taxable","17":"purchasable","18":"product-type-simple"},"acf":[],"yoast_head":"<!-- This site is optimized with the Yoast SEO plugin v27.4 - https:\/\/yoast.com\/product\/yoast-seo-wordpress\/ -->\n<title>Viscothermostat Lauda Viscotemp ET \/ Viscotemp 18 | DeltaLabo<\/title>\n<meta name=\"robots\" content=\"noindex, follow, max-snippet:-1, max-image-preview:large, max-video-preview:-1\" \/>\n<meta property=\"og:locale\" content=\"fr_FR\" \/>\n<meta property=\"og:type\" content=\"article\" \/>\n<meta property=\"og:title\" content=\"Viscothermostat Lauda Viscotemp ET \/ Viscotemp 18 | DeltaLabo\" \/>\n<meta property=\"og:description\" content=\"Viscothermostat Lauda Viscotemp ET \/ Viscotemp 18 :\u00a0  Le bain viscosim\u00e9trique Lauda Viscotemp permet des mesures de viscosit\u00e9 capillaire selon les normes ASTM D445, ISO 3105 et DIN 53000 sur la plage de l&#039;ambiante +5\u00b0C \u00e0 105\u00b0C.  Raccord\u00e9s \u00e0 une source frigorifique externe, les viscothermostats Lauda Viscotemp permettent des mesures de viscosit\u00e9 capillaire jusqu&#039;\u00e0 0\u00b0C.   Le Viscotemp ET est un bain \u00e9conomique en polycarbonate o\u00f9 l&#039;on peut utiliser au maximum trois viscosim\u00e8tres \u00e0 capillaire en verre pour une mesure manuelle \u00e0 l&#039;aide du chronom\u00e8tre ou jusqu&#039;\u00e0 deux stations de mesure automatiques. Si n\u00e9cessaire, lors de l&#039;utilisation de viscosim\u00e8tres de dilution par exemple, jusqu&#039;\u00e0 deux agitateurs magn\u00e9tiques peuvent \u00eatre ajout\u00e9s au thermostat.  Le Viscotemp 18 a \u00e9t\u00e9 con\u00e7u pour des temp\u00e9ratures allant jusqu&#039;\u00e0 100\u00b0C, par exemple pour les huiles de silicone et les \u00e9chantillons agressifs.  T\u00e9l\u00e9charger la brochure produit : Viscothermostat Lauda\" \/>\n<meta property=\"og:url\" content=\"https:\/\/webdesi-gn.fr\/dev_deltalabo\/produits\/cat-produit\/viscothermostat-lauda-viscotemp-et-viscotemp-18\/\" \/>\n<meta property=\"og:site_name\" content=\"DeltaLabo\" \/>\n<meta property=\"article:modified_time\" content=\"2025-11-24T12:41:22+00:00\" \/>\n<meta property=\"og:image\" content=\"https:\/\/webdesi-gn.fr\/dev_deltalabo\/wp-content\/uploads\/2025\/07\/DELTA-LABO-viscotemp-18-2.png\" \/>\n\t<meta property=\"og:image:width\" content=\"800\" \/>\n\t<meta property=\"og:image:height\" content=\"800\" \/>\n\t<meta property=\"og:image:type\" content=\"image\/png\" \/>\n<meta name=\"twitter:card\" content=\"summary_large_image\" \/>\n<meta name=\"twitter:label1\" content=\"Dur\u00e9e de lecture estim\u00e9e\" \/>\n\t<meta name=\"twitter:data1\" content=\"1 minute\" \/>\n<script type=\"application\/ld+json\" class=\"yoast-schema-graph\">{\"@context\":\"https:\\\/\\\/schema.org\",\"@graph\":[{\"@type\":\"WebPage\",\"@id\":\"https:\\\/\\\/webdesi-gn.fr\\\/dev_deltalabo\\\/produits\\\/cat-produit\\\/viscothermostat-lauda-viscotemp-et-viscotemp-18\\\/\",\"url\":\"https:\\\/\\\/webdesi-gn.fr\\\/dev_deltalabo\\\/produits\\\/cat-produit\\\/viscothermostat-lauda-viscotemp-et-viscotemp-18\\\/\",\"name\":\"Viscothermostat Lauda Viscotemp ET \\\/ Viscotemp 18 | DeltaLabo\",\"isPartOf\":{\"@id\":\"https:\\\/\\\/webdesi-gn.fr\\\/dev_deltalabo\\\/#website\"},\"primaryImageOfPage\":{\"@id\":\"https:\\\/\\\/webdesi-gn.fr\\\/dev_deltalabo\\\/produits\\\/cat-produit\\\/viscothermostat-lauda-viscotemp-et-viscotemp-18\\\/#primaryimage\"},\"image\":{\"@id\":\"https:\\\/\\\/webdesi-gn.fr\\\/dev_deltalabo\\\/produits\\\/cat-produit\\\/viscothermostat-lauda-viscotemp-et-viscotemp-18\\\/#primaryimage\"},\"thumbnailUrl\":\"https:\\\/\\\/webdesi-gn.fr\\\/dev_deltalabo\\\/wp-content\\\/uploads\\\/2025\\\/11\\\/DELTA-LABO-viscotemp-18-2.png\",\"datePublished\":\"2025-07-03T13:20:36+00:00\",\"dateModified\":\"2025-11-24T12:41:22+00:00\",\"breadcrumb\":{\"@id\":\"https:\\\/\\\/webdesi-gn.fr\\\/dev_deltalabo\\\/produits\\\/cat-produit\\\/viscothermostat-lauda-viscotemp-et-viscotemp-18\\\/#breadcrumb\"},\"inLanguage\":\"fr-FR\",\"potentialAction\":[{\"@type\":\"ReadAction\",\"target\":[\"https:\\\/\\\/webdesi-gn.fr\\\/dev_deltalabo\\\/produits\\\/cat-produit\\\/viscothermostat-lauda-viscotemp-et-viscotemp-18\\\/\"]}]},{\"@type\":\"ImageObject\",\"inLanguage\":\"fr-FR\",\"@id\":\"https:\\\/\\\/webdesi-gn.fr\\\/dev_deltalabo\\\/produits\\\/cat-produit\\\/viscothermostat-lauda-viscotemp-et-viscotemp-18\\\/#primaryimage\",\"url\":\"https:\\\/\\\/webdesi-gn.fr\\\/dev_deltalabo\\\/wp-content\\\/uploads\\\/2025\\\/11\\\/DELTA-LABO-viscotemp-18-2.png\",\"contentUrl\":\"https:\\\/\\\/webdesi-gn.fr\\\/dev_deltalabo\\\/wp-content\\\/uploads\\\/2025\\\/11\\\/DELTA-LABO-viscotemp-18-2.png\",\"width\":800,\"height\":800},{\"@type\":\"BreadcrumbList\",\"@id\":\"https:\\\/\\\/webdesi-gn.fr\\\/dev_deltalabo\\\/produits\\\/cat-produit\\\/viscothermostat-lauda-viscotemp-et-viscotemp-18\\\/#breadcrumb\",\"itemListElement\":[{\"@type\":\"ListItem\",\"position\":1,\"name\":\"Accueil\",\"item\":\"https:\\\/\\\/webdesi-gn.fr\\\/dev_deltalabo\\\/\"},{\"@type\":\"ListItem\",\"position\":2,\"name\":\"Produits\",\"item\":\"https:\\\/\\\/webdesi-gn.fr\\\/dev_deltalabo\\\/produits\\\/\"},{\"@type\":\"ListItem\",\"position\":3,\"name\":\"Viscothermostat Lauda Viscotemp ET \\\/ Viscotemp 18\"}]},{\"@type\":\"WebSite\",\"@id\":\"https:\\\/\\\/webdesi-gn.fr\\\/dev_deltalabo\\\/#website\",\"url\":\"https:\\\/\\\/webdesi-gn.fr\\\/dev_deltalabo\\\/\",\"name\":\"Delta Labo\",\"description\":\"Un site utilisant WordPress\",\"publisher\":{\"@id\":\"https:\\\/\\\/webdesi-gn.fr\\\/dev_deltalabo\\\/#organization\"},\"alternateName\":\"Delta Labo\",\"potentialAction\":[{\"@type\":\"SearchAction\",\"target\":{\"@type\":\"EntryPoint\",\"urlTemplate\":\"https:\\\/\\\/webdesi-gn.fr\\\/dev_deltalabo\\\/?s={search_term_string}\"},\"query-input\":{\"@type\":\"PropertyValueSpecification\",\"valueRequired\":true,\"valueName\":\"search_term_string\"}}],\"inLanguage\":\"fr-FR\"},{\"@type\":\"Organization\",\"@id\":\"https:\\\/\\\/webdesi-gn.fr\\\/dev_deltalabo\\\/#organization\",\"name\":\"DeltaLabo\",\"url\":\"https:\\\/\\\/webdesi-gn.fr\\\/dev_deltalabo\\\/\",\"logo\":{\"@type\":\"ImageObject\",\"inLanguage\":\"fr-FR\",\"@id\":\"https:\\\/\\\/webdesi-gn.fr\\\/dev_deltalabo\\\/#\\\/schema\\\/logo\\\/image\\\/\",\"url\":\"https:\\\/\\\/webdesi-gn.fr\\\/dev_deltalabo\\\/wp-content\\\/uploads\\\/2022\\\/07\\\/logo-deltalabo.png\",\"contentUrl\":\"https:\\\/\\\/webdesi-gn.fr\\\/dev_deltalabo\\\/wp-content\\\/uploads\\\/2022\\\/07\\\/logo-deltalabo.png\",\"width\":694,\"height\":306,\"caption\":\"DeltaLabo\"},\"image\":{\"@id\":\"https:\\\/\\\/webdesi-gn.fr\\\/dev_deltalabo\\\/#\\\/schema\\\/logo\\\/image\\\/\"}}]}<\/script>\n<!-- \/ Yoast SEO plugin. -->","yoast_head_json":{"title":"Viscothermostat Lauda Viscotemp ET \/ Viscotemp 18 | DeltaLabo","robots":{"index":"noindex","follow":"follow","max-snippet":"max-snippet:-1","max-image-preview":"max-image-preview:large","max-video-preview":"max-video-preview:-1"},"og_locale":"fr_FR","og_type":"article","og_title":"Viscothermostat Lauda Viscotemp ET \/ Viscotemp 18 | DeltaLabo","og_description":"Viscothermostat Lauda Viscotemp ET \/ Viscotemp 18 :\u00a0  Le bain viscosim\u00e9trique Lauda Viscotemp permet des mesures de viscosit\u00e9 capillaire selon les normes ASTM D445, ISO 3105 et DIN 53000 sur la plage de l'ambiante +5\u00b0C \u00e0 105\u00b0C.  Raccord\u00e9s \u00e0 une source frigorifique externe, les viscothermostats Lauda Viscotemp permettent des mesures de viscosit\u00e9 capillaire jusqu'\u00e0 0\u00b0C.   Le Viscotemp ET est un bain \u00e9conomique en polycarbonate o\u00f9 l'on peut utiliser au maximum trois viscosim\u00e8tres \u00e0 capillaire en verre pour une mesure manuelle \u00e0 l'aide du chronom\u00e8tre ou jusqu'\u00e0 deux stations de mesure automatiques. Si n\u00e9cessaire, lors de l'utilisation de viscosim\u00e8tres de dilution par exemple, jusqu'\u00e0 deux agitateurs magn\u00e9tiques peuvent \u00eatre ajout\u00e9s au thermostat.  Le Viscotemp 18 a \u00e9t\u00e9 con\u00e7u pour des temp\u00e9ratures allant jusqu'\u00e0 100\u00b0C, par exemple pour les huiles de silicone et les \u00e9chantillons agressifs.  T\u00e9l\u00e9charger la brochure produit : Viscothermostat Lauda","og_url":"https:\/\/webdesi-gn.fr\/dev_deltalabo\/produits\/cat-produit\/viscothermostat-lauda-viscotemp-et-viscotemp-18\/","og_site_name":"DeltaLabo","article_modified_time":"2025-11-24T12:41:22+00:00","og_image":[{"width":800,"height":800,"url":"https:\/\/webdesi-gn.fr\/dev_deltalabo\/wp-content\/uploads\/2025\/07\/DELTA-LABO-viscotemp-18-2.png","type":"image\/png"}],"twitter_card":"summary_large_image","twitter_misc":{"Dur\u00e9e de lecture estim\u00e9e":"1 minute"},"schema":{"@context":"https:\/\/schema.org","@graph":[{"@type":"WebPage","@id":"https:\/\/webdesi-gn.fr\/dev_deltalabo\/produits\/cat-produit\/viscothermostat-lauda-viscotemp-et-viscotemp-18\/","url":"https:\/\/webdesi-gn.fr\/dev_deltalabo\/produits\/cat-produit\/viscothermostat-lauda-viscotemp-et-viscotemp-18\/","name":"Viscothermostat Lauda Viscotemp ET \/ Viscotemp 18 | DeltaLabo","isPartOf":{"@id":"https:\/\/webdesi-gn.fr\/dev_deltalabo\/#website"},"primaryImageOfPage":{"@id":"https:\/\/webdesi-gn.fr\/dev_deltalabo\/produits\/cat-produit\/viscothermostat-lauda-viscotemp-et-viscotemp-18\/#primaryimage"},"image":{"@id":"https:\/\/webdesi-gn.fr\/dev_deltalabo\/produits\/cat-produit\/viscothermostat-lauda-viscotemp-et-viscotemp-18\/#primaryimage"},"thumbnailUrl":"https:\/\/webdesi-gn.fr\/dev_deltalabo\/wp-content\/uploads\/2025\/11\/DELTA-LABO-viscotemp-18-2.png","datePublished":"2025-07-03T13:20:36+00:00","dateModified":"2025-11-24T12:41:22+00:00","breadcrumb":{"@id":"https:\/\/webdesi-gn.fr\/dev_deltalabo\/produits\/cat-produit\/viscothermostat-lauda-viscotemp-et-viscotemp-18\/#breadcrumb"},"inLanguage":"fr-FR","potentialAction":[{"@type":"ReadAction","target":["https:\/\/webdesi-gn.fr\/dev_deltalabo\/produits\/cat-produit\/viscothermostat-lauda-viscotemp-et-viscotemp-18\/"]}]},{"@type":"ImageObject","inLanguage":"fr-FR","@id":"https:\/\/webdesi-gn.fr\/dev_deltalabo\/produits\/cat-produit\/viscothermostat-lauda-viscotemp-et-viscotemp-18\/#primaryimage","url":"https:\/\/webdesi-gn.fr\/dev_deltalabo\/wp-content\/uploads\/2025\/11\/DELTA-LABO-viscotemp-18-2.png","contentUrl":"https:\/\/webdesi-gn.fr\/dev_deltalabo\/wp-content\/uploads\/2025\/11\/DELTA-LABO-viscotemp-18-2.png","width":800,"height":800},{"@type":"BreadcrumbList","@id":"https:\/\/webdesi-gn.fr\/dev_deltalabo\/produits\/cat-produit\/viscothermostat-lauda-viscotemp-et-viscotemp-18\/#breadcrumb","itemListElement":[{"@type":"ListItem","position":1,"name":"Accueil","item":"https:\/\/webdesi-gn.fr\/dev_deltalabo\/"},{"@type":"ListItem","position":2,"name":"Produits","item":"https:\/\/webdesi-gn.fr\/dev_deltalabo\/produits\/"},{"@type":"ListItem","position":3,"name":"Viscothermostat Lauda Viscotemp ET \/ Viscotemp 18"}]},{"@type":"WebSite","@id":"https:\/\/webdesi-gn.fr\/dev_deltalabo\/#website","url":"https:\/\/webdesi-gn.fr\/dev_deltalabo\/","name":"Delta Labo","description":"Un site utilisant WordPress","publisher":{"@id":"https:\/\/webdesi-gn.fr\/dev_deltalabo\/#organization"},"alternateName":"Delta Labo","potentialAction":[{"@type":"SearchAction","target":{"@type":"EntryPoint","urlTemplate":"https:\/\/webdesi-gn.fr\/dev_deltalabo\/?s={search_term_string}"},"query-input":{"@type":"PropertyValueSpecification","valueRequired":true,"valueName":"search_term_string"}}],"inLanguage":"fr-FR"},{"@type":"Organization","@id":"https:\/\/webdesi-gn.fr\/dev_deltalabo\/#organization","name":"DeltaLabo","url":"https:\/\/webdesi-gn.fr\/dev_deltalabo\/","logo":{"@type":"ImageObject","inLanguage":"fr-FR","@id":"https:\/\/webdesi-gn.fr\/dev_deltalabo\/#\/schema\/logo\/image\/","url":"https:\/\/webdesi-gn.fr\/dev_deltalabo\/wp-content\/uploads\/2022\/07\/logo-deltalabo.png","contentUrl":"https:\/\/webdesi-gn.fr\/dev_deltalabo\/wp-content\/uploads\/2022\/07\/logo-deltalabo.png","width":694,"height":306,"caption":"DeltaLabo"},"image":{"@id":"https:\/\/webdesi-gn.fr\/dev_deltalabo\/#\/schema\/logo\/image\/"}}]}},"_links":{"self":[{"href":"https:\/\/webdesi-gn.fr\/dev_deltalabo\/wp-json\/wp\/v2\/product\/260697","targetHints":{"allow":["GET"]}}],"collection":[{"href":"https:\/\/webdesi-gn.fr\/dev_deltalabo\/wp-json\/wp\/v2\/product"}],"about":[{"href":"https:\/\/webdesi-gn.fr\/dev_deltalabo\/wp-json\/wp\/v2\/types\/product"}],"wp:featuredmedia":[{"embeddable":true,"href":"https:\/\/webdesi-gn.fr\/dev_deltalabo\/wp-json\/wp\/v2\/media\/261924"}],"wp:attachment":[{"href":"https:\/\/webdesi-gn.fr\/dev_deltalabo\/wp-json\/wp\/v2\/media?parent=260697"}],"wp:term":[{"taxonomy":"domaine","embeddable":true,"href":"https:\/\/webdesi-gn.fr\/dev_deltalabo\/wp-json\/wp\/v2\/domaine?post=260697"},{"taxonomy":"normes","embeddable":true,"href":"https:\/\/webdesi-gn.fr\/dev_deltalabo\/wp-json\/wp\/v2\/normes?post=260697"},{"taxonomy":"product_brand","embeddable":true,"href":"https:\/\/webdesi-gn.fr\/dev_deltalabo\/wp-json\/wp\/v2\/product_brand?post=260697"},{"taxonomy":"product_cat","embeddable":true,"href":"https:\/\/webdesi-gn.fr\/dev_deltalabo\/wp-json\/wp\/v2\/product_cat?post=260697"},{"taxonomy":"product_tag","embeddable":true,"href":"https:\/\/webdesi-gn.fr\/dev_deltalabo\/wp-json\/wp\/v2\/product_tag?post=260697"}],"curies":[{"name":"wp","href":"https:\/\/api.w.org\/{rel}","templated":true}]}}