{"id":260828,"date":"2025-07-08T15:57:40","date_gmt":"2025-07-08T13:57:40","guid":{"rendered":"https:\/\/webdesi-gn.fr\/dev_deltalabo\/?post_type=product&#038;p=260828"},"modified":"2025-11-24T15:44:03","modified_gmt":"2025-11-24T14:44:03","slug":"petrodist-300-cc","status":"publish","type":"product","link":"https:\/\/webdesi-gn.fr\/dev_deltalabo\/produits\/cat-produit\/petrodist-300-cc\/","title":{"rendered":"Syst\u00e8me de distillation automatique Pilodist &#8211; PETRODIST\u00ae 300 CC"},"content":{"rendered":"","protected":false},"excerpt":{"rendered":"<p><strong>Syst\u00e8me de distillation automatique Pilodist &#8211; PETRODIST\u00ae 300 CC :\u00a0<\/strong><\/p>\n<p>Le syst\u00e8me de distillation automatique Pilodist &#8211; PETRODIST 300 CC est un syst\u00e8me de laboratoire enti\u00e8rement automatique contr\u00f4l\u00e9 par ordinateur et dot\u00e9 d&rsquo;un haut degr\u00e9 de technologie pour la distillation des produits p\u00e9troliers conform\u00e9ment \u00e0 la norme ASTM D1160.<\/p>\n<p>Caract\u00e9ristiques :<\/p>\n<ul>\n<li>Interface PILODIST IP65 \u00e0 \u00e9cran tactile 15,6&Prime;<\/li>\n<li>Syst\u00e8me de s\u00e9curit\u00e9 sophistiqu\u00e9 avec 2 circuits de s\u00e9curit\u00e9 ind\u00e9pendants pour le chauffage des flacons<\/li>\n<li>Les rapports et les courbes de distillation individuels peuvent \u00eatre rappel\u00e9s \u00e0 tout moment<\/li>\n<li>La distillation peut \u00eatre effectu\u00e9e \u00e0 diff\u00e9rents niveaux de pression<\/li>\n<li>Fonctionnement sans graisse pour \u00e9viter toute contamination avec le produit<\/li>\n<li>Disponibilit\u00e9 du bilan de masse<\/li>\n<li>Calcul de la charge en fonction de la temp\u00e9rature du r\u00e9cepteur et de la densit\u00e9 de charge<\/li>\n<li>Donn\u00e9es de distillation d\u00e9taill\u00e9es gr\u00e2ce \u00e0 un syst\u00e8me de mesure du volume pr\u00e9cis et auto-calibr\u00e9<\/li>\n<\/ul>\n<p><strong>T\u00e9l\u00e9charger la brochure produit :<\/strong> <a href=\"https:\/\/www.deltalabo.fr\/wp-content\/uploads\/2025\/07\/Doc-Petrodist-300cc-fra-DL.pdf\">PETRODIST\u00ae 300 CC<\/a><\/p>\n","protected":false},"featured_media":261917,"template":"","meta":{"_acf_changed":false,"site-sidebar-layout":"default","site-content-layout":"","ast-site-content-layout":"default","site-content-style":"default","site-sidebar-style":"default","ast-global-header-display":"","ast-banner-title-visibility":"","ast-main-header-display":"","ast-hfb-above-header-display":"","ast-hfb-below-header-display":"","ast-hfb-mobile-header-display":"","site-post-title":"","ast-breadcrumbs-content":"","ast-featured-img":"","footer-sml-layout":"","ast-disable-related-posts":"","theme-transparent-header-meta":"default","adv-header-id-meta":"","stick-header-meta":"","header-above-stick-meta":"","header-main-stick-meta":"","header-below-stick-meta":"","astra-migrate-meta-layouts":"set","ast-page-background-enabled":"default","ast-page-background-meta":{"desktop":{"background-color":"var(--ast-global-color-5)","background-image":"","background-repeat":"repeat","background-position":"center center","background-size":"auto","background-attachment":"scroll","background-type":"","background-media":"","overlay-type":"","overlay-color":"","overlay-opacity":"","overlay-gradient":""},"tablet":{"background-color":"","background-image":"","background-repeat":"repeat","background-position":"center center","background-size":"auto","background-attachment":"scroll","background-type":"","background-media":"","overlay-type":"","overlay-color":"","overlay-opacity":"","overlay-gradient":""},"mobile":{"background-color":"","background-image":"","background-repeat":"repeat","background-position":"center center","background-size":"auto","background-attachment":"scroll","background-type":"","background-media":"","overlay-type":"","overlay-color":"","overlay-opacity":"","overlay-gradient":""}},"ast-content-background-meta":{"desktop":{"background-color":"var(--ast-global-color-4)","background-image":"","background-repeat":"repeat","background-position":"center center","background-size":"auto","background-attachment":"scroll","background-type":"","background-media":"","overlay-type":"","overlay-color":"","overlay-opacity":"","overlay-gradient":""},"tablet":{"background-color":"var(--ast-global-color-4)","background-image":"","background-repeat":"repeat","background-position":"center center","background-size":"auto","background-attachment":"scroll","background-type":"","background-media":"","overlay-type":"","overlay-color":"","overlay-opacity":"","overlay-gradient":""},"mobile":{"background-color":"var(--ast-global-color-4)","background-image":"","background-repeat":"repeat","background-position":"center center","background-size":"auto","background-attachment":"scroll","background-type":"","background-media":"","overlay-type":"","overlay-color":"","overlay-opacity":"","overlay-gradient":""}}},"domaine":[],"normes":[3291,17135,478],"product_brand":[],"product_cat":[15],"product_tag":[],"class_list":{"0":"post-260828","1":"product","2":"type-product","3":"status-publish","4":"has-post-thumbnail","6":"normes-d1160","7":"normes-din-51562","8":"normes-normes-ip","9":"product_cat-cat-produit","10":"desktop-align-left","11":"tablet-align-left","12":"mobile-align-left","14":"first","15":"instock","16":"shipping-taxable","17":"product-type-simple"},"acf":[],"yoast_head":"<!-- This site is optimized with the Yoast SEO plugin v27.4 - https:\/\/yoast.com\/product\/yoast-seo-wordpress\/ -->\n<title>Syst\u00e8me de distillation automatique Pilodist - PETRODIST\u00ae 300 CC | DeltaLabo<\/title>\n<meta name=\"robots\" content=\"noindex, follow, max-snippet:-1, max-image-preview:large, max-video-preview:-1\" \/>\n<meta property=\"og:locale\" content=\"fr_FR\" \/>\n<meta property=\"og:type\" content=\"article\" \/>\n<meta property=\"og:title\" content=\"Syst\u00e8me de distillation automatique Pilodist - PETRODIST\u00ae 300 CC | DeltaLabo\" \/>\n<meta property=\"og:description\" content=\"Syst\u00e8me de distillation automatique Pilodist - PETRODIST\u00ae 300 CC :\u00a0  Le syst\u00e8me de distillation automatique Pilodist - PETRODIST 300 CC est un syst\u00e8me de laboratoire enti\u00e8rement automatique contr\u00f4l\u00e9 par ordinateur et dot\u00e9 d&#039;un haut degr\u00e9 de technologie pour la distillation des produits p\u00e9troliers conform\u00e9ment \u00e0 la norme ASTM D1160.  Caract\u00e9ristiques :   Interface PILODIST IP65 \u00e0 \u00e9cran tactile 15,6&quot;  Syst\u00e8me de s\u00e9curit\u00e9 sophistiqu\u00e9 avec 2 circuits de s\u00e9curit\u00e9 ind\u00e9pendants pour le chauffage des flacons  Les rapports et les courbes de distillation individuels peuvent \u00eatre rappel\u00e9s \u00e0 tout moment  La distillation peut \u00eatre effectu\u00e9e \u00e0 diff\u00e9rents niveaux de pression  Fonctionnement sans graisse pour \u00e9viter toute contamination avec le produit  Disponibilit\u00e9 du bilan de masse  Calcul de la charge en fonction de la temp\u00e9rature du r\u00e9cepteur et de la densit\u00e9 de charge  Donn\u00e9es de distillation d\u00e9taill\u00e9es gr\u00e2ce \u00e0 un syst\u00e8me de mesure du volume pr\u00e9cis et auto-calibr\u00e9  T\u00e9l\u00e9charger la brochure produit : PETRODIST\u00ae 300 CC\" \/>\n<meta property=\"og:url\" content=\"https:\/\/webdesi-gn.fr\/dev_deltalabo\/produits\/cat-produit\/petrodist-300-cc\/\" \/>\n<meta property=\"og:site_name\" content=\"DeltaLabo\" \/>\n<meta property=\"article:modified_time\" content=\"2025-11-24T14:44:03+00:00\" \/>\n<meta property=\"og:image\" content=\"https:\/\/webdesi-gn.fr\/dev_deltalabo\/wp-content\/uploads\/2025\/11\/PETRODIST-300-CC.jpg\" \/>\n\t<meta property=\"og:image:width\" content=\"1024\" \/>\n\t<meta property=\"og:image:height\" content=\"682\" \/>\n\t<meta property=\"og:image:type\" content=\"image\/jpeg\" \/>\n<meta name=\"twitter:card\" content=\"summary_large_image\" \/>\n<meta name=\"twitter:label1\" content=\"Dur\u00e9e de lecture estim\u00e9e\" \/>\n\t<meta name=\"twitter:data1\" content=\"1 minute\" \/>\n<script type=\"application\/ld+json\" class=\"yoast-schema-graph\">{\"@context\":\"https:\\\/\\\/schema.org\",\"@graph\":[{\"@type\":\"WebPage\",\"@id\":\"https:\\\/\\\/webdesi-gn.fr\\\/dev_deltalabo\\\/produits\\\/cat-produit\\\/petrodist-300-cc\\\/\",\"url\":\"https:\\\/\\\/webdesi-gn.fr\\\/dev_deltalabo\\\/produits\\\/cat-produit\\\/petrodist-300-cc\\\/\",\"name\":\"Syst\u00e8me de distillation automatique Pilodist - PETRODIST\u00ae 300 CC | DeltaLabo\",\"isPartOf\":{\"@id\":\"https:\\\/\\\/webdesi-gn.fr\\\/dev_deltalabo\\\/#website\"},\"primaryImageOfPage\":{\"@id\":\"https:\\\/\\\/webdesi-gn.fr\\\/dev_deltalabo\\\/produits\\\/cat-produit\\\/petrodist-300-cc\\\/#primaryimage\"},\"image\":{\"@id\":\"https:\\\/\\\/webdesi-gn.fr\\\/dev_deltalabo\\\/produits\\\/cat-produit\\\/petrodist-300-cc\\\/#primaryimage\"},\"thumbnailUrl\":\"https:\\\/\\\/webdesi-gn.fr\\\/dev_deltalabo\\\/wp-content\\\/uploads\\\/2025\\\/11\\\/PETRODIST-300-CC.jpg\",\"datePublished\":\"2025-07-08T13:57:40+00:00\",\"dateModified\":\"2025-11-24T14:44:03+00:00\",\"breadcrumb\":{\"@id\":\"https:\\\/\\\/webdesi-gn.fr\\\/dev_deltalabo\\\/produits\\\/cat-produit\\\/petrodist-300-cc\\\/#breadcrumb\"},\"inLanguage\":\"fr-FR\",\"potentialAction\":[{\"@type\":\"ReadAction\",\"target\":[\"https:\\\/\\\/webdesi-gn.fr\\\/dev_deltalabo\\\/produits\\\/cat-produit\\\/petrodist-300-cc\\\/\"]}]},{\"@type\":\"ImageObject\",\"inLanguage\":\"fr-FR\",\"@id\":\"https:\\\/\\\/webdesi-gn.fr\\\/dev_deltalabo\\\/produits\\\/cat-produit\\\/petrodist-300-cc\\\/#primaryimage\",\"url\":\"https:\\\/\\\/webdesi-gn.fr\\\/dev_deltalabo\\\/wp-content\\\/uploads\\\/2025\\\/11\\\/PETRODIST-300-CC.jpg\",\"contentUrl\":\"https:\\\/\\\/webdesi-gn.fr\\\/dev_deltalabo\\\/wp-content\\\/uploads\\\/2025\\\/11\\\/PETRODIST-300-CC.jpg\",\"width\":1024,\"height\":682},{\"@type\":\"BreadcrumbList\",\"@id\":\"https:\\\/\\\/webdesi-gn.fr\\\/dev_deltalabo\\\/produits\\\/cat-produit\\\/petrodist-300-cc\\\/#breadcrumb\",\"itemListElement\":[{\"@type\":\"ListItem\",\"position\":1,\"name\":\"Accueil\",\"item\":\"https:\\\/\\\/webdesi-gn.fr\\\/dev_deltalabo\\\/\"},{\"@type\":\"ListItem\",\"position\":2,\"name\":\"Produits\",\"item\":\"https:\\\/\\\/webdesi-gn.fr\\\/dev_deltalabo\\\/produits\\\/\"},{\"@type\":\"ListItem\",\"position\":3,\"name\":\"Syst\u00e8me de distillation automatique Pilodist &#8211; PETRODIST\u00ae 300 CC\"}]},{\"@type\":\"WebSite\",\"@id\":\"https:\\\/\\\/webdesi-gn.fr\\\/dev_deltalabo\\\/#website\",\"url\":\"https:\\\/\\\/webdesi-gn.fr\\\/dev_deltalabo\\\/\",\"name\":\"Delta Labo\",\"description\":\"Un site utilisant WordPress\",\"publisher\":{\"@id\":\"https:\\\/\\\/webdesi-gn.fr\\\/dev_deltalabo\\\/#organization\"},\"alternateName\":\"Delta Labo\",\"potentialAction\":[{\"@type\":\"SearchAction\",\"target\":{\"@type\":\"EntryPoint\",\"urlTemplate\":\"https:\\\/\\\/webdesi-gn.fr\\\/dev_deltalabo\\\/?s={search_term_string}\"},\"query-input\":{\"@type\":\"PropertyValueSpecification\",\"valueRequired\":true,\"valueName\":\"search_term_string\"}}],\"inLanguage\":\"fr-FR\"},{\"@type\":\"Organization\",\"@id\":\"https:\\\/\\\/webdesi-gn.fr\\\/dev_deltalabo\\\/#organization\",\"name\":\"DeltaLabo\",\"url\":\"https:\\\/\\\/webdesi-gn.fr\\\/dev_deltalabo\\\/\",\"logo\":{\"@type\":\"ImageObject\",\"inLanguage\":\"fr-FR\",\"@id\":\"https:\\\/\\\/webdesi-gn.fr\\\/dev_deltalabo\\\/#\\\/schema\\\/logo\\\/image\\\/\",\"url\":\"https:\\\/\\\/webdesi-gn.fr\\\/dev_deltalabo\\\/wp-content\\\/uploads\\\/2022\\\/07\\\/logo-deltalabo.png\",\"contentUrl\":\"https:\\\/\\\/webdesi-gn.fr\\\/dev_deltalabo\\\/wp-content\\\/uploads\\\/2022\\\/07\\\/logo-deltalabo.png\",\"width\":694,\"height\":306,\"caption\":\"DeltaLabo\"},\"image\":{\"@id\":\"https:\\\/\\\/webdesi-gn.fr\\\/dev_deltalabo\\\/#\\\/schema\\\/logo\\\/image\\\/\"}}]}<\/script>\n<!-- \/ Yoast SEO plugin. -->","yoast_head_json":{"title":"Syst\u00e8me de distillation automatique Pilodist - PETRODIST\u00ae 300 CC | DeltaLabo","robots":{"index":"noindex","follow":"follow","max-snippet":"max-snippet:-1","max-image-preview":"max-image-preview:large","max-video-preview":"max-video-preview:-1"},"og_locale":"fr_FR","og_type":"article","og_title":"Syst\u00e8me de distillation automatique Pilodist - PETRODIST\u00ae 300 CC | DeltaLabo","og_description":"Syst\u00e8me de distillation automatique Pilodist - PETRODIST\u00ae 300 CC :\u00a0  Le syst\u00e8me de distillation automatique Pilodist - PETRODIST 300 CC est un syst\u00e8me de laboratoire enti\u00e8rement automatique contr\u00f4l\u00e9 par ordinateur et dot\u00e9 d'un haut degr\u00e9 de technologie pour la distillation des produits p\u00e9troliers conform\u00e9ment \u00e0 la norme ASTM D1160.  Caract\u00e9ristiques :   Interface PILODIST IP65 \u00e0 \u00e9cran tactile 15,6\"  Syst\u00e8me de s\u00e9curit\u00e9 sophistiqu\u00e9 avec 2 circuits de s\u00e9curit\u00e9 ind\u00e9pendants pour le chauffage des flacons  Les rapports et les courbes de distillation individuels peuvent \u00eatre rappel\u00e9s \u00e0 tout moment  La distillation peut \u00eatre effectu\u00e9e \u00e0 diff\u00e9rents niveaux de pression  Fonctionnement sans graisse pour \u00e9viter toute contamination avec le produit  Disponibilit\u00e9 du bilan de masse  Calcul de la charge en fonction de la temp\u00e9rature du r\u00e9cepteur et de la densit\u00e9 de charge  Donn\u00e9es de distillation d\u00e9taill\u00e9es gr\u00e2ce \u00e0 un syst\u00e8me de mesure du volume pr\u00e9cis et auto-calibr\u00e9  T\u00e9l\u00e9charger la brochure produit : PETRODIST\u00ae 300 CC","og_url":"https:\/\/webdesi-gn.fr\/dev_deltalabo\/produits\/cat-produit\/petrodist-300-cc\/","og_site_name":"DeltaLabo","article_modified_time":"2025-11-24T14:44:03+00:00","og_image":[{"width":1024,"height":682,"url":"https:\/\/webdesi-gn.fr\/dev_deltalabo\/wp-content\/uploads\/2025\/11\/PETRODIST-300-CC.jpg","type":"image\/jpeg"}],"twitter_card":"summary_large_image","twitter_misc":{"Dur\u00e9e de lecture estim\u00e9e":"1 minute"},"schema":{"@context":"https:\/\/schema.org","@graph":[{"@type":"WebPage","@id":"https:\/\/webdesi-gn.fr\/dev_deltalabo\/produits\/cat-produit\/petrodist-300-cc\/","url":"https:\/\/webdesi-gn.fr\/dev_deltalabo\/produits\/cat-produit\/petrodist-300-cc\/","name":"Syst\u00e8me de distillation automatique Pilodist - PETRODIST\u00ae 300 CC | DeltaLabo","isPartOf":{"@id":"https:\/\/webdesi-gn.fr\/dev_deltalabo\/#website"},"primaryImageOfPage":{"@id":"https:\/\/webdesi-gn.fr\/dev_deltalabo\/produits\/cat-produit\/petrodist-300-cc\/#primaryimage"},"image":{"@id":"https:\/\/webdesi-gn.fr\/dev_deltalabo\/produits\/cat-produit\/petrodist-300-cc\/#primaryimage"},"thumbnailUrl":"https:\/\/webdesi-gn.fr\/dev_deltalabo\/wp-content\/uploads\/2025\/11\/PETRODIST-300-CC.jpg","datePublished":"2025-07-08T13:57:40+00:00","dateModified":"2025-11-24T14:44:03+00:00","breadcrumb":{"@id":"https:\/\/webdesi-gn.fr\/dev_deltalabo\/produits\/cat-produit\/petrodist-300-cc\/#breadcrumb"},"inLanguage":"fr-FR","potentialAction":[{"@type":"ReadAction","target":["https:\/\/webdesi-gn.fr\/dev_deltalabo\/produits\/cat-produit\/petrodist-300-cc\/"]}]},{"@type":"ImageObject","inLanguage":"fr-FR","@id":"https:\/\/webdesi-gn.fr\/dev_deltalabo\/produits\/cat-produit\/petrodist-300-cc\/#primaryimage","url":"https:\/\/webdesi-gn.fr\/dev_deltalabo\/wp-content\/uploads\/2025\/11\/PETRODIST-300-CC.jpg","contentUrl":"https:\/\/webdesi-gn.fr\/dev_deltalabo\/wp-content\/uploads\/2025\/11\/PETRODIST-300-CC.jpg","width":1024,"height":682},{"@type":"BreadcrumbList","@id":"https:\/\/webdesi-gn.fr\/dev_deltalabo\/produits\/cat-produit\/petrodist-300-cc\/#breadcrumb","itemListElement":[{"@type":"ListItem","position":1,"name":"Accueil","item":"https:\/\/webdesi-gn.fr\/dev_deltalabo\/"},{"@type":"ListItem","position":2,"name":"Produits","item":"https:\/\/webdesi-gn.fr\/dev_deltalabo\/produits\/"},{"@type":"ListItem","position":3,"name":"Syst\u00e8me de distillation automatique Pilodist &#8211; PETRODIST\u00ae 300 CC"}]},{"@type":"WebSite","@id":"https:\/\/webdesi-gn.fr\/dev_deltalabo\/#website","url":"https:\/\/webdesi-gn.fr\/dev_deltalabo\/","name":"Delta Labo","description":"Un site utilisant WordPress","publisher":{"@id":"https:\/\/webdesi-gn.fr\/dev_deltalabo\/#organization"},"alternateName":"Delta Labo","potentialAction":[{"@type":"SearchAction","target":{"@type":"EntryPoint","urlTemplate":"https:\/\/webdesi-gn.fr\/dev_deltalabo\/?s={search_term_string}"},"query-input":{"@type":"PropertyValueSpecification","valueRequired":true,"valueName":"search_term_string"}}],"inLanguage":"fr-FR"},{"@type":"Organization","@id":"https:\/\/webdesi-gn.fr\/dev_deltalabo\/#organization","name":"DeltaLabo","url":"https:\/\/webdesi-gn.fr\/dev_deltalabo\/","logo":{"@type":"ImageObject","inLanguage":"fr-FR","@id":"https:\/\/webdesi-gn.fr\/dev_deltalabo\/#\/schema\/logo\/image\/","url":"https:\/\/webdesi-gn.fr\/dev_deltalabo\/wp-content\/uploads\/2022\/07\/logo-deltalabo.png","contentUrl":"https:\/\/webdesi-gn.fr\/dev_deltalabo\/wp-content\/uploads\/2022\/07\/logo-deltalabo.png","width":694,"height":306,"caption":"DeltaLabo"},"image":{"@id":"https:\/\/webdesi-gn.fr\/dev_deltalabo\/#\/schema\/logo\/image\/"}}]}},"_links":{"self":[{"href":"https:\/\/webdesi-gn.fr\/dev_deltalabo\/wp-json\/wp\/v2\/product\/260828","targetHints":{"allow":["GET"]}}],"collection":[{"href":"https:\/\/webdesi-gn.fr\/dev_deltalabo\/wp-json\/wp\/v2\/product"}],"about":[{"href":"https:\/\/webdesi-gn.fr\/dev_deltalabo\/wp-json\/wp\/v2\/types\/product"}],"wp:featuredmedia":[{"embeddable":true,"href":"https:\/\/webdesi-gn.fr\/dev_deltalabo\/wp-json\/wp\/v2\/media\/261917"}],"wp:attachment":[{"href":"https:\/\/webdesi-gn.fr\/dev_deltalabo\/wp-json\/wp\/v2\/media?parent=260828"}],"wp:term":[{"taxonomy":"domaine","embeddable":true,"href":"https:\/\/webdesi-gn.fr\/dev_deltalabo\/wp-json\/wp\/v2\/domaine?post=260828"},{"taxonomy":"normes","embeddable":true,"href":"https:\/\/webdesi-gn.fr\/dev_deltalabo\/wp-json\/wp\/v2\/normes?post=260828"},{"taxonomy":"product_brand","embeddable":true,"href":"https:\/\/webdesi-gn.fr\/dev_deltalabo\/wp-json\/wp\/v2\/product_brand?post=260828"},{"taxonomy":"product_cat","embeddable":true,"href":"https:\/\/webdesi-gn.fr\/dev_deltalabo\/wp-json\/wp\/v2\/product_cat?post=260828"},{"taxonomy":"product_tag","embeddable":true,"href":"https:\/\/webdesi-gn.fr\/dev_deltalabo\/wp-json\/wp\/v2\/product_tag?post=260828"}],"curies":[{"name":"wp","href":"https:\/\/api.w.org\/{rel}","templated":true}]}}