{"id":260909,"date":"2025-07-16T09:12:04","date_gmt":"2025-07-16T07:12:04","guid":{"rendered":"https:\/\/webdesi-gn.fr\/dev_deltalabo\/?post_type=product&#038;p=260909"},"modified":"2026-04-02T15:24:18","modified_gmt":"2026-04-02T13:24:18","slug":"rheometre-vibratoire-a-diapason-ad-rv-10000a","status":"publish","type":"product","link":"https:\/\/webdesi-gn.fr\/dev_deltalabo\/produits\/cosmetique-huile-essentielle\/viscosimetre-cosmetique-huile-essentielle\/rheometre-vibratoire-a-diapason-ad-rv-10000a\/","title":{"rendered":"Rh\u00e9om\u00e8tre vibratoire \u00e0 diapason A&#038;D &#8211; RV-10000A"},"content":{"rendered":"","protected":false},"excerpt":{"rendered":"<p><strong>Rh\u00e9om\u00e8tre vibratoire \u00e0 diapason A&amp;D &#8211; RV-10000A :<\/strong><\/p>\n<p>Le rh\u00e9om\u00e8tre vibratoire \u00e0 diapason RV-10000A de chez A&amp;D permet d&rsquo;\u00e9tudier les caract\u00e9ristiques rh\u00e9ologique d&rsquo;un fluide avec pr\u00e9cision pour des indices de viscosit\u00e9 faibles.<\/p>\n<p>Deux fines plaques de d\u00e9tection dispos\u00e9es en diapason sont entra\u00een\u00e9es par la force \u00e9lectromagn\u00e9tique pour vibrer \u00e0 leur fr\u00e9quence naturelle (r\u00e9sonnante) de 30 Hz dans l&rsquo;\u00e9chantillon. La viscosit\u00e9 est ensuite calcul\u00e9e d\u2019apr\u00e8s la relation proportionnelle entre la r\u00e9sistance visqueuse du fluide \u00e9chantillon et la quantit\u00e9 de courant \u00e9lectrique n\u00e9cessaire \u00e0 la mise en mouvement et au maintien des lamelles du capteur \u00e0 une amplitude de vibration constante.<\/p>\n<p>L\u2019amplitude de d\u00e9placement de la lamelle de capteur du RV-10000A peut \u00eatre modifi\u00e9e entre les valeurs minimale de 0,07 mm et maximale de 1,2 mm, tandis que la fr\u00e9quence est maintenue \u00e0 30 Hz, ce qui entra\u00eene une variation du taux de cisaillement.<\/p>\n<p>Un capteur de temp\u00e9rature permet de suivre l&rsquo;\u00e9volution de la temp\u00e9rature de l&rsquo;\u00e9chantillon entre 0\u00b0C \u00e0 160\u00b0C.<\/p>\n<p>&nbsp;<\/p>\n","protected":false},"featured_media":263039,"template":"","meta":{"_acf_changed":false,"site-sidebar-layout":"default","site-content-layout":"","ast-site-content-layout":"default","site-content-style":"default","site-sidebar-style":"default","ast-global-header-display":"","ast-banner-title-visibility":"","ast-main-header-display":"","ast-hfb-above-header-display":"","ast-hfb-below-header-display":"","ast-hfb-mobile-header-display":"","site-post-title":"","ast-breadcrumbs-content":"","ast-featured-img":"","footer-sml-layout":"","ast-disable-related-posts":"","theme-transparent-header-meta":"default","adv-header-id-meta":"","stick-header-meta":"","header-above-stick-meta":"","header-main-stick-meta":"","header-below-stick-meta":"","astra-migrate-meta-layouts":"set","ast-page-background-enabled":"default","ast-page-background-meta":{"desktop":{"background-color":"var(--ast-global-color-5)","background-image":"","background-repeat":"repeat","background-position":"center center","background-size":"auto","background-attachment":"scroll","background-type":"","background-media":"","overlay-type":"","overlay-color":"","overlay-opacity":"","overlay-gradient":""},"tablet":{"background-color":"","background-image":"","background-repeat":"repeat","background-position":"center center","background-size":"auto","background-attachment":"scroll","background-type":"","background-media":"","overlay-type":"","overlay-color":"","overlay-opacity":"","overlay-gradient":""},"mobile":{"background-color":"","background-image":"","background-repeat":"repeat","background-position":"center center","background-size":"auto","background-attachment":"scroll","background-type":"","background-media":"","overlay-type":"","overlay-color":"","overlay-opacity":"","overlay-gradient":""}},"ast-content-background-meta":{"desktop":{"background-color":"var(--ast-global-color-4)","background-image":"","background-repeat":"repeat","background-position":"center center","background-size":"auto","background-attachment":"scroll","background-type":"","background-media":"","overlay-type":"","overlay-color":"","overlay-opacity":"","overlay-gradient":""},"tablet":{"background-color":"var(--ast-global-color-4)","background-image":"","background-repeat":"repeat","background-position":"center center","background-size":"auto","background-attachment":"scroll","background-type":"","background-media":"","overlay-type":"","overlay-color":"","overlay-opacity":"","overlay-gradient":""},"mobile":{"background-color":"var(--ast-global-color-4)","background-image":"","background-repeat":"repeat","background-position":"center center","background-size":"auto","background-attachment":"scroll","background-type":"","background-media":"","overlay-type":"","overlay-color":"","overlay-opacity":"","overlay-gradient":""}}},"domaine":[],"normes":[],"product_brand":[],"product_cat":[17191,17197,17198,17222,17930],"product_tag":[],"class_list":{"0":"post-260909","1":"product","2":"type-product","3":"status-publish","4":"has-post-thumbnail","6":"product_cat-bitumes","7":"product_cat-graisses","8":"product_cat-lubrifiants-huiles","9":"product_cat-viscosimetre","10":"product_cat-viscosimetre-cosmetique-huile-essentielle","11":"desktop-align-left","12":"tablet-align-left","13":"mobile-align-left","15":"first","16":"instock","17":"shipping-taxable","18":"product-type-simple"},"acf":[],"yoast_head":"<!-- This site is optimized with the Yoast SEO plugin v27.4 - https:\/\/yoast.com\/product\/yoast-seo-wordpress\/ -->\n<title>Rh\u00e9om\u00e8tre vibratoire \u00e0 diapason A&amp;D - RV-10000A | DeltaLabo<\/title>\n<meta name=\"description\" content=\"Le rh\u00e9om\u00e8tre vibratoire \u00e0 diapason RV-10000A permet d\u2019\u00e9tudier les caract\u00e9ristiques rh\u00e9ologique d\u2019un fluide avec pr\u00e9cision pour des indices de viscosit\u00e9 faibles. Devis gratuit en 24h avec DELTA LABO.\" \/>\n<meta name=\"robots\" content=\"noindex, follow, max-snippet:-1, max-image-preview:large, max-video-preview:-1\" \/>\n<meta property=\"og:locale\" content=\"fr_FR\" \/>\n<meta property=\"og:type\" content=\"article\" \/>\n<meta property=\"og:title\" content=\"Rh\u00e9om\u00e8tre vibratoire \u00e0 diapason A&amp;D - RV-10000A | DeltaLabo\" \/>\n<meta property=\"og:description\" content=\"Le rh\u00e9om\u00e8tre vibratoire \u00e0 diapason RV-10000A permet d\u2019\u00e9tudier les caract\u00e9ristiques rh\u00e9ologique d\u2019un fluide avec pr\u00e9cision pour des indices de viscosit\u00e9 faibles. Devis gratuit en 24h avec DELTA LABO.\" \/>\n<meta property=\"og:url\" content=\"https:\/\/webdesi-gn.fr\/dev_deltalabo\/produits\/cosmetique-huile-essentielle\/viscosimetre-cosmetique-huile-essentielle\/rheometre-vibratoire-a-diapason-ad-rv-10000a\/\" \/>\n<meta property=\"og:site_name\" content=\"DeltaLabo\" \/>\n<meta property=\"article:modified_time\" content=\"2026-04-02T13:24:18+00:00\" \/>\n<meta property=\"og:image\" content=\"https:\/\/webdesi-gn.fr\/dev_deltalabo\/wp-content\/uploads\/2025\/07\/rheometre-RV-10000A-1.webp\" \/>\n\t<meta property=\"og:image:width\" content=\"800\" \/>\n\t<meta property=\"og:image:height\" content=\"800\" \/>\n\t<meta property=\"og:image:type\" content=\"image\/webp\" \/>\n<meta name=\"twitter:card\" content=\"summary_large_image\" \/>\n<meta name=\"twitter:label1\" content=\"Dur\u00e9e de lecture estim\u00e9e\" \/>\n\t<meta name=\"twitter:data1\" content=\"1 minute\" \/>\n<script type=\"application\/ld+json\" class=\"yoast-schema-graph\">{\"@context\":\"https:\\\/\\\/schema.org\",\"@graph\":[{\"@type\":\"WebPage\",\"@id\":\"https:\\\/\\\/webdesi-gn.fr\\\/dev_deltalabo\\\/produits\\\/cosmetique-huile-essentielle\\\/viscosimetre-cosmetique-huile-essentielle\\\/rheometre-vibratoire-a-diapason-ad-rv-10000a\\\/\",\"url\":\"https:\\\/\\\/webdesi-gn.fr\\\/dev_deltalabo\\\/produits\\\/cosmetique-huile-essentielle\\\/viscosimetre-cosmetique-huile-essentielle\\\/rheometre-vibratoire-a-diapason-ad-rv-10000a\\\/\",\"name\":\"Rh\u00e9om\u00e8tre vibratoire \u00e0 diapason A&D - RV-10000A | DeltaLabo\",\"isPartOf\":{\"@id\":\"https:\\\/\\\/webdesi-gn.fr\\\/dev_deltalabo\\\/#website\"},\"primaryImageOfPage\":{\"@id\":\"https:\\\/\\\/webdesi-gn.fr\\\/dev_deltalabo\\\/produits\\\/cosmetique-huile-essentielle\\\/viscosimetre-cosmetique-huile-essentielle\\\/rheometre-vibratoire-a-diapason-ad-rv-10000a\\\/#primaryimage\"},\"image\":{\"@id\":\"https:\\\/\\\/webdesi-gn.fr\\\/dev_deltalabo\\\/produits\\\/cosmetique-huile-essentielle\\\/viscosimetre-cosmetique-huile-essentielle\\\/rheometre-vibratoire-a-diapason-ad-rv-10000a\\\/#primaryimage\"},\"thumbnailUrl\":\"https:\\\/\\\/webdesi-gn.fr\\\/dev_deltalabo\\\/wp-content\\\/uploads\\\/2025\\\/07\\\/rheometre-RV-10000A-1.webp\",\"datePublished\":\"2025-07-16T07:12:04+00:00\",\"dateModified\":\"2026-04-02T13:24:18+00:00\",\"description\":\"Le rh\u00e9om\u00e8tre vibratoire \u00e0 diapason RV-10000A permet d\u2019\u00e9tudier les caract\u00e9ristiques rh\u00e9ologique d\u2019un fluide avec pr\u00e9cision pour des indices de viscosit\u00e9 faibles. Devis gratuit en 24h avec DELTA LABO.\",\"breadcrumb\":{\"@id\":\"https:\\\/\\\/webdesi-gn.fr\\\/dev_deltalabo\\\/produits\\\/cosmetique-huile-essentielle\\\/viscosimetre-cosmetique-huile-essentielle\\\/rheometre-vibratoire-a-diapason-ad-rv-10000a\\\/#breadcrumb\"},\"inLanguage\":\"fr-FR\",\"potentialAction\":[{\"@type\":\"ReadAction\",\"target\":[\"https:\\\/\\\/webdesi-gn.fr\\\/dev_deltalabo\\\/produits\\\/cosmetique-huile-essentielle\\\/viscosimetre-cosmetique-huile-essentielle\\\/rheometre-vibratoire-a-diapason-ad-rv-10000a\\\/\"]}]},{\"@type\":\"ImageObject\",\"inLanguage\":\"fr-FR\",\"@id\":\"https:\\\/\\\/webdesi-gn.fr\\\/dev_deltalabo\\\/produits\\\/cosmetique-huile-essentielle\\\/viscosimetre-cosmetique-huile-essentielle\\\/rheometre-vibratoire-a-diapason-ad-rv-10000a\\\/#primaryimage\",\"url\":\"https:\\\/\\\/webdesi-gn.fr\\\/dev_deltalabo\\\/wp-content\\\/uploads\\\/2025\\\/07\\\/rheometre-RV-10000A-1.webp\",\"contentUrl\":\"https:\\\/\\\/webdesi-gn.fr\\\/dev_deltalabo\\\/wp-content\\\/uploads\\\/2025\\\/07\\\/rheometre-RV-10000A-1.webp\",\"width\":800,\"height\":800},{\"@type\":\"BreadcrumbList\",\"@id\":\"https:\\\/\\\/webdesi-gn.fr\\\/dev_deltalabo\\\/produits\\\/cosmetique-huile-essentielle\\\/viscosimetre-cosmetique-huile-essentielle\\\/rheometre-vibratoire-a-diapason-ad-rv-10000a\\\/#breadcrumb\",\"itemListElement\":[{\"@type\":\"ListItem\",\"position\":1,\"name\":\"Accueil\",\"item\":\"https:\\\/\\\/webdesi-gn.fr\\\/dev_deltalabo\\\/\"},{\"@type\":\"ListItem\",\"position\":2,\"name\":\"Produits\",\"item\":\"https:\\\/\\\/webdesi-gn.fr\\\/dev_deltalabo\\\/produits\\\/\"},{\"@type\":\"ListItem\",\"position\":3,\"name\":\"Rh\u00e9om\u00e8tre vibratoire \u00e0 diapason A&#038;D &#8211; RV-10000A\"}]},{\"@type\":\"WebSite\",\"@id\":\"https:\\\/\\\/webdesi-gn.fr\\\/dev_deltalabo\\\/#website\",\"url\":\"https:\\\/\\\/webdesi-gn.fr\\\/dev_deltalabo\\\/\",\"name\":\"Delta Labo\",\"description\":\"Un site utilisant WordPress\",\"publisher\":{\"@id\":\"https:\\\/\\\/webdesi-gn.fr\\\/dev_deltalabo\\\/#organization\"},\"alternateName\":\"Delta Labo\",\"potentialAction\":[{\"@type\":\"SearchAction\",\"target\":{\"@type\":\"EntryPoint\",\"urlTemplate\":\"https:\\\/\\\/webdesi-gn.fr\\\/dev_deltalabo\\\/?s={search_term_string}\"},\"query-input\":{\"@type\":\"PropertyValueSpecification\",\"valueRequired\":true,\"valueName\":\"search_term_string\"}}],\"inLanguage\":\"fr-FR\"},{\"@type\":\"Organization\",\"@id\":\"https:\\\/\\\/webdesi-gn.fr\\\/dev_deltalabo\\\/#organization\",\"name\":\"DeltaLabo\",\"url\":\"https:\\\/\\\/webdesi-gn.fr\\\/dev_deltalabo\\\/\",\"logo\":{\"@type\":\"ImageObject\",\"inLanguage\":\"fr-FR\",\"@id\":\"https:\\\/\\\/webdesi-gn.fr\\\/dev_deltalabo\\\/#\\\/schema\\\/logo\\\/image\\\/\",\"url\":\"https:\\\/\\\/webdesi-gn.fr\\\/dev_deltalabo\\\/wp-content\\\/uploads\\\/2022\\\/07\\\/logo-deltalabo.png\",\"contentUrl\":\"https:\\\/\\\/webdesi-gn.fr\\\/dev_deltalabo\\\/wp-content\\\/uploads\\\/2022\\\/07\\\/logo-deltalabo.png\",\"width\":694,\"height\":306,\"caption\":\"DeltaLabo\"},\"image\":{\"@id\":\"https:\\\/\\\/webdesi-gn.fr\\\/dev_deltalabo\\\/#\\\/schema\\\/logo\\\/image\\\/\"}}]}<\/script>\n<!-- \/ Yoast SEO plugin. -->","yoast_head_json":{"title":"Rh\u00e9om\u00e8tre vibratoire \u00e0 diapason A&D - RV-10000A | DeltaLabo","description":"Le rh\u00e9om\u00e8tre vibratoire \u00e0 diapason RV-10000A permet d\u2019\u00e9tudier les caract\u00e9ristiques rh\u00e9ologique d\u2019un fluide avec pr\u00e9cision pour des indices de viscosit\u00e9 faibles. Devis gratuit en 24h avec DELTA LABO.","robots":{"index":"noindex","follow":"follow","max-snippet":"max-snippet:-1","max-image-preview":"max-image-preview:large","max-video-preview":"max-video-preview:-1"},"og_locale":"fr_FR","og_type":"article","og_title":"Rh\u00e9om\u00e8tre vibratoire \u00e0 diapason A&D - RV-10000A | DeltaLabo","og_description":"Le rh\u00e9om\u00e8tre vibratoire \u00e0 diapason RV-10000A permet d\u2019\u00e9tudier les caract\u00e9ristiques rh\u00e9ologique d\u2019un fluide avec pr\u00e9cision pour des indices de viscosit\u00e9 faibles. Devis gratuit en 24h avec DELTA LABO.","og_url":"https:\/\/webdesi-gn.fr\/dev_deltalabo\/produits\/cosmetique-huile-essentielle\/viscosimetre-cosmetique-huile-essentielle\/rheometre-vibratoire-a-diapason-ad-rv-10000a\/","og_site_name":"DeltaLabo","article_modified_time":"2026-04-02T13:24:18+00:00","og_image":[{"width":800,"height":800,"url":"https:\/\/webdesi-gn.fr\/dev_deltalabo\/wp-content\/uploads\/2025\/07\/rheometre-RV-10000A-1.webp","type":"image\/webp"}],"twitter_card":"summary_large_image","twitter_misc":{"Dur\u00e9e de lecture estim\u00e9e":"1 minute"},"schema":{"@context":"https:\/\/schema.org","@graph":[{"@type":"WebPage","@id":"https:\/\/webdesi-gn.fr\/dev_deltalabo\/produits\/cosmetique-huile-essentielle\/viscosimetre-cosmetique-huile-essentielle\/rheometre-vibratoire-a-diapason-ad-rv-10000a\/","url":"https:\/\/webdesi-gn.fr\/dev_deltalabo\/produits\/cosmetique-huile-essentielle\/viscosimetre-cosmetique-huile-essentielle\/rheometre-vibratoire-a-diapason-ad-rv-10000a\/","name":"Rh\u00e9om\u00e8tre vibratoire \u00e0 diapason A&D - RV-10000A | DeltaLabo","isPartOf":{"@id":"https:\/\/webdesi-gn.fr\/dev_deltalabo\/#website"},"primaryImageOfPage":{"@id":"https:\/\/webdesi-gn.fr\/dev_deltalabo\/produits\/cosmetique-huile-essentielle\/viscosimetre-cosmetique-huile-essentielle\/rheometre-vibratoire-a-diapason-ad-rv-10000a\/#primaryimage"},"image":{"@id":"https:\/\/webdesi-gn.fr\/dev_deltalabo\/produits\/cosmetique-huile-essentielle\/viscosimetre-cosmetique-huile-essentielle\/rheometre-vibratoire-a-diapason-ad-rv-10000a\/#primaryimage"},"thumbnailUrl":"https:\/\/webdesi-gn.fr\/dev_deltalabo\/wp-content\/uploads\/2025\/07\/rheometre-RV-10000A-1.webp","datePublished":"2025-07-16T07:12:04+00:00","dateModified":"2026-04-02T13:24:18+00:00","description":"Le rh\u00e9om\u00e8tre vibratoire \u00e0 diapason RV-10000A permet d\u2019\u00e9tudier les caract\u00e9ristiques rh\u00e9ologique d\u2019un fluide avec pr\u00e9cision pour des indices de viscosit\u00e9 faibles. Devis gratuit en 24h avec DELTA LABO.","breadcrumb":{"@id":"https:\/\/webdesi-gn.fr\/dev_deltalabo\/produits\/cosmetique-huile-essentielle\/viscosimetre-cosmetique-huile-essentielle\/rheometre-vibratoire-a-diapason-ad-rv-10000a\/#breadcrumb"},"inLanguage":"fr-FR","potentialAction":[{"@type":"ReadAction","target":["https:\/\/webdesi-gn.fr\/dev_deltalabo\/produits\/cosmetique-huile-essentielle\/viscosimetre-cosmetique-huile-essentielle\/rheometre-vibratoire-a-diapason-ad-rv-10000a\/"]}]},{"@type":"ImageObject","inLanguage":"fr-FR","@id":"https:\/\/webdesi-gn.fr\/dev_deltalabo\/produits\/cosmetique-huile-essentielle\/viscosimetre-cosmetique-huile-essentielle\/rheometre-vibratoire-a-diapason-ad-rv-10000a\/#primaryimage","url":"https:\/\/webdesi-gn.fr\/dev_deltalabo\/wp-content\/uploads\/2025\/07\/rheometre-RV-10000A-1.webp","contentUrl":"https:\/\/webdesi-gn.fr\/dev_deltalabo\/wp-content\/uploads\/2025\/07\/rheometre-RV-10000A-1.webp","width":800,"height":800},{"@type":"BreadcrumbList","@id":"https:\/\/webdesi-gn.fr\/dev_deltalabo\/produits\/cosmetique-huile-essentielle\/viscosimetre-cosmetique-huile-essentielle\/rheometre-vibratoire-a-diapason-ad-rv-10000a\/#breadcrumb","itemListElement":[{"@type":"ListItem","position":1,"name":"Accueil","item":"https:\/\/webdesi-gn.fr\/dev_deltalabo\/"},{"@type":"ListItem","position":2,"name":"Produits","item":"https:\/\/webdesi-gn.fr\/dev_deltalabo\/produits\/"},{"@type":"ListItem","position":3,"name":"Rh\u00e9om\u00e8tre vibratoire \u00e0 diapason A&#038;D &#8211; RV-10000A"}]},{"@type":"WebSite","@id":"https:\/\/webdesi-gn.fr\/dev_deltalabo\/#website","url":"https:\/\/webdesi-gn.fr\/dev_deltalabo\/","name":"Delta Labo","description":"Un site utilisant WordPress","publisher":{"@id":"https:\/\/webdesi-gn.fr\/dev_deltalabo\/#organization"},"alternateName":"Delta Labo","potentialAction":[{"@type":"SearchAction","target":{"@type":"EntryPoint","urlTemplate":"https:\/\/webdesi-gn.fr\/dev_deltalabo\/?s={search_term_string}"},"query-input":{"@type":"PropertyValueSpecification","valueRequired":true,"valueName":"search_term_string"}}],"inLanguage":"fr-FR"},{"@type":"Organization","@id":"https:\/\/webdesi-gn.fr\/dev_deltalabo\/#organization","name":"DeltaLabo","url":"https:\/\/webdesi-gn.fr\/dev_deltalabo\/","logo":{"@type":"ImageObject","inLanguage":"fr-FR","@id":"https:\/\/webdesi-gn.fr\/dev_deltalabo\/#\/schema\/logo\/image\/","url":"https:\/\/webdesi-gn.fr\/dev_deltalabo\/wp-content\/uploads\/2022\/07\/logo-deltalabo.png","contentUrl":"https:\/\/webdesi-gn.fr\/dev_deltalabo\/wp-content\/uploads\/2022\/07\/logo-deltalabo.png","width":694,"height":306,"caption":"DeltaLabo"},"image":{"@id":"https:\/\/webdesi-gn.fr\/dev_deltalabo\/#\/schema\/logo\/image\/"}}]}},"_links":{"self":[{"href":"https:\/\/webdesi-gn.fr\/dev_deltalabo\/wp-json\/wp\/v2\/product\/260909","targetHints":{"allow":["GET"]}}],"collection":[{"href":"https:\/\/webdesi-gn.fr\/dev_deltalabo\/wp-json\/wp\/v2\/product"}],"about":[{"href":"https:\/\/webdesi-gn.fr\/dev_deltalabo\/wp-json\/wp\/v2\/types\/product"}],"wp:featuredmedia":[{"embeddable":true,"href":"https:\/\/webdesi-gn.fr\/dev_deltalabo\/wp-json\/wp\/v2\/media\/263039"}],"wp:attachment":[{"href":"https:\/\/webdesi-gn.fr\/dev_deltalabo\/wp-json\/wp\/v2\/media?parent=260909"}],"wp:term":[{"taxonomy":"domaine","embeddable":true,"href":"https:\/\/webdesi-gn.fr\/dev_deltalabo\/wp-json\/wp\/v2\/domaine?post=260909"},{"taxonomy":"normes","embeddable":true,"href":"https:\/\/webdesi-gn.fr\/dev_deltalabo\/wp-json\/wp\/v2\/normes?post=260909"},{"taxonomy":"product_brand","embeddable":true,"href":"https:\/\/webdesi-gn.fr\/dev_deltalabo\/wp-json\/wp\/v2\/product_brand?post=260909"},{"taxonomy":"product_cat","embeddable":true,"href":"https:\/\/webdesi-gn.fr\/dev_deltalabo\/wp-json\/wp\/v2\/product_cat?post=260909"},{"taxonomy":"product_tag","embeddable":true,"href":"https:\/\/webdesi-gn.fr\/dev_deltalabo\/wp-json\/wp\/v2\/product_tag?post=260909"}],"curies":[{"name":"wp","href":"https:\/\/api.w.org\/{rel}","templated":true}]}}