{"id":260921,"date":"2025-07-16T09:39:13","date_gmt":"2025-07-16T07:39:13","guid":{"rendered":"https:\/\/webdesi-gn.fr\/dev_deltalabo\/?post_type=product&#038;p=260921"},"modified":"2026-04-07T14:42:38","modified_gmt":"2026-04-07T12:42:38","slug":"table-anti-vibration-pour-viscosimetres-et-rheometres-ad-1671","status":"publish","type":"product","link":"https:\/\/webdesi-gn.fr\/dev_deltalabo\/produits\/equipements-communs\/balances\/table-anti-vibration-pour-viscosimetres-et-rheometres-ad-1671\/","title":{"rendered":"Table anti-vibration pour viscosim\u00e8tres \/ rh\u00e9om\u00e8tres A&#038;D &#8211; AD-1671"},"content":{"rendered":"","protected":false},"excerpt":{"rendered":"<p><strong>Table anti-vibration pour viscosim\u00e8tres \/ rh\u00e9om\u00e8tres A&amp;D &#8211; AD-1671 :<\/strong><\/p>\n<p>La table anti-vibration pour viscosim\u00e8tres \/ rh\u00e9om\u00e8tres est fortement recommand\u00e9e pour les viscosim\u00e8tres \u00e0 lames vibrantes et les balances analytiques.<\/p>\n<p>Elle permet d&rsquo;i<span style=\"font-size: 16px;\">soler une balance analytique de pr\u00e9cision des vibrations qui sont imperceptibles par l&rsquo;homme mais qui affectent s\u00e9rieusement la stabilit\u00e9 de la pes\u00e9e<\/span><\/p>\n<p>Caract\u00e9ristiques :<\/p>\n<ul>\n<li>Capacit\u00e9 de charge maximale : environ 40 kg<\/li>\n<li>Mat\u00e9riau : granit naturel<\/li>\n<li>Dimensions : 460(L) \u00d7 400(P) \u00d7 71(H)mm<\/li>\n<li>Poids : environ 27 kg<\/li>\n<\/ul>\n","protected":false},"featured_media":263058,"template":"","meta":{"_acf_changed":false,"site-sidebar-layout":"default","site-content-layout":"","ast-site-content-layout":"default","site-content-style":"default","site-sidebar-style":"default","ast-global-header-display":"","ast-banner-title-visibility":"","ast-main-header-display":"","ast-hfb-above-header-display":"","ast-hfb-below-header-display":"","ast-hfb-mobile-header-display":"","site-post-title":"","ast-breadcrumbs-content":"","ast-featured-img":"","footer-sml-layout":"","ast-disable-related-posts":"","theme-transparent-header-meta":"default","adv-header-id-meta":"","stick-header-meta":"","header-above-stick-meta":"","header-main-stick-meta":"","header-below-stick-meta":"","astra-migrate-meta-layouts":"set","ast-page-background-enabled":"default","ast-page-background-meta":{"desktop":{"background-color":"var(--ast-global-color-5)","background-image":"","background-repeat":"repeat","background-position":"center center","background-size":"auto","background-attachment":"scroll","background-type":"","background-media":"","overlay-type":"","overlay-color":"","overlay-opacity":"","overlay-gradient":""},"tablet":{"background-color":"","background-image":"","background-repeat":"repeat","background-position":"center center","background-size":"auto","background-attachment":"scroll","background-type":"","background-media":"","overlay-type":"","overlay-color":"","overlay-opacity":"","overlay-gradient":""},"mobile":{"background-color":"","background-image":"","background-repeat":"repeat","background-position":"center center","background-size":"auto","background-attachment":"scroll","background-type":"","background-media":"","overlay-type":"","overlay-color":"","overlay-opacity":"","overlay-gradient":""}},"ast-content-background-meta":{"desktop":{"background-color":"var(--ast-global-color-4)","background-image":"","background-repeat":"repeat","background-position":"center center","background-size":"auto","background-attachment":"scroll","background-type":"","background-media":"","overlay-type":"","overlay-color":"","overlay-opacity":"","overlay-gradient":""},"tablet":{"background-color":"var(--ast-global-color-4)","background-image":"","background-repeat":"repeat","background-position":"center center","background-size":"auto","background-attachment":"scroll","background-type":"","background-media":"","overlay-type":"","overlay-color":"","overlay-opacity":"","overlay-gradient":""},"mobile":{"background-color":"var(--ast-global-color-4)","background-image":"","background-repeat":"repeat","background-position":"center center","background-size":"auto","background-attachment":"scroll","background-type":"","background-media":"","overlay-type":"","overlay-color":"","overlay-opacity":"","overlay-gradient":""}}},"domaine":[],"normes":[],"product_brand":[],"product_cat":[17903],"product_tag":[],"class_list":{"0":"post-260921","1":"product","2":"type-product","3":"status-publish","4":"has-post-thumbnail","6":"product_cat-balances","7":"desktop-align-left","8":"tablet-align-left","9":"mobile-align-left","11":"first","12":"instock","13":"shipping-taxable","14":"product-type-simple"},"acf":[],"yoast_head":"<!-- This site is optimized with the Yoast SEO plugin v27.4 - https:\/\/yoast.com\/product\/yoast-seo-wordpress\/ -->\n<title>Table anti-vibration pour viscosim\u00e8tres \/ rh\u00e9om\u00e8tres A&amp;D - AD-1671 | DeltaLabo<\/title>\n<meta name=\"description\" content=\"La table anti-vibration de chez A&amp;D est recommand\u00e9e pour les viscosim\u00e8tres \u00e0 lames vibrantes et les balances analytiques. Devis sous 24h.\" \/>\n<meta name=\"robots\" content=\"noindex, follow, max-snippet:-1, max-image-preview:large, max-video-preview:-1\" \/>\n<meta property=\"og:locale\" content=\"fr_FR\" \/>\n<meta property=\"og:type\" content=\"article\" \/>\n<meta property=\"og:title\" content=\"Table anti-vibration pour viscosim\u00e8tres \/ rh\u00e9om\u00e8tres A&amp;D - AD-1671 | DeltaLabo\" \/>\n<meta property=\"og:description\" content=\"La table anti-vibration de chez A&amp;D est recommand\u00e9e pour les viscosim\u00e8tres \u00e0 lames vibrantes et les balances analytiques. Devis sous 24h.\" \/>\n<meta property=\"og:url\" content=\"https:\/\/webdesi-gn.fr\/dev_deltalabo\/produits\/equipements-communs\/balances\/table-anti-vibration-pour-viscosimetres-et-rheometres-ad-1671\/\" \/>\n<meta property=\"og:site_name\" content=\"DeltaLabo\" \/>\n<meta property=\"article:modified_time\" content=\"2026-04-07T12:42:38+00:00\" \/>\n<meta property=\"og:image\" content=\"https:\/\/webdesi-gn.fr\/dev_deltalabo\/wp-content\/uploads\/2025\/07\/Table-anti-vibration-ad-1671.webp\" \/>\n\t<meta property=\"og:image:width\" content=\"800\" \/>\n\t<meta property=\"og:image:height\" content=\"800\" \/>\n\t<meta property=\"og:image:type\" content=\"image\/webp\" \/>\n<meta name=\"twitter:card\" content=\"summary_large_image\" \/>\n<meta name=\"twitter:label1\" content=\"Dur\u00e9e de lecture estim\u00e9e\" \/>\n\t<meta name=\"twitter:data1\" content=\"1 minute\" \/>\n<script type=\"application\/ld+json\" class=\"yoast-schema-graph\">{\"@context\":\"https:\\\/\\\/schema.org\",\"@graph\":[{\"@type\":\"WebPage\",\"@id\":\"https:\\\/\\\/webdesi-gn.fr\\\/dev_deltalabo\\\/produits\\\/equipements-communs\\\/balances\\\/table-anti-vibration-pour-viscosimetres-et-rheometres-ad-1671\\\/\",\"url\":\"https:\\\/\\\/webdesi-gn.fr\\\/dev_deltalabo\\\/produits\\\/equipements-communs\\\/balances\\\/table-anti-vibration-pour-viscosimetres-et-rheometres-ad-1671\\\/\",\"name\":\"Table anti-vibration pour viscosim\u00e8tres \\\/ rh\u00e9om\u00e8tres A&D - AD-1671 | DeltaLabo\",\"isPartOf\":{\"@id\":\"https:\\\/\\\/webdesi-gn.fr\\\/dev_deltalabo\\\/#website\"},\"primaryImageOfPage\":{\"@id\":\"https:\\\/\\\/webdesi-gn.fr\\\/dev_deltalabo\\\/produits\\\/equipements-communs\\\/balances\\\/table-anti-vibration-pour-viscosimetres-et-rheometres-ad-1671\\\/#primaryimage\"},\"image\":{\"@id\":\"https:\\\/\\\/webdesi-gn.fr\\\/dev_deltalabo\\\/produits\\\/equipements-communs\\\/balances\\\/table-anti-vibration-pour-viscosimetres-et-rheometres-ad-1671\\\/#primaryimage\"},\"thumbnailUrl\":\"https:\\\/\\\/webdesi-gn.fr\\\/dev_deltalabo\\\/wp-content\\\/uploads\\\/2025\\\/07\\\/Table-anti-vibration-ad-1671.webp\",\"datePublished\":\"2025-07-16T07:39:13+00:00\",\"dateModified\":\"2026-04-07T12:42:38+00:00\",\"description\":\"La table anti-vibration de chez A&D est recommand\u00e9e pour les viscosim\u00e8tres \u00e0 lames vibrantes et les balances analytiques. Devis sous 24h.\",\"breadcrumb\":{\"@id\":\"https:\\\/\\\/webdesi-gn.fr\\\/dev_deltalabo\\\/produits\\\/equipements-communs\\\/balances\\\/table-anti-vibration-pour-viscosimetres-et-rheometres-ad-1671\\\/#breadcrumb\"},\"inLanguage\":\"fr-FR\",\"potentialAction\":[{\"@type\":\"ReadAction\",\"target\":[\"https:\\\/\\\/webdesi-gn.fr\\\/dev_deltalabo\\\/produits\\\/equipements-communs\\\/balances\\\/table-anti-vibration-pour-viscosimetres-et-rheometres-ad-1671\\\/\"]}]},{\"@type\":\"ImageObject\",\"inLanguage\":\"fr-FR\",\"@id\":\"https:\\\/\\\/webdesi-gn.fr\\\/dev_deltalabo\\\/produits\\\/equipements-communs\\\/balances\\\/table-anti-vibration-pour-viscosimetres-et-rheometres-ad-1671\\\/#primaryimage\",\"url\":\"https:\\\/\\\/webdesi-gn.fr\\\/dev_deltalabo\\\/wp-content\\\/uploads\\\/2025\\\/07\\\/Table-anti-vibration-ad-1671.webp\",\"contentUrl\":\"https:\\\/\\\/webdesi-gn.fr\\\/dev_deltalabo\\\/wp-content\\\/uploads\\\/2025\\\/07\\\/Table-anti-vibration-ad-1671.webp\",\"width\":800,\"height\":800},{\"@type\":\"BreadcrumbList\",\"@id\":\"https:\\\/\\\/webdesi-gn.fr\\\/dev_deltalabo\\\/produits\\\/equipements-communs\\\/balances\\\/table-anti-vibration-pour-viscosimetres-et-rheometres-ad-1671\\\/#breadcrumb\",\"itemListElement\":[{\"@type\":\"ListItem\",\"position\":1,\"name\":\"Accueil\",\"item\":\"https:\\\/\\\/webdesi-gn.fr\\\/dev_deltalabo\\\/\"},{\"@type\":\"ListItem\",\"position\":2,\"name\":\"Produits\",\"item\":\"https:\\\/\\\/webdesi-gn.fr\\\/dev_deltalabo\\\/produits\\\/\"},{\"@type\":\"ListItem\",\"position\":3,\"name\":\"Table anti-vibration pour viscosim\u00e8tres \\\/ rh\u00e9om\u00e8tres A&#038;D &#8211; AD-1671\"}]},{\"@type\":\"WebSite\",\"@id\":\"https:\\\/\\\/webdesi-gn.fr\\\/dev_deltalabo\\\/#website\",\"url\":\"https:\\\/\\\/webdesi-gn.fr\\\/dev_deltalabo\\\/\",\"name\":\"Delta Labo\",\"description\":\"Un site utilisant WordPress\",\"publisher\":{\"@id\":\"https:\\\/\\\/webdesi-gn.fr\\\/dev_deltalabo\\\/#organization\"},\"alternateName\":\"Delta Labo\",\"potentialAction\":[{\"@type\":\"SearchAction\",\"target\":{\"@type\":\"EntryPoint\",\"urlTemplate\":\"https:\\\/\\\/webdesi-gn.fr\\\/dev_deltalabo\\\/?s={search_term_string}\"},\"query-input\":{\"@type\":\"PropertyValueSpecification\",\"valueRequired\":true,\"valueName\":\"search_term_string\"}}],\"inLanguage\":\"fr-FR\"},{\"@type\":\"Organization\",\"@id\":\"https:\\\/\\\/webdesi-gn.fr\\\/dev_deltalabo\\\/#organization\",\"name\":\"DeltaLabo\",\"url\":\"https:\\\/\\\/webdesi-gn.fr\\\/dev_deltalabo\\\/\",\"logo\":{\"@type\":\"ImageObject\",\"inLanguage\":\"fr-FR\",\"@id\":\"https:\\\/\\\/webdesi-gn.fr\\\/dev_deltalabo\\\/#\\\/schema\\\/logo\\\/image\\\/\",\"url\":\"https:\\\/\\\/webdesi-gn.fr\\\/dev_deltalabo\\\/wp-content\\\/uploads\\\/2022\\\/07\\\/logo-deltalabo.png\",\"contentUrl\":\"https:\\\/\\\/webdesi-gn.fr\\\/dev_deltalabo\\\/wp-content\\\/uploads\\\/2022\\\/07\\\/logo-deltalabo.png\",\"width\":694,\"height\":306,\"caption\":\"DeltaLabo\"},\"image\":{\"@id\":\"https:\\\/\\\/webdesi-gn.fr\\\/dev_deltalabo\\\/#\\\/schema\\\/logo\\\/image\\\/\"}}]}<\/script>\n<!-- \/ Yoast SEO plugin. -->","yoast_head_json":{"title":"Table anti-vibration pour viscosim\u00e8tres \/ rh\u00e9om\u00e8tres A&D - AD-1671 | DeltaLabo","description":"La table anti-vibration de chez A&D est recommand\u00e9e pour les viscosim\u00e8tres \u00e0 lames vibrantes et les balances analytiques. Devis sous 24h.","robots":{"index":"noindex","follow":"follow","max-snippet":"max-snippet:-1","max-image-preview":"max-image-preview:large","max-video-preview":"max-video-preview:-1"},"og_locale":"fr_FR","og_type":"article","og_title":"Table anti-vibration pour viscosim\u00e8tres \/ rh\u00e9om\u00e8tres A&D - AD-1671 | DeltaLabo","og_description":"La table anti-vibration de chez A&D est recommand\u00e9e pour les viscosim\u00e8tres \u00e0 lames vibrantes et les balances analytiques. Devis sous 24h.","og_url":"https:\/\/webdesi-gn.fr\/dev_deltalabo\/produits\/equipements-communs\/balances\/table-anti-vibration-pour-viscosimetres-et-rheometres-ad-1671\/","og_site_name":"DeltaLabo","article_modified_time":"2026-04-07T12:42:38+00:00","og_image":[{"width":800,"height":800,"url":"https:\/\/webdesi-gn.fr\/dev_deltalabo\/wp-content\/uploads\/2025\/07\/Table-anti-vibration-ad-1671.webp","type":"image\/webp"}],"twitter_card":"summary_large_image","twitter_misc":{"Dur\u00e9e de lecture estim\u00e9e":"1 minute"},"schema":{"@context":"https:\/\/schema.org","@graph":[{"@type":"WebPage","@id":"https:\/\/webdesi-gn.fr\/dev_deltalabo\/produits\/equipements-communs\/balances\/table-anti-vibration-pour-viscosimetres-et-rheometres-ad-1671\/","url":"https:\/\/webdesi-gn.fr\/dev_deltalabo\/produits\/equipements-communs\/balances\/table-anti-vibration-pour-viscosimetres-et-rheometres-ad-1671\/","name":"Table anti-vibration pour viscosim\u00e8tres \/ rh\u00e9om\u00e8tres A&D - AD-1671 | DeltaLabo","isPartOf":{"@id":"https:\/\/webdesi-gn.fr\/dev_deltalabo\/#website"},"primaryImageOfPage":{"@id":"https:\/\/webdesi-gn.fr\/dev_deltalabo\/produits\/equipements-communs\/balances\/table-anti-vibration-pour-viscosimetres-et-rheometres-ad-1671\/#primaryimage"},"image":{"@id":"https:\/\/webdesi-gn.fr\/dev_deltalabo\/produits\/equipements-communs\/balances\/table-anti-vibration-pour-viscosimetres-et-rheometres-ad-1671\/#primaryimage"},"thumbnailUrl":"https:\/\/webdesi-gn.fr\/dev_deltalabo\/wp-content\/uploads\/2025\/07\/Table-anti-vibration-ad-1671.webp","datePublished":"2025-07-16T07:39:13+00:00","dateModified":"2026-04-07T12:42:38+00:00","description":"La table anti-vibration de chez A&D est recommand\u00e9e pour les viscosim\u00e8tres \u00e0 lames vibrantes et les balances analytiques. Devis sous 24h.","breadcrumb":{"@id":"https:\/\/webdesi-gn.fr\/dev_deltalabo\/produits\/equipements-communs\/balances\/table-anti-vibration-pour-viscosimetres-et-rheometres-ad-1671\/#breadcrumb"},"inLanguage":"fr-FR","potentialAction":[{"@type":"ReadAction","target":["https:\/\/webdesi-gn.fr\/dev_deltalabo\/produits\/equipements-communs\/balances\/table-anti-vibration-pour-viscosimetres-et-rheometres-ad-1671\/"]}]},{"@type":"ImageObject","inLanguage":"fr-FR","@id":"https:\/\/webdesi-gn.fr\/dev_deltalabo\/produits\/equipements-communs\/balances\/table-anti-vibration-pour-viscosimetres-et-rheometres-ad-1671\/#primaryimage","url":"https:\/\/webdesi-gn.fr\/dev_deltalabo\/wp-content\/uploads\/2025\/07\/Table-anti-vibration-ad-1671.webp","contentUrl":"https:\/\/webdesi-gn.fr\/dev_deltalabo\/wp-content\/uploads\/2025\/07\/Table-anti-vibration-ad-1671.webp","width":800,"height":800},{"@type":"BreadcrumbList","@id":"https:\/\/webdesi-gn.fr\/dev_deltalabo\/produits\/equipements-communs\/balances\/table-anti-vibration-pour-viscosimetres-et-rheometres-ad-1671\/#breadcrumb","itemListElement":[{"@type":"ListItem","position":1,"name":"Accueil","item":"https:\/\/webdesi-gn.fr\/dev_deltalabo\/"},{"@type":"ListItem","position":2,"name":"Produits","item":"https:\/\/webdesi-gn.fr\/dev_deltalabo\/produits\/"},{"@type":"ListItem","position":3,"name":"Table anti-vibration pour viscosim\u00e8tres \/ rh\u00e9om\u00e8tres A&#038;D &#8211; AD-1671"}]},{"@type":"WebSite","@id":"https:\/\/webdesi-gn.fr\/dev_deltalabo\/#website","url":"https:\/\/webdesi-gn.fr\/dev_deltalabo\/","name":"Delta Labo","description":"Un site utilisant WordPress","publisher":{"@id":"https:\/\/webdesi-gn.fr\/dev_deltalabo\/#organization"},"alternateName":"Delta Labo","potentialAction":[{"@type":"SearchAction","target":{"@type":"EntryPoint","urlTemplate":"https:\/\/webdesi-gn.fr\/dev_deltalabo\/?s={search_term_string}"},"query-input":{"@type":"PropertyValueSpecification","valueRequired":true,"valueName":"search_term_string"}}],"inLanguage":"fr-FR"},{"@type":"Organization","@id":"https:\/\/webdesi-gn.fr\/dev_deltalabo\/#organization","name":"DeltaLabo","url":"https:\/\/webdesi-gn.fr\/dev_deltalabo\/","logo":{"@type":"ImageObject","inLanguage":"fr-FR","@id":"https:\/\/webdesi-gn.fr\/dev_deltalabo\/#\/schema\/logo\/image\/","url":"https:\/\/webdesi-gn.fr\/dev_deltalabo\/wp-content\/uploads\/2022\/07\/logo-deltalabo.png","contentUrl":"https:\/\/webdesi-gn.fr\/dev_deltalabo\/wp-content\/uploads\/2022\/07\/logo-deltalabo.png","width":694,"height":306,"caption":"DeltaLabo"},"image":{"@id":"https:\/\/webdesi-gn.fr\/dev_deltalabo\/#\/schema\/logo\/image\/"}}]}},"_links":{"self":[{"href":"https:\/\/webdesi-gn.fr\/dev_deltalabo\/wp-json\/wp\/v2\/product\/260921","targetHints":{"allow":["GET"]}}],"collection":[{"href":"https:\/\/webdesi-gn.fr\/dev_deltalabo\/wp-json\/wp\/v2\/product"}],"about":[{"href":"https:\/\/webdesi-gn.fr\/dev_deltalabo\/wp-json\/wp\/v2\/types\/product"}],"wp:featuredmedia":[{"embeddable":true,"href":"https:\/\/webdesi-gn.fr\/dev_deltalabo\/wp-json\/wp\/v2\/media\/263058"}],"wp:attachment":[{"href":"https:\/\/webdesi-gn.fr\/dev_deltalabo\/wp-json\/wp\/v2\/media?parent=260921"}],"wp:term":[{"taxonomy":"domaine","embeddable":true,"href":"https:\/\/webdesi-gn.fr\/dev_deltalabo\/wp-json\/wp\/v2\/domaine?post=260921"},{"taxonomy":"normes","embeddable":true,"href":"https:\/\/webdesi-gn.fr\/dev_deltalabo\/wp-json\/wp\/v2\/normes?post=260921"},{"taxonomy":"product_brand","embeddable":true,"href":"https:\/\/webdesi-gn.fr\/dev_deltalabo\/wp-json\/wp\/v2\/product_brand?post=260921"},{"taxonomy":"product_cat","embeddable":true,"href":"https:\/\/webdesi-gn.fr\/dev_deltalabo\/wp-json\/wp\/v2\/product_cat?post=260921"},{"taxonomy":"product_tag","embeddable":true,"href":"https:\/\/webdesi-gn.fr\/dev_deltalabo\/wp-json\/wp\/v2\/product_tag?post=260921"}],"curies":[{"name":"wp","href":"https:\/\/api.w.org\/{rel}","templated":true}]}}