{"id":262379,"date":"2025-11-24T15:06:33","date_gmt":"2025-11-24T14:06:33","guid":{"rendered":"https:\/\/webdesi-gn.fr\/dev_deltalabo\/?post_type=product&#038;p=262379"},"modified":"2026-03-27T09:40:37","modified_gmt":"2026-03-27T08:40:37","slug":"thermoreacteur-wtw-cr-3200","status":"publish","type":"product","link":"https:\/\/webdesi-gn.fr\/dev_deltalabo\/produits\/equipements-communs\/equipements-chauffants\/thermoreacteur-wtw-cr-3200\/","title":{"rendered":"Thermor\u00e9acteur WTW &#8211; CR 3200"},"content":{"rendered":"","protected":false},"excerpt":{"rendered":"<p><strong>Thermor\u00e9acteur \u00a0WTW &#8211; CR 3200 :\u00a0<\/strong><\/p>\n<p>Le thermor\u00e9acteur WTW &#8211; CRM 3200 permet la d\u00e9termination de la DCO, de l\u2019azote total et du phosphore total. La haute temp\u00e9rature de r\u00e9action maintenue pendant une dur\u00e9e d\u00e9finie garantit la min\u00e9ralisation compl\u00e8te de l\u2019\u00e9chantillon.<\/p>\n<p><span dir=\"auto\">Au total, 24 cellules rondes (16 mm) r\u00e9parties dans deux blocs chauffants distincts utilisent le m\u00eame programme.<\/span><\/p>\n<p><span dir=\"auto\">\u2022 8 programmes enregistr\u00e9s pour une utilisation simple et rapide, incluant une digestion rapide de la DCO.<\/span><br \/>\n<span dir=\"auto\">\u2022 8 programmes personnalis\u00e9s, de la temp\u00e9rature ambiante \u00e0 25-170 \u00b0C, avec digestion \u00e0 haute temp\u00e9rature.<\/span><br \/>\n<span dir=\"auto\">\u2022 Assurance qualit\u00e9 analytique avec capteur de temp\u00e9rature externe optionnel pour la documentation.<\/span><\/p>\n<p><strong>T\u00e9l\u00e9charger la brochure produit :<\/strong> <a href=\"https:\/\/www.deltalabo.fr\/wp-content\/uploads\/2025\/11\/Doc-Thermoreacteurs-fra-DL.pdf\">Thermor\u00e9acteurs pour DCO WTW<\/a><\/p>\n","protected":false},"featured_media":262411,"template":"","meta":{"_acf_changed":false,"site-sidebar-layout":"default","site-content-layout":"","ast-site-content-layout":"default","site-content-style":"default","site-sidebar-style":"default","ast-global-header-display":"","ast-banner-title-visibility":"","ast-main-header-display":"","ast-hfb-above-header-display":"","ast-hfb-below-header-display":"","ast-hfb-mobile-header-display":"","site-post-title":"","ast-breadcrumbs-content":"","ast-featured-img":"","footer-sml-layout":"","ast-disable-related-posts":"","theme-transparent-header-meta":"default","adv-header-id-meta":"","stick-header-meta":"","header-above-stick-meta":"","header-main-stick-meta":"","header-below-stick-meta":"","astra-migrate-meta-layouts":"set","ast-page-background-enabled":"default","ast-page-background-meta":{"desktop":{"background-color":"var(--ast-global-color-5)","background-image":"","background-repeat":"repeat","background-position":"center center","background-size":"auto","background-attachment":"scroll","background-type":"","background-media":"","overlay-type":"","overlay-color":"","overlay-opacity":"","overlay-gradient":""},"tablet":{"background-color":"","background-image":"","background-repeat":"repeat","background-position":"center center","background-size":"auto","background-attachment":"scroll","background-type":"","background-media":"","overlay-type":"","overlay-color":"","overlay-opacity":"","overlay-gradient":""},"mobile":{"background-color":"","background-image":"","background-repeat":"repeat","background-position":"center center","background-size":"auto","background-attachment":"scroll","background-type":"","background-media":"","overlay-type":"","overlay-color":"","overlay-opacity":"","overlay-gradient":""}},"ast-content-background-meta":{"desktop":{"background-color":"var(--ast-global-color-4)","background-image":"","background-repeat":"repeat","background-position":"center center","background-size":"auto","background-attachment":"scroll","background-type":"","background-media":"","overlay-type":"","overlay-color":"","overlay-opacity":"","overlay-gradient":""},"tablet":{"background-color":"var(--ast-global-color-4)","background-image":"","background-repeat":"repeat","background-position":"center center","background-size":"auto","background-attachment":"scroll","background-type":"","background-media":"","overlay-type":"","overlay-color":"","overlay-opacity":"","overlay-gradient":""},"mobile":{"background-color":"var(--ast-global-color-4)","background-image":"","background-repeat":"repeat","background-position":"center center","background-size":"auto","background-attachment":"scroll","background-type":"","background-media":"","overlay-type":"","overlay-color":"","overlay-opacity":"","overlay-gradient":""}}},"domaine":[],"normes":[],"product_brand":[],"product_cat":[17901,17912],"product_tag":[],"class_list":{"0":"post-262379","1":"product","2":"type-product","3":"status-publish","4":"has-post-thumbnail","6":"product_cat-equipements-chauffants","7":"product_cat-four","8":"desktop-align-left","9":"tablet-align-left","10":"mobile-align-left","12":"first","13":"instock","14":"shipping-taxable","15":"product-type-simple"},"acf":[],"yoast_head":"<!-- This site is optimized with the Yoast SEO plugin v27.4 - https:\/\/yoast.com\/product\/yoast-seo-wordpress\/ -->\n<title>Thermor\u00e9acteur WTW - CR 3200 | DeltaLabo<\/title>\n<meta name=\"robots\" content=\"noindex, follow, max-snippet:-1, max-image-preview:large, max-video-preview:-1\" \/>\n<meta property=\"og:locale\" content=\"fr_FR\" \/>\n<meta property=\"og:type\" content=\"article\" \/>\n<meta property=\"og:title\" content=\"Thermor\u00e9acteur WTW - CR 3200 | DeltaLabo\" \/>\n<meta property=\"og:description\" content=\"Thermor\u00e9acteur \u00a0WTW - CR 3200 :\u00a0  Le thermor\u00e9acteur WTW - CRM 3200 permet la d\u00e9termination de la DCO, de l\u2019azote total et du phosphore total. La haute temp\u00e9rature de r\u00e9action maintenue pendant une dur\u00e9e d\u00e9finie garantit la min\u00e9ralisation compl\u00e8te de l\u2019\u00e9chantillon.  Au total, 24 cellules rondes (16 mm) r\u00e9parties dans deux blocs chauffants distincts utilisent le m\u00eame programme.  \u2022 8 programmes enregistr\u00e9s pour une utilisation simple et rapide, incluant une digestion rapide de la DCO. \u2022 8 programmes personnalis\u00e9s, de la temp\u00e9rature ambiante \u00e0 25-170 \u00b0C, avec digestion \u00e0 haute temp\u00e9rature. \u2022 Assurance qualit\u00e9 analytique avec capteur de temp\u00e9rature externe optionnel pour la documentation.  T\u00e9l\u00e9charger la brochure produit : Thermor\u00e9acteurs pour DCO WTW\" \/>\n<meta property=\"og:url\" content=\"https:\/\/webdesi-gn.fr\/dev_deltalabo\/produits\/equipements-communs\/equipements-chauffants\/thermoreacteur-wtw-cr-3200\/\" \/>\n<meta property=\"og:site_name\" content=\"DeltaLabo\" \/>\n<meta property=\"article:modified_time\" content=\"2026-03-27T08:40:37+00:00\" \/>\n<meta property=\"og:image\" content=\"https:\/\/webdesi-gn.fr\/dev_deltalabo\/wp-content\/uploads\/2025\/11\/DELTA-LABO-Thermoreacteur-CR3200-WTW.jpg\" \/>\n\t<meta property=\"og:image:width\" content=\"600\" \/>\n\t<meta property=\"og:image:height\" content=\"600\" \/>\n\t<meta property=\"og:image:type\" content=\"image\/jpeg\" \/>\n<meta name=\"twitter:card\" content=\"summary_large_image\" \/>\n<meta name=\"twitter:label1\" content=\"Dur\u00e9e de lecture estim\u00e9e\" \/>\n\t<meta name=\"twitter:data1\" content=\"1 minute\" \/>\n<script type=\"application\/ld+json\" class=\"yoast-schema-graph\">{\"@context\":\"https:\\\/\\\/schema.org\",\"@graph\":[{\"@type\":\"WebPage\",\"@id\":\"https:\\\/\\\/webdesi-gn.fr\\\/dev_deltalabo\\\/produits\\\/equipements-communs\\\/equipements-chauffants\\\/thermoreacteur-wtw-cr-3200\\\/\",\"url\":\"https:\\\/\\\/webdesi-gn.fr\\\/dev_deltalabo\\\/produits\\\/equipements-communs\\\/equipements-chauffants\\\/thermoreacteur-wtw-cr-3200\\\/\",\"name\":\"Thermor\u00e9acteur WTW - CR 3200 | DeltaLabo\",\"isPartOf\":{\"@id\":\"https:\\\/\\\/webdesi-gn.fr\\\/dev_deltalabo\\\/#website\"},\"primaryImageOfPage\":{\"@id\":\"https:\\\/\\\/webdesi-gn.fr\\\/dev_deltalabo\\\/produits\\\/equipements-communs\\\/equipements-chauffants\\\/thermoreacteur-wtw-cr-3200\\\/#primaryimage\"},\"image\":{\"@id\":\"https:\\\/\\\/webdesi-gn.fr\\\/dev_deltalabo\\\/produits\\\/equipements-communs\\\/equipements-chauffants\\\/thermoreacteur-wtw-cr-3200\\\/#primaryimage\"},\"thumbnailUrl\":\"https:\\\/\\\/webdesi-gn.fr\\\/dev_deltalabo\\\/wp-content\\\/uploads\\\/2025\\\/11\\\/DELTA-LABO-Thermoreacteur-CR3200-WTW.jpg\",\"datePublished\":\"2025-11-24T14:06:33+00:00\",\"dateModified\":\"2026-03-27T08:40:37+00:00\",\"breadcrumb\":{\"@id\":\"https:\\\/\\\/webdesi-gn.fr\\\/dev_deltalabo\\\/produits\\\/equipements-communs\\\/equipements-chauffants\\\/thermoreacteur-wtw-cr-3200\\\/#breadcrumb\"},\"inLanguage\":\"fr-FR\",\"potentialAction\":[{\"@type\":\"ReadAction\",\"target\":[\"https:\\\/\\\/webdesi-gn.fr\\\/dev_deltalabo\\\/produits\\\/equipements-communs\\\/equipements-chauffants\\\/thermoreacteur-wtw-cr-3200\\\/\"]}]},{\"@type\":\"ImageObject\",\"inLanguage\":\"fr-FR\",\"@id\":\"https:\\\/\\\/webdesi-gn.fr\\\/dev_deltalabo\\\/produits\\\/equipements-communs\\\/equipements-chauffants\\\/thermoreacteur-wtw-cr-3200\\\/#primaryimage\",\"url\":\"https:\\\/\\\/webdesi-gn.fr\\\/dev_deltalabo\\\/wp-content\\\/uploads\\\/2025\\\/11\\\/DELTA-LABO-Thermoreacteur-CR3200-WTW.jpg\",\"contentUrl\":\"https:\\\/\\\/webdesi-gn.fr\\\/dev_deltalabo\\\/wp-content\\\/uploads\\\/2025\\\/11\\\/DELTA-LABO-Thermoreacteur-CR3200-WTW.jpg\",\"width\":600,\"height\":600},{\"@type\":\"BreadcrumbList\",\"@id\":\"https:\\\/\\\/webdesi-gn.fr\\\/dev_deltalabo\\\/produits\\\/equipements-communs\\\/equipements-chauffants\\\/thermoreacteur-wtw-cr-3200\\\/#breadcrumb\",\"itemListElement\":[{\"@type\":\"ListItem\",\"position\":1,\"name\":\"Accueil\",\"item\":\"https:\\\/\\\/webdesi-gn.fr\\\/dev_deltalabo\\\/\"},{\"@type\":\"ListItem\",\"position\":2,\"name\":\"Produits\",\"item\":\"https:\\\/\\\/webdesi-gn.fr\\\/dev_deltalabo\\\/produits\\\/\"},{\"@type\":\"ListItem\",\"position\":3,\"name\":\"Thermor\u00e9acteur WTW &#8211; CR 3200\"}]},{\"@type\":\"WebSite\",\"@id\":\"https:\\\/\\\/webdesi-gn.fr\\\/dev_deltalabo\\\/#website\",\"url\":\"https:\\\/\\\/webdesi-gn.fr\\\/dev_deltalabo\\\/\",\"name\":\"Delta Labo\",\"description\":\"Un site utilisant WordPress\",\"publisher\":{\"@id\":\"https:\\\/\\\/webdesi-gn.fr\\\/dev_deltalabo\\\/#organization\"},\"alternateName\":\"Delta Labo\",\"potentialAction\":[{\"@type\":\"SearchAction\",\"target\":{\"@type\":\"EntryPoint\",\"urlTemplate\":\"https:\\\/\\\/webdesi-gn.fr\\\/dev_deltalabo\\\/?s={search_term_string}\"},\"query-input\":{\"@type\":\"PropertyValueSpecification\",\"valueRequired\":true,\"valueName\":\"search_term_string\"}}],\"inLanguage\":\"fr-FR\"},{\"@type\":\"Organization\",\"@id\":\"https:\\\/\\\/webdesi-gn.fr\\\/dev_deltalabo\\\/#organization\",\"name\":\"DeltaLabo\",\"url\":\"https:\\\/\\\/webdesi-gn.fr\\\/dev_deltalabo\\\/\",\"logo\":{\"@type\":\"ImageObject\",\"inLanguage\":\"fr-FR\",\"@id\":\"https:\\\/\\\/webdesi-gn.fr\\\/dev_deltalabo\\\/#\\\/schema\\\/logo\\\/image\\\/\",\"url\":\"https:\\\/\\\/webdesi-gn.fr\\\/dev_deltalabo\\\/wp-content\\\/uploads\\\/2022\\\/07\\\/logo-deltalabo.png\",\"contentUrl\":\"https:\\\/\\\/webdesi-gn.fr\\\/dev_deltalabo\\\/wp-content\\\/uploads\\\/2022\\\/07\\\/logo-deltalabo.png\",\"width\":694,\"height\":306,\"caption\":\"DeltaLabo\"},\"image\":{\"@id\":\"https:\\\/\\\/webdesi-gn.fr\\\/dev_deltalabo\\\/#\\\/schema\\\/logo\\\/image\\\/\"}}]}<\/script>\n<!-- \/ Yoast SEO plugin. -->","yoast_head_json":{"title":"Thermor\u00e9acteur WTW - CR 3200 | DeltaLabo","robots":{"index":"noindex","follow":"follow","max-snippet":"max-snippet:-1","max-image-preview":"max-image-preview:large","max-video-preview":"max-video-preview:-1"},"og_locale":"fr_FR","og_type":"article","og_title":"Thermor\u00e9acteur WTW - CR 3200 | DeltaLabo","og_description":"Thermor\u00e9acteur \u00a0WTW - CR 3200 :\u00a0  Le thermor\u00e9acteur WTW - CRM 3200 permet la d\u00e9termination de la DCO, de l\u2019azote total et du phosphore total. La haute temp\u00e9rature de r\u00e9action maintenue pendant une dur\u00e9e d\u00e9finie garantit la min\u00e9ralisation compl\u00e8te de l\u2019\u00e9chantillon.  Au total, 24 cellules rondes (16 mm) r\u00e9parties dans deux blocs chauffants distincts utilisent le m\u00eame programme.  \u2022 8 programmes enregistr\u00e9s pour une utilisation simple et rapide, incluant une digestion rapide de la DCO. \u2022 8 programmes personnalis\u00e9s, de la temp\u00e9rature ambiante \u00e0 25-170 \u00b0C, avec digestion \u00e0 haute temp\u00e9rature. \u2022 Assurance qualit\u00e9 analytique avec capteur de temp\u00e9rature externe optionnel pour la documentation.  T\u00e9l\u00e9charger la brochure produit : Thermor\u00e9acteurs pour DCO WTW","og_url":"https:\/\/webdesi-gn.fr\/dev_deltalabo\/produits\/equipements-communs\/equipements-chauffants\/thermoreacteur-wtw-cr-3200\/","og_site_name":"DeltaLabo","article_modified_time":"2026-03-27T08:40:37+00:00","og_image":[{"width":600,"height":600,"url":"https:\/\/webdesi-gn.fr\/dev_deltalabo\/wp-content\/uploads\/2025\/11\/DELTA-LABO-Thermoreacteur-CR3200-WTW.jpg","type":"image\/jpeg"}],"twitter_card":"summary_large_image","twitter_misc":{"Dur\u00e9e de lecture estim\u00e9e":"1 minute"},"schema":{"@context":"https:\/\/schema.org","@graph":[{"@type":"WebPage","@id":"https:\/\/webdesi-gn.fr\/dev_deltalabo\/produits\/equipements-communs\/equipements-chauffants\/thermoreacteur-wtw-cr-3200\/","url":"https:\/\/webdesi-gn.fr\/dev_deltalabo\/produits\/equipements-communs\/equipements-chauffants\/thermoreacteur-wtw-cr-3200\/","name":"Thermor\u00e9acteur WTW - CR 3200 | DeltaLabo","isPartOf":{"@id":"https:\/\/webdesi-gn.fr\/dev_deltalabo\/#website"},"primaryImageOfPage":{"@id":"https:\/\/webdesi-gn.fr\/dev_deltalabo\/produits\/equipements-communs\/equipements-chauffants\/thermoreacteur-wtw-cr-3200\/#primaryimage"},"image":{"@id":"https:\/\/webdesi-gn.fr\/dev_deltalabo\/produits\/equipements-communs\/equipements-chauffants\/thermoreacteur-wtw-cr-3200\/#primaryimage"},"thumbnailUrl":"https:\/\/webdesi-gn.fr\/dev_deltalabo\/wp-content\/uploads\/2025\/11\/DELTA-LABO-Thermoreacteur-CR3200-WTW.jpg","datePublished":"2025-11-24T14:06:33+00:00","dateModified":"2026-03-27T08:40:37+00:00","breadcrumb":{"@id":"https:\/\/webdesi-gn.fr\/dev_deltalabo\/produits\/equipements-communs\/equipements-chauffants\/thermoreacteur-wtw-cr-3200\/#breadcrumb"},"inLanguage":"fr-FR","potentialAction":[{"@type":"ReadAction","target":["https:\/\/webdesi-gn.fr\/dev_deltalabo\/produits\/equipements-communs\/equipements-chauffants\/thermoreacteur-wtw-cr-3200\/"]}]},{"@type":"ImageObject","inLanguage":"fr-FR","@id":"https:\/\/webdesi-gn.fr\/dev_deltalabo\/produits\/equipements-communs\/equipements-chauffants\/thermoreacteur-wtw-cr-3200\/#primaryimage","url":"https:\/\/webdesi-gn.fr\/dev_deltalabo\/wp-content\/uploads\/2025\/11\/DELTA-LABO-Thermoreacteur-CR3200-WTW.jpg","contentUrl":"https:\/\/webdesi-gn.fr\/dev_deltalabo\/wp-content\/uploads\/2025\/11\/DELTA-LABO-Thermoreacteur-CR3200-WTW.jpg","width":600,"height":600},{"@type":"BreadcrumbList","@id":"https:\/\/webdesi-gn.fr\/dev_deltalabo\/produits\/equipements-communs\/equipements-chauffants\/thermoreacteur-wtw-cr-3200\/#breadcrumb","itemListElement":[{"@type":"ListItem","position":1,"name":"Accueil","item":"https:\/\/webdesi-gn.fr\/dev_deltalabo\/"},{"@type":"ListItem","position":2,"name":"Produits","item":"https:\/\/webdesi-gn.fr\/dev_deltalabo\/produits\/"},{"@type":"ListItem","position":3,"name":"Thermor\u00e9acteur WTW &#8211; CR 3200"}]},{"@type":"WebSite","@id":"https:\/\/webdesi-gn.fr\/dev_deltalabo\/#website","url":"https:\/\/webdesi-gn.fr\/dev_deltalabo\/","name":"Delta Labo","description":"Un site utilisant WordPress","publisher":{"@id":"https:\/\/webdesi-gn.fr\/dev_deltalabo\/#organization"},"alternateName":"Delta Labo","potentialAction":[{"@type":"SearchAction","target":{"@type":"EntryPoint","urlTemplate":"https:\/\/webdesi-gn.fr\/dev_deltalabo\/?s={search_term_string}"},"query-input":{"@type":"PropertyValueSpecification","valueRequired":true,"valueName":"search_term_string"}}],"inLanguage":"fr-FR"},{"@type":"Organization","@id":"https:\/\/webdesi-gn.fr\/dev_deltalabo\/#organization","name":"DeltaLabo","url":"https:\/\/webdesi-gn.fr\/dev_deltalabo\/","logo":{"@type":"ImageObject","inLanguage":"fr-FR","@id":"https:\/\/webdesi-gn.fr\/dev_deltalabo\/#\/schema\/logo\/image\/","url":"https:\/\/webdesi-gn.fr\/dev_deltalabo\/wp-content\/uploads\/2022\/07\/logo-deltalabo.png","contentUrl":"https:\/\/webdesi-gn.fr\/dev_deltalabo\/wp-content\/uploads\/2022\/07\/logo-deltalabo.png","width":694,"height":306,"caption":"DeltaLabo"},"image":{"@id":"https:\/\/webdesi-gn.fr\/dev_deltalabo\/#\/schema\/logo\/image\/"}}]}},"_links":{"self":[{"href":"https:\/\/webdesi-gn.fr\/dev_deltalabo\/wp-json\/wp\/v2\/product\/262379","targetHints":{"allow":["GET"]}}],"collection":[{"href":"https:\/\/webdesi-gn.fr\/dev_deltalabo\/wp-json\/wp\/v2\/product"}],"about":[{"href":"https:\/\/webdesi-gn.fr\/dev_deltalabo\/wp-json\/wp\/v2\/types\/product"}],"wp:featuredmedia":[{"embeddable":true,"href":"https:\/\/webdesi-gn.fr\/dev_deltalabo\/wp-json\/wp\/v2\/media\/262411"}],"wp:attachment":[{"href":"https:\/\/webdesi-gn.fr\/dev_deltalabo\/wp-json\/wp\/v2\/media?parent=262379"}],"wp:term":[{"taxonomy":"domaine","embeddable":true,"href":"https:\/\/webdesi-gn.fr\/dev_deltalabo\/wp-json\/wp\/v2\/domaine?post=262379"},{"taxonomy":"normes","embeddable":true,"href":"https:\/\/webdesi-gn.fr\/dev_deltalabo\/wp-json\/wp\/v2\/normes?post=262379"},{"taxonomy":"product_brand","embeddable":true,"href":"https:\/\/webdesi-gn.fr\/dev_deltalabo\/wp-json\/wp\/v2\/product_brand?post=262379"},{"taxonomy":"product_cat","embeddable":true,"href":"https:\/\/webdesi-gn.fr\/dev_deltalabo\/wp-json\/wp\/v2\/product_cat?post=262379"},{"taxonomy":"product_tag","embeddable":true,"href":"https:\/\/webdesi-gn.fr\/dev_deltalabo\/wp-json\/wp\/v2\/product_tag?post=262379"}],"curies":[{"name":"wp","href":"https:\/\/api.w.org\/{rel}","templated":true}]}}