{"id":262380,"date":"2025-11-24T15:06:34","date_gmt":"2025-11-24T14:06:34","guid":{"rendered":"https:\/\/webdesi-gn.fr\/dev_deltalabo\/?post_type=product&#038;p=262380"},"modified":"2026-03-31T13:15:49","modified_gmt":"2026-03-31T11:15:49","slug":"testeur-de-lubrifiant-a-quatre-billes-automatique-seta-shell-stanhope-seta-19900-4","status":"publish","type":"product","link":"https:\/\/webdesi-gn.fr\/dev_deltalabo\/produits\/categories\/testeur-de-lubrifiant-a-quatre-billes-automatique-seta-shell-stanhope-seta-19900-4\/","title":{"rendered":"Testeur de lubrifiant \u00e0 quatre billes automatique Seta Shell Stanhope Seta &#8211; 19900-4"},"content":{"rendered":"","protected":false},"excerpt":{"rendered":"<p><strong>Testeur de lubrifiant \u00e0 quatre billes <span dir=\"auto\">automatique <\/span>Seta Shell Stanhope Seta &#8211; 19900-4 :<\/strong><\/p>\n<p><span dir=\"auto\">Le testeur de lubrifiants \u00e0 quatre billes automatique Seta Shell Stanhope seta &#8211; 19900-4 d\u00e9termine les propri\u00e9t\u00e9s de frottement des huiles et graisses extr\u00eame pression. Il est conforme aux normes ASTM D2266, ASTM D4172, ASTM D2596, ASTM D2783, DIN 51350 et IP 239.<\/span><\/p>\n<p><span dir=\"auto\">Une bille, fix\u00e9e dans un mandrin, est mise en rotation contre trois billes fixes immerg\u00e9es dans un r\u00e9cipient contenant l&rsquo;\u00e9chantillon. <\/span><\/p>\n<p><span dir=\"auto\">Le variateur de vitesse num\u00e9rique dispose de trois r\u00e9glages pr\u00e9programm\u00e9s en usine : 1 200, 1 475 et 1 760 tr\/min. <\/span><\/p>\n<p><span dir=\"auto\">Une charge, r\u00e9glable jusqu&rsquo;\u00e0 800 kgF, est appliqu\u00e9e aux billes \u00e0 l&rsquo;aide d&rsquo;une balance et d&rsquo;un v\u00e9rin \u00e9lectrique. La charge appliqu\u00e9e est affich\u00e9e sur un \u00e9cran num\u00e9rique. Le couple transmis entre les billes en rotation et les billes fixes est mesur\u00e9 et affich\u00e9. <\/span><\/p>\n<p><span dir=\"auto\">Une minuterie permet de contr\u00f4ler la dur\u00e9e de l&rsquo;essai.\u00a0<\/span><\/p>\n<p><strong>T\u00e9l\u00e9charger la brochure produit :<\/strong> <a href=\"https:\/\/www.deltalabo.fr\/wp-content\/uploads\/2025\/11\/19900-4-19800-7-4-Ball-Lubricant-Tester-DL.pdf\">Testeur de lubrifiant \u00e0 quatre billes <span dir=\"auto\">automatique <\/span>Seta Shell Stanhope Seta &#8211; 19900-4<\/a><\/p>\n","protected":false},"featured_media":262412,"template":"","meta":{"_acf_changed":false,"site-sidebar-layout":"default","site-content-layout":"","ast-site-content-layout":"default","site-content-style":"default","site-sidebar-style":"default","ast-global-header-display":"","ast-banner-title-visibility":"","ast-main-header-display":"","ast-hfb-above-header-display":"","ast-hfb-below-header-display":"","ast-hfb-mobile-header-display":"","site-post-title":"","ast-breadcrumbs-content":"","ast-featured-img":"","footer-sml-layout":"","ast-disable-related-posts":"","theme-transparent-header-meta":"default","adv-header-id-meta":"","stick-header-meta":"","header-above-stick-meta":"","header-main-stick-meta":"","header-below-stick-meta":"","astra-migrate-meta-layouts":"set","ast-page-background-enabled":"default","ast-page-background-meta":{"desktop":{"background-color":"var(--ast-global-color-5)","background-image":"","background-repeat":"repeat","background-position":"center center","background-size":"auto","background-attachment":"scroll","background-type":"","background-media":"","overlay-type":"","overlay-color":"","overlay-opacity":"","overlay-gradient":""},"tablet":{"background-color":"","background-image":"","background-repeat":"repeat","background-position":"center center","background-size":"auto","background-attachment":"scroll","background-type":"","background-media":"","overlay-type":"","overlay-color":"","overlay-opacity":"","overlay-gradient":""},"mobile":{"background-color":"","background-image":"","background-repeat":"repeat","background-position":"center center","background-size":"auto","background-attachment":"scroll","background-type":"","background-media":"","overlay-type":"","overlay-color":"","overlay-opacity":"","overlay-gradient":""}},"ast-content-background-meta":{"desktop":{"background-color":"var(--ast-global-color-4)","background-image":"","background-repeat":"repeat","background-position":"center center","background-size":"auto","background-attachment":"scroll","background-type":"","background-media":"","overlay-type":"","overlay-color":"","overlay-opacity":"","overlay-gradient":""},"tablet":{"background-color":"var(--ast-global-color-4)","background-image":"","background-repeat":"repeat","background-position":"center center","background-size":"auto","background-attachment":"scroll","background-type":"","background-media":"","overlay-type":"","overlay-color":"","overlay-opacity":"","overlay-gradient":""},"mobile":{"background-color":"var(--ast-global-color-4)","background-image":"","background-repeat":"repeat","background-position":"center center","background-size":"auto","background-attachment":"scroll","background-type":"","background-media":"","overlay-type":"","overlay-color":"","overlay-opacity":"","overlay-gradient":""}}},"domaine":[],"normes":[17695,17697,17701,17707,17878,17762],"product_brand":[],"product_cat":[17240],"product_tag":[],"class_list":{"0":"post-262380","1":"product","2":"type-product","3":"status-publish","4":"has-post-thumbnail","6":"normes-d2266","7":"normes-d2596","8":"normes-d2783","9":"normes-d4172","10":"normes-din-51350","11":"normes-ip-239","12":"product_cat-categories","13":"desktop-align-left","14":"tablet-align-left","15":"mobile-align-left","17":"first","18":"instock","19":"shipping-taxable","20":"product-type-simple"},"acf":[],"yoast_head":"<!-- This site is optimized with the Yoast SEO plugin v27.4 - https:\/\/yoast.com\/product\/yoast-seo-wordpress\/ -->\n<title>Testeur de lubrifiant \u00e0 quatre billes automatique Seta Shell Stanhope Seta - 19900-4 | DeltaLabo<\/title>\n<meta name=\"robots\" content=\"noindex, follow, max-snippet:-1, max-image-preview:large, max-video-preview:-1\" \/>\n<meta property=\"og:locale\" content=\"fr_FR\" \/>\n<meta property=\"og:type\" content=\"article\" \/>\n<meta property=\"og:title\" content=\"Testeur de lubrifiant \u00e0 quatre billes automatique Seta Shell Stanhope Seta - 19900-4 | DeltaLabo\" \/>\n<meta property=\"og:description\" content=\"Testeur de lubrifiant \u00e0 quatre billes automatique Seta Shell Stanhope Seta - 19900-4 :  Le testeur de lubrifiants \u00e0 quatre billes automatique Seta Shell Stanhope seta - 19900-4 d\u00e9termine les propri\u00e9t\u00e9s de frottement des huiles et graisses extr\u00eame pression. Il est conforme aux normes ASTM D2266, ASTM D4172, ASTM D2596, ASTM D2783, DIN 51350 et IP 239.  Une bille, fix\u00e9e dans un mandrin, est mise en rotation contre trois billes fixes immerg\u00e9es dans un r\u00e9cipient contenant l&#039;\u00e9chantillon.   Le variateur de vitesse num\u00e9rique dispose de trois r\u00e9glages pr\u00e9programm\u00e9s en usine : 1 200, 1 475 et 1 760 tr\/min.   Une charge, r\u00e9glable jusqu&#039;\u00e0 800 kgF, est appliqu\u00e9e aux billes \u00e0 l&#039;aide d&#039;une balance et d&#039;un v\u00e9rin \u00e9lectrique. La charge appliqu\u00e9e est affich\u00e9e sur un \u00e9cran num\u00e9rique. Le couple transmis entre les billes en rotation et les billes fixes est mesur\u00e9 et affich\u00e9.   Une minuterie permet de contr\u00f4ler la dur\u00e9e de l&#039;essai.\u00a0  T\u00e9l\u00e9charger la brochure produit : Testeur de lubrifiant \u00e0 quatre billes automatique Seta Shell Stanhope Seta - 19900-4\" \/>\n<meta property=\"og:url\" content=\"https:\/\/webdesi-gn.fr\/dev_deltalabo\/produits\/categories\/testeur-de-lubrifiant-a-quatre-billes-automatique-seta-shell-stanhope-seta-19900-4\/\" \/>\n<meta property=\"og:site_name\" content=\"DeltaLabo\" \/>\n<meta property=\"article:modified_time\" content=\"2026-03-31T11:15:49+00:00\" \/>\n<meta property=\"og:image\" content=\"https:\/\/webdesi-gn.fr\/dev_deltalabo\/wp-content\/uploads\/2025\/11\/DELTA-LABO-testeur-de-billes-19900-4.webp\" \/>\n\t<meta property=\"og:image:width\" content=\"800\" \/>\n\t<meta property=\"og:image:height\" content=\"800\" \/>\n\t<meta property=\"og:image:type\" content=\"image\/webp\" \/>\n<meta name=\"twitter:card\" content=\"summary_large_image\" \/>\n<meta name=\"twitter:label1\" content=\"Dur\u00e9e de lecture estim\u00e9e\" \/>\n\t<meta name=\"twitter:data1\" content=\"1 minute\" \/>\n<script type=\"application\/ld+json\" class=\"yoast-schema-graph\">{\"@context\":\"https:\\\/\\\/schema.org\",\"@graph\":[{\"@type\":\"WebPage\",\"@id\":\"https:\\\/\\\/webdesi-gn.fr\\\/dev_deltalabo\\\/produits\\\/categories\\\/testeur-de-lubrifiant-a-quatre-billes-automatique-seta-shell-stanhope-seta-19900-4\\\/\",\"url\":\"https:\\\/\\\/webdesi-gn.fr\\\/dev_deltalabo\\\/produits\\\/categories\\\/testeur-de-lubrifiant-a-quatre-billes-automatique-seta-shell-stanhope-seta-19900-4\\\/\",\"name\":\"Testeur de lubrifiant \u00e0 quatre billes automatique Seta Shell Stanhope Seta - 19900-4 | DeltaLabo\",\"isPartOf\":{\"@id\":\"https:\\\/\\\/webdesi-gn.fr\\\/dev_deltalabo\\\/#website\"},\"primaryImageOfPage\":{\"@id\":\"https:\\\/\\\/webdesi-gn.fr\\\/dev_deltalabo\\\/produits\\\/categories\\\/testeur-de-lubrifiant-a-quatre-billes-automatique-seta-shell-stanhope-seta-19900-4\\\/#primaryimage\"},\"image\":{\"@id\":\"https:\\\/\\\/webdesi-gn.fr\\\/dev_deltalabo\\\/produits\\\/categories\\\/testeur-de-lubrifiant-a-quatre-billes-automatique-seta-shell-stanhope-seta-19900-4\\\/#primaryimage\"},\"thumbnailUrl\":\"https:\\\/\\\/webdesi-gn.fr\\\/dev_deltalabo\\\/wp-content\\\/uploads\\\/2025\\\/11\\\/DELTA-LABO-testeur-de-billes-19900-4.webp\",\"datePublished\":\"2025-11-24T14:06:34+00:00\",\"dateModified\":\"2026-03-31T11:15:49+00:00\",\"breadcrumb\":{\"@id\":\"https:\\\/\\\/webdesi-gn.fr\\\/dev_deltalabo\\\/produits\\\/categories\\\/testeur-de-lubrifiant-a-quatre-billes-automatique-seta-shell-stanhope-seta-19900-4\\\/#breadcrumb\"},\"inLanguage\":\"fr-FR\",\"potentialAction\":[{\"@type\":\"ReadAction\",\"target\":[\"https:\\\/\\\/webdesi-gn.fr\\\/dev_deltalabo\\\/produits\\\/categories\\\/testeur-de-lubrifiant-a-quatre-billes-automatique-seta-shell-stanhope-seta-19900-4\\\/\"]}]},{\"@type\":\"ImageObject\",\"inLanguage\":\"fr-FR\",\"@id\":\"https:\\\/\\\/webdesi-gn.fr\\\/dev_deltalabo\\\/produits\\\/categories\\\/testeur-de-lubrifiant-a-quatre-billes-automatique-seta-shell-stanhope-seta-19900-4\\\/#primaryimage\",\"url\":\"https:\\\/\\\/webdesi-gn.fr\\\/dev_deltalabo\\\/wp-content\\\/uploads\\\/2025\\\/11\\\/DELTA-LABO-testeur-de-billes-19900-4.webp\",\"contentUrl\":\"https:\\\/\\\/webdesi-gn.fr\\\/dev_deltalabo\\\/wp-content\\\/uploads\\\/2025\\\/11\\\/DELTA-LABO-testeur-de-billes-19900-4.webp\",\"width\":800,\"height\":800},{\"@type\":\"BreadcrumbList\",\"@id\":\"https:\\\/\\\/webdesi-gn.fr\\\/dev_deltalabo\\\/produits\\\/categories\\\/testeur-de-lubrifiant-a-quatre-billes-automatique-seta-shell-stanhope-seta-19900-4\\\/#breadcrumb\",\"itemListElement\":[{\"@type\":\"ListItem\",\"position\":1,\"name\":\"Accueil\",\"item\":\"https:\\\/\\\/webdesi-gn.fr\\\/dev_deltalabo\\\/\"},{\"@type\":\"ListItem\",\"position\":2,\"name\":\"Produits\",\"item\":\"https:\\\/\\\/webdesi-gn.fr\\\/dev_deltalabo\\\/produits\\\/\"},{\"@type\":\"ListItem\",\"position\":3,\"name\":\"Testeur de lubrifiant \u00e0 quatre billes automatique Seta Shell Stanhope Seta &#8211; 19900-4\"}]},{\"@type\":\"WebSite\",\"@id\":\"https:\\\/\\\/webdesi-gn.fr\\\/dev_deltalabo\\\/#website\",\"url\":\"https:\\\/\\\/webdesi-gn.fr\\\/dev_deltalabo\\\/\",\"name\":\"Delta Labo\",\"description\":\"Un site utilisant WordPress\",\"publisher\":{\"@id\":\"https:\\\/\\\/webdesi-gn.fr\\\/dev_deltalabo\\\/#organization\"},\"alternateName\":\"Delta Labo\",\"potentialAction\":[{\"@type\":\"SearchAction\",\"target\":{\"@type\":\"EntryPoint\",\"urlTemplate\":\"https:\\\/\\\/webdesi-gn.fr\\\/dev_deltalabo\\\/?s={search_term_string}\"},\"query-input\":{\"@type\":\"PropertyValueSpecification\",\"valueRequired\":true,\"valueName\":\"search_term_string\"}}],\"inLanguage\":\"fr-FR\"},{\"@type\":\"Organization\",\"@id\":\"https:\\\/\\\/webdesi-gn.fr\\\/dev_deltalabo\\\/#organization\",\"name\":\"DeltaLabo\",\"url\":\"https:\\\/\\\/webdesi-gn.fr\\\/dev_deltalabo\\\/\",\"logo\":{\"@type\":\"ImageObject\",\"inLanguage\":\"fr-FR\",\"@id\":\"https:\\\/\\\/webdesi-gn.fr\\\/dev_deltalabo\\\/#\\\/schema\\\/logo\\\/image\\\/\",\"url\":\"https:\\\/\\\/webdesi-gn.fr\\\/dev_deltalabo\\\/wp-content\\\/uploads\\\/2022\\\/07\\\/logo-deltalabo.png\",\"contentUrl\":\"https:\\\/\\\/webdesi-gn.fr\\\/dev_deltalabo\\\/wp-content\\\/uploads\\\/2022\\\/07\\\/logo-deltalabo.png\",\"width\":694,\"height\":306,\"caption\":\"DeltaLabo\"},\"image\":{\"@id\":\"https:\\\/\\\/webdesi-gn.fr\\\/dev_deltalabo\\\/#\\\/schema\\\/logo\\\/image\\\/\"}}]}<\/script>\n<!-- \/ Yoast SEO plugin. -->","yoast_head_json":{"title":"Testeur de lubrifiant \u00e0 quatre billes automatique Seta Shell Stanhope Seta - 19900-4 | DeltaLabo","robots":{"index":"noindex","follow":"follow","max-snippet":"max-snippet:-1","max-image-preview":"max-image-preview:large","max-video-preview":"max-video-preview:-1"},"og_locale":"fr_FR","og_type":"article","og_title":"Testeur de lubrifiant \u00e0 quatre billes automatique Seta Shell Stanhope Seta - 19900-4 | DeltaLabo","og_description":"Testeur de lubrifiant \u00e0 quatre billes automatique Seta Shell Stanhope Seta - 19900-4 :  Le testeur de lubrifiants \u00e0 quatre billes automatique Seta Shell Stanhope seta - 19900-4 d\u00e9termine les propri\u00e9t\u00e9s de frottement des huiles et graisses extr\u00eame pression. Il est conforme aux normes ASTM D2266, ASTM D4172, ASTM D2596, ASTM D2783, DIN 51350 et IP 239.  Une bille, fix\u00e9e dans un mandrin, est mise en rotation contre trois billes fixes immerg\u00e9es dans un r\u00e9cipient contenant l'\u00e9chantillon.   Le variateur de vitesse num\u00e9rique dispose de trois r\u00e9glages pr\u00e9programm\u00e9s en usine : 1 200, 1 475 et 1 760 tr\/min.   Une charge, r\u00e9glable jusqu'\u00e0 800 kgF, est appliqu\u00e9e aux billes \u00e0 l'aide d'une balance et d'un v\u00e9rin \u00e9lectrique. La charge appliqu\u00e9e est affich\u00e9e sur un \u00e9cran num\u00e9rique. Le couple transmis entre les billes en rotation et les billes fixes est mesur\u00e9 et affich\u00e9.   Une minuterie permet de contr\u00f4ler la dur\u00e9e de l'essai.\u00a0  T\u00e9l\u00e9charger la brochure produit : Testeur de lubrifiant \u00e0 quatre billes automatique Seta Shell Stanhope Seta - 19900-4","og_url":"https:\/\/webdesi-gn.fr\/dev_deltalabo\/produits\/categories\/testeur-de-lubrifiant-a-quatre-billes-automatique-seta-shell-stanhope-seta-19900-4\/","og_site_name":"DeltaLabo","article_modified_time":"2026-03-31T11:15:49+00:00","og_image":[{"width":800,"height":800,"url":"https:\/\/webdesi-gn.fr\/dev_deltalabo\/wp-content\/uploads\/2025\/11\/DELTA-LABO-testeur-de-billes-19900-4.webp","type":"image\/webp"}],"twitter_card":"summary_large_image","twitter_misc":{"Dur\u00e9e de lecture estim\u00e9e":"1 minute"},"schema":{"@context":"https:\/\/schema.org","@graph":[{"@type":"WebPage","@id":"https:\/\/webdesi-gn.fr\/dev_deltalabo\/produits\/categories\/testeur-de-lubrifiant-a-quatre-billes-automatique-seta-shell-stanhope-seta-19900-4\/","url":"https:\/\/webdesi-gn.fr\/dev_deltalabo\/produits\/categories\/testeur-de-lubrifiant-a-quatre-billes-automatique-seta-shell-stanhope-seta-19900-4\/","name":"Testeur de lubrifiant \u00e0 quatre billes automatique Seta Shell Stanhope Seta - 19900-4 | DeltaLabo","isPartOf":{"@id":"https:\/\/webdesi-gn.fr\/dev_deltalabo\/#website"},"primaryImageOfPage":{"@id":"https:\/\/webdesi-gn.fr\/dev_deltalabo\/produits\/categories\/testeur-de-lubrifiant-a-quatre-billes-automatique-seta-shell-stanhope-seta-19900-4\/#primaryimage"},"image":{"@id":"https:\/\/webdesi-gn.fr\/dev_deltalabo\/produits\/categories\/testeur-de-lubrifiant-a-quatre-billes-automatique-seta-shell-stanhope-seta-19900-4\/#primaryimage"},"thumbnailUrl":"https:\/\/webdesi-gn.fr\/dev_deltalabo\/wp-content\/uploads\/2025\/11\/DELTA-LABO-testeur-de-billes-19900-4.webp","datePublished":"2025-11-24T14:06:34+00:00","dateModified":"2026-03-31T11:15:49+00:00","breadcrumb":{"@id":"https:\/\/webdesi-gn.fr\/dev_deltalabo\/produits\/categories\/testeur-de-lubrifiant-a-quatre-billes-automatique-seta-shell-stanhope-seta-19900-4\/#breadcrumb"},"inLanguage":"fr-FR","potentialAction":[{"@type":"ReadAction","target":["https:\/\/webdesi-gn.fr\/dev_deltalabo\/produits\/categories\/testeur-de-lubrifiant-a-quatre-billes-automatique-seta-shell-stanhope-seta-19900-4\/"]}]},{"@type":"ImageObject","inLanguage":"fr-FR","@id":"https:\/\/webdesi-gn.fr\/dev_deltalabo\/produits\/categories\/testeur-de-lubrifiant-a-quatre-billes-automatique-seta-shell-stanhope-seta-19900-4\/#primaryimage","url":"https:\/\/webdesi-gn.fr\/dev_deltalabo\/wp-content\/uploads\/2025\/11\/DELTA-LABO-testeur-de-billes-19900-4.webp","contentUrl":"https:\/\/webdesi-gn.fr\/dev_deltalabo\/wp-content\/uploads\/2025\/11\/DELTA-LABO-testeur-de-billes-19900-4.webp","width":800,"height":800},{"@type":"BreadcrumbList","@id":"https:\/\/webdesi-gn.fr\/dev_deltalabo\/produits\/categories\/testeur-de-lubrifiant-a-quatre-billes-automatique-seta-shell-stanhope-seta-19900-4\/#breadcrumb","itemListElement":[{"@type":"ListItem","position":1,"name":"Accueil","item":"https:\/\/webdesi-gn.fr\/dev_deltalabo\/"},{"@type":"ListItem","position":2,"name":"Produits","item":"https:\/\/webdesi-gn.fr\/dev_deltalabo\/produits\/"},{"@type":"ListItem","position":3,"name":"Testeur de lubrifiant \u00e0 quatre billes automatique Seta Shell Stanhope Seta &#8211; 19900-4"}]},{"@type":"WebSite","@id":"https:\/\/webdesi-gn.fr\/dev_deltalabo\/#website","url":"https:\/\/webdesi-gn.fr\/dev_deltalabo\/","name":"Delta Labo","description":"Un site utilisant WordPress","publisher":{"@id":"https:\/\/webdesi-gn.fr\/dev_deltalabo\/#organization"},"alternateName":"Delta Labo","potentialAction":[{"@type":"SearchAction","target":{"@type":"EntryPoint","urlTemplate":"https:\/\/webdesi-gn.fr\/dev_deltalabo\/?s={search_term_string}"},"query-input":{"@type":"PropertyValueSpecification","valueRequired":true,"valueName":"search_term_string"}}],"inLanguage":"fr-FR"},{"@type":"Organization","@id":"https:\/\/webdesi-gn.fr\/dev_deltalabo\/#organization","name":"DeltaLabo","url":"https:\/\/webdesi-gn.fr\/dev_deltalabo\/","logo":{"@type":"ImageObject","inLanguage":"fr-FR","@id":"https:\/\/webdesi-gn.fr\/dev_deltalabo\/#\/schema\/logo\/image\/","url":"https:\/\/webdesi-gn.fr\/dev_deltalabo\/wp-content\/uploads\/2022\/07\/logo-deltalabo.png","contentUrl":"https:\/\/webdesi-gn.fr\/dev_deltalabo\/wp-content\/uploads\/2022\/07\/logo-deltalabo.png","width":694,"height":306,"caption":"DeltaLabo"},"image":{"@id":"https:\/\/webdesi-gn.fr\/dev_deltalabo\/#\/schema\/logo\/image\/"}}]}},"_links":{"self":[{"href":"https:\/\/webdesi-gn.fr\/dev_deltalabo\/wp-json\/wp\/v2\/product\/262380","targetHints":{"allow":["GET"]}}],"collection":[{"href":"https:\/\/webdesi-gn.fr\/dev_deltalabo\/wp-json\/wp\/v2\/product"}],"about":[{"href":"https:\/\/webdesi-gn.fr\/dev_deltalabo\/wp-json\/wp\/v2\/types\/product"}],"wp:featuredmedia":[{"embeddable":true,"href":"https:\/\/webdesi-gn.fr\/dev_deltalabo\/wp-json\/wp\/v2\/media\/262412"}],"wp:attachment":[{"href":"https:\/\/webdesi-gn.fr\/dev_deltalabo\/wp-json\/wp\/v2\/media?parent=262380"}],"wp:term":[{"taxonomy":"domaine","embeddable":true,"href":"https:\/\/webdesi-gn.fr\/dev_deltalabo\/wp-json\/wp\/v2\/domaine?post=262380"},{"taxonomy":"normes","embeddable":true,"href":"https:\/\/webdesi-gn.fr\/dev_deltalabo\/wp-json\/wp\/v2\/normes?post=262380"},{"taxonomy":"product_brand","embeddable":true,"href":"https:\/\/webdesi-gn.fr\/dev_deltalabo\/wp-json\/wp\/v2\/product_brand?post=262380"},{"taxonomy":"product_cat","embeddable":true,"href":"https:\/\/webdesi-gn.fr\/dev_deltalabo\/wp-json\/wp\/v2\/product_cat?post=262380"},{"taxonomy":"product_tag","embeddable":true,"href":"https:\/\/webdesi-gn.fr\/dev_deltalabo\/wp-json\/wp\/v2\/product_tag?post=262380"}],"curies":[{"name":"wp","href":"https:\/\/api.w.org\/{rel}","templated":true}]}}