{"id":262381,"date":"2025-11-24T15:06:34","date_gmt":"2025-11-24T14:06:34","guid":{"rendered":"https:\/\/webdesi-gn.fr\/dev_deltalabo\/?post_type=product&#038;p=262381"},"modified":"2026-03-31T13:19:02","modified_gmt":"2026-03-31T11:19:02","slug":"instrument-de-mesure-des-sediments-totaux-setaclean-stanhope-seta-16120-2","status":"publish","type":"product","link":"https:\/\/webdesi-gn.fr\/dev_deltalabo\/produits\/cat-produit\/instrument-de-mesure-des-sediments-totaux-setaclean-stanhope-seta-16120-2\/","title":{"rendered":"Instrument de mesure des s\u00e9diments totaux Setaclean Stanhope Seta &#8211; 16120-2"},"content":{"rendered":"","protected":false},"excerpt":{"rendered":"<p><strong>Instrument de mesure des s\u00e9diments totaux Setaclean Stanhope Seta &#8211; 16120-2 :\u00a0<\/strong><\/p>\n<p>L&rsquo;instrument de mesure des s\u00e9diments totaux Setaclean Stanhope Seta &#8211; 16120-2 permet de d\u00e9terminer la teneur en mati\u00e8res insolubles des distillats et des fiouls r\u00e9siduels.<\/p>\n<p>Compos\u00e9 de deux cellules de filtration, de circuits de chauffage (vapeur) et de refroidissement (eau), d&rsquo;un circuit \u00e0 vide, d&rsquo;un ballon B\u00fcchner et d&rsquo;un manom\u00e8tre, il m<span dir=\"auto\">esure les s\u00e9diments jusqu&rsquo;\u00e0 0,5 % m\/m pour une v<\/span><span dir=\"auto\">iscosit\u00e9 des \u00e9chantillons allant jusqu&rsquo;\u00e0 55 mm\u00b2\/s \u00e0 100\u00b0C.<\/span><\/p>\n<p>L&rsquo;instrument de mesure des s\u00e9diments totaux Setaclean Stanhope Seta &#8211; 16120-2 est conforme aux normes ASTM D4870, IP 375 et IP 390.<\/p>\n<p><strong>T\u00e9l\u00e9charger la brochure produit :<\/strong> <a href=\"https:\/\/www.deltalabo.fr\/wp-content\/uploads\/2025\/11\/Doc-16120-2_Setaclean_Total_Sediment_Tester-engl-DL21.pdf\">Instrument de mesure des s\u00e9diments totaux Setaclean Stanhope Seta &#8211; 16120-2<\/a><\/p>\n","protected":false},"featured_media":262413,"template":"","meta":{"_acf_changed":false,"site-sidebar-layout":"default","site-content-layout":"","ast-site-content-layout":"default","site-content-style":"default","site-sidebar-style":"default","ast-global-header-display":"","ast-banner-title-visibility":"","ast-main-header-display":"","ast-hfb-above-header-display":"","ast-hfb-below-header-display":"","ast-hfb-mobile-header-display":"","site-post-title":"","ast-breadcrumbs-content":"","ast-featured-img":"","footer-sml-layout":"","ast-disable-related-posts":"","theme-transparent-header-meta":"default","adv-header-id-meta":"","stick-header-meta":"","header-above-stick-meta":"","header-main-stick-meta":"","header-below-stick-meta":"","astra-migrate-meta-layouts":"set","ast-page-background-enabled":"default","ast-page-background-meta":{"desktop":{"background-color":"var(--ast-global-color-5)","background-image":"","background-repeat":"repeat","background-position":"center center","background-size":"auto","background-attachment":"scroll","background-type":"","background-media":"","overlay-type":"","overlay-color":"","overlay-opacity":"","overlay-gradient":""},"tablet":{"background-color":"","background-image":"","background-repeat":"repeat","background-position":"center center","background-size":"auto","background-attachment":"scroll","background-type":"","background-media":"","overlay-type":"","overlay-color":"","overlay-opacity":"","overlay-gradient":""},"mobile":{"background-color":"","background-image":"","background-repeat":"repeat","background-position":"center center","background-size":"auto","background-attachment":"scroll","background-type":"","background-media":"","overlay-type":"","overlay-color":"","overlay-opacity":"","overlay-gradient":""}},"ast-content-background-meta":{"desktop":{"background-color":"var(--ast-global-color-4)","background-image":"","background-repeat":"repeat","background-position":"center center","background-size":"auto","background-attachment":"scroll","background-type":"","background-media":"","overlay-type":"","overlay-color":"","overlay-opacity":"","overlay-gradient":""},"tablet":{"background-color":"var(--ast-global-color-4)","background-image":"","background-repeat":"repeat","background-position":"center center","background-size":"auto","background-attachment":"scroll","background-type":"","background-media":"","overlay-type":"","overlay-color":"","overlay-opacity":"","overlay-gradient":""},"mobile":{"background-color":"var(--ast-global-color-4)","background-image":"","background-repeat":"repeat","background-position":"center center","background-size":"auto","background-attachment":"scroll","background-type":"","background-media":"","overlay-type":"","overlay-color":"","overlay-opacity":"","overlay-gradient":""}}},"domaine":[],"normes":[17745,17787,17788],"product_brand":[],"product_cat":[15],"product_tag":[],"class_list":{"0":"post-262381","1":"product","2":"type-product","3":"status-publish","4":"has-post-thumbnail","6":"normes-d4870","7":"normes-ip-375","8":"normes-ip-390-procedure-a","9":"product_cat-cat-produit","10":"desktop-align-left","11":"tablet-align-left","12":"mobile-align-left","14":"first","15":"instock","16":"shipping-taxable","17":"product-type-simple"},"acf":[],"yoast_head":"<!-- This site is optimized with the Yoast SEO plugin v27.4 - https:\/\/yoast.com\/product\/yoast-seo-wordpress\/ -->\n<title>Instrument de mesure des s\u00e9diments totaux Setaclean Stanhope Seta - 16120-2 | DeltaLabo<\/title>\n<meta name=\"robots\" content=\"noindex, follow, max-snippet:-1, max-image-preview:large, max-video-preview:-1\" \/>\n<meta property=\"og:locale\" content=\"fr_FR\" \/>\n<meta property=\"og:type\" content=\"article\" \/>\n<meta property=\"og:title\" content=\"Instrument de mesure des s\u00e9diments totaux Setaclean Stanhope Seta - 16120-2 | DeltaLabo\" \/>\n<meta property=\"og:description\" content=\"Instrument de mesure des s\u00e9diments totaux Setaclean Stanhope Seta - 16120-2 :\u00a0  L&#039;instrument de mesure des s\u00e9diments totaux Setaclean Stanhope Seta - 16120-2 permet de d\u00e9terminer la teneur en mati\u00e8res insolubles des distillats et des fiouls r\u00e9siduels.  Compos\u00e9 de deux cellules de filtration, de circuits de chauffage (vapeur) et de refroidissement (eau), d&#039;un circuit \u00e0 vide, d&#039;un ballon B\u00fcchner et d&#039;un manom\u00e8tre, il mesure les s\u00e9diments jusqu&#039;\u00e0 0,5 % m\/m pour une viscosit\u00e9 des \u00e9chantillons allant jusqu&#039;\u00e0 55 mm\u00b2\/s \u00e0 100\u00b0C.  L&#039;instrument de mesure des s\u00e9diments totaux Setaclean Stanhope Seta - 16120-2 est conforme aux normes ASTM D4870, IP 375 et IP 390.  T\u00e9l\u00e9charger la brochure produit : Instrument de mesure des s\u00e9diments totaux Setaclean Stanhope Seta - 16120-2\" \/>\n<meta property=\"og:url\" content=\"https:\/\/webdesi-gn.fr\/dev_deltalabo\/produits\/cat-produit\/instrument-de-mesure-des-sediments-totaux-setaclean-stanhope-seta-16120-2\/\" \/>\n<meta property=\"og:site_name\" content=\"DeltaLabo\" \/>\n<meta property=\"article:modified_time\" content=\"2026-03-31T11:19:02+00:00\" \/>\n<meta property=\"og:image\" content=\"https:\/\/webdesi-gn.fr\/dev_deltalabo\/wp-content\/uploads\/2025\/11\/DELTA-LABO-16120-2-testeur-de-sediment-stanhope.webp\" \/>\n\t<meta property=\"og:image:width\" content=\"800\" \/>\n\t<meta property=\"og:image:height\" content=\"800\" \/>\n\t<meta property=\"og:image:type\" content=\"image\/webp\" \/>\n<meta name=\"twitter:card\" content=\"summary_large_image\" \/>\n<meta name=\"twitter:label1\" content=\"Dur\u00e9e de lecture estim\u00e9e\" \/>\n\t<meta name=\"twitter:data1\" content=\"1 minute\" \/>\n<script type=\"application\/ld+json\" class=\"yoast-schema-graph\">{\"@context\":\"https:\\\/\\\/schema.org\",\"@graph\":[{\"@type\":\"WebPage\",\"@id\":\"https:\\\/\\\/webdesi-gn.fr\\\/dev_deltalabo\\\/produits\\\/cat-produit\\\/instrument-de-mesure-des-sediments-totaux-setaclean-stanhope-seta-16120-2\\\/\",\"url\":\"https:\\\/\\\/webdesi-gn.fr\\\/dev_deltalabo\\\/produits\\\/cat-produit\\\/instrument-de-mesure-des-sediments-totaux-setaclean-stanhope-seta-16120-2\\\/\",\"name\":\"Instrument de mesure des s\u00e9diments totaux Setaclean Stanhope Seta - 16120-2 | DeltaLabo\",\"isPartOf\":{\"@id\":\"https:\\\/\\\/webdesi-gn.fr\\\/dev_deltalabo\\\/#website\"},\"primaryImageOfPage\":{\"@id\":\"https:\\\/\\\/webdesi-gn.fr\\\/dev_deltalabo\\\/produits\\\/cat-produit\\\/instrument-de-mesure-des-sediments-totaux-setaclean-stanhope-seta-16120-2\\\/#primaryimage\"},\"image\":{\"@id\":\"https:\\\/\\\/webdesi-gn.fr\\\/dev_deltalabo\\\/produits\\\/cat-produit\\\/instrument-de-mesure-des-sediments-totaux-setaclean-stanhope-seta-16120-2\\\/#primaryimage\"},\"thumbnailUrl\":\"https:\\\/\\\/webdesi-gn.fr\\\/dev_deltalabo\\\/wp-content\\\/uploads\\\/2025\\\/11\\\/DELTA-LABO-16120-2-testeur-de-sediment-stanhope.webp\",\"datePublished\":\"2025-11-24T14:06:34+00:00\",\"dateModified\":\"2026-03-31T11:19:02+00:00\",\"breadcrumb\":{\"@id\":\"https:\\\/\\\/webdesi-gn.fr\\\/dev_deltalabo\\\/produits\\\/cat-produit\\\/instrument-de-mesure-des-sediments-totaux-setaclean-stanhope-seta-16120-2\\\/#breadcrumb\"},\"inLanguage\":\"fr-FR\",\"potentialAction\":[{\"@type\":\"ReadAction\",\"target\":[\"https:\\\/\\\/webdesi-gn.fr\\\/dev_deltalabo\\\/produits\\\/cat-produit\\\/instrument-de-mesure-des-sediments-totaux-setaclean-stanhope-seta-16120-2\\\/\"]}]},{\"@type\":\"ImageObject\",\"inLanguage\":\"fr-FR\",\"@id\":\"https:\\\/\\\/webdesi-gn.fr\\\/dev_deltalabo\\\/produits\\\/cat-produit\\\/instrument-de-mesure-des-sediments-totaux-setaclean-stanhope-seta-16120-2\\\/#primaryimage\",\"url\":\"https:\\\/\\\/webdesi-gn.fr\\\/dev_deltalabo\\\/wp-content\\\/uploads\\\/2025\\\/11\\\/DELTA-LABO-16120-2-testeur-de-sediment-stanhope.webp\",\"contentUrl\":\"https:\\\/\\\/webdesi-gn.fr\\\/dev_deltalabo\\\/wp-content\\\/uploads\\\/2025\\\/11\\\/DELTA-LABO-16120-2-testeur-de-sediment-stanhope.webp\",\"width\":800,\"height\":800},{\"@type\":\"BreadcrumbList\",\"@id\":\"https:\\\/\\\/webdesi-gn.fr\\\/dev_deltalabo\\\/produits\\\/cat-produit\\\/instrument-de-mesure-des-sediments-totaux-setaclean-stanhope-seta-16120-2\\\/#breadcrumb\",\"itemListElement\":[{\"@type\":\"ListItem\",\"position\":1,\"name\":\"Accueil\",\"item\":\"https:\\\/\\\/webdesi-gn.fr\\\/dev_deltalabo\\\/\"},{\"@type\":\"ListItem\",\"position\":2,\"name\":\"Produits\",\"item\":\"https:\\\/\\\/webdesi-gn.fr\\\/dev_deltalabo\\\/produits\\\/\"},{\"@type\":\"ListItem\",\"position\":3,\"name\":\"Instrument de mesure des s\u00e9diments totaux Setaclean Stanhope Seta &#8211; 16120-2\"}]},{\"@type\":\"WebSite\",\"@id\":\"https:\\\/\\\/webdesi-gn.fr\\\/dev_deltalabo\\\/#website\",\"url\":\"https:\\\/\\\/webdesi-gn.fr\\\/dev_deltalabo\\\/\",\"name\":\"Delta Labo\",\"description\":\"Un site utilisant WordPress\",\"publisher\":{\"@id\":\"https:\\\/\\\/webdesi-gn.fr\\\/dev_deltalabo\\\/#organization\"},\"alternateName\":\"Delta Labo\",\"potentialAction\":[{\"@type\":\"SearchAction\",\"target\":{\"@type\":\"EntryPoint\",\"urlTemplate\":\"https:\\\/\\\/webdesi-gn.fr\\\/dev_deltalabo\\\/?s={search_term_string}\"},\"query-input\":{\"@type\":\"PropertyValueSpecification\",\"valueRequired\":true,\"valueName\":\"search_term_string\"}}],\"inLanguage\":\"fr-FR\"},{\"@type\":\"Organization\",\"@id\":\"https:\\\/\\\/webdesi-gn.fr\\\/dev_deltalabo\\\/#organization\",\"name\":\"DeltaLabo\",\"url\":\"https:\\\/\\\/webdesi-gn.fr\\\/dev_deltalabo\\\/\",\"logo\":{\"@type\":\"ImageObject\",\"inLanguage\":\"fr-FR\",\"@id\":\"https:\\\/\\\/webdesi-gn.fr\\\/dev_deltalabo\\\/#\\\/schema\\\/logo\\\/image\\\/\",\"url\":\"https:\\\/\\\/webdesi-gn.fr\\\/dev_deltalabo\\\/wp-content\\\/uploads\\\/2022\\\/07\\\/logo-deltalabo.png\",\"contentUrl\":\"https:\\\/\\\/webdesi-gn.fr\\\/dev_deltalabo\\\/wp-content\\\/uploads\\\/2022\\\/07\\\/logo-deltalabo.png\",\"width\":694,\"height\":306,\"caption\":\"DeltaLabo\"},\"image\":{\"@id\":\"https:\\\/\\\/webdesi-gn.fr\\\/dev_deltalabo\\\/#\\\/schema\\\/logo\\\/image\\\/\"}}]}<\/script>\n<!-- \/ Yoast SEO plugin. -->","yoast_head_json":{"title":"Instrument de mesure des s\u00e9diments totaux Setaclean Stanhope Seta - 16120-2 | DeltaLabo","robots":{"index":"noindex","follow":"follow","max-snippet":"max-snippet:-1","max-image-preview":"max-image-preview:large","max-video-preview":"max-video-preview:-1"},"og_locale":"fr_FR","og_type":"article","og_title":"Instrument de mesure des s\u00e9diments totaux Setaclean Stanhope Seta - 16120-2 | DeltaLabo","og_description":"Instrument de mesure des s\u00e9diments totaux Setaclean Stanhope Seta - 16120-2 :\u00a0  L'instrument de mesure des s\u00e9diments totaux Setaclean Stanhope Seta - 16120-2 permet de d\u00e9terminer la teneur en mati\u00e8res insolubles des distillats et des fiouls r\u00e9siduels.  Compos\u00e9 de deux cellules de filtration, de circuits de chauffage (vapeur) et de refroidissement (eau), d'un circuit \u00e0 vide, d'un ballon B\u00fcchner et d'un manom\u00e8tre, il mesure les s\u00e9diments jusqu'\u00e0 0,5 % m\/m pour une viscosit\u00e9 des \u00e9chantillons allant jusqu'\u00e0 55 mm\u00b2\/s \u00e0 100\u00b0C.  L'instrument de mesure des s\u00e9diments totaux Setaclean Stanhope Seta - 16120-2 est conforme aux normes ASTM D4870, IP 375 et IP 390.  T\u00e9l\u00e9charger la brochure produit : Instrument de mesure des s\u00e9diments totaux Setaclean Stanhope Seta - 16120-2","og_url":"https:\/\/webdesi-gn.fr\/dev_deltalabo\/produits\/cat-produit\/instrument-de-mesure-des-sediments-totaux-setaclean-stanhope-seta-16120-2\/","og_site_name":"DeltaLabo","article_modified_time":"2026-03-31T11:19:02+00:00","og_image":[{"width":800,"height":800,"url":"https:\/\/webdesi-gn.fr\/dev_deltalabo\/wp-content\/uploads\/2025\/11\/DELTA-LABO-16120-2-testeur-de-sediment-stanhope.webp","type":"image\/webp"}],"twitter_card":"summary_large_image","twitter_misc":{"Dur\u00e9e de lecture estim\u00e9e":"1 minute"},"schema":{"@context":"https:\/\/schema.org","@graph":[{"@type":"WebPage","@id":"https:\/\/webdesi-gn.fr\/dev_deltalabo\/produits\/cat-produit\/instrument-de-mesure-des-sediments-totaux-setaclean-stanhope-seta-16120-2\/","url":"https:\/\/webdesi-gn.fr\/dev_deltalabo\/produits\/cat-produit\/instrument-de-mesure-des-sediments-totaux-setaclean-stanhope-seta-16120-2\/","name":"Instrument de mesure des s\u00e9diments totaux Setaclean Stanhope Seta - 16120-2 | DeltaLabo","isPartOf":{"@id":"https:\/\/webdesi-gn.fr\/dev_deltalabo\/#website"},"primaryImageOfPage":{"@id":"https:\/\/webdesi-gn.fr\/dev_deltalabo\/produits\/cat-produit\/instrument-de-mesure-des-sediments-totaux-setaclean-stanhope-seta-16120-2\/#primaryimage"},"image":{"@id":"https:\/\/webdesi-gn.fr\/dev_deltalabo\/produits\/cat-produit\/instrument-de-mesure-des-sediments-totaux-setaclean-stanhope-seta-16120-2\/#primaryimage"},"thumbnailUrl":"https:\/\/webdesi-gn.fr\/dev_deltalabo\/wp-content\/uploads\/2025\/11\/DELTA-LABO-16120-2-testeur-de-sediment-stanhope.webp","datePublished":"2025-11-24T14:06:34+00:00","dateModified":"2026-03-31T11:19:02+00:00","breadcrumb":{"@id":"https:\/\/webdesi-gn.fr\/dev_deltalabo\/produits\/cat-produit\/instrument-de-mesure-des-sediments-totaux-setaclean-stanhope-seta-16120-2\/#breadcrumb"},"inLanguage":"fr-FR","potentialAction":[{"@type":"ReadAction","target":["https:\/\/webdesi-gn.fr\/dev_deltalabo\/produits\/cat-produit\/instrument-de-mesure-des-sediments-totaux-setaclean-stanhope-seta-16120-2\/"]}]},{"@type":"ImageObject","inLanguage":"fr-FR","@id":"https:\/\/webdesi-gn.fr\/dev_deltalabo\/produits\/cat-produit\/instrument-de-mesure-des-sediments-totaux-setaclean-stanhope-seta-16120-2\/#primaryimage","url":"https:\/\/webdesi-gn.fr\/dev_deltalabo\/wp-content\/uploads\/2025\/11\/DELTA-LABO-16120-2-testeur-de-sediment-stanhope.webp","contentUrl":"https:\/\/webdesi-gn.fr\/dev_deltalabo\/wp-content\/uploads\/2025\/11\/DELTA-LABO-16120-2-testeur-de-sediment-stanhope.webp","width":800,"height":800},{"@type":"BreadcrumbList","@id":"https:\/\/webdesi-gn.fr\/dev_deltalabo\/produits\/cat-produit\/instrument-de-mesure-des-sediments-totaux-setaclean-stanhope-seta-16120-2\/#breadcrumb","itemListElement":[{"@type":"ListItem","position":1,"name":"Accueil","item":"https:\/\/webdesi-gn.fr\/dev_deltalabo\/"},{"@type":"ListItem","position":2,"name":"Produits","item":"https:\/\/webdesi-gn.fr\/dev_deltalabo\/produits\/"},{"@type":"ListItem","position":3,"name":"Instrument de mesure des s\u00e9diments totaux Setaclean Stanhope Seta &#8211; 16120-2"}]},{"@type":"WebSite","@id":"https:\/\/webdesi-gn.fr\/dev_deltalabo\/#website","url":"https:\/\/webdesi-gn.fr\/dev_deltalabo\/","name":"Delta Labo","description":"Un site utilisant WordPress","publisher":{"@id":"https:\/\/webdesi-gn.fr\/dev_deltalabo\/#organization"},"alternateName":"Delta Labo","potentialAction":[{"@type":"SearchAction","target":{"@type":"EntryPoint","urlTemplate":"https:\/\/webdesi-gn.fr\/dev_deltalabo\/?s={search_term_string}"},"query-input":{"@type":"PropertyValueSpecification","valueRequired":true,"valueName":"search_term_string"}}],"inLanguage":"fr-FR"},{"@type":"Organization","@id":"https:\/\/webdesi-gn.fr\/dev_deltalabo\/#organization","name":"DeltaLabo","url":"https:\/\/webdesi-gn.fr\/dev_deltalabo\/","logo":{"@type":"ImageObject","inLanguage":"fr-FR","@id":"https:\/\/webdesi-gn.fr\/dev_deltalabo\/#\/schema\/logo\/image\/","url":"https:\/\/webdesi-gn.fr\/dev_deltalabo\/wp-content\/uploads\/2022\/07\/logo-deltalabo.png","contentUrl":"https:\/\/webdesi-gn.fr\/dev_deltalabo\/wp-content\/uploads\/2022\/07\/logo-deltalabo.png","width":694,"height":306,"caption":"DeltaLabo"},"image":{"@id":"https:\/\/webdesi-gn.fr\/dev_deltalabo\/#\/schema\/logo\/image\/"}}]}},"_links":{"self":[{"href":"https:\/\/webdesi-gn.fr\/dev_deltalabo\/wp-json\/wp\/v2\/product\/262381","targetHints":{"allow":["GET"]}}],"collection":[{"href":"https:\/\/webdesi-gn.fr\/dev_deltalabo\/wp-json\/wp\/v2\/product"}],"about":[{"href":"https:\/\/webdesi-gn.fr\/dev_deltalabo\/wp-json\/wp\/v2\/types\/product"}],"wp:featuredmedia":[{"embeddable":true,"href":"https:\/\/webdesi-gn.fr\/dev_deltalabo\/wp-json\/wp\/v2\/media\/262413"}],"wp:attachment":[{"href":"https:\/\/webdesi-gn.fr\/dev_deltalabo\/wp-json\/wp\/v2\/media?parent=262381"}],"wp:term":[{"taxonomy":"domaine","embeddable":true,"href":"https:\/\/webdesi-gn.fr\/dev_deltalabo\/wp-json\/wp\/v2\/domaine?post=262381"},{"taxonomy":"normes","embeddable":true,"href":"https:\/\/webdesi-gn.fr\/dev_deltalabo\/wp-json\/wp\/v2\/normes?post=262381"},{"taxonomy":"product_brand","embeddable":true,"href":"https:\/\/webdesi-gn.fr\/dev_deltalabo\/wp-json\/wp\/v2\/product_brand?post=262381"},{"taxonomy":"product_cat","embeddable":true,"href":"https:\/\/webdesi-gn.fr\/dev_deltalabo\/wp-json\/wp\/v2\/product_cat?post=262381"},{"taxonomy":"product_tag","embeddable":true,"href":"https:\/\/webdesi-gn.fr\/dev_deltalabo\/wp-json\/wp\/v2\/product_tag?post=262381"}],"curies":[{"name":"wp","href":"https:\/\/api.w.org\/{rel}","templated":true}]}}