{"id":262382,"date":"2025-11-24T15:06:34","date_gmt":"2025-11-24T14:06:34","guid":{"rendered":"https:\/\/webdesi-gn.fr\/dev_deltalabo\/?post_type=product&#038;p=262382"},"modified":"2025-11-24T16:20:22","modified_gmt":"2025-11-24T15:20:22","slug":"recipient-inox-pour-test-de-corrosion-sur-gpl-stanhope-seta-22150-5","status":"publish","type":"product","link":"https:\/\/webdesi-gn.fr\/dev_deltalabo\/produits\/cat-produit\/recipient-inox-pour-test-de-corrosion-sur-gpl-stanhope-seta-22150-5\/","title":{"rendered":"R\u00e9cipient inox pour test de corrosion sur GPL Stanhope Seta &#8211; 22150-5"},"content":{"rendered":"","protected":false},"excerpt":{"rendered":"<p><strong>R\u00e9cipient inox pour test de corrosion sur GPL Stanhope Seta &#8211; 22150-5 :<\/strong><\/p>\n<p>Le r\u00e9cipient inox pour test de corrosion sur GPL Stanhope Seta &#8211; 22150-5 permet de d\u00e9tecter la corrosivit\u00e9 des GPL sur le cuivre. Une bande de cuivre polie est immerg\u00e9e dans un \u00e9chantillon de GPL pendant une heure \u00e0 37,8\u00b0C, puis retir\u00e9e et \u00e9valu\u00e9e selon la norme ASTM-IP.<\/p>\n<p>Le r\u00e9cipient inox pour test de corrosion sur GPL Stanhope Seta &#8211; 22150-5 est conforme aux normes ASTM D1838, IP 411 et ISO 6251. Il comprend une cuve en acier inoxydable poli avec deux robinets \u00e0 pointeau en acier inoxydable, un tube plongeur et un bouchon \u00e0 joint torique.<\/p>\n<p>Pression d&rsquo;essai : 70 bar.<\/p>\n<p><strong>T\u00e9l\u00e9charger la brochure produit :<\/strong> <a href=\"https:\/\/www.deltalabo.fr\/wp-content\/uploads\/2025\/11\/22150-5_lpg_corrosion-engl-DL.pdf\">R\u00e9cipient inox pour test de corrosion sur GPL Stanhope Seta &#8211; 22150-5<\/a><\/p>\n","protected":false},"featured_media":262418,"template":"","meta":{"_acf_changed":false,"site-sidebar-layout":"default","site-content-layout":"","ast-site-content-layout":"default","site-content-style":"default","site-sidebar-style":"default","ast-global-header-display":"","ast-banner-title-visibility":"","ast-main-header-display":"","ast-hfb-above-header-display":"","ast-hfb-below-header-display":"","ast-hfb-mobile-header-display":"","site-post-title":"","ast-breadcrumbs-content":"","ast-featured-img":"","footer-sml-layout":"","ast-disable-related-posts":"","theme-transparent-header-meta":"default","adv-header-id-meta":"","stick-header-meta":"","header-above-stick-meta":"","header-main-stick-meta":"","header-below-stick-meta":"","astra-migrate-meta-layouts":"set","ast-page-background-enabled":"default","ast-page-background-meta":{"desktop":{"background-color":"var(--ast-global-color-5)","background-image":"","background-repeat":"repeat","background-position":"center center","background-size":"auto","background-attachment":"scroll","background-type":"","background-media":"","overlay-type":"","overlay-color":"","overlay-opacity":"","overlay-gradient":""},"tablet":{"background-color":"","background-image":"","background-repeat":"repeat","background-position":"center center","background-size":"auto","background-attachment":"scroll","background-type":"","background-media":"","overlay-type":"","overlay-color":"","overlay-opacity":"","overlay-gradient":""},"mobile":{"background-color":"","background-image":"","background-repeat":"repeat","background-position":"center center","background-size":"auto","background-attachment":"scroll","background-type":"","background-media":"","overlay-type":"","overlay-color":"","overlay-opacity":"","overlay-gradient":""}},"ast-content-background-meta":{"desktop":{"background-color":"var(--ast-global-color-4)","background-image":"","background-repeat":"repeat","background-position":"center center","background-size":"auto","background-attachment":"scroll","background-type":"","background-media":"","overlay-type":"","overlay-color":"","overlay-opacity":"","overlay-gradient":""},"tablet":{"background-color":"var(--ast-global-color-4)","background-image":"","background-repeat":"repeat","background-position":"center center","background-size":"auto","background-attachment":"scroll","background-type":"","background-media":"","overlay-type":"","overlay-color":"","overlay-opacity":"","overlay-gradient":""},"mobile":{"background-color":"var(--ast-global-color-4)","background-image":"","background-repeat":"repeat","background-position":"center center","background-size":"auto","background-attachment":"scroll","background-type":"","background-media":"","overlay-type":"","overlay-color":"","overlay-opacity":"","overlay-gradient":""}}},"domaine":[],"normes":[17677,17678],"product_brand":[],"product_cat":[15],"product_tag":[],"class_list":{"0":"post-262382","1":"product","2":"type-product","3":"status-publish","4":"has-post-thumbnail","6":"normes-d1838","7":"normes-ip-411","8":"product_cat-cat-produit","9":"desktop-align-left","10":"tablet-align-left","11":"mobile-align-left","13":"first","14":"instock","15":"shipping-taxable","16":"product-type-simple"},"acf":[],"yoast_head":"<!-- This site is optimized with the Yoast SEO plugin v27.4 - https:\/\/yoast.com\/product\/yoast-seo-wordpress\/ -->\n<title>R\u00e9cipient inox pour test de corrosion sur GPL Stanhope Seta - 22150-5 | DeltaLabo<\/title>\n<meta name=\"robots\" content=\"noindex, follow, max-snippet:-1, max-image-preview:large, max-video-preview:-1\" \/>\n<meta property=\"og:locale\" content=\"fr_FR\" \/>\n<meta property=\"og:type\" content=\"article\" \/>\n<meta property=\"og:title\" content=\"R\u00e9cipient inox pour test de corrosion sur GPL Stanhope Seta - 22150-5 | DeltaLabo\" \/>\n<meta property=\"og:description\" content=\"R\u00e9cipient inox pour test de corrosion sur GPL Stanhope Seta - 22150-5 :  Le r\u00e9cipient inox pour test de corrosion sur GPL Stanhope Seta - 22150-5 permet de d\u00e9tecter la corrosivit\u00e9 des GPL sur le cuivre. Une bande de cuivre polie est immerg\u00e9e dans un \u00e9chantillon de GPL pendant une heure \u00e0 37,8\u00b0C, puis retir\u00e9e et \u00e9valu\u00e9e selon la norme ASTM-IP.  Le r\u00e9cipient inox pour test de corrosion sur GPL Stanhope Seta - 22150-5 est conforme aux normes ASTM D1838, IP 411 et ISO 6251. Il comprend une cuve en acier inoxydable poli avec deux robinets \u00e0 pointeau en acier inoxydable, un tube plongeur et un bouchon \u00e0 joint torique.  Pression d&#039;essai : 70 bar.  T\u00e9l\u00e9charger la brochure produit : R\u00e9cipient inox pour test de corrosion sur GPL Stanhope Seta - 22150-5\" \/>\n<meta property=\"og:url\" content=\"https:\/\/webdesi-gn.fr\/dev_deltalabo\/produits\/cat-produit\/recipient-inox-pour-test-de-corrosion-sur-gpl-stanhope-seta-22150-5\/\" \/>\n<meta property=\"og:site_name\" content=\"DeltaLabo\" \/>\n<meta property=\"article:modified_time\" content=\"2025-11-24T15:20:22+00:00\" \/>\n<meta property=\"og:image\" content=\"https:\/\/webdesi-gn.fr\/dev_deltalabo\/wp-content\/uploads\/2025\/11\/DELTA-LABO-22150-5_Copper_Strip.webp\" \/>\n\t<meta property=\"og:image:width\" content=\"800\" \/>\n\t<meta property=\"og:image:height\" content=\"800\" \/>\n\t<meta property=\"og:image:type\" content=\"image\/webp\" \/>\n<meta name=\"twitter:card\" content=\"summary_large_image\" \/>\n<meta name=\"twitter:label1\" content=\"Dur\u00e9e de lecture estim\u00e9e\" \/>\n\t<meta name=\"twitter:data1\" content=\"1 minute\" \/>\n<script type=\"application\/ld+json\" class=\"yoast-schema-graph\">{\"@context\":\"https:\\\/\\\/schema.org\",\"@graph\":[{\"@type\":\"WebPage\",\"@id\":\"https:\\\/\\\/webdesi-gn.fr\\\/dev_deltalabo\\\/produits\\\/cat-produit\\\/recipient-inox-pour-test-de-corrosion-sur-gpl-stanhope-seta-22150-5\\\/\",\"url\":\"https:\\\/\\\/webdesi-gn.fr\\\/dev_deltalabo\\\/produits\\\/cat-produit\\\/recipient-inox-pour-test-de-corrosion-sur-gpl-stanhope-seta-22150-5\\\/\",\"name\":\"R\u00e9cipient inox pour test de corrosion sur GPL Stanhope Seta - 22150-5 | DeltaLabo\",\"isPartOf\":{\"@id\":\"https:\\\/\\\/webdesi-gn.fr\\\/dev_deltalabo\\\/#website\"},\"primaryImageOfPage\":{\"@id\":\"https:\\\/\\\/webdesi-gn.fr\\\/dev_deltalabo\\\/produits\\\/cat-produit\\\/recipient-inox-pour-test-de-corrosion-sur-gpl-stanhope-seta-22150-5\\\/#primaryimage\"},\"image\":{\"@id\":\"https:\\\/\\\/webdesi-gn.fr\\\/dev_deltalabo\\\/produits\\\/cat-produit\\\/recipient-inox-pour-test-de-corrosion-sur-gpl-stanhope-seta-22150-5\\\/#primaryimage\"},\"thumbnailUrl\":\"https:\\\/\\\/webdesi-gn.fr\\\/dev_deltalabo\\\/wp-content\\\/uploads\\\/2025\\\/11\\\/DELTA-LABO-22150-5_Copper_Strip.webp\",\"datePublished\":\"2025-11-24T14:06:34+00:00\",\"dateModified\":\"2025-11-24T15:20:22+00:00\",\"breadcrumb\":{\"@id\":\"https:\\\/\\\/webdesi-gn.fr\\\/dev_deltalabo\\\/produits\\\/cat-produit\\\/recipient-inox-pour-test-de-corrosion-sur-gpl-stanhope-seta-22150-5\\\/#breadcrumb\"},\"inLanguage\":\"fr-FR\",\"potentialAction\":[{\"@type\":\"ReadAction\",\"target\":[\"https:\\\/\\\/webdesi-gn.fr\\\/dev_deltalabo\\\/produits\\\/cat-produit\\\/recipient-inox-pour-test-de-corrosion-sur-gpl-stanhope-seta-22150-5\\\/\"]}]},{\"@type\":\"ImageObject\",\"inLanguage\":\"fr-FR\",\"@id\":\"https:\\\/\\\/webdesi-gn.fr\\\/dev_deltalabo\\\/produits\\\/cat-produit\\\/recipient-inox-pour-test-de-corrosion-sur-gpl-stanhope-seta-22150-5\\\/#primaryimage\",\"url\":\"https:\\\/\\\/webdesi-gn.fr\\\/dev_deltalabo\\\/wp-content\\\/uploads\\\/2025\\\/11\\\/DELTA-LABO-22150-5_Copper_Strip.webp\",\"contentUrl\":\"https:\\\/\\\/webdesi-gn.fr\\\/dev_deltalabo\\\/wp-content\\\/uploads\\\/2025\\\/11\\\/DELTA-LABO-22150-5_Copper_Strip.webp\",\"width\":800,\"height\":800},{\"@type\":\"BreadcrumbList\",\"@id\":\"https:\\\/\\\/webdesi-gn.fr\\\/dev_deltalabo\\\/produits\\\/cat-produit\\\/recipient-inox-pour-test-de-corrosion-sur-gpl-stanhope-seta-22150-5\\\/#breadcrumb\",\"itemListElement\":[{\"@type\":\"ListItem\",\"position\":1,\"name\":\"Accueil\",\"item\":\"https:\\\/\\\/webdesi-gn.fr\\\/dev_deltalabo\\\/\"},{\"@type\":\"ListItem\",\"position\":2,\"name\":\"Produits\",\"item\":\"https:\\\/\\\/webdesi-gn.fr\\\/dev_deltalabo\\\/produits\\\/\"},{\"@type\":\"ListItem\",\"position\":3,\"name\":\"R\u00e9cipient inox pour test de corrosion sur GPL Stanhope Seta &#8211; 22150-5\"}]},{\"@type\":\"WebSite\",\"@id\":\"https:\\\/\\\/webdesi-gn.fr\\\/dev_deltalabo\\\/#website\",\"url\":\"https:\\\/\\\/webdesi-gn.fr\\\/dev_deltalabo\\\/\",\"name\":\"Delta Labo\",\"description\":\"Un site utilisant WordPress\",\"publisher\":{\"@id\":\"https:\\\/\\\/webdesi-gn.fr\\\/dev_deltalabo\\\/#organization\"},\"alternateName\":\"Delta Labo\",\"potentialAction\":[{\"@type\":\"SearchAction\",\"target\":{\"@type\":\"EntryPoint\",\"urlTemplate\":\"https:\\\/\\\/webdesi-gn.fr\\\/dev_deltalabo\\\/?s={search_term_string}\"},\"query-input\":{\"@type\":\"PropertyValueSpecification\",\"valueRequired\":true,\"valueName\":\"search_term_string\"}}],\"inLanguage\":\"fr-FR\"},{\"@type\":\"Organization\",\"@id\":\"https:\\\/\\\/webdesi-gn.fr\\\/dev_deltalabo\\\/#organization\",\"name\":\"DeltaLabo\",\"url\":\"https:\\\/\\\/webdesi-gn.fr\\\/dev_deltalabo\\\/\",\"logo\":{\"@type\":\"ImageObject\",\"inLanguage\":\"fr-FR\",\"@id\":\"https:\\\/\\\/webdesi-gn.fr\\\/dev_deltalabo\\\/#\\\/schema\\\/logo\\\/image\\\/\",\"url\":\"https:\\\/\\\/webdesi-gn.fr\\\/dev_deltalabo\\\/wp-content\\\/uploads\\\/2022\\\/07\\\/logo-deltalabo.png\",\"contentUrl\":\"https:\\\/\\\/webdesi-gn.fr\\\/dev_deltalabo\\\/wp-content\\\/uploads\\\/2022\\\/07\\\/logo-deltalabo.png\",\"width\":694,\"height\":306,\"caption\":\"DeltaLabo\"},\"image\":{\"@id\":\"https:\\\/\\\/webdesi-gn.fr\\\/dev_deltalabo\\\/#\\\/schema\\\/logo\\\/image\\\/\"}}]}<\/script>\n<!-- \/ Yoast SEO plugin. -->","yoast_head_json":{"title":"R\u00e9cipient inox pour test de corrosion sur GPL Stanhope Seta - 22150-5 | DeltaLabo","robots":{"index":"noindex","follow":"follow","max-snippet":"max-snippet:-1","max-image-preview":"max-image-preview:large","max-video-preview":"max-video-preview:-1"},"og_locale":"fr_FR","og_type":"article","og_title":"R\u00e9cipient inox pour test de corrosion sur GPL Stanhope Seta - 22150-5 | DeltaLabo","og_description":"R\u00e9cipient inox pour test de corrosion sur GPL Stanhope Seta - 22150-5 :  Le r\u00e9cipient inox pour test de corrosion sur GPL Stanhope Seta - 22150-5 permet de d\u00e9tecter la corrosivit\u00e9 des GPL sur le cuivre. Une bande de cuivre polie est immerg\u00e9e dans un \u00e9chantillon de GPL pendant une heure \u00e0 37,8\u00b0C, puis retir\u00e9e et \u00e9valu\u00e9e selon la norme ASTM-IP.  Le r\u00e9cipient inox pour test de corrosion sur GPL Stanhope Seta - 22150-5 est conforme aux normes ASTM D1838, IP 411 et ISO 6251. Il comprend une cuve en acier inoxydable poli avec deux robinets \u00e0 pointeau en acier inoxydable, un tube plongeur et un bouchon \u00e0 joint torique.  Pression d'essai : 70 bar.  T\u00e9l\u00e9charger la brochure produit : R\u00e9cipient inox pour test de corrosion sur GPL Stanhope Seta - 22150-5","og_url":"https:\/\/webdesi-gn.fr\/dev_deltalabo\/produits\/cat-produit\/recipient-inox-pour-test-de-corrosion-sur-gpl-stanhope-seta-22150-5\/","og_site_name":"DeltaLabo","article_modified_time":"2025-11-24T15:20:22+00:00","og_image":[{"width":800,"height":800,"url":"https:\/\/webdesi-gn.fr\/dev_deltalabo\/wp-content\/uploads\/2025\/11\/DELTA-LABO-22150-5_Copper_Strip.webp","type":"image\/webp"}],"twitter_card":"summary_large_image","twitter_misc":{"Dur\u00e9e de lecture estim\u00e9e":"1 minute"},"schema":{"@context":"https:\/\/schema.org","@graph":[{"@type":"WebPage","@id":"https:\/\/webdesi-gn.fr\/dev_deltalabo\/produits\/cat-produit\/recipient-inox-pour-test-de-corrosion-sur-gpl-stanhope-seta-22150-5\/","url":"https:\/\/webdesi-gn.fr\/dev_deltalabo\/produits\/cat-produit\/recipient-inox-pour-test-de-corrosion-sur-gpl-stanhope-seta-22150-5\/","name":"R\u00e9cipient inox pour test de corrosion sur GPL Stanhope Seta - 22150-5 | DeltaLabo","isPartOf":{"@id":"https:\/\/webdesi-gn.fr\/dev_deltalabo\/#website"},"primaryImageOfPage":{"@id":"https:\/\/webdesi-gn.fr\/dev_deltalabo\/produits\/cat-produit\/recipient-inox-pour-test-de-corrosion-sur-gpl-stanhope-seta-22150-5\/#primaryimage"},"image":{"@id":"https:\/\/webdesi-gn.fr\/dev_deltalabo\/produits\/cat-produit\/recipient-inox-pour-test-de-corrosion-sur-gpl-stanhope-seta-22150-5\/#primaryimage"},"thumbnailUrl":"https:\/\/webdesi-gn.fr\/dev_deltalabo\/wp-content\/uploads\/2025\/11\/DELTA-LABO-22150-5_Copper_Strip.webp","datePublished":"2025-11-24T14:06:34+00:00","dateModified":"2025-11-24T15:20:22+00:00","breadcrumb":{"@id":"https:\/\/webdesi-gn.fr\/dev_deltalabo\/produits\/cat-produit\/recipient-inox-pour-test-de-corrosion-sur-gpl-stanhope-seta-22150-5\/#breadcrumb"},"inLanguage":"fr-FR","potentialAction":[{"@type":"ReadAction","target":["https:\/\/webdesi-gn.fr\/dev_deltalabo\/produits\/cat-produit\/recipient-inox-pour-test-de-corrosion-sur-gpl-stanhope-seta-22150-5\/"]}]},{"@type":"ImageObject","inLanguage":"fr-FR","@id":"https:\/\/webdesi-gn.fr\/dev_deltalabo\/produits\/cat-produit\/recipient-inox-pour-test-de-corrosion-sur-gpl-stanhope-seta-22150-5\/#primaryimage","url":"https:\/\/webdesi-gn.fr\/dev_deltalabo\/wp-content\/uploads\/2025\/11\/DELTA-LABO-22150-5_Copper_Strip.webp","contentUrl":"https:\/\/webdesi-gn.fr\/dev_deltalabo\/wp-content\/uploads\/2025\/11\/DELTA-LABO-22150-5_Copper_Strip.webp","width":800,"height":800},{"@type":"BreadcrumbList","@id":"https:\/\/webdesi-gn.fr\/dev_deltalabo\/produits\/cat-produit\/recipient-inox-pour-test-de-corrosion-sur-gpl-stanhope-seta-22150-5\/#breadcrumb","itemListElement":[{"@type":"ListItem","position":1,"name":"Accueil","item":"https:\/\/webdesi-gn.fr\/dev_deltalabo\/"},{"@type":"ListItem","position":2,"name":"Produits","item":"https:\/\/webdesi-gn.fr\/dev_deltalabo\/produits\/"},{"@type":"ListItem","position":3,"name":"R\u00e9cipient inox pour test de corrosion sur GPL Stanhope Seta &#8211; 22150-5"}]},{"@type":"WebSite","@id":"https:\/\/webdesi-gn.fr\/dev_deltalabo\/#website","url":"https:\/\/webdesi-gn.fr\/dev_deltalabo\/","name":"Delta Labo","description":"Un site utilisant WordPress","publisher":{"@id":"https:\/\/webdesi-gn.fr\/dev_deltalabo\/#organization"},"alternateName":"Delta Labo","potentialAction":[{"@type":"SearchAction","target":{"@type":"EntryPoint","urlTemplate":"https:\/\/webdesi-gn.fr\/dev_deltalabo\/?s={search_term_string}"},"query-input":{"@type":"PropertyValueSpecification","valueRequired":true,"valueName":"search_term_string"}}],"inLanguage":"fr-FR"},{"@type":"Organization","@id":"https:\/\/webdesi-gn.fr\/dev_deltalabo\/#organization","name":"DeltaLabo","url":"https:\/\/webdesi-gn.fr\/dev_deltalabo\/","logo":{"@type":"ImageObject","inLanguage":"fr-FR","@id":"https:\/\/webdesi-gn.fr\/dev_deltalabo\/#\/schema\/logo\/image\/","url":"https:\/\/webdesi-gn.fr\/dev_deltalabo\/wp-content\/uploads\/2022\/07\/logo-deltalabo.png","contentUrl":"https:\/\/webdesi-gn.fr\/dev_deltalabo\/wp-content\/uploads\/2022\/07\/logo-deltalabo.png","width":694,"height":306,"caption":"DeltaLabo"},"image":{"@id":"https:\/\/webdesi-gn.fr\/dev_deltalabo\/#\/schema\/logo\/image\/"}}]}},"_links":{"self":[{"href":"https:\/\/webdesi-gn.fr\/dev_deltalabo\/wp-json\/wp\/v2\/product\/262382","targetHints":{"allow":["GET"]}}],"collection":[{"href":"https:\/\/webdesi-gn.fr\/dev_deltalabo\/wp-json\/wp\/v2\/product"}],"about":[{"href":"https:\/\/webdesi-gn.fr\/dev_deltalabo\/wp-json\/wp\/v2\/types\/product"}],"wp:featuredmedia":[{"embeddable":true,"href":"https:\/\/webdesi-gn.fr\/dev_deltalabo\/wp-json\/wp\/v2\/media\/262418"}],"wp:attachment":[{"href":"https:\/\/webdesi-gn.fr\/dev_deltalabo\/wp-json\/wp\/v2\/media?parent=262382"}],"wp:term":[{"taxonomy":"domaine","embeddable":true,"href":"https:\/\/webdesi-gn.fr\/dev_deltalabo\/wp-json\/wp\/v2\/domaine?post=262382"},{"taxonomy":"normes","embeddable":true,"href":"https:\/\/webdesi-gn.fr\/dev_deltalabo\/wp-json\/wp\/v2\/normes?post=262382"},{"taxonomy":"product_brand","embeddable":true,"href":"https:\/\/webdesi-gn.fr\/dev_deltalabo\/wp-json\/wp\/v2\/product_brand?post=262382"},{"taxonomy":"product_cat","embeddable":true,"href":"https:\/\/webdesi-gn.fr\/dev_deltalabo\/wp-json\/wp\/v2\/product_cat?post=262382"},{"taxonomy":"product_tag","embeddable":true,"href":"https:\/\/webdesi-gn.fr\/dev_deltalabo\/wp-json\/wp\/v2\/product_tag?post=262382"}],"curies":[{"name":"wp","href":"https:\/\/api.w.org\/{rel}","templated":true}]}}