{"id":262383,"date":"2025-11-24T15:06:35","date_gmt":"2025-11-24T14:06:35","guid":{"rendered":"https:\/\/webdesi-gn.fr\/dev_deltalabo\/?post_type=product&#038;p=262383"},"modified":"2025-11-24T15:07:12","modified_gmt":"2025-11-24T14:07:12","slug":"bain-dessai-antirouille-stanhope-seta-11200-8","status":"publish","type":"product","link":"https:\/\/webdesi-gn.fr\/dev_deltalabo\/produits\/categories\/bain-dessai-antirouille-stanhope-seta-11200-8\/","title":{"rendered":"Bain d&rsquo;essai antirouille Stanhope Seta &#8211; 11200-8"},"content":{"rendered":"","protected":false},"excerpt":{"rendered":"<p><strong>Bain d&rsquo;essai antirouille Stanhope Seta &#8211; 11200-8 :<\/strong><\/p>\n<p><span dir=\"auto\">Le bain d&rsquo;essai antirouille Stanhope Seta &#8211; 11200-8 permet de d\u00e9terminer la capacit\u00e9 des huiles pour turbines \u00e0 vapeur \u00e0 pr\u00e9venir la corrosion des composants ferreux et de tester les propri\u00e9t\u00e9s corrosives des cargaisons dans les pipelines de produits p\u00e9troliers.<\/span><\/p>\n<p><span dir=\"auto\">Le bain d&rsquo;huile d&rsquo;une capacit\u00e9 de 31 litres poss\u00e8de une plage de temp\u00e9rature allant de la temp\u00e9rature ambiante +5\u00b0C \u00e0 120\u00b0C et est contr\u00f4l\u00e9 par un agitateur thermique num\u00e9rique d\u00e9port\u00e9, calibr\u00e9 \u00e0 60\u00b0C \u00b10,1\u00b0C. Le panneau sup\u00e9rieur du bain peut accueillir jusqu&rsquo;\u00e0 sept b\u00e9chers d&rsquo;essai. Chaque b\u00e9cher est agit\u00e9 \u00e0 1000 \u00b150 tr\/min par un agitateur \u00e0 palette \u00e0 fixation rapide.<\/span><\/p>\n<p>Le bain d&rsquo;essai antirouille Stanhope Seta &#8211; 11200-8 est conforme aux normes ASTM D665, ASTM D3603, ASTM D5534, IP 135, ISO 7120 et NACE TM0172.<\/p>\n<p><strong>T\u00e9l\u00e9charger la brochure produit :<\/strong> <a href=\"https:\/\/www.deltalabo.fr\/wp-content\/uploads\/2025\/11\/Doc-11200-8_Rust_Prevention_Test_Bath-engl-DL.pdf\">Bain d&rsquo;essai antirouille Stanhope Seta &#8211; 11200-8<\/a><\/p>\n","protected":false},"featured_media":262419,"template":"","meta":{"_acf_changed":false,"site-sidebar-layout":"default","site-content-layout":"","ast-site-content-layout":"default","site-content-style":"default","site-sidebar-style":"default","ast-global-header-display":"","ast-banner-title-visibility":"","ast-main-header-display":"","ast-hfb-above-header-display":"","ast-hfb-below-header-display":"","ast-hfb-mobile-header-display":"","site-post-title":"","ast-breadcrumbs-content":"","ast-featured-img":"","footer-sml-layout":"","ast-disable-related-posts":"","theme-transparent-header-meta":"","adv-header-id-meta":"","stick-header-meta":"","header-above-stick-meta":"","header-main-stick-meta":"","header-below-stick-meta":"","astra-migrate-meta-layouts":"default","ast-page-background-enabled":"default","ast-page-background-meta":{"desktop":{"background-color":"var(--ast-global-color-5)","background-image":"","background-repeat":"repeat","background-position":"center center","background-size":"auto","background-attachment":"scroll","background-type":"","background-media":"","overlay-type":"","overlay-color":"","overlay-opacity":"","overlay-gradient":""},"tablet":{"background-color":"","background-image":"","background-repeat":"repeat","background-position":"center center","background-size":"auto","background-attachment":"scroll","background-type":"","background-media":"","overlay-type":"","overlay-color":"","overlay-opacity":"","overlay-gradient":""},"mobile":{"background-color":"","background-image":"","background-repeat":"repeat","background-position":"center center","background-size":"auto","background-attachment":"scroll","background-type":"","background-media":"","overlay-type":"","overlay-color":"","overlay-opacity":"","overlay-gradient":""}},"ast-content-background-meta":{"desktop":{"background-color":"var(--ast-global-color-4)","background-image":"","background-repeat":"repeat","background-position":"center center","background-size":"auto","background-attachment":"scroll","background-type":"","background-media":"","overlay-type":"","overlay-color":"","overlay-opacity":"","overlay-gradient":""},"tablet":{"background-color":"var(--ast-global-color-4)","background-image":"","background-repeat":"repeat","background-position":"center center","background-size":"auto","background-attachment":"scroll","background-type":"","background-media":"","overlay-type":"","overlay-color":"","overlay-opacity":"","overlay-gradient":""},"mobile":{"background-color":"var(--ast-global-color-4)","background-image":"","background-repeat":"repeat","background-position":"center center","background-size":"auto","background-attachment":"scroll","background-type":"","background-media":"","overlay-type":"","overlay-color":"","overlay-opacity":"","overlay-gradient":""}}},"domaine":[],"normes":[],"product_brand":[],"product_cat":[17240],"product_tag":[],"class_list":{"0":"post-262383","1":"product","2":"type-product","3":"status-publish","4":"has-post-thumbnail","6":"product_cat-categories","7":"desktop-align-left","8":"tablet-align-left","9":"mobile-align-left","11":"first","12":"instock","13":"shipping-taxable","14":"product-type-simple"},"acf":[],"yoast_head":"<!-- This site is optimized with the Yoast SEO plugin v27.4 - https:\/\/yoast.com\/product\/yoast-seo-wordpress\/ -->\n<title>Bain d&#039;essai antirouille Stanhope Seta - 11200-8 | DeltaLabo<\/title>\n<meta name=\"robots\" content=\"noindex, follow, max-snippet:-1, max-image-preview:large, max-video-preview:-1\" \/>\n<meta property=\"og:locale\" content=\"fr_FR\" \/>\n<meta property=\"og:type\" content=\"article\" \/>\n<meta property=\"og:title\" content=\"Bain d&#039;essai antirouille Stanhope Seta - 11200-8 | DeltaLabo\" \/>\n<meta property=\"og:description\" content=\"Bain d&#039;essai antirouille Stanhope Seta - 11200-8 :  Le bain d&#039;essai antirouille Stanhope Seta - 11200-8 permet de d\u00e9terminer la capacit\u00e9 des huiles pour turbines \u00e0 vapeur \u00e0 pr\u00e9venir la corrosion des composants ferreux et de tester les propri\u00e9t\u00e9s corrosives des cargaisons dans les pipelines de produits p\u00e9troliers.  Le bain d&#039;huile d&#039;une capacit\u00e9 de 31 litres poss\u00e8de une plage de temp\u00e9rature allant de la temp\u00e9rature ambiante +5\u00b0C \u00e0 120\u00b0C et est contr\u00f4l\u00e9 par un agitateur thermique num\u00e9rique d\u00e9port\u00e9, calibr\u00e9 \u00e0 60\u00b0C \u00b10,1\u00b0C. Le panneau sup\u00e9rieur du bain peut accueillir jusqu&#039;\u00e0 sept b\u00e9chers d&#039;essai. Chaque b\u00e9cher est agit\u00e9 \u00e0 1000 \u00b150 tr\/min par un agitateur \u00e0 palette \u00e0 fixation rapide.  Le bain d&#039;essai antirouille Stanhope Seta - 11200-8 est conforme aux normes ASTM D665, ASTM D3603, ASTM D5534, IP 135, ISO 7120 et NACE TM0172.  T\u00e9l\u00e9charger la brochure produit : Bain d&#039;essai antirouille Stanhope Seta - 11200-8\" \/>\n<meta property=\"og:url\" content=\"https:\/\/webdesi-gn.fr\/dev_deltalabo\/produits\/cat-produit\/bain-dessai-antirouille-stanhope-seta-11200-8\/\" \/>\n<meta property=\"og:site_name\" content=\"DeltaLabo\" \/>\n<meta property=\"article:modified_time\" content=\"2025-11-24T14:07:12+00:00\" \/>\n<meta property=\"og:image\" content=\"https:\/\/webdesi-gn.fr\/dev_deltalabo\/wp-content\/uploads\/2022\/01\/laboratory-g43d8b3442_1280.jpg\" \/>\n\t<meta property=\"og:image:width\" content=\"1280\" \/>\n\t<meta property=\"og:image:height\" content=\"853\" \/>\n\t<meta property=\"og:image:type\" content=\"image\/jpeg\" \/>\n<meta name=\"twitter:card\" content=\"summary_large_image\" \/>\n<script type=\"application\/ld+json\" class=\"yoast-schema-graph\">{\"@context\":\"https:\\\/\\\/schema.org\",\"@graph\":[{\"@type\":\"WebPage\",\"@id\":\"https:\\\/\\\/webdesi-gn.fr\\\/dev_deltalabo\\\/produits\\\/cat-produit\\\/bain-dessai-antirouille-stanhope-seta-11200-8\\\/\",\"url\":\"https:\\\/\\\/webdesi-gn.fr\\\/dev_deltalabo\\\/produits\\\/cat-produit\\\/bain-dessai-antirouille-stanhope-seta-11200-8\\\/\",\"name\":\"Bain d'essai antirouille Stanhope Seta - 11200-8 | DeltaLabo\",\"isPartOf\":{\"@id\":\"https:\\\/\\\/webdesi-gn.fr\\\/dev_deltalabo\\\/#website\"},\"primaryImageOfPage\":{\"@id\":\"https:\\\/\\\/webdesi-gn.fr\\\/dev_deltalabo\\\/produits\\\/cat-produit\\\/bain-dessai-antirouille-stanhope-seta-11200-8\\\/#primaryimage\"},\"image\":{\"@id\":\"https:\\\/\\\/webdesi-gn.fr\\\/dev_deltalabo\\\/produits\\\/cat-produit\\\/bain-dessai-antirouille-stanhope-seta-11200-8\\\/#primaryimage\"},\"thumbnailUrl\":\"https:\\\/\\\/webdesi-gn.fr\\\/dev_deltalabo\\\/wp-content\\\/uploads\\\/2025\\\/11\\\/DELTA-LABO-11200-8_Rust_Prevention_Bath.webp\",\"datePublished\":\"2025-11-24T14:06:35+00:00\",\"dateModified\":\"2025-11-24T14:07:12+00:00\",\"breadcrumb\":{\"@id\":\"https:\\\/\\\/webdesi-gn.fr\\\/dev_deltalabo\\\/produits\\\/cat-produit\\\/bain-dessai-antirouille-stanhope-seta-11200-8\\\/#breadcrumb\"},\"inLanguage\":\"fr-FR\",\"potentialAction\":[{\"@type\":\"ReadAction\",\"target\":[\"https:\\\/\\\/webdesi-gn.fr\\\/dev_deltalabo\\\/produits\\\/cat-produit\\\/bain-dessai-antirouille-stanhope-seta-11200-8\\\/\"]}]},{\"@type\":\"ImageObject\",\"inLanguage\":\"fr-FR\",\"@id\":\"https:\\\/\\\/webdesi-gn.fr\\\/dev_deltalabo\\\/produits\\\/cat-produit\\\/bain-dessai-antirouille-stanhope-seta-11200-8\\\/#primaryimage\",\"url\":\"https:\\\/\\\/webdesi-gn.fr\\\/dev_deltalabo\\\/wp-content\\\/uploads\\\/2025\\\/11\\\/DELTA-LABO-11200-8_Rust_Prevention_Bath.webp\",\"contentUrl\":\"https:\\\/\\\/webdesi-gn.fr\\\/dev_deltalabo\\\/wp-content\\\/uploads\\\/2025\\\/11\\\/DELTA-LABO-11200-8_Rust_Prevention_Bath.webp\",\"width\":800,\"height\":800},{\"@type\":\"BreadcrumbList\",\"@id\":\"https:\\\/\\\/webdesi-gn.fr\\\/dev_deltalabo\\\/produits\\\/cat-produit\\\/bain-dessai-antirouille-stanhope-seta-11200-8\\\/#breadcrumb\",\"itemListElement\":[{\"@type\":\"ListItem\",\"position\":1,\"name\":\"Accueil\",\"item\":\"https:\\\/\\\/webdesi-gn.fr\\\/dev_deltalabo\\\/\"},{\"@type\":\"ListItem\",\"position\":2,\"name\":\"Produits\",\"item\":\"https:\\\/\\\/webdesi-gn.fr\\\/dev_deltalabo\\\/produits\\\/\"},{\"@type\":\"ListItem\",\"position\":3,\"name\":\"Bain d&rsquo;essai antirouille Stanhope Seta &#8211; 11200-8\"}]},{\"@type\":\"WebSite\",\"@id\":\"https:\\\/\\\/webdesi-gn.fr\\\/dev_deltalabo\\\/#website\",\"url\":\"https:\\\/\\\/webdesi-gn.fr\\\/dev_deltalabo\\\/\",\"name\":\"Delta Labo\",\"description\":\"Un site utilisant WordPress\",\"publisher\":{\"@id\":\"https:\\\/\\\/webdesi-gn.fr\\\/dev_deltalabo\\\/#organization\"},\"alternateName\":\"Delta Labo\",\"potentialAction\":[{\"@type\":\"SearchAction\",\"target\":{\"@type\":\"EntryPoint\",\"urlTemplate\":\"https:\\\/\\\/webdesi-gn.fr\\\/dev_deltalabo\\\/?s={search_term_string}\"},\"query-input\":{\"@type\":\"PropertyValueSpecification\",\"valueRequired\":true,\"valueName\":\"search_term_string\"}}],\"inLanguage\":\"fr-FR\"},{\"@type\":\"Organization\",\"@id\":\"https:\\\/\\\/webdesi-gn.fr\\\/dev_deltalabo\\\/#organization\",\"name\":\"DeltaLabo\",\"url\":\"https:\\\/\\\/webdesi-gn.fr\\\/dev_deltalabo\\\/\",\"logo\":{\"@type\":\"ImageObject\",\"inLanguage\":\"fr-FR\",\"@id\":\"https:\\\/\\\/webdesi-gn.fr\\\/dev_deltalabo\\\/#\\\/schema\\\/logo\\\/image\\\/\",\"url\":\"https:\\\/\\\/webdesi-gn.fr\\\/dev_deltalabo\\\/wp-content\\\/uploads\\\/2022\\\/07\\\/logo-deltalabo.png\",\"contentUrl\":\"https:\\\/\\\/webdesi-gn.fr\\\/dev_deltalabo\\\/wp-content\\\/uploads\\\/2022\\\/07\\\/logo-deltalabo.png\",\"width\":694,\"height\":306,\"caption\":\"DeltaLabo\"},\"image\":{\"@id\":\"https:\\\/\\\/webdesi-gn.fr\\\/dev_deltalabo\\\/#\\\/schema\\\/logo\\\/image\\\/\"}}]}<\/script>\n<!-- \/ Yoast SEO plugin. -->","yoast_head_json":{"title":"Bain d'essai antirouille Stanhope Seta - 11200-8 | DeltaLabo","robots":{"index":"noindex","follow":"follow","max-snippet":"max-snippet:-1","max-image-preview":"max-image-preview:large","max-video-preview":"max-video-preview:-1"},"og_locale":"fr_FR","og_type":"article","og_title":"Bain d'essai antirouille Stanhope Seta - 11200-8 | DeltaLabo","og_description":"Bain d'essai antirouille Stanhope Seta - 11200-8 :  Le bain d'essai antirouille Stanhope Seta - 11200-8 permet de d\u00e9terminer la capacit\u00e9 des huiles pour turbines \u00e0 vapeur \u00e0 pr\u00e9venir la corrosion des composants ferreux et de tester les propri\u00e9t\u00e9s corrosives des cargaisons dans les pipelines de produits p\u00e9troliers.  Le bain d'huile d'une capacit\u00e9 de 31 litres poss\u00e8de une plage de temp\u00e9rature allant de la temp\u00e9rature ambiante +5\u00b0C \u00e0 120\u00b0C et est contr\u00f4l\u00e9 par un agitateur thermique num\u00e9rique d\u00e9port\u00e9, calibr\u00e9 \u00e0 60\u00b0C \u00b10,1\u00b0C. Le panneau sup\u00e9rieur du bain peut accueillir jusqu'\u00e0 sept b\u00e9chers d'essai. Chaque b\u00e9cher est agit\u00e9 \u00e0 1000 \u00b150 tr\/min par un agitateur \u00e0 palette \u00e0 fixation rapide.  Le bain d'essai antirouille Stanhope Seta - 11200-8 est conforme aux normes ASTM D665, ASTM D3603, ASTM D5534, IP 135, ISO 7120 et NACE TM0172.  T\u00e9l\u00e9charger la brochure produit : Bain d'essai antirouille Stanhope Seta - 11200-8","og_url":"https:\/\/webdesi-gn.fr\/dev_deltalabo\/produits\/cat-produit\/bain-dessai-antirouille-stanhope-seta-11200-8\/","og_site_name":"DeltaLabo","article_modified_time":"2025-11-24T14:07:12+00:00","og_image":[{"width":1280,"height":853,"url":"https:\/\/webdesi-gn.fr\/dev_deltalabo\/wp-content\/uploads\/2022\/01\/laboratory-g43d8b3442_1280.jpg","type":"image\/jpeg"}],"twitter_card":"summary_large_image","schema":{"@context":"https:\/\/schema.org","@graph":[{"@type":"WebPage","@id":"https:\/\/webdesi-gn.fr\/dev_deltalabo\/produits\/cat-produit\/bain-dessai-antirouille-stanhope-seta-11200-8\/","url":"https:\/\/webdesi-gn.fr\/dev_deltalabo\/produits\/cat-produit\/bain-dessai-antirouille-stanhope-seta-11200-8\/","name":"Bain d'essai antirouille Stanhope Seta - 11200-8 | DeltaLabo","isPartOf":{"@id":"https:\/\/webdesi-gn.fr\/dev_deltalabo\/#website"},"primaryImageOfPage":{"@id":"https:\/\/webdesi-gn.fr\/dev_deltalabo\/produits\/cat-produit\/bain-dessai-antirouille-stanhope-seta-11200-8\/#primaryimage"},"image":{"@id":"https:\/\/webdesi-gn.fr\/dev_deltalabo\/produits\/cat-produit\/bain-dessai-antirouille-stanhope-seta-11200-8\/#primaryimage"},"thumbnailUrl":"https:\/\/webdesi-gn.fr\/dev_deltalabo\/wp-content\/uploads\/2025\/11\/DELTA-LABO-11200-8_Rust_Prevention_Bath.webp","datePublished":"2025-11-24T14:06:35+00:00","dateModified":"2025-11-24T14:07:12+00:00","breadcrumb":{"@id":"https:\/\/webdesi-gn.fr\/dev_deltalabo\/produits\/cat-produit\/bain-dessai-antirouille-stanhope-seta-11200-8\/#breadcrumb"},"inLanguage":"fr-FR","potentialAction":[{"@type":"ReadAction","target":["https:\/\/webdesi-gn.fr\/dev_deltalabo\/produits\/cat-produit\/bain-dessai-antirouille-stanhope-seta-11200-8\/"]}]},{"@type":"ImageObject","inLanguage":"fr-FR","@id":"https:\/\/webdesi-gn.fr\/dev_deltalabo\/produits\/cat-produit\/bain-dessai-antirouille-stanhope-seta-11200-8\/#primaryimage","url":"https:\/\/webdesi-gn.fr\/dev_deltalabo\/wp-content\/uploads\/2025\/11\/DELTA-LABO-11200-8_Rust_Prevention_Bath.webp","contentUrl":"https:\/\/webdesi-gn.fr\/dev_deltalabo\/wp-content\/uploads\/2025\/11\/DELTA-LABO-11200-8_Rust_Prevention_Bath.webp","width":800,"height":800},{"@type":"BreadcrumbList","@id":"https:\/\/webdesi-gn.fr\/dev_deltalabo\/produits\/cat-produit\/bain-dessai-antirouille-stanhope-seta-11200-8\/#breadcrumb","itemListElement":[{"@type":"ListItem","position":1,"name":"Accueil","item":"https:\/\/webdesi-gn.fr\/dev_deltalabo\/"},{"@type":"ListItem","position":2,"name":"Produits","item":"https:\/\/webdesi-gn.fr\/dev_deltalabo\/produits\/"},{"@type":"ListItem","position":3,"name":"Bain d&rsquo;essai antirouille Stanhope Seta &#8211; 11200-8"}]},{"@type":"WebSite","@id":"https:\/\/webdesi-gn.fr\/dev_deltalabo\/#website","url":"https:\/\/webdesi-gn.fr\/dev_deltalabo\/","name":"Delta Labo","description":"Un site utilisant WordPress","publisher":{"@id":"https:\/\/webdesi-gn.fr\/dev_deltalabo\/#organization"},"alternateName":"Delta Labo","potentialAction":[{"@type":"SearchAction","target":{"@type":"EntryPoint","urlTemplate":"https:\/\/webdesi-gn.fr\/dev_deltalabo\/?s={search_term_string}"},"query-input":{"@type":"PropertyValueSpecification","valueRequired":true,"valueName":"search_term_string"}}],"inLanguage":"fr-FR"},{"@type":"Organization","@id":"https:\/\/webdesi-gn.fr\/dev_deltalabo\/#organization","name":"DeltaLabo","url":"https:\/\/webdesi-gn.fr\/dev_deltalabo\/","logo":{"@type":"ImageObject","inLanguage":"fr-FR","@id":"https:\/\/webdesi-gn.fr\/dev_deltalabo\/#\/schema\/logo\/image\/","url":"https:\/\/webdesi-gn.fr\/dev_deltalabo\/wp-content\/uploads\/2022\/07\/logo-deltalabo.png","contentUrl":"https:\/\/webdesi-gn.fr\/dev_deltalabo\/wp-content\/uploads\/2022\/07\/logo-deltalabo.png","width":694,"height":306,"caption":"DeltaLabo"},"image":{"@id":"https:\/\/webdesi-gn.fr\/dev_deltalabo\/#\/schema\/logo\/image\/"}}]}},"_links":{"self":[{"href":"https:\/\/webdesi-gn.fr\/dev_deltalabo\/wp-json\/wp\/v2\/product\/262383","targetHints":{"allow":["GET"]}}],"collection":[{"href":"https:\/\/webdesi-gn.fr\/dev_deltalabo\/wp-json\/wp\/v2\/product"}],"about":[{"href":"https:\/\/webdesi-gn.fr\/dev_deltalabo\/wp-json\/wp\/v2\/types\/product"}],"wp:featuredmedia":[{"embeddable":true,"href":"https:\/\/webdesi-gn.fr\/dev_deltalabo\/wp-json\/wp\/v2\/media\/262419"}],"wp:attachment":[{"href":"https:\/\/webdesi-gn.fr\/dev_deltalabo\/wp-json\/wp\/v2\/media?parent=262383"}],"wp:term":[{"taxonomy":"domaine","embeddable":true,"href":"https:\/\/webdesi-gn.fr\/dev_deltalabo\/wp-json\/wp\/v2\/domaine?post=262383"},{"taxonomy":"normes","embeddable":true,"href":"https:\/\/webdesi-gn.fr\/dev_deltalabo\/wp-json\/wp\/v2\/normes?post=262383"},{"taxonomy":"product_brand","embeddable":true,"href":"https:\/\/webdesi-gn.fr\/dev_deltalabo\/wp-json\/wp\/v2\/product_brand?post=262383"},{"taxonomy":"product_cat","embeddable":true,"href":"https:\/\/webdesi-gn.fr\/dev_deltalabo\/wp-json\/wp\/v2\/product_cat?post=262383"},{"taxonomy":"product_tag","embeddable":true,"href":"https:\/\/webdesi-gn.fr\/dev_deltalabo\/wp-json\/wp\/v2\/product_tag?post=262383"}],"curies":[{"name":"wp","href":"https:\/\/api.w.org\/{rel}","templated":true}]}}