{"id":262389,"date":"2025-11-24T15:06:36","date_gmt":"2025-11-24T14:06:36","guid":{"rendered":"https:\/\/webdesi-gn.fr\/dev_deltalabo\/?post_type=product&#038;p=262389"},"modified":"2025-11-24T15:07:42","modified_gmt":"2025-11-24T14:07:42","slug":"chauffe-flacon-de-distillation-stanhope-seta","status":"publish","type":"product","link":"https:\/\/webdesi-gn.fr\/dev_deltalabo\/produits\/categories\/chauffe-flacon-de-distillation-stanhope-seta\/","title":{"rendered":"Chauffe-flacon de distillation STANHOPE SETA"},"content":{"rendered":"","protected":false},"excerpt":{"rendered":"<p><strong>Chauffe-flacon de distillation STANHOPE SETA :\u00a0<\/strong><\/p>\n<p><span dir=\"auto\">Le chauffe-ballon de distillation Seta est un chauffe-ballon r\u00e9gul\u00e9 pouvant accueillir un ballon de 500 mL ou 1000 mL. C&rsquo;est un chauffe-ballon polyvalent con\u00e7u pour les proc\u00e9dures de laboratoire exigeant un contr\u00f4le pr\u00e9cis de la temp\u00e9rature.<\/span><\/p>\n<p>Il est conforme aux normes <span dir=\"auto\">ASTM D95,\u00a0<\/span><span dir=\"auto\">ASTM D244,\u00a0<\/span><span dir=\"auto\">ASTM D4006,\u00a0<\/span><span dir=\"auto\">ASTM E123,\u00a0<\/span><span dir=\"auto\">IP 74,\u00a0<\/span><span dir=\"auto\">IP 291 et <\/span><span dir=\"auto\">IP 358.<\/span><\/p>\n<p><span dir=\"auto\">L&rsquo;\u00e9l\u00e9ment chauffant est en fibre de verre, ce qui minimise les risques d&rsquo;endommagement du flacon en cas de l\u00e9ger choc entre celui-ci et l&rsquo;\u00e9l\u00e9ment chauffant. L&rsquo;efficacit\u00e9 du chauffage est grandement optimis\u00e9e gr\u00e2ce \u00e0 un bon contact entre l&rsquo;\u00e9l\u00e9ment chauffant et le r\u00e9cipient en verre.<\/span><\/p>\n<p><span dir=\"auto\">La temp\u00e9rature se r\u00e8gle \u00e0 l&rsquo;aide d&rsquo;une molette. Un voyant s&rsquo;allume lorsque l&rsquo;\u00e9l\u00e9ment chauffant est aliment\u00e9. Une fois la temp\u00e9rature stabilis\u00e9e, le voyant clignote lors de br\u00e8ves impulsions de puissance n\u00e9cessaires au maintien de cette temp\u00e9rature.<\/span><\/p>\n<ul class=\"checkmark-list\">\n<li><span dir=\"auto\">Plage de temp\u00e9rature jusqu&rsquo;\u00e0 450\u00b0C<\/span><\/li>\n<li><span dir=\"auto\"><span dir=\"auto\">Chauffage \u00e0 manteau de 260 W pour le ballon de 500 mL<\/span><\/span><\/li>\n<li><span dir=\"auto\"><span dir=\"auto\">Chauffage \u00e0 manteau de 350 W pour le ballon de 1000 mL<\/span><\/span><\/li>\n<li><span dir=\"auto\"><span dir=\"auto\">R\u00e9gulateur d&rsquo;\u00e9nergie int\u00e9gral<\/span><\/span><\/li>\n<li><span dir=\"auto\"><span dir=\"auto\">Fourni avec tige de support, c\u00e2ble d&rsquo;alimentation et manuel d&rsquo;utilisation<\/span><\/span><\/li>\n<\/ul>\n<p><strong>T\u00e9l\u00e9charger la brochure produit :<\/strong> <a href=\"https:\/\/www.deltalabo.fr\/wp-content\/uploads\/2025\/11\/24415-3_Distillation_Dean-stark-engl-DL.pdf\">Chauffe-flacon de distillation STANHOPE SETA<\/a><\/p>\n","protected":false},"featured_media":262431,"template":"","meta":{"_acf_changed":false,"site-sidebar-layout":"default","site-content-layout":"","ast-site-content-layout":"default","site-content-style":"default","site-sidebar-style":"default","ast-global-header-display":"","ast-banner-title-visibility":"","ast-main-header-display":"","ast-hfb-above-header-display":"","ast-hfb-below-header-display":"","ast-hfb-mobile-header-display":"","site-post-title":"","ast-breadcrumbs-content":"","ast-featured-img":"","footer-sml-layout":"","ast-disable-related-posts":"","theme-transparent-header-meta":"","adv-header-id-meta":"","stick-header-meta":"","header-above-stick-meta":"","header-main-stick-meta":"","header-below-stick-meta":"","astra-migrate-meta-layouts":"default","ast-page-background-enabled":"default","ast-page-background-meta":{"desktop":{"background-color":"var(--ast-global-color-5)","background-image":"","background-repeat":"repeat","background-position":"center center","background-size":"auto","background-attachment":"scroll","background-type":"","background-media":"","overlay-type":"","overlay-color":"","overlay-opacity":"","overlay-gradient":""},"tablet":{"background-color":"","background-image":"","background-repeat":"repeat","background-position":"center center","background-size":"auto","background-attachment":"scroll","background-type":"","background-media":"","overlay-type":"","overlay-color":"","overlay-opacity":"","overlay-gradient":""},"mobile":{"background-color":"","background-image":"","background-repeat":"repeat","background-position":"center center","background-size":"auto","background-attachment":"scroll","background-type":"","background-media":"","overlay-type":"","overlay-color":"","overlay-opacity":"","overlay-gradient":""}},"ast-content-background-meta":{"desktop":{"background-color":"var(--ast-global-color-4)","background-image":"","background-repeat":"repeat","background-position":"center center","background-size":"auto","background-attachment":"scroll","background-type":"","background-media":"","overlay-type":"","overlay-color":"","overlay-opacity":"","overlay-gradient":""},"tablet":{"background-color":"var(--ast-global-color-4)","background-image":"","background-repeat":"repeat","background-position":"center center","background-size":"auto","background-attachment":"scroll","background-type":"","background-media":"","overlay-type":"","overlay-color":"","overlay-opacity":"","overlay-gradient":""},"mobile":{"background-color":"var(--ast-global-color-4)","background-image":"","background-repeat":"repeat","background-position":"center center","background-size":"auto","background-attachment":"scroll","background-type":"","background-media":"","overlay-type":"","overlay-color":"","overlay-opacity":"","overlay-gradient":""}}},"domaine":[],"normes":[],"product_brand":[],"product_cat":[17240],"product_tag":[],"class_list":{"0":"post-262389","1":"product","2":"type-product","3":"status-publish","4":"has-post-thumbnail","6":"product_cat-categories","7":"desktop-align-left","8":"tablet-align-left","9":"mobile-align-left","11":"first","12":"instock","13":"shipping-taxable","14":"product-type-simple"},"acf":[],"yoast_head":"<!-- This site is optimized with the Yoast SEO plugin v27.4 - https:\/\/yoast.com\/product\/yoast-seo-wordpress\/ -->\n<title>Chauffe-flacon de distillation STANHOPE SETA | DeltaLabo<\/title>\n<meta name=\"robots\" content=\"noindex, follow, max-snippet:-1, max-image-preview:large, max-video-preview:-1\" \/>\n<meta property=\"og:locale\" content=\"fr_FR\" \/>\n<meta property=\"og:type\" content=\"article\" \/>\n<meta property=\"og:title\" content=\"Chauffe-flacon de distillation STANHOPE SETA | DeltaLabo\" \/>\n<meta property=\"og:description\" content=\"Chauffe-flacon de distillation STANHOPE SETA :\u00a0  Le chauffe-ballon de distillation Seta est un chauffe-ballon r\u00e9gul\u00e9 pouvant accueillir un ballon de 500 mL ou 1000 mL. C&#039;est un chauffe-ballon polyvalent con\u00e7u pour les proc\u00e9dures de laboratoire exigeant un contr\u00f4le pr\u00e9cis de la temp\u00e9rature.  Il est conforme aux normes ASTM D95,\u00a0ASTM D244,\u00a0ASTM D4006,\u00a0ASTM E123,\u00a0IP 74,\u00a0IP 291 et IP 358.  L&#039;\u00e9l\u00e9ment chauffant est en fibre de verre, ce qui minimise les risques d&#039;endommagement du flacon en cas de l\u00e9ger choc entre celui-ci et l&#039;\u00e9l\u00e9ment chauffant. L&#039;efficacit\u00e9 du chauffage est grandement optimis\u00e9e gr\u00e2ce \u00e0 un bon contact entre l&#039;\u00e9l\u00e9ment chauffant et le r\u00e9cipient en verre.  La temp\u00e9rature se r\u00e8gle \u00e0 l&#039;aide d&#039;une molette. Un voyant s&#039;allume lorsque l&#039;\u00e9l\u00e9ment chauffant est aliment\u00e9. Une fois la temp\u00e9rature stabilis\u00e9e, le voyant clignote lors de br\u00e8ves impulsions de puissance n\u00e9cessaires au maintien de cette temp\u00e9rature.   Plage de temp\u00e9rature jusqu&#039;\u00e0 450\u00b0C  Chauffage \u00e0 manteau de 260 W pour le ballon de 500 mL  Chauffage \u00e0 manteau de 350 W pour le ballon de 1000 mL  R\u00e9gulateur d&#039;\u00e9nergie int\u00e9gral  Fourni avec tige de support, c\u00e2ble d&#039;alimentation et manuel d&#039;utilisation  T\u00e9l\u00e9charger la brochure produit : Chauffe-flacon de distillation STANHOPE SETA\" \/>\n<meta property=\"og:url\" content=\"https:\/\/webdesi-gn.fr\/dev_deltalabo\/produits\/cat-produit\/chauffe-flacon-de-distillation-stanhope-seta\/\" \/>\n<meta property=\"og:site_name\" content=\"DeltaLabo\" \/>\n<meta property=\"article:modified_time\" content=\"2025-11-24T14:07:42+00:00\" \/>\n<meta property=\"og:image\" content=\"https:\/\/webdesi-gn.fr\/dev_deltalabo\/wp-content\/uploads\/2022\/01\/laboratory-g43d8b3442_1280.jpg\" \/>\n\t<meta property=\"og:image:width\" content=\"1280\" \/>\n\t<meta property=\"og:image:height\" content=\"853\" \/>\n\t<meta property=\"og:image:type\" content=\"image\/jpeg\" \/>\n<meta name=\"twitter:card\" content=\"summary_large_image\" \/>\n<script type=\"application\/ld+json\" class=\"yoast-schema-graph\">{\"@context\":\"https:\\\/\\\/schema.org\",\"@graph\":[{\"@type\":\"WebPage\",\"@id\":\"https:\\\/\\\/webdesi-gn.fr\\\/dev_deltalabo\\\/produits\\\/cat-produit\\\/chauffe-flacon-de-distillation-stanhope-seta\\\/\",\"url\":\"https:\\\/\\\/webdesi-gn.fr\\\/dev_deltalabo\\\/produits\\\/cat-produit\\\/chauffe-flacon-de-distillation-stanhope-seta\\\/\",\"name\":\"Chauffe-flacon de distillation STANHOPE SETA | DeltaLabo\",\"isPartOf\":{\"@id\":\"https:\\\/\\\/webdesi-gn.fr\\\/dev_deltalabo\\\/#website\"},\"primaryImageOfPage\":{\"@id\":\"https:\\\/\\\/webdesi-gn.fr\\\/dev_deltalabo\\\/produits\\\/cat-produit\\\/chauffe-flacon-de-distillation-stanhope-seta\\\/#primaryimage\"},\"image\":{\"@id\":\"https:\\\/\\\/webdesi-gn.fr\\\/dev_deltalabo\\\/produits\\\/cat-produit\\\/chauffe-flacon-de-distillation-stanhope-seta\\\/#primaryimage\"},\"thumbnailUrl\":\"https:\\\/\\\/webdesi-gn.fr\\\/dev_deltalabo\\\/wp-content\\\/uploads\\\/2025\\\/11\\\/DELTA-LABO-24410-5_Distillation_Flask_Heater.webp\",\"datePublished\":\"2025-11-24T14:06:36+00:00\",\"dateModified\":\"2025-11-24T14:07:42+00:00\",\"breadcrumb\":{\"@id\":\"https:\\\/\\\/webdesi-gn.fr\\\/dev_deltalabo\\\/produits\\\/cat-produit\\\/chauffe-flacon-de-distillation-stanhope-seta\\\/#breadcrumb\"},\"inLanguage\":\"fr-FR\",\"potentialAction\":[{\"@type\":\"ReadAction\",\"target\":[\"https:\\\/\\\/webdesi-gn.fr\\\/dev_deltalabo\\\/produits\\\/cat-produit\\\/chauffe-flacon-de-distillation-stanhope-seta\\\/\"]}]},{\"@type\":\"ImageObject\",\"inLanguage\":\"fr-FR\",\"@id\":\"https:\\\/\\\/webdesi-gn.fr\\\/dev_deltalabo\\\/produits\\\/cat-produit\\\/chauffe-flacon-de-distillation-stanhope-seta\\\/#primaryimage\",\"url\":\"https:\\\/\\\/webdesi-gn.fr\\\/dev_deltalabo\\\/wp-content\\\/uploads\\\/2025\\\/11\\\/DELTA-LABO-24410-5_Distillation_Flask_Heater.webp\",\"contentUrl\":\"https:\\\/\\\/webdesi-gn.fr\\\/dev_deltalabo\\\/wp-content\\\/uploads\\\/2025\\\/11\\\/DELTA-LABO-24410-5_Distillation_Flask_Heater.webp\",\"width\":800,\"height\":800},{\"@type\":\"BreadcrumbList\",\"@id\":\"https:\\\/\\\/webdesi-gn.fr\\\/dev_deltalabo\\\/produits\\\/cat-produit\\\/chauffe-flacon-de-distillation-stanhope-seta\\\/#breadcrumb\",\"itemListElement\":[{\"@type\":\"ListItem\",\"position\":1,\"name\":\"Accueil\",\"item\":\"https:\\\/\\\/webdesi-gn.fr\\\/dev_deltalabo\\\/\"},{\"@type\":\"ListItem\",\"position\":2,\"name\":\"Produits\",\"item\":\"https:\\\/\\\/webdesi-gn.fr\\\/dev_deltalabo\\\/produits\\\/\"},{\"@type\":\"ListItem\",\"position\":3,\"name\":\"Chauffe-flacon de distillation STANHOPE SETA\"}]},{\"@type\":\"WebSite\",\"@id\":\"https:\\\/\\\/webdesi-gn.fr\\\/dev_deltalabo\\\/#website\",\"url\":\"https:\\\/\\\/webdesi-gn.fr\\\/dev_deltalabo\\\/\",\"name\":\"Delta Labo\",\"description\":\"Un site utilisant WordPress\",\"publisher\":{\"@id\":\"https:\\\/\\\/webdesi-gn.fr\\\/dev_deltalabo\\\/#organization\"},\"alternateName\":\"Delta Labo\",\"potentialAction\":[{\"@type\":\"SearchAction\",\"target\":{\"@type\":\"EntryPoint\",\"urlTemplate\":\"https:\\\/\\\/webdesi-gn.fr\\\/dev_deltalabo\\\/?s={search_term_string}\"},\"query-input\":{\"@type\":\"PropertyValueSpecification\",\"valueRequired\":true,\"valueName\":\"search_term_string\"}}],\"inLanguage\":\"fr-FR\"},{\"@type\":\"Organization\",\"@id\":\"https:\\\/\\\/webdesi-gn.fr\\\/dev_deltalabo\\\/#organization\",\"name\":\"DeltaLabo\",\"url\":\"https:\\\/\\\/webdesi-gn.fr\\\/dev_deltalabo\\\/\",\"logo\":{\"@type\":\"ImageObject\",\"inLanguage\":\"fr-FR\",\"@id\":\"https:\\\/\\\/webdesi-gn.fr\\\/dev_deltalabo\\\/#\\\/schema\\\/logo\\\/image\\\/\",\"url\":\"https:\\\/\\\/webdesi-gn.fr\\\/dev_deltalabo\\\/wp-content\\\/uploads\\\/2022\\\/07\\\/logo-deltalabo.png\",\"contentUrl\":\"https:\\\/\\\/webdesi-gn.fr\\\/dev_deltalabo\\\/wp-content\\\/uploads\\\/2022\\\/07\\\/logo-deltalabo.png\",\"width\":694,\"height\":306,\"caption\":\"DeltaLabo\"},\"image\":{\"@id\":\"https:\\\/\\\/webdesi-gn.fr\\\/dev_deltalabo\\\/#\\\/schema\\\/logo\\\/image\\\/\"}}]}<\/script>\n<!-- \/ Yoast SEO plugin. -->","yoast_head_json":{"title":"Chauffe-flacon de distillation STANHOPE SETA | DeltaLabo","robots":{"index":"noindex","follow":"follow","max-snippet":"max-snippet:-1","max-image-preview":"max-image-preview:large","max-video-preview":"max-video-preview:-1"},"og_locale":"fr_FR","og_type":"article","og_title":"Chauffe-flacon de distillation STANHOPE SETA | DeltaLabo","og_description":"Chauffe-flacon de distillation STANHOPE SETA :\u00a0  Le chauffe-ballon de distillation Seta est un chauffe-ballon r\u00e9gul\u00e9 pouvant accueillir un ballon de 500 mL ou 1000 mL. C'est un chauffe-ballon polyvalent con\u00e7u pour les proc\u00e9dures de laboratoire exigeant un contr\u00f4le pr\u00e9cis de la temp\u00e9rature.  Il est conforme aux normes ASTM D95,\u00a0ASTM D244,\u00a0ASTM D4006,\u00a0ASTM E123,\u00a0IP 74,\u00a0IP 291 et IP 358.  L'\u00e9l\u00e9ment chauffant est en fibre de verre, ce qui minimise les risques d'endommagement du flacon en cas de l\u00e9ger choc entre celui-ci et l'\u00e9l\u00e9ment chauffant. L'efficacit\u00e9 du chauffage est grandement optimis\u00e9e gr\u00e2ce \u00e0 un bon contact entre l'\u00e9l\u00e9ment chauffant et le r\u00e9cipient en verre.  La temp\u00e9rature se r\u00e8gle \u00e0 l'aide d'une molette. Un voyant s'allume lorsque l'\u00e9l\u00e9ment chauffant est aliment\u00e9. Une fois la temp\u00e9rature stabilis\u00e9e, le voyant clignote lors de br\u00e8ves impulsions de puissance n\u00e9cessaires au maintien de cette temp\u00e9rature.   Plage de temp\u00e9rature jusqu'\u00e0 450\u00b0C  Chauffage \u00e0 manteau de 260 W pour le ballon de 500 mL  Chauffage \u00e0 manteau de 350 W pour le ballon de 1000 mL  R\u00e9gulateur d'\u00e9nergie int\u00e9gral  Fourni avec tige de support, c\u00e2ble d'alimentation et manuel d'utilisation  T\u00e9l\u00e9charger la brochure produit : Chauffe-flacon de distillation STANHOPE SETA","og_url":"https:\/\/webdesi-gn.fr\/dev_deltalabo\/produits\/cat-produit\/chauffe-flacon-de-distillation-stanhope-seta\/","og_site_name":"DeltaLabo","article_modified_time":"2025-11-24T14:07:42+00:00","og_image":[{"width":1280,"height":853,"url":"https:\/\/webdesi-gn.fr\/dev_deltalabo\/wp-content\/uploads\/2022\/01\/laboratory-g43d8b3442_1280.jpg","type":"image\/jpeg"}],"twitter_card":"summary_large_image","schema":{"@context":"https:\/\/schema.org","@graph":[{"@type":"WebPage","@id":"https:\/\/webdesi-gn.fr\/dev_deltalabo\/produits\/cat-produit\/chauffe-flacon-de-distillation-stanhope-seta\/","url":"https:\/\/webdesi-gn.fr\/dev_deltalabo\/produits\/cat-produit\/chauffe-flacon-de-distillation-stanhope-seta\/","name":"Chauffe-flacon de distillation STANHOPE SETA | DeltaLabo","isPartOf":{"@id":"https:\/\/webdesi-gn.fr\/dev_deltalabo\/#website"},"primaryImageOfPage":{"@id":"https:\/\/webdesi-gn.fr\/dev_deltalabo\/produits\/cat-produit\/chauffe-flacon-de-distillation-stanhope-seta\/#primaryimage"},"image":{"@id":"https:\/\/webdesi-gn.fr\/dev_deltalabo\/produits\/cat-produit\/chauffe-flacon-de-distillation-stanhope-seta\/#primaryimage"},"thumbnailUrl":"https:\/\/webdesi-gn.fr\/dev_deltalabo\/wp-content\/uploads\/2025\/11\/DELTA-LABO-24410-5_Distillation_Flask_Heater.webp","datePublished":"2025-11-24T14:06:36+00:00","dateModified":"2025-11-24T14:07:42+00:00","breadcrumb":{"@id":"https:\/\/webdesi-gn.fr\/dev_deltalabo\/produits\/cat-produit\/chauffe-flacon-de-distillation-stanhope-seta\/#breadcrumb"},"inLanguage":"fr-FR","potentialAction":[{"@type":"ReadAction","target":["https:\/\/webdesi-gn.fr\/dev_deltalabo\/produits\/cat-produit\/chauffe-flacon-de-distillation-stanhope-seta\/"]}]},{"@type":"ImageObject","inLanguage":"fr-FR","@id":"https:\/\/webdesi-gn.fr\/dev_deltalabo\/produits\/cat-produit\/chauffe-flacon-de-distillation-stanhope-seta\/#primaryimage","url":"https:\/\/webdesi-gn.fr\/dev_deltalabo\/wp-content\/uploads\/2025\/11\/DELTA-LABO-24410-5_Distillation_Flask_Heater.webp","contentUrl":"https:\/\/webdesi-gn.fr\/dev_deltalabo\/wp-content\/uploads\/2025\/11\/DELTA-LABO-24410-5_Distillation_Flask_Heater.webp","width":800,"height":800},{"@type":"BreadcrumbList","@id":"https:\/\/webdesi-gn.fr\/dev_deltalabo\/produits\/cat-produit\/chauffe-flacon-de-distillation-stanhope-seta\/#breadcrumb","itemListElement":[{"@type":"ListItem","position":1,"name":"Accueil","item":"https:\/\/webdesi-gn.fr\/dev_deltalabo\/"},{"@type":"ListItem","position":2,"name":"Produits","item":"https:\/\/webdesi-gn.fr\/dev_deltalabo\/produits\/"},{"@type":"ListItem","position":3,"name":"Chauffe-flacon de distillation STANHOPE SETA"}]},{"@type":"WebSite","@id":"https:\/\/webdesi-gn.fr\/dev_deltalabo\/#website","url":"https:\/\/webdesi-gn.fr\/dev_deltalabo\/","name":"Delta Labo","description":"Un site utilisant WordPress","publisher":{"@id":"https:\/\/webdesi-gn.fr\/dev_deltalabo\/#organization"},"alternateName":"Delta Labo","potentialAction":[{"@type":"SearchAction","target":{"@type":"EntryPoint","urlTemplate":"https:\/\/webdesi-gn.fr\/dev_deltalabo\/?s={search_term_string}"},"query-input":{"@type":"PropertyValueSpecification","valueRequired":true,"valueName":"search_term_string"}}],"inLanguage":"fr-FR"},{"@type":"Organization","@id":"https:\/\/webdesi-gn.fr\/dev_deltalabo\/#organization","name":"DeltaLabo","url":"https:\/\/webdesi-gn.fr\/dev_deltalabo\/","logo":{"@type":"ImageObject","inLanguage":"fr-FR","@id":"https:\/\/webdesi-gn.fr\/dev_deltalabo\/#\/schema\/logo\/image\/","url":"https:\/\/webdesi-gn.fr\/dev_deltalabo\/wp-content\/uploads\/2022\/07\/logo-deltalabo.png","contentUrl":"https:\/\/webdesi-gn.fr\/dev_deltalabo\/wp-content\/uploads\/2022\/07\/logo-deltalabo.png","width":694,"height":306,"caption":"DeltaLabo"},"image":{"@id":"https:\/\/webdesi-gn.fr\/dev_deltalabo\/#\/schema\/logo\/image\/"}}]}},"_links":{"self":[{"href":"https:\/\/webdesi-gn.fr\/dev_deltalabo\/wp-json\/wp\/v2\/product\/262389","targetHints":{"allow":["GET"]}}],"collection":[{"href":"https:\/\/webdesi-gn.fr\/dev_deltalabo\/wp-json\/wp\/v2\/product"}],"about":[{"href":"https:\/\/webdesi-gn.fr\/dev_deltalabo\/wp-json\/wp\/v2\/types\/product"}],"wp:featuredmedia":[{"embeddable":true,"href":"https:\/\/webdesi-gn.fr\/dev_deltalabo\/wp-json\/wp\/v2\/media\/262431"}],"wp:attachment":[{"href":"https:\/\/webdesi-gn.fr\/dev_deltalabo\/wp-json\/wp\/v2\/media?parent=262389"}],"wp:term":[{"taxonomy":"domaine","embeddable":true,"href":"https:\/\/webdesi-gn.fr\/dev_deltalabo\/wp-json\/wp\/v2\/domaine?post=262389"},{"taxonomy":"normes","embeddable":true,"href":"https:\/\/webdesi-gn.fr\/dev_deltalabo\/wp-json\/wp\/v2\/normes?post=262389"},{"taxonomy":"product_brand","embeddable":true,"href":"https:\/\/webdesi-gn.fr\/dev_deltalabo\/wp-json\/wp\/v2\/product_brand?post=262389"},{"taxonomy":"product_cat","embeddable":true,"href":"https:\/\/webdesi-gn.fr\/dev_deltalabo\/wp-json\/wp\/v2\/product_cat?post=262389"},{"taxonomy":"product_tag","embeddable":true,"href":"https:\/\/webdesi-gn.fr\/dev_deltalabo\/wp-json\/wp\/v2\/product_tag?post=262389"}],"curies":[{"name":"wp","href":"https:\/\/api.w.org\/{rel}","templated":true}]}}