{"id":262391,"date":"2025-11-24T15:06:37","date_gmt":"2025-11-24T14:06:37","guid":{"rendered":"https:\/\/webdesi-gn.fr\/dev_deltalabo\/?post_type=product&#038;p=262391"},"modified":"2025-11-24T15:07:53","modified_gmt":"2025-11-24T14:07:53","slug":"materiaux-de-reference-seta-crm-hydrogen-sulfide","status":"publish","type":"product","link":"https:\/\/webdesi-gn.fr\/dev_deltalabo\/produits\/categories\/materiaux-de-reference-seta-crm-hydrogen-sulfide\/","title":{"rendered":"Mat\u00e9riaux de r\u00e9f\u00e9rence SETA-CRM Hydrogen Sulfide"},"content":{"rendered":"","protected":false},"excerpt":{"rendered":"<p><strong>Mat\u00e9riaux de r\u00e9f\u00e9rence SETA-CRM Hydrogen Sulfide :<\/strong><\/p>\n<p>Les mat\u00e9riaux de r\u00e9f\u00e9rence SETA-CRM Hydrogen Sulfide sont<span dir=\"auto\"> produits sous l&rsquo;accr\u00e9ditation ISO 17034 UKAS et sont conformes aux normes <\/span><span dir=\"auto\">ASTM D7621 et IP 570.<\/span><\/p>\n<p><span dir=\"auto\">Cette solution aqueuse contient une concentration connue de sulfure d&rsquo;hydrog\u00e8ne en phase liquide, dont la valeur est certifi\u00e9e. Elle est produite en d\u00e9terminant avec pr\u00e9cision la masse des ingr\u00e9dients \u00e0 l&rsquo;aide d&rsquo;une balance certifi\u00e9e par un laboratoire accr\u00e9dit\u00e9 ISO 17025.<\/span><\/p>\n<p><span dir=\"auto\">Les mat\u00e9riaux de r\u00e9f\u00e9rence SETA-CRM Hydrogen Sulfide sont fournis dans un emballage de s\u00e9curit\u00e9 inviolable accompagn\u00e9 de la documentation n\u00e9cessaire, un activateur, deux seringues, un tube doseur, un tube en silicone et une fiche de donn\u00e9es de s\u00e9curit\u00e9 (FDS). La dur\u00e9e de conservation est de trois mois \u00e0 compter de la date de fabrication.\u00a0<\/span><\/p>\n<p>SETA-0512-0024 &#8211; Mat\u00e9riaux de r\u00e9f\u00e9rence SETA-CRM Hydrogen Sulfide 2 &#8211; 24 mL &#8211; 2 mg\/kg<\/p>\n<p>SETA-0512-0025 &#8211; Mat\u00e9riaux de r\u00e9f\u00e9rence SETA-CRM Hydrogen Sulfide 9 &#8211; 24 mL &#8211; 9 mg\/kg<\/p>\n<p><strong>T\u00e9l\u00e9charger la brochure produit :<\/strong> <a href=\"https:\/\/www.deltalabo.fr\/wp-content\/uploads\/2025\/10\/8.2-ISO-17034-Certified-Reference-Materials-BL-DL10.25-6.pdf\">Mat\u00e9riaux de r\u00e9f\u00e9rence SETA-CRM Hydrogen Sulfide\u00a0<\/a><\/p>\n","protected":false},"featured_media":262436,"template":"","meta":{"_acf_changed":false,"site-sidebar-layout":"default","site-content-layout":"","ast-site-content-layout":"default","site-content-style":"default","site-sidebar-style":"default","ast-global-header-display":"","ast-banner-title-visibility":"","ast-main-header-display":"","ast-hfb-above-header-display":"","ast-hfb-below-header-display":"","ast-hfb-mobile-header-display":"","site-post-title":"","ast-breadcrumbs-content":"","ast-featured-img":"","footer-sml-layout":"","ast-disable-related-posts":"","theme-transparent-header-meta":"","adv-header-id-meta":"","stick-header-meta":"","header-above-stick-meta":"","header-main-stick-meta":"","header-below-stick-meta":"","astra-migrate-meta-layouts":"default","ast-page-background-enabled":"default","ast-page-background-meta":{"desktop":{"background-color":"var(--ast-global-color-5)","background-image":"","background-repeat":"repeat","background-position":"center center","background-size":"auto","background-attachment":"scroll","background-type":"","background-media":"","overlay-type":"","overlay-color":"","overlay-opacity":"","overlay-gradient":""},"tablet":{"background-color":"","background-image":"","background-repeat":"repeat","background-position":"center center","background-size":"auto","background-attachment":"scroll","background-type":"","background-media":"","overlay-type":"","overlay-color":"","overlay-opacity":"","overlay-gradient":""},"mobile":{"background-color":"","background-image":"","background-repeat":"repeat","background-position":"center center","background-size":"auto","background-attachment":"scroll","background-type":"","background-media":"","overlay-type":"","overlay-color":"","overlay-opacity":"","overlay-gradient":""}},"ast-content-background-meta":{"desktop":{"background-color":"var(--ast-global-color-4)","background-image":"","background-repeat":"repeat","background-position":"center center","background-size":"auto","background-attachment":"scroll","background-type":"","background-media":"","overlay-type":"","overlay-color":"","overlay-opacity":"","overlay-gradient":""},"tablet":{"background-color":"var(--ast-global-color-4)","background-image":"","background-repeat":"repeat","background-position":"center center","background-size":"auto","background-attachment":"scroll","background-type":"","background-media":"","overlay-type":"","overlay-color":"","overlay-opacity":"","overlay-gradient":""},"mobile":{"background-color":"var(--ast-global-color-4)","background-image":"","background-repeat":"repeat","background-position":"center center","background-size":"auto","background-attachment":"scroll","background-type":"","background-media":"","overlay-type":"","overlay-color":"","overlay-opacity":"","overlay-gradient":""}}},"domaine":[],"normes":[],"product_brand":[],"product_cat":[17240],"product_tag":[],"class_list":{"0":"post-262391","1":"product","2":"type-product","3":"status-publish","4":"has-post-thumbnail","6":"product_cat-categories","7":"desktop-align-left","8":"tablet-align-left","9":"mobile-align-left","11":"first","12":"instock","13":"shipping-taxable","14":"product-type-simple"},"acf":[],"yoast_head":"<!-- This site is optimized with the Yoast SEO plugin v27.4 - https:\/\/yoast.com\/product\/yoast-seo-wordpress\/ -->\n<title>Mat\u00e9riaux de r\u00e9f\u00e9rence SETA-CRM Hydrogen Sulfide | DeltaLabo<\/title>\n<meta name=\"robots\" content=\"noindex, follow, max-snippet:-1, max-image-preview:large, max-video-preview:-1\" \/>\n<meta property=\"og:locale\" content=\"fr_FR\" \/>\n<meta property=\"og:type\" content=\"article\" \/>\n<meta property=\"og:title\" content=\"Mat\u00e9riaux de r\u00e9f\u00e9rence SETA-CRM Hydrogen Sulfide | DeltaLabo\" \/>\n<meta property=\"og:description\" content=\"Mat\u00e9riaux de r\u00e9f\u00e9rence SETA-CRM Hydrogen Sulfide :  Les mat\u00e9riaux de r\u00e9f\u00e9rence SETA-CRM Hydrogen Sulfide sont produits sous l&#039;accr\u00e9ditation ISO 17034 UKAS et sont conformes aux normes ASTM D7621 et IP 570.  Cette solution aqueuse contient une concentration connue de sulfure d&#039;hydrog\u00e8ne en phase liquide, dont la valeur est certifi\u00e9e. Elle est produite en d\u00e9terminant avec pr\u00e9cision la masse des ingr\u00e9dients \u00e0 l&#039;aide d&#039;une balance certifi\u00e9e par un laboratoire accr\u00e9dit\u00e9 ISO 17025.  Les mat\u00e9riaux de r\u00e9f\u00e9rence SETA-CRM Hydrogen Sulfide sont fournis dans un emballage de s\u00e9curit\u00e9 inviolable accompagn\u00e9 de la documentation n\u00e9cessaire, un activateur, deux seringues, un tube doseur, un tube en silicone et une fiche de donn\u00e9es de s\u00e9curit\u00e9 (FDS). La dur\u00e9e de conservation est de trois mois \u00e0 compter de la date de fabrication.\u00a0  SETA-0512-0024 - Mat\u00e9riaux de r\u00e9f\u00e9rence SETA-CRM Hydrogen Sulfide 2 - 24 mL - 2 mg\/kg  SETA-0512-0025 - Mat\u00e9riaux de r\u00e9f\u00e9rence SETA-CRM Hydrogen Sulfide 9 - 24 mL - 9 mg\/kg  T\u00e9l\u00e9charger la brochure produit : Mat\u00e9riaux de r\u00e9f\u00e9rence SETA-CRM Hydrogen Sulfide\u00a0\" \/>\n<meta property=\"og:url\" content=\"https:\/\/webdesi-gn.fr\/dev_deltalabo\/produits\/cat-produit\/materiaux-de-reference-seta-crm-hydrogen-sulfide\/\" \/>\n<meta property=\"og:site_name\" content=\"DeltaLabo\" \/>\n<meta property=\"article:modified_time\" content=\"2025-11-24T14:07:53+00:00\" \/>\n<meta property=\"og:image\" content=\"https:\/\/webdesi-gn.fr\/dev_deltalabo\/wp-content\/uploads\/2022\/01\/laboratory-g43d8b3442_1280.jpg\" \/>\n\t<meta property=\"og:image:width\" content=\"1280\" \/>\n\t<meta property=\"og:image:height\" content=\"853\" \/>\n\t<meta property=\"og:image:type\" content=\"image\/jpeg\" \/>\n<meta name=\"twitter:card\" content=\"summary_large_image\" \/>\n<script type=\"application\/ld+json\" class=\"yoast-schema-graph\">{\"@context\":\"https:\\\/\\\/schema.org\",\"@graph\":[{\"@type\":\"WebPage\",\"@id\":\"https:\\\/\\\/webdesi-gn.fr\\\/dev_deltalabo\\\/produits\\\/cat-produit\\\/materiaux-de-reference-seta-crm-hydrogen-sulfide\\\/\",\"url\":\"https:\\\/\\\/webdesi-gn.fr\\\/dev_deltalabo\\\/produits\\\/cat-produit\\\/materiaux-de-reference-seta-crm-hydrogen-sulfide\\\/\",\"name\":\"Mat\u00e9riaux de r\u00e9f\u00e9rence SETA-CRM Hydrogen Sulfide | DeltaLabo\",\"isPartOf\":{\"@id\":\"https:\\\/\\\/webdesi-gn.fr\\\/dev_deltalabo\\\/#website\"},\"primaryImageOfPage\":{\"@id\":\"https:\\\/\\\/webdesi-gn.fr\\\/dev_deltalabo\\\/produits\\\/cat-produit\\\/materiaux-de-reference-seta-crm-hydrogen-sulfide\\\/#primaryimage\"},\"image\":{\"@id\":\"https:\\\/\\\/webdesi-gn.fr\\\/dev_deltalabo\\\/produits\\\/cat-produit\\\/materiaux-de-reference-seta-crm-hydrogen-sulfide\\\/#primaryimage\"},\"thumbnailUrl\":\"https:\\\/\\\/webdesi-gn.fr\\\/dev_deltalabo\\\/wp-content\\\/uploads\\\/2025\\\/11\\\/DELTA-LABO-SETA-0512-0024_SETA_CRM_Hydrogen_Sulfide-2.jpg\",\"datePublished\":\"2025-11-24T14:06:37+00:00\",\"dateModified\":\"2025-11-24T14:07:53+00:00\",\"breadcrumb\":{\"@id\":\"https:\\\/\\\/webdesi-gn.fr\\\/dev_deltalabo\\\/produits\\\/cat-produit\\\/materiaux-de-reference-seta-crm-hydrogen-sulfide\\\/#breadcrumb\"},\"inLanguage\":\"fr-FR\",\"potentialAction\":[{\"@type\":\"ReadAction\",\"target\":[\"https:\\\/\\\/webdesi-gn.fr\\\/dev_deltalabo\\\/produits\\\/cat-produit\\\/materiaux-de-reference-seta-crm-hydrogen-sulfide\\\/\"]}]},{\"@type\":\"ImageObject\",\"inLanguage\":\"fr-FR\",\"@id\":\"https:\\\/\\\/webdesi-gn.fr\\\/dev_deltalabo\\\/produits\\\/cat-produit\\\/materiaux-de-reference-seta-crm-hydrogen-sulfide\\\/#primaryimage\",\"url\":\"https:\\\/\\\/webdesi-gn.fr\\\/dev_deltalabo\\\/wp-content\\\/uploads\\\/2025\\\/11\\\/DELTA-LABO-SETA-0512-0024_SETA_CRM_Hydrogen_Sulfide-2.jpg\",\"contentUrl\":\"https:\\\/\\\/webdesi-gn.fr\\\/dev_deltalabo\\\/wp-content\\\/uploads\\\/2025\\\/11\\\/DELTA-LABO-SETA-0512-0024_SETA_CRM_Hydrogen_Sulfide-2.jpg\",\"width\":600,\"height\":600},{\"@type\":\"BreadcrumbList\",\"@id\":\"https:\\\/\\\/webdesi-gn.fr\\\/dev_deltalabo\\\/produits\\\/cat-produit\\\/materiaux-de-reference-seta-crm-hydrogen-sulfide\\\/#breadcrumb\",\"itemListElement\":[{\"@type\":\"ListItem\",\"position\":1,\"name\":\"Accueil\",\"item\":\"https:\\\/\\\/webdesi-gn.fr\\\/dev_deltalabo\\\/\"},{\"@type\":\"ListItem\",\"position\":2,\"name\":\"Produits\",\"item\":\"https:\\\/\\\/webdesi-gn.fr\\\/dev_deltalabo\\\/produits\\\/\"},{\"@type\":\"ListItem\",\"position\":3,\"name\":\"Mat\u00e9riaux de r\u00e9f\u00e9rence SETA-CRM Hydrogen Sulfide\"}]},{\"@type\":\"WebSite\",\"@id\":\"https:\\\/\\\/webdesi-gn.fr\\\/dev_deltalabo\\\/#website\",\"url\":\"https:\\\/\\\/webdesi-gn.fr\\\/dev_deltalabo\\\/\",\"name\":\"Delta Labo\",\"description\":\"Un site utilisant WordPress\",\"publisher\":{\"@id\":\"https:\\\/\\\/webdesi-gn.fr\\\/dev_deltalabo\\\/#organization\"},\"alternateName\":\"Delta Labo\",\"potentialAction\":[{\"@type\":\"SearchAction\",\"target\":{\"@type\":\"EntryPoint\",\"urlTemplate\":\"https:\\\/\\\/webdesi-gn.fr\\\/dev_deltalabo\\\/?s={search_term_string}\"},\"query-input\":{\"@type\":\"PropertyValueSpecification\",\"valueRequired\":true,\"valueName\":\"search_term_string\"}}],\"inLanguage\":\"fr-FR\"},{\"@type\":\"Organization\",\"@id\":\"https:\\\/\\\/webdesi-gn.fr\\\/dev_deltalabo\\\/#organization\",\"name\":\"DeltaLabo\",\"url\":\"https:\\\/\\\/webdesi-gn.fr\\\/dev_deltalabo\\\/\",\"logo\":{\"@type\":\"ImageObject\",\"inLanguage\":\"fr-FR\",\"@id\":\"https:\\\/\\\/webdesi-gn.fr\\\/dev_deltalabo\\\/#\\\/schema\\\/logo\\\/image\\\/\",\"url\":\"https:\\\/\\\/webdesi-gn.fr\\\/dev_deltalabo\\\/wp-content\\\/uploads\\\/2022\\\/07\\\/logo-deltalabo.png\",\"contentUrl\":\"https:\\\/\\\/webdesi-gn.fr\\\/dev_deltalabo\\\/wp-content\\\/uploads\\\/2022\\\/07\\\/logo-deltalabo.png\",\"width\":694,\"height\":306,\"caption\":\"DeltaLabo\"},\"image\":{\"@id\":\"https:\\\/\\\/webdesi-gn.fr\\\/dev_deltalabo\\\/#\\\/schema\\\/logo\\\/image\\\/\"}}]}<\/script>\n<!-- \/ Yoast SEO plugin. -->","yoast_head_json":{"title":"Mat\u00e9riaux de r\u00e9f\u00e9rence SETA-CRM Hydrogen Sulfide | DeltaLabo","robots":{"index":"noindex","follow":"follow","max-snippet":"max-snippet:-1","max-image-preview":"max-image-preview:large","max-video-preview":"max-video-preview:-1"},"og_locale":"fr_FR","og_type":"article","og_title":"Mat\u00e9riaux de r\u00e9f\u00e9rence SETA-CRM Hydrogen Sulfide | DeltaLabo","og_description":"Mat\u00e9riaux de r\u00e9f\u00e9rence SETA-CRM Hydrogen Sulfide :  Les mat\u00e9riaux de r\u00e9f\u00e9rence SETA-CRM Hydrogen Sulfide sont produits sous l'accr\u00e9ditation ISO 17034 UKAS et sont conformes aux normes ASTM D7621 et IP 570.  Cette solution aqueuse contient une concentration connue de sulfure d'hydrog\u00e8ne en phase liquide, dont la valeur est certifi\u00e9e. Elle est produite en d\u00e9terminant avec pr\u00e9cision la masse des ingr\u00e9dients \u00e0 l'aide d'une balance certifi\u00e9e par un laboratoire accr\u00e9dit\u00e9 ISO 17025.  Les mat\u00e9riaux de r\u00e9f\u00e9rence SETA-CRM Hydrogen Sulfide sont fournis dans un emballage de s\u00e9curit\u00e9 inviolable accompagn\u00e9 de la documentation n\u00e9cessaire, un activateur, deux seringues, un tube doseur, un tube en silicone et une fiche de donn\u00e9es de s\u00e9curit\u00e9 (FDS). La dur\u00e9e de conservation est de trois mois \u00e0 compter de la date de fabrication.\u00a0  SETA-0512-0024 - Mat\u00e9riaux de r\u00e9f\u00e9rence SETA-CRM Hydrogen Sulfide 2 - 24 mL - 2 mg\/kg  SETA-0512-0025 - Mat\u00e9riaux de r\u00e9f\u00e9rence SETA-CRM Hydrogen Sulfide 9 - 24 mL - 9 mg\/kg  T\u00e9l\u00e9charger la brochure produit : Mat\u00e9riaux de r\u00e9f\u00e9rence SETA-CRM Hydrogen Sulfide\u00a0","og_url":"https:\/\/webdesi-gn.fr\/dev_deltalabo\/produits\/cat-produit\/materiaux-de-reference-seta-crm-hydrogen-sulfide\/","og_site_name":"DeltaLabo","article_modified_time":"2025-11-24T14:07:53+00:00","og_image":[{"width":1280,"height":853,"url":"https:\/\/webdesi-gn.fr\/dev_deltalabo\/wp-content\/uploads\/2022\/01\/laboratory-g43d8b3442_1280.jpg","type":"image\/jpeg"}],"twitter_card":"summary_large_image","schema":{"@context":"https:\/\/schema.org","@graph":[{"@type":"WebPage","@id":"https:\/\/webdesi-gn.fr\/dev_deltalabo\/produits\/cat-produit\/materiaux-de-reference-seta-crm-hydrogen-sulfide\/","url":"https:\/\/webdesi-gn.fr\/dev_deltalabo\/produits\/cat-produit\/materiaux-de-reference-seta-crm-hydrogen-sulfide\/","name":"Mat\u00e9riaux de r\u00e9f\u00e9rence SETA-CRM Hydrogen Sulfide | DeltaLabo","isPartOf":{"@id":"https:\/\/webdesi-gn.fr\/dev_deltalabo\/#website"},"primaryImageOfPage":{"@id":"https:\/\/webdesi-gn.fr\/dev_deltalabo\/produits\/cat-produit\/materiaux-de-reference-seta-crm-hydrogen-sulfide\/#primaryimage"},"image":{"@id":"https:\/\/webdesi-gn.fr\/dev_deltalabo\/produits\/cat-produit\/materiaux-de-reference-seta-crm-hydrogen-sulfide\/#primaryimage"},"thumbnailUrl":"https:\/\/webdesi-gn.fr\/dev_deltalabo\/wp-content\/uploads\/2025\/11\/DELTA-LABO-SETA-0512-0024_SETA_CRM_Hydrogen_Sulfide-2.jpg","datePublished":"2025-11-24T14:06:37+00:00","dateModified":"2025-11-24T14:07:53+00:00","breadcrumb":{"@id":"https:\/\/webdesi-gn.fr\/dev_deltalabo\/produits\/cat-produit\/materiaux-de-reference-seta-crm-hydrogen-sulfide\/#breadcrumb"},"inLanguage":"fr-FR","potentialAction":[{"@type":"ReadAction","target":["https:\/\/webdesi-gn.fr\/dev_deltalabo\/produits\/cat-produit\/materiaux-de-reference-seta-crm-hydrogen-sulfide\/"]}]},{"@type":"ImageObject","inLanguage":"fr-FR","@id":"https:\/\/webdesi-gn.fr\/dev_deltalabo\/produits\/cat-produit\/materiaux-de-reference-seta-crm-hydrogen-sulfide\/#primaryimage","url":"https:\/\/webdesi-gn.fr\/dev_deltalabo\/wp-content\/uploads\/2025\/11\/DELTA-LABO-SETA-0512-0024_SETA_CRM_Hydrogen_Sulfide-2.jpg","contentUrl":"https:\/\/webdesi-gn.fr\/dev_deltalabo\/wp-content\/uploads\/2025\/11\/DELTA-LABO-SETA-0512-0024_SETA_CRM_Hydrogen_Sulfide-2.jpg","width":600,"height":600},{"@type":"BreadcrumbList","@id":"https:\/\/webdesi-gn.fr\/dev_deltalabo\/produits\/cat-produit\/materiaux-de-reference-seta-crm-hydrogen-sulfide\/#breadcrumb","itemListElement":[{"@type":"ListItem","position":1,"name":"Accueil","item":"https:\/\/webdesi-gn.fr\/dev_deltalabo\/"},{"@type":"ListItem","position":2,"name":"Produits","item":"https:\/\/webdesi-gn.fr\/dev_deltalabo\/produits\/"},{"@type":"ListItem","position":3,"name":"Mat\u00e9riaux de r\u00e9f\u00e9rence SETA-CRM Hydrogen Sulfide"}]},{"@type":"WebSite","@id":"https:\/\/webdesi-gn.fr\/dev_deltalabo\/#website","url":"https:\/\/webdesi-gn.fr\/dev_deltalabo\/","name":"Delta Labo","description":"Un site utilisant WordPress","publisher":{"@id":"https:\/\/webdesi-gn.fr\/dev_deltalabo\/#organization"},"alternateName":"Delta Labo","potentialAction":[{"@type":"SearchAction","target":{"@type":"EntryPoint","urlTemplate":"https:\/\/webdesi-gn.fr\/dev_deltalabo\/?s={search_term_string}"},"query-input":{"@type":"PropertyValueSpecification","valueRequired":true,"valueName":"search_term_string"}}],"inLanguage":"fr-FR"},{"@type":"Organization","@id":"https:\/\/webdesi-gn.fr\/dev_deltalabo\/#organization","name":"DeltaLabo","url":"https:\/\/webdesi-gn.fr\/dev_deltalabo\/","logo":{"@type":"ImageObject","inLanguage":"fr-FR","@id":"https:\/\/webdesi-gn.fr\/dev_deltalabo\/#\/schema\/logo\/image\/","url":"https:\/\/webdesi-gn.fr\/dev_deltalabo\/wp-content\/uploads\/2022\/07\/logo-deltalabo.png","contentUrl":"https:\/\/webdesi-gn.fr\/dev_deltalabo\/wp-content\/uploads\/2022\/07\/logo-deltalabo.png","width":694,"height":306,"caption":"DeltaLabo"},"image":{"@id":"https:\/\/webdesi-gn.fr\/dev_deltalabo\/#\/schema\/logo\/image\/"}}]}},"_links":{"self":[{"href":"https:\/\/webdesi-gn.fr\/dev_deltalabo\/wp-json\/wp\/v2\/product\/262391","targetHints":{"allow":["GET"]}}],"collection":[{"href":"https:\/\/webdesi-gn.fr\/dev_deltalabo\/wp-json\/wp\/v2\/product"}],"about":[{"href":"https:\/\/webdesi-gn.fr\/dev_deltalabo\/wp-json\/wp\/v2\/types\/product"}],"wp:featuredmedia":[{"embeddable":true,"href":"https:\/\/webdesi-gn.fr\/dev_deltalabo\/wp-json\/wp\/v2\/media\/262436"}],"wp:attachment":[{"href":"https:\/\/webdesi-gn.fr\/dev_deltalabo\/wp-json\/wp\/v2\/media?parent=262391"}],"wp:term":[{"taxonomy":"domaine","embeddable":true,"href":"https:\/\/webdesi-gn.fr\/dev_deltalabo\/wp-json\/wp\/v2\/domaine?post=262391"},{"taxonomy":"normes","embeddable":true,"href":"https:\/\/webdesi-gn.fr\/dev_deltalabo\/wp-json\/wp\/v2\/normes?post=262391"},{"taxonomy":"product_brand","embeddable":true,"href":"https:\/\/webdesi-gn.fr\/dev_deltalabo\/wp-json\/wp\/v2\/product_brand?post=262391"},{"taxonomy":"product_cat","embeddable":true,"href":"https:\/\/webdesi-gn.fr\/dev_deltalabo\/wp-json\/wp\/v2\/product_cat?post=262391"},{"taxonomy":"product_tag","embeddable":true,"href":"https:\/\/webdesi-gn.fr\/dev_deltalabo\/wp-json\/wp\/v2\/product_tag?post=262391"}],"curies":[{"name":"wp","href":"https:\/\/api.w.org\/{rel}","templated":true}]}}