{"id":262400,"date":"2025-11-24T15:06:40","date_gmt":"2025-11-24T14:06:40","guid":{"rendered":"https:\/\/webdesi-gn.fr\/dev_deltalabo\/?post_type=product&#038;p=262400"},"modified":"2025-11-24T15:08:45","modified_gmt":"2025-11-24T14:08:45","slug":"materiaux-de-reference-seta-crm-density","status":"publish","type":"product","link":"https:\/\/webdesi-gn.fr\/dev_deltalabo\/produits\/categories\/materiaux-de-reference-seta-crm-density\/","title":{"rendered":"Mat\u00e9riaux de r\u00e9f\u00e9rence SETA-CRM Density"},"content":{"rendered":"","protected":false},"excerpt":{"rendered":"<p><strong>Mat\u00e9riaux de r\u00e9f\u00e9rence SETA-CRM Density :<\/strong><\/p>\n<p>Les mat\u00e9riaux de r\u00e9f\u00e9rence SETA-CRM Density sont<span dir=\"auto\"> produits sous l&rsquo;accr\u00e9ditation ISO 17034 UKAS et <\/span>sont conformes aux normes ASTM D4052, ASTM D7042 et IP 638. <span dir=\"auto\">La dur\u00e9e de conservation est de 2 ans \u00e0 compter de la date de fabrication.<\/span><\/p>\n<p><span dir=\"auto\">Ils comprennent trois \u00e9chantillons de densit\u00e9 d&rsquo;hydrog\u00e8ne. <\/span><span dir=\"auto\">Pour simuler des \u00e9chantillons de carburant r\u00e9els, chaque flacon couvre diff\u00e9rentes plages de densit\u00e9, de 0,688 \u00e0 0,871 \u00e0 15\u00b0C. <\/span>Les valeurs de densit\u00e9 sont fournies \u00e0: 0, 5, 10, 15, 20, 25, 30 et 35\u00b0C.<\/p>\n<p><span dir=\"auto\">Le mat\u00e9riau de r\u00e9f\u00e9rence SETA-CRM Density fournit une valeur certifi\u00e9e pour une m\u00e9thode d&rsquo;essai unique et a \u00e9t\u00e9 caract\u00e9ris\u00e9 par une m\u00e9thode de r\u00e9f\u00e9rence dans un seul laboratoire. Il constitue une solution tr\u00e8s \u00e9conomique pour r\u00e9pondre aux exigences de v\u00e9rification des laboratoires audit\u00e9s et de ceux conformes \u00e0 la norme ISO 17025.<\/span><\/p>\n<p><span dir=\"auto\">Une fiche de donn\u00e9es de s\u00e9curit\u00e9 (FDS) est fournie avec les mat\u00e9riaux de r\u00e9f\u00e9rence SETA-CRM Density, dans un emballage de s\u00e9curit\u00e9 inviolable. <\/span><\/p>\n<p><strong>T\u00e9l\u00e9charger la brochure produit :<\/strong> <a href=\"https:\/\/www.deltalabo.fr\/wp-content\/uploads\/2025\/10\/8.2-ISO-17034-Certified-Reference-Materials-BL-DL10.25-6.pdf\">Mat\u00e9riau de r\u00e9f\u00e9rence SETA-CRM Density<\/a><\/p>\n","protected":false},"featured_media":262463,"template":"","meta":{"_acf_changed":false,"site-sidebar-layout":"default","site-content-layout":"","ast-site-content-layout":"default","site-content-style":"default","site-sidebar-style":"default","ast-global-header-display":"","ast-banner-title-visibility":"","ast-main-header-display":"","ast-hfb-above-header-display":"","ast-hfb-below-header-display":"","ast-hfb-mobile-header-display":"","site-post-title":"","ast-breadcrumbs-content":"","ast-featured-img":"","footer-sml-layout":"","ast-disable-related-posts":"","theme-transparent-header-meta":"","adv-header-id-meta":"","stick-header-meta":"","header-above-stick-meta":"","header-main-stick-meta":"","header-below-stick-meta":"","astra-migrate-meta-layouts":"default","ast-page-background-enabled":"default","ast-page-background-meta":{"desktop":{"background-color":"var(--ast-global-color-5)","background-image":"","background-repeat":"repeat","background-position":"center center","background-size":"auto","background-attachment":"scroll","background-type":"","background-media":"","overlay-type":"","overlay-color":"","overlay-opacity":"","overlay-gradient":""},"tablet":{"background-color":"","background-image":"","background-repeat":"repeat","background-position":"center center","background-size":"auto","background-attachment":"scroll","background-type":"","background-media":"","overlay-type":"","overlay-color":"","overlay-opacity":"","overlay-gradient":""},"mobile":{"background-color":"","background-image":"","background-repeat":"repeat","background-position":"center center","background-size":"auto","background-attachment":"scroll","background-type":"","background-media":"","overlay-type":"","overlay-color":"","overlay-opacity":"","overlay-gradient":""}},"ast-content-background-meta":{"desktop":{"background-color":"var(--ast-global-color-4)","background-image":"","background-repeat":"repeat","background-position":"center center","background-size":"auto","background-attachment":"scroll","background-type":"","background-media":"","overlay-type":"","overlay-color":"","overlay-opacity":"","overlay-gradient":""},"tablet":{"background-color":"var(--ast-global-color-4)","background-image":"","background-repeat":"repeat","background-position":"center center","background-size":"auto","background-attachment":"scroll","background-type":"","background-media":"","overlay-type":"","overlay-color":"","overlay-opacity":"","overlay-gradient":""},"mobile":{"background-color":"var(--ast-global-color-4)","background-image":"","background-repeat":"repeat","background-position":"center center","background-size":"auto","background-attachment":"scroll","background-type":"","background-media":"","overlay-type":"","overlay-color":"","overlay-opacity":"","overlay-gradient":""}}},"domaine":[],"normes":[],"product_brand":[],"product_cat":[17240],"product_tag":[],"class_list":{"0":"post-262400","1":"product","2":"type-product","3":"status-publish","4":"has-post-thumbnail","6":"product_cat-categories","7":"desktop-align-left","8":"tablet-align-left","9":"mobile-align-left","11":"first","12":"instock","13":"shipping-taxable","14":"product-type-simple"},"acf":[],"yoast_head":"<!-- This site is optimized with the Yoast SEO plugin v27.4 - https:\/\/yoast.com\/product\/yoast-seo-wordpress\/ -->\n<title>Mat\u00e9riaux de r\u00e9f\u00e9rence SETA-CRM Density | DeltaLabo<\/title>\n<meta name=\"robots\" content=\"noindex, follow, max-snippet:-1, max-image-preview:large, max-video-preview:-1\" \/>\n<meta property=\"og:locale\" content=\"fr_FR\" \/>\n<meta property=\"og:type\" content=\"article\" \/>\n<meta property=\"og:title\" content=\"Mat\u00e9riaux de r\u00e9f\u00e9rence SETA-CRM Density | DeltaLabo\" \/>\n<meta property=\"og:description\" content=\"Mat\u00e9riaux de r\u00e9f\u00e9rence SETA-CRM Density :  Les mat\u00e9riaux de r\u00e9f\u00e9rence SETA-CRM Density sont produits sous l&#039;accr\u00e9ditation ISO 17034 UKAS et sont conformes aux normes ASTM D4052, ASTM D7042 et IP 638. La dur\u00e9e de conservation est de 2 ans \u00e0 compter de la date de fabrication.  Ils comprennent trois \u00e9chantillons de densit\u00e9 d&#039;hydrog\u00e8ne. Pour simuler des \u00e9chantillons de carburant r\u00e9els, chaque flacon couvre diff\u00e9rentes plages de densit\u00e9, de 0,688 \u00e0 0,871 \u00e0 15\u00b0C. Les valeurs de densit\u00e9 sont fournies \u00e0: 0, 5, 10, 15, 20, 25, 30 et 35\u00b0C.  Le mat\u00e9riau de r\u00e9f\u00e9rence SETA-CRM Density fournit une valeur certifi\u00e9e pour une m\u00e9thode d&#039;essai unique et a \u00e9t\u00e9 caract\u00e9ris\u00e9 par une m\u00e9thode de r\u00e9f\u00e9rence dans un seul laboratoire. Il constitue une solution tr\u00e8s \u00e9conomique pour r\u00e9pondre aux exigences de v\u00e9rification des laboratoires audit\u00e9s et de ceux conformes \u00e0 la norme ISO 17025.  Une fiche de donn\u00e9es de s\u00e9curit\u00e9 (FDS) est fournie avec les mat\u00e9riaux de r\u00e9f\u00e9rence SETA-CRM Density, dans un emballage de s\u00e9curit\u00e9 inviolable.   T\u00e9l\u00e9charger la brochure produit : Mat\u00e9riau de r\u00e9f\u00e9rence SETA-CRM Density\" \/>\n<meta property=\"og:url\" content=\"https:\/\/webdesi-gn.fr\/dev_deltalabo\/produits\/cat-produit\/materiaux-de-reference-seta-crm-density\/\" \/>\n<meta property=\"og:site_name\" content=\"DeltaLabo\" \/>\n<meta property=\"article:modified_time\" content=\"2025-11-24T14:08:45+00:00\" \/>\n<meta property=\"og:image\" content=\"https:\/\/webdesi-gn.fr\/dev_deltalabo\/wp-content\/uploads\/2022\/01\/laboratory-g43d8b3442_1280.jpg\" \/>\n\t<meta property=\"og:image:width\" content=\"1280\" \/>\n\t<meta property=\"og:image:height\" content=\"853\" \/>\n\t<meta property=\"og:image:type\" content=\"image\/jpeg\" \/>\n<meta name=\"twitter:card\" content=\"summary_large_image\" \/>\n<script type=\"application\/ld+json\" class=\"yoast-schema-graph\">{\"@context\":\"https:\\\/\\\/schema.org\",\"@graph\":[{\"@type\":\"WebPage\",\"@id\":\"https:\\\/\\\/webdesi-gn.fr\\\/dev_deltalabo\\\/produits\\\/cat-produit\\\/materiaux-de-reference-seta-crm-density\\\/\",\"url\":\"https:\\\/\\\/webdesi-gn.fr\\\/dev_deltalabo\\\/produits\\\/cat-produit\\\/materiaux-de-reference-seta-crm-density\\\/\",\"name\":\"Mat\u00e9riaux de r\u00e9f\u00e9rence SETA-CRM Density | DeltaLabo\",\"isPartOf\":{\"@id\":\"https:\\\/\\\/webdesi-gn.fr\\\/dev_deltalabo\\\/#website\"},\"primaryImageOfPage\":{\"@id\":\"https:\\\/\\\/webdesi-gn.fr\\\/dev_deltalabo\\\/produits\\\/cat-produit\\\/materiaux-de-reference-seta-crm-density\\\/#primaryimage\"},\"image\":{\"@id\":\"https:\\\/\\\/webdesi-gn.fr\\\/dev_deltalabo\\\/produits\\\/cat-produit\\\/materiaux-de-reference-seta-crm-density\\\/#primaryimage\"},\"thumbnailUrl\":\"https:\\\/\\\/webdesi-gn.fr\\\/dev_deltalabo\\\/wp-content\\\/uploads\\\/2025\\\/11\\\/SETA-1414-0083_Density_CRM.jpg\",\"datePublished\":\"2025-11-24T14:06:40+00:00\",\"dateModified\":\"2025-11-24T14:08:45+00:00\",\"breadcrumb\":{\"@id\":\"https:\\\/\\\/webdesi-gn.fr\\\/dev_deltalabo\\\/produits\\\/cat-produit\\\/materiaux-de-reference-seta-crm-density\\\/#breadcrumb\"},\"inLanguage\":\"fr-FR\",\"potentialAction\":[{\"@type\":\"ReadAction\",\"target\":[\"https:\\\/\\\/webdesi-gn.fr\\\/dev_deltalabo\\\/produits\\\/cat-produit\\\/materiaux-de-reference-seta-crm-density\\\/\"]}]},{\"@type\":\"ImageObject\",\"inLanguage\":\"fr-FR\",\"@id\":\"https:\\\/\\\/webdesi-gn.fr\\\/dev_deltalabo\\\/produits\\\/cat-produit\\\/materiaux-de-reference-seta-crm-density\\\/#primaryimage\",\"url\":\"https:\\\/\\\/webdesi-gn.fr\\\/dev_deltalabo\\\/wp-content\\\/uploads\\\/2025\\\/11\\\/SETA-1414-0083_Density_CRM.jpg\",\"contentUrl\":\"https:\\\/\\\/webdesi-gn.fr\\\/dev_deltalabo\\\/wp-content\\\/uploads\\\/2025\\\/11\\\/SETA-1414-0083_Density_CRM.jpg\",\"width\":600,\"height\":600},{\"@type\":\"BreadcrumbList\",\"@id\":\"https:\\\/\\\/webdesi-gn.fr\\\/dev_deltalabo\\\/produits\\\/cat-produit\\\/materiaux-de-reference-seta-crm-density\\\/#breadcrumb\",\"itemListElement\":[{\"@type\":\"ListItem\",\"position\":1,\"name\":\"Accueil\",\"item\":\"https:\\\/\\\/webdesi-gn.fr\\\/dev_deltalabo\\\/\"},{\"@type\":\"ListItem\",\"position\":2,\"name\":\"Produits\",\"item\":\"https:\\\/\\\/webdesi-gn.fr\\\/dev_deltalabo\\\/produits\\\/\"},{\"@type\":\"ListItem\",\"position\":3,\"name\":\"Mat\u00e9riaux de r\u00e9f\u00e9rence SETA-CRM Density\"}]},{\"@type\":\"WebSite\",\"@id\":\"https:\\\/\\\/webdesi-gn.fr\\\/dev_deltalabo\\\/#website\",\"url\":\"https:\\\/\\\/webdesi-gn.fr\\\/dev_deltalabo\\\/\",\"name\":\"Delta Labo\",\"description\":\"Un site utilisant WordPress\",\"publisher\":{\"@id\":\"https:\\\/\\\/webdesi-gn.fr\\\/dev_deltalabo\\\/#organization\"},\"alternateName\":\"Delta Labo\",\"potentialAction\":[{\"@type\":\"SearchAction\",\"target\":{\"@type\":\"EntryPoint\",\"urlTemplate\":\"https:\\\/\\\/webdesi-gn.fr\\\/dev_deltalabo\\\/?s={search_term_string}\"},\"query-input\":{\"@type\":\"PropertyValueSpecification\",\"valueRequired\":true,\"valueName\":\"search_term_string\"}}],\"inLanguage\":\"fr-FR\"},{\"@type\":\"Organization\",\"@id\":\"https:\\\/\\\/webdesi-gn.fr\\\/dev_deltalabo\\\/#organization\",\"name\":\"DeltaLabo\",\"url\":\"https:\\\/\\\/webdesi-gn.fr\\\/dev_deltalabo\\\/\",\"logo\":{\"@type\":\"ImageObject\",\"inLanguage\":\"fr-FR\",\"@id\":\"https:\\\/\\\/webdesi-gn.fr\\\/dev_deltalabo\\\/#\\\/schema\\\/logo\\\/image\\\/\",\"url\":\"https:\\\/\\\/webdesi-gn.fr\\\/dev_deltalabo\\\/wp-content\\\/uploads\\\/2022\\\/07\\\/logo-deltalabo.png\",\"contentUrl\":\"https:\\\/\\\/webdesi-gn.fr\\\/dev_deltalabo\\\/wp-content\\\/uploads\\\/2022\\\/07\\\/logo-deltalabo.png\",\"width\":694,\"height\":306,\"caption\":\"DeltaLabo\"},\"image\":{\"@id\":\"https:\\\/\\\/webdesi-gn.fr\\\/dev_deltalabo\\\/#\\\/schema\\\/logo\\\/image\\\/\"}}]}<\/script>\n<!-- \/ Yoast SEO plugin. -->","yoast_head_json":{"title":"Mat\u00e9riaux de r\u00e9f\u00e9rence SETA-CRM Density | DeltaLabo","robots":{"index":"noindex","follow":"follow","max-snippet":"max-snippet:-1","max-image-preview":"max-image-preview:large","max-video-preview":"max-video-preview:-1"},"og_locale":"fr_FR","og_type":"article","og_title":"Mat\u00e9riaux de r\u00e9f\u00e9rence SETA-CRM Density | DeltaLabo","og_description":"Mat\u00e9riaux de r\u00e9f\u00e9rence SETA-CRM Density :  Les mat\u00e9riaux de r\u00e9f\u00e9rence SETA-CRM Density sont produits sous l'accr\u00e9ditation ISO 17034 UKAS et sont conformes aux normes ASTM D4052, ASTM D7042 et IP 638. La dur\u00e9e de conservation est de 2 ans \u00e0 compter de la date de fabrication.  Ils comprennent trois \u00e9chantillons de densit\u00e9 d'hydrog\u00e8ne. Pour simuler des \u00e9chantillons de carburant r\u00e9els, chaque flacon couvre diff\u00e9rentes plages de densit\u00e9, de 0,688 \u00e0 0,871 \u00e0 15\u00b0C. Les valeurs de densit\u00e9 sont fournies \u00e0: 0, 5, 10, 15, 20, 25, 30 et 35\u00b0C.  Le mat\u00e9riau de r\u00e9f\u00e9rence SETA-CRM Density fournit une valeur certifi\u00e9e pour une m\u00e9thode d'essai unique et a \u00e9t\u00e9 caract\u00e9ris\u00e9 par une m\u00e9thode de r\u00e9f\u00e9rence dans un seul laboratoire. Il constitue une solution tr\u00e8s \u00e9conomique pour r\u00e9pondre aux exigences de v\u00e9rification des laboratoires audit\u00e9s et de ceux conformes \u00e0 la norme ISO 17025.  Une fiche de donn\u00e9es de s\u00e9curit\u00e9 (FDS) est fournie avec les mat\u00e9riaux de r\u00e9f\u00e9rence SETA-CRM Density, dans un emballage de s\u00e9curit\u00e9 inviolable.   T\u00e9l\u00e9charger la brochure produit : Mat\u00e9riau de r\u00e9f\u00e9rence SETA-CRM Density","og_url":"https:\/\/webdesi-gn.fr\/dev_deltalabo\/produits\/cat-produit\/materiaux-de-reference-seta-crm-density\/","og_site_name":"DeltaLabo","article_modified_time":"2025-11-24T14:08:45+00:00","og_image":[{"width":1280,"height":853,"url":"https:\/\/webdesi-gn.fr\/dev_deltalabo\/wp-content\/uploads\/2022\/01\/laboratory-g43d8b3442_1280.jpg","type":"image\/jpeg"}],"twitter_card":"summary_large_image","schema":{"@context":"https:\/\/schema.org","@graph":[{"@type":"WebPage","@id":"https:\/\/webdesi-gn.fr\/dev_deltalabo\/produits\/cat-produit\/materiaux-de-reference-seta-crm-density\/","url":"https:\/\/webdesi-gn.fr\/dev_deltalabo\/produits\/cat-produit\/materiaux-de-reference-seta-crm-density\/","name":"Mat\u00e9riaux de r\u00e9f\u00e9rence SETA-CRM Density | DeltaLabo","isPartOf":{"@id":"https:\/\/webdesi-gn.fr\/dev_deltalabo\/#website"},"primaryImageOfPage":{"@id":"https:\/\/webdesi-gn.fr\/dev_deltalabo\/produits\/cat-produit\/materiaux-de-reference-seta-crm-density\/#primaryimage"},"image":{"@id":"https:\/\/webdesi-gn.fr\/dev_deltalabo\/produits\/cat-produit\/materiaux-de-reference-seta-crm-density\/#primaryimage"},"thumbnailUrl":"https:\/\/webdesi-gn.fr\/dev_deltalabo\/wp-content\/uploads\/2025\/11\/SETA-1414-0083_Density_CRM.jpg","datePublished":"2025-11-24T14:06:40+00:00","dateModified":"2025-11-24T14:08:45+00:00","breadcrumb":{"@id":"https:\/\/webdesi-gn.fr\/dev_deltalabo\/produits\/cat-produit\/materiaux-de-reference-seta-crm-density\/#breadcrumb"},"inLanguage":"fr-FR","potentialAction":[{"@type":"ReadAction","target":["https:\/\/webdesi-gn.fr\/dev_deltalabo\/produits\/cat-produit\/materiaux-de-reference-seta-crm-density\/"]}]},{"@type":"ImageObject","inLanguage":"fr-FR","@id":"https:\/\/webdesi-gn.fr\/dev_deltalabo\/produits\/cat-produit\/materiaux-de-reference-seta-crm-density\/#primaryimage","url":"https:\/\/webdesi-gn.fr\/dev_deltalabo\/wp-content\/uploads\/2025\/11\/SETA-1414-0083_Density_CRM.jpg","contentUrl":"https:\/\/webdesi-gn.fr\/dev_deltalabo\/wp-content\/uploads\/2025\/11\/SETA-1414-0083_Density_CRM.jpg","width":600,"height":600},{"@type":"BreadcrumbList","@id":"https:\/\/webdesi-gn.fr\/dev_deltalabo\/produits\/cat-produit\/materiaux-de-reference-seta-crm-density\/#breadcrumb","itemListElement":[{"@type":"ListItem","position":1,"name":"Accueil","item":"https:\/\/webdesi-gn.fr\/dev_deltalabo\/"},{"@type":"ListItem","position":2,"name":"Produits","item":"https:\/\/webdesi-gn.fr\/dev_deltalabo\/produits\/"},{"@type":"ListItem","position":3,"name":"Mat\u00e9riaux de r\u00e9f\u00e9rence SETA-CRM Density"}]},{"@type":"WebSite","@id":"https:\/\/webdesi-gn.fr\/dev_deltalabo\/#website","url":"https:\/\/webdesi-gn.fr\/dev_deltalabo\/","name":"Delta Labo","description":"Un site utilisant WordPress","publisher":{"@id":"https:\/\/webdesi-gn.fr\/dev_deltalabo\/#organization"},"alternateName":"Delta Labo","potentialAction":[{"@type":"SearchAction","target":{"@type":"EntryPoint","urlTemplate":"https:\/\/webdesi-gn.fr\/dev_deltalabo\/?s={search_term_string}"},"query-input":{"@type":"PropertyValueSpecification","valueRequired":true,"valueName":"search_term_string"}}],"inLanguage":"fr-FR"},{"@type":"Organization","@id":"https:\/\/webdesi-gn.fr\/dev_deltalabo\/#organization","name":"DeltaLabo","url":"https:\/\/webdesi-gn.fr\/dev_deltalabo\/","logo":{"@type":"ImageObject","inLanguage":"fr-FR","@id":"https:\/\/webdesi-gn.fr\/dev_deltalabo\/#\/schema\/logo\/image\/","url":"https:\/\/webdesi-gn.fr\/dev_deltalabo\/wp-content\/uploads\/2022\/07\/logo-deltalabo.png","contentUrl":"https:\/\/webdesi-gn.fr\/dev_deltalabo\/wp-content\/uploads\/2022\/07\/logo-deltalabo.png","width":694,"height":306,"caption":"DeltaLabo"},"image":{"@id":"https:\/\/webdesi-gn.fr\/dev_deltalabo\/#\/schema\/logo\/image\/"}}]}},"_links":{"self":[{"href":"https:\/\/webdesi-gn.fr\/dev_deltalabo\/wp-json\/wp\/v2\/product\/262400","targetHints":{"allow":["GET"]}}],"collection":[{"href":"https:\/\/webdesi-gn.fr\/dev_deltalabo\/wp-json\/wp\/v2\/product"}],"about":[{"href":"https:\/\/webdesi-gn.fr\/dev_deltalabo\/wp-json\/wp\/v2\/types\/product"}],"wp:featuredmedia":[{"embeddable":true,"href":"https:\/\/webdesi-gn.fr\/dev_deltalabo\/wp-json\/wp\/v2\/media\/262463"}],"wp:attachment":[{"href":"https:\/\/webdesi-gn.fr\/dev_deltalabo\/wp-json\/wp\/v2\/media?parent=262400"}],"wp:term":[{"taxonomy":"domaine","embeddable":true,"href":"https:\/\/webdesi-gn.fr\/dev_deltalabo\/wp-json\/wp\/v2\/domaine?post=262400"},{"taxonomy":"normes","embeddable":true,"href":"https:\/\/webdesi-gn.fr\/dev_deltalabo\/wp-json\/wp\/v2\/normes?post=262400"},{"taxonomy":"product_brand","embeddable":true,"href":"https:\/\/webdesi-gn.fr\/dev_deltalabo\/wp-json\/wp\/v2\/product_brand?post=262400"},{"taxonomy":"product_cat","embeddable":true,"href":"https:\/\/webdesi-gn.fr\/dev_deltalabo\/wp-json\/wp\/v2\/product_cat?post=262400"},{"taxonomy":"product_tag","embeddable":true,"href":"https:\/\/webdesi-gn.fr\/dev_deltalabo\/wp-json\/wp\/v2\/product_tag?post=262400"}],"curies":[{"name":"wp","href":"https:\/\/api.w.org\/{rel}","templated":true}]}}