{"id":262403,"date":"2025-11-24T15:06:41","date_gmt":"2025-11-24T14:06:41","guid":{"rendered":"https:\/\/webdesi-gn.fr\/dev_deltalabo\/?post_type=product&#038;p=262403"},"modified":"2025-11-24T15:08:57","modified_gmt":"2025-11-24T14:08:57","slug":"bain-thermostate-pour-test-stanhope-seta-cold-soak-91665-2","status":"publish","type":"product","link":"https:\/\/webdesi-gn.fr\/dev_deltalabo\/produits\/categories\/bain-thermostate-pour-test-stanhope-seta-cold-soak-91665-2\/","title":{"rendered":"Bain thermostat\u00e9 pour test Stanhope Seta Cold Soak &#8211; 91665-2"},"content":{"rendered":"","protected":false},"excerpt":{"rendered":"<p><strong>Bain thermostat\u00e9 pour test Stanhope Seta Cold Soak &#8211; 91665-2 :<\/strong><\/p>\n<p>Le bain thermostat\u00e9 pour test Stanhope Seta Cold Soak &#8211; 91665-2 est un bain \u00e0 immersion \u00e0 froid, dot\u00e9 d&rsquo;un contr\u00f4leur num\u00e9rique programmable de la temp\u00e9rature. Il est adapt\u00e9 au refroidissement et au chauffage d&rsquo;\u00e9chantillons conform\u00e9ment aux normes ASTM D7501, IP PM-EA, CEN N403 et CGSB-3.0 N\u00b0142 :<\/p>\n<ul>\n<li>IP PM-EA, CEN N 403 : +5\u00b0C pendant 16 heures, 20\u00b0C pendant 2 heures<\/li>\n<li>ASTM D7501 : +4,5\u00b0C pendant 16 heures, 25\u00b0C pendant 2 ou 4 heures<\/li>\n<li>CGSB : +1\u00b0C pendant 16 heures, 25\u00b0C pendant 2 heures<\/li>\n<\/ul>\n<p>Caract\u00e9ristiques :<\/p>\n<ul>\n<li>Capacit\u00e9 de 4 \u00e9chantillons<\/li>\n<li>Conditions de test Cold Soak pr\u00e9programm\u00e9es<\/li>\n<li>Pr\u00e9chauffage automatique apr\u00e8s 16 heures<\/li>\n<li>Refroidissement et chauffage int\u00e9gr\u00e9s, -20\u00b0C \u00e0 80 \u00b0C<\/li>\n<li>Convient pour le pr\u00e9-conditionnement d&rsquo;\u00e9chantillons \u00e0 60\u00b0C<\/li>\n<\/ul>\n<p><strong>T\u00e9l\u00e9charger la brochure produit :<\/strong> <a href=\"https:\/\/www.deltalabo.fr\/wp-content\/uploads\/2025\/10\/Seta-Cold-soak-test-bath-discontinued-engl-DL.pdf\">Bain thermostat\u00e9 pour test Stanhope Seta Cold Soak &#8211; 91665-2<\/a><\/p>\n<p><strong>Visualiser l&rsquo;utilisation du produit :<\/strong> <a href=\"https:\/\/youtu.be\/Zg1kLR-VwBM\">Bain thermostat\u00e9 pour test Stanhope Seta Cold Soak &#8211; 91665-2<\/a><\/p>\n","protected":false},"featured_media":262469,"template":"","meta":{"_acf_changed":false,"site-sidebar-layout":"default","site-content-layout":"","ast-site-content-layout":"default","site-content-style":"default","site-sidebar-style":"default","ast-global-header-display":"","ast-banner-title-visibility":"","ast-main-header-display":"","ast-hfb-above-header-display":"","ast-hfb-below-header-display":"","ast-hfb-mobile-header-display":"","site-post-title":"","ast-breadcrumbs-content":"","ast-featured-img":"","footer-sml-layout":"","ast-disable-related-posts":"","theme-transparent-header-meta":"","adv-header-id-meta":"","stick-header-meta":"","header-above-stick-meta":"","header-main-stick-meta":"","header-below-stick-meta":"","astra-migrate-meta-layouts":"default","ast-page-background-enabled":"default","ast-page-background-meta":{"desktop":{"background-color":"var(--ast-global-color-5)","background-image":"","background-repeat":"repeat","background-position":"center center","background-size":"auto","background-attachment":"scroll","background-type":"","background-media":"","overlay-type":"","overlay-color":"","overlay-opacity":"","overlay-gradient":""},"tablet":{"background-color":"","background-image":"","background-repeat":"repeat","background-position":"center center","background-size":"auto","background-attachment":"scroll","background-type":"","background-media":"","overlay-type":"","overlay-color":"","overlay-opacity":"","overlay-gradient":""},"mobile":{"background-color":"","background-image":"","background-repeat":"repeat","background-position":"center center","background-size":"auto","background-attachment":"scroll","background-type":"","background-media":"","overlay-type":"","overlay-color":"","overlay-opacity":"","overlay-gradient":""}},"ast-content-background-meta":{"desktop":{"background-color":"var(--ast-global-color-4)","background-image":"","background-repeat":"repeat","background-position":"center center","background-size":"auto","background-attachment":"scroll","background-type":"","background-media":"","overlay-type":"","overlay-color":"","overlay-opacity":"","overlay-gradient":""},"tablet":{"background-color":"var(--ast-global-color-4)","background-image":"","background-repeat":"repeat","background-position":"center center","background-size":"auto","background-attachment":"scroll","background-type":"","background-media":"","overlay-type":"","overlay-color":"","overlay-opacity":"","overlay-gradient":""},"mobile":{"background-color":"var(--ast-global-color-4)","background-image":"","background-repeat":"repeat","background-position":"center center","background-size":"auto","background-attachment":"scroll","background-type":"","background-media":"","overlay-type":"","overlay-color":"","overlay-opacity":"","overlay-gradient":""}}},"domaine":[],"normes":[],"product_brand":[],"product_cat":[17240],"product_tag":[],"class_list":{"0":"post-262403","1":"product","2":"type-product","3":"status-publish","4":"has-post-thumbnail","6":"product_cat-categories","7":"desktop-align-left","8":"tablet-align-left","9":"mobile-align-left","11":"first","12":"instock","13":"shipping-taxable","14":"product-type-simple"},"acf":[],"yoast_head":"<!-- This site is optimized with the Yoast SEO plugin v27.4 - https:\/\/yoast.com\/product\/yoast-seo-wordpress\/ -->\n<title>Bain thermostat\u00e9 pour test Stanhope Seta Cold Soak - 91665-2 | DeltaLabo<\/title>\n<meta name=\"robots\" content=\"noindex, follow, max-snippet:-1, max-image-preview:large, max-video-preview:-1\" \/>\n<meta property=\"og:locale\" content=\"fr_FR\" \/>\n<meta property=\"og:type\" content=\"article\" \/>\n<meta property=\"og:title\" content=\"Bain thermostat\u00e9 pour test Stanhope Seta Cold Soak - 91665-2 | DeltaLabo\" \/>\n<meta property=\"og:description\" content=\"Bain thermostat\u00e9 pour test Stanhope Seta Cold Soak - 91665-2 :  Le bain thermostat\u00e9 pour test Stanhope Seta Cold Soak - 91665-2 est un bain \u00e0 immersion \u00e0 froid, dot\u00e9 d&#039;un contr\u00f4leur num\u00e9rique programmable de la temp\u00e9rature. Il est adapt\u00e9 au refroidissement et au chauffage d&#039;\u00e9chantillons conform\u00e9ment aux normes ASTM D7501, IP PM-EA, CEN N403 et CGSB-3.0 N\u00b0142 :   IP PM-EA, CEN N 403 : +5\u00b0C pendant 16 heures, 20\u00b0C pendant 2 heures  ASTM D7501 : +4,5\u00b0C pendant 16 heures, 25\u00b0C pendant 2 ou 4 heures  CGSB : +1\u00b0C pendant 16 heures, 25\u00b0C pendant 2 heures  Caract\u00e9ristiques :   Capacit\u00e9 de 4 \u00e9chantillons  Conditions de test Cold Soak pr\u00e9programm\u00e9es  Pr\u00e9chauffage automatique apr\u00e8s 16 heures  Refroidissement et chauffage int\u00e9gr\u00e9s, -20\u00b0C \u00e0 80 \u00b0C  Convient pour le pr\u00e9-conditionnement d&#039;\u00e9chantillons \u00e0 60\u00b0C  T\u00e9l\u00e9charger la brochure produit : Bain thermostat\u00e9 pour test Stanhope Seta Cold Soak - 91665-2  Visualiser l&#039;utilisation du produit : Bain thermostat\u00e9 pour test Stanhope Seta Cold Soak - 91665-2\" \/>\n<meta property=\"og:url\" content=\"https:\/\/webdesi-gn.fr\/dev_deltalabo\/produits\/cat-produit\/bain-thermostate-pour-test-stanhope-seta-cold-soak-91665-2\/\" \/>\n<meta property=\"og:site_name\" content=\"DeltaLabo\" \/>\n<meta property=\"article:modified_time\" content=\"2025-11-24T14:08:57+00:00\" \/>\n<meta property=\"og:image\" content=\"https:\/\/webdesi-gn.fr\/dev_deltalabo\/wp-content\/uploads\/2022\/01\/laboratory-g43d8b3442_1280.jpg\" \/>\n\t<meta property=\"og:image:width\" content=\"1280\" \/>\n\t<meta property=\"og:image:height\" content=\"853\" \/>\n\t<meta property=\"og:image:type\" content=\"image\/jpeg\" \/>\n<meta name=\"twitter:card\" content=\"summary_large_image\" \/>\n<script type=\"application\/ld+json\" class=\"yoast-schema-graph\">{\"@context\":\"https:\\\/\\\/schema.org\",\"@graph\":[{\"@type\":\"WebPage\",\"@id\":\"https:\\\/\\\/webdesi-gn.fr\\\/dev_deltalabo\\\/produits\\\/cat-produit\\\/bain-thermostate-pour-test-stanhope-seta-cold-soak-91665-2\\\/\",\"url\":\"https:\\\/\\\/webdesi-gn.fr\\\/dev_deltalabo\\\/produits\\\/cat-produit\\\/bain-thermostate-pour-test-stanhope-seta-cold-soak-91665-2\\\/\",\"name\":\"Bain thermostat\u00e9 pour test Stanhope Seta Cold Soak - 91665-2 | DeltaLabo\",\"isPartOf\":{\"@id\":\"https:\\\/\\\/webdesi-gn.fr\\\/dev_deltalabo\\\/#website\"},\"primaryImageOfPage\":{\"@id\":\"https:\\\/\\\/webdesi-gn.fr\\\/dev_deltalabo\\\/produits\\\/cat-produit\\\/bain-thermostate-pour-test-stanhope-seta-cold-soak-91665-2\\\/#primaryimage\"},\"image\":{\"@id\":\"https:\\\/\\\/webdesi-gn.fr\\\/dev_deltalabo\\\/produits\\\/cat-produit\\\/bain-thermostate-pour-test-stanhope-seta-cold-soak-91665-2\\\/#primaryimage\"},\"thumbnailUrl\":\"https:\\\/\\\/webdesi-gn.fr\\\/dev_deltalabo\\\/wp-content\\\/uploads\\\/2025\\\/11\\\/DELTA-LABO-seta-cold-soak-test-bath.jpg\",\"datePublished\":\"2025-11-24T14:06:41+00:00\",\"dateModified\":\"2025-11-24T14:08:57+00:00\",\"breadcrumb\":{\"@id\":\"https:\\\/\\\/webdesi-gn.fr\\\/dev_deltalabo\\\/produits\\\/cat-produit\\\/bain-thermostate-pour-test-stanhope-seta-cold-soak-91665-2\\\/#breadcrumb\"},\"inLanguage\":\"fr-FR\",\"potentialAction\":[{\"@type\":\"ReadAction\",\"target\":[\"https:\\\/\\\/webdesi-gn.fr\\\/dev_deltalabo\\\/produits\\\/cat-produit\\\/bain-thermostate-pour-test-stanhope-seta-cold-soak-91665-2\\\/\"]}]},{\"@type\":\"ImageObject\",\"inLanguage\":\"fr-FR\",\"@id\":\"https:\\\/\\\/webdesi-gn.fr\\\/dev_deltalabo\\\/produits\\\/cat-produit\\\/bain-thermostate-pour-test-stanhope-seta-cold-soak-91665-2\\\/#primaryimage\",\"url\":\"https:\\\/\\\/webdesi-gn.fr\\\/dev_deltalabo\\\/wp-content\\\/uploads\\\/2025\\\/11\\\/DELTA-LABO-seta-cold-soak-test-bath.jpg\",\"contentUrl\":\"https:\\\/\\\/webdesi-gn.fr\\\/dev_deltalabo\\\/wp-content\\\/uploads\\\/2025\\\/11\\\/DELTA-LABO-seta-cold-soak-test-bath.jpg\",\"width\":600,\"height\":600},{\"@type\":\"BreadcrumbList\",\"@id\":\"https:\\\/\\\/webdesi-gn.fr\\\/dev_deltalabo\\\/produits\\\/cat-produit\\\/bain-thermostate-pour-test-stanhope-seta-cold-soak-91665-2\\\/#breadcrumb\",\"itemListElement\":[{\"@type\":\"ListItem\",\"position\":1,\"name\":\"Accueil\",\"item\":\"https:\\\/\\\/webdesi-gn.fr\\\/dev_deltalabo\\\/\"},{\"@type\":\"ListItem\",\"position\":2,\"name\":\"Produits\",\"item\":\"https:\\\/\\\/webdesi-gn.fr\\\/dev_deltalabo\\\/produits\\\/\"},{\"@type\":\"ListItem\",\"position\":3,\"name\":\"Bain thermostat\u00e9 pour test Stanhope Seta Cold Soak &#8211; 91665-2\"}]},{\"@type\":\"WebSite\",\"@id\":\"https:\\\/\\\/webdesi-gn.fr\\\/dev_deltalabo\\\/#website\",\"url\":\"https:\\\/\\\/webdesi-gn.fr\\\/dev_deltalabo\\\/\",\"name\":\"Delta Labo\",\"description\":\"Un site utilisant WordPress\",\"publisher\":{\"@id\":\"https:\\\/\\\/webdesi-gn.fr\\\/dev_deltalabo\\\/#organization\"},\"alternateName\":\"Delta Labo\",\"potentialAction\":[{\"@type\":\"SearchAction\",\"target\":{\"@type\":\"EntryPoint\",\"urlTemplate\":\"https:\\\/\\\/webdesi-gn.fr\\\/dev_deltalabo\\\/?s={search_term_string}\"},\"query-input\":{\"@type\":\"PropertyValueSpecification\",\"valueRequired\":true,\"valueName\":\"search_term_string\"}}],\"inLanguage\":\"fr-FR\"},{\"@type\":\"Organization\",\"@id\":\"https:\\\/\\\/webdesi-gn.fr\\\/dev_deltalabo\\\/#organization\",\"name\":\"DeltaLabo\",\"url\":\"https:\\\/\\\/webdesi-gn.fr\\\/dev_deltalabo\\\/\",\"logo\":{\"@type\":\"ImageObject\",\"inLanguage\":\"fr-FR\",\"@id\":\"https:\\\/\\\/webdesi-gn.fr\\\/dev_deltalabo\\\/#\\\/schema\\\/logo\\\/image\\\/\",\"url\":\"https:\\\/\\\/webdesi-gn.fr\\\/dev_deltalabo\\\/wp-content\\\/uploads\\\/2022\\\/07\\\/logo-deltalabo.png\",\"contentUrl\":\"https:\\\/\\\/webdesi-gn.fr\\\/dev_deltalabo\\\/wp-content\\\/uploads\\\/2022\\\/07\\\/logo-deltalabo.png\",\"width\":694,\"height\":306,\"caption\":\"DeltaLabo\"},\"image\":{\"@id\":\"https:\\\/\\\/webdesi-gn.fr\\\/dev_deltalabo\\\/#\\\/schema\\\/logo\\\/image\\\/\"}}]}<\/script>\n<!-- \/ Yoast SEO plugin. -->","yoast_head_json":{"title":"Bain thermostat\u00e9 pour test Stanhope Seta Cold Soak - 91665-2 | DeltaLabo","robots":{"index":"noindex","follow":"follow","max-snippet":"max-snippet:-1","max-image-preview":"max-image-preview:large","max-video-preview":"max-video-preview:-1"},"og_locale":"fr_FR","og_type":"article","og_title":"Bain thermostat\u00e9 pour test Stanhope Seta Cold Soak - 91665-2 | DeltaLabo","og_description":"Bain thermostat\u00e9 pour test Stanhope Seta Cold Soak - 91665-2 :  Le bain thermostat\u00e9 pour test Stanhope Seta Cold Soak - 91665-2 est un bain \u00e0 immersion \u00e0 froid, dot\u00e9 d'un contr\u00f4leur num\u00e9rique programmable de la temp\u00e9rature. Il est adapt\u00e9 au refroidissement et au chauffage d'\u00e9chantillons conform\u00e9ment aux normes ASTM D7501, IP PM-EA, CEN N403 et CGSB-3.0 N\u00b0142 :   IP PM-EA, CEN N 403 : +5\u00b0C pendant 16 heures, 20\u00b0C pendant 2 heures  ASTM D7501 : +4,5\u00b0C pendant 16 heures, 25\u00b0C pendant 2 ou 4 heures  CGSB : +1\u00b0C pendant 16 heures, 25\u00b0C pendant 2 heures  Caract\u00e9ristiques :   Capacit\u00e9 de 4 \u00e9chantillons  Conditions de test Cold Soak pr\u00e9programm\u00e9es  Pr\u00e9chauffage automatique apr\u00e8s 16 heures  Refroidissement et chauffage int\u00e9gr\u00e9s, -20\u00b0C \u00e0 80 \u00b0C  Convient pour le pr\u00e9-conditionnement d'\u00e9chantillons \u00e0 60\u00b0C  T\u00e9l\u00e9charger la brochure produit : Bain thermostat\u00e9 pour test Stanhope Seta Cold Soak - 91665-2  Visualiser l'utilisation du produit : Bain thermostat\u00e9 pour test Stanhope Seta Cold Soak - 91665-2","og_url":"https:\/\/webdesi-gn.fr\/dev_deltalabo\/produits\/cat-produit\/bain-thermostate-pour-test-stanhope-seta-cold-soak-91665-2\/","og_site_name":"DeltaLabo","article_modified_time":"2025-11-24T14:08:57+00:00","og_image":[{"width":1280,"height":853,"url":"https:\/\/webdesi-gn.fr\/dev_deltalabo\/wp-content\/uploads\/2022\/01\/laboratory-g43d8b3442_1280.jpg","type":"image\/jpeg"}],"twitter_card":"summary_large_image","schema":{"@context":"https:\/\/schema.org","@graph":[{"@type":"WebPage","@id":"https:\/\/webdesi-gn.fr\/dev_deltalabo\/produits\/cat-produit\/bain-thermostate-pour-test-stanhope-seta-cold-soak-91665-2\/","url":"https:\/\/webdesi-gn.fr\/dev_deltalabo\/produits\/cat-produit\/bain-thermostate-pour-test-stanhope-seta-cold-soak-91665-2\/","name":"Bain thermostat\u00e9 pour test Stanhope Seta Cold Soak - 91665-2 | DeltaLabo","isPartOf":{"@id":"https:\/\/webdesi-gn.fr\/dev_deltalabo\/#website"},"primaryImageOfPage":{"@id":"https:\/\/webdesi-gn.fr\/dev_deltalabo\/produits\/cat-produit\/bain-thermostate-pour-test-stanhope-seta-cold-soak-91665-2\/#primaryimage"},"image":{"@id":"https:\/\/webdesi-gn.fr\/dev_deltalabo\/produits\/cat-produit\/bain-thermostate-pour-test-stanhope-seta-cold-soak-91665-2\/#primaryimage"},"thumbnailUrl":"https:\/\/webdesi-gn.fr\/dev_deltalabo\/wp-content\/uploads\/2025\/11\/DELTA-LABO-seta-cold-soak-test-bath.jpg","datePublished":"2025-11-24T14:06:41+00:00","dateModified":"2025-11-24T14:08:57+00:00","breadcrumb":{"@id":"https:\/\/webdesi-gn.fr\/dev_deltalabo\/produits\/cat-produit\/bain-thermostate-pour-test-stanhope-seta-cold-soak-91665-2\/#breadcrumb"},"inLanguage":"fr-FR","potentialAction":[{"@type":"ReadAction","target":["https:\/\/webdesi-gn.fr\/dev_deltalabo\/produits\/cat-produit\/bain-thermostate-pour-test-stanhope-seta-cold-soak-91665-2\/"]}]},{"@type":"ImageObject","inLanguage":"fr-FR","@id":"https:\/\/webdesi-gn.fr\/dev_deltalabo\/produits\/cat-produit\/bain-thermostate-pour-test-stanhope-seta-cold-soak-91665-2\/#primaryimage","url":"https:\/\/webdesi-gn.fr\/dev_deltalabo\/wp-content\/uploads\/2025\/11\/DELTA-LABO-seta-cold-soak-test-bath.jpg","contentUrl":"https:\/\/webdesi-gn.fr\/dev_deltalabo\/wp-content\/uploads\/2025\/11\/DELTA-LABO-seta-cold-soak-test-bath.jpg","width":600,"height":600},{"@type":"BreadcrumbList","@id":"https:\/\/webdesi-gn.fr\/dev_deltalabo\/produits\/cat-produit\/bain-thermostate-pour-test-stanhope-seta-cold-soak-91665-2\/#breadcrumb","itemListElement":[{"@type":"ListItem","position":1,"name":"Accueil","item":"https:\/\/webdesi-gn.fr\/dev_deltalabo\/"},{"@type":"ListItem","position":2,"name":"Produits","item":"https:\/\/webdesi-gn.fr\/dev_deltalabo\/produits\/"},{"@type":"ListItem","position":3,"name":"Bain thermostat\u00e9 pour test Stanhope Seta Cold Soak &#8211; 91665-2"}]},{"@type":"WebSite","@id":"https:\/\/webdesi-gn.fr\/dev_deltalabo\/#website","url":"https:\/\/webdesi-gn.fr\/dev_deltalabo\/","name":"Delta Labo","description":"Un site utilisant WordPress","publisher":{"@id":"https:\/\/webdesi-gn.fr\/dev_deltalabo\/#organization"},"alternateName":"Delta Labo","potentialAction":[{"@type":"SearchAction","target":{"@type":"EntryPoint","urlTemplate":"https:\/\/webdesi-gn.fr\/dev_deltalabo\/?s={search_term_string}"},"query-input":{"@type":"PropertyValueSpecification","valueRequired":true,"valueName":"search_term_string"}}],"inLanguage":"fr-FR"},{"@type":"Organization","@id":"https:\/\/webdesi-gn.fr\/dev_deltalabo\/#organization","name":"DeltaLabo","url":"https:\/\/webdesi-gn.fr\/dev_deltalabo\/","logo":{"@type":"ImageObject","inLanguage":"fr-FR","@id":"https:\/\/webdesi-gn.fr\/dev_deltalabo\/#\/schema\/logo\/image\/","url":"https:\/\/webdesi-gn.fr\/dev_deltalabo\/wp-content\/uploads\/2022\/07\/logo-deltalabo.png","contentUrl":"https:\/\/webdesi-gn.fr\/dev_deltalabo\/wp-content\/uploads\/2022\/07\/logo-deltalabo.png","width":694,"height":306,"caption":"DeltaLabo"},"image":{"@id":"https:\/\/webdesi-gn.fr\/dev_deltalabo\/#\/schema\/logo\/image\/"}}]}},"_links":{"self":[{"href":"https:\/\/webdesi-gn.fr\/dev_deltalabo\/wp-json\/wp\/v2\/product\/262403","targetHints":{"allow":["GET"]}}],"collection":[{"href":"https:\/\/webdesi-gn.fr\/dev_deltalabo\/wp-json\/wp\/v2\/product"}],"about":[{"href":"https:\/\/webdesi-gn.fr\/dev_deltalabo\/wp-json\/wp\/v2\/types\/product"}],"wp:featuredmedia":[{"embeddable":true,"href":"https:\/\/webdesi-gn.fr\/dev_deltalabo\/wp-json\/wp\/v2\/media\/262469"}],"wp:attachment":[{"href":"https:\/\/webdesi-gn.fr\/dev_deltalabo\/wp-json\/wp\/v2\/media?parent=262403"}],"wp:term":[{"taxonomy":"domaine","embeddable":true,"href":"https:\/\/webdesi-gn.fr\/dev_deltalabo\/wp-json\/wp\/v2\/domaine?post=262403"},{"taxonomy":"normes","embeddable":true,"href":"https:\/\/webdesi-gn.fr\/dev_deltalabo\/wp-json\/wp\/v2\/normes?post=262403"},{"taxonomy":"product_brand","embeddable":true,"href":"https:\/\/webdesi-gn.fr\/dev_deltalabo\/wp-json\/wp\/v2\/product_brand?post=262403"},{"taxonomy":"product_cat","embeddable":true,"href":"https:\/\/webdesi-gn.fr\/dev_deltalabo\/wp-json\/wp\/v2\/product_cat?post=262403"},{"taxonomy":"product_tag","embeddable":true,"href":"https:\/\/webdesi-gn.fr\/dev_deltalabo\/wp-json\/wp\/v2\/product_tag?post=262403"}],"curies":[{"name":"wp","href":"https:\/\/api.w.org\/{rel}","templated":true}]}}