{"id":262405,"date":"2025-11-24T15:06:42","date_gmt":"2025-11-24T14:06:42","guid":{"rendered":"https:\/\/webdesi-gn.fr\/dev_deltalabo\/?post_type=product&#038;p=262405"},"modified":"2025-11-24T15:52:06","modified_gmt":"2025-11-24T14:52:06","slug":"bain-pour-test-de-corrosion-cuivre-et-argent-stanhope-seta-11310-0","status":"publish","type":"product","link":"https:\/\/webdesi-gn.fr\/dev_deltalabo\/produits\/cat-produit\/bain-pour-test-de-corrosion-cuivre-et-argent-stanhope-seta-11310-0\/","title":{"rendered":"Bain pour test de corrosion cuivre et argent Stanhope Seta &#8211; 11310-0"},"content":{"rendered":"","protected":false},"excerpt":{"rendered":"<p><strong>Bain pour test de corrosion cuivre et argent Stanhope Seta &#8211; 11310-0 :<\/strong><\/p>\n<p>Le bain pour test de corrosion cuivre et argent Stanhope Seta &#8211; 11310-0 est un <span dir=\"auto\">bain \u00e0 bloc solide sp\u00e9cialement con\u00e7u pour mesurer la corrosion des fines bandes d&rsquo;argent selon la norme ASTM D7667 et la corrosion du cuivre selon la norme ASTM D130.<\/span><\/p>\n<p><span dir=\"auto\">Le bain comporte quatre puits d&rsquo;essai pour accueillir les r\u00e9cipients sous pression de corrosion et quatre puits de pr\u00e9chauffage pour tubes \u00e0 essai de 25 mm de diam\u00e8tre x 150 mm.<\/span><\/p>\n<p><span dir=\"auto\">L&rsquo;orifice central et l&rsquo;ouverture saillante sur le couvercle sup\u00e9rieur permet le montage d&rsquo;un thermom\u00e8tre ou d&rsquo;une sonde de thermom\u00e8tre num\u00e9rique pour v\u00e9rifier la temp\u00e9rature du bain. Ce dernier garantit une stabilit\u00e9 thermique sup\u00e9rieure \u00e0 \u00b11\u00b0C entre 20\u00b0C et 150\u00b0C, conform\u00e9ment aux normes ASTM D7667 et ASTM D130.<\/span><\/p>\n<p><strong>T\u00e9l\u00e9charger la brochure produit :<\/strong> <a href=\"https:\/\/www.deltalabo.fr\/wp-content\/uploads\/2025\/10\/11310-0_Copper_Silver_Corrosion_Bath.pdf\">Bain pour test de corrosion cuivre et argent Stanhope Seta &#8211; 11310-0<\/a><\/p>\n","protected":false},"featured_media":262471,"template":"","meta":{"_acf_changed":false,"site-sidebar-layout":"default","site-content-layout":"","ast-site-content-layout":"default","site-content-style":"default","site-sidebar-style":"default","ast-global-header-display":"","ast-banner-title-visibility":"","ast-main-header-display":"","ast-hfb-above-header-display":"","ast-hfb-below-header-display":"","ast-hfb-mobile-header-display":"","site-post-title":"","ast-breadcrumbs-content":"","ast-featured-img":"","footer-sml-layout":"","ast-disable-related-posts":"","theme-transparent-header-meta":"default","adv-header-id-meta":"","stick-header-meta":"","header-above-stick-meta":"","header-main-stick-meta":"","header-below-stick-meta":"","astra-migrate-meta-layouts":"set","ast-page-background-enabled":"default","ast-page-background-meta":{"desktop":{"background-color":"var(--ast-global-color-5)","background-image":"","background-repeat":"repeat","background-position":"center center","background-size":"auto","background-attachment":"scroll","background-type":"","background-media":"","overlay-type":"","overlay-color":"","overlay-opacity":"","overlay-gradient":""},"tablet":{"background-color":"","background-image":"","background-repeat":"repeat","background-position":"center center","background-size":"auto","background-attachment":"scroll","background-type":"","background-media":"","overlay-type":"","overlay-color":"","overlay-opacity":"","overlay-gradient":""},"mobile":{"background-color":"","background-image":"","background-repeat":"repeat","background-position":"center center","background-size":"auto","background-attachment":"scroll","background-type":"","background-media":"","overlay-type":"","overlay-color":"","overlay-opacity":"","overlay-gradient":""}},"ast-content-background-meta":{"desktop":{"background-color":"var(--ast-global-color-4)","background-image":"","background-repeat":"repeat","background-position":"center center","background-size":"auto","background-attachment":"scroll","background-type":"","background-media":"","overlay-type":"","overlay-color":"","overlay-opacity":"","overlay-gradient":""},"tablet":{"background-color":"var(--ast-global-color-4)","background-image":"","background-repeat":"repeat","background-position":"center center","background-size":"auto","background-attachment":"scroll","background-type":"","background-media":"","overlay-type":"","overlay-color":"","overlay-opacity":"","overlay-gradient":""},"mobile":{"background-color":"var(--ast-global-color-4)","background-image":"","background-repeat":"repeat","background-position":"center center","background-size":"auto","background-attachment":"scroll","background-type":"","background-media":"","overlay-type":"","overlay-color":"","overlay-opacity":"","overlay-gradient":""}}},"domaine":[],"normes":[3296],"product_brand":[],"product_cat":[15],"product_tag":[],"class_list":{"0":"post-262405","1":"product","2":"type-product","3":"status-publish","4":"has-post-thumbnail","6":"normes-d130","7":"product_cat-cat-produit","8":"desktop-align-left","9":"tablet-align-left","10":"mobile-align-left","12":"first","13":"instock","14":"shipping-taxable","15":"product-type-simple"},"acf":[],"yoast_head":"<!-- This site is optimized with the Yoast SEO plugin v27.4 - https:\/\/yoast.com\/product\/yoast-seo-wordpress\/ -->\n<title>Bain pour test de corrosion cuivre et argent Stanhope Seta - 11310-0 | DeltaLabo<\/title>\n<meta name=\"robots\" content=\"noindex, follow, max-snippet:-1, max-image-preview:large, max-video-preview:-1\" \/>\n<meta property=\"og:locale\" content=\"fr_FR\" \/>\n<meta property=\"og:type\" content=\"article\" \/>\n<meta property=\"og:title\" content=\"Bain pour test de corrosion cuivre et argent Stanhope Seta - 11310-0 | DeltaLabo\" \/>\n<meta property=\"og:description\" content=\"Bain pour test de corrosion cuivre et argent Stanhope Seta - 11310-0 :  Le bain pour test de corrosion cuivre et argent Stanhope Seta - 11310-0 est un bain \u00e0 bloc solide sp\u00e9cialement con\u00e7u pour mesurer la corrosion des fines bandes d&#039;argent selon la norme ASTM D7667 et la corrosion du cuivre selon la norme ASTM D130.  Le bain comporte quatre puits d&#039;essai pour accueillir les r\u00e9cipients sous pression de corrosion et quatre puits de pr\u00e9chauffage pour tubes \u00e0 essai de 25 mm de diam\u00e8tre x 150 mm.  L&#039;orifice central et l&#039;ouverture saillante sur le couvercle sup\u00e9rieur permet le montage d&#039;un thermom\u00e8tre ou d&#039;une sonde de thermom\u00e8tre num\u00e9rique pour v\u00e9rifier la temp\u00e9rature du bain. Ce dernier garantit une stabilit\u00e9 thermique sup\u00e9rieure \u00e0 \u00b11\u00b0C entre 20\u00b0C et 150\u00b0C, conform\u00e9ment aux normes ASTM D7667 et ASTM D130.  T\u00e9l\u00e9charger la brochure produit : Bain pour test de corrosion cuivre et argent Stanhope Seta - 11310-0\" \/>\n<meta property=\"og:url\" content=\"https:\/\/webdesi-gn.fr\/dev_deltalabo\/produits\/cat-produit\/bain-pour-test-de-corrosion-cuivre-et-argent-stanhope-seta-11310-0\/\" \/>\n<meta property=\"og:site_name\" content=\"DeltaLabo\" \/>\n<meta property=\"article:modified_time\" content=\"2025-11-24T14:52:06+00:00\" \/>\n<meta property=\"og:image\" content=\"https:\/\/webdesi-gn.fr\/dev_deltalabo\/wp-content\/uploads\/2025\/11\/DELTA-LABO-Bain-de-cuivre-et-dargent.webp\" \/>\n\t<meta property=\"og:image:width\" content=\"800\" \/>\n\t<meta property=\"og:image:height\" content=\"800\" \/>\n\t<meta property=\"og:image:type\" content=\"image\/webp\" \/>\n<meta name=\"twitter:card\" content=\"summary_large_image\" \/>\n<meta name=\"twitter:label1\" content=\"Dur\u00e9e de lecture estim\u00e9e\" \/>\n\t<meta name=\"twitter:data1\" content=\"1 minute\" \/>\n<script type=\"application\/ld+json\" class=\"yoast-schema-graph\">{\"@context\":\"https:\\\/\\\/schema.org\",\"@graph\":[{\"@type\":\"WebPage\",\"@id\":\"https:\\\/\\\/webdesi-gn.fr\\\/dev_deltalabo\\\/produits\\\/cat-produit\\\/bain-pour-test-de-corrosion-cuivre-et-argent-stanhope-seta-11310-0\\\/\",\"url\":\"https:\\\/\\\/webdesi-gn.fr\\\/dev_deltalabo\\\/produits\\\/cat-produit\\\/bain-pour-test-de-corrosion-cuivre-et-argent-stanhope-seta-11310-0\\\/\",\"name\":\"Bain pour test de corrosion cuivre et argent Stanhope Seta - 11310-0 | DeltaLabo\",\"isPartOf\":{\"@id\":\"https:\\\/\\\/webdesi-gn.fr\\\/dev_deltalabo\\\/#website\"},\"primaryImageOfPage\":{\"@id\":\"https:\\\/\\\/webdesi-gn.fr\\\/dev_deltalabo\\\/produits\\\/cat-produit\\\/bain-pour-test-de-corrosion-cuivre-et-argent-stanhope-seta-11310-0\\\/#primaryimage\"},\"image\":{\"@id\":\"https:\\\/\\\/webdesi-gn.fr\\\/dev_deltalabo\\\/produits\\\/cat-produit\\\/bain-pour-test-de-corrosion-cuivre-et-argent-stanhope-seta-11310-0\\\/#primaryimage\"},\"thumbnailUrl\":\"https:\\\/\\\/webdesi-gn.fr\\\/dev_deltalabo\\\/wp-content\\\/uploads\\\/2025\\\/11\\\/DELTA-LABO-Bain-de-cuivre-et-dargent.webp\",\"datePublished\":\"2025-11-24T14:06:42+00:00\",\"dateModified\":\"2025-11-24T14:52:06+00:00\",\"breadcrumb\":{\"@id\":\"https:\\\/\\\/webdesi-gn.fr\\\/dev_deltalabo\\\/produits\\\/cat-produit\\\/bain-pour-test-de-corrosion-cuivre-et-argent-stanhope-seta-11310-0\\\/#breadcrumb\"},\"inLanguage\":\"fr-FR\",\"potentialAction\":[{\"@type\":\"ReadAction\",\"target\":[\"https:\\\/\\\/webdesi-gn.fr\\\/dev_deltalabo\\\/produits\\\/cat-produit\\\/bain-pour-test-de-corrosion-cuivre-et-argent-stanhope-seta-11310-0\\\/\"]}]},{\"@type\":\"ImageObject\",\"inLanguage\":\"fr-FR\",\"@id\":\"https:\\\/\\\/webdesi-gn.fr\\\/dev_deltalabo\\\/produits\\\/cat-produit\\\/bain-pour-test-de-corrosion-cuivre-et-argent-stanhope-seta-11310-0\\\/#primaryimage\",\"url\":\"https:\\\/\\\/webdesi-gn.fr\\\/dev_deltalabo\\\/wp-content\\\/uploads\\\/2025\\\/11\\\/DELTA-LABO-Bain-de-cuivre-et-dargent.webp\",\"contentUrl\":\"https:\\\/\\\/webdesi-gn.fr\\\/dev_deltalabo\\\/wp-content\\\/uploads\\\/2025\\\/11\\\/DELTA-LABO-Bain-de-cuivre-et-dargent.webp\",\"width\":800,\"height\":800},{\"@type\":\"BreadcrumbList\",\"@id\":\"https:\\\/\\\/webdesi-gn.fr\\\/dev_deltalabo\\\/produits\\\/cat-produit\\\/bain-pour-test-de-corrosion-cuivre-et-argent-stanhope-seta-11310-0\\\/#breadcrumb\",\"itemListElement\":[{\"@type\":\"ListItem\",\"position\":1,\"name\":\"Accueil\",\"item\":\"https:\\\/\\\/webdesi-gn.fr\\\/dev_deltalabo\\\/\"},{\"@type\":\"ListItem\",\"position\":2,\"name\":\"Produits\",\"item\":\"https:\\\/\\\/webdesi-gn.fr\\\/dev_deltalabo\\\/produits\\\/\"},{\"@type\":\"ListItem\",\"position\":3,\"name\":\"Bain pour test de corrosion cuivre et argent Stanhope Seta &#8211; 11310-0\"}]},{\"@type\":\"WebSite\",\"@id\":\"https:\\\/\\\/webdesi-gn.fr\\\/dev_deltalabo\\\/#website\",\"url\":\"https:\\\/\\\/webdesi-gn.fr\\\/dev_deltalabo\\\/\",\"name\":\"Delta Labo\",\"description\":\"Un site utilisant WordPress\",\"publisher\":{\"@id\":\"https:\\\/\\\/webdesi-gn.fr\\\/dev_deltalabo\\\/#organization\"},\"alternateName\":\"Delta Labo\",\"potentialAction\":[{\"@type\":\"SearchAction\",\"target\":{\"@type\":\"EntryPoint\",\"urlTemplate\":\"https:\\\/\\\/webdesi-gn.fr\\\/dev_deltalabo\\\/?s={search_term_string}\"},\"query-input\":{\"@type\":\"PropertyValueSpecification\",\"valueRequired\":true,\"valueName\":\"search_term_string\"}}],\"inLanguage\":\"fr-FR\"},{\"@type\":\"Organization\",\"@id\":\"https:\\\/\\\/webdesi-gn.fr\\\/dev_deltalabo\\\/#organization\",\"name\":\"DeltaLabo\",\"url\":\"https:\\\/\\\/webdesi-gn.fr\\\/dev_deltalabo\\\/\",\"logo\":{\"@type\":\"ImageObject\",\"inLanguage\":\"fr-FR\",\"@id\":\"https:\\\/\\\/webdesi-gn.fr\\\/dev_deltalabo\\\/#\\\/schema\\\/logo\\\/image\\\/\",\"url\":\"https:\\\/\\\/webdesi-gn.fr\\\/dev_deltalabo\\\/wp-content\\\/uploads\\\/2022\\\/07\\\/logo-deltalabo.png\",\"contentUrl\":\"https:\\\/\\\/webdesi-gn.fr\\\/dev_deltalabo\\\/wp-content\\\/uploads\\\/2022\\\/07\\\/logo-deltalabo.png\",\"width\":694,\"height\":306,\"caption\":\"DeltaLabo\"},\"image\":{\"@id\":\"https:\\\/\\\/webdesi-gn.fr\\\/dev_deltalabo\\\/#\\\/schema\\\/logo\\\/image\\\/\"}}]}<\/script>\n<!-- \/ Yoast SEO plugin. -->","yoast_head_json":{"title":"Bain pour test de corrosion cuivre et argent Stanhope Seta - 11310-0 | DeltaLabo","robots":{"index":"noindex","follow":"follow","max-snippet":"max-snippet:-1","max-image-preview":"max-image-preview:large","max-video-preview":"max-video-preview:-1"},"og_locale":"fr_FR","og_type":"article","og_title":"Bain pour test de corrosion cuivre et argent Stanhope Seta - 11310-0 | DeltaLabo","og_description":"Bain pour test de corrosion cuivre et argent Stanhope Seta - 11310-0 :  Le bain pour test de corrosion cuivre et argent Stanhope Seta - 11310-0 est un bain \u00e0 bloc solide sp\u00e9cialement con\u00e7u pour mesurer la corrosion des fines bandes d'argent selon la norme ASTM D7667 et la corrosion du cuivre selon la norme ASTM D130.  Le bain comporte quatre puits d'essai pour accueillir les r\u00e9cipients sous pression de corrosion et quatre puits de pr\u00e9chauffage pour tubes \u00e0 essai de 25 mm de diam\u00e8tre x 150 mm.  L'orifice central et l'ouverture saillante sur le couvercle sup\u00e9rieur permet le montage d'un thermom\u00e8tre ou d'une sonde de thermom\u00e8tre num\u00e9rique pour v\u00e9rifier la temp\u00e9rature du bain. Ce dernier garantit une stabilit\u00e9 thermique sup\u00e9rieure \u00e0 \u00b11\u00b0C entre 20\u00b0C et 150\u00b0C, conform\u00e9ment aux normes ASTM D7667 et ASTM D130.  T\u00e9l\u00e9charger la brochure produit : Bain pour test de corrosion cuivre et argent Stanhope Seta - 11310-0","og_url":"https:\/\/webdesi-gn.fr\/dev_deltalabo\/produits\/cat-produit\/bain-pour-test-de-corrosion-cuivre-et-argent-stanhope-seta-11310-0\/","og_site_name":"DeltaLabo","article_modified_time":"2025-11-24T14:52:06+00:00","og_image":[{"width":800,"height":800,"url":"https:\/\/webdesi-gn.fr\/dev_deltalabo\/wp-content\/uploads\/2025\/11\/DELTA-LABO-Bain-de-cuivre-et-dargent.webp","type":"image\/webp"}],"twitter_card":"summary_large_image","twitter_misc":{"Dur\u00e9e de lecture estim\u00e9e":"1 minute"},"schema":{"@context":"https:\/\/schema.org","@graph":[{"@type":"WebPage","@id":"https:\/\/webdesi-gn.fr\/dev_deltalabo\/produits\/cat-produit\/bain-pour-test-de-corrosion-cuivre-et-argent-stanhope-seta-11310-0\/","url":"https:\/\/webdesi-gn.fr\/dev_deltalabo\/produits\/cat-produit\/bain-pour-test-de-corrosion-cuivre-et-argent-stanhope-seta-11310-0\/","name":"Bain pour test de corrosion cuivre et argent Stanhope Seta - 11310-0 | DeltaLabo","isPartOf":{"@id":"https:\/\/webdesi-gn.fr\/dev_deltalabo\/#website"},"primaryImageOfPage":{"@id":"https:\/\/webdesi-gn.fr\/dev_deltalabo\/produits\/cat-produit\/bain-pour-test-de-corrosion-cuivre-et-argent-stanhope-seta-11310-0\/#primaryimage"},"image":{"@id":"https:\/\/webdesi-gn.fr\/dev_deltalabo\/produits\/cat-produit\/bain-pour-test-de-corrosion-cuivre-et-argent-stanhope-seta-11310-0\/#primaryimage"},"thumbnailUrl":"https:\/\/webdesi-gn.fr\/dev_deltalabo\/wp-content\/uploads\/2025\/11\/DELTA-LABO-Bain-de-cuivre-et-dargent.webp","datePublished":"2025-11-24T14:06:42+00:00","dateModified":"2025-11-24T14:52:06+00:00","breadcrumb":{"@id":"https:\/\/webdesi-gn.fr\/dev_deltalabo\/produits\/cat-produit\/bain-pour-test-de-corrosion-cuivre-et-argent-stanhope-seta-11310-0\/#breadcrumb"},"inLanguage":"fr-FR","potentialAction":[{"@type":"ReadAction","target":["https:\/\/webdesi-gn.fr\/dev_deltalabo\/produits\/cat-produit\/bain-pour-test-de-corrosion-cuivre-et-argent-stanhope-seta-11310-0\/"]}]},{"@type":"ImageObject","inLanguage":"fr-FR","@id":"https:\/\/webdesi-gn.fr\/dev_deltalabo\/produits\/cat-produit\/bain-pour-test-de-corrosion-cuivre-et-argent-stanhope-seta-11310-0\/#primaryimage","url":"https:\/\/webdesi-gn.fr\/dev_deltalabo\/wp-content\/uploads\/2025\/11\/DELTA-LABO-Bain-de-cuivre-et-dargent.webp","contentUrl":"https:\/\/webdesi-gn.fr\/dev_deltalabo\/wp-content\/uploads\/2025\/11\/DELTA-LABO-Bain-de-cuivre-et-dargent.webp","width":800,"height":800},{"@type":"BreadcrumbList","@id":"https:\/\/webdesi-gn.fr\/dev_deltalabo\/produits\/cat-produit\/bain-pour-test-de-corrosion-cuivre-et-argent-stanhope-seta-11310-0\/#breadcrumb","itemListElement":[{"@type":"ListItem","position":1,"name":"Accueil","item":"https:\/\/webdesi-gn.fr\/dev_deltalabo\/"},{"@type":"ListItem","position":2,"name":"Produits","item":"https:\/\/webdesi-gn.fr\/dev_deltalabo\/produits\/"},{"@type":"ListItem","position":3,"name":"Bain pour test de corrosion cuivre et argent Stanhope Seta &#8211; 11310-0"}]},{"@type":"WebSite","@id":"https:\/\/webdesi-gn.fr\/dev_deltalabo\/#website","url":"https:\/\/webdesi-gn.fr\/dev_deltalabo\/","name":"Delta Labo","description":"Un site utilisant WordPress","publisher":{"@id":"https:\/\/webdesi-gn.fr\/dev_deltalabo\/#organization"},"alternateName":"Delta Labo","potentialAction":[{"@type":"SearchAction","target":{"@type":"EntryPoint","urlTemplate":"https:\/\/webdesi-gn.fr\/dev_deltalabo\/?s={search_term_string}"},"query-input":{"@type":"PropertyValueSpecification","valueRequired":true,"valueName":"search_term_string"}}],"inLanguage":"fr-FR"},{"@type":"Organization","@id":"https:\/\/webdesi-gn.fr\/dev_deltalabo\/#organization","name":"DeltaLabo","url":"https:\/\/webdesi-gn.fr\/dev_deltalabo\/","logo":{"@type":"ImageObject","inLanguage":"fr-FR","@id":"https:\/\/webdesi-gn.fr\/dev_deltalabo\/#\/schema\/logo\/image\/","url":"https:\/\/webdesi-gn.fr\/dev_deltalabo\/wp-content\/uploads\/2022\/07\/logo-deltalabo.png","contentUrl":"https:\/\/webdesi-gn.fr\/dev_deltalabo\/wp-content\/uploads\/2022\/07\/logo-deltalabo.png","width":694,"height":306,"caption":"DeltaLabo"},"image":{"@id":"https:\/\/webdesi-gn.fr\/dev_deltalabo\/#\/schema\/logo\/image\/"}}]}},"_links":{"self":[{"href":"https:\/\/webdesi-gn.fr\/dev_deltalabo\/wp-json\/wp\/v2\/product\/262405","targetHints":{"allow":["GET"]}}],"collection":[{"href":"https:\/\/webdesi-gn.fr\/dev_deltalabo\/wp-json\/wp\/v2\/product"}],"about":[{"href":"https:\/\/webdesi-gn.fr\/dev_deltalabo\/wp-json\/wp\/v2\/types\/product"}],"wp:featuredmedia":[{"embeddable":true,"href":"https:\/\/webdesi-gn.fr\/dev_deltalabo\/wp-json\/wp\/v2\/media\/262471"}],"wp:attachment":[{"href":"https:\/\/webdesi-gn.fr\/dev_deltalabo\/wp-json\/wp\/v2\/media?parent=262405"}],"wp:term":[{"taxonomy":"domaine","embeddable":true,"href":"https:\/\/webdesi-gn.fr\/dev_deltalabo\/wp-json\/wp\/v2\/domaine?post=262405"},{"taxonomy":"normes","embeddable":true,"href":"https:\/\/webdesi-gn.fr\/dev_deltalabo\/wp-json\/wp\/v2\/normes?post=262405"},{"taxonomy":"product_brand","embeddable":true,"href":"https:\/\/webdesi-gn.fr\/dev_deltalabo\/wp-json\/wp\/v2\/product_brand?post=262405"},{"taxonomy":"product_cat","embeddable":true,"href":"https:\/\/webdesi-gn.fr\/dev_deltalabo\/wp-json\/wp\/v2\/product_cat?post=262405"},{"taxonomy":"product_tag","embeddable":true,"href":"https:\/\/webdesi-gn.fr\/dev_deltalabo\/wp-json\/wp\/v2\/product_tag?post=262405"}],"curies":[{"name":"wp","href":"https:\/\/api.w.org\/{rel}","templated":true}]}}