{"id":262414,"date":"2025-11-24T15:07:04","date_gmt":"2025-11-24T14:07:04","guid":{"rendered":"https:\/\/webdesi-gn.fr\/dev_deltalabo\/?post_type=product&#038;p=262414"},"modified":"2025-11-24T15:09:15","modified_gmt":"2025-11-24T14:09:15","slug":"testeur-de-lubrifiant-reichert-frottement-et-usure-coesfeld","status":"publish","type":"product","link":"https:\/\/webdesi-gn.fr\/dev_deltalabo\/produits\/categories\/testeur-de-lubrifiant-reichert-frottement-et-usure-coesfeld\/","title":{"rendered":"Testeur de lubrifiant Reichert \u2013 Frottement et usure COESFELD"},"content":{"rendered":"","protected":false},"excerpt":{"rendered":"<p><strong>Testeur de lubrifiant Reichert \u2013 Frottement et usure COESFELD :<\/strong><\/p>\n<p>Le testeur de lubrifiant Reichert \u2013 Frottement et usure COESFELD est utilis\u00e9 pour contr\u00f4ler la capacit\u00e9 de charge des lubrifiants, d\u00e9terminer la d\u00e9gradation des huiles et des solutions de coupe, optimiser les additifs et les combinaisons de mat\u00e9riaux appropri\u00e9s.<\/p>\n<p>Le testeur de lubrifiant Brugger \u2013 Frottement et usure COESFELD est \u00e9quip\u00e9 d&rsquo;un syst\u00e8me pneumatique \u00e0 double levier qui abaisse et soul\u00e8ve automatiquement le poids d&rsquo;essai. Il est \u00e9galement \u00e9quip\u00e9 d&rsquo;un \u00e9cran tactile, permettant \u00e0 l&rsquo;utilisateur d&rsquo;afficher les exigences d&rsquo;essai et de cr\u00e9er des param\u00e8tres d&rsquo;essai personnalis\u00e9s.<\/p>\n<p>Un dispositif de refroidissement externe peut \u00eatre fix\u00e9 au r\u00e9servoir de fluide afin de r\u00e9guler la temp\u00e9rature de la solution d&rsquo;essai.<\/p>\n<p><strong>T\u00e9l\u00e9charger la brochure produit :<\/strong> <a href=\"https:\/\/www.deltalabo.fr\/wp-content\/uploads\/2025\/10\/10-536-Reichert-Lubricant-Tester-engl-DL.pdf\">Testeur de lubrifiant Reichert \u2013 Frottement et usure COESFELD<\/a><\/p>\n","protected":false},"featured_media":262480,"template":"","meta":{"_acf_changed":false,"site-sidebar-layout":"default","site-content-layout":"","ast-site-content-layout":"default","site-content-style":"default","site-sidebar-style":"default","ast-global-header-display":"","ast-banner-title-visibility":"","ast-main-header-display":"","ast-hfb-above-header-display":"","ast-hfb-below-header-display":"","ast-hfb-mobile-header-display":"","site-post-title":"","ast-breadcrumbs-content":"","ast-featured-img":"","footer-sml-layout":"","ast-disable-related-posts":"","theme-transparent-header-meta":"","adv-header-id-meta":"","stick-header-meta":"","header-above-stick-meta":"","header-main-stick-meta":"","header-below-stick-meta":"","astra-migrate-meta-layouts":"default","ast-page-background-enabled":"default","ast-page-background-meta":{"desktop":{"background-color":"var(--ast-global-color-5)","background-image":"","background-repeat":"repeat","background-position":"center center","background-size":"auto","background-attachment":"scroll","background-type":"","background-media":"","overlay-type":"","overlay-color":"","overlay-opacity":"","overlay-gradient":""},"tablet":{"background-color":"","background-image":"","background-repeat":"repeat","background-position":"center center","background-size":"auto","background-attachment":"scroll","background-type":"","background-media":"","overlay-type":"","overlay-color":"","overlay-opacity":"","overlay-gradient":""},"mobile":{"background-color":"","background-image":"","background-repeat":"repeat","background-position":"center center","background-size":"auto","background-attachment":"scroll","background-type":"","background-media":"","overlay-type":"","overlay-color":"","overlay-opacity":"","overlay-gradient":""}},"ast-content-background-meta":{"desktop":{"background-color":"var(--ast-global-color-4)","background-image":"","background-repeat":"repeat","background-position":"center center","background-size":"auto","background-attachment":"scroll","background-type":"","background-media":"","overlay-type":"","overlay-color":"","overlay-opacity":"","overlay-gradient":""},"tablet":{"background-color":"var(--ast-global-color-4)","background-image":"","background-repeat":"repeat","background-position":"center center","background-size":"auto","background-attachment":"scroll","background-type":"","background-media":"","overlay-type":"","overlay-color":"","overlay-opacity":"","overlay-gradient":""},"mobile":{"background-color":"var(--ast-global-color-4)","background-image":"","background-repeat":"repeat","background-position":"center center","background-size":"auto","background-attachment":"scroll","background-type":"","background-media":"","overlay-type":"","overlay-color":"","overlay-opacity":"","overlay-gradient":""}}},"domaine":[],"normes":[],"product_brand":[],"product_cat":[17240],"product_tag":[],"class_list":{"0":"post-262414","1":"product","2":"type-product","3":"status-publish","4":"has-post-thumbnail","6":"product_cat-categories","7":"desktop-align-left","8":"tablet-align-left","9":"mobile-align-left","11":"first","12":"instock","13":"shipping-taxable","14":"product-type-simple"},"acf":[],"yoast_head":"<!-- This site is optimized with the Yoast SEO plugin v27.4 - https:\/\/yoast.com\/product\/yoast-seo-wordpress\/ -->\n<title>Testeur de lubrifiant Reichert \u2013 Frottement et usure COESFELD | DeltaLabo<\/title>\n<meta name=\"robots\" content=\"noindex, follow, max-snippet:-1, max-image-preview:large, max-video-preview:-1\" \/>\n<meta property=\"og:locale\" content=\"fr_FR\" \/>\n<meta property=\"og:type\" content=\"article\" \/>\n<meta property=\"og:title\" content=\"Testeur de lubrifiant Reichert \u2013 Frottement et usure COESFELD | DeltaLabo\" \/>\n<meta property=\"og:description\" content=\"Testeur de lubrifiant Reichert \u2013 Frottement et usure COESFELD :  Le testeur de lubrifiant Reichert \u2013 Frottement et usure COESFELD est utilis\u00e9 pour contr\u00f4ler la capacit\u00e9 de charge des lubrifiants, d\u00e9terminer la d\u00e9gradation des huiles et des solutions de coupe, optimiser les additifs et les combinaisons de mat\u00e9riaux appropri\u00e9s.  Le testeur de lubrifiant Brugger \u2013 Frottement et usure COESFELD est \u00e9quip\u00e9 d&#039;un syst\u00e8me pneumatique \u00e0 double levier qui abaisse et soul\u00e8ve automatiquement le poids d&#039;essai. Il est \u00e9galement \u00e9quip\u00e9 d&#039;un \u00e9cran tactile, permettant \u00e0 l&#039;utilisateur d&#039;afficher les exigences d&#039;essai et de cr\u00e9er des param\u00e8tres d&#039;essai personnalis\u00e9s.  Un dispositif de refroidissement externe peut \u00eatre fix\u00e9 au r\u00e9servoir de fluide afin de r\u00e9guler la temp\u00e9rature de la solution d&#039;essai.  T\u00e9l\u00e9charger la brochure produit : Testeur de lubrifiant Reichert \u2013 Frottement et usure COESFELD\" \/>\n<meta property=\"og:url\" content=\"https:\/\/webdesi-gn.fr\/dev_deltalabo\/produits\/cat-produit\/testeur-de-lubrifiant-reichert-frottement-et-usure-coesfeld\/\" \/>\n<meta property=\"og:site_name\" content=\"DeltaLabo\" \/>\n<meta property=\"article:modified_time\" content=\"2025-11-24T14:09:15+00:00\" \/>\n<meta property=\"og:image\" content=\"https:\/\/webdesi-gn.fr\/dev_deltalabo\/wp-content\/uploads\/2022\/01\/laboratory-g43d8b3442_1280.jpg\" \/>\n\t<meta property=\"og:image:width\" content=\"1280\" \/>\n\t<meta property=\"og:image:height\" content=\"853\" \/>\n\t<meta property=\"og:image:type\" content=\"image\/jpeg\" \/>\n<meta name=\"twitter:card\" content=\"summary_large_image\" \/>\n<script type=\"application\/ld+json\" class=\"yoast-schema-graph\">{\"@context\":\"https:\\\/\\\/schema.org\",\"@graph\":[{\"@type\":\"WebPage\",\"@id\":\"https:\\\/\\\/webdesi-gn.fr\\\/dev_deltalabo\\\/produits\\\/cat-produit\\\/testeur-de-lubrifiant-reichert-frottement-et-usure-coesfeld\\\/\",\"url\":\"https:\\\/\\\/webdesi-gn.fr\\\/dev_deltalabo\\\/produits\\\/cat-produit\\\/testeur-de-lubrifiant-reichert-frottement-et-usure-coesfeld\\\/\",\"name\":\"Testeur de lubrifiant Reichert \u2013 Frottement et usure COESFELD | DeltaLabo\",\"isPartOf\":{\"@id\":\"https:\\\/\\\/webdesi-gn.fr\\\/dev_deltalabo\\\/#website\"},\"primaryImageOfPage\":{\"@id\":\"https:\\\/\\\/webdesi-gn.fr\\\/dev_deltalabo\\\/produits\\\/cat-produit\\\/testeur-de-lubrifiant-reichert-frottement-et-usure-coesfeld\\\/#primaryimage\"},\"image\":{\"@id\":\"https:\\\/\\\/webdesi-gn.fr\\\/dev_deltalabo\\\/produits\\\/cat-produit\\\/testeur-de-lubrifiant-reichert-frottement-et-usure-coesfeld\\\/#primaryimage\"},\"thumbnailUrl\":\"https:\\\/\\\/webdesi-gn.fr\\\/dev_deltalabo\\\/wp-content\\\/uploads\\\/2025\\\/11\\\/DELTA-LABO-Brugger-Lubricant-Tester-COESFELD.webp\",\"datePublished\":\"2025-11-24T14:07:04+00:00\",\"dateModified\":\"2025-11-24T14:09:15+00:00\",\"breadcrumb\":{\"@id\":\"https:\\\/\\\/webdesi-gn.fr\\\/dev_deltalabo\\\/produits\\\/cat-produit\\\/testeur-de-lubrifiant-reichert-frottement-et-usure-coesfeld\\\/#breadcrumb\"},\"inLanguage\":\"fr-FR\",\"potentialAction\":[{\"@type\":\"ReadAction\",\"target\":[\"https:\\\/\\\/webdesi-gn.fr\\\/dev_deltalabo\\\/produits\\\/cat-produit\\\/testeur-de-lubrifiant-reichert-frottement-et-usure-coesfeld\\\/\"]}]},{\"@type\":\"ImageObject\",\"inLanguage\":\"fr-FR\",\"@id\":\"https:\\\/\\\/webdesi-gn.fr\\\/dev_deltalabo\\\/produits\\\/cat-produit\\\/testeur-de-lubrifiant-reichert-frottement-et-usure-coesfeld\\\/#primaryimage\",\"url\":\"https:\\\/\\\/webdesi-gn.fr\\\/dev_deltalabo\\\/wp-content\\\/uploads\\\/2025\\\/11\\\/DELTA-LABO-Brugger-Lubricant-Tester-COESFELD.webp\",\"contentUrl\":\"https:\\\/\\\/webdesi-gn.fr\\\/dev_deltalabo\\\/wp-content\\\/uploads\\\/2025\\\/11\\\/DELTA-LABO-Brugger-Lubricant-Tester-COESFELD.webp\",\"width\":601,\"height\":400},{\"@type\":\"BreadcrumbList\",\"@id\":\"https:\\\/\\\/webdesi-gn.fr\\\/dev_deltalabo\\\/produits\\\/cat-produit\\\/testeur-de-lubrifiant-reichert-frottement-et-usure-coesfeld\\\/#breadcrumb\",\"itemListElement\":[{\"@type\":\"ListItem\",\"position\":1,\"name\":\"Accueil\",\"item\":\"https:\\\/\\\/webdesi-gn.fr\\\/dev_deltalabo\\\/\"},{\"@type\":\"ListItem\",\"position\":2,\"name\":\"Produits\",\"item\":\"https:\\\/\\\/webdesi-gn.fr\\\/dev_deltalabo\\\/produits\\\/\"},{\"@type\":\"ListItem\",\"position\":3,\"name\":\"Testeur de lubrifiant Reichert \u2013 Frottement et usure COESFELD\"}]},{\"@type\":\"WebSite\",\"@id\":\"https:\\\/\\\/webdesi-gn.fr\\\/dev_deltalabo\\\/#website\",\"url\":\"https:\\\/\\\/webdesi-gn.fr\\\/dev_deltalabo\\\/\",\"name\":\"Delta Labo\",\"description\":\"Un site utilisant WordPress\",\"publisher\":{\"@id\":\"https:\\\/\\\/webdesi-gn.fr\\\/dev_deltalabo\\\/#organization\"},\"alternateName\":\"Delta Labo\",\"potentialAction\":[{\"@type\":\"SearchAction\",\"target\":{\"@type\":\"EntryPoint\",\"urlTemplate\":\"https:\\\/\\\/webdesi-gn.fr\\\/dev_deltalabo\\\/?s={search_term_string}\"},\"query-input\":{\"@type\":\"PropertyValueSpecification\",\"valueRequired\":true,\"valueName\":\"search_term_string\"}}],\"inLanguage\":\"fr-FR\"},{\"@type\":\"Organization\",\"@id\":\"https:\\\/\\\/webdesi-gn.fr\\\/dev_deltalabo\\\/#organization\",\"name\":\"DeltaLabo\",\"url\":\"https:\\\/\\\/webdesi-gn.fr\\\/dev_deltalabo\\\/\",\"logo\":{\"@type\":\"ImageObject\",\"inLanguage\":\"fr-FR\",\"@id\":\"https:\\\/\\\/webdesi-gn.fr\\\/dev_deltalabo\\\/#\\\/schema\\\/logo\\\/image\\\/\",\"url\":\"https:\\\/\\\/webdesi-gn.fr\\\/dev_deltalabo\\\/wp-content\\\/uploads\\\/2022\\\/07\\\/logo-deltalabo.png\",\"contentUrl\":\"https:\\\/\\\/webdesi-gn.fr\\\/dev_deltalabo\\\/wp-content\\\/uploads\\\/2022\\\/07\\\/logo-deltalabo.png\",\"width\":694,\"height\":306,\"caption\":\"DeltaLabo\"},\"image\":{\"@id\":\"https:\\\/\\\/webdesi-gn.fr\\\/dev_deltalabo\\\/#\\\/schema\\\/logo\\\/image\\\/\"}}]}<\/script>\n<!-- \/ Yoast SEO plugin. -->","yoast_head_json":{"title":"Testeur de lubrifiant Reichert \u2013 Frottement et usure COESFELD | DeltaLabo","robots":{"index":"noindex","follow":"follow","max-snippet":"max-snippet:-1","max-image-preview":"max-image-preview:large","max-video-preview":"max-video-preview:-1"},"og_locale":"fr_FR","og_type":"article","og_title":"Testeur de lubrifiant Reichert \u2013 Frottement et usure COESFELD | DeltaLabo","og_description":"Testeur de lubrifiant Reichert \u2013 Frottement et usure COESFELD :  Le testeur de lubrifiant Reichert \u2013 Frottement et usure COESFELD est utilis\u00e9 pour contr\u00f4ler la capacit\u00e9 de charge des lubrifiants, d\u00e9terminer la d\u00e9gradation des huiles et des solutions de coupe, optimiser les additifs et les combinaisons de mat\u00e9riaux appropri\u00e9s.  Le testeur de lubrifiant Brugger \u2013 Frottement et usure COESFELD est \u00e9quip\u00e9 d'un syst\u00e8me pneumatique \u00e0 double levier qui abaisse et soul\u00e8ve automatiquement le poids d'essai. Il est \u00e9galement \u00e9quip\u00e9 d'un \u00e9cran tactile, permettant \u00e0 l'utilisateur d'afficher les exigences d'essai et de cr\u00e9er des param\u00e8tres d'essai personnalis\u00e9s.  Un dispositif de refroidissement externe peut \u00eatre fix\u00e9 au r\u00e9servoir de fluide afin de r\u00e9guler la temp\u00e9rature de la solution d'essai.  T\u00e9l\u00e9charger la brochure produit : Testeur de lubrifiant Reichert \u2013 Frottement et usure COESFELD","og_url":"https:\/\/webdesi-gn.fr\/dev_deltalabo\/produits\/cat-produit\/testeur-de-lubrifiant-reichert-frottement-et-usure-coesfeld\/","og_site_name":"DeltaLabo","article_modified_time":"2025-11-24T14:09:15+00:00","og_image":[{"width":1280,"height":853,"url":"https:\/\/webdesi-gn.fr\/dev_deltalabo\/wp-content\/uploads\/2022\/01\/laboratory-g43d8b3442_1280.jpg","type":"image\/jpeg"}],"twitter_card":"summary_large_image","schema":{"@context":"https:\/\/schema.org","@graph":[{"@type":"WebPage","@id":"https:\/\/webdesi-gn.fr\/dev_deltalabo\/produits\/cat-produit\/testeur-de-lubrifiant-reichert-frottement-et-usure-coesfeld\/","url":"https:\/\/webdesi-gn.fr\/dev_deltalabo\/produits\/cat-produit\/testeur-de-lubrifiant-reichert-frottement-et-usure-coesfeld\/","name":"Testeur de lubrifiant Reichert \u2013 Frottement et usure COESFELD | DeltaLabo","isPartOf":{"@id":"https:\/\/webdesi-gn.fr\/dev_deltalabo\/#website"},"primaryImageOfPage":{"@id":"https:\/\/webdesi-gn.fr\/dev_deltalabo\/produits\/cat-produit\/testeur-de-lubrifiant-reichert-frottement-et-usure-coesfeld\/#primaryimage"},"image":{"@id":"https:\/\/webdesi-gn.fr\/dev_deltalabo\/produits\/cat-produit\/testeur-de-lubrifiant-reichert-frottement-et-usure-coesfeld\/#primaryimage"},"thumbnailUrl":"https:\/\/webdesi-gn.fr\/dev_deltalabo\/wp-content\/uploads\/2025\/11\/DELTA-LABO-Brugger-Lubricant-Tester-COESFELD.webp","datePublished":"2025-11-24T14:07:04+00:00","dateModified":"2025-11-24T14:09:15+00:00","breadcrumb":{"@id":"https:\/\/webdesi-gn.fr\/dev_deltalabo\/produits\/cat-produit\/testeur-de-lubrifiant-reichert-frottement-et-usure-coesfeld\/#breadcrumb"},"inLanguage":"fr-FR","potentialAction":[{"@type":"ReadAction","target":["https:\/\/webdesi-gn.fr\/dev_deltalabo\/produits\/cat-produit\/testeur-de-lubrifiant-reichert-frottement-et-usure-coesfeld\/"]}]},{"@type":"ImageObject","inLanguage":"fr-FR","@id":"https:\/\/webdesi-gn.fr\/dev_deltalabo\/produits\/cat-produit\/testeur-de-lubrifiant-reichert-frottement-et-usure-coesfeld\/#primaryimage","url":"https:\/\/webdesi-gn.fr\/dev_deltalabo\/wp-content\/uploads\/2025\/11\/DELTA-LABO-Brugger-Lubricant-Tester-COESFELD.webp","contentUrl":"https:\/\/webdesi-gn.fr\/dev_deltalabo\/wp-content\/uploads\/2025\/11\/DELTA-LABO-Brugger-Lubricant-Tester-COESFELD.webp","width":601,"height":400},{"@type":"BreadcrumbList","@id":"https:\/\/webdesi-gn.fr\/dev_deltalabo\/produits\/cat-produit\/testeur-de-lubrifiant-reichert-frottement-et-usure-coesfeld\/#breadcrumb","itemListElement":[{"@type":"ListItem","position":1,"name":"Accueil","item":"https:\/\/webdesi-gn.fr\/dev_deltalabo\/"},{"@type":"ListItem","position":2,"name":"Produits","item":"https:\/\/webdesi-gn.fr\/dev_deltalabo\/produits\/"},{"@type":"ListItem","position":3,"name":"Testeur de lubrifiant Reichert \u2013 Frottement et usure COESFELD"}]},{"@type":"WebSite","@id":"https:\/\/webdesi-gn.fr\/dev_deltalabo\/#website","url":"https:\/\/webdesi-gn.fr\/dev_deltalabo\/","name":"Delta Labo","description":"Un site utilisant WordPress","publisher":{"@id":"https:\/\/webdesi-gn.fr\/dev_deltalabo\/#organization"},"alternateName":"Delta Labo","potentialAction":[{"@type":"SearchAction","target":{"@type":"EntryPoint","urlTemplate":"https:\/\/webdesi-gn.fr\/dev_deltalabo\/?s={search_term_string}"},"query-input":{"@type":"PropertyValueSpecification","valueRequired":true,"valueName":"search_term_string"}}],"inLanguage":"fr-FR"},{"@type":"Organization","@id":"https:\/\/webdesi-gn.fr\/dev_deltalabo\/#organization","name":"DeltaLabo","url":"https:\/\/webdesi-gn.fr\/dev_deltalabo\/","logo":{"@type":"ImageObject","inLanguage":"fr-FR","@id":"https:\/\/webdesi-gn.fr\/dev_deltalabo\/#\/schema\/logo\/image\/","url":"https:\/\/webdesi-gn.fr\/dev_deltalabo\/wp-content\/uploads\/2022\/07\/logo-deltalabo.png","contentUrl":"https:\/\/webdesi-gn.fr\/dev_deltalabo\/wp-content\/uploads\/2022\/07\/logo-deltalabo.png","width":694,"height":306,"caption":"DeltaLabo"},"image":{"@id":"https:\/\/webdesi-gn.fr\/dev_deltalabo\/#\/schema\/logo\/image\/"}}]}},"_links":{"self":[{"href":"https:\/\/webdesi-gn.fr\/dev_deltalabo\/wp-json\/wp\/v2\/product\/262414","targetHints":{"allow":["GET"]}}],"collection":[{"href":"https:\/\/webdesi-gn.fr\/dev_deltalabo\/wp-json\/wp\/v2\/product"}],"about":[{"href":"https:\/\/webdesi-gn.fr\/dev_deltalabo\/wp-json\/wp\/v2\/types\/product"}],"wp:featuredmedia":[{"embeddable":true,"href":"https:\/\/webdesi-gn.fr\/dev_deltalabo\/wp-json\/wp\/v2\/media\/262480"}],"wp:attachment":[{"href":"https:\/\/webdesi-gn.fr\/dev_deltalabo\/wp-json\/wp\/v2\/media?parent=262414"}],"wp:term":[{"taxonomy":"domaine","embeddable":true,"href":"https:\/\/webdesi-gn.fr\/dev_deltalabo\/wp-json\/wp\/v2\/domaine?post=262414"},{"taxonomy":"normes","embeddable":true,"href":"https:\/\/webdesi-gn.fr\/dev_deltalabo\/wp-json\/wp\/v2\/normes?post=262414"},{"taxonomy":"product_brand","embeddable":true,"href":"https:\/\/webdesi-gn.fr\/dev_deltalabo\/wp-json\/wp\/v2\/product_brand?post=262414"},{"taxonomy":"product_cat","embeddable":true,"href":"https:\/\/webdesi-gn.fr\/dev_deltalabo\/wp-json\/wp\/v2\/product_cat?post=262414"},{"taxonomy":"product_tag","embeddable":true,"href":"https:\/\/webdesi-gn.fr\/dev_deltalabo\/wp-json\/wp\/v2\/product_tag?post=262414"}],"curies":[{"name":"wp","href":"https:\/\/api.w.org\/{rel}","templated":true}]}}