{"id":262426,"date":"2025-11-24T15:07:28","date_gmt":"2025-11-24T14:07:28","guid":{"rendered":"https:\/\/webdesi-gn.fr\/dev_deltalabo\/?post_type=product&#038;p=262426"},"modified":"2025-11-24T15:09:38","modified_gmt":"2025-11-24T14:09:38","slug":"systeme-de-four-moufle-avec-balance-et-logiciel-nabertherm","status":"publish","type":"product","link":"https:\/\/webdesi-gn.fr\/dev_deltalabo\/produits\/categories\/systeme-de-four-moufle-avec-balance-et-logiciel-nabertherm\/","title":{"rendered":"Syst\u00e8me de four moufle avec balance et logiciel Nabertherm"},"content":{"rendered":"","protected":false},"excerpt":{"rendered":"<p><strong>Syst\u00e8me de four moufle avec balance et logiciel Nabertherm :<\/strong><\/p>\n<p>Le syst\u00e8me de four moufle avec balance et logiciel Nabertherm est un syst\u00e8me complet sp\u00e9cialement con\u00e7u pour la d\u00e9termination des pertes par calcination en laboratoire. Durant le processus, la temp\u00e9rature et l\u2019\u00e9volution du poids sont monitor\u00e9s \u00e0 l\u2019aide du logiciel fourni. Ce syst\u00e8me de four moufle ne d\u00e9gage pas de vapeur ou de fum\u00e9es inflammables et le chauffage se fait par les deux c\u00f4t\u00e9s gr\u00e2ce \u00e0 des plaques chauffantes en c\u00e9ramique. La double paroi en inox structur\u00e9e poss\u00e8de un syst\u00e8me de refroidissement suppl\u00e9mentaire.<\/p>\n<p>Deux mod\u00e8les existent :<\/p>\n<ul>\n<li>L(T) 9\/11\/SW : temp\u00e9rature max 1100\u00b0C &#8211; temps de chauffe 65 minutes<\/li>\n<li>L(T) 9\/12\/SW : temp\u00e9rature max 1200\u00b0C &#8211; temps de chauffe 75 minutes<\/li>\n<\/ul>\n<p>Caract\u00e9ristiques :<\/p>\n<ul>\n<li>Volume 9 litres<\/li>\n<li>Programmateur avec commande tactile B510 (5 programmes de 4 segments chacun)<\/li>\n<li>4 balances pour diff\u00e9rents poids maximaux<\/li>\n<li>Contr\u00f4le et enregistrement de la temp\u00e9rature et des pertes par recuisson<\/li>\n<li>Porte guillotine<\/li>\n<\/ul>\n<p><strong>T\u00e9l\u00e9charger la brochure produit :<\/strong> <a href=\"https:\/\/www.deltalabo.fr\/wp-content\/uploads\/2025\/10\/Syst.-four-avec-balance-fra-DL.pdf\">Syst\u00e8me de four moufle Nabertherm<\/a><\/p>\n","protected":false},"featured_media":262492,"template":"","meta":{"_acf_changed":false,"site-sidebar-layout":"default","site-content-layout":"","ast-site-content-layout":"default","site-content-style":"default","site-sidebar-style":"default","ast-global-header-display":"","ast-banner-title-visibility":"","ast-main-header-display":"","ast-hfb-above-header-display":"","ast-hfb-below-header-display":"","ast-hfb-mobile-header-display":"","site-post-title":"","ast-breadcrumbs-content":"","ast-featured-img":"","footer-sml-layout":"","ast-disable-related-posts":"","theme-transparent-header-meta":"","adv-header-id-meta":"","stick-header-meta":"","header-above-stick-meta":"","header-main-stick-meta":"","header-below-stick-meta":"","astra-migrate-meta-layouts":"default","ast-page-background-enabled":"default","ast-page-background-meta":{"desktop":{"background-color":"var(--ast-global-color-5)","background-image":"","background-repeat":"repeat","background-position":"center center","background-size":"auto","background-attachment":"scroll","background-type":"","background-media":"","overlay-type":"","overlay-color":"","overlay-opacity":"","overlay-gradient":""},"tablet":{"background-color":"","background-image":"","background-repeat":"repeat","background-position":"center center","background-size":"auto","background-attachment":"scroll","background-type":"","background-media":"","overlay-type":"","overlay-color":"","overlay-opacity":"","overlay-gradient":""},"mobile":{"background-color":"","background-image":"","background-repeat":"repeat","background-position":"center center","background-size":"auto","background-attachment":"scroll","background-type":"","background-media":"","overlay-type":"","overlay-color":"","overlay-opacity":"","overlay-gradient":""}},"ast-content-background-meta":{"desktop":{"background-color":"var(--ast-global-color-4)","background-image":"","background-repeat":"repeat","background-position":"center center","background-size":"auto","background-attachment":"scroll","background-type":"","background-media":"","overlay-type":"","overlay-color":"","overlay-opacity":"","overlay-gradient":""},"tablet":{"background-color":"var(--ast-global-color-4)","background-image":"","background-repeat":"repeat","background-position":"center center","background-size":"auto","background-attachment":"scroll","background-type":"","background-media":"","overlay-type":"","overlay-color":"","overlay-opacity":"","overlay-gradient":""},"mobile":{"background-color":"var(--ast-global-color-4)","background-image":"","background-repeat":"repeat","background-position":"center center","background-size":"auto","background-attachment":"scroll","background-type":"","background-media":"","overlay-type":"","overlay-color":"","overlay-opacity":"","overlay-gradient":""}}},"domaine":[],"normes":[],"product_brand":[],"product_cat":[17240],"product_tag":[],"class_list":{"0":"post-262426","1":"product","2":"type-product","3":"status-publish","4":"has-post-thumbnail","6":"product_cat-categories","7":"desktop-align-left","8":"tablet-align-left","9":"mobile-align-left","11":"first","12":"instock","13":"shipping-taxable","14":"product-type-simple"},"acf":[],"yoast_head":"<!-- This site is optimized with the Yoast SEO plugin v27.4 - https:\/\/yoast.com\/product\/yoast-seo-wordpress\/ -->\n<title>Syst\u00e8me de four moufle avec balance et logiciel Nabertherm | DeltaLabo<\/title>\n<meta name=\"robots\" content=\"noindex, follow, max-snippet:-1, max-image-preview:large, max-video-preview:-1\" \/>\n<meta property=\"og:locale\" content=\"fr_FR\" \/>\n<meta property=\"og:type\" content=\"article\" \/>\n<meta property=\"og:title\" content=\"Syst\u00e8me de four moufle avec balance et logiciel Nabertherm | DeltaLabo\" \/>\n<meta property=\"og:description\" content=\"Syst\u00e8me de four moufle avec balance et logiciel Nabertherm :  Le syst\u00e8me de four moufle avec balance et logiciel Nabertherm est un syst\u00e8me complet sp\u00e9cialement con\u00e7u pour la d\u00e9termination des pertes par calcination en laboratoire. Durant le processus, la temp\u00e9rature et l\u2019\u00e9volution du poids sont monitor\u00e9s \u00e0 l\u2019aide du logiciel fourni. Ce syst\u00e8me de four moufle ne d\u00e9gage pas de vapeur ou de fum\u00e9es inflammables et le chauffage se fait par les deux c\u00f4t\u00e9s gr\u00e2ce \u00e0 des plaques chauffantes en c\u00e9ramique. La double paroi en inox structur\u00e9e poss\u00e8de un syst\u00e8me de refroidissement suppl\u00e9mentaire.  Deux mod\u00e8les existent :   L(T) 9\/11\/SW : temp\u00e9rature max 1100\u00b0C - temps de chauffe 65 minutes  L(T) 9\/12\/SW : temp\u00e9rature max 1200\u00b0C - temps de chauffe 75 minutes  Caract\u00e9ristiques :   Volume 9 litres  Programmateur avec commande tactile B510 (5 programmes de 4 segments chacun)  4 balances pour diff\u00e9rents poids maximaux  Contr\u00f4le et enregistrement de la temp\u00e9rature et des pertes par recuisson  Porte guillotine  T\u00e9l\u00e9charger la brochure produit : Syst\u00e8me de four moufle Nabertherm\" \/>\n<meta property=\"og:url\" content=\"https:\/\/webdesi-gn.fr\/dev_deltalabo\/produits\/cat-produit\/systeme-de-four-moufle-avec-balance-et-logiciel-nabertherm\/\" \/>\n<meta property=\"og:site_name\" content=\"DeltaLabo\" \/>\n<meta property=\"article:modified_time\" content=\"2025-11-24T14:09:38+00:00\" \/>\n<meta property=\"og:image\" content=\"https:\/\/webdesi-gn.fr\/dev_deltalabo\/wp-content\/uploads\/2022\/01\/laboratory-g43d8b3442_1280.jpg\" \/>\n\t<meta property=\"og:image:width\" content=\"1280\" \/>\n\t<meta property=\"og:image:height\" content=\"853\" \/>\n\t<meta property=\"og:image:type\" content=\"image\/jpeg\" \/>\n<meta name=\"twitter:card\" content=\"summary_large_image\" \/>\n<script type=\"application\/ld+json\" class=\"yoast-schema-graph\">{\"@context\":\"https:\\\/\\\/schema.org\",\"@graph\":[{\"@type\":\"WebPage\",\"@id\":\"https:\\\/\\\/webdesi-gn.fr\\\/dev_deltalabo\\\/produits\\\/cat-produit\\\/systeme-de-four-moufle-avec-balance-et-logiciel-nabertherm\\\/\",\"url\":\"https:\\\/\\\/webdesi-gn.fr\\\/dev_deltalabo\\\/produits\\\/cat-produit\\\/systeme-de-four-moufle-avec-balance-et-logiciel-nabertherm\\\/\",\"name\":\"Syst\u00e8me de four moufle avec balance et logiciel Nabertherm | DeltaLabo\",\"isPartOf\":{\"@id\":\"https:\\\/\\\/webdesi-gn.fr\\\/dev_deltalabo\\\/#website\"},\"primaryImageOfPage\":{\"@id\":\"https:\\\/\\\/webdesi-gn.fr\\\/dev_deltalabo\\\/produits\\\/cat-produit\\\/systeme-de-four-moufle-avec-balance-et-logiciel-nabertherm\\\/#primaryimage\"},\"image\":{\"@id\":\"https:\\\/\\\/webdesi-gn.fr\\\/dev_deltalabo\\\/produits\\\/cat-produit\\\/systeme-de-four-moufle-avec-balance-et-logiciel-nabertherm\\\/#primaryimage\"},\"thumbnailUrl\":\"https:\\\/\\\/webdesi-gn.fr\\\/dev_deltalabo\\\/wp-content\\\/uploads\\\/2025\\\/11\\\/DELTA-LABO-Systeme-de-four-moufle-avec-balance-Nabertherm.webp\",\"datePublished\":\"2025-11-24T14:07:28+00:00\",\"dateModified\":\"2025-11-24T14:09:38+00:00\",\"breadcrumb\":{\"@id\":\"https:\\\/\\\/webdesi-gn.fr\\\/dev_deltalabo\\\/produits\\\/cat-produit\\\/systeme-de-four-moufle-avec-balance-et-logiciel-nabertherm\\\/#breadcrumb\"},\"inLanguage\":\"fr-FR\",\"potentialAction\":[{\"@type\":\"ReadAction\",\"target\":[\"https:\\\/\\\/webdesi-gn.fr\\\/dev_deltalabo\\\/produits\\\/cat-produit\\\/systeme-de-four-moufle-avec-balance-et-logiciel-nabertherm\\\/\"]}]},{\"@type\":\"ImageObject\",\"inLanguage\":\"fr-FR\",\"@id\":\"https:\\\/\\\/webdesi-gn.fr\\\/dev_deltalabo\\\/produits\\\/cat-produit\\\/systeme-de-four-moufle-avec-balance-et-logiciel-nabertherm\\\/#primaryimage\",\"url\":\"https:\\\/\\\/webdesi-gn.fr\\\/dev_deltalabo\\\/wp-content\\\/uploads\\\/2025\\\/11\\\/DELTA-LABO-Systeme-de-four-moufle-avec-balance-Nabertherm.webp\",\"contentUrl\":\"https:\\\/\\\/webdesi-gn.fr\\\/dev_deltalabo\\\/wp-content\\\/uploads\\\/2025\\\/11\\\/DELTA-LABO-Systeme-de-four-moufle-avec-balance-Nabertherm.webp\",\"width\":568,\"height\":600},{\"@type\":\"BreadcrumbList\",\"@id\":\"https:\\\/\\\/webdesi-gn.fr\\\/dev_deltalabo\\\/produits\\\/cat-produit\\\/systeme-de-four-moufle-avec-balance-et-logiciel-nabertherm\\\/#breadcrumb\",\"itemListElement\":[{\"@type\":\"ListItem\",\"position\":1,\"name\":\"Accueil\",\"item\":\"https:\\\/\\\/webdesi-gn.fr\\\/dev_deltalabo\\\/\"},{\"@type\":\"ListItem\",\"position\":2,\"name\":\"Produits\",\"item\":\"https:\\\/\\\/webdesi-gn.fr\\\/dev_deltalabo\\\/produits\\\/\"},{\"@type\":\"ListItem\",\"position\":3,\"name\":\"Syst\u00e8me de four moufle avec balance et logiciel Nabertherm\"}]},{\"@type\":\"WebSite\",\"@id\":\"https:\\\/\\\/webdesi-gn.fr\\\/dev_deltalabo\\\/#website\",\"url\":\"https:\\\/\\\/webdesi-gn.fr\\\/dev_deltalabo\\\/\",\"name\":\"Delta Labo\",\"description\":\"Un site utilisant WordPress\",\"publisher\":{\"@id\":\"https:\\\/\\\/webdesi-gn.fr\\\/dev_deltalabo\\\/#organization\"},\"alternateName\":\"Delta Labo\",\"potentialAction\":[{\"@type\":\"SearchAction\",\"target\":{\"@type\":\"EntryPoint\",\"urlTemplate\":\"https:\\\/\\\/webdesi-gn.fr\\\/dev_deltalabo\\\/?s={search_term_string}\"},\"query-input\":{\"@type\":\"PropertyValueSpecification\",\"valueRequired\":true,\"valueName\":\"search_term_string\"}}],\"inLanguage\":\"fr-FR\"},{\"@type\":\"Organization\",\"@id\":\"https:\\\/\\\/webdesi-gn.fr\\\/dev_deltalabo\\\/#organization\",\"name\":\"DeltaLabo\",\"url\":\"https:\\\/\\\/webdesi-gn.fr\\\/dev_deltalabo\\\/\",\"logo\":{\"@type\":\"ImageObject\",\"inLanguage\":\"fr-FR\",\"@id\":\"https:\\\/\\\/webdesi-gn.fr\\\/dev_deltalabo\\\/#\\\/schema\\\/logo\\\/image\\\/\",\"url\":\"https:\\\/\\\/webdesi-gn.fr\\\/dev_deltalabo\\\/wp-content\\\/uploads\\\/2022\\\/07\\\/logo-deltalabo.png\",\"contentUrl\":\"https:\\\/\\\/webdesi-gn.fr\\\/dev_deltalabo\\\/wp-content\\\/uploads\\\/2022\\\/07\\\/logo-deltalabo.png\",\"width\":694,\"height\":306,\"caption\":\"DeltaLabo\"},\"image\":{\"@id\":\"https:\\\/\\\/webdesi-gn.fr\\\/dev_deltalabo\\\/#\\\/schema\\\/logo\\\/image\\\/\"}}]}<\/script>\n<!-- \/ Yoast SEO plugin. -->","yoast_head_json":{"title":"Syst\u00e8me de four moufle avec balance et logiciel Nabertherm | DeltaLabo","robots":{"index":"noindex","follow":"follow","max-snippet":"max-snippet:-1","max-image-preview":"max-image-preview:large","max-video-preview":"max-video-preview:-1"},"og_locale":"fr_FR","og_type":"article","og_title":"Syst\u00e8me de four moufle avec balance et logiciel Nabertherm | DeltaLabo","og_description":"Syst\u00e8me de four moufle avec balance et logiciel Nabertherm :  Le syst\u00e8me de four moufle avec balance et logiciel Nabertherm est un syst\u00e8me complet sp\u00e9cialement con\u00e7u pour la d\u00e9termination des pertes par calcination en laboratoire. Durant le processus, la temp\u00e9rature et l\u2019\u00e9volution du poids sont monitor\u00e9s \u00e0 l\u2019aide du logiciel fourni. Ce syst\u00e8me de four moufle ne d\u00e9gage pas de vapeur ou de fum\u00e9es inflammables et le chauffage se fait par les deux c\u00f4t\u00e9s gr\u00e2ce \u00e0 des plaques chauffantes en c\u00e9ramique. La double paroi en inox structur\u00e9e poss\u00e8de un syst\u00e8me de refroidissement suppl\u00e9mentaire.  Deux mod\u00e8les existent :   L(T) 9\/11\/SW : temp\u00e9rature max 1100\u00b0C - temps de chauffe 65 minutes  L(T) 9\/12\/SW : temp\u00e9rature max 1200\u00b0C - temps de chauffe 75 minutes  Caract\u00e9ristiques :   Volume 9 litres  Programmateur avec commande tactile B510 (5 programmes de 4 segments chacun)  4 balances pour diff\u00e9rents poids maximaux  Contr\u00f4le et enregistrement de la temp\u00e9rature et des pertes par recuisson  Porte guillotine  T\u00e9l\u00e9charger la brochure produit : Syst\u00e8me de four moufle Nabertherm","og_url":"https:\/\/webdesi-gn.fr\/dev_deltalabo\/produits\/cat-produit\/systeme-de-four-moufle-avec-balance-et-logiciel-nabertherm\/","og_site_name":"DeltaLabo","article_modified_time":"2025-11-24T14:09:38+00:00","og_image":[{"width":1280,"height":853,"url":"https:\/\/webdesi-gn.fr\/dev_deltalabo\/wp-content\/uploads\/2022\/01\/laboratory-g43d8b3442_1280.jpg","type":"image\/jpeg"}],"twitter_card":"summary_large_image","schema":{"@context":"https:\/\/schema.org","@graph":[{"@type":"WebPage","@id":"https:\/\/webdesi-gn.fr\/dev_deltalabo\/produits\/cat-produit\/systeme-de-four-moufle-avec-balance-et-logiciel-nabertherm\/","url":"https:\/\/webdesi-gn.fr\/dev_deltalabo\/produits\/cat-produit\/systeme-de-four-moufle-avec-balance-et-logiciel-nabertherm\/","name":"Syst\u00e8me de four moufle avec balance et logiciel Nabertherm | DeltaLabo","isPartOf":{"@id":"https:\/\/webdesi-gn.fr\/dev_deltalabo\/#website"},"primaryImageOfPage":{"@id":"https:\/\/webdesi-gn.fr\/dev_deltalabo\/produits\/cat-produit\/systeme-de-four-moufle-avec-balance-et-logiciel-nabertherm\/#primaryimage"},"image":{"@id":"https:\/\/webdesi-gn.fr\/dev_deltalabo\/produits\/cat-produit\/systeme-de-four-moufle-avec-balance-et-logiciel-nabertherm\/#primaryimage"},"thumbnailUrl":"https:\/\/webdesi-gn.fr\/dev_deltalabo\/wp-content\/uploads\/2025\/11\/DELTA-LABO-Systeme-de-four-moufle-avec-balance-Nabertherm.webp","datePublished":"2025-11-24T14:07:28+00:00","dateModified":"2025-11-24T14:09:38+00:00","breadcrumb":{"@id":"https:\/\/webdesi-gn.fr\/dev_deltalabo\/produits\/cat-produit\/systeme-de-four-moufle-avec-balance-et-logiciel-nabertherm\/#breadcrumb"},"inLanguage":"fr-FR","potentialAction":[{"@type":"ReadAction","target":["https:\/\/webdesi-gn.fr\/dev_deltalabo\/produits\/cat-produit\/systeme-de-four-moufle-avec-balance-et-logiciel-nabertherm\/"]}]},{"@type":"ImageObject","inLanguage":"fr-FR","@id":"https:\/\/webdesi-gn.fr\/dev_deltalabo\/produits\/cat-produit\/systeme-de-four-moufle-avec-balance-et-logiciel-nabertherm\/#primaryimage","url":"https:\/\/webdesi-gn.fr\/dev_deltalabo\/wp-content\/uploads\/2025\/11\/DELTA-LABO-Systeme-de-four-moufle-avec-balance-Nabertherm.webp","contentUrl":"https:\/\/webdesi-gn.fr\/dev_deltalabo\/wp-content\/uploads\/2025\/11\/DELTA-LABO-Systeme-de-four-moufle-avec-balance-Nabertherm.webp","width":568,"height":600},{"@type":"BreadcrumbList","@id":"https:\/\/webdesi-gn.fr\/dev_deltalabo\/produits\/cat-produit\/systeme-de-four-moufle-avec-balance-et-logiciel-nabertherm\/#breadcrumb","itemListElement":[{"@type":"ListItem","position":1,"name":"Accueil","item":"https:\/\/webdesi-gn.fr\/dev_deltalabo\/"},{"@type":"ListItem","position":2,"name":"Produits","item":"https:\/\/webdesi-gn.fr\/dev_deltalabo\/produits\/"},{"@type":"ListItem","position":3,"name":"Syst\u00e8me de four moufle avec balance et logiciel Nabertherm"}]},{"@type":"WebSite","@id":"https:\/\/webdesi-gn.fr\/dev_deltalabo\/#website","url":"https:\/\/webdesi-gn.fr\/dev_deltalabo\/","name":"Delta Labo","description":"Un site utilisant WordPress","publisher":{"@id":"https:\/\/webdesi-gn.fr\/dev_deltalabo\/#organization"},"alternateName":"Delta Labo","potentialAction":[{"@type":"SearchAction","target":{"@type":"EntryPoint","urlTemplate":"https:\/\/webdesi-gn.fr\/dev_deltalabo\/?s={search_term_string}"},"query-input":{"@type":"PropertyValueSpecification","valueRequired":true,"valueName":"search_term_string"}}],"inLanguage":"fr-FR"},{"@type":"Organization","@id":"https:\/\/webdesi-gn.fr\/dev_deltalabo\/#organization","name":"DeltaLabo","url":"https:\/\/webdesi-gn.fr\/dev_deltalabo\/","logo":{"@type":"ImageObject","inLanguage":"fr-FR","@id":"https:\/\/webdesi-gn.fr\/dev_deltalabo\/#\/schema\/logo\/image\/","url":"https:\/\/webdesi-gn.fr\/dev_deltalabo\/wp-content\/uploads\/2022\/07\/logo-deltalabo.png","contentUrl":"https:\/\/webdesi-gn.fr\/dev_deltalabo\/wp-content\/uploads\/2022\/07\/logo-deltalabo.png","width":694,"height":306,"caption":"DeltaLabo"},"image":{"@id":"https:\/\/webdesi-gn.fr\/dev_deltalabo\/#\/schema\/logo\/image\/"}}]}},"_links":{"self":[{"href":"https:\/\/webdesi-gn.fr\/dev_deltalabo\/wp-json\/wp\/v2\/product\/262426","targetHints":{"allow":["GET"]}}],"collection":[{"href":"https:\/\/webdesi-gn.fr\/dev_deltalabo\/wp-json\/wp\/v2\/product"}],"about":[{"href":"https:\/\/webdesi-gn.fr\/dev_deltalabo\/wp-json\/wp\/v2\/types\/product"}],"wp:featuredmedia":[{"embeddable":true,"href":"https:\/\/webdesi-gn.fr\/dev_deltalabo\/wp-json\/wp\/v2\/media\/262492"}],"wp:attachment":[{"href":"https:\/\/webdesi-gn.fr\/dev_deltalabo\/wp-json\/wp\/v2\/media?parent=262426"}],"wp:term":[{"taxonomy":"domaine","embeddable":true,"href":"https:\/\/webdesi-gn.fr\/dev_deltalabo\/wp-json\/wp\/v2\/domaine?post=262426"},{"taxonomy":"normes","embeddable":true,"href":"https:\/\/webdesi-gn.fr\/dev_deltalabo\/wp-json\/wp\/v2\/normes?post=262426"},{"taxonomy":"product_brand","embeddable":true,"href":"https:\/\/webdesi-gn.fr\/dev_deltalabo\/wp-json\/wp\/v2\/product_brand?post=262426"},{"taxonomy":"product_cat","embeddable":true,"href":"https:\/\/webdesi-gn.fr\/dev_deltalabo\/wp-json\/wp\/v2\/product_cat?post=262426"},{"taxonomy":"product_tag","embeddable":true,"href":"https:\/\/webdesi-gn.fr\/dev_deltalabo\/wp-json\/wp\/v2\/product_tag?post=262426"}],"curies":[{"name":"wp","href":"https:\/\/api.w.org\/{rel}","templated":true}]}}