{"id":262427,"date":"2025-11-24T15:07:28","date_gmt":"2025-11-24T14:07:28","guid":{"rendered":"https:\/\/webdesi-gn.fr\/dev_deltalabo\/?post_type=product&#038;p=262427"},"modified":"2025-11-24T15:09:51","modified_gmt":"2025-11-24T14:09:51","slug":"bain-compact-a-circulation-huber-ministat-230","status":"publish","type":"product","link":"https:\/\/webdesi-gn.fr\/dev_deltalabo\/produits\/categories\/bain-compact-a-circulation-huber-ministat-230\/","title":{"rendered":"Bain compact \u00e0 circulation HUBER &#8211; Ministat\u00ae 230"},"content":{"rendered":"","protected":false},"excerpt":{"rendered":"<p><strong>Bain compact \u00e0 circulation HUBER &#8211; Ministat\u00ae 230 :<\/strong><\/p>\n<p>Le bain compact \u00e0 circulation HUBER &#8211; Ministat\u00ae 230 est un bain-marie \u00e0 circulation r\u00e9frig\u00e9r\u00e9 et chauffant, d&rsquo;un volume de 3,5 litres. Il est dot\u00e9 d&rsquo;un r\u00e9gulateur Pilot ONE avec technologie Plug &amp; Play offrant sur \u00e9cran couleur 5.7&Prime;\u00a0des fonctions graphiques, un guidage par menu, une commande monoclic et un glossaire technique.<\/p>\n<p>Caract\u00e9ristiques :<\/p>\n<div class=\"row\">\n<div class=\"col-12 col-sm-12 col-md-4\">\n<div class=\"frame-type-bullets\">\n<ul>\n<li>Plage de temp\u00e9ratures : -40\u00b0C \u00e0 200\u00b0C<\/li>\n<li>Puissance frigorifique \u00e0 20\u00b0C : 0,42 kW<\/li>\n<li>Puissance frigorifique \u00e0 0\u00b0C : 0,38 kW<\/li>\n<li>Puissance frigorifique \u00e0 -40\u00b0C : 0,05 kW<\/li>\n<li>Capacit\u00e9 de chauffe : 1,6kW &#8211; 2,1kW<\/li>\n<li>Pression de pompe max. : 22 l\/min\/ 0,7 bar<\/li>\n<li>Pompe d&rsquo;aspiration max : 16 l\/min\/ 0,4 bar<\/li>\n<li>D\u00e9marrage par calendrier, heure, date, transmetteur de programme<\/li>\n<li>Classe de s\u00e9curit\u00e9 III\/FL (norme DIN 12876)<\/li>\n<\/ul>\n<\/div>\n<\/div>\n<div class=\"col-12 col-sm-12 col-md-4\">\n<div class=\"frame-type-bullets\"><strong>T\u00e9l\u00e9charger la brochure produit :<\/strong> <a href=\"https:\/\/www.deltalabo.fr\/wp-content\/uploads\/2025\/10\/2015.0005.01-Ministat-230-fiche-tech-engl-DL.pdf\">Bain compact \u00e0 circulation HUBER &#8211; Ministat\u00ae 230<\/a><\/div>\n<div class=\"frame-type-bullets\"><strong>Visionner l&rsquo;utilisation du produit :<\/strong> <a href=\"https:\/\/youtu.be\/LiqfdsxfQx4\">Bain compact \u00e0 circulation HUBER &#8211; Ministat\u00ae 230<\/a><\/div>\n<\/div>\n<\/div>\n","protected":false},"featured_media":262494,"template":"","meta":{"_acf_changed":false,"site-sidebar-layout":"default","site-content-layout":"","ast-site-content-layout":"default","site-content-style":"default","site-sidebar-style":"default","ast-global-header-display":"","ast-banner-title-visibility":"","ast-main-header-display":"","ast-hfb-above-header-display":"","ast-hfb-below-header-display":"","ast-hfb-mobile-header-display":"","site-post-title":"","ast-breadcrumbs-content":"","ast-featured-img":"","footer-sml-layout":"","ast-disable-related-posts":"","theme-transparent-header-meta":"","adv-header-id-meta":"","stick-header-meta":"","header-above-stick-meta":"","header-main-stick-meta":"","header-below-stick-meta":"","astra-migrate-meta-layouts":"default","ast-page-background-enabled":"default","ast-page-background-meta":{"desktop":{"background-color":"var(--ast-global-color-5)","background-image":"","background-repeat":"repeat","background-position":"center center","background-size":"auto","background-attachment":"scroll","background-type":"","background-media":"","overlay-type":"","overlay-color":"","overlay-opacity":"","overlay-gradient":""},"tablet":{"background-color":"","background-image":"","background-repeat":"repeat","background-position":"center center","background-size":"auto","background-attachment":"scroll","background-type":"","background-media":"","overlay-type":"","overlay-color":"","overlay-opacity":"","overlay-gradient":""},"mobile":{"background-color":"","background-image":"","background-repeat":"repeat","background-position":"center center","background-size":"auto","background-attachment":"scroll","background-type":"","background-media":"","overlay-type":"","overlay-color":"","overlay-opacity":"","overlay-gradient":""}},"ast-content-background-meta":{"desktop":{"background-color":"var(--ast-global-color-4)","background-image":"","background-repeat":"repeat","background-position":"center center","background-size":"auto","background-attachment":"scroll","background-type":"","background-media":"","overlay-type":"","overlay-color":"","overlay-opacity":"","overlay-gradient":""},"tablet":{"background-color":"var(--ast-global-color-4)","background-image":"","background-repeat":"repeat","background-position":"center center","background-size":"auto","background-attachment":"scroll","background-type":"","background-media":"","overlay-type":"","overlay-color":"","overlay-opacity":"","overlay-gradient":""},"mobile":{"background-color":"var(--ast-global-color-4)","background-image":"","background-repeat":"repeat","background-position":"center center","background-size":"auto","background-attachment":"scroll","background-type":"","background-media":"","overlay-type":"","overlay-color":"","overlay-opacity":"","overlay-gradient":""}}},"domaine":[],"normes":[],"product_brand":[],"product_cat":[17240],"product_tag":[],"class_list":{"0":"post-262427","1":"product","2":"type-product","3":"status-publish","4":"has-post-thumbnail","6":"product_cat-categories","7":"desktop-align-left","8":"tablet-align-left","9":"mobile-align-left","11":"first","12":"instock","13":"shipping-taxable","14":"product-type-simple"},"acf":[],"yoast_head":"<!-- This site is optimized with the Yoast SEO plugin v27.4 - https:\/\/yoast.com\/product\/yoast-seo-wordpress\/ -->\n<title>Bain compact \u00e0 circulation HUBER - Ministat\u00ae 230 | DeltaLabo<\/title>\n<meta name=\"robots\" content=\"noindex, follow, max-snippet:-1, max-image-preview:large, max-video-preview:-1\" \/>\n<meta property=\"og:locale\" content=\"fr_FR\" \/>\n<meta property=\"og:type\" content=\"article\" \/>\n<meta property=\"og:title\" content=\"Bain compact \u00e0 circulation HUBER - Ministat\u00ae 230 | DeltaLabo\" \/>\n<meta property=\"og:description\" content=\"Bain compact \u00e0 circulation HUBER - Ministat\u00ae 230 :  Le bain compact \u00e0 circulation HUBER - Ministat\u00ae 230 est un bain-marie \u00e0 circulation r\u00e9frig\u00e9r\u00e9 et chauffant, d&#039;un volume de 3,5 litres. Il est dot\u00e9 d&#039;un r\u00e9gulateur Pilot ONE avec technologie Plug &amp; Play offrant sur \u00e9cran couleur 5.7&quot;\u00a0des fonctions graphiques, un guidage par menu, une commande monoclic et un glossaire technique.  Caract\u00e9ristiques :      Plage de temp\u00e9ratures : -40\u00b0C \u00e0 200\u00b0C  Puissance frigorifique \u00e0 20\u00b0C : 0,42 kW  Puissance frigorifique \u00e0 0\u00b0C : 0,38 kW  Puissance frigorifique \u00e0 -40\u00b0C : 0,05 kW  Capacit\u00e9 de chauffe : 1,6kW - 2,1kW  Pression de pompe max. : 22 l\/min\/ 0,7 bar  Pompe d&#039;aspiration max : 16 l\/min\/ 0,4 bar  D\u00e9marrage par calendrier, heure, date, transmetteur de programme  Classe de s\u00e9curit\u00e9 III\/FL (norme DIN 12876)     T\u00e9l\u00e9charger la brochure produit : Bain compact \u00e0 circulation HUBER - Ministat\u00ae 230 Visionner l&#039;utilisation du produit : Bain compact \u00e0 circulation HUBER - Ministat\u00ae 230\" \/>\n<meta property=\"og:url\" content=\"https:\/\/webdesi-gn.fr\/dev_deltalabo\/produits\/cat-produit\/bain-compact-a-circulation-huber-ministat-230\/\" \/>\n<meta property=\"og:site_name\" content=\"DeltaLabo\" \/>\n<meta property=\"article:modified_time\" content=\"2025-11-24T14:09:51+00:00\" \/>\n<meta property=\"og:image\" content=\"https:\/\/webdesi-gn.fr\/dev_deltalabo\/wp-content\/uploads\/2022\/01\/laboratory-g43d8b3442_1280.jpg\" \/>\n\t<meta property=\"og:image:width\" content=\"1280\" \/>\n\t<meta property=\"og:image:height\" content=\"853\" \/>\n\t<meta property=\"og:image:type\" content=\"image\/jpeg\" \/>\n<meta name=\"twitter:card\" content=\"summary_large_image\" \/>\n<script type=\"application\/ld+json\" class=\"yoast-schema-graph\">{\"@context\":\"https:\\\/\\\/schema.org\",\"@graph\":[{\"@type\":\"WebPage\",\"@id\":\"https:\\\/\\\/webdesi-gn.fr\\\/dev_deltalabo\\\/produits\\\/cat-produit\\\/bain-compact-a-circulation-huber-ministat-230\\\/\",\"url\":\"https:\\\/\\\/webdesi-gn.fr\\\/dev_deltalabo\\\/produits\\\/cat-produit\\\/bain-compact-a-circulation-huber-ministat-230\\\/\",\"name\":\"Bain compact \u00e0 circulation HUBER - Ministat\u00ae 230 | DeltaLabo\",\"isPartOf\":{\"@id\":\"https:\\\/\\\/webdesi-gn.fr\\\/dev_deltalabo\\\/#website\"},\"primaryImageOfPage\":{\"@id\":\"https:\\\/\\\/webdesi-gn.fr\\\/dev_deltalabo\\\/produits\\\/cat-produit\\\/bain-compact-a-circulation-huber-ministat-230\\\/#primaryimage\"},\"image\":{\"@id\":\"https:\\\/\\\/webdesi-gn.fr\\\/dev_deltalabo\\\/produits\\\/cat-produit\\\/bain-compact-a-circulation-huber-ministat-230\\\/#primaryimage\"},\"thumbnailUrl\":\"https:\\\/\\\/webdesi-gn.fr\\\/dev_deltalabo\\\/wp-content\\\/uploads\\\/2025\\\/11\\\/DELTA-LABO-ministat-230.jpg\",\"datePublished\":\"2025-11-24T14:07:28+00:00\",\"dateModified\":\"2025-11-24T14:09:51+00:00\",\"breadcrumb\":{\"@id\":\"https:\\\/\\\/webdesi-gn.fr\\\/dev_deltalabo\\\/produits\\\/cat-produit\\\/bain-compact-a-circulation-huber-ministat-230\\\/#breadcrumb\"},\"inLanguage\":\"fr-FR\",\"potentialAction\":[{\"@type\":\"ReadAction\",\"target\":[\"https:\\\/\\\/webdesi-gn.fr\\\/dev_deltalabo\\\/produits\\\/cat-produit\\\/bain-compact-a-circulation-huber-ministat-230\\\/\"]}]},{\"@type\":\"ImageObject\",\"inLanguage\":\"fr-FR\",\"@id\":\"https:\\\/\\\/webdesi-gn.fr\\\/dev_deltalabo\\\/produits\\\/cat-produit\\\/bain-compact-a-circulation-huber-ministat-230\\\/#primaryimage\",\"url\":\"https:\\\/\\\/webdesi-gn.fr\\\/dev_deltalabo\\\/wp-content\\\/uploads\\\/2025\\\/11\\\/DELTA-LABO-ministat-230.jpg\",\"contentUrl\":\"https:\\\/\\\/webdesi-gn.fr\\\/dev_deltalabo\\\/wp-content\\\/uploads\\\/2025\\\/11\\\/DELTA-LABO-ministat-230.jpg\",\"width\":350,\"height\":351},{\"@type\":\"BreadcrumbList\",\"@id\":\"https:\\\/\\\/webdesi-gn.fr\\\/dev_deltalabo\\\/produits\\\/cat-produit\\\/bain-compact-a-circulation-huber-ministat-230\\\/#breadcrumb\",\"itemListElement\":[{\"@type\":\"ListItem\",\"position\":1,\"name\":\"Accueil\",\"item\":\"https:\\\/\\\/webdesi-gn.fr\\\/dev_deltalabo\\\/\"},{\"@type\":\"ListItem\",\"position\":2,\"name\":\"Produits\",\"item\":\"https:\\\/\\\/webdesi-gn.fr\\\/dev_deltalabo\\\/produits\\\/\"},{\"@type\":\"ListItem\",\"position\":3,\"name\":\"Bain compact \u00e0 circulation HUBER &#8211; Ministat\u00ae 230\"}]},{\"@type\":\"WebSite\",\"@id\":\"https:\\\/\\\/webdesi-gn.fr\\\/dev_deltalabo\\\/#website\",\"url\":\"https:\\\/\\\/webdesi-gn.fr\\\/dev_deltalabo\\\/\",\"name\":\"Delta Labo\",\"description\":\"Un site utilisant WordPress\",\"publisher\":{\"@id\":\"https:\\\/\\\/webdesi-gn.fr\\\/dev_deltalabo\\\/#organization\"},\"alternateName\":\"Delta Labo\",\"potentialAction\":[{\"@type\":\"SearchAction\",\"target\":{\"@type\":\"EntryPoint\",\"urlTemplate\":\"https:\\\/\\\/webdesi-gn.fr\\\/dev_deltalabo\\\/?s={search_term_string}\"},\"query-input\":{\"@type\":\"PropertyValueSpecification\",\"valueRequired\":true,\"valueName\":\"search_term_string\"}}],\"inLanguage\":\"fr-FR\"},{\"@type\":\"Organization\",\"@id\":\"https:\\\/\\\/webdesi-gn.fr\\\/dev_deltalabo\\\/#organization\",\"name\":\"DeltaLabo\",\"url\":\"https:\\\/\\\/webdesi-gn.fr\\\/dev_deltalabo\\\/\",\"logo\":{\"@type\":\"ImageObject\",\"inLanguage\":\"fr-FR\",\"@id\":\"https:\\\/\\\/webdesi-gn.fr\\\/dev_deltalabo\\\/#\\\/schema\\\/logo\\\/image\\\/\",\"url\":\"https:\\\/\\\/webdesi-gn.fr\\\/dev_deltalabo\\\/wp-content\\\/uploads\\\/2022\\\/07\\\/logo-deltalabo.png\",\"contentUrl\":\"https:\\\/\\\/webdesi-gn.fr\\\/dev_deltalabo\\\/wp-content\\\/uploads\\\/2022\\\/07\\\/logo-deltalabo.png\",\"width\":694,\"height\":306,\"caption\":\"DeltaLabo\"},\"image\":{\"@id\":\"https:\\\/\\\/webdesi-gn.fr\\\/dev_deltalabo\\\/#\\\/schema\\\/logo\\\/image\\\/\"}}]}<\/script>\n<!-- \/ Yoast SEO plugin. -->","yoast_head_json":{"title":"Bain compact \u00e0 circulation HUBER - Ministat\u00ae 230 | DeltaLabo","robots":{"index":"noindex","follow":"follow","max-snippet":"max-snippet:-1","max-image-preview":"max-image-preview:large","max-video-preview":"max-video-preview:-1"},"og_locale":"fr_FR","og_type":"article","og_title":"Bain compact \u00e0 circulation HUBER - Ministat\u00ae 230 | DeltaLabo","og_description":"Bain compact \u00e0 circulation HUBER - Ministat\u00ae 230 :  Le bain compact \u00e0 circulation HUBER - Ministat\u00ae 230 est un bain-marie \u00e0 circulation r\u00e9frig\u00e9r\u00e9 et chauffant, d'un volume de 3,5 litres. Il est dot\u00e9 d'un r\u00e9gulateur Pilot ONE avec technologie Plug &amp; Play offrant sur \u00e9cran couleur 5.7\"\u00a0des fonctions graphiques, un guidage par menu, une commande monoclic et un glossaire technique.  Caract\u00e9ristiques :      Plage de temp\u00e9ratures : -40\u00b0C \u00e0 200\u00b0C  Puissance frigorifique \u00e0 20\u00b0C : 0,42 kW  Puissance frigorifique \u00e0 0\u00b0C : 0,38 kW  Puissance frigorifique \u00e0 -40\u00b0C : 0,05 kW  Capacit\u00e9 de chauffe : 1,6kW - 2,1kW  Pression de pompe max. : 22 l\/min\/ 0,7 bar  Pompe d'aspiration max : 16 l\/min\/ 0,4 bar  D\u00e9marrage par calendrier, heure, date, transmetteur de programme  Classe de s\u00e9curit\u00e9 III\/FL (norme DIN 12876)     T\u00e9l\u00e9charger la brochure produit : Bain compact \u00e0 circulation HUBER - Ministat\u00ae 230 Visionner l'utilisation du produit : Bain compact \u00e0 circulation HUBER - Ministat\u00ae 230","og_url":"https:\/\/webdesi-gn.fr\/dev_deltalabo\/produits\/cat-produit\/bain-compact-a-circulation-huber-ministat-230\/","og_site_name":"DeltaLabo","article_modified_time":"2025-11-24T14:09:51+00:00","og_image":[{"width":1280,"height":853,"url":"https:\/\/webdesi-gn.fr\/dev_deltalabo\/wp-content\/uploads\/2022\/01\/laboratory-g43d8b3442_1280.jpg","type":"image\/jpeg"}],"twitter_card":"summary_large_image","schema":{"@context":"https:\/\/schema.org","@graph":[{"@type":"WebPage","@id":"https:\/\/webdesi-gn.fr\/dev_deltalabo\/produits\/cat-produit\/bain-compact-a-circulation-huber-ministat-230\/","url":"https:\/\/webdesi-gn.fr\/dev_deltalabo\/produits\/cat-produit\/bain-compact-a-circulation-huber-ministat-230\/","name":"Bain compact \u00e0 circulation HUBER - Ministat\u00ae 230 | DeltaLabo","isPartOf":{"@id":"https:\/\/webdesi-gn.fr\/dev_deltalabo\/#website"},"primaryImageOfPage":{"@id":"https:\/\/webdesi-gn.fr\/dev_deltalabo\/produits\/cat-produit\/bain-compact-a-circulation-huber-ministat-230\/#primaryimage"},"image":{"@id":"https:\/\/webdesi-gn.fr\/dev_deltalabo\/produits\/cat-produit\/bain-compact-a-circulation-huber-ministat-230\/#primaryimage"},"thumbnailUrl":"https:\/\/webdesi-gn.fr\/dev_deltalabo\/wp-content\/uploads\/2025\/11\/DELTA-LABO-ministat-230.jpg","datePublished":"2025-11-24T14:07:28+00:00","dateModified":"2025-11-24T14:09:51+00:00","breadcrumb":{"@id":"https:\/\/webdesi-gn.fr\/dev_deltalabo\/produits\/cat-produit\/bain-compact-a-circulation-huber-ministat-230\/#breadcrumb"},"inLanguage":"fr-FR","potentialAction":[{"@type":"ReadAction","target":["https:\/\/webdesi-gn.fr\/dev_deltalabo\/produits\/cat-produit\/bain-compact-a-circulation-huber-ministat-230\/"]}]},{"@type":"ImageObject","inLanguage":"fr-FR","@id":"https:\/\/webdesi-gn.fr\/dev_deltalabo\/produits\/cat-produit\/bain-compact-a-circulation-huber-ministat-230\/#primaryimage","url":"https:\/\/webdesi-gn.fr\/dev_deltalabo\/wp-content\/uploads\/2025\/11\/DELTA-LABO-ministat-230.jpg","contentUrl":"https:\/\/webdesi-gn.fr\/dev_deltalabo\/wp-content\/uploads\/2025\/11\/DELTA-LABO-ministat-230.jpg","width":350,"height":351},{"@type":"BreadcrumbList","@id":"https:\/\/webdesi-gn.fr\/dev_deltalabo\/produits\/cat-produit\/bain-compact-a-circulation-huber-ministat-230\/#breadcrumb","itemListElement":[{"@type":"ListItem","position":1,"name":"Accueil","item":"https:\/\/webdesi-gn.fr\/dev_deltalabo\/"},{"@type":"ListItem","position":2,"name":"Produits","item":"https:\/\/webdesi-gn.fr\/dev_deltalabo\/produits\/"},{"@type":"ListItem","position":3,"name":"Bain compact \u00e0 circulation HUBER &#8211; Ministat\u00ae 230"}]},{"@type":"WebSite","@id":"https:\/\/webdesi-gn.fr\/dev_deltalabo\/#website","url":"https:\/\/webdesi-gn.fr\/dev_deltalabo\/","name":"Delta Labo","description":"Un site utilisant WordPress","publisher":{"@id":"https:\/\/webdesi-gn.fr\/dev_deltalabo\/#organization"},"alternateName":"Delta Labo","potentialAction":[{"@type":"SearchAction","target":{"@type":"EntryPoint","urlTemplate":"https:\/\/webdesi-gn.fr\/dev_deltalabo\/?s={search_term_string}"},"query-input":{"@type":"PropertyValueSpecification","valueRequired":true,"valueName":"search_term_string"}}],"inLanguage":"fr-FR"},{"@type":"Organization","@id":"https:\/\/webdesi-gn.fr\/dev_deltalabo\/#organization","name":"DeltaLabo","url":"https:\/\/webdesi-gn.fr\/dev_deltalabo\/","logo":{"@type":"ImageObject","inLanguage":"fr-FR","@id":"https:\/\/webdesi-gn.fr\/dev_deltalabo\/#\/schema\/logo\/image\/","url":"https:\/\/webdesi-gn.fr\/dev_deltalabo\/wp-content\/uploads\/2022\/07\/logo-deltalabo.png","contentUrl":"https:\/\/webdesi-gn.fr\/dev_deltalabo\/wp-content\/uploads\/2022\/07\/logo-deltalabo.png","width":694,"height":306,"caption":"DeltaLabo"},"image":{"@id":"https:\/\/webdesi-gn.fr\/dev_deltalabo\/#\/schema\/logo\/image\/"}}]}},"_links":{"self":[{"href":"https:\/\/webdesi-gn.fr\/dev_deltalabo\/wp-json\/wp\/v2\/product\/262427","targetHints":{"allow":["GET"]}}],"collection":[{"href":"https:\/\/webdesi-gn.fr\/dev_deltalabo\/wp-json\/wp\/v2\/product"}],"about":[{"href":"https:\/\/webdesi-gn.fr\/dev_deltalabo\/wp-json\/wp\/v2\/types\/product"}],"wp:featuredmedia":[{"embeddable":true,"href":"https:\/\/webdesi-gn.fr\/dev_deltalabo\/wp-json\/wp\/v2\/media\/262494"}],"wp:attachment":[{"href":"https:\/\/webdesi-gn.fr\/dev_deltalabo\/wp-json\/wp\/v2\/media?parent=262427"}],"wp:term":[{"taxonomy":"domaine","embeddable":true,"href":"https:\/\/webdesi-gn.fr\/dev_deltalabo\/wp-json\/wp\/v2\/domaine?post=262427"},{"taxonomy":"normes","embeddable":true,"href":"https:\/\/webdesi-gn.fr\/dev_deltalabo\/wp-json\/wp\/v2\/normes?post=262427"},{"taxonomy":"product_brand","embeddable":true,"href":"https:\/\/webdesi-gn.fr\/dev_deltalabo\/wp-json\/wp\/v2\/product_brand?post=262427"},{"taxonomy":"product_cat","embeddable":true,"href":"https:\/\/webdesi-gn.fr\/dev_deltalabo\/wp-json\/wp\/v2\/product_cat?post=262427"},{"taxonomy":"product_tag","embeddable":true,"href":"https:\/\/webdesi-gn.fr\/dev_deltalabo\/wp-json\/wp\/v2\/product_tag?post=262427"}],"curies":[{"name":"wp","href":"https:\/\/api.w.org\/{rel}","templated":true}]}}