{"id":262428,"date":"2025-11-24T15:07:29","date_gmt":"2025-11-24T14:07:29","guid":{"rendered":"https:\/\/webdesi-gn.fr\/dev_deltalabo\/?post_type=product&#038;p=262428"},"modified":"2025-11-24T15:09:59","modified_gmt":"2025-11-24T14:09:59","slug":"refroidisseur-compact-huber-minichiller-280-ole","status":"publish","type":"product","link":"https:\/\/webdesi-gn.fr\/dev_deltalabo\/produits\/categories\/refroidisseur-compact-huber-minichiller-280-ole\/","title":{"rendered":"Refroidisseur compact HUBER &#8211; Minichiller\u00ae 280 OL\u00c9"},"content":{"rendered":"","protected":false},"excerpt":{"rendered":"<p><strong>Refroidisseur compact HUBER &#8211; Minichiller\u00ae 280 OL\u00c9 :\u00a0<\/strong><\/p>\n<p>Le refroidisseur compact HUBER &#8211; Minichiller\u00ae 280 OL\u00c9 est adapt\u00e9 pour le refroidissement de condenseurs, de pompes \u00e0 vide, d&rsquo;\u00e9vaporateurs rotatifs ou de petits \u00e9changeurs divers. Le contr\u00f4leur OL\u00c9 combine l\u2019innovation avec une utilisation simple.<\/p>\n<p>Caract\u00e9ristiques :<\/p>\n<div class=\"row\">\n<div class=\"col-12 col-sm-12 col-md-4\">\n<div class=\"frame-type-bullets\">\n<ul class=\"ce-bullets\">\n<li>Plage de temp\u00e9rature en froid de -5\u00b0C \u00e0 +40\u00b0C<\/li>\n<li>Capacit\u00e9 cryog\u00e9nique \u00e0 15\u00b0C = 0,28kW<\/li>\n<li>Capacit\u00e9 cryog\u00e9nique \u00e0 0\u00b0C = 0,2kW<\/li>\n<li>Pompe refoulante : 14 L\/min &#8211; 0.25 bar<\/li>\n<li>Pompe aspirante : 10.5 L\/min &#8211; 0.17 bar<\/li>\n<li>Volume : 2L<\/li>\n<li>Raccord : M16x1 m\u00e2le<\/li>\n<li>Grand \u00e9cran OLED \u00e9clair\u00e9<\/li>\n<li>Structure robuste en inox<\/li>\n<li>Utilisation s\u00fbre en continu avec fonctions d&rsquo;alarme<\/li>\n<li>Interface USB et RS232<\/li>\n<\/ul>\n<\/div>\n<\/div>\n<div class=\"col-12 col-sm-12 col-md-4\">\n<div class=\"frame-type-bullets\"><strong>T\u00e9l\u00e9charger la brochure produit :<\/strong> <a href=\"https:\/\/www.deltalabo.fr\/wp-content\/uploads\/2025\/10\/3065.0001.98-Minichiller-280-Ole-eng-DL.pdf\">Refroidisseur compact HUBER &#8211; Minichiller\u00ae 280 OL\u00c9 <\/a><\/div>\n<\/div>\n<\/div>\n","protected":false},"featured_media":262499,"template":"","meta":{"_acf_changed":false,"site-sidebar-layout":"default","site-content-layout":"","ast-site-content-layout":"default","site-content-style":"default","site-sidebar-style":"default","ast-global-header-display":"","ast-banner-title-visibility":"","ast-main-header-display":"","ast-hfb-above-header-display":"","ast-hfb-below-header-display":"","ast-hfb-mobile-header-display":"","site-post-title":"","ast-breadcrumbs-content":"","ast-featured-img":"","footer-sml-layout":"","ast-disable-related-posts":"","theme-transparent-header-meta":"","adv-header-id-meta":"","stick-header-meta":"","header-above-stick-meta":"","header-main-stick-meta":"","header-below-stick-meta":"","astra-migrate-meta-layouts":"default","ast-page-background-enabled":"default","ast-page-background-meta":{"desktop":{"background-color":"var(--ast-global-color-5)","background-image":"","background-repeat":"repeat","background-position":"center center","background-size":"auto","background-attachment":"scroll","background-type":"","background-media":"","overlay-type":"","overlay-color":"","overlay-opacity":"","overlay-gradient":""},"tablet":{"background-color":"","background-image":"","background-repeat":"repeat","background-position":"center center","background-size":"auto","background-attachment":"scroll","background-type":"","background-media":"","overlay-type":"","overlay-color":"","overlay-opacity":"","overlay-gradient":""},"mobile":{"background-color":"","background-image":"","background-repeat":"repeat","background-position":"center center","background-size":"auto","background-attachment":"scroll","background-type":"","background-media":"","overlay-type":"","overlay-color":"","overlay-opacity":"","overlay-gradient":""}},"ast-content-background-meta":{"desktop":{"background-color":"var(--ast-global-color-4)","background-image":"","background-repeat":"repeat","background-position":"center center","background-size":"auto","background-attachment":"scroll","background-type":"","background-media":"","overlay-type":"","overlay-color":"","overlay-opacity":"","overlay-gradient":""},"tablet":{"background-color":"var(--ast-global-color-4)","background-image":"","background-repeat":"repeat","background-position":"center center","background-size":"auto","background-attachment":"scroll","background-type":"","background-media":"","overlay-type":"","overlay-color":"","overlay-opacity":"","overlay-gradient":""},"mobile":{"background-color":"var(--ast-global-color-4)","background-image":"","background-repeat":"repeat","background-position":"center center","background-size":"auto","background-attachment":"scroll","background-type":"","background-media":"","overlay-type":"","overlay-color":"","overlay-opacity":"","overlay-gradient":""}}},"domaine":[],"normes":[],"product_brand":[],"product_cat":[17240],"product_tag":[],"class_list":{"0":"post-262428","1":"product","2":"type-product","3":"status-publish","4":"has-post-thumbnail","6":"product_cat-categories","7":"desktop-align-left","8":"tablet-align-left","9":"mobile-align-left","11":"first","12":"instock","13":"shipping-taxable","14":"product-type-simple"},"acf":[],"yoast_head":"<!-- This site is optimized with the Yoast SEO plugin v27.4 - https:\/\/yoast.com\/product\/yoast-seo-wordpress\/ -->\n<title>Refroidisseur compact HUBER - Minichiller\u00ae 280 OL\u00c9 | DeltaLabo<\/title>\n<meta name=\"robots\" content=\"noindex, follow, max-snippet:-1, max-image-preview:large, max-video-preview:-1\" \/>\n<meta property=\"og:locale\" content=\"fr_FR\" \/>\n<meta property=\"og:type\" content=\"article\" \/>\n<meta property=\"og:title\" content=\"Refroidisseur compact HUBER - Minichiller\u00ae 280 OL\u00c9 | DeltaLabo\" \/>\n<meta property=\"og:description\" content=\"Refroidisseur compact HUBER - Minichiller\u00ae 280 OL\u00c9 :\u00a0  Le refroidisseur compact HUBER - Minichiller\u00ae 280 OL\u00c9 est adapt\u00e9 pour le refroidissement de condenseurs, de pompes \u00e0 vide, d&#039;\u00e9vaporateurs rotatifs ou de petits \u00e9changeurs divers. Le contr\u00f4leur OL\u00c9 combine l\u2019innovation avec une utilisation simple.  Caract\u00e9ristiques :      Plage de temp\u00e9rature en froid de -5\u00b0C \u00e0 +40\u00b0C  Capacit\u00e9 cryog\u00e9nique \u00e0 15\u00b0C = 0,28kW  Capacit\u00e9 cryog\u00e9nique \u00e0 0\u00b0C = 0,2kW  Pompe refoulante : 14 L\/min - 0.25 bar  Pompe aspirante : 10.5 L\/min - 0.17 bar  Volume : 2L  Raccord : M16x1 m\u00e2le  Grand \u00e9cran OLED \u00e9clair\u00e9  Structure robuste en inox  Utilisation s\u00fbre en continu avec fonctions d&#039;alarme  Interface USB et RS232     T\u00e9l\u00e9charger la brochure produit : Refroidisseur compact HUBER - Minichiller\u00ae 280 OL\u00c9\" \/>\n<meta property=\"og:url\" content=\"https:\/\/webdesi-gn.fr\/dev_deltalabo\/produits\/cat-produit\/refroidisseur-compact-huber-minichiller-280-ole\/\" \/>\n<meta property=\"og:site_name\" content=\"DeltaLabo\" \/>\n<meta property=\"article:modified_time\" content=\"2025-11-24T14:09:59+00:00\" \/>\n<meta property=\"og:image\" content=\"https:\/\/webdesi-gn.fr\/dev_deltalabo\/wp-content\/uploads\/2022\/01\/laboratory-g43d8b3442_1280.jpg\" \/>\n\t<meta property=\"og:image:width\" content=\"1280\" \/>\n\t<meta property=\"og:image:height\" content=\"853\" \/>\n\t<meta property=\"og:image:type\" content=\"image\/jpeg\" \/>\n<meta name=\"twitter:card\" content=\"summary_large_image\" \/>\n<script type=\"application\/ld+json\" class=\"yoast-schema-graph\">{\"@context\":\"https:\\\/\\\/schema.org\",\"@graph\":[{\"@type\":\"WebPage\",\"@id\":\"https:\\\/\\\/webdesi-gn.fr\\\/dev_deltalabo\\\/produits\\\/cat-produit\\\/refroidisseur-compact-huber-minichiller-280-ole\\\/\",\"url\":\"https:\\\/\\\/webdesi-gn.fr\\\/dev_deltalabo\\\/produits\\\/cat-produit\\\/refroidisseur-compact-huber-minichiller-280-ole\\\/\",\"name\":\"Refroidisseur compact HUBER - Minichiller\u00ae 280 OL\u00c9 | DeltaLabo\",\"isPartOf\":{\"@id\":\"https:\\\/\\\/webdesi-gn.fr\\\/dev_deltalabo\\\/#website\"},\"primaryImageOfPage\":{\"@id\":\"https:\\\/\\\/webdesi-gn.fr\\\/dev_deltalabo\\\/produits\\\/cat-produit\\\/refroidisseur-compact-huber-minichiller-280-ole\\\/#primaryimage\"},\"image\":{\"@id\":\"https:\\\/\\\/webdesi-gn.fr\\\/dev_deltalabo\\\/produits\\\/cat-produit\\\/refroidisseur-compact-huber-minichiller-280-ole\\\/#primaryimage\"},\"thumbnailUrl\":\"https:\\\/\\\/webdesi-gn.fr\\\/dev_deltalabo\\\/wp-content\\\/uploads\\\/2025\\\/11\\\/DELTA-LABO-Minichiller-280-Ole.jpg\",\"datePublished\":\"2025-11-24T14:07:29+00:00\",\"dateModified\":\"2025-11-24T14:09:59+00:00\",\"breadcrumb\":{\"@id\":\"https:\\\/\\\/webdesi-gn.fr\\\/dev_deltalabo\\\/produits\\\/cat-produit\\\/refroidisseur-compact-huber-minichiller-280-ole\\\/#breadcrumb\"},\"inLanguage\":\"fr-FR\",\"potentialAction\":[{\"@type\":\"ReadAction\",\"target\":[\"https:\\\/\\\/webdesi-gn.fr\\\/dev_deltalabo\\\/produits\\\/cat-produit\\\/refroidisseur-compact-huber-minichiller-280-ole\\\/\"]}]},{\"@type\":\"ImageObject\",\"inLanguage\":\"fr-FR\",\"@id\":\"https:\\\/\\\/webdesi-gn.fr\\\/dev_deltalabo\\\/produits\\\/cat-produit\\\/refroidisseur-compact-huber-minichiller-280-ole\\\/#primaryimage\",\"url\":\"https:\\\/\\\/webdesi-gn.fr\\\/dev_deltalabo\\\/wp-content\\\/uploads\\\/2025\\\/11\\\/DELTA-LABO-Minichiller-280-Ole.jpg\",\"contentUrl\":\"https:\\\/\\\/webdesi-gn.fr\\\/dev_deltalabo\\\/wp-content\\\/uploads\\\/2025\\\/11\\\/DELTA-LABO-Minichiller-280-Ole.jpg\",\"width\":350,\"height\":351},{\"@type\":\"BreadcrumbList\",\"@id\":\"https:\\\/\\\/webdesi-gn.fr\\\/dev_deltalabo\\\/produits\\\/cat-produit\\\/refroidisseur-compact-huber-minichiller-280-ole\\\/#breadcrumb\",\"itemListElement\":[{\"@type\":\"ListItem\",\"position\":1,\"name\":\"Accueil\",\"item\":\"https:\\\/\\\/webdesi-gn.fr\\\/dev_deltalabo\\\/\"},{\"@type\":\"ListItem\",\"position\":2,\"name\":\"Produits\",\"item\":\"https:\\\/\\\/webdesi-gn.fr\\\/dev_deltalabo\\\/produits\\\/\"},{\"@type\":\"ListItem\",\"position\":3,\"name\":\"Refroidisseur compact HUBER &#8211; Minichiller\u00ae 280 OL\u00c9\"}]},{\"@type\":\"WebSite\",\"@id\":\"https:\\\/\\\/webdesi-gn.fr\\\/dev_deltalabo\\\/#website\",\"url\":\"https:\\\/\\\/webdesi-gn.fr\\\/dev_deltalabo\\\/\",\"name\":\"Delta Labo\",\"description\":\"Un site utilisant WordPress\",\"publisher\":{\"@id\":\"https:\\\/\\\/webdesi-gn.fr\\\/dev_deltalabo\\\/#organization\"},\"alternateName\":\"Delta Labo\",\"potentialAction\":[{\"@type\":\"SearchAction\",\"target\":{\"@type\":\"EntryPoint\",\"urlTemplate\":\"https:\\\/\\\/webdesi-gn.fr\\\/dev_deltalabo\\\/?s={search_term_string}\"},\"query-input\":{\"@type\":\"PropertyValueSpecification\",\"valueRequired\":true,\"valueName\":\"search_term_string\"}}],\"inLanguage\":\"fr-FR\"},{\"@type\":\"Organization\",\"@id\":\"https:\\\/\\\/webdesi-gn.fr\\\/dev_deltalabo\\\/#organization\",\"name\":\"DeltaLabo\",\"url\":\"https:\\\/\\\/webdesi-gn.fr\\\/dev_deltalabo\\\/\",\"logo\":{\"@type\":\"ImageObject\",\"inLanguage\":\"fr-FR\",\"@id\":\"https:\\\/\\\/webdesi-gn.fr\\\/dev_deltalabo\\\/#\\\/schema\\\/logo\\\/image\\\/\",\"url\":\"https:\\\/\\\/webdesi-gn.fr\\\/dev_deltalabo\\\/wp-content\\\/uploads\\\/2022\\\/07\\\/logo-deltalabo.png\",\"contentUrl\":\"https:\\\/\\\/webdesi-gn.fr\\\/dev_deltalabo\\\/wp-content\\\/uploads\\\/2022\\\/07\\\/logo-deltalabo.png\",\"width\":694,\"height\":306,\"caption\":\"DeltaLabo\"},\"image\":{\"@id\":\"https:\\\/\\\/webdesi-gn.fr\\\/dev_deltalabo\\\/#\\\/schema\\\/logo\\\/image\\\/\"}}]}<\/script>\n<!-- \/ Yoast SEO plugin. -->","yoast_head_json":{"title":"Refroidisseur compact HUBER - Minichiller\u00ae 280 OL\u00c9 | DeltaLabo","robots":{"index":"noindex","follow":"follow","max-snippet":"max-snippet:-1","max-image-preview":"max-image-preview:large","max-video-preview":"max-video-preview:-1"},"og_locale":"fr_FR","og_type":"article","og_title":"Refroidisseur compact HUBER - Minichiller\u00ae 280 OL\u00c9 | DeltaLabo","og_description":"Refroidisseur compact HUBER - Minichiller\u00ae 280 OL\u00c9 :\u00a0  Le refroidisseur compact HUBER - Minichiller\u00ae 280 OL\u00c9 est adapt\u00e9 pour le refroidissement de condenseurs, de pompes \u00e0 vide, d'\u00e9vaporateurs rotatifs ou de petits \u00e9changeurs divers. Le contr\u00f4leur OL\u00c9 combine l\u2019innovation avec une utilisation simple.  Caract\u00e9ristiques :      Plage de temp\u00e9rature en froid de -5\u00b0C \u00e0 +40\u00b0C  Capacit\u00e9 cryog\u00e9nique \u00e0 15\u00b0C = 0,28kW  Capacit\u00e9 cryog\u00e9nique \u00e0 0\u00b0C = 0,2kW  Pompe refoulante : 14 L\/min - 0.25 bar  Pompe aspirante : 10.5 L\/min - 0.17 bar  Volume : 2L  Raccord : M16x1 m\u00e2le  Grand \u00e9cran OLED \u00e9clair\u00e9  Structure robuste en inox  Utilisation s\u00fbre en continu avec fonctions d'alarme  Interface USB et RS232     T\u00e9l\u00e9charger la brochure produit : Refroidisseur compact HUBER - Minichiller\u00ae 280 OL\u00c9","og_url":"https:\/\/webdesi-gn.fr\/dev_deltalabo\/produits\/cat-produit\/refroidisseur-compact-huber-minichiller-280-ole\/","og_site_name":"DeltaLabo","article_modified_time":"2025-11-24T14:09:59+00:00","og_image":[{"width":1280,"height":853,"url":"https:\/\/webdesi-gn.fr\/dev_deltalabo\/wp-content\/uploads\/2022\/01\/laboratory-g43d8b3442_1280.jpg","type":"image\/jpeg"}],"twitter_card":"summary_large_image","schema":{"@context":"https:\/\/schema.org","@graph":[{"@type":"WebPage","@id":"https:\/\/webdesi-gn.fr\/dev_deltalabo\/produits\/cat-produit\/refroidisseur-compact-huber-minichiller-280-ole\/","url":"https:\/\/webdesi-gn.fr\/dev_deltalabo\/produits\/cat-produit\/refroidisseur-compact-huber-minichiller-280-ole\/","name":"Refroidisseur compact HUBER - Minichiller\u00ae 280 OL\u00c9 | DeltaLabo","isPartOf":{"@id":"https:\/\/webdesi-gn.fr\/dev_deltalabo\/#website"},"primaryImageOfPage":{"@id":"https:\/\/webdesi-gn.fr\/dev_deltalabo\/produits\/cat-produit\/refroidisseur-compact-huber-minichiller-280-ole\/#primaryimage"},"image":{"@id":"https:\/\/webdesi-gn.fr\/dev_deltalabo\/produits\/cat-produit\/refroidisseur-compact-huber-minichiller-280-ole\/#primaryimage"},"thumbnailUrl":"https:\/\/webdesi-gn.fr\/dev_deltalabo\/wp-content\/uploads\/2025\/11\/DELTA-LABO-Minichiller-280-Ole.jpg","datePublished":"2025-11-24T14:07:29+00:00","dateModified":"2025-11-24T14:09:59+00:00","breadcrumb":{"@id":"https:\/\/webdesi-gn.fr\/dev_deltalabo\/produits\/cat-produit\/refroidisseur-compact-huber-minichiller-280-ole\/#breadcrumb"},"inLanguage":"fr-FR","potentialAction":[{"@type":"ReadAction","target":["https:\/\/webdesi-gn.fr\/dev_deltalabo\/produits\/cat-produit\/refroidisseur-compact-huber-minichiller-280-ole\/"]}]},{"@type":"ImageObject","inLanguage":"fr-FR","@id":"https:\/\/webdesi-gn.fr\/dev_deltalabo\/produits\/cat-produit\/refroidisseur-compact-huber-minichiller-280-ole\/#primaryimage","url":"https:\/\/webdesi-gn.fr\/dev_deltalabo\/wp-content\/uploads\/2025\/11\/DELTA-LABO-Minichiller-280-Ole.jpg","contentUrl":"https:\/\/webdesi-gn.fr\/dev_deltalabo\/wp-content\/uploads\/2025\/11\/DELTA-LABO-Minichiller-280-Ole.jpg","width":350,"height":351},{"@type":"BreadcrumbList","@id":"https:\/\/webdesi-gn.fr\/dev_deltalabo\/produits\/cat-produit\/refroidisseur-compact-huber-minichiller-280-ole\/#breadcrumb","itemListElement":[{"@type":"ListItem","position":1,"name":"Accueil","item":"https:\/\/webdesi-gn.fr\/dev_deltalabo\/"},{"@type":"ListItem","position":2,"name":"Produits","item":"https:\/\/webdesi-gn.fr\/dev_deltalabo\/produits\/"},{"@type":"ListItem","position":3,"name":"Refroidisseur compact HUBER &#8211; Minichiller\u00ae 280 OL\u00c9"}]},{"@type":"WebSite","@id":"https:\/\/webdesi-gn.fr\/dev_deltalabo\/#website","url":"https:\/\/webdesi-gn.fr\/dev_deltalabo\/","name":"Delta Labo","description":"Un site utilisant WordPress","publisher":{"@id":"https:\/\/webdesi-gn.fr\/dev_deltalabo\/#organization"},"alternateName":"Delta Labo","potentialAction":[{"@type":"SearchAction","target":{"@type":"EntryPoint","urlTemplate":"https:\/\/webdesi-gn.fr\/dev_deltalabo\/?s={search_term_string}"},"query-input":{"@type":"PropertyValueSpecification","valueRequired":true,"valueName":"search_term_string"}}],"inLanguage":"fr-FR"},{"@type":"Organization","@id":"https:\/\/webdesi-gn.fr\/dev_deltalabo\/#organization","name":"DeltaLabo","url":"https:\/\/webdesi-gn.fr\/dev_deltalabo\/","logo":{"@type":"ImageObject","inLanguage":"fr-FR","@id":"https:\/\/webdesi-gn.fr\/dev_deltalabo\/#\/schema\/logo\/image\/","url":"https:\/\/webdesi-gn.fr\/dev_deltalabo\/wp-content\/uploads\/2022\/07\/logo-deltalabo.png","contentUrl":"https:\/\/webdesi-gn.fr\/dev_deltalabo\/wp-content\/uploads\/2022\/07\/logo-deltalabo.png","width":694,"height":306,"caption":"DeltaLabo"},"image":{"@id":"https:\/\/webdesi-gn.fr\/dev_deltalabo\/#\/schema\/logo\/image\/"}}]}},"_links":{"self":[{"href":"https:\/\/webdesi-gn.fr\/dev_deltalabo\/wp-json\/wp\/v2\/product\/262428","targetHints":{"allow":["GET"]}}],"collection":[{"href":"https:\/\/webdesi-gn.fr\/dev_deltalabo\/wp-json\/wp\/v2\/product"}],"about":[{"href":"https:\/\/webdesi-gn.fr\/dev_deltalabo\/wp-json\/wp\/v2\/types\/product"}],"wp:featuredmedia":[{"embeddable":true,"href":"https:\/\/webdesi-gn.fr\/dev_deltalabo\/wp-json\/wp\/v2\/media\/262499"}],"wp:attachment":[{"href":"https:\/\/webdesi-gn.fr\/dev_deltalabo\/wp-json\/wp\/v2\/media?parent=262428"}],"wp:term":[{"taxonomy":"domaine","embeddable":true,"href":"https:\/\/webdesi-gn.fr\/dev_deltalabo\/wp-json\/wp\/v2\/domaine?post=262428"},{"taxonomy":"normes","embeddable":true,"href":"https:\/\/webdesi-gn.fr\/dev_deltalabo\/wp-json\/wp\/v2\/normes?post=262428"},{"taxonomy":"product_brand","embeddable":true,"href":"https:\/\/webdesi-gn.fr\/dev_deltalabo\/wp-json\/wp\/v2\/product_brand?post=262428"},{"taxonomy":"product_cat","embeddable":true,"href":"https:\/\/webdesi-gn.fr\/dev_deltalabo\/wp-json\/wp\/v2\/product_cat?post=262428"},{"taxonomy":"product_tag","embeddable":true,"href":"https:\/\/webdesi-gn.fr\/dev_deltalabo\/wp-json\/wp\/v2\/product_tag?post=262428"}],"curies":[{"name":"wp","href":"https:\/\/api.w.org\/{rel}","templated":true}]}}