{"id":262429,"date":"2025-11-24T15:07:29","date_gmt":"2025-11-24T14:07:29","guid":{"rendered":"https:\/\/webdesi-gn.fr\/dev_deltalabo\/?post_type=product&#038;p=262429"},"modified":"2025-12-11T14:37:40","modified_gmt":"2025-12-11T13:37:40","slug":"analyseur-demag-fame-pour-carbureacteurs-stanhope-seta-fiji","status":"publish","type":"product","link":"https:\/\/webdesi-gn.fr\/dev_deltalabo\/produits\/petrochimie-chimie-nucleaire\/carbureacteurs-saf\/analyseur-demag-fame-pour-carbureacteurs-stanhope-seta-fiji\/","title":{"rendered":"Analyseur d\u2019EMAG (FAME) pour carbur\u00e9acteurs STANHOPE SETA &#8211; FIJI"},"content":{"rendered":"","protected":false},"excerpt":{"rendered":"<div class=\"et_pb_module et_pb_wc_title et_pb_wc_title_0_tb_body et_pb_bg_layout_light\">\n<div class=\"et_pb_module_inner\">\n<p><strong>Analyseur d\u2019EMAG (FAME) pour carbur\u00e9acteurs STANHOPE SETA &#8211; FIJI :<\/strong><\/p>\n<\/div>\n<\/div>\n<div class=\"et_pb_module et_pb_wc_description et_pb_wc_description_0_tb_body et_pb_bg_layout_light et_pb_text_align_justified\">\n<div class=\"et_pb_module_inner\">\n<p>L&rsquo;analyseur d\u2019EMAG (FAME) pour carbur\u00e9acteurs STANHOPE SETA &#8211; FIJI est un instrument de derni\u00e8re g\u00e9n\u00e9ration, conforme aux normes ASTM D1665, ASTM D7797, ASTM D7963 et IP 583. Il permet d\u2019analyser les traces de FAME (EMAG, Esters M\u00e9thyliques d\u2019Acides Gras) dans les carbur\u00e9acteurs.<\/p>\n<p>Les carbur\u00e9acteurs sont en effet susceptibles d\u2019\u00eatre contamin\u00e9s lors des transferts, par des r\u00e9sidus de corps gras laiss\u00e9s par d\u2019autres biocarburants. Le FIJI permet de d\u00e9tecter des traces de FAME entre 10 et 400ppm par FTIR en 20 minutes.<\/p>\n<p>L\u2019instrument est enti\u00e8rement autonome et de type \u00ab presse bouton \u00bb (pas besoin d\u2019ordinateur externe). Il a \u00e9t\u00e9 con\u00e7u pour \u00eatre mis en \u0153uvre tr\u00e8s simplement par des op\u00e9rateurs non chimistes.<\/p>\n<p><strong>T\u00e9l\u00e9charger la brochure produit :<\/strong> <a href=\"https:\/\/www.deltalabo.fr\/wp-content\/uploads\/2025\/10\/Doc-FIJI-JF-engl-DL.pdf\">Analyseur d\u2019EMAG (FAME) pour carbur\u00e9acteurs STANHOPE SETA &#8211; FIJI<\/a><\/p>\n<\/div>\n<\/div>\n","protected":false},"featured_media":262505,"template":"","meta":{"_acf_changed":false,"site-sidebar-layout":"default","site-content-layout":"","ast-site-content-layout":"default","site-content-style":"default","site-sidebar-style":"default","ast-global-header-display":"","ast-banner-title-visibility":"","ast-main-header-display":"","ast-hfb-above-header-display":"","ast-hfb-below-header-display":"","ast-hfb-mobile-header-display":"","site-post-title":"","ast-breadcrumbs-content":"","ast-featured-img":"","footer-sml-layout":"","ast-disable-related-posts":"","theme-transparent-header-meta":"default","adv-header-id-meta":"","stick-header-meta":"","header-above-stick-meta":"","header-main-stick-meta":"","header-below-stick-meta":"","astra-migrate-meta-layouts":"set","ast-page-background-enabled":"default","ast-page-background-meta":{"desktop":{"background-color":"var(--ast-global-color-5)","background-image":"","background-repeat":"repeat","background-position":"center center","background-size":"auto","background-attachment":"scroll","background-type":"","background-media":"","overlay-type":"","overlay-color":"","overlay-opacity":"","overlay-gradient":""},"tablet":{"background-color":"","background-image":"","background-repeat":"repeat","background-position":"center center","background-size":"auto","background-attachment":"scroll","background-type":"","background-media":"","overlay-type":"","overlay-color":"","overlay-opacity":"","overlay-gradient":""},"mobile":{"background-color":"","background-image":"","background-repeat":"repeat","background-position":"center center","background-size":"auto","background-attachment":"scroll","background-type":"","background-media":"","overlay-type":"","overlay-color":"","overlay-opacity":"","overlay-gradient":""}},"ast-content-background-meta":{"desktop":{"background-color":"var(--ast-global-color-4)","background-image":"","background-repeat":"repeat","background-position":"center center","background-size":"auto","background-attachment":"scroll","background-type":"","background-media":"","overlay-type":"","overlay-color":"","overlay-opacity":"","overlay-gradient":""},"tablet":{"background-color":"var(--ast-global-color-4)","background-image":"","background-repeat":"repeat","background-position":"center center","background-size":"auto","background-attachment":"scroll","background-type":"","background-media":"","overlay-type":"","overlay-color":"","overlay-opacity":"","overlay-gradient":""},"mobile":{"background-color":"var(--ast-global-color-4)","background-image":"","background-repeat":"repeat","background-position":"center center","background-size":"auto","background-attachment":"scroll","background-type":"","background-media":"","overlay-type":"","overlay-color":"","overlay-opacity":"","overlay-gradient":""}}},"domaine":[],"normes":[3306,3382,3385,6999,17144],"product_brand":[],"product_cat":[17192],"product_tag":[],"class_list":{"0":"post-262429","1":"product","2":"type-product","3":"status-publish","4":"has-post-thumbnail","6":"normes-d1655","7":"normes-d7797","8":"normes-d7963","9":"normes-def-stan-91-091","10":"normes-ip-583","11":"product_cat-carbureacteurs-saf","12":"desktop-align-left","13":"tablet-align-left","14":"mobile-align-left","16":"first","17":"instock","18":"shipping-taxable","19":"product-type-simple"},"acf":[],"yoast_head":"<!-- This site is optimized with the Yoast SEO plugin v27.4 - https:\/\/yoast.com\/product\/yoast-seo-wordpress\/ -->\n<title>Analyseur d\u2019EMAG (FAME) pour carbur\u00e9acteurs STANHOPE SETA - FIJI | DeltaLabo<\/title>\n<meta name=\"robots\" content=\"noindex, follow, max-snippet:-1, max-image-preview:large, max-video-preview:-1\" \/>\n<meta property=\"og:locale\" content=\"fr_FR\" \/>\n<meta property=\"og:type\" content=\"article\" \/>\n<meta property=\"og:title\" content=\"Analyseur d\u2019EMAG (FAME) pour carbur\u00e9acteurs STANHOPE SETA - FIJI | DeltaLabo\" \/>\n<meta property=\"og:description\" content=\"Analyseur d\u2019EMAG (FAME) pour carbur\u00e9acteurs STANHOPE SETA - FIJI :       L&#039;analyseur d\u2019EMAG (FAME) pour carbur\u00e9acteurs STANHOPE SETA - FIJI est un instrument de derni\u00e8re g\u00e9n\u00e9ration, conforme aux normes ASTM D1665, ASTM D7797, ASTM D7963 et IP 583. Il permet d\u2019analyser les traces de FAME (EMAG, Esters M\u00e9thyliques d\u2019Acides Gras) dans les carbur\u00e9acteurs.  Les carbur\u00e9acteurs sont en effet susceptibles d\u2019\u00eatre contamin\u00e9s lors des transferts, par des r\u00e9sidus de corps gras laiss\u00e9s par d\u2019autres biocarburants. Le FIJI permet de d\u00e9tecter des traces de FAME entre 10 et 400ppm par FTIR en 20 minutes.  L\u2019instrument est enti\u00e8rement autonome et de type \u00ab presse bouton \u00bb (pas besoin d\u2019ordinateur externe). Il a \u00e9t\u00e9 con\u00e7u pour \u00eatre mis en \u0153uvre tr\u00e8s simplement par des op\u00e9rateurs non chimistes.  T\u00e9l\u00e9charger la brochure produit : Analyseur d\u2019EMAG (FAME) pour carbur\u00e9acteurs STANHOPE SETA - FIJI\" \/>\n<meta property=\"og:url\" content=\"https:\/\/webdesi-gn.fr\/dev_deltalabo\/produits\/petrochimie-chimie-nucleaire\/carbureacteurs-saf\/analyseur-demag-fame-pour-carbureacteurs-stanhope-seta-fiji\/\" \/>\n<meta property=\"og:site_name\" content=\"DeltaLabo\" \/>\n<meta property=\"article:modified_time\" content=\"2025-12-11T13:37:40+00:00\" \/>\n<meta property=\"og:image\" content=\"https:\/\/webdesi-gn.fr\/dev_deltalabo\/wp-content\/uploads\/2025\/11\/DELTA-LABO_FIJI.webp\" \/>\n\t<meta property=\"og:image:width\" content=\"800\" \/>\n\t<meta property=\"og:image:height\" content=\"800\" \/>\n\t<meta property=\"og:image:type\" content=\"image\/webp\" \/>\n<meta name=\"twitter:card\" content=\"summary_large_image\" \/>\n<meta name=\"twitter:label1\" content=\"Dur\u00e9e de lecture estim\u00e9e\" \/>\n\t<meta name=\"twitter:data1\" content=\"1 minute\" \/>\n<script type=\"application\/ld+json\" class=\"yoast-schema-graph\">{\"@context\":\"https:\\\/\\\/schema.org\",\"@graph\":[{\"@type\":\"WebPage\",\"@id\":\"https:\\\/\\\/webdesi-gn.fr\\\/dev_deltalabo\\\/produits\\\/petrochimie-chimie-nucleaire\\\/carbureacteurs-saf\\\/analyseur-demag-fame-pour-carbureacteurs-stanhope-seta-fiji\\\/\",\"url\":\"https:\\\/\\\/webdesi-gn.fr\\\/dev_deltalabo\\\/produits\\\/petrochimie-chimie-nucleaire\\\/carbureacteurs-saf\\\/analyseur-demag-fame-pour-carbureacteurs-stanhope-seta-fiji\\\/\",\"name\":\"Analyseur d\u2019EMAG (FAME) pour carbur\u00e9acteurs STANHOPE SETA - FIJI | DeltaLabo\",\"isPartOf\":{\"@id\":\"https:\\\/\\\/webdesi-gn.fr\\\/dev_deltalabo\\\/#website\"},\"primaryImageOfPage\":{\"@id\":\"https:\\\/\\\/webdesi-gn.fr\\\/dev_deltalabo\\\/produits\\\/petrochimie-chimie-nucleaire\\\/carbureacteurs-saf\\\/analyseur-demag-fame-pour-carbureacteurs-stanhope-seta-fiji\\\/#primaryimage\"},\"image\":{\"@id\":\"https:\\\/\\\/webdesi-gn.fr\\\/dev_deltalabo\\\/produits\\\/petrochimie-chimie-nucleaire\\\/carbureacteurs-saf\\\/analyseur-demag-fame-pour-carbureacteurs-stanhope-seta-fiji\\\/#primaryimage\"},\"thumbnailUrl\":\"https:\\\/\\\/webdesi-gn.fr\\\/dev_deltalabo\\\/wp-content\\\/uploads\\\/2025\\\/11\\\/DELTA-LABO_FIJI.webp\",\"datePublished\":\"2025-11-24T14:07:29+00:00\",\"dateModified\":\"2025-12-11T13:37:40+00:00\",\"breadcrumb\":{\"@id\":\"https:\\\/\\\/webdesi-gn.fr\\\/dev_deltalabo\\\/produits\\\/petrochimie-chimie-nucleaire\\\/carbureacteurs-saf\\\/analyseur-demag-fame-pour-carbureacteurs-stanhope-seta-fiji\\\/#breadcrumb\"},\"inLanguage\":\"fr-FR\",\"potentialAction\":[{\"@type\":\"ReadAction\",\"target\":[\"https:\\\/\\\/webdesi-gn.fr\\\/dev_deltalabo\\\/produits\\\/petrochimie-chimie-nucleaire\\\/carbureacteurs-saf\\\/analyseur-demag-fame-pour-carbureacteurs-stanhope-seta-fiji\\\/\"]}]},{\"@type\":\"ImageObject\",\"inLanguage\":\"fr-FR\",\"@id\":\"https:\\\/\\\/webdesi-gn.fr\\\/dev_deltalabo\\\/produits\\\/petrochimie-chimie-nucleaire\\\/carbureacteurs-saf\\\/analyseur-demag-fame-pour-carbureacteurs-stanhope-seta-fiji\\\/#primaryimage\",\"url\":\"https:\\\/\\\/webdesi-gn.fr\\\/dev_deltalabo\\\/wp-content\\\/uploads\\\/2025\\\/11\\\/DELTA-LABO_FIJI.webp\",\"contentUrl\":\"https:\\\/\\\/webdesi-gn.fr\\\/dev_deltalabo\\\/wp-content\\\/uploads\\\/2025\\\/11\\\/DELTA-LABO_FIJI.webp\",\"width\":800,\"height\":800},{\"@type\":\"BreadcrumbList\",\"@id\":\"https:\\\/\\\/webdesi-gn.fr\\\/dev_deltalabo\\\/produits\\\/petrochimie-chimie-nucleaire\\\/carbureacteurs-saf\\\/analyseur-demag-fame-pour-carbureacteurs-stanhope-seta-fiji\\\/#breadcrumb\",\"itemListElement\":[{\"@type\":\"ListItem\",\"position\":1,\"name\":\"Accueil\",\"item\":\"https:\\\/\\\/webdesi-gn.fr\\\/dev_deltalabo\\\/\"},{\"@type\":\"ListItem\",\"position\":2,\"name\":\"Produits\",\"item\":\"https:\\\/\\\/webdesi-gn.fr\\\/dev_deltalabo\\\/produits\\\/\"},{\"@type\":\"ListItem\",\"position\":3,\"name\":\"Analyseur d\u2019EMAG (FAME) pour carbur\u00e9acteurs STANHOPE SETA &#8211; FIJI\"}]},{\"@type\":\"WebSite\",\"@id\":\"https:\\\/\\\/webdesi-gn.fr\\\/dev_deltalabo\\\/#website\",\"url\":\"https:\\\/\\\/webdesi-gn.fr\\\/dev_deltalabo\\\/\",\"name\":\"Delta Labo\",\"description\":\"Un site utilisant WordPress\",\"publisher\":{\"@id\":\"https:\\\/\\\/webdesi-gn.fr\\\/dev_deltalabo\\\/#organization\"},\"alternateName\":\"Delta Labo\",\"potentialAction\":[{\"@type\":\"SearchAction\",\"target\":{\"@type\":\"EntryPoint\",\"urlTemplate\":\"https:\\\/\\\/webdesi-gn.fr\\\/dev_deltalabo\\\/?s={search_term_string}\"},\"query-input\":{\"@type\":\"PropertyValueSpecification\",\"valueRequired\":true,\"valueName\":\"search_term_string\"}}],\"inLanguage\":\"fr-FR\"},{\"@type\":\"Organization\",\"@id\":\"https:\\\/\\\/webdesi-gn.fr\\\/dev_deltalabo\\\/#organization\",\"name\":\"DeltaLabo\",\"url\":\"https:\\\/\\\/webdesi-gn.fr\\\/dev_deltalabo\\\/\",\"logo\":{\"@type\":\"ImageObject\",\"inLanguage\":\"fr-FR\",\"@id\":\"https:\\\/\\\/webdesi-gn.fr\\\/dev_deltalabo\\\/#\\\/schema\\\/logo\\\/image\\\/\",\"url\":\"https:\\\/\\\/webdesi-gn.fr\\\/dev_deltalabo\\\/wp-content\\\/uploads\\\/2022\\\/07\\\/logo-deltalabo.png\",\"contentUrl\":\"https:\\\/\\\/webdesi-gn.fr\\\/dev_deltalabo\\\/wp-content\\\/uploads\\\/2022\\\/07\\\/logo-deltalabo.png\",\"width\":694,\"height\":306,\"caption\":\"DeltaLabo\"},\"image\":{\"@id\":\"https:\\\/\\\/webdesi-gn.fr\\\/dev_deltalabo\\\/#\\\/schema\\\/logo\\\/image\\\/\"}}]}<\/script>\n<!-- \/ Yoast SEO plugin. -->","yoast_head_json":{"title":"Analyseur d\u2019EMAG (FAME) pour carbur\u00e9acteurs STANHOPE SETA - FIJI | DeltaLabo","robots":{"index":"noindex","follow":"follow","max-snippet":"max-snippet:-1","max-image-preview":"max-image-preview:large","max-video-preview":"max-video-preview:-1"},"og_locale":"fr_FR","og_type":"article","og_title":"Analyseur d\u2019EMAG (FAME) pour carbur\u00e9acteurs STANHOPE SETA - FIJI | DeltaLabo","og_description":"Analyseur d\u2019EMAG (FAME) pour carbur\u00e9acteurs STANHOPE SETA - FIJI :       L'analyseur d\u2019EMAG (FAME) pour carbur\u00e9acteurs STANHOPE SETA - FIJI est un instrument de derni\u00e8re g\u00e9n\u00e9ration, conforme aux normes ASTM D1665, ASTM D7797, ASTM D7963 et IP 583. Il permet d\u2019analyser les traces de FAME (EMAG, Esters M\u00e9thyliques d\u2019Acides Gras) dans les carbur\u00e9acteurs.  Les carbur\u00e9acteurs sont en effet susceptibles d\u2019\u00eatre contamin\u00e9s lors des transferts, par des r\u00e9sidus de corps gras laiss\u00e9s par d\u2019autres biocarburants. Le FIJI permet de d\u00e9tecter des traces de FAME entre 10 et 400ppm par FTIR en 20 minutes.  L\u2019instrument est enti\u00e8rement autonome et de type \u00ab presse bouton \u00bb (pas besoin d\u2019ordinateur externe). Il a \u00e9t\u00e9 con\u00e7u pour \u00eatre mis en \u0153uvre tr\u00e8s simplement par des op\u00e9rateurs non chimistes.  T\u00e9l\u00e9charger la brochure produit : Analyseur d\u2019EMAG (FAME) pour carbur\u00e9acteurs STANHOPE SETA - FIJI","og_url":"https:\/\/webdesi-gn.fr\/dev_deltalabo\/produits\/petrochimie-chimie-nucleaire\/carbureacteurs-saf\/analyseur-demag-fame-pour-carbureacteurs-stanhope-seta-fiji\/","og_site_name":"DeltaLabo","article_modified_time":"2025-12-11T13:37:40+00:00","og_image":[{"width":800,"height":800,"url":"https:\/\/webdesi-gn.fr\/dev_deltalabo\/wp-content\/uploads\/2025\/11\/DELTA-LABO_FIJI.webp","type":"image\/webp"}],"twitter_card":"summary_large_image","twitter_misc":{"Dur\u00e9e de lecture estim\u00e9e":"1 minute"},"schema":{"@context":"https:\/\/schema.org","@graph":[{"@type":"WebPage","@id":"https:\/\/webdesi-gn.fr\/dev_deltalabo\/produits\/petrochimie-chimie-nucleaire\/carbureacteurs-saf\/analyseur-demag-fame-pour-carbureacteurs-stanhope-seta-fiji\/","url":"https:\/\/webdesi-gn.fr\/dev_deltalabo\/produits\/petrochimie-chimie-nucleaire\/carbureacteurs-saf\/analyseur-demag-fame-pour-carbureacteurs-stanhope-seta-fiji\/","name":"Analyseur d\u2019EMAG (FAME) pour carbur\u00e9acteurs STANHOPE SETA - FIJI | DeltaLabo","isPartOf":{"@id":"https:\/\/webdesi-gn.fr\/dev_deltalabo\/#website"},"primaryImageOfPage":{"@id":"https:\/\/webdesi-gn.fr\/dev_deltalabo\/produits\/petrochimie-chimie-nucleaire\/carbureacteurs-saf\/analyseur-demag-fame-pour-carbureacteurs-stanhope-seta-fiji\/#primaryimage"},"image":{"@id":"https:\/\/webdesi-gn.fr\/dev_deltalabo\/produits\/petrochimie-chimie-nucleaire\/carbureacteurs-saf\/analyseur-demag-fame-pour-carbureacteurs-stanhope-seta-fiji\/#primaryimage"},"thumbnailUrl":"https:\/\/webdesi-gn.fr\/dev_deltalabo\/wp-content\/uploads\/2025\/11\/DELTA-LABO_FIJI.webp","datePublished":"2025-11-24T14:07:29+00:00","dateModified":"2025-12-11T13:37:40+00:00","breadcrumb":{"@id":"https:\/\/webdesi-gn.fr\/dev_deltalabo\/produits\/petrochimie-chimie-nucleaire\/carbureacteurs-saf\/analyseur-demag-fame-pour-carbureacteurs-stanhope-seta-fiji\/#breadcrumb"},"inLanguage":"fr-FR","potentialAction":[{"@type":"ReadAction","target":["https:\/\/webdesi-gn.fr\/dev_deltalabo\/produits\/petrochimie-chimie-nucleaire\/carbureacteurs-saf\/analyseur-demag-fame-pour-carbureacteurs-stanhope-seta-fiji\/"]}]},{"@type":"ImageObject","inLanguage":"fr-FR","@id":"https:\/\/webdesi-gn.fr\/dev_deltalabo\/produits\/petrochimie-chimie-nucleaire\/carbureacteurs-saf\/analyseur-demag-fame-pour-carbureacteurs-stanhope-seta-fiji\/#primaryimage","url":"https:\/\/webdesi-gn.fr\/dev_deltalabo\/wp-content\/uploads\/2025\/11\/DELTA-LABO_FIJI.webp","contentUrl":"https:\/\/webdesi-gn.fr\/dev_deltalabo\/wp-content\/uploads\/2025\/11\/DELTA-LABO_FIJI.webp","width":800,"height":800},{"@type":"BreadcrumbList","@id":"https:\/\/webdesi-gn.fr\/dev_deltalabo\/produits\/petrochimie-chimie-nucleaire\/carbureacteurs-saf\/analyseur-demag-fame-pour-carbureacteurs-stanhope-seta-fiji\/#breadcrumb","itemListElement":[{"@type":"ListItem","position":1,"name":"Accueil","item":"https:\/\/webdesi-gn.fr\/dev_deltalabo\/"},{"@type":"ListItem","position":2,"name":"Produits","item":"https:\/\/webdesi-gn.fr\/dev_deltalabo\/produits\/"},{"@type":"ListItem","position":3,"name":"Analyseur d\u2019EMAG (FAME) pour carbur\u00e9acteurs STANHOPE SETA &#8211; FIJI"}]},{"@type":"WebSite","@id":"https:\/\/webdesi-gn.fr\/dev_deltalabo\/#website","url":"https:\/\/webdesi-gn.fr\/dev_deltalabo\/","name":"Delta Labo","description":"Un site utilisant WordPress","publisher":{"@id":"https:\/\/webdesi-gn.fr\/dev_deltalabo\/#organization"},"alternateName":"Delta Labo","potentialAction":[{"@type":"SearchAction","target":{"@type":"EntryPoint","urlTemplate":"https:\/\/webdesi-gn.fr\/dev_deltalabo\/?s={search_term_string}"},"query-input":{"@type":"PropertyValueSpecification","valueRequired":true,"valueName":"search_term_string"}}],"inLanguage":"fr-FR"},{"@type":"Organization","@id":"https:\/\/webdesi-gn.fr\/dev_deltalabo\/#organization","name":"DeltaLabo","url":"https:\/\/webdesi-gn.fr\/dev_deltalabo\/","logo":{"@type":"ImageObject","inLanguage":"fr-FR","@id":"https:\/\/webdesi-gn.fr\/dev_deltalabo\/#\/schema\/logo\/image\/","url":"https:\/\/webdesi-gn.fr\/dev_deltalabo\/wp-content\/uploads\/2022\/07\/logo-deltalabo.png","contentUrl":"https:\/\/webdesi-gn.fr\/dev_deltalabo\/wp-content\/uploads\/2022\/07\/logo-deltalabo.png","width":694,"height":306,"caption":"DeltaLabo"},"image":{"@id":"https:\/\/webdesi-gn.fr\/dev_deltalabo\/#\/schema\/logo\/image\/"}}]}},"_links":{"self":[{"href":"https:\/\/webdesi-gn.fr\/dev_deltalabo\/wp-json\/wp\/v2\/product\/262429","targetHints":{"allow":["GET"]}}],"collection":[{"href":"https:\/\/webdesi-gn.fr\/dev_deltalabo\/wp-json\/wp\/v2\/product"}],"about":[{"href":"https:\/\/webdesi-gn.fr\/dev_deltalabo\/wp-json\/wp\/v2\/types\/product"}],"wp:featuredmedia":[{"embeddable":true,"href":"https:\/\/webdesi-gn.fr\/dev_deltalabo\/wp-json\/wp\/v2\/media\/262505"}],"wp:attachment":[{"href":"https:\/\/webdesi-gn.fr\/dev_deltalabo\/wp-json\/wp\/v2\/media?parent=262429"}],"wp:term":[{"taxonomy":"domaine","embeddable":true,"href":"https:\/\/webdesi-gn.fr\/dev_deltalabo\/wp-json\/wp\/v2\/domaine?post=262429"},{"taxonomy":"normes","embeddable":true,"href":"https:\/\/webdesi-gn.fr\/dev_deltalabo\/wp-json\/wp\/v2\/normes?post=262429"},{"taxonomy":"product_brand","embeddable":true,"href":"https:\/\/webdesi-gn.fr\/dev_deltalabo\/wp-json\/wp\/v2\/product_brand?post=262429"},{"taxonomy":"product_cat","embeddable":true,"href":"https:\/\/webdesi-gn.fr\/dev_deltalabo\/wp-json\/wp\/v2\/product_cat?post=262429"},{"taxonomy":"product_tag","embeddable":true,"href":"https:\/\/webdesi-gn.fr\/dev_deltalabo\/wp-json\/wp\/v2\/product_tag?post=262429"}],"curies":[{"name":"wp","href":"https:\/\/api.w.org\/{rel}","templated":true}]}}