{"id":262438,"date":"2025-11-24T15:07:54","date_gmt":"2025-11-24T14:07:54","guid":{"rendered":"https:\/\/webdesi-gn.fr\/dev_deltalabo\/?post_type=product&#038;p=262438"},"modified":"2025-11-24T15:10:18","modified_gmt":"2025-11-24T14:10:18","slug":"point-eclair-automatique-stanhope-seta-cleveland-c-92","status":"publish","type":"product","link":"https:\/\/webdesi-gn.fr\/dev_deltalabo\/produits\/categories\/point-eclair-automatique-stanhope-seta-cleveland-c-92\/","title":{"rendered":"Point \u00e9clair automatique STANHOPE SETA &#8211; Cleveland C-92"},"content":{"rendered":"","protected":false},"excerpt":{"rendered":"<p><strong>Point \u00e9clair automatique STANHOPE SETA &#8211; Cleveland C-92 :\u00a0<\/strong><\/p>\n<p><span dir=\"auto\">Le point \u00e9clair automatique STANHOPE SETA &#8211; Cleveland C-92 \u00e0 coupelle ouverte est un instrument de paillasse automatique, utilis\u00e9 pour d\u00e9terminer les temp\u00e9ratures de point d&rsquo;\u00e9clair et de point d&rsquo;inflammation de produits \u00e0 des temp\u00e9ratures pouvant atteindre 400\u00b0C.<\/span><\/p>\n<p><span dir=\"auto\">L&rsquo;instrument comprend un \u00e9l\u00e9ment chauffant, une coupelle d&rsquo;essai amovible, des allumeurs \u00e0 fil chaud interchangeables (gaz et \u00e9lectrique) mont\u00e9s sur un bras de balayage automatique, un thermom\u00e8tre \u00e0 r\u00e9sistance de platine (PRT), un anneau d&rsquo;ionisation pour d\u00e9tecter les \u00e9clairs\/incendies, un \u00e9teignoir et un extincteur.\u00a0<\/span><\/p>\n<p><span dir=\"auto\">Le logiciel de contr\u00f4le statistique de la qualit\u00e9 (SQC) C-92 fournit une analyse d\u00e9taill\u00e9e des r\u00e9sultats des tests sur un grand \u00e9cran tactile couleur : moyenne calcul\u00e9e, \u00e9cart type, erreur type, r\u00e9p\u00e9tabilit\u00e9 et trac\u00e9 des r\u00e9sultats.<\/span><\/p>\n<p><strong>T\u00e9l\u00e9charger la brochure produit :<\/strong> <a href=\"https:\/\/www.deltalabo.fr\/wp-content\/uploads\/2025\/10\/35300-0_C-92_Cleveland_Flashpoint-doc-DL.pdf\">Point \u00e9clair automatique STANHOPE SETA &#8211; Cleveland C-92<\/a><\/p>\n","protected":false},"featured_media":262506,"template":"","meta":{"_acf_changed":false,"site-sidebar-layout":"default","site-content-layout":"","ast-site-content-layout":"default","site-content-style":"default","site-sidebar-style":"default","ast-global-header-display":"","ast-banner-title-visibility":"","ast-main-header-display":"","ast-hfb-above-header-display":"","ast-hfb-below-header-display":"","ast-hfb-mobile-header-display":"","site-post-title":"","ast-breadcrumbs-content":"","ast-featured-img":"","footer-sml-layout":"","ast-disable-related-posts":"","theme-transparent-header-meta":"","adv-header-id-meta":"","stick-header-meta":"","header-above-stick-meta":"","header-main-stick-meta":"","header-below-stick-meta":"","astra-migrate-meta-layouts":"default","ast-page-background-enabled":"default","ast-page-background-meta":{"desktop":{"background-color":"var(--ast-global-color-5)","background-image":"","background-repeat":"repeat","background-position":"center center","background-size":"auto","background-attachment":"scroll","background-type":"","background-media":"","overlay-type":"","overlay-color":"","overlay-opacity":"","overlay-gradient":""},"tablet":{"background-color":"","background-image":"","background-repeat":"repeat","background-position":"center center","background-size":"auto","background-attachment":"scroll","background-type":"","background-media":"","overlay-type":"","overlay-color":"","overlay-opacity":"","overlay-gradient":""},"mobile":{"background-color":"","background-image":"","background-repeat":"repeat","background-position":"center center","background-size":"auto","background-attachment":"scroll","background-type":"","background-media":"","overlay-type":"","overlay-color":"","overlay-opacity":"","overlay-gradient":""}},"ast-content-background-meta":{"desktop":{"background-color":"var(--ast-global-color-4)","background-image":"","background-repeat":"repeat","background-position":"center center","background-size":"auto","background-attachment":"scroll","background-type":"","background-media":"","overlay-type":"","overlay-color":"","overlay-opacity":"","overlay-gradient":""},"tablet":{"background-color":"var(--ast-global-color-4)","background-image":"","background-repeat":"repeat","background-position":"center center","background-size":"auto","background-attachment":"scroll","background-type":"","background-media":"","overlay-type":"","overlay-color":"","overlay-opacity":"","overlay-gradient":""},"mobile":{"background-color":"var(--ast-global-color-4)","background-image":"","background-repeat":"repeat","background-position":"center center","background-size":"auto","background-attachment":"scroll","background-type":"","background-media":"","overlay-type":"","overlay-color":"","overlay-opacity":"","overlay-gradient":""}}},"domaine":[],"normes":[],"product_brand":[],"product_cat":[17240],"product_tag":[],"class_list":{"0":"post-262438","1":"product","2":"type-product","3":"status-publish","4":"has-post-thumbnail","6":"product_cat-categories","7":"desktop-align-left","8":"tablet-align-left","9":"mobile-align-left","11":"first","12":"instock","13":"shipping-taxable","14":"product-type-simple"},"acf":[],"yoast_head":"<!-- This site is optimized with the Yoast SEO plugin v27.4 - https:\/\/yoast.com\/product\/yoast-seo-wordpress\/ -->\n<title>Point \u00e9clair automatique STANHOPE SETA - Cleveland C-92 | DeltaLabo<\/title>\n<meta name=\"robots\" content=\"noindex, follow, max-snippet:-1, max-image-preview:large, max-video-preview:-1\" \/>\n<meta property=\"og:locale\" content=\"fr_FR\" \/>\n<meta property=\"og:type\" content=\"article\" \/>\n<meta property=\"og:title\" content=\"Point \u00e9clair automatique STANHOPE SETA - Cleveland C-92 | DeltaLabo\" \/>\n<meta property=\"og:description\" content=\"Point \u00e9clair automatique STANHOPE SETA - Cleveland C-92 :\u00a0  Le point \u00e9clair automatique STANHOPE SETA - Cleveland C-92 \u00e0 coupelle ouverte est un instrument de paillasse automatique, utilis\u00e9 pour d\u00e9terminer les temp\u00e9ratures de point d&#039;\u00e9clair et de point d&#039;inflammation de produits \u00e0 des temp\u00e9ratures pouvant atteindre 400\u00b0C.  L&#039;instrument comprend un \u00e9l\u00e9ment chauffant, une coupelle d&#039;essai amovible, des allumeurs \u00e0 fil chaud interchangeables (gaz et \u00e9lectrique) mont\u00e9s sur un bras de balayage automatique, un thermom\u00e8tre \u00e0 r\u00e9sistance de platine (PRT), un anneau d&#039;ionisation pour d\u00e9tecter les \u00e9clairs\/incendies, un \u00e9teignoir et un extincteur.\u00a0  Le logiciel de contr\u00f4le statistique de la qualit\u00e9 (SQC) C-92 fournit une analyse d\u00e9taill\u00e9e des r\u00e9sultats des tests sur un grand \u00e9cran tactile couleur : moyenne calcul\u00e9e, \u00e9cart type, erreur type, r\u00e9p\u00e9tabilit\u00e9 et trac\u00e9 des r\u00e9sultats.  T\u00e9l\u00e9charger la brochure produit : Point \u00e9clair automatique STANHOPE SETA - Cleveland C-92\" \/>\n<meta property=\"og:url\" content=\"https:\/\/webdesi-gn.fr\/dev_deltalabo\/produits\/cat-produit\/point-eclair-automatique-stanhope-seta-cleveland-c-92\/\" \/>\n<meta property=\"og:site_name\" content=\"DeltaLabo\" \/>\n<meta property=\"article:modified_time\" content=\"2025-11-24T14:10:18+00:00\" \/>\n<meta property=\"og:image\" content=\"https:\/\/webdesi-gn.fr\/dev_deltalabo\/wp-content\/uploads\/2022\/01\/laboratory-g43d8b3442_1280.jpg\" \/>\n\t<meta property=\"og:image:width\" content=\"1280\" \/>\n\t<meta property=\"og:image:height\" content=\"853\" \/>\n\t<meta property=\"og:image:type\" content=\"image\/jpeg\" \/>\n<meta name=\"twitter:card\" content=\"summary_large_image\" \/>\n<script type=\"application\/ld+json\" class=\"yoast-schema-graph\">{\"@context\":\"https:\\\/\\\/schema.org\",\"@graph\":[{\"@type\":\"WebPage\",\"@id\":\"https:\\\/\\\/webdesi-gn.fr\\\/dev_deltalabo\\\/produits\\\/cat-produit\\\/point-eclair-automatique-stanhope-seta-cleveland-c-92\\\/\",\"url\":\"https:\\\/\\\/webdesi-gn.fr\\\/dev_deltalabo\\\/produits\\\/cat-produit\\\/point-eclair-automatique-stanhope-seta-cleveland-c-92\\\/\",\"name\":\"Point \u00e9clair automatique STANHOPE SETA - Cleveland C-92 | DeltaLabo\",\"isPartOf\":{\"@id\":\"https:\\\/\\\/webdesi-gn.fr\\\/dev_deltalabo\\\/#website\"},\"primaryImageOfPage\":{\"@id\":\"https:\\\/\\\/webdesi-gn.fr\\\/dev_deltalabo\\\/produits\\\/cat-produit\\\/point-eclair-automatique-stanhope-seta-cleveland-c-92\\\/#primaryimage\"},\"image\":{\"@id\":\"https:\\\/\\\/webdesi-gn.fr\\\/dev_deltalabo\\\/produits\\\/cat-produit\\\/point-eclair-automatique-stanhope-seta-cleveland-c-92\\\/#primaryimage\"},\"thumbnailUrl\":\"https:\\\/\\\/webdesi-gn.fr\\\/dev_deltalabo\\\/wp-content\\\/uploads\\\/2025\\\/11\\\/DELTA-LABO_Seta_C-92.webp\",\"datePublished\":\"2025-11-24T14:07:54+00:00\",\"dateModified\":\"2025-11-24T14:10:18+00:00\",\"breadcrumb\":{\"@id\":\"https:\\\/\\\/webdesi-gn.fr\\\/dev_deltalabo\\\/produits\\\/cat-produit\\\/point-eclair-automatique-stanhope-seta-cleveland-c-92\\\/#breadcrumb\"},\"inLanguage\":\"fr-FR\",\"potentialAction\":[{\"@type\":\"ReadAction\",\"target\":[\"https:\\\/\\\/webdesi-gn.fr\\\/dev_deltalabo\\\/produits\\\/cat-produit\\\/point-eclair-automatique-stanhope-seta-cleveland-c-92\\\/\"]}]},{\"@type\":\"ImageObject\",\"inLanguage\":\"fr-FR\",\"@id\":\"https:\\\/\\\/webdesi-gn.fr\\\/dev_deltalabo\\\/produits\\\/cat-produit\\\/point-eclair-automatique-stanhope-seta-cleveland-c-92\\\/#primaryimage\",\"url\":\"https:\\\/\\\/webdesi-gn.fr\\\/dev_deltalabo\\\/wp-content\\\/uploads\\\/2025\\\/11\\\/DELTA-LABO_Seta_C-92.webp\",\"contentUrl\":\"https:\\\/\\\/webdesi-gn.fr\\\/dev_deltalabo\\\/wp-content\\\/uploads\\\/2025\\\/11\\\/DELTA-LABO_Seta_C-92.webp\",\"width\":800,\"height\":800},{\"@type\":\"BreadcrumbList\",\"@id\":\"https:\\\/\\\/webdesi-gn.fr\\\/dev_deltalabo\\\/produits\\\/cat-produit\\\/point-eclair-automatique-stanhope-seta-cleveland-c-92\\\/#breadcrumb\",\"itemListElement\":[{\"@type\":\"ListItem\",\"position\":1,\"name\":\"Accueil\",\"item\":\"https:\\\/\\\/webdesi-gn.fr\\\/dev_deltalabo\\\/\"},{\"@type\":\"ListItem\",\"position\":2,\"name\":\"Produits\",\"item\":\"https:\\\/\\\/webdesi-gn.fr\\\/dev_deltalabo\\\/produits\\\/\"},{\"@type\":\"ListItem\",\"position\":3,\"name\":\"Point \u00e9clair automatique STANHOPE SETA &#8211; Cleveland C-92\"}]},{\"@type\":\"WebSite\",\"@id\":\"https:\\\/\\\/webdesi-gn.fr\\\/dev_deltalabo\\\/#website\",\"url\":\"https:\\\/\\\/webdesi-gn.fr\\\/dev_deltalabo\\\/\",\"name\":\"Delta Labo\",\"description\":\"Un site utilisant WordPress\",\"publisher\":{\"@id\":\"https:\\\/\\\/webdesi-gn.fr\\\/dev_deltalabo\\\/#organization\"},\"alternateName\":\"Delta Labo\",\"potentialAction\":[{\"@type\":\"SearchAction\",\"target\":{\"@type\":\"EntryPoint\",\"urlTemplate\":\"https:\\\/\\\/webdesi-gn.fr\\\/dev_deltalabo\\\/?s={search_term_string}\"},\"query-input\":{\"@type\":\"PropertyValueSpecification\",\"valueRequired\":true,\"valueName\":\"search_term_string\"}}],\"inLanguage\":\"fr-FR\"},{\"@type\":\"Organization\",\"@id\":\"https:\\\/\\\/webdesi-gn.fr\\\/dev_deltalabo\\\/#organization\",\"name\":\"DeltaLabo\",\"url\":\"https:\\\/\\\/webdesi-gn.fr\\\/dev_deltalabo\\\/\",\"logo\":{\"@type\":\"ImageObject\",\"inLanguage\":\"fr-FR\",\"@id\":\"https:\\\/\\\/webdesi-gn.fr\\\/dev_deltalabo\\\/#\\\/schema\\\/logo\\\/image\\\/\",\"url\":\"https:\\\/\\\/webdesi-gn.fr\\\/dev_deltalabo\\\/wp-content\\\/uploads\\\/2022\\\/07\\\/logo-deltalabo.png\",\"contentUrl\":\"https:\\\/\\\/webdesi-gn.fr\\\/dev_deltalabo\\\/wp-content\\\/uploads\\\/2022\\\/07\\\/logo-deltalabo.png\",\"width\":694,\"height\":306,\"caption\":\"DeltaLabo\"},\"image\":{\"@id\":\"https:\\\/\\\/webdesi-gn.fr\\\/dev_deltalabo\\\/#\\\/schema\\\/logo\\\/image\\\/\"}}]}<\/script>\n<!-- \/ Yoast SEO plugin. -->","yoast_head_json":{"title":"Point \u00e9clair automatique STANHOPE SETA - Cleveland C-92 | DeltaLabo","robots":{"index":"noindex","follow":"follow","max-snippet":"max-snippet:-1","max-image-preview":"max-image-preview:large","max-video-preview":"max-video-preview:-1"},"og_locale":"fr_FR","og_type":"article","og_title":"Point \u00e9clair automatique STANHOPE SETA - Cleveland C-92 | DeltaLabo","og_description":"Point \u00e9clair automatique STANHOPE SETA - Cleveland C-92 :\u00a0  Le point \u00e9clair automatique STANHOPE SETA - Cleveland C-92 \u00e0 coupelle ouverte est un instrument de paillasse automatique, utilis\u00e9 pour d\u00e9terminer les temp\u00e9ratures de point d'\u00e9clair et de point d'inflammation de produits \u00e0 des temp\u00e9ratures pouvant atteindre 400\u00b0C.  L'instrument comprend un \u00e9l\u00e9ment chauffant, une coupelle d'essai amovible, des allumeurs \u00e0 fil chaud interchangeables (gaz et \u00e9lectrique) mont\u00e9s sur un bras de balayage automatique, un thermom\u00e8tre \u00e0 r\u00e9sistance de platine (PRT), un anneau d'ionisation pour d\u00e9tecter les \u00e9clairs\/incendies, un \u00e9teignoir et un extincteur.\u00a0  Le logiciel de contr\u00f4le statistique de la qualit\u00e9 (SQC) C-92 fournit une analyse d\u00e9taill\u00e9e des r\u00e9sultats des tests sur un grand \u00e9cran tactile couleur : moyenne calcul\u00e9e, \u00e9cart type, erreur type, r\u00e9p\u00e9tabilit\u00e9 et trac\u00e9 des r\u00e9sultats.  T\u00e9l\u00e9charger la brochure produit : Point \u00e9clair automatique STANHOPE SETA - Cleveland C-92","og_url":"https:\/\/webdesi-gn.fr\/dev_deltalabo\/produits\/cat-produit\/point-eclair-automatique-stanhope-seta-cleveland-c-92\/","og_site_name":"DeltaLabo","article_modified_time":"2025-11-24T14:10:18+00:00","og_image":[{"width":1280,"height":853,"url":"https:\/\/webdesi-gn.fr\/dev_deltalabo\/wp-content\/uploads\/2022\/01\/laboratory-g43d8b3442_1280.jpg","type":"image\/jpeg"}],"twitter_card":"summary_large_image","schema":{"@context":"https:\/\/schema.org","@graph":[{"@type":"WebPage","@id":"https:\/\/webdesi-gn.fr\/dev_deltalabo\/produits\/cat-produit\/point-eclair-automatique-stanhope-seta-cleveland-c-92\/","url":"https:\/\/webdesi-gn.fr\/dev_deltalabo\/produits\/cat-produit\/point-eclair-automatique-stanhope-seta-cleveland-c-92\/","name":"Point \u00e9clair automatique STANHOPE SETA - Cleveland C-92 | DeltaLabo","isPartOf":{"@id":"https:\/\/webdesi-gn.fr\/dev_deltalabo\/#website"},"primaryImageOfPage":{"@id":"https:\/\/webdesi-gn.fr\/dev_deltalabo\/produits\/cat-produit\/point-eclair-automatique-stanhope-seta-cleveland-c-92\/#primaryimage"},"image":{"@id":"https:\/\/webdesi-gn.fr\/dev_deltalabo\/produits\/cat-produit\/point-eclair-automatique-stanhope-seta-cleveland-c-92\/#primaryimage"},"thumbnailUrl":"https:\/\/webdesi-gn.fr\/dev_deltalabo\/wp-content\/uploads\/2025\/11\/DELTA-LABO_Seta_C-92.webp","datePublished":"2025-11-24T14:07:54+00:00","dateModified":"2025-11-24T14:10:18+00:00","breadcrumb":{"@id":"https:\/\/webdesi-gn.fr\/dev_deltalabo\/produits\/cat-produit\/point-eclair-automatique-stanhope-seta-cleveland-c-92\/#breadcrumb"},"inLanguage":"fr-FR","potentialAction":[{"@type":"ReadAction","target":["https:\/\/webdesi-gn.fr\/dev_deltalabo\/produits\/cat-produit\/point-eclair-automatique-stanhope-seta-cleveland-c-92\/"]}]},{"@type":"ImageObject","inLanguage":"fr-FR","@id":"https:\/\/webdesi-gn.fr\/dev_deltalabo\/produits\/cat-produit\/point-eclair-automatique-stanhope-seta-cleveland-c-92\/#primaryimage","url":"https:\/\/webdesi-gn.fr\/dev_deltalabo\/wp-content\/uploads\/2025\/11\/DELTA-LABO_Seta_C-92.webp","contentUrl":"https:\/\/webdesi-gn.fr\/dev_deltalabo\/wp-content\/uploads\/2025\/11\/DELTA-LABO_Seta_C-92.webp","width":800,"height":800},{"@type":"BreadcrumbList","@id":"https:\/\/webdesi-gn.fr\/dev_deltalabo\/produits\/cat-produit\/point-eclair-automatique-stanhope-seta-cleveland-c-92\/#breadcrumb","itemListElement":[{"@type":"ListItem","position":1,"name":"Accueil","item":"https:\/\/webdesi-gn.fr\/dev_deltalabo\/"},{"@type":"ListItem","position":2,"name":"Produits","item":"https:\/\/webdesi-gn.fr\/dev_deltalabo\/produits\/"},{"@type":"ListItem","position":3,"name":"Point \u00e9clair automatique STANHOPE SETA &#8211; Cleveland C-92"}]},{"@type":"WebSite","@id":"https:\/\/webdesi-gn.fr\/dev_deltalabo\/#website","url":"https:\/\/webdesi-gn.fr\/dev_deltalabo\/","name":"Delta Labo","description":"Un site utilisant WordPress","publisher":{"@id":"https:\/\/webdesi-gn.fr\/dev_deltalabo\/#organization"},"alternateName":"Delta Labo","potentialAction":[{"@type":"SearchAction","target":{"@type":"EntryPoint","urlTemplate":"https:\/\/webdesi-gn.fr\/dev_deltalabo\/?s={search_term_string}"},"query-input":{"@type":"PropertyValueSpecification","valueRequired":true,"valueName":"search_term_string"}}],"inLanguage":"fr-FR"},{"@type":"Organization","@id":"https:\/\/webdesi-gn.fr\/dev_deltalabo\/#organization","name":"DeltaLabo","url":"https:\/\/webdesi-gn.fr\/dev_deltalabo\/","logo":{"@type":"ImageObject","inLanguage":"fr-FR","@id":"https:\/\/webdesi-gn.fr\/dev_deltalabo\/#\/schema\/logo\/image\/","url":"https:\/\/webdesi-gn.fr\/dev_deltalabo\/wp-content\/uploads\/2022\/07\/logo-deltalabo.png","contentUrl":"https:\/\/webdesi-gn.fr\/dev_deltalabo\/wp-content\/uploads\/2022\/07\/logo-deltalabo.png","width":694,"height":306,"caption":"DeltaLabo"},"image":{"@id":"https:\/\/webdesi-gn.fr\/dev_deltalabo\/#\/schema\/logo\/image\/"}}]}},"_links":{"self":[{"href":"https:\/\/webdesi-gn.fr\/dev_deltalabo\/wp-json\/wp\/v2\/product\/262438","targetHints":{"allow":["GET"]}}],"collection":[{"href":"https:\/\/webdesi-gn.fr\/dev_deltalabo\/wp-json\/wp\/v2\/product"}],"about":[{"href":"https:\/\/webdesi-gn.fr\/dev_deltalabo\/wp-json\/wp\/v2\/types\/product"}],"wp:featuredmedia":[{"embeddable":true,"href":"https:\/\/webdesi-gn.fr\/dev_deltalabo\/wp-json\/wp\/v2\/media\/262506"}],"wp:attachment":[{"href":"https:\/\/webdesi-gn.fr\/dev_deltalabo\/wp-json\/wp\/v2\/media?parent=262438"}],"wp:term":[{"taxonomy":"domaine","embeddable":true,"href":"https:\/\/webdesi-gn.fr\/dev_deltalabo\/wp-json\/wp\/v2\/domaine?post=262438"},{"taxonomy":"normes","embeddable":true,"href":"https:\/\/webdesi-gn.fr\/dev_deltalabo\/wp-json\/wp\/v2\/normes?post=262438"},{"taxonomy":"product_brand","embeddable":true,"href":"https:\/\/webdesi-gn.fr\/dev_deltalabo\/wp-json\/wp\/v2\/product_brand?post=262438"},{"taxonomy":"product_cat","embeddable":true,"href":"https:\/\/webdesi-gn.fr\/dev_deltalabo\/wp-json\/wp\/v2\/product_cat?post=262438"},{"taxonomy":"product_tag","embeddable":true,"href":"https:\/\/webdesi-gn.fr\/dev_deltalabo\/wp-json\/wp\/v2\/product_tag?post=262438"}],"curies":[{"name":"wp","href":"https:\/\/api.w.org\/{rel}","templated":true}]}}