{"id":262439,"date":"2025-11-24T15:07:55","date_gmt":"2025-11-24T14:07:55","guid":{"rendered":"https:\/\/webdesi-gn.fr\/dev_deltalabo\/?post_type=product&#038;p=262439"},"modified":"2025-11-24T15:33:42","modified_gmt":"2025-11-24T14:33:42","slug":"bain-de-viscosite-cinematique-des-bitumes-tamson-tv2000","status":"publish","type":"product","link":"https:\/\/webdesi-gn.fr\/dev_deltalabo\/produits\/petrochimie-chimie-nucleaire\/bitumes\/bain-de-viscosite-cinematique-des-bitumes-tamson-tv2000\/","title":{"rendered":"Bain de viscosit\u00e9 cin\u00e9matique des bitumes Tamson &#8211; TV2000"},"content":{"rendered":"","protected":false},"excerpt":{"rendered":"<p><strong>Bain de viscosit\u00e9 cin\u00e9matique des bitumes Tamson &#8211; TV2000 :<\/strong><\/p>\n<p>Le bain de viscosit\u00e9 cin\u00e9matique des bitumes Tamson &#8211; TV2000 est un instrument qui permet de mesurer la viscosit\u00e9 cin\u00e9matique des bitumes selon les normes ASTM D2170, ASTM D445 et EN ISO 12595.<\/p>\n<p>Il est sp\u00e9cialement con\u00e7u pour les essais qui n\u00e9cessitent un contr\u00f4le ultrapr\u00e9cis de la temp\u00e9rature ou les processus qui doivent \u00eatre suivis visuellement.<\/p>\n<p>Il est compos\u00e9 d\u2019un bain thermostat\u00e9 enti\u00e8rement en acier inoxydable de 20L, avec une isolation en laine de roche de 25 mm d&rsquo;\u00e9paisseur. Le couvercle du bain comporte plusieurs ouvertures rondes de \u00f851 mm avec couvercles, permettant de suspendre des viscosim\u00e8tres capillaires en verre dans des supports.<\/p>\n<p>Le bain de viscosit\u00e9 cin\u00e9matique des bitumes Tamson &#8211; TV2000 fonctionne \u00e0 une temp\u00e9rature ambiante comprise entre +5\u00b0C et +230\u00b0C avec une stabilit\u00e9 de +\/- 0,01\u00b0C.<\/p>\n<p><strong>T\u00e9l\u00e9charger la brochure produit : <\/strong><a href=\"https:\/\/www.deltalabo.fr\/wp-content\/uploads\/2025\/10\/Doc-bain-visco-EN-12595-engl-DL.pdf\">Bain de viscosit\u00e9 cin\u00e9matique des bitumes Tamson &#8211; TV2000<\/a><\/p>\n","protected":false},"featured_media":262510,"template":"","meta":{"_acf_changed":false,"site-sidebar-layout":"default","site-content-layout":"","ast-site-content-layout":"default","site-content-style":"default","site-sidebar-style":"default","ast-global-header-display":"","ast-banner-title-visibility":"","ast-main-header-display":"","ast-hfb-above-header-display":"","ast-hfb-below-header-display":"","ast-hfb-mobile-header-display":"","site-post-title":"","ast-breadcrumbs-content":"","ast-featured-img":"","footer-sml-layout":"","ast-disable-related-posts":"","theme-transparent-header-meta":"","adv-header-id-meta":"","stick-header-meta":"","header-above-stick-meta":"","header-main-stick-meta":"","header-below-stick-meta":"","astra-migrate-meta-layouts":"default","ast-page-background-enabled":"default","ast-page-background-meta":{"desktop":{"background-color":"var(--ast-global-color-5)","background-image":"","background-repeat":"repeat","background-position":"center center","background-size":"auto","background-attachment":"scroll","background-type":"","background-media":"","overlay-type":"","overlay-color":"","overlay-opacity":"","overlay-gradient":""},"tablet":{"background-color":"","background-image":"","background-repeat":"repeat","background-position":"center center","background-size":"auto","background-attachment":"scroll","background-type":"","background-media":"","overlay-type":"","overlay-color":"","overlay-opacity":"","overlay-gradient":""},"mobile":{"background-color":"","background-image":"","background-repeat":"repeat","background-position":"center center","background-size":"auto","background-attachment":"scroll","background-type":"","background-media":"","overlay-type":"","overlay-color":"","overlay-opacity":"","overlay-gradient":""}},"ast-content-background-meta":{"desktop":{"background-color":"var(--ast-global-color-4)","background-image":"","background-repeat":"repeat","background-position":"center center","background-size":"auto","background-attachment":"scroll","background-type":"","background-media":"","overlay-type":"","overlay-color":"","overlay-opacity":"","overlay-gradient":""},"tablet":{"background-color":"var(--ast-global-color-4)","background-image":"","background-repeat":"repeat","background-position":"center center","background-size":"auto","background-attachment":"scroll","background-type":"","background-media":"","overlay-type":"","overlay-color":"","overlay-opacity":"","overlay-gradient":""},"mobile":{"background-color":"var(--ast-global-color-4)","background-image":"","background-repeat":"repeat","background-position":"center center","background-size":"auto","background-attachment":"scroll","background-type":"","background-media":"","overlay-type":"","overlay-color":"","overlay-opacity":"","overlay-gradient":""}}},"domaine":[],"normes":[],"product_brand":[],"product_cat":[17191,17240],"product_tag":[],"class_list":{"0":"post-262439","1":"product","2":"type-product","3":"status-publish","4":"has-post-thumbnail","6":"product_cat-bitumes","7":"product_cat-categories","8":"desktop-align-left","9":"tablet-align-left","10":"mobile-align-left","12":"first","13":"instock","14":"shipping-taxable","15":"product-type-simple"},"acf":[],"yoast_head":"<!-- This site is optimized with the Yoast SEO plugin v27.4 - https:\/\/yoast.com\/product\/yoast-seo-wordpress\/ -->\n<title>Bain de viscosit\u00e9 cin\u00e9matique des bitumes Tamson - TV2000 | DeltaLabo<\/title>\n<meta name=\"robots\" content=\"noindex, follow, max-snippet:-1, max-image-preview:large, max-video-preview:-1\" \/>\n<meta property=\"og:locale\" content=\"fr_FR\" \/>\n<meta property=\"og:type\" content=\"article\" \/>\n<meta property=\"og:title\" content=\"Bain de viscosit\u00e9 cin\u00e9matique des bitumes Tamson - TV2000 | DeltaLabo\" \/>\n<meta property=\"og:description\" content=\"Bain de viscosit\u00e9 cin\u00e9matique des bitumes Tamson - TV2000 :  Le bain de viscosit\u00e9 cin\u00e9matique des bitumes Tamson - TV2000 est un instrument qui permet de mesurer la viscosit\u00e9 cin\u00e9matique des bitumes selon les normes ASTM D2170, ASTM D445 et EN ISO 12595.  Il est sp\u00e9cialement con\u00e7u pour les essais qui n\u00e9cessitent un contr\u00f4le ultrapr\u00e9cis de la temp\u00e9rature ou les processus qui doivent \u00eatre suivis visuellement.  Il est compos\u00e9 d\u2019un bain thermostat\u00e9 enti\u00e8rement en acier inoxydable de 20L, avec une isolation en laine de roche de 25 mm d&#039;\u00e9paisseur. Le couvercle du bain comporte plusieurs ouvertures rondes de \u00f851 mm avec couvercles, permettant de suspendre des viscosim\u00e8tres capillaires en verre dans des supports.  Le bain de viscosit\u00e9 cin\u00e9matique des bitumes Tamson - TV2000 fonctionne \u00e0 une temp\u00e9rature ambiante comprise entre +5\u00b0C et +230\u00b0C avec une stabilit\u00e9 de +\/- 0,01\u00b0C.  T\u00e9l\u00e9charger la brochure produit : Bain de viscosit\u00e9 cin\u00e9matique des bitumes Tamson - TV2000\" \/>\n<meta property=\"og:url\" content=\"https:\/\/webdesi-gn.fr\/dev_deltalabo\/produits\/petrochimie-chimie-nucleaire\/bitumes\/bain-de-viscosite-cinematique-des-bitumes-tamson-tv2000\/\" \/>\n<meta property=\"og:site_name\" content=\"DeltaLabo\" \/>\n<meta property=\"article:modified_time\" content=\"2025-11-24T14:33:42+00:00\" \/>\n<meta property=\"og:image\" content=\"https:\/\/webdesi-gn.fr\/dev_deltalabo\/wp-content\/uploads\/2025\/11\/DELTA-LABO-TV2000-1.png\" \/>\n\t<meta property=\"og:image:width\" content=\"800\" \/>\n\t<meta property=\"og:image:height\" content=\"800\" \/>\n\t<meta property=\"og:image:type\" content=\"image\/png\" \/>\n<meta name=\"twitter:card\" content=\"summary_large_image\" \/>\n<script type=\"application\/ld+json\" class=\"yoast-schema-graph\">{\"@context\":\"https:\\\/\\\/schema.org\",\"@graph\":[{\"@type\":\"WebPage\",\"@id\":\"https:\\\/\\\/webdesi-gn.fr\\\/dev_deltalabo\\\/produits\\\/petrochimie-chimie-nucleaire\\\/bitumes\\\/bain-de-viscosite-cinematique-des-bitumes-tamson-tv2000\\\/\",\"url\":\"https:\\\/\\\/webdesi-gn.fr\\\/dev_deltalabo\\\/produits\\\/petrochimie-chimie-nucleaire\\\/bitumes\\\/bain-de-viscosite-cinematique-des-bitumes-tamson-tv2000\\\/\",\"name\":\"Bain de viscosit\u00e9 cin\u00e9matique des bitumes Tamson - TV2000 | DeltaLabo\",\"isPartOf\":{\"@id\":\"https:\\\/\\\/webdesi-gn.fr\\\/dev_deltalabo\\\/#website\"},\"primaryImageOfPage\":{\"@id\":\"https:\\\/\\\/webdesi-gn.fr\\\/dev_deltalabo\\\/produits\\\/petrochimie-chimie-nucleaire\\\/bitumes\\\/bain-de-viscosite-cinematique-des-bitumes-tamson-tv2000\\\/#primaryimage\"},\"image\":{\"@id\":\"https:\\\/\\\/webdesi-gn.fr\\\/dev_deltalabo\\\/produits\\\/petrochimie-chimie-nucleaire\\\/bitumes\\\/bain-de-viscosite-cinematique-des-bitumes-tamson-tv2000\\\/#primaryimage\"},\"thumbnailUrl\":\"https:\\\/\\\/webdesi-gn.fr\\\/dev_deltalabo\\\/wp-content\\\/uploads\\\/2025\\\/11\\\/DELTA-LABO-TV2000-1.png\",\"datePublished\":\"2025-11-24T14:07:55+00:00\",\"dateModified\":\"2025-11-24T14:33:42+00:00\",\"breadcrumb\":{\"@id\":\"https:\\\/\\\/webdesi-gn.fr\\\/dev_deltalabo\\\/produits\\\/petrochimie-chimie-nucleaire\\\/bitumes\\\/bain-de-viscosite-cinematique-des-bitumes-tamson-tv2000\\\/#breadcrumb\"},\"inLanguage\":\"fr-FR\",\"potentialAction\":[{\"@type\":\"ReadAction\",\"target\":[\"https:\\\/\\\/webdesi-gn.fr\\\/dev_deltalabo\\\/produits\\\/petrochimie-chimie-nucleaire\\\/bitumes\\\/bain-de-viscosite-cinematique-des-bitumes-tamson-tv2000\\\/\"]}]},{\"@type\":\"ImageObject\",\"inLanguage\":\"fr-FR\",\"@id\":\"https:\\\/\\\/webdesi-gn.fr\\\/dev_deltalabo\\\/produits\\\/petrochimie-chimie-nucleaire\\\/bitumes\\\/bain-de-viscosite-cinematique-des-bitumes-tamson-tv2000\\\/#primaryimage\",\"url\":\"https:\\\/\\\/webdesi-gn.fr\\\/dev_deltalabo\\\/wp-content\\\/uploads\\\/2025\\\/11\\\/DELTA-LABO-TV2000-1.png\",\"contentUrl\":\"https:\\\/\\\/webdesi-gn.fr\\\/dev_deltalabo\\\/wp-content\\\/uploads\\\/2025\\\/11\\\/DELTA-LABO-TV2000-1.png\",\"width\":800,\"height\":800},{\"@type\":\"BreadcrumbList\",\"@id\":\"https:\\\/\\\/webdesi-gn.fr\\\/dev_deltalabo\\\/produits\\\/petrochimie-chimie-nucleaire\\\/bitumes\\\/bain-de-viscosite-cinematique-des-bitumes-tamson-tv2000\\\/#breadcrumb\",\"itemListElement\":[{\"@type\":\"ListItem\",\"position\":1,\"name\":\"Accueil\",\"item\":\"https:\\\/\\\/webdesi-gn.fr\\\/dev_deltalabo\\\/\"},{\"@type\":\"ListItem\",\"position\":2,\"name\":\"Produits\",\"item\":\"https:\\\/\\\/webdesi-gn.fr\\\/dev_deltalabo\\\/produits\\\/\"},{\"@type\":\"ListItem\",\"position\":3,\"name\":\"Bain de viscosit\u00e9 cin\u00e9matique des bitumes Tamson &#8211; TV2000\"}]},{\"@type\":\"WebSite\",\"@id\":\"https:\\\/\\\/webdesi-gn.fr\\\/dev_deltalabo\\\/#website\",\"url\":\"https:\\\/\\\/webdesi-gn.fr\\\/dev_deltalabo\\\/\",\"name\":\"Delta Labo\",\"description\":\"Un site utilisant WordPress\",\"publisher\":{\"@id\":\"https:\\\/\\\/webdesi-gn.fr\\\/dev_deltalabo\\\/#organization\"},\"alternateName\":\"Delta Labo\",\"potentialAction\":[{\"@type\":\"SearchAction\",\"target\":{\"@type\":\"EntryPoint\",\"urlTemplate\":\"https:\\\/\\\/webdesi-gn.fr\\\/dev_deltalabo\\\/?s={search_term_string}\"},\"query-input\":{\"@type\":\"PropertyValueSpecification\",\"valueRequired\":true,\"valueName\":\"search_term_string\"}}],\"inLanguage\":\"fr-FR\"},{\"@type\":\"Organization\",\"@id\":\"https:\\\/\\\/webdesi-gn.fr\\\/dev_deltalabo\\\/#organization\",\"name\":\"DeltaLabo\",\"url\":\"https:\\\/\\\/webdesi-gn.fr\\\/dev_deltalabo\\\/\",\"logo\":{\"@type\":\"ImageObject\",\"inLanguage\":\"fr-FR\",\"@id\":\"https:\\\/\\\/webdesi-gn.fr\\\/dev_deltalabo\\\/#\\\/schema\\\/logo\\\/image\\\/\",\"url\":\"https:\\\/\\\/webdesi-gn.fr\\\/dev_deltalabo\\\/wp-content\\\/uploads\\\/2022\\\/07\\\/logo-deltalabo.png\",\"contentUrl\":\"https:\\\/\\\/webdesi-gn.fr\\\/dev_deltalabo\\\/wp-content\\\/uploads\\\/2022\\\/07\\\/logo-deltalabo.png\",\"width\":694,\"height\":306,\"caption\":\"DeltaLabo\"},\"image\":{\"@id\":\"https:\\\/\\\/webdesi-gn.fr\\\/dev_deltalabo\\\/#\\\/schema\\\/logo\\\/image\\\/\"}}]}<\/script>\n<!-- \/ Yoast SEO plugin. -->","yoast_head_json":{"title":"Bain de viscosit\u00e9 cin\u00e9matique des bitumes Tamson - TV2000 | DeltaLabo","robots":{"index":"noindex","follow":"follow","max-snippet":"max-snippet:-1","max-image-preview":"max-image-preview:large","max-video-preview":"max-video-preview:-1"},"og_locale":"fr_FR","og_type":"article","og_title":"Bain de viscosit\u00e9 cin\u00e9matique des bitumes Tamson - TV2000 | DeltaLabo","og_description":"Bain de viscosit\u00e9 cin\u00e9matique des bitumes Tamson - TV2000 :  Le bain de viscosit\u00e9 cin\u00e9matique des bitumes Tamson - TV2000 est un instrument qui permet de mesurer la viscosit\u00e9 cin\u00e9matique des bitumes selon les normes ASTM D2170, ASTM D445 et EN ISO 12595.  Il est sp\u00e9cialement con\u00e7u pour les essais qui n\u00e9cessitent un contr\u00f4le ultrapr\u00e9cis de la temp\u00e9rature ou les processus qui doivent \u00eatre suivis visuellement.  Il est compos\u00e9 d\u2019un bain thermostat\u00e9 enti\u00e8rement en acier inoxydable de 20L, avec une isolation en laine de roche de 25 mm d'\u00e9paisseur. Le couvercle du bain comporte plusieurs ouvertures rondes de \u00f851 mm avec couvercles, permettant de suspendre des viscosim\u00e8tres capillaires en verre dans des supports.  Le bain de viscosit\u00e9 cin\u00e9matique des bitumes Tamson - TV2000 fonctionne \u00e0 une temp\u00e9rature ambiante comprise entre +5\u00b0C et +230\u00b0C avec une stabilit\u00e9 de +\/- 0,01\u00b0C.  T\u00e9l\u00e9charger la brochure produit : Bain de viscosit\u00e9 cin\u00e9matique des bitumes Tamson - TV2000","og_url":"https:\/\/webdesi-gn.fr\/dev_deltalabo\/produits\/petrochimie-chimie-nucleaire\/bitumes\/bain-de-viscosite-cinematique-des-bitumes-tamson-tv2000\/","og_site_name":"DeltaLabo","article_modified_time":"2025-11-24T14:33:42+00:00","og_image":[{"width":800,"height":800,"url":"https:\/\/webdesi-gn.fr\/dev_deltalabo\/wp-content\/uploads\/2025\/11\/DELTA-LABO-TV2000-1.png","type":"image\/png"}],"twitter_card":"summary_large_image","schema":{"@context":"https:\/\/schema.org","@graph":[{"@type":"WebPage","@id":"https:\/\/webdesi-gn.fr\/dev_deltalabo\/produits\/petrochimie-chimie-nucleaire\/bitumes\/bain-de-viscosite-cinematique-des-bitumes-tamson-tv2000\/","url":"https:\/\/webdesi-gn.fr\/dev_deltalabo\/produits\/petrochimie-chimie-nucleaire\/bitumes\/bain-de-viscosite-cinematique-des-bitumes-tamson-tv2000\/","name":"Bain de viscosit\u00e9 cin\u00e9matique des bitumes Tamson - TV2000 | DeltaLabo","isPartOf":{"@id":"https:\/\/webdesi-gn.fr\/dev_deltalabo\/#website"},"primaryImageOfPage":{"@id":"https:\/\/webdesi-gn.fr\/dev_deltalabo\/produits\/petrochimie-chimie-nucleaire\/bitumes\/bain-de-viscosite-cinematique-des-bitumes-tamson-tv2000\/#primaryimage"},"image":{"@id":"https:\/\/webdesi-gn.fr\/dev_deltalabo\/produits\/petrochimie-chimie-nucleaire\/bitumes\/bain-de-viscosite-cinematique-des-bitumes-tamson-tv2000\/#primaryimage"},"thumbnailUrl":"https:\/\/webdesi-gn.fr\/dev_deltalabo\/wp-content\/uploads\/2025\/11\/DELTA-LABO-TV2000-1.png","datePublished":"2025-11-24T14:07:55+00:00","dateModified":"2025-11-24T14:33:42+00:00","breadcrumb":{"@id":"https:\/\/webdesi-gn.fr\/dev_deltalabo\/produits\/petrochimie-chimie-nucleaire\/bitumes\/bain-de-viscosite-cinematique-des-bitumes-tamson-tv2000\/#breadcrumb"},"inLanguage":"fr-FR","potentialAction":[{"@type":"ReadAction","target":["https:\/\/webdesi-gn.fr\/dev_deltalabo\/produits\/petrochimie-chimie-nucleaire\/bitumes\/bain-de-viscosite-cinematique-des-bitumes-tamson-tv2000\/"]}]},{"@type":"ImageObject","inLanguage":"fr-FR","@id":"https:\/\/webdesi-gn.fr\/dev_deltalabo\/produits\/petrochimie-chimie-nucleaire\/bitumes\/bain-de-viscosite-cinematique-des-bitumes-tamson-tv2000\/#primaryimage","url":"https:\/\/webdesi-gn.fr\/dev_deltalabo\/wp-content\/uploads\/2025\/11\/DELTA-LABO-TV2000-1.png","contentUrl":"https:\/\/webdesi-gn.fr\/dev_deltalabo\/wp-content\/uploads\/2025\/11\/DELTA-LABO-TV2000-1.png","width":800,"height":800},{"@type":"BreadcrumbList","@id":"https:\/\/webdesi-gn.fr\/dev_deltalabo\/produits\/petrochimie-chimie-nucleaire\/bitumes\/bain-de-viscosite-cinematique-des-bitumes-tamson-tv2000\/#breadcrumb","itemListElement":[{"@type":"ListItem","position":1,"name":"Accueil","item":"https:\/\/webdesi-gn.fr\/dev_deltalabo\/"},{"@type":"ListItem","position":2,"name":"Produits","item":"https:\/\/webdesi-gn.fr\/dev_deltalabo\/produits\/"},{"@type":"ListItem","position":3,"name":"Bain de viscosit\u00e9 cin\u00e9matique des bitumes Tamson &#8211; TV2000"}]},{"@type":"WebSite","@id":"https:\/\/webdesi-gn.fr\/dev_deltalabo\/#website","url":"https:\/\/webdesi-gn.fr\/dev_deltalabo\/","name":"Delta Labo","description":"Un site utilisant WordPress","publisher":{"@id":"https:\/\/webdesi-gn.fr\/dev_deltalabo\/#organization"},"alternateName":"Delta Labo","potentialAction":[{"@type":"SearchAction","target":{"@type":"EntryPoint","urlTemplate":"https:\/\/webdesi-gn.fr\/dev_deltalabo\/?s={search_term_string}"},"query-input":{"@type":"PropertyValueSpecification","valueRequired":true,"valueName":"search_term_string"}}],"inLanguage":"fr-FR"},{"@type":"Organization","@id":"https:\/\/webdesi-gn.fr\/dev_deltalabo\/#organization","name":"DeltaLabo","url":"https:\/\/webdesi-gn.fr\/dev_deltalabo\/","logo":{"@type":"ImageObject","inLanguage":"fr-FR","@id":"https:\/\/webdesi-gn.fr\/dev_deltalabo\/#\/schema\/logo\/image\/","url":"https:\/\/webdesi-gn.fr\/dev_deltalabo\/wp-content\/uploads\/2022\/07\/logo-deltalabo.png","contentUrl":"https:\/\/webdesi-gn.fr\/dev_deltalabo\/wp-content\/uploads\/2022\/07\/logo-deltalabo.png","width":694,"height":306,"caption":"DeltaLabo"},"image":{"@id":"https:\/\/webdesi-gn.fr\/dev_deltalabo\/#\/schema\/logo\/image\/"}}]}},"_links":{"self":[{"href":"https:\/\/webdesi-gn.fr\/dev_deltalabo\/wp-json\/wp\/v2\/product\/262439","targetHints":{"allow":["GET"]}}],"collection":[{"href":"https:\/\/webdesi-gn.fr\/dev_deltalabo\/wp-json\/wp\/v2\/product"}],"about":[{"href":"https:\/\/webdesi-gn.fr\/dev_deltalabo\/wp-json\/wp\/v2\/types\/product"}],"wp:featuredmedia":[{"embeddable":true,"href":"https:\/\/webdesi-gn.fr\/dev_deltalabo\/wp-json\/wp\/v2\/media\/262510"}],"wp:attachment":[{"href":"https:\/\/webdesi-gn.fr\/dev_deltalabo\/wp-json\/wp\/v2\/media?parent=262439"}],"wp:term":[{"taxonomy":"domaine","embeddable":true,"href":"https:\/\/webdesi-gn.fr\/dev_deltalabo\/wp-json\/wp\/v2\/domaine?post=262439"},{"taxonomy":"normes","embeddable":true,"href":"https:\/\/webdesi-gn.fr\/dev_deltalabo\/wp-json\/wp\/v2\/normes?post=262439"},{"taxonomy":"product_brand","embeddable":true,"href":"https:\/\/webdesi-gn.fr\/dev_deltalabo\/wp-json\/wp\/v2\/product_brand?post=262439"},{"taxonomy":"product_cat","embeddable":true,"href":"https:\/\/webdesi-gn.fr\/dev_deltalabo\/wp-json\/wp\/v2\/product_cat?post=262439"},{"taxonomy":"product_tag","embeddable":true,"href":"https:\/\/webdesi-gn.fr\/dev_deltalabo\/wp-json\/wp\/v2\/product_tag?post=262439"}],"curies":[{"name":"wp","href":"https:\/\/api.w.org\/{rel}","templated":true}]}}