{"id":262441,"date":"2025-11-24T15:07:55","date_gmt":"2025-11-24T14:07:55","guid":{"rendered":"https:\/\/webdesi-gn.fr\/dev_deltalabo\/?post_type=product&#038;p=262441"},"modified":"2025-11-24T15:10:34","modified_gmt":"2025-11-24T14:10:34","slug":"analyseur-de-soufre-avec-passeur-edxrf-tanaka-rx-630sa","status":"publish","type":"product","link":"https:\/\/webdesi-gn.fr\/dev_deltalabo\/produits\/categories\/analyseur-de-soufre-avec-passeur-edxrf-tanaka-rx-630sa\/","title":{"rendered":"Analyseur de soufre avec passeur EDXRF TANAKA &#8211; rx-630sa"},"content":{"rendered":"","protected":false},"excerpt":{"rendered":"<p><strong>Analyseur de soufre avec passeur <span dir=\"auto\">EDXRF\u00a0<\/span>TANAKA &#8211; rx-630sa :<\/strong><\/p>\n<p><span dir=\"auto\">L&rsquo;analyseur de soufre avec passeur EDXRF TANAKA &#8211; rx-630sa est<\/span><span dir=\"auto\"> con\u00e7u pour la d\u00e9termination rapide et non destructive du soufre total dans les produits p\u00e9troliers. Utilisant la fluorescence X \u00e0 dispersion d&rsquo;\u00e9nergie (EDXRF), il ne n\u00e9cessite ni <\/span><span dir=\"auto\">h\u00e9lium ni pompe \u00e0 vide.\u00a0<\/span><\/p>\n<p><span dir=\"auto\">L&rsquo;appareil est \u00e9quip\u00e9 d&rsquo;un carrousel \u00e0 12 positions et d&rsquo;un \u00e9cran tactile couleur. Il est c<\/span><span dir=\"auto\">ompact, l\u00e9ger et consomme peu d&rsquo;\u00e9nergie.<\/span><\/p>\n<p><span dir=\"auto\">L&rsquo;analyseur de soufre avec passeur EDXRF TANAKA &#8211; rx-630sa est conforme aux normes ISO 8754, IP 336 et ASTM D4294-03. Par ailleurs, il est <\/span><span dir=\"auto\">capable de d\u00e9tecter des concentrations de soufre de 15 mg\/kg \u00e0 6,00 % en poids.<\/span><\/p>\n<p><strong>T\u00e9l\u00e9charger la brochure produit :<\/strong> <a href=\"https:\/\/www.deltalabo.fr\/wp-content\/uploads\/2025\/10\/rx-630SA-soufre-avec-passeur-engl-DL.pdf\"><span dir=\"auto\">Analyseur de soufre avec passeur EDXRF\u00a0TANAKA &#8211; rx-630sa<\/span><\/a><\/p>\n","protected":false},"featured_media":262517,"template":"","meta":{"_acf_changed":false,"site-sidebar-layout":"default","site-content-layout":"","ast-site-content-layout":"default","site-content-style":"default","site-sidebar-style":"default","ast-global-header-display":"","ast-banner-title-visibility":"","ast-main-header-display":"","ast-hfb-above-header-display":"","ast-hfb-below-header-display":"","ast-hfb-mobile-header-display":"","site-post-title":"","ast-breadcrumbs-content":"","ast-featured-img":"","footer-sml-layout":"","ast-disable-related-posts":"","theme-transparent-header-meta":"","adv-header-id-meta":"","stick-header-meta":"","header-above-stick-meta":"","header-main-stick-meta":"","header-below-stick-meta":"","astra-migrate-meta-layouts":"default","ast-page-background-enabled":"default","ast-page-background-meta":{"desktop":{"background-color":"var(--ast-global-color-5)","background-image":"","background-repeat":"repeat","background-position":"center center","background-size":"auto","background-attachment":"scroll","background-type":"","background-media":"","overlay-type":"","overlay-color":"","overlay-opacity":"","overlay-gradient":""},"tablet":{"background-color":"","background-image":"","background-repeat":"repeat","background-position":"center center","background-size":"auto","background-attachment":"scroll","background-type":"","background-media":"","overlay-type":"","overlay-color":"","overlay-opacity":"","overlay-gradient":""},"mobile":{"background-color":"","background-image":"","background-repeat":"repeat","background-position":"center center","background-size":"auto","background-attachment":"scroll","background-type":"","background-media":"","overlay-type":"","overlay-color":"","overlay-opacity":"","overlay-gradient":""}},"ast-content-background-meta":{"desktop":{"background-color":"var(--ast-global-color-4)","background-image":"","background-repeat":"repeat","background-position":"center center","background-size":"auto","background-attachment":"scroll","background-type":"","background-media":"","overlay-type":"","overlay-color":"","overlay-opacity":"","overlay-gradient":""},"tablet":{"background-color":"var(--ast-global-color-4)","background-image":"","background-repeat":"repeat","background-position":"center center","background-size":"auto","background-attachment":"scroll","background-type":"","background-media":"","overlay-type":"","overlay-color":"","overlay-opacity":"","overlay-gradient":""},"mobile":{"background-color":"var(--ast-global-color-4)","background-image":"","background-repeat":"repeat","background-position":"center center","background-size":"auto","background-attachment":"scroll","background-type":"","background-media":"","overlay-type":"","overlay-color":"","overlay-opacity":"","overlay-gradient":""}}},"domaine":[],"normes":[],"product_brand":[],"product_cat":[17240],"product_tag":[],"class_list":{"0":"post-262441","1":"product","2":"type-product","3":"status-publish","4":"has-post-thumbnail","6":"product_cat-categories","7":"desktop-align-left","8":"tablet-align-left","9":"mobile-align-left","11":"first","12":"instock","13":"shipping-taxable","14":"product-type-simple"},"acf":[],"yoast_head":"<!-- This site is optimized with the Yoast SEO plugin v27.4 - https:\/\/yoast.com\/product\/yoast-seo-wordpress\/ -->\n<title>Analyseur de soufre avec passeur EDXRF TANAKA - rx-630sa | DeltaLabo<\/title>\n<meta name=\"robots\" content=\"noindex, follow, max-snippet:-1, max-image-preview:large, max-video-preview:-1\" \/>\n<meta property=\"og:locale\" content=\"fr_FR\" \/>\n<meta property=\"og:type\" content=\"article\" \/>\n<meta property=\"og:title\" content=\"Analyseur de soufre avec passeur EDXRF TANAKA - rx-630sa | DeltaLabo\" \/>\n<meta property=\"og:description\" content=\"Analyseur de soufre avec passeur EDXRF\u00a0TANAKA - rx-630sa :  L&#039;analyseur de soufre avec passeur EDXRF TANAKA - rx-630sa est con\u00e7u pour la d\u00e9termination rapide et non destructive du soufre total dans les produits p\u00e9troliers. Utilisant la fluorescence X \u00e0 dispersion d&#039;\u00e9nergie (EDXRF), il ne n\u00e9cessite ni h\u00e9lium ni pompe \u00e0 vide.\u00a0  L&#039;appareil est \u00e9quip\u00e9 d&#039;un carrousel \u00e0 12 positions et d&#039;un \u00e9cran tactile couleur. Il est compact, l\u00e9ger et consomme peu d&#039;\u00e9nergie.  L&#039;analyseur de soufre avec passeur EDXRF TANAKA - rx-630sa est conforme aux normes ISO 8754, IP 336 et ASTM D4294-03. Par ailleurs, il est capable de d\u00e9tecter des concentrations de soufre de 15 mg\/kg \u00e0 6,00 % en poids.  T\u00e9l\u00e9charger la brochure produit : Analyseur de soufre avec passeur EDXRF\u00a0TANAKA - rx-630sa\" \/>\n<meta property=\"og:url\" content=\"https:\/\/webdesi-gn.fr\/dev_deltalabo\/produits\/cat-produit\/analyseur-de-soufre-avec-passeur-edxrf-tanaka-rx-630sa\/\" \/>\n<meta property=\"og:site_name\" content=\"DeltaLabo\" \/>\n<meta property=\"article:modified_time\" content=\"2025-11-24T14:10:34+00:00\" \/>\n<meta property=\"og:image\" content=\"https:\/\/webdesi-gn.fr\/dev_deltalabo\/wp-content\/uploads\/2022\/01\/laboratory-g43d8b3442_1280.jpg\" \/>\n\t<meta property=\"og:image:width\" content=\"1280\" \/>\n\t<meta property=\"og:image:height\" content=\"853\" \/>\n\t<meta property=\"og:image:type\" content=\"image\/jpeg\" \/>\n<meta name=\"twitter:card\" content=\"summary_large_image\" \/>\n<script type=\"application\/ld+json\" class=\"yoast-schema-graph\">{\"@context\":\"https:\\\/\\\/schema.org\",\"@graph\":[{\"@type\":\"WebPage\",\"@id\":\"https:\\\/\\\/webdesi-gn.fr\\\/dev_deltalabo\\\/produits\\\/cat-produit\\\/analyseur-de-soufre-avec-passeur-edxrf-tanaka-rx-630sa\\\/\",\"url\":\"https:\\\/\\\/webdesi-gn.fr\\\/dev_deltalabo\\\/produits\\\/cat-produit\\\/analyseur-de-soufre-avec-passeur-edxrf-tanaka-rx-630sa\\\/\",\"name\":\"Analyseur de soufre avec passeur EDXRF TANAKA - rx-630sa | DeltaLabo\",\"isPartOf\":{\"@id\":\"https:\\\/\\\/webdesi-gn.fr\\\/dev_deltalabo\\\/#website\"},\"primaryImageOfPage\":{\"@id\":\"https:\\\/\\\/webdesi-gn.fr\\\/dev_deltalabo\\\/produits\\\/cat-produit\\\/analyseur-de-soufre-avec-passeur-edxrf-tanaka-rx-630sa\\\/#primaryimage\"},\"image\":{\"@id\":\"https:\\\/\\\/webdesi-gn.fr\\\/dev_deltalabo\\\/produits\\\/cat-produit\\\/analyseur-de-soufre-avec-passeur-edxrf-tanaka-rx-630sa\\\/#primaryimage\"},\"thumbnailUrl\":\"https:\\\/\\\/webdesi-gn.fr\\\/dev_deltalabo\\\/wp-content\\\/uploads\\\/2025\\\/11\\\/DELTA-LABO-Tanaka_RX-630SA-EDXRF-Sulfur-Analyzer.png\",\"datePublished\":\"2025-11-24T14:07:55+00:00\",\"dateModified\":\"2025-11-24T14:10:34+00:00\",\"breadcrumb\":{\"@id\":\"https:\\\/\\\/webdesi-gn.fr\\\/dev_deltalabo\\\/produits\\\/cat-produit\\\/analyseur-de-soufre-avec-passeur-edxrf-tanaka-rx-630sa\\\/#breadcrumb\"},\"inLanguage\":\"fr-FR\",\"potentialAction\":[{\"@type\":\"ReadAction\",\"target\":[\"https:\\\/\\\/webdesi-gn.fr\\\/dev_deltalabo\\\/produits\\\/cat-produit\\\/analyseur-de-soufre-avec-passeur-edxrf-tanaka-rx-630sa\\\/\"]}]},{\"@type\":\"ImageObject\",\"inLanguage\":\"fr-FR\",\"@id\":\"https:\\\/\\\/webdesi-gn.fr\\\/dev_deltalabo\\\/produits\\\/cat-produit\\\/analyseur-de-soufre-avec-passeur-edxrf-tanaka-rx-630sa\\\/#primaryimage\",\"url\":\"https:\\\/\\\/webdesi-gn.fr\\\/dev_deltalabo\\\/wp-content\\\/uploads\\\/2025\\\/11\\\/DELTA-LABO-Tanaka_RX-630SA-EDXRF-Sulfur-Analyzer.png\",\"contentUrl\":\"https:\\\/\\\/webdesi-gn.fr\\\/dev_deltalabo\\\/wp-content\\\/uploads\\\/2025\\\/11\\\/DELTA-LABO-Tanaka_RX-630SA-EDXRF-Sulfur-Analyzer.png\",\"width\":1209,\"height\":1209},{\"@type\":\"BreadcrumbList\",\"@id\":\"https:\\\/\\\/webdesi-gn.fr\\\/dev_deltalabo\\\/produits\\\/cat-produit\\\/analyseur-de-soufre-avec-passeur-edxrf-tanaka-rx-630sa\\\/#breadcrumb\",\"itemListElement\":[{\"@type\":\"ListItem\",\"position\":1,\"name\":\"Accueil\",\"item\":\"https:\\\/\\\/webdesi-gn.fr\\\/dev_deltalabo\\\/\"},{\"@type\":\"ListItem\",\"position\":2,\"name\":\"Produits\",\"item\":\"https:\\\/\\\/webdesi-gn.fr\\\/dev_deltalabo\\\/produits\\\/\"},{\"@type\":\"ListItem\",\"position\":3,\"name\":\"Analyseur de soufre avec passeur EDXRF TANAKA &#8211; rx-630sa\"}]},{\"@type\":\"WebSite\",\"@id\":\"https:\\\/\\\/webdesi-gn.fr\\\/dev_deltalabo\\\/#website\",\"url\":\"https:\\\/\\\/webdesi-gn.fr\\\/dev_deltalabo\\\/\",\"name\":\"Delta Labo\",\"description\":\"Un site utilisant WordPress\",\"publisher\":{\"@id\":\"https:\\\/\\\/webdesi-gn.fr\\\/dev_deltalabo\\\/#organization\"},\"alternateName\":\"Delta Labo\",\"potentialAction\":[{\"@type\":\"SearchAction\",\"target\":{\"@type\":\"EntryPoint\",\"urlTemplate\":\"https:\\\/\\\/webdesi-gn.fr\\\/dev_deltalabo\\\/?s={search_term_string}\"},\"query-input\":{\"@type\":\"PropertyValueSpecification\",\"valueRequired\":true,\"valueName\":\"search_term_string\"}}],\"inLanguage\":\"fr-FR\"},{\"@type\":\"Organization\",\"@id\":\"https:\\\/\\\/webdesi-gn.fr\\\/dev_deltalabo\\\/#organization\",\"name\":\"DeltaLabo\",\"url\":\"https:\\\/\\\/webdesi-gn.fr\\\/dev_deltalabo\\\/\",\"logo\":{\"@type\":\"ImageObject\",\"inLanguage\":\"fr-FR\",\"@id\":\"https:\\\/\\\/webdesi-gn.fr\\\/dev_deltalabo\\\/#\\\/schema\\\/logo\\\/image\\\/\",\"url\":\"https:\\\/\\\/webdesi-gn.fr\\\/dev_deltalabo\\\/wp-content\\\/uploads\\\/2022\\\/07\\\/logo-deltalabo.png\",\"contentUrl\":\"https:\\\/\\\/webdesi-gn.fr\\\/dev_deltalabo\\\/wp-content\\\/uploads\\\/2022\\\/07\\\/logo-deltalabo.png\",\"width\":694,\"height\":306,\"caption\":\"DeltaLabo\"},\"image\":{\"@id\":\"https:\\\/\\\/webdesi-gn.fr\\\/dev_deltalabo\\\/#\\\/schema\\\/logo\\\/image\\\/\"}}]}<\/script>\n<!-- \/ Yoast SEO plugin. -->","yoast_head_json":{"title":"Analyseur de soufre avec passeur EDXRF TANAKA - rx-630sa | DeltaLabo","robots":{"index":"noindex","follow":"follow","max-snippet":"max-snippet:-1","max-image-preview":"max-image-preview:large","max-video-preview":"max-video-preview:-1"},"og_locale":"fr_FR","og_type":"article","og_title":"Analyseur de soufre avec passeur EDXRF TANAKA - rx-630sa | DeltaLabo","og_description":"Analyseur de soufre avec passeur EDXRF\u00a0TANAKA - rx-630sa :  L'analyseur de soufre avec passeur EDXRF TANAKA - rx-630sa est con\u00e7u pour la d\u00e9termination rapide et non destructive du soufre total dans les produits p\u00e9troliers. Utilisant la fluorescence X \u00e0 dispersion d'\u00e9nergie (EDXRF), il ne n\u00e9cessite ni h\u00e9lium ni pompe \u00e0 vide.\u00a0  L'appareil est \u00e9quip\u00e9 d'un carrousel \u00e0 12 positions et d'un \u00e9cran tactile couleur. Il est compact, l\u00e9ger et consomme peu d'\u00e9nergie.  L'analyseur de soufre avec passeur EDXRF TANAKA - rx-630sa est conforme aux normes ISO 8754, IP 336 et ASTM D4294-03. Par ailleurs, il est capable de d\u00e9tecter des concentrations de soufre de 15 mg\/kg \u00e0 6,00 % en poids.  T\u00e9l\u00e9charger la brochure produit : Analyseur de soufre avec passeur EDXRF\u00a0TANAKA - rx-630sa","og_url":"https:\/\/webdesi-gn.fr\/dev_deltalabo\/produits\/cat-produit\/analyseur-de-soufre-avec-passeur-edxrf-tanaka-rx-630sa\/","og_site_name":"DeltaLabo","article_modified_time":"2025-11-24T14:10:34+00:00","og_image":[{"width":1280,"height":853,"url":"https:\/\/webdesi-gn.fr\/dev_deltalabo\/wp-content\/uploads\/2022\/01\/laboratory-g43d8b3442_1280.jpg","type":"image\/jpeg"}],"twitter_card":"summary_large_image","schema":{"@context":"https:\/\/schema.org","@graph":[{"@type":"WebPage","@id":"https:\/\/webdesi-gn.fr\/dev_deltalabo\/produits\/cat-produit\/analyseur-de-soufre-avec-passeur-edxrf-tanaka-rx-630sa\/","url":"https:\/\/webdesi-gn.fr\/dev_deltalabo\/produits\/cat-produit\/analyseur-de-soufre-avec-passeur-edxrf-tanaka-rx-630sa\/","name":"Analyseur de soufre avec passeur EDXRF TANAKA - rx-630sa | DeltaLabo","isPartOf":{"@id":"https:\/\/webdesi-gn.fr\/dev_deltalabo\/#website"},"primaryImageOfPage":{"@id":"https:\/\/webdesi-gn.fr\/dev_deltalabo\/produits\/cat-produit\/analyseur-de-soufre-avec-passeur-edxrf-tanaka-rx-630sa\/#primaryimage"},"image":{"@id":"https:\/\/webdesi-gn.fr\/dev_deltalabo\/produits\/cat-produit\/analyseur-de-soufre-avec-passeur-edxrf-tanaka-rx-630sa\/#primaryimage"},"thumbnailUrl":"https:\/\/webdesi-gn.fr\/dev_deltalabo\/wp-content\/uploads\/2025\/11\/DELTA-LABO-Tanaka_RX-630SA-EDXRF-Sulfur-Analyzer.png","datePublished":"2025-11-24T14:07:55+00:00","dateModified":"2025-11-24T14:10:34+00:00","breadcrumb":{"@id":"https:\/\/webdesi-gn.fr\/dev_deltalabo\/produits\/cat-produit\/analyseur-de-soufre-avec-passeur-edxrf-tanaka-rx-630sa\/#breadcrumb"},"inLanguage":"fr-FR","potentialAction":[{"@type":"ReadAction","target":["https:\/\/webdesi-gn.fr\/dev_deltalabo\/produits\/cat-produit\/analyseur-de-soufre-avec-passeur-edxrf-tanaka-rx-630sa\/"]}]},{"@type":"ImageObject","inLanguage":"fr-FR","@id":"https:\/\/webdesi-gn.fr\/dev_deltalabo\/produits\/cat-produit\/analyseur-de-soufre-avec-passeur-edxrf-tanaka-rx-630sa\/#primaryimage","url":"https:\/\/webdesi-gn.fr\/dev_deltalabo\/wp-content\/uploads\/2025\/11\/DELTA-LABO-Tanaka_RX-630SA-EDXRF-Sulfur-Analyzer.png","contentUrl":"https:\/\/webdesi-gn.fr\/dev_deltalabo\/wp-content\/uploads\/2025\/11\/DELTA-LABO-Tanaka_RX-630SA-EDXRF-Sulfur-Analyzer.png","width":1209,"height":1209},{"@type":"BreadcrumbList","@id":"https:\/\/webdesi-gn.fr\/dev_deltalabo\/produits\/cat-produit\/analyseur-de-soufre-avec-passeur-edxrf-tanaka-rx-630sa\/#breadcrumb","itemListElement":[{"@type":"ListItem","position":1,"name":"Accueil","item":"https:\/\/webdesi-gn.fr\/dev_deltalabo\/"},{"@type":"ListItem","position":2,"name":"Produits","item":"https:\/\/webdesi-gn.fr\/dev_deltalabo\/produits\/"},{"@type":"ListItem","position":3,"name":"Analyseur de soufre avec passeur EDXRF TANAKA &#8211; rx-630sa"}]},{"@type":"WebSite","@id":"https:\/\/webdesi-gn.fr\/dev_deltalabo\/#website","url":"https:\/\/webdesi-gn.fr\/dev_deltalabo\/","name":"Delta Labo","description":"Un site utilisant WordPress","publisher":{"@id":"https:\/\/webdesi-gn.fr\/dev_deltalabo\/#organization"},"alternateName":"Delta Labo","potentialAction":[{"@type":"SearchAction","target":{"@type":"EntryPoint","urlTemplate":"https:\/\/webdesi-gn.fr\/dev_deltalabo\/?s={search_term_string}"},"query-input":{"@type":"PropertyValueSpecification","valueRequired":true,"valueName":"search_term_string"}}],"inLanguage":"fr-FR"},{"@type":"Organization","@id":"https:\/\/webdesi-gn.fr\/dev_deltalabo\/#organization","name":"DeltaLabo","url":"https:\/\/webdesi-gn.fr\/dev_deltalabo\/","logo":{"@type":"ImageObject","inLanguage":"fr-FR","@id":"https:\/\/webdesi-gn.fr\/dev_deltalabo\/#\/schema\/logo\/image\/","url":"https:\/\/webdesi-gn.fr\/dev_deltalabo\/wp-content\/uploads\/2022\/07\/logo-deltalabo.png","contentUrl":"https:\/\/webdesi-gn.fr\/dev_deltalabo\/wp-content\/uploads\/2022\/07\/logo-deltalabo.png","width":694,"height":306,"caption":"DeltaLabo"},"image":{"@id":"https:\/\/webdesi-gn.fr\/dev_deltalabo\/#\/schema\/logo\/image\/"}}]}},"_links":{"self":[{"href":"https:\/\/webdesi-gn.fr\/dev_deltalabo\/wp-json\/wp\/v2\/product\/262441","targetHints":{"allow":["GET"]}}],"collection":[{"href":"https:\/\/webdesi-gn.fr\/dev_deltalabo\/wp-json\/wp\/v2\/product"}],"about":[{"href":"https:\/\/webdesi-gn.fr\/dev_deltalabo\/wp-json\/wp\/v2\/types\/product"}],"wp:featuredmedia":[{"embeddable":true,"href":"https:\/\/webdesi-gn.fr\/dev_deltalabo\/wp-json\/wp\/v2\/media\/262517"}],"wp:attachment":[{"href":"https:\/\/webdesi-gn.fr\/dev_deltalabo\/wp-json\/wp\/v2\/media?parent=262441"}],"wp:term":[{"taxonomy":"domaine","embeddable":true,"href":"https:\/\/webdesi-gn.fr\/dev_deltalabo\/wp-json\/wp\/v2\/domaine?post=262441"},{"taxonomy":"normes","embeddable":true,"href":"https:\/\/webdesi-gn.fr\/dev_deltalabo\/wp-json\/wp\/v2\/normes?post=262441"},{"taxonomy":"product_brand","embeddable":true,"href":"https:\/\/webdesi-gn.fr\/dev_deltalabo\/wp-json\/wp\/v2\/product_brand?post=262441"},{"taxonomy":"product_cat","embeddable":true,"href":"https:\/\/webdesi-gn.fr\/dev_deltalabo\/wp-json\/wp\/v2\/product_cat?post=262441"},{"taxonomy":"product_tag","embeddable":true,"href":"https:\/\/webdesi-gn.fr\/dev_deltalabo\/wp-json\/wp\/v2\/product_tag?post=262441"}],"curies":[{"name":"wp","href":"https:\/\/api.w.org\/{rel}","templated":true}]}}