{"id":262464,"date":"2025-11-24T15:08:46","date_gmt":"2025-11-24T14:08:46","guid":{"rendered":"https:\/\/webdesi-gn.fr\/dev_deltalabo\/?post_type=product&#038;p=262464"},"modified":"2025-12-10T11:18:11","modified_gmt":"2025-12-10T10:18:11","slug":"distillateur-automatique-tanaka-ad-7","status":"publish","type":"product","link":"https:\/\/webdesi-gn.fr\/dev_deltalabo\/produits\/categories\/distillateur-automatique-tanaka-ad-7\/","title":{"rendered":"Distillateur automatique TANAKA &#8211; ad-7"},"content":{"rendered":"","protected":false},"excerpt":{"rendered":"<p><strong>Distillateur automatique TANAKA &#8211; ad-7 :<\/strong><\/p>\n<p>Le distillateur automatique TANAKA &#8211; ad-7 est con\u00e7u pour effectuer des distillations pr\u00e9cises de produits p\u00e9troliers et d&rsquo;\u00e9chantillons \u00e0 intervalle d&rsquo;\u00e9bullition \u00e9troit. Le syst\u00e8me Peltier int\u00e9gr\u00e9 offre un refroidissement et un chauffage efficaces pour le compartiment du condenseur et du cylindre r\u00e9cepteur.<\/p>\n<p>Afin de maximiser la s\u00e9curit\u00e9 et de permettre un fonctionnement continu, le distillateur automatique TANAKA &#8211; ad-7 est \u00e9quip\u00e9 d&rsquo;un syst\u00e8me de confinement des d\u00e9parts de feu qui coupe automatiquement le chauffage et injecte du CO2. Il comprend \u00e9galement un m\u00e9canisme de protection contre la surchauffe pour plus de s\u00e9curit\u00e9.<\/p>\n<p>La polyvalence du distillateur est d\u00e9montr\u00e9e par ses 200 modes de test, sa capacit\u00e9 \u00e0 stocker jusqu&rsquo;\u00e0 5 000 r\u00e9sultats et une gamme d&rsquo;options de connectivit\u00e9, notamment RS-232C, USB et Ethernet.<\/p>\n<p>Le distillateur automatique TANAKA &#8211; ad-7 est conforme aux normes ASTM D86, ASTEM D850, ASTM D1078, ISO 3405 et IP 123.<\/p>\n<p><strong>T\u00e9l\u00e9charger la brochure produit :<\/strong> <a href=\"https:\/\/www.deltalabo.fr\/wp-content\/uploads\/2025\/10\/ad-7-distillation-engl-DL.pdf\">Distillateur automatique TANAKA &#8211; ad-7\u00a0<\/a><\/p>\n","protected":false},"featured_media":262529,"template":"","meta":{"_acf_changed":false,"site-sidebar-layout":"default","site-content-layout":"","ast-site-content-layout":"default","site-content-style":"default","site-sidebar-style":"default","ast-global-header-display":"","ast-banner-title-visibility":"","ast-main-header-display":"","ast-hfb-above-header-display":"","ast-hfb-below-header-display":"","ast-hfb-mobile-header-display":"","site-post-title":"","ast-breadcrumbs-content":"","ast-featured-img":"","footer-sml-layout":"","ast-disable-related-posts":"","theme-transparent-header-meta":"default","adv-header-id-meta":"","stick-header-meta":"","header-above-stick-meta":"","header-main-stick-meta":"","header-below-stick-meta":"","astra-migrate-meta-layouts":"set","ast-page-background-enabled":"default","ast-page-background-meta":{"desktop":{"background-color":"var(--ast-global-color-5)","background-image":"","background-repeat":"repeat","background-position":"center center","background-size":"auto","background-attachment":"scroll","background-type":"","background-media":"","overlay-type":"","overlay-color":"","overlay-opacity":"","overlay-gradient":""},"tablet":{"background-color":"","background-image":"","background-repeat":"repeat","background-position":"center center","background-size":"auto","background-attachment":"scroll","background-type":"","background-media":"","overlay-type":"","overlay-color":"","overlay-opacity":"","overlay-gradient":""},"mobile":{"background-color":"","background-image":"","background-repeat":"repeat","background-position":"center center","background-size":"auto","background-attachment":"scroll","background-type":"","background-media":"","overlay-type":"","overlay-color":"","overlay-opacity":"","overlay-gradient":""}},"ast-content-background-meta":{"desktop":{"background-color":"var(--ast-global-color-4)","background-image":"","background-repeat":"repeat","background-position":"center center","background-size":"auto","background-attachment":"scroll","background-type":"","background-media":"","overlay-type":"","overlay-color":"","overlay-opacity":"","overlay-gradient":""},"tablet":{"background-color":"var(--ast-global-color-4)","background-image":"","background-repeat":"repeat","background-position":"center center","background-size":"auto","background-attachment":"scroll","background-type":"","background-media":"","overlay-type":"","overlay-color":"","overlay-opacity":"","overlay-gradient":""},"mobile":{"background-color":"var(--ast-global-color-4)","background-image":"","background-repeat":"repeat","background-position":"center center","background-size":"auto","background-attachment":"scroll","background-type":"","background-media":"","overlay-type":"","overlay-color":"","overlay-opacity":"","overlay-gradient":""}}},"domaine":[],"normes":[3289],"product_brand":[],"product_cat":[17240],"product_tag":[],"class_list":{"0":"post-262464","1":"product","2":"type-product","3":"status-publish","4":"has-post-thumbnail","6":"normes-d1078","7":"product_cat-categories","8":"desktop-align-left","9":"tablet-align-left","10":"mobile-align-left","12":"first","13":"instock","14":"shipping-taxable","15":"product-type-simple"},"acf":[],"yoast_head":"<!-- This site is optimized with the Yoast SEO plugin v27.4 - https:\/\/yoast.com\/product\/yoast-seo-wordpress\/ -->\n<title>Distillateur automatique TANAKA - ad-7 | DeltaLabo<\/title>\n<meta name=\"robots\" content=\"noindex, follow, max-snippet:-1, max-image-preview:large, max-video-preview:-1\" \/>\n<meta property=\"og:locale\" content=\"fr_FR\" \/>\n<meta property=\"og:type\" content=\"article\" \/>\n<meta property=\"og:title\" content=\"Distillateur automatique TANAKA - ad-7 | DeltaLabo\" \/>\n<meta property=\"og:description\" content=\"Distillateur automatique TANAKA - ad-7 :  Le distillateur automatique TANAKA - ad-7 est con\u00e7u pour effectuer des distillations pr\u00e9cises de produits p\u00e9troliers et d&#039;\u00e9chantillons \u00e0 intervalle d&#039;\u00e9bullition \u00e9troit. Le syst\u00e8me Peltier int\u00e9gr\u00e9 offre un refroidissement et un chauffage efficaces pour le compartiment du condenseur et du cylindre r\u00e9cepteur.  Afin de maximiser la s\u00e9curit\u00e9 et de permettre un fonctionnement continu, le distillateur automatique TANAKA - ad-7 est \u00e9quip\u00e9 d&#039;un syst\u00e8me de confinement des d\u00e9parts de feu qui coupe automatiquement le chauffage et injecte du CO2. Il comprend \u00e9galement un m\u00e9canisme de protection contre la surchauffe pour plus de s\u00e9curit\u00e9.  La polyvalence du distillateur est d\u00e9montr\u00e9e par ses 200 modes de test, sa capacit\u00e9 \u00e0 stocker jusqu&#039;\u00e0 5 000 r\u00e9sultats et une gamme d&#039;options de connectivit\u00e9, notamment RS-232C, USB et Ethernet.  Le distillateur automatique TANAKA - ad-7 est conforme aux normes ASTM D86, ASTEM D850, ASTM D1078, ISO 3405 et IP 123.  T\u00e9l\u00e9charger la brochure produit : Distillateur automatique TANAKA - ad-7\u00a0\" \/>\n<meta property=\"og:url\" content=\"https:\/\/webdesi-gn.fr\/dev_deltalabo\/produits\/categories\/distillateur-automatique-tanaka-ad-7\/\" \/>\n<meta property=\"og:site_name\" content=\"DeltaLabo\" \/>\n<meta property=\"article:modified_time\" content=\"2025-12-10T10:18:11+00:00\" \/>\n<meta property=\"og:image\" content=\"https:\/\/webdesi-gn.fr\/dev_deltalabo\/wp-content\/uploads\/2025\/11\/DELTA-LABO-Tanaka_AD-7-Distillation-Tester.png\" \/>\n\t<meta property=\"og:image:width\" content=\"1209\" \/>\n\t<meta property=\"og:image:height\" content=\"1209\" \/>\n\t<meta property=\"og:image:type\" content=\"image\/png\" \/>\n<meta name=\"twitter:card\" content=\"summary_large_image\" \/>\n<meta name=\"twitter:label1\" content=\"Dur\u00e9e de lecture estim\u00e9e\" \/>\n\t<meta name=\"twitter:data1\" content=\"1 minute\" \/>\n<script type=\"application\/ld+json\" class=\"yoast-schema-graph\">{\"@context\":\"https:\\\/\\\/schema.org\",\"@graph\":[{\"@type\":\"WebPage\",\"@id\":\"https:\\\/\\\/webdesi-gn.fr\\\/dev_deltalabo\\\/produits\\\/categories\\\/distillateur-automatique-tanaka-ad-7\\\/\",\"url\":\"https:\\\/\\\/webdesi-gn.fr\\\/dev_deltalabo\\\/produits\\\/categories\\\/distillateur-automatique-tanaka-ad-7\\\/\",\"name\":\"Distillateur automatique TANAKA - ad-7 | DeltaLabo\",\"isPartOf\":{\"@id\":\"https:\\\/\\\/webdesi-gn.fr\\\/dev_deltalabo\\\/#website\"},\"primaryImageOfPage\":{\"@id\":\"https:\\\/\\\/webdesi-gn.fr\\\/dev_deltalabo\\\/produits\\\/categories\\\/distillateur-automatique-tanaka-ad-7\\\/#primaryimage\"},\"image\":{\"@id\":\"https:\\\/\\\/webdesi-gn.fr\\\/dev_deltalabo\\\/produits\\\/categories\\\/distillateur-automatique-tanaka-ad-7\\\/#primaryimage\"},\"thumbnailUrl\":\"https:\\\/\\\/webdesi-gn.fr\\\/dev_deltalabo\\\/wp-content\\\/uploads\\\/2025\\\/11\\\/DELTA-LABO-Tanaka_AD-7-Distillation-Tester.png\",\"datePublished\":\"2025-11-24T14:08:46+00:00\",\"dateModified\":\"2025-12-10T10:18:11+00:00\",\"breadcrumb\":{\"@id\":\"https:\\\/\\\/webdesi-gn.fr\\\/dev_deltalabo\\\/produits\\\/categories\\\/distillateur-automatique-tanaka-ad-7\\\/#breadcrumb\"},\"inLanguage\":\"fr-FR\",\"potentialAction\":[{\"@type\":\"ReadAction\",\"target\":[\"https:\\\/\\\/webdesi-gn.fr\\\/dev_deltalabo\\\/produits\\\/categories\\\/distillateur-automatique-tanaka-ad-7\\\/\"]}]},{\"@type\":\"ImageObject\",\"inLanguage\":\"fr-FR\",\"@id\":\"https:\\\/\\\/webdesi-gn.fr\\\/dev_deltalabo\\\/produits\\\/categories\\\/distillateur-automatique-tanaka-ad-7\\\/#primaryimage\",\"url\":\"https:\\\/\\\/webdesi-gn.fr\\\/dev_deltalabo\\\/wp-content\\\/uploads\\\/2025\\\/11\\\/DELTA-LABO-Tanaka_AD-7-Distillation-Tester.png\",\"contentUrl\":\"https:\\\/\\\/webdesi-gn.fr\\\/dev_deltalabo\\\/wp-content\\\/uploads\\\/2025\\\/11\\\/DELTA-LABO-Tanaka_AD-7-Distillation-Tester.png\",\"width\":1209,\"height\":1209},{\"@type\":\"BreadcrumbList\",\"@id\":\"https:\\\/\\\/webdesi-gn.fr\\\/dev_deltalabo\\\/produits\\\/categories\\\/distillateur-automatique-tanaka-ad-7\\\/#breadcrumb\",\"itemListElement\":[{\"@type\":\"ListItem\",\"position\":1,\"name\":\"Accueil\",\"item\":\"https:\\\/\\\/webdesi-gn.fr\\\/dev_deltalabo\\\/\"},{\"@type\":\"ListItem\",\"position\":2,\"name\":\"Produits\",\"item\":\"https:\\\/\\\/webdesi-gn.fr\\\/dev_deltalabo\\\/produits\\\/\"},{\"@type\":\"ListItem\",\"position\":3,\"name\":\"Distillateur automatique TANAKA &#8211; ad-7\"}]},{\"@type\":\"WebSite\",\"@id\":\"https:\\\/\\\/webdesi-gn.fr\\\/dev_deltalabo\\\/#website\",\"url\":\"https:\\\/\\\/webdesi-gn.fr\\\/dev_deltalabo\\\/\",\"name\":\"Delta Labo\",\"description\":\"Un site utilisant WordPress\",\"publisher\":{\"@id\":\"https:\\\/\\\/webdesi-gn.fr\\\/dev_deltalabo\\\/#organization\"},\"alternateName\":\"Delta Labo\",\"potentialAction\":[{\"@type\":\"SearchAction\",\"target\":{\"@type\":\"EntryPoint\",\"urlTemplate\":\"https:\\\/\\\/webdesi-gn.fr\\\/dev_deltalabo\\\/?s={search_term_string}\"},\"query-input\":{\"@type\":\"PropertyValueSpecification\",\"valueRequired\":true,\"valueName\":\"search_term_string\"}}],\"inLanguage\":\"fr-FR\"},{\"@type\":\"Organization\",\"@id\":\"https:\\\/\\\/webdesi-gn.fr\\\/dev_deltalabo\\\/#organization\",\"name\":\"DeltaLabo\",\"url\":\"https:\\\/\\\/webdesi-gn.fr\\\/dev_deltalabo\\\/\",\"logo\":{\"@type\":\"ImageObject\",\"inLanguage\":\"fr-FR\",\"@id\":\"https:\\\/\\\/webdesi-gn.fr\\\/dev_deltalabo\\\/#\\\/schema\\\/logo\\\/image\\\/\",\"url\":\"https:\\\/\\\/webdesi-gn.fr\\\/dev_deltalabo\\\/wp-content\\\/uploads\\\/2022\\\/07\\\/logo-deltalabo.png\",\"contentUrl\":\"https:\\\/\\\/webdesi-gn.fr\\\/dev_deltalabo\\\/wp-content\\\/uploads\\\/2022\\\/07\\\/logo-deltalabo.png\",\"width\":694,\"height\":306,\"caption\":\"DeltaLabo\"},\"image\":{\"@id\":\"https:\\\/\\\/webdesi-gn.fr\\\/dev_deltalabo\\\/#\\\/schema\\\/logo\\\/image\\\/\"}}]}<\/script>\n<!-- \/ Yoast SEO plugin. -->","yoast_head_json":{"title":"Distillateur automatique TANAKA - ad-7 | DeltaLabo","robots":{"index":"noindex","follow":"follow","max-snippet":"max-snippet:-1","max-image-preview":"max-image-preview:large","max-video-preview":"max-video-preview:-1"},"og_locale":"fr_FR","og_type":"article","og_title":"Distillateur automatique TANAKA - ad-7 | DeltaLabo","og_description":"Distillateur automatique TANAKA - ad-7 :  Le distillateur automatique TANAKA - ad-7 est con\u00e7u pour effectuer des distillations pr\u00e9cises de produits p\u00e9troliers et d'\u00e9chantillons \u00e0 intervalle d'\u00e9bullition \u00e9troit. Le syst\u00e8me Peltier int\u00e9gr\u00e9 offre un refroidissement et un chauffage efficaces pour le compartiment du condenseur et du cylindre r\u00e9cepteur.  Afin de maximiser la s\u00e9curit\u00e9 et de permettre un fonctionnement continu, le distillateur automatique TANAKA - ad-7 est \u00e9quip\u00e9 d'un syst\u00e8me de confinement des d\u00e9parts de feu qui coupe automatiquement le chauffage et injecte du CO2. Il comprend \u00e9galement un m\u00e9canisme de protection contre la surchauffe pour plus de s\u00e9curit\u00e9.  La polyvalence du distillateur est d\u00e9montr\u00e9e par ses 200 modes de test, sa capacit\u00e9 \u00e0 stocker jusqu'\u00e0 5 000 r\u00e9sultats et une gamme d'options de connectivit\u00e9, notamment RS-232C, USB et Ethernet.  Le distillateur automatique TANAKA - ad-7 est conforme aux normes ASTM D86, ASTEM D850, ASTM D1078, ISO 3405 et IP 123.  T\u00e9l\u00e9charger la brochure produit : Distillateur automatique TANAKA - ad-7\u00a0","og_url":"https:\/\/webdesi-gn.fr\/dev_deltalabo\/produits\/categories\/distillateur-automatique-tanaka-ad-7\/","og_site_name":"DeltaLabo","article_modified_time":"2025-12-10T10:18:11+00:00","og_image":[{"width":1209,"height":1209,"url":"https:\/\/webdesi-gn.fr\/dev_deltalabo\/wp-content\/uploads\/2025\/11\/DELTA-LABO-Tanaka_AD-7-Distillation-Tester.png","type":"image\/png"}],"twitter_card":"summary_large_image","twitter_misc":{"Dur\u00e9e de lecture estim\u00e9e":"1 minute"},"schema":{"@context":"https:\/\/schema.org","@graph":[{"@type":"WebPage","@id":"https:\/\/webdesi-gn.fr\/dev_deltalabo\/produits\/categories\/distillateur-automatique-tanaka-ad-7\/","url":"https:\/\/webdesi-gn.fr\/dev_deltalabo\/produits\/categories\/distillateur-automatique-tanaka-ad-7\/","name":"Distillateur automatique TANAKA - ad-7 | DeltaLabo","isPartOf":{"@id":"https:\/\/webdesi-gn.fr\/dev_deltalabo\/#website"},"primaryImageOfPage":{"@id":"https:\/\/webdesi-gn.fr\/dev_deltalabo\/produits\/categories\/distillateur-automatique-tanaka-ad-7\/#primaryimage"},"image":{"@id":"https:\/\/webdesi-gn.fr\/dev_deltalabo\/produits\/categories\/distillateur-automatique-tanaka-ad-7\/#primaryimage"},"thumbnailUrl":"https:\/\/webdesi-gn.fr\/dev_deltalabo\/wp-content\/uploads\/2025\/11\/DELTA-LABO-Tanaka_AD-7-Distillation-Tester.png","datePublished":"2025-11-24T14:08:46+00:00","dateModified":"2025-12-10T10:18:11+00:00","breadcrumb":{"@id":"https:\/\/webdesi-gn.fr\/dev_deltalabo\/produits\/categories\/distillateur-automatique-tanaka-ad-7\/#breadcrumb"},"inLanguage":"fr-FR","potentialAction":[{"@type":"ReadAction","target":["https:\/\/webdesi-gn.fr\/dev_deltalabo\/produits\/categories\/distillateur-automatique-tanaka-ad-7\/"]}]},{"@type":"ImageObject","inLanguage":"fr-FR","@id":"https:\/\/webdesi-gn.fr\/dev_deltalabo\/produits\/categories\/distillateur-automatique-tanaka-ad-7\/#primaryimage","url":"https:\/\/webdesi-gn.fr\/dev_deltalabo\/wp-content\/uploads\/2025\/11\/DELTA-LABO-Tanaka_AD-7-Distillation-Tester.png","contentUrl":"https:\/\/webdesi-gn.fr\/dev_deltalabo\/wp-content\/uploads\/2025\/11\/DELTA-LABO-Tanaka_AD-7-Distillation-Tester.png","width":1209,"height":1209},{"@type":"BreadcrumbList","@id":"https:\/\/webdesi-gn.fr\/dev_deltalabo\/produits\/categories\/distillateur-automatique-tanaka-ad-7\/#breadcrumb","itemListElement":[{"@type":"ListItem","position":1,"name":"Accueil","item":"https:\/\/webdesi-gn.fr\/dev_deltalabo\/"},{"@type":"ListItem","position":2,"name":"Produits","item":"https:\/\/webdesi-gn.fr\/dev_deltalabo\/produits\/"},{"@type":"ListItem","position":3,"name":"Distillateur automatique TANAKA &#8211; ad-7"}]},{"@type":"WebSite","@id":"https:\/\/webdesi-gn.fr\/dev_deltalabo\/#website","url":"https:\/\/webdesi-gn.fr\/dev_deltalabo\/","name":"Delta Labo","description":"Un site utilisant WordPress","publisher":{"@id":"https:\/\/webdesi-gn.fr\/dev_deltalabo\/#organization"},"alternateName":"Delta Labo","potentialAction":[{"@type":"SearchAction","target":{"@type":"EntryPoint","urlTemplate":"https:\/\/webdesi-gn.fr\/dev_deltalabo\/?s={search_term_string}"},"query-input":{"@type":"PropertyValueSpecification","valueRequired":true,"valueName":"search_term_string"}}],"inLanguage":"fr-FR"},{"@type":"Organization","@id":"https:\/\/webdesi-gn.fr\/dev_deltalabo\/#organization","name":"DeltaLabo","url":"https:\/\/webdesi-gn.fr\/dev_deltalabo\/","logo":{"@type":"ImageObject","inLanguage":"fr-FR","@id":"https:\/\/webdesi-gn.fr\/dev_deltalabo\/#\/schema\/logo\/image\/","url":"https:\/\/webdesi-gn.fr\/dev_deltalabo\/wp-content\/uploads\/2022\/07\/logo-deltalabo.png","contentUrl":"https:\/\/webdesi-gn.fr\/dev_deltalabo\/wp-content\/uploads\/2022\/07\/logo-deltalabo.png","width":694,"height":306,"caption":"DeltaLabo"},"image":{"@id":"https:\/\/webdesi-gn.fr\/dev_deltalabo\/#\/schema\/logo\/image\/"}}]}},"_links":{"self":[{"href":"https:\/\/webdesi-gn.fr\/dev_deltalabo\/wp-json\/wp\/v2\/product\/262464","targetHints":{"allow":["GET"]}}],"collection":[{"href":"https:\/\/webdesi-gn.fr\/dev_deltalabo\/wp-json\/wp\/v2\/product"}],"about":[{"href":"https:\/\/webdesi-gn.fr\/dev_deltalabo\/wp-json\/wp\/v2\/types\/product"}],"wp:featuredmedia":[{"embeddable":true,"href":"https:\/\/webdesi-gn.fr\/dev_deltalabo\/wp-json\/wp\/v2\/media\/262529"}],"wp:attachment":[{"href":"https:\/\/webdesi-gn.fr\/dev_deltalabo\/wp-json\/wp\/v2\/media?parent=262464"}],"wp:term":[{"taxonomy":"domaine","embeddable":true,"href":"https:\/\/webdesi-gn.fr\/dev_deltalabo\/wp-json\/wp\/v2\/domaine?post=262464"},{"taxonomy":"normes","embeddable":true,"href":"https:\/\/webdesi-gn.fr\/dev_deltalabo\/wp-json\/wp\/v2\/normes?post=262464"},{"taxonomy":"product_brand","embeddable":true,"href":"https:\/\/webdesi-gn.fr\/dev_deltalabo\/wp-json\/wp\/v2\/product_brand?post=262464"},{"taxonomy":"product_cat","embeddable":true,"href":"https:\/\/webdesi-gn.fr\/dev_deltalabo\/wp-json\/wp\/v2\/product_cat?post=262464"},{"taxonomy":"product_tag","embeddable":true,"href":"https:\/\/webdesi-gn.fr\/dev_deltalabo\/wp-json\/wp\/v2\/product_tag?post=262464"}],"curies":[{"name":"wp","href":"https:\/\/api.w.org\/{rel}","templated":true}]}}