{"id":262465,"date":"2025-11-24T15:08:46","date_gmt":"2025-11-24T14:08:46","guid":{"rendered":"https:\/\/webdesi-gn.fr\/dev_deltalabo\/?post_type=product&#038;p=262465"},"modified":"2025-11-24T16:17:45","modified_gmt":"2025-11-24T15:17:45","slug":"point-decoulement-de-trouble-de-congelation-automatique-tanaka-mpc-6","status":"publish","type":"product","link":"https:\/\/webdesi-gn.fr\/dev_deltalabo\/produits\/petrochimie-chimie-nucleaire\/carbureacteurs-saf\/point-decoulement-de-trouble-de-congelation-automatique-tanaka-mpc-6\/","title":{"rendered":"Point d&rsquo;\u00e9coulement \/ de trouble \/ de cong\u00e9lation automatique TANAKA &#8211; mpc-6"},"content":{"rendered":"","protected":false},"excerpt":{"rendered":"<p><strong>Point d&rsquo;\u00e9coulement\/de trouble\/de cong\u00e9lation automatique TANAKA &#8211; mpc-6 :<\/strong><\/p>\n<p>L&rsquo;analyseur automatique TANAKA &#8211; mpc-6 permet de mesurer le point d&rsquo;\u00e9coulement, le point de trouble et le point de cong\u00e9lation.<\/p>\n<p>Cet instrument 3 en 1 ne n\u00e9cessite que 4,5 ml d&rsquo;\u00e9chantillon et fournit des r\u00e9sultats rapides et pr\u00e9cis, ce qui le rend id\u00e9al pour les laboratoires et les industries qui analysent les huiles et les carburants. Par ailleurs, une temp\u00e9rature d&rsquo;\u00e9chantillon de -90\u00b0C peut \u00eatre atteinte sans refroidisseur externe.<\/p>\n<p>L&rsquo;analyseur automatique TANAKA &#8211; mpc-6 est conforme aux normes :<\/p>\n<ul>\n<li>ASTM D6749 pour le point d&rsquo;\u00e9coulement<\/li>\n<li>ASTM D7683 pour le point de trouble<\/li>\n<li>ASTM D8615 pour le point de cong\u00e9lation des carbur\u00e9acteurs<\/li>\n<\/ul>\n<p><strong>T\u00e9l\u00e9charger la brochure produit :<\/strong> <a href=\"https:\/\/www.deltalabo.fr\/wp-content\/uploads\/2025\/10\/mpc-6-pour-point-cloud-point-freezing-point-engl-DL.pdf\">Testeur automatique de point de cong\u00e9lation TANAKA &#8211; mpc-6<\/a><\/p>\n<p><strong>Visionner l&rsquo;utilisation du produit :<\/strong> <a href=\"https:\/\/youtu.be\/hIqBd9f2t4Y\">Testeur automatique de point de cong\u00e9lation TANAKA &#8211; mpc-6<\/a><\/p>\n","protected":false},"featured_media":262535,"template":"","meta":{"_acf_changed":false,"site-sidebar-layout":"default","site-content-layout":"","ast-site-content-layout":"default","site-content-style":"default","site-sidebar-style":"default","ast-global-header-display":"","ast-banner-title-visibility":"","ast-main-header-display":"","ast-hfb-above-header-display":"","ast-hfb-below-header-display":"","ast-hfb-mobile-header-display":"","site-post-title":"","ast-breadcrumbs-content":"","ast-featured-img":"","footer-sml-layout":"","ast-disable-related-posts":"","theme-transparent-header-meta":"default","adv-header-id-meta":"","stick-header-meta":"","header-above-stick-meta":"","header-main-stick-meta":"","header-below-stick-meta":"","astra-migrate-meta-layouts":"set","ast-page-background-enabled":"default","ast-page-background-meta":{"desktop":{"background-color":"var(--ast-global-color-5)","background-image":"","background-repeat":"repeat","background-position":"center center","background-size":"auto","background-attachment":"scroll","background-type":"","background-media":"","overlay-type":"","overlay-color":"","overlay-opacity":"","overlay-gradient":""},"tablet":{"background-color":"","background-image":"","background-repeat":"repeat","background-position":"center center","background-size":"auto","background-attachment":"scroll","background-type":"","background-media":"","overlay-type":"","overlay-color":"","overlay-opacity":"","overlay-gradient":""},"mobile":{"background-color":"","background-image":"","background-repeat":"repeat","background-position":"center center","background-size":"auto","background-attachment":"scroll","background-type":"","background-media":"","overlay-type":"","overlay-color":"","overlay-opacity":"","overlay-gradient":""}},"ast-content-background-meta":{"desktop":{"background-color":"var(--ast-global-color-4)","background-image":"","background-repeat":"repeat","background-position":"center center","background-size":"auto","background-attachment":"scroll","background-type":"","background-media":"","overlay-type":"","overlay-color":"","overlay-opacity":"","overlay-gradient":""},"tablet":{"background-color":"var(--ast-global-color-4)","background-image":"","background-repeat":"repeat","background-position":"center center","background-size":"auto","background-attachment":"scroll","background-type":"","background-media":"","overlay-type":"","overlay-color":"","overlay-opacity":"","overlay-gradient":""},"mobile":{"background-color":"var(--ast-global-color-4)","background-image":"","background-repeat":"repeat","background-position":"center center","background-size":"auto","background-attachment":"scroll","background-type":"","background-media":"","overlay-type":"","overlay-color":"","overlay-opacity":"","overlay-gradient":""}}},"domaine":[],"normes":[17674,17675,17676],"product_brand":[],"product_cat":[17192],"product_tag":[],"class_list":{"0":"post-262465","1":"product","2":"type-product","3":"status-publish","4":"has-post-thumbnail","6":"normes-d6749","7":"normes-d7683","8":"normes-d8615","9":"product_cat-carbureacteurs-saf","10":"desktop-align-left","11":"tablet-align-left","12":"mobile-align-left","14":"first","15":"instock","16":"shipping-taxable","17":"product-type-simple"},"acf":[],"yoast_head":"<!-- This site is optimized with the Yoast SEO plugin v27.4 - https:\/\/yoast.com\/product\/yoast-seo-wordpress\/ -->\n<title>Point d&#039;\u00e9coulement \/ de trouble \/ de cong\u00e9lation automatique TANAKA - mpc-6 | DeltaLabo<\/title>\n<meta name=\"robots\" content=\"noindex, follow, max-snippet:-1, max-image-preview:large, max-video-preview:-1\" \/>\n<meta property=\"og:locale\" content=\"fr_FR\" \/>\n<meta property=\"og:type\" content=\"article\" \/>\n<meta property=\"og:title\" content=\"Point d&#039;\u00e9coulement \/ de trouble \/ de cong\u00e9lation automatique TANAKA - mpc-6 | DeltaLabo\" \/>\n<meta property=\"og:description\" content=\"Point d&#039;\u00e9coulement\/de trouble\/de cong\u00e9lation automatique TANAKA - mpc-6 :  L&#039;analyseur automatique TANAKA - mpc-6 permet de mesurer le point d&#039;\u00e9coulement, le point de trouble et le point de cong\u00e9lation.  Cet instrument 3 en 1 ne n\u00e9cessite que 4,5 ml d&#039;\u00e9chantillon et fournit des r\u00e9sultats rapides et pr\u00e9cis, ce qui le rend id\u00e9al pour les laboratoires et les industries qui analysent les huiles et les carburants. Par ailleurs, une temp\u00e9rature d&#039;\u00e9chantillon de -90\u00b0C peut \u00eatre atteinte sans refroidisseur externe.  L&#039;analyseur automatique TANAKA - mpc-6 est conforme aux normes :   ASTM D6749 pour le point d&#039;\u00e9coulement  ASTM D7683 pour le point de trouble  ASTM D8615 pour le point de cong\u00e9lation des carbur\u00e9acteurs  T\u00e9l\u00e9charger la brochure produit : Testeur automatique de point de cong\u00e9lation TANAKA - mpc-6  Visionner l&#039;utilisation du produit : Testeur automatique de point de cong\u00e9lation TANAKA - mpc-6\" \/>\n<meta property=\"og:url\" content=\"https:\/\/webdesi-gn.fr\/dev_deltalabo\/produits\/petrochimie-chimie-nucleaire\/carbureacteurs-saf\/point-decoulement-de-trouble-de-congelation-automatique-tanaka-mpc-6\/\" \/>\n<meta property=\"og:site_name\" content=\"DeltaLabo\" \/>\n<meta property=\"article:modified_time\" content=\"2025-11-24T15:17:45+00:00\" \/>\n<meta property=\"og:image\" content=\"https:\/\/webdesi-gn.fr\/dev_deltalabo\/wp-content\/uploads\/2025\/11\/DELTA-LABO-mpc6-Tanaka.png\" \/>\n\t<meta property=\"og:image:width\" content=\"1209\" \/>\n\t<meta property=\"og:image:height\" content=\"1209\" \/>\n\t<meta property=\"og:image:type\" content=\"image\/png\" \/>\n<meta name=\"twitter:card\" content=\"summary_large_image\" \/>\n<meta name=\"twitter:label1\" content=\"Dur\u00e9e de lecture estim\u00e9e\" \/>\n\t<meta name=\"twitter:data1\" content=\"1 minute\" \/>\n<script type=\"application\/ld+json\" class=\"yoast-schema-graph\">{\"@context\":\"https:\\\/\\\/schema.org\",\"@graph\":[{\"@type\":\"WebPage\",\"@id\":\"https:\\\/\\\/webdesi-gn.fr\\\/dev_deltalabo\\\/produits\\\/petrochimie-chimie-nucleaire\\\/carbureacteurs-saf\\\/point-decoulement-de-trouble-de-congelation-automatique-tanaka-mpc-6\\\/\",\"url\":\"https:\\\/\\\/webdesi-gn.fr\\\/dev_deltalabo\\\/produits\\\/petrochimie-chimie-nucleaire\\\/carbureacteurs-saf\\\/point-decoulement-de-trouble-de-congelation-automatique-tanaka-mpc-6\\\/\",\"name\":\"Point d'\u00e9coulement \\\/ de trouble \\\/ de cong\u00e9lation automatique TANAKA - mpc-6 | DeltaLabo\",\"isPartOf\":{\"@id\":\"https:\\\/\\\/webdesi-gn.fr\\\/dev_deltalabo\\\/#website\"},\"primaryImageOfPage\":{\"@id\":\"https:\\\/\\\/webdesi-gn.fr\\\/dev_deltalabo\\\/produits\\\/petrochimie-chimie-nucleaire\\\/carbureacteurs-saf\\\/point-decoulement-de-trouble-de-congelation-automatique-tanaka-mpc-6\\\/#primaryimage\"},\"image\":{\"@id\":\"https:\\\/\\\/webdesi-gn.fr\\\/dev_deltalabo\\\/produits\\\/petrochimie-chimie-nucleaire\\\/carbureacteurs-saf\\\/point-decoulement-de-trouble-de-congelation-automatique-tanaka-mpc-6\\\/#primaryimage\"},\"thumbnailUrl\":\"https:\\\/\\\/webdesi-gn.fr\\\/dev_deltalabo\\\/wp-content\\\/uploads\\\/2025\\\/11\\\/DELTA-LABO-mpc6-Tanaka.png\",\"datePublished\":\"2025-11-24T14:08:46+00:00\",\"dateModified\":\"2025-11-24T15:17:45+00:00\",\"breadcrumb\":{\"@id\":\"https:\\\/\\\/webdesi-gn.fr\\\/dev_deltalabo\\\/produits\\\/petrochimie-chimie-nucleaire\\\/carbureacteurs-saf\\\/point-decoulement-de-trouble-de-congelation-automatique-tanaka-mpc-6\\\/#breadcrumb\"},\"inLanguage\":\"fr-FR\",\"potentialAction\":[{\"@type\":\"ReadAction\",\"target\":[\"https:\\\/\\\/webdesi-gn.fr\\\/dev_deltalabo\\\/produits\\\/petrochimie-chimie-nucleaire\\\/carbureacteurs-saf\\\/point-decoulement-de-trouble-de-congelation-automatique-tanaka-mpc-6\\\/\"]}]},{\"@type\":\"ImageObject\",\"inLanguage\":\"fr-FR\",\"@id\":\"https:\\\/\\\/webdesi-gn.fr\\\/dev_deltalabo\\\/produits\\\/petrochimie-chimie-nucleaire\\\/carbureacteurs-saf\\\/point-decoulement-de-trouble-de-congelation-automatique-tanaka-mpc-6\\\/#primaryimage\",\"url\":\"https:\\\/\\\/webdesi-gn.fr\\\/dev_deltalabo\\\/wp-content\\\/uploads\\\/2025\\\/11\\\/DELTA-LABO-mpc6-Tanaka.png\",\"contentUrl\":\"https:\\\/\\\/webdesi-gn.fr\\\/dev_deltalabo\\\/wp-content\\\/uploads\\\/2025\\\/11\\\/DELTA-LABO-mpc6-Tanaka.png\",\"width\":1209,\"height\":1209},{\"@type\":\"BreadcrumbList\",\"@id\":\"https:\\\/\\\/webdesi-gn.fr\\\/dev_deltalabo\\\/produits\\\/petrochimie-chimie-nucleaire\\\/carbureacteurs-saf\\\/point-decoulement-de-trouble-de-congelation-automatique-tanaka-mpc-6\\\/#breadcrumb\",\"itemListElement\":[{\"@type\":\"ListItem\",\"position\":1,\"name\":\"Accueil\",\"item\":\"https:\\\/\\\/webdesi-gn.fr\\\/dev_deltalabo\\\/\"},{\"@type\":\"ListItem\",\"position\":2,\"name\":\"Produits\",\"item\":\"https:\\\/\\\/webdesi-gn.fr\\\/dev_deltalabo\\\/produits\\\/\"},{\"@type\":\"ListItem\",\"position\":3,\"name\":\"Point d&rsquo;\u00e9coulement \\\/ de trouble \\\/ de cong\u00e9lation automatique TANAKA &#8211; mpc-6\"}]},{\"@type\":\"WebSite\",\"@id\":\"https:\\\/\\\/webdesi-gn.fr\\\/dev_deltalabo\\\/#website\",\"url\":\"https:\\\/\\\/webdesi-gn.fr\\\/dev_deltalabo\\\/\",\"name\":\"Delta Labo\",\"description\":\"Un site utilisant WordPress\",\"publisher\":{\"@id\":\"https:\\\/\\\/webdesi-gn.fr\\\/dev_deltalabo\\\/#organization\"},\"alternateName\":\"Delta Labo\",\"potentialAction\":[{\"@type\":\"SearchAction\",\"target\":{\"@type\":\"EntryPoint\",\"urlTemplate\":\"https:\\\/\\\/webdesi-gn.fr\\\/dev_deltalabo\\\/?s={search_term_string}\"},\"query-input\":{\"@type\":\"PropertyValueSpecification\",\"valueRequired\":true,\"valueName\":\"search_term_string\"}}],\"inLanguage\":\"fr-FR\"},{\"@type\":\"Organization\",\"@id\":\"https:\\\/\\\/webdesi-gn.fr\\\/dev_deltalabo\\\/#organization\",\"name\":\"DeltaLabo\",\"url\":\"https:\\\/\\\/webdesi-gn.fr\\\/dev_deltalabo\\\/\",\"logo\":{\"@type\":\"ImageObject\",\"inLanguage\":\"fr-FR\",\"@id\":\"https:\\\/\\\/webdesi-gn.fr\\\/dev_deltalabo\\\/#\\\/schema\\\/logo\\\/image\\\/\",\"url\":\"https:\\\/\\\/webdesi-gn.fr\\\/dev_deltalabo\\\/wp-content\\\/uploads\\\/2022\\\/07\\\/logo-deltalabo.png\",\"contentUrl\":\"https:\\\/\\\/webdesi-gn.fr\\\/dev_deltalabo\\\/wp-content\\\/uploads\\\/2022\\\/07\\\/logo-deltalabo.png\",\"width\":694,\"height\":306,\"caption\":\"DeltaLabo\"},\"image\":{\"@id\":\"https:\\\/\\\/webdesi-gn.fr\\\/dev_deltalabo\\\/#\\\/schema\\\/logo\\\/image\\\/\"}}]}<\/script>\n<!-- \/ Yoast SEO plugin. -->","yoast_head_json":{"title":"Point d'\u00e9coulement \/ de trouble \/ de cong\u00e9lation automatique TANAKA - mpc-6 | DeltaLabo","robots":{"index":"noindex","follow":"follow","max-snippet":"max-snippet:-1","max-image-preview":"max-image-preview:large","max-video-preview":"max-video-preview:-1"},"og_locale":"fr_FR","og_type":"article","og_title":"Point d'\u00e9coulement \/ de trouble \/ de cong\u00e9lation automatique TANAKA - mpc-6 | DeltaLabo","og_description":"Point d'\u00e9coulement\/de trouble\/de cong\u00e9lation automatique TANAKA - mpc-6 :  L'analyseur automatique TANAKA - mpc-6 permet de mesurer le point d'\u00e9coulement, le point de trouble et le point de cong\u00e9lation.  Cet instrument 3 en 1 ne n\u00e9cessite que 4,5 ml d'\u00e9chantillon et fournit des r\u00e9sultats rapides et pr\u00e9cis, ce qui le rend id\u00e9al pour les laboratoires et les industries qui analysent les huiles et les carburants. Par ailleurs, une temp\u00e9rature d'\u00e9chantillon de -90\u00b0C peut \u00eatre atteinte sans refroidisseur externe.  L'analyseur automatique TANAKA - mpc-6 est conforme aux normes :   ASTM D6749 pour le point d'\u00e9coulement  ASTM D7683 pour le point de trouble  ASTM D8615 pour le point de cong\u00e9lation des carbur\u00e9acteurs  T\u00e9l\u00e9charger la brochure produit : Testeur automatique de point de cong\u00e9lation TANAKA - mpc-6  Visionner l'utilisation du produit : Testeur automatique de point de cong\u00e9lation TANAKA - mpc-6","og_url":"https:\/\/webdesi-gn.fr\/dev_deltalabo\/produits\/petrochimie-chimie-nucleaire\/carbureacteurs-saf\/point-decoulement-de-trouble-de-congelation-automatique-tanaka-mpc-6\/","og_site_name":"DeltaLabo","article_modified_time":"2025-11-24T15:17:45+00:00","og_image":[{"width":1209,"height":1209,"url":"https:\/\/webdesi-gn.fr\/dev_deltalabo\/wp-content\/uploads\/2025\/11\/DELTA-LABO-mpc6-Tanaka.png","type":"image\/png"}],"twitter_card":"summary_large_image","twitter_misc":{"Dur\u00e9e de lecture estim\u00e9e":"1 minute"},"schema":{"@context":"https:\/\/schema.org","@graph":[{"@type":"WebPage","@id":"https:\/\/webdesi-gn.fr\/dev_deltalabo\/produits\/petrochimie-chimie-nucleaire\/carbureacteurs-saf\/point-decoulement-de-trouble-de-congelation-automatique-tanaka-mpc-6\/","url":"https:\/\/webdesi-gn.fr\/dev_deltalabo\/produits\/petrochimie-chimie-nucleaire\/carbureacteurs-saf\/point-decoulement-de-trouble-de-congelation-automatique-tanaka-mpc-6\/","name":"Point d'\u00e9coulement \/ de trouble \/ de cong\u00e9lation automatique TANAKA - mpc-6 | DeltaLabo","isPartOf":{"@id":"https:\/\/webdesi-gn.fr\/dev_deltalabo\/#website"},"primaryImageOfPage":{"@id":"https:\/\/webdesi-gn.fr\/dev_deltalabo\/produits\/petrochimie-chimie-nucleaire\/carbureacteurs-saf\/point-decoulement-de-trouble-de-congelation-automatique-tanaka-mpc-6\/#primaryimage"},"image":{"@id":"https:\/\/webdesi-gn.fr\/dev_deltalabo\/produits\/petrochimie-chimie-nucleaire\/carbureacteurs-saf\/point-decoulement-de-trouble-de-congelation-automatique-tanaka-mpc-6\/#primaryimage"},"thumbnailUrl":"https:\/\/webdesi-gn.fr\/dev_deltalabo\/wp-content\/uploads\/2025\/11\/DELTA-LABO-mpc6-Tanaka.png","datePublished":"2025-11-24T14:08:46+00:00","dateModified":"2025-11-24T15:17:45+00:00","breadcrumb":{"@id":"https:\/\/webdesi-gn.fr\/dev_deltalabo\/produits\/petrochimie-chimie-nucleaire\/carbureacteurs-saf\/point-decoulement-de-trouble-de-congelation-automatique-tanaka-mpc-6\/#breadcrumb"},"inLanguage":"fr-FR","potentialAction":[{"@type":"ReadAction","target":["https:\/\/webdesi-gn.fr\/dev_deltalabo\/produits\/petrochimie-chimie-nucleaire\/carbureacteurs-saf\/point-decoulement-de-trouble-de-congelation-automatique-tanaka-mpc-6\/"]}]},{"@type":"ImageObject","inLanguage":"fr-FR","@id":"https:\/\/webdesi-gn.fr\/dev_deltalabo\/produits\/petrochimie-chimie-nucleaire\/carbureacteurs-saf\/point-decoulement-de-trouble-de-congelation-automatique-tanaka-mpc-6\/#primaryimage","url":"https:\/\/webdesi-gn.fr\/dev_deltalabo\/wp-content\/uploads\/2025\/11\/DELTA-LABO-mpc6-Tanaka.png","contentUrl":"https:\/\/webdesi-gn.fr\/dev_deltalabo\/wp-content\/uploads\/2025\/11\/DELTA-LABO-mpc6-Tanaka.png","width":1209,"height":1209},{"@type":"BreadcrumbList","@id":"https:\/\/webdesi-gn.fr\/dev_deltalabo\/produits\/petrochimie-chimie-nucleaire\/carbureacteurs-saf\/point-decoulement-de-trouble-de-congelation-automatique-tanaka-mpc-6\/#breadcrumb","itemListElement":[{"@type":"ListItem","position":1,"name":"Accueil","item":"https:\/\/webdesi-gn.fr\/dev_deltalabo\/"},{"@type":"ListItem","position":2,"name":"Produits","item":"https:\/\/webdesi-gn.fr\/dev_deltalabo\/produits\/"},{"@type":"ListItem","position":3,"name":"Point d&rsquo;\u00e9coulement \/ de trouble \/ de cong\u00e9lation automatique TANAKA &#8211; mpc-6"}]},{"@type":"WebSite","@id":"https:\/\/webdesi-gn.fr\/dev_deltalabo\/#website","url":"https:\/\/webdesi-gn.fr\/dev_deltalabo\/","name":"Delta Labo","description":"Un site utilisant WordPress","publisher":{"@id":"https:\/\/webdesi-gn.fr\/dev_deltalabo\/#organization"},"alternateName":"Delta Labo","potentialAction":[{"@type":"SearchAction","target":{"@type":"EntryPoint","urlTemplate":"https:\/\/webdesi-gn.fr\/dev_deltalabo\/?s={search_term_string}"},"query-input":{"@type":"PropertyValueSpecification","valueRequired":true,"valueName":"search_term_string"}}],"inLanguage":"fr-FR"},{"@type":"Organization","@id":"https:\/\/webdesi-gn.fr\/dev_deltalabo\/#organization","name":"DeltaLabo","url":"https:\/\/webdesi-gn.fr\/dev_deltalabo\/","logo":{"@type":"ImageObject","inLanguage":"fr-FR","@id":"https:\/\/webdesi-gn.fr\/dev_deltalabo\/#\/schema\/logo\/image\/","url":"https:\/\/webdesi-gn.fr\/dev_deltalabo\/wp-content\/uploads\/2022\/07\/logo-deltalabo.png","contentUrl":"https:\/\/webdesi-gn.fr\/dev_deltalabo\/wp-content\/uploads\/2022\/07\/logo-deltalabo.png","width":694,"height":306,"caption":"DeltaLabo"},"image":{"@id":"https:\/\/webdesi-gn.fr\/dev_deltalabo\/#\/schema\/logo\/image\/"}}]}},"_links":{"self":[{"href":"https:\/\/webdesi-gn.fr\/dev_deltalabo\/wp-json\/wp\/v2\/product\/262465","targetHints":{"allow":["GET"]}}],"collection":[{"href":"https:\/\/webdesi-gn.fr\/dev_deltalabo\/wp-json\/wp\/v2\/product"}],"about":[{"href":"https:\/\/webdesi-gn.fr\/dev_deltalabo\/wp-json\/wp\/v2\/types\/product"}],"wp:featuredmedia":[{"embeddable":true,"href":"https:\/\/webdesi-gn.fr\/dev_deltalabo\/wp-json\/wp\/v2\/media\/262535"}],"wp:attachment":[{"href":"https:\/\/webdesi-gn.fr\/dev_deltalabo\/wp-json\/wp\/v2\/media?parent=262465"}],"wp:term":[{"taxonomy":"domaine","embeddable":true,"href":"https:\/\/webdesi-gn.fr\/dev_deltalabo\/wp-json\/wp\/v2\/domaine?post=262465"},{"taxonomy":"normes","embeddable":true,"href":"https:\/\/webdesi-gn.fr\/dev_deltalabo\/wp-json\/wp\/v2\/normes?post=262465"},{"taxonomy":"product_brand","embeddable":true,"href":"https:\/\/webdesi-gn.fr\/dev_deltalabo\/wp-json\/wp\/v2\/product_brand?post=262465"},{"taxonomy":"product_cat","embeddable":true,"href":"https:\/\/webdesi-gn.fr\/dev_deltalabo\/wp-json\/wp\/v2\/product_cat?post=262465"},{"taxonomy":"product_tag","embeddable":true,"href":"https:\/\/webdesi-gn.fr\/dev_deltalabo\/wp-json\/wp\/v2\/product_tag?post=262465"}],"curies":[{"name":"wp","href":"https:\/\/api.w.org\/{rel}","templated":true}]}}