{"id":262473,"date":"2025-11-24T15:09:07","date_gmt":"2025-11-24T14:09:07","guid":{"rendered":"https:\/\/webdesi-gn.fr\/dev_deltalabo\/?post_type=product&#038;p=262473"},"modified":"2025-11-24T15:21:14","modified_gmt":"2025-11-24T14:21:14","slug":"hydrometres-avec-echelles-en-masse-volumique-ou-densite","status":"publish","type":"product","link":"https:\/\/webdesi-gn.fr\/dev_deltalabo\/produits\/petrochimie-chimie-nucleaire\/hydrometres-avec-echelles-en-masse-volumique-ou-densite\/","title":{"rendered":"Hydrom\u00e8tres avec \u00e9chelles en masse volumique ou densit\u00e9"},"content":{"rendered":"","protected":false},"excerpt":{"rendered":"<p><strong><span dir=\"auto\">Hydrom\u00e8tres avec \u00e9chelles en masse volumique ou densit\u00e9<sup>\u00a0<\/sup><\/span><span dir=\"auto\">: <\/span><\/strong><\/p>\n<p><span dir=\"auto\">Les hydrom\u00e8tres avec \u00e9chelles en masse volumique ou densit\u00e9<\/span><span dir=\"auto\">\u00a0<\/span>sont des hydrom\u00e8tres \u00e0 usage g\u00e9n\u00e9ral principalement destin\u00e9s aux applications p\u00e9trochimiques. Ils existent en version API, conformes aux normes ASTM.<\/p>\n<ul>\n<li>Hydrom\u00e8tres avec et sans thermom\u00e8tre<\/li>\n<li>Echelle en papier<\/li>\n<li>Corps lest\u00e9<\/li>\n<li>Thermom\u00e8tre \u00e0 l&rsquo;int\u00e9rieur du corps de l&rsquo;hydrom\u00e8tre<\/li>\n<li>Capillaire rond<\/li>\n<\/ul>\n<p><strong>T\u00e9l\u00e9charger la brochure produit :<\/strong> <a href=\"https:\/\/www.deltalabo.fr\/wp-content\/uploads\/2025\/10\/Catalogue-densimetres-engl-DL.pdf\"><span dir=\"auto\">Hydrom\u00e8tres avec \u00e9chelles en masse volumique ou densit\u00e9<\/span><sup><span dir=\"auto\">\u00a0<\/span><\/sup><\/a><\/p>\n","protected":false},"featured_media":262540,"template":"","meta":{"_acf_changed":false,"site-sidebar-layout":"default","site-content-layout":"","ast-site-content-layout":"default","site-content-style":"default","site-sidebar-style":"default","ast-global-header-display":"","ast-banner-title-visibility":"","ast-main-header-display":"","ast-hfb-above-header-display":"","ast-hfb-below-header-display":"","ast-hfb-mobile-header-display":"","site-post-title":"","ast-breadcrumbs-content":"","ast-featured-img":"","footer-sml-layout":"","ast-disable-related-posts":"","theme-transparent-header-meta":"","adv-header-id-meta":"","stick-header-meta":"","header-above-stick-meta":"","header-main-stick-meta":"","header-below-stick-meta":"","astra-migrate-meta-layouts":"default","ast-page-background-enabled":"default","ast-page-background-meta":{"desktop":{"background-color":"var(--ast-global-color-5)","background-image":"","background-repeat":"repeat","background-position":"center center","background-size":"auto","background-attachment":"scroll","background-type":"","background-media":"","overlay-type":"","overlay-color":"","overlay-opacity":"","overlay-gradient":""},"tablet":{"background-color":"","background-image":"","background-repeat":"repeat","background-position":"center center","background-size":"auto","background-attachment":"scroll","background-type":"","background-media":"","overlay-type":"","overlay-color":"","overlay-opacity":"","overlay-gradient":""},"mobile":{"background-color":"","background-image":"","background-repeat":"repeat","background-position":"center center","background-size":"auto","background-attachment":"scroll","background-type":"","background-media":"","overlay-type":"","overlay-color":"","overlay-opacity":"","overlay-gradient":""}},"ast-content-background-meta":{"desktop":{"background-color":"var(--ast-global-color-4)","background-image":"","background-repeat":"repeat","background-position":"center center","background-size":"auto","background-attachment":"scroll","background-type":"","background-media":"","overlay-type":"","overlay-color":"","overlay-opacity":"","overlay-gradient":""},"tablet":{"background-color":"var(--ast-global-color-4)","background-image":"","background-repeat":"repeat","background-position":"center center","background-size":"auto","background-attachment":"scroll","background-type":"","background-media":"","overlay-type":"","overlay-color":"","overlay-opacity":"","overlay-gradient":""},"mobile":{"background-color":"var(--ast-global-color-4)","background-image":"","background-repeat":"repeat","background-position":"center center","background-size":"auto","background-attachment":"scroll","background-type":"","background-media":"","overlay-type":"","overlay-color":"","overlay-opacity":"","overlay-gradient":""}}},"domaine":[],"normes":[],"product_brand":[],"product_cat":[17240,94],"product_tag":[],"class_list":{"0":"post-262473","1":"product","2":"type-product","3":"status-publish","4":"has-post-thumbnail","6":"product_cat-categories","7":"product_cat-petrochimie-chimie-nucleaire","8":"desktop-align-left","9":"tablet-align-left","10":"mobile-align-left","12":"first","13":"instock","14":"shipping-taxable","15":"product-type-simple"},"acf":[],"yoast_head":"<!-- This site is optimized with the Yoast SEO plugin v27.4 - https:\/\/yoast.com\/product\/yoast-seo-wordpress\/ -->\n<title>Hydrom\u00e8tres avec \u00e9chelles en masse volumique ou densit\u00e9 | DeltaLabo<\/title>\n<meta name=\"robots\" content=\"noindex, follow, max-snippet:-1, max-image-preview:large, max-video-preview:-1\" \/>\n<meta property=\"og:locale\" content=\"fr_FR\" \/>\n<meta property=\"og:type\" content=\"article\" \/>\n<meta property=\"og:title\" content=\"Hydrom\u00e8tres avec \u00e9chelles en masse volumique ou densit\u00e9 | DeltaLabo\" \/>\n<meta property=\"og:description\" content=\"Hydrom\u00e8tres avec \u00e9chelles en masse volumique ou densit\u00e9\u00a0:   Les hydrom\u00e8tres avec \u00e9chelles en masse volumique ou densit\u00e9\u00a0sont des hydrom\u00e8tres \u00e0 usage g\u00e9n\u00e9ral principalement destin\u00e9s aux applications p\u00e9trochimiques. Ils existent en version API, conformes aux normes ASTM.   Hydrom\u00e8tres avec et sans thermom\u00e8tre  Echelle en papier  Corps lest\u00e9  Thermom\u00e8tre \u00e0 l&#039;int\u00e9rieur du corps de l&#039;hydrom\u00e8tre  Capillaire rond  T\u00e9l\u00e9charger la brochure produit : Hydrom\u00e8tres avec \u00e9chelles en masse volumique ou densit\u00e9\u00a0\" \/>\n<meta property=\"og:url\" content=\"https:\/\/webdesi-gn.fr\/dev_deltalabo\/produits\/petrochimie-chimie-nucleaire\/hydrometres-avec-echelles-en-masse-volumique-ou-densite\/\" \/>\n<meta property=\"og:site_name\" content=\"DeltaLabo\" \/>\n<meta property=\"article:modified_time\" content=\"2025-11-24T14:21:14+00:00\" \/>\n<meta property=\"og:image\" content=\"https:\/\/webdesi-gn.fr\/dev_deltalabo\/wp-content\/uploads\/2025\/11\/DELTA-LABO-Hydrometre.jpg\" \/>\n\t<meta property=\"og:image:width\" content=\"600\" \/>\n\t<meta property=\"og:image:height\" content=\"607\" \/>\n\t<meta property=\"og:image:type\" content=\"image\/jpeg\" \/>\n<meta name=\"twitter:card\" content=\"summary_large_image\" \/>\n<script type=\"application\/ld+json\" class=\"yoast-schema-graph\">{\"@context\":\"https:\\\/\\\/schema.org\",\"@graph\":[{\"@type\":\"WebPage\",\"@id\":\"https:\\\/\\\/webdesi-gn.fr\\\/dev_deltalabo\\\/produits\\\/petrochimie-chimie-nucleaire\\\/hydrometres-avec-echelles-en-masse-volumique-ou-densite\\\/\",\"url\":\"https:\\\/\\\/webdesi-gn.fr\\\/dev_deltalabo\\\/produits\\\/petrochimie-chimie-nucleaire\\\/hydrometres-avec-echelles-en-masse-volumique-ou-densite\\\/\",\"name\":\"Hydrom\u00e8tres avec \u00e9chelles en masse volumique ou densit\u00e9 | DeltaLabo\",\"isPartOf\":{\"@id\":\"https:\\\/\\\/webdesi-gn.fr\\\/dev_deltalabo\\\/#website\"},\"primaryImageOfPage\":{\"@id\":\"https:\\\/\\\/webdesi-gn.fr\\\/dev_deltalabo\\\/produits\\\/petrochimie-chimie-nucleaire\\\/hydrometres-avec-echelles-en-masse-volumique-ou-densite\\\/#primaryimage\"},\"image\":{\"@id\":\"https:\\\/\\\/webdesi-gn.fr\\\/dev_deltalabo\\\/produits\\\/petrochimie-chimie-nucleaire\\\/hydrometres-avec-echelles-en-masse-volumique-ou-densite\\\/#primaryimage\"},\"thumbnailUrl\":\"https:\\\/\\\/webdesi-gn.fr\\\/dev_deltalabo\\\/wp-content\\\/uploads\\\/2025\\\/11\\\/DELTA-LABO-Hydrometre.jpg\",\"datePublished\":\"2025-11-24T14:09:07+00:00\",\"dateModified\":\"2025-11-24T14:21:14+00:00\",\"breadcrumb\":{\"@id\":\"https:\\\/\\\/webdesi-gn.fr\\\/dev_deltalabo\\\/produits\\\/petrochimie-chimie-nucleaire\\\/hydrometres-avec-echelles-en-masse-volumique-ou-densite\\\/#breadcrumb\"},\"inLanguage\":\"fr-FR\",\"potentialAction\":[{\"@type\":\"ReadAction\",\"target\":[\"https:\\\/\\\/webdesi-gn.fr\\\/dev_deltalabo\\\/produits\\\/petrochimie-chimie-nucleaire\\\/hydrometres-avec-echelles-en-masse-volumique-ou-densite\\\/\"]}]},{\"@type\":\"ImageObject\",\"inLanguage\":\"fr-FR\",\"@id\":\"https:\\\/\\\/webdesi-gn.fr\\\/dev_deltalabo\\\/produits\\\/petrochimie-chimie-nucleaire\\\/hydrometres-avec-echelles-en-masse-volumique-ou-densite\\\/#primaryimage\",\"url\":\"https:\\\/\\\/webdesi-gn.fr\\\/dev_deltalabo\\\/wp-content\\\/uploads\\\/2025\\\/11\\\/DELTA-LABO-Hydrometre.jpg\",\"contentUrl\":\"https:\\\/\\\/webdesi-gn.fr\\\/dev_deltalabo\\\/wp-content\\\/uploads\\\/2025\\\/11\\\/DELTA-LABO-Hydrometre.jpg\",\"width\":600,\"height\":607},{\"@type\":\"BreadcrumbList\",\"@id\":\"https:\\\/\\\/webdesi-gn.fr\\\/dev_deltalabo\\\/produits\\\/petrochimie-chimie-nucleaire\\\/hydrometres-avec-echelles-en-masse-volumique-ou-densite\\\/#breadcrumb\",\"itemListElement\":[{\"@type\":\"ListItem\",\"position\":1,\"name\":\"Accueil\",\"item\":\"https:\\\/\\\/webdesi-gn.fr\\\/dev_deltalabo\\\/\"},{\"@type\":\"ListItem\",\"position\":2,\"name\":\"Produits\",\"item\":\"https:\\\/\\\/webdesi-gn.fr\\\/dev_deltalabo\\\/produits\\\/\"},{\"@type\":\"ListItem\",\"position\":3,\"name\":\"Hydrom\u00e8tres avec \u00e9chelles en masse volumique ou densit\u00e9\"}]},{\"@type\":\"WebSite\",\"@id\":\"https:\\\/\\\/webdesi-gn.fr\\\/dev_deltalabo\\\/#website\",\"url\":\"https:\\\/\\\/webdesi-gn.fr\\\/dev_deltalabo\\\/\",\"name\":\"Delta Labo\",\"description\":\"Un site utilisant WordPress\",\"publisher\":{\"@id\":\"https:\\\/\\\/webdesi-gn.fr\\\/dev_deltalabo\\\/#organization\"},\"alternateName\":\"Delta Labo\",\"potentialAction\":[{\"@type\":\"SearchAction\",\"target\":{\"@type\":\"EntryPoint\",\"urlTemplate\":\"https:\\\/\\\/webdesi-gn.fr\\\/dev_deltalabo\\\/?s={search_term_string}\"},\"query-input\":{\"@type\":\"PropertyValueSpecification\",\"valueRequired\":true,\"valueName\":\"search_term_string\"}}],\"inLanguage\":\"fr-FR\"},{\"@type\":\"Organization\",\"@id\":\"https:\\\/\\\/webdesi-gn.fr\\\/dev_deltalabo\\\/#organization\",\"name\":\"DeltaLabo\",\"url\":\"https:\\\/\\\/webdesi-gn.fr\\\/dev_deltalabo\\\/\",\"logo\":{\"@type\":\"ImageObject\",\"inLanguage\":\"fr-FR\",\"@id\":\"https:\\\/\\\/webdesi-gn.fr\\\/dev_deltalabo\\\/#\\\/schema\\\/logo\\\/image\\\/\",\"url\":\"https:\\\/\\\/webdesi-gn.fr\\\/dev_deltalabo\\\/wp-content\\\/uploads\\\/2022\\\/07\\\/logo-deltalabo.png\",\"contentUrl\":\"https:\\\/\\\/webdesi-gn.fr\\\/dev_deltalabo\\\/wp-content\\\/uploads\\\/2022\\\/07\\\/logo-deltalabo.png\",\"width\":694,\"height\":306,\"caption\":\"DeltaLabo\"},\"image\":{\"@id\":\"https:\\\/\\\/webdesi-gn.fr\\\/dev_deltalabo\\\/#\\\/schema\\\/logo\\\/image\\\/\"}}]}<\/script>\n<!-- \/ Yoast SEO plugin. -->","yoast_head_json":{"title":"Hydrom\u00e8tres avec \u00e9chelles en masse volumique ou densit\u00e9 | DeltaLabo","robots":{"index":"noindex","follow":"follow","max-snippet":"max-snippet:-1","max-image-preview":"max-image-preview:large","max-video-preview":"max-video-preview:-1"},"og_locale":"fr_FR","og_type":"article","og_title":"Hydrom\u00e8tres avec \u00e9chelles en masse volumique ou densit\u00e9 | DeltaLabo","og_description":"Hydrom\u00e8tres avec \u00e9chelles en masse volumique ou densit\u00e9\u00a0:   Les hydrom\u00e8tres avec \u00e9chelles en masse volumique ou densit\u00e9\u00a0sont des hydrom\u00e8tres \u00e0 usage g\u00e9n\u00e9ral principalement destin\u00e9s aux applications p\u00e9trochimiques. Ils existent en version API, conformes aux normes ASTM.   Hydrom\u00e8tres avec et sans thermom\u00e8tre  Echelle en papier  Corps lest\u00e9  Thermom\u00e8tre \u00e0 l'int\u00e9rieur du corps de l'hydrom\u00e8tre  Capillaire rond  T\u00e9l\u00e9charger la brochure produit : Hydrom\u00e8tres avec \u00e9chelles en masse volumique ou densit\u00e9\u00a0","og_url":"https:\/\/webdesi-gn.fr\/dev_deltalabo\/produits\/petrochimie-chimie-nucleaire\/hydrometres-avec-echelles-en-masse-volumique-ou-densite\/","og_site_name":"DeltaLabo","article_modified_time":"2025-11-24T14:21:14+00:00","og_image":[{"width":600,"height":607,"url":"https:\/\/webdesi-gn.fr\/dev_deltalabo\/wp-content\/uploads\/2025\/11\/DELTA-LABO-Hydrometre.jpg","type":"image\/jpeg"}],"twitter_card":"summary_large_image","schema":{"@context":"https:\/\/schema.org","@graph":[{"@type":"WebPage","@id":"https:\/\/webdesi-gn.fr\/dev_deltalabo\/produits\/petrochimie-chimie-nucleaire\/hydrometres-avec-echelles-en-masse-volumique-ou-densite\/","url":"https:\/\/webdesi-gn.fr\/dev_deltalabo\/produits\/petrochimie-chimie-nucleaire\/hydrometres-avec-echelles-en-masse-volumique-ou-densite\/","name":"Hydrom\u00e8tres avec \u00e9chelles en masse volumique ou densit\u00e9 | DeltaLabo","isPartOf":{"@id":"https:\/\/webdesi-gn.fr\/dev_deltalabo\/#website"},"primaryImageOfPage":{"@id":"https:\/\/webdesi-gn.fr\/dev_deltalabo\/produits\/petrochimie-chimie-nucleaire\/hydrometres-avec-echelles-en-masse-volumique-ou-densite\/#primaryimage"},"image":{"@id":"https:\/\/webdesi-gn.fr\/dev_deltalabo\/produits\/petrochimie-chimie-nucleaire\/hydrometres-avec-echelles-en-masse-volumique-ou-densite\/#primaryimage"},"thumbnailUrl":"https:\/\/webdesi-gn.fr\/dev_deltalabo\/wp-content\/uploads\/2025\/11\/DELTA-LABO-Hydrometre.jpg","datePublished":"2025-11-24T14:09:07+00:00","dateModified":"2025-11-24T14:21:14+00:00","breadcrumb":{"@id":"https:\/\/webdesi-gn.fr\/dev_deltalabo\/produits\/petrochimie-chimie-nucleaire\/hydrometres-avec-echelles-en-masse-volumique-ou-densite\/#breadcrumb"},"inLanguage":"fr-FR","potentialAction":[{"@type":"ReadAction","target":["https:\/\/webdesi-gn.fr\/dev_deltalabo\/produits\/petrochimie-chimie-nucleaire\/hydrometres-avec-echelles-en-masse-volumique-ou-densite\/"]}]},{"@type":"ImageObject","inLanguage":"fr-FR","@id":"https:\/\/webdesi-gn.fr\/dev_deltalabo\/produits\/petrochimie-chimie-nucleaire\/hydrometres-avec-echelles-en-masse-volumique-ou-densite\/#primaryimage","url":"https:\/\/webdesi-gn.fr\/dev_deltalabo\/wp-content\/uploads\/2025\/11\/DELTA-LABO-Hydrometre.jpg","contentUrl":"https:\/\/webdesi-gn.fr\/dev_deltalabo\/wp-content\/uploads\/2025\/11\/DELTA-LABO-Hydrometre.jpg","width":600,"height":607},{"@type":"BreadcrumbList","@id":"https:\/\/webdesi-gn.fr\/dev_deltalabo\/produits\/petrochimie-chimie-nucleaire\/hydrometres-avec-echelles-en-masse-volumique-ou-densite\/#breadcrumb","itemListElement":[{"@type":"ListItem","position":1,"name":"Accueil","item":"https:\/\/webdesi-gn.fr\/dev_deltalabo\/"},{"@type":"ListItem","position":2,"name":"Produits","item":"https:\/\/webdesi-gn.fr\/dev_deltalabo\/produits\/"},{"@type":"ListItem","position":3,"name":"Hydrom\u00e8tres avec \u00e9chelles en masse volumique ou densit\u00e9"}]},{"@type":"WebSite","@id":"https:\/\/webdesi-gn.fr\/dev_deltalabo\/#website","url":"https:\/\/webdesi-gn.fr\/dev_deltalabo\/","name":"Delta Labo","description":"Un site utilisant WordPress","publisher":{"@id":"https:\/\/webdesi-gn.fr\/dev_deltalabo\/#organization"},"alternateName":"Delta Labo","potentialAction":[{"@type":"SearchAction","target":{"@type":"EntryPoint","urlTemplate":"https:\/\/webdesi-gn.fr\/dev_deltalabo\/?s={search_term_string}"},"query-input":{"@type":"PropertyValueSpecification","valueRequired":true,"valueName":"search_term_string"}}],"inLanguage":"fr-FR"},{"@type":"Organization","@id":"https:\/\/webdesi-gn.fr\/dev_deltalabo\/#organization","name":"DeltaLabo","url":"https:\/\/webdesi-gn.fr\/dev_deltalabo\/","logo":{"@type":"ImageObject","inLanguage":"fr-FR","@id":"https:\/\/webdesi-gn.fr\/dev_deltalabo\/#\/schema\/logo\/image\/","url":"https:\/\/webdesi-gn.fr\/dev_deltalabo\/wp-content\/uploads\/2022\/07\/logo-deltalabo.png","contentUrl":"https:\/\/webdesi-gn.fr\/dev_deltalabo\/wp-content\/uploads\/2022\/07\/logo-deltalabo.png","width":694,"height":306,"caption":"DeltaLabo"},"image":{"@id":"https:\/\/webdesi-gn.fr\/dev_deltalabo\/#\/schema\/logo\/image\/"}}]}},"_links":{"self":[{"href":"https:\/\/webdesi-gn.fr\/dev_deltalabo\/wp-json\/wp\/v2\/product\/262473","targetHints":{"allow":["GET"]}}],"collection":[{"href":"https:\/\/webdesi-gn.fr\/dev_deltalabo\/wp-json\/wp\/v2\/product"}],"about":[{"href":"https:\/\/webdesi-gn.fr\/dev_deltalabo\/wp-json\/wp\/v2\/types\/product"}],"wp:featuredmedia":[{"embeddable":true,"href":"https:\/\/webdesi-gn.fr\/dev_deltalabo\/wp-json\/wp\/v2\/media\/262540"}],"wp:attachment":[{"href":"https:\/\/webdesi-gn.fr\/dev_deltalabo\/wp-json\/wp\/v2\/media?parent=262473"}],"wp:term":[{"taxonomy":"domaine","embeddable":true,"href":"https:\/\/webdesi-gn.fr\/dev_deltalabo\/wp-json\/wp\/v2\/domaine?post=262473"},{"taxonomy":"normes","embeddable":true,"href":"https:\/\/webdesi-gn.fr\/dev_deltalabo\/wp-json\/wp\/v2\/normes?post=262473"},{"taxonomy":"product_brand","embeddable":true,"href":"https:\/\/webdesi-gn.fr\/dev_deltalabo\/wp-json\/wp\/v2\/product_brand?post=262473"},{"taxonomy":"product_cat","embeddable":true,"href":"https:\/\/webdesi-gn.fr\/dev_deltalabo\/wp-json\/wp\/v2\/product_cat?post=262473"},{"taxonomy":"product_tag","embeddable":true,"href":"https:\/\/webdesi-gn.fr\/dev_deltalabo\/wp-json\/wp\/v2\/product_tag?post=262473"}],"curies":[{"name":"wp","href":"https:\/\/api.w.org\/{rel}","templated":true}]}}