{"id":262475,"date":"2025-11-24T15:09:08","date_gmt":"2025-11-24T14:09:08","guid":{"rendered":"https:\/\/webdesi-gn.fr\/dev_deltalabo\/?post_type=product&#038;p=262475"},"modified":"2025-11-24T15:30:17","modified_gmt":"2025-11-24T14:30:17","slug":"bains-dessai-antirouille-lin-tech-lt-rp-194000-4-m-lt-rp-194000-6-m","status":"publish","type":"product","link":"https:\/\/webdesi-gn.fr\/dev_deltalabo\/produits\/metallurgie-siderurgie\/bains-dessai-antirouille-lin-tech-lt-rp-194000-4-m-lt-rp-194000-6-m\/","title":{"rendered":"Bains d&rsquo;essai antirouille LIN-TECH &#8211; LT\/RP-194000-4\/M \/ LT\/RP-194000-6\/M"},"content":{"rendered":"","protected":false},"excerpt":{"rendered":"<p><strong>Bains d&rsquo;essai antirouille LIN-TECH &#8211; LT\/RP-194000-4\/M \/ LT\/RP-194000-6\/M :<\/strong><\/p>\n<p><span dir=\"auto\">Les bains d&rsquo;essai antirouille LIN-TECH &#8211; LT\/RP-194000-4\/M et LT\/RP-194000-6\/M permettent la d\u00e9termination des caract\u00e9ristiques antirouille de l&rsquo;huile min\u00e9rale en pr\u00e9sence d&rsquo;eau dans les produits p\u00e9troliers, les huiles lubrifiantes et autres fluides, selon les normes suivantes : ASTM D665, ASTM D3603, ASTM D5534, DIN 51585, IP 135 et ISO 7120.<\/span><\/p>\n<p>Cet instrument permet d&rsquo;\u00e9valuer la capacit\u00e9 des huiles min\u00e9rales inhib\u00e9es, (huiles pour turbines, hydrauliques etc&#8230;), \u00e0 pr\u00e9venir la rouille des parties m\u00e9talliques compos\u00e9es de fer, lors d&rsquo;un m\u00e9lange d\u2019eau avec l\u2019huile.<\/p>\n<p>Caract\u00e9ristiques :<\/p>\n<ul>\n<li><span dir=\"auto\">LT\/RP-194000-4\/M &#8211; 4 places \/\u00a0<\/span><span dir=\"auto\">LT\/RP-194000-6\/M &#8211;<\/span><span dir=\"auto\">\u00a06 places<\/span><\/li>\n<li><span dir=\"auto\">Bain d&rsquo;huile en acier inoxydable avec isolation \u00e0 double paroi &#8211; <\/span><span dir=\"auto\">16 litres\u00a0<\/span><\/li>\n<li><span dir=\"auto\">Radiateurs blind\u00e9s en acier inoxydable &#8211; 2000 watts<\/span><\/li>\n<li>Sonde PT100 de classe A pour v\u00e9rifier facilement la temp\u00e9rature du bain avec une r\u00e9solution de 0,1\u00b0C.<\/li>\n<li><span dir=\"auto\">Temp\u00e9rature atteignable : + 90\u00b0C<\/span><\/li>\n<li><span dir=\"auto\">R\u00e9glage du r\u00e9gime : 0-1000 tr\/min<\/span><\/li>\n<\/ul>\n<p><strong>T\u00e9l\u00e9charger la brochure produit :<\/strong> <a href=\"https:\/\/www.deltalabo.fr\/wp-content\/uploads\/2025\/10\/D665-rust-preventing-characteristics-engl-DL.pdf\">Bain d&rsquo;essai antirouille LIN-TECH &#8211; LT\/RP-194000-4\/M \/ LT\/RP-194000-6\/M<\/a><\/p>\n<p><strong>Visionner l&rsquo;utilisation du produit :<\/strong> <a href=\"https:\/\/youtu.be\/gnWHSOQ4dKQ?t=9\">Bain d&rsquo;essai antirouille LIN-TECH &#8211; LT\/RP-194000-4\/M \/ LT\/RP-194000-6\/M<\/a><\/p>\n<p>https:\/\/youtu.be\/gnWHSOQ4dKQ?t=4<\/p>\n","protected":false},"featured_media":262547,"template":"","meta":{"_acf_changed":false,"site-sidebar-layout":"default","site-content-layout":"","ast-site-content-layout":"default","site-content-style":"default","site-sidebar-style":"default","ast-global-header-display":"","ast-banner-title-visibility":"","ast-main-header-display":"","ast-hfb-above-header-display":"","ast-hfb-below-header-display":"","ast-hfb-mobile-header-display":"","site-post-title":"","ast-breadcrumbs-content":"","ast-featured-img":"","footer-sml-layout":"","ast-disable-related-posts":"","theme-transparent-header-meta":"","adv-header-id-meta":"","stick-header-meta":"","header-above-stick-meta":"","header-main-stick-meta":"","header-below-stick-meta":"","astra-migrate-meta-layouts":"default","ast-page-background-enabled":"default","ast-page-background-meta":{"desktop":{"background-color":"var(--ast-global-color-5)","background-image":"","background-repeat":"repeat","background-position":"center center","background-size":"auto","background-attachment":"scroll","background-type":"","background-media":"","overlay-type":"","overlay-color":"","overlay-opacity":"","overlay-gradient":""},"tablet":{"background-color":"","background-image":"","background-repeat":"repeat","background-position":"center center","background-size":"auto","background-attachment":"scroll","background-type":"","background-media":"","overlay-type":"","overlay-color":"","overlay-opacity":"","overlay-gradient":""},"mobile":{"background-color":"","background-image":"","background-repeat":"repeat","background-position":"center center","background-size":"auto","background-attachment":"scroll","background-type":"","background-media":"","overlay-type":"","overlay-color":"","overlay-opacity":"","overlay-gradient":""}},"ast-content-background-meta":{"desktop":{"background-color":"var(--ast-global-color-4)","background-image":"","background-repeat":"repeat","background-position":"center center","background-size":"auto","background-attachment":"scroll","background-type":"","background-media":"","overlay-type":"","overlay-color":"","overlay-opacity":"","overlay-gradient":""},"tablet":{"background-color":"var(--ast-global-color-4)","background-image":"","background-repeat":"repeat","background-position":"center center","background-size":"auto","background-attachment":"scroll","background-type":"","background-media":"","overlay-type":"","overlay-color":"","overlay-opacity":"","overlay-gradient":""},"mobile":{"background-color":"var(--ast-global-color-4)","background-image":"","background-repeat":"repeat","background-position":"center center","background-size":"auto","background-attachment":"scroll","background-type":"","background-media":"","overlay-type":"","overlay-color":"","overlay-opacity":"","overlay-gradient":""}}},"domaine":[],"normes":[],"product_brand":[],"product_cat":[17240,86],"product_tag":[],"class_list":{"0":"post-262475","1":"product","2":"type-product","3":"status-publish","4":"has-post-thumbnail","6":"product_cat-categories","7":"product_cat-metallurgie-siderurgie","8":"desktop-align-left","9":"tablet-align-left","10":"mobile-align-left","12":"first","13":"instock","14":"shipping-taxable","15":"product-type-simple"},"acf":[],"yoast_head":"<!-- This site is optimized with the Yoast SEO plugin v27.4 - https:\/\/yoast.com\/product\/yoast-seo-wordpress\/ -->\n<title>Bains d&#039;essai antirouille LIN-TECH - LT\/RP-194000-4\/M \/ LT\/RP-194000-6\/M | DeltaLabo<\/title>\n<meta name=\"robots\" content=\"noindex, follow, max-snippet:-1, max-image-preview:large, max-video-preview:-1\" \/>\n<meta property=\"og:locale\" content=\"fr_FR\" \/>\n<meta property=\"og:type\" content=\"article\" \/>\n<meta property=\"og:title\" content=\"Bains d&#039;essai antirouille LIN-TECH - LT\/RP-194000-4\/M \/ LT\/RP-194000-6\/M | DeltaLabo\" \/>\n<meta property=\"og:description\" content=\"Bains d&#039;essai antirouille LIN-TECH - LT\/RP-194000-4\/M \/ LT\/RP-194000-6\/M :  Les bains d&#039;essai antirouille LIN-TECH - LT\/RP-194000-4\/M et LT\/RP-194000-6\/M permettent la d\u00e9termination des caract\u00e9ristiques antirouille de l&#039;huile min\u00e9rale en pr\u00e9sence d&#039;eau dans les produits p\u00e9troliers, les huiles lubrifiantes et autres fluides, selon les normes suivantes : ASTM D665, ASTM D3603, ASTM D5534, DIN 51585, IP 135 et ISO 7120.  Cet instrument permet d&#039;\u00e9valuer la capacit\u00e9 des huiles min\u00e9rales inhib\u00e9es, (huiles pour turbines, hydrauliques etc...), \u00e0 pr\u00e9venir la rouille des parties m\u00e9talliques compos\u00e9es de fer, lors d&#039;un m\u00e9lange d\u2019eau avec l\u2019huile.  Caract\u00e9ristiques :   LT\/RP-194000-4\/M - 4 places \/\u00a0LT\/RP-194000-6\/M -\u00a06 places  Bain d&#039;huile en acier inoxydable avec isolation \u00e0 double paroi - 16 litres\u00a0  Radiateurs blind\u00e9s en acier inoxydable - 2000 watts  Sonde PT100 de classe A pour v\u00e9rifier facilement la temp\u00e9rature du bain avec une r\u00e9solution de 0,1\u00b0C.  Temp\u00e9rature atteignable : + 90\u00b0C  R\u00e9glage du r\u00e9gime : 0-1000 tr\/min  T\u00e9l\u00e9charger la brochure produit : Bain d&#039;essai antirouille LIN-TECH - LT\/RP-194000-4\/M \/ LT\/RP-194000-6\/M  Visionner l&#039;utilisation du produit : Bain d&#039;essai antirouille LIN-TECH - LT\/RP-194000-4\/M \/ LT\/RP-194000-6\/M  https:\/\/youtu.be\/gnWHSOQ4dKQ?t=4\" \/>\n<meta property=\"og:url\" content=\"https:\/\/webdesi-gn.fr\/dev_deltalabo\/produits\/metallurgie-siderurgie\/bains-dessai-antirouille-lin-tech-lt-rp-194000-4-m-lt-rp-194000-6-m\/\" \/>\n<meta property=\"og:site_name\" content=\"DeltaLabo\" \/>\n<meta property=\"article:modified_time\" content=\"2025-11-24T14:30:17+00:00\" \/>\n<meta property=\"og:image\" content=\"https:\/\/webdesi-gn.fr\/dev_deltalabo\/wp-content\/uploads\/2025\/11\/DELTA-LABO-Instrument-pour-antirouille-LINTECH.jpg\" \/>\n\t<meta property=\"og:image:width\" content=\"1000\" \/>\n\t<meta property=\"og:image:height\" content=\"1366\" \/>\n\t<meta property=\"og:image:type\" content=\"image\/jpeg\" \/>\n<meta name=\"twitter:card\" content=\"summary_large_image\" \/>\n<script type=\"application\/ld+json\" class=\"yoast-schema-graph\">{\"@context\":\"https:\\\/\\\/schema.org\",\"@graph\":[{\"@type\":\"WebPage\",\"@id\":\"https:\\\/\\\/webdesi-gn.fr\\\/dev_deltalabo\\\/produits\\\/metallurgie-siderurgie\\\/bains-dessai-antirouille-lin-tech-lt-rp-194000-4-m-lt-rp-194000-6-m\\\/\",\"url\":\"https:\\\/\\\/webdesi-gn.fr\\\/dev_deltalabo\\\/produits\\\/metallurgie-siderurgie\\\/bains-dessai-antirouille-lin-tech-lt-rp-194000-4-m-lt-rp-194000-6-m\\\/\",\"name\":\"Bains d'essai antirouille LIN-TECH - LT\\\/RP-194000-4\\\/M \\\/ LT\\\/RP-194000-6\\\/M | DeltaLabo\",\"isPartOf\":{\"@id\":\"https:\\\/\\\/webdesi-gn.fr\\\/dev_deltalabo\\\/#website\"},\"primaryImageOfPage\":{\"@id\":\"https:\\\/\\\/webdesi-gn.fr\\\/dev_deltalabo\\\/produits\\\/metallurgie-siderurgie\\\/bains-dessai-antirouille-lin-tech-lt-rp-194000-4-m-lt-rp-194000-6-m\\\/#primaryimage\"},\"image\":{\"@id\":\"https:\\\/\\\/webdesi-gn.fr\\\/dev_deltalabo\\\/produits\\\/metallurgie-siderurgie\\\/bains-dessai-antirouille-lin-tech-lt-rp-194000-4-m-lt-rp-194000-6-m\\\/#primaryimage\"},\"thumbnailUrl\":\"https:\\\/\\\/webdesi-gn.fr\\\/dev_deltalabo\\\/wp-content\\\/uploads\\\/2025\\\/11\\\/DELTA-LABO-Instrument-pour-antirouille-LINTECH.jpg\",\"datePublished\":\"2025-11-24T14:09:08+00:00\",\"dateModified\":\"2025-11-24T14:30:17+00:00\",\"breadcrumb\":{\"@id\":\"https:\\\/\\\/webdesi-gn.fr\\\/dev_deltalabo\\\/produits\\\/metallurgie-siderurgie\\\/bains-dessai-antirouille-lin-tech-lt-rp-194000-4-m-lt-rp-194000-6-m\\\/#breadcrumb\"},\"inLanguage\":\"fr-FR\",\"potentialAction\":[{\"@type\":\"ReadAction\",\"target\":[\"https:\\\/\\\/webdesi-gn.fr\\\/dev_deltalabo\\\/produits\\\/metallurgie-siderurgie\\\/bains-dessai-antirouille-lin-tech-lt-rp-194000-4-m-lt-rp-194000-6-m\\\/\"]}]},{\"@type\":\"ImageObject\",\"inLanguage\":\"fr-FR\",\"@id\":\"https:\\\/\\\/webdesi-gn.fr\\\/dev_deltalabo\\\/produits\\\/metallurgie-siderurgie\\\/bains-dessai-antirouille-lin-tech-lt-rp-194000-4-m-lt-rp-194000-6-m\\\/#primaryimage\",\"url\":\"https:\\\/\\\/webdesi-gn.fr\\\/dev_deltalabo\\\/wp-content\\\/uploads\\\/2025\\\/11\\\/DELTA-LABO-Instrument-pour-antirouille-LINTECH.jpg\",\"contentUrl\":\"https:\\\/\\\/webdesi-gn.fr\\\/dev_deltalabo\\\/wp-content\\\/uploads\\\/2025\\\/11\\\/DELTA-LABO-Instrument-pour-antirouille-LINTECH.jpg\",\"width\":1000,\"height\":1366},{\"@type\":\"BreadcrumbList\",\"@id\":\"https:\\\/\\\/webdesi-gn.fr\\\/dev_deltalabo\\\/produits\\\/metallurgie-siderurgie\\\/bains-dessai-antirouille-lin-tech-lt-rp-194000-4-m-lt-rp-194000-6-m\\\/#breadcrumb\",\"itemListElement\":[{\"@type\":\"ListItem\",\"position\":1,\"name\":\"Accueil\",\"item\":\"https:\\\/\\\/webdesi-gn.fr\\\/dev_deltalabo\\\/\"},{\"@type\":\"ListItem\",\"position\":2,\"name\":\"Produits\",\"item\":\"https:\\\/\\\/webdesi-gn.fr\\\/dev_deltalabo\\\/produits\\\/\"},{\"@type\":\"ListItem\",\"position\":3,\"name\":\"Bains d&rsquo;essai antirouille LIN-TECH &#8211; LT\\\/RP-194000-4\\\/M \\\/ LT\\\/RP-194000-6\\\/M\"}]},{\"@type\":\"WebSite\",\"@id\":\"https:\\\/\\\/webdesi-gn.fr\\\/dev_deltalabo\\\/#website\",\"url\":\"https:\\\/\\\/webdesi-gn.fr\\\/dev_deltalabo\\\/\",\"name\":\"Delta Labo\",\"description\":\"Un site utilisant WordPress\",\"publisher\":{\"@id\":\"https:\\\/\\\/webdesi-gn.fr\\\/dev_deltalabo\\\/#organization\"},\"alternateName\":\"Delta Labo\",\"potentialAction\":[{\"@type\":\"SearchAction\",\"target\":{\"@type\":\"EntryPoint\",\"urlTemplate\":\"https:\\\/\\\/webdesi-gn.fr\\\/dev_deltalabo\\\/?s={search_term_string}\"},\"query-input\":{\"@type\":\"PropertyValueSpecification\",\"valueRequired\":true,\"valueName\":\"search_term_string\"}}],\"inLanguage\":\"fr-FR\"},{\"@type\":\"Organization\",\"@id\":\"https:\\\/\\\/webdesi-gn.fr\\\/dev_deltalabo\\\/#organization\",\"name\":\"DeltaLabo\",\"url\":\"https:\\\/\\\/webdesi-gn.fr\\\/dev_deltalabo\\\/\",\"logo\":{\"@type\":\"ImageObject\",\"inLanguage\":\"fr-FR\",\"@id\":\"https:\\\/\\\/webdesi-gn.fr\\\/dev_deltalabo\\\/#\\\/schema\\\/logo\\\/image\\\/\",\"url\":\"https:\\\/\\\/webdesi-gn.fr\\\/dev_deltalabo\\\/wp-content\\\/uploads\\\/2022\\\/07\\\/logo-deltalabo.png\",\"contentUrl\":\"https:\\\/\\\/webdesi-gn.fr\\\/dev_deltalabo\\\/wp-content\\\/uploads\\\/2022\\\/07\\\/logo-deltalabo.png\",\"width\":694,\"height\":306,\"caption\":\"DeltaLabo\"},\"image\":{\"@id\":\"https:\\\/\\\/webdesi-gn.fr\\\/dev_deltalabo\\\/#\\\/schema\\\/logo\\\/image\\\/\"}}]}<\/script>\n<!-- \/ Yoast SEO plugin. -->","yoast_head_json":{"title":"Bains d'essai antirouille LIN-TECH - LT\/RP-194000-4\/M \/ LT\/RP-194000-6\/M | DeltaLabo","robots":{"index":"noindex","follow":"follow","max-snippet":"max-snippet:-1","max-image-preview":"max-image-preview:large","max-video-preview":"max-video-preview:-1"},"og_locale":"fr_FR","og_type":"article","og_title":"Bains d'essai antirouille LIN-TECH - LT\/RP-194000-4\/M \/ LT\/RP-194000-6\/M | DeltaLabo","og_description":"Bains d'essai antirouille LIN-TECH - LT\/RP-194000-4\/M \/ LT\/RP-194000-6\/M :  Les bains d'essai antirouille LIN-TECH - LT\/RP-194000-4\/M et LT\/RP-194000-6\/M permettent la d\u00e9termination des caract\u00e9ristiques antirouille de l'huile min\u00e9rale en pr\u00e9sence d'eau dans les produits p\u00e9troliers, les huiles lubrifiantes et autres fluides, selon les normes suivantes : ASTM D665, ASTM D3603, ASTM D5534, DIN 51585, IP 135 et ISO 7120.  Cet instrument permet d'\u00e9valuer la capacit\u00e9 des huiles min\u00e9rales inhib\u00e9es, (huiles pour turbines, hydrauliques etc...), \u00e0 pr\u00e9venir la rouille des parties m\u00e9talliques compos\u00e9es de fer, lors d'un m\u00e9lange d\u2019eau avec l\u2019huile.  Caract\u00e9ristiques :   LT\/RP-194000-4\/M - 4 places \/\u00a0LT\/RP-194000-6\/M -\u00a06 places  Bain d'huile en acier inoxydable avec isolation \u00e0 double paroi - 16 litres\u00a0  Radiateurs blind\u00e9s en acier inoxydable - 2000 watts  Sonde PT100 de classe A pour v\u00e9rifier facilement la temp\u00e9rature du bain avec une r\u00e9solution de 0,1\u00b0C.  Temp\u00e9rature atteignable : + 90\u00b0C  R\u00e9glage du r\u00e9gime : 0-1000 tr\/min  T\u00e9l\u00e9charger la brochure produit : Bain d'essai antirouille LIN-TECH - LT\/RP-194000-4\/M \/ LT\/RP-194000-6\/M  Visionner l'utilisation du produit : Bain d'essai antirouille LIN-TECH - LT\/RP-194000-4\/M \/ LT\/RP-194000-6\/M  https:\/\/youtu.be\/gnWHSOQ4dKQ?t=4","og_url":"https:\/\/webdesi-gn.fr\/dev_deltalabo\/produits\/metallurgie-siderurgie\/bains-dessai-antirouille-lin-tech-lt-rp-194000-4-m-lt-rp-194000-6-m\/","og_site_name":"DeltaLabo","article_modified_time":"2025-11-24T14:30:17+00:00","og_image":[{"width":1000,"height":1366,"url":"https:\/\/webdesi-gn.fr\/dev_deltalabo\/wp-content\/uploads\/2025\/11\/DELTA-LABO-Instrument-pour-antirouille-LINTECH.jpg","type":"image\/jpeg"}],"twitter_card":"summary_large_image","schema":{"@context":"https:\/\/schema.org","@graph":[{"@type":"WebPage","@id":"https:\/\/webdesi-gn.fr\/dev_deltalabo\/produits\/metallurgie-siderurgie\/bains-dessai-antirouille-lin-tech-lt-rp-194000-4-m-lt-rp-194000-6-m\/","url":"https:\/\/webdesi-gn.fr\/dev_deltalabo\/produits\/metallurgie-siderurgie\/bains-dessai-antirouille-lin-tech-lt-rp-194000-4-m-lt-rp-194000-6-m\/","name":"Bains d'essai antirouille LIN-TECH - LT\/RP-194000-4\/M \/ LT\/RP-194000-6\/M | DeltaLabo","isPartOf":{"@id":"https:\/\/webdesi-gn.fr\/dev_deltalabo\/#website"},"primaryImageOfPage":{"@id":"https:\/\/webdesi-gn.fr\/dev_deltalabo\/produits\/metallurgie-siderurgie\/bains-dessai-antirouille-lin-tech-lt-rp-194000-4-m-lt-rp-194000-6-m\/#primaryimage"},"image":{"@id":"https:\/\/webdesi-gn.fr\/dev_deltalabo\/produits\/metallurgie-siderurgie\/bains-dessai-antirouille-lin-tech-lt-rp-194000-4-m-lt-rp-194000-6-m\/#primaryimage"},"thumbnailUrl":"https:\/\/webdesi-gn.fr\/dev_deltalabo\/wp-content\/uploads\/2025\/11\/DELTA-LABO-Instrument-pour-antirouille-LINTECH.jpg","datePublished":"2025-11-24T14:09:08+00:00","dateModified":"2025-11-24T14:30:17+00:00","breadcrumb":{"@id":"https:\/\/webdesi-gn.fr\/dev_deltalabo\/produits\/metallurgie-siderurgie\/bains-dessai-antirouille-lin-tech-lt-rp-194000-4-m-lt-rp-194000-6-m\/#breadcrumb"},"inLanguage":"fr-FR","potentialAction":[{"@type":"ReadAction","target":["https:\/\/webdesi-gn.fr\/dev_deltalabo\/produits\/metallurgie-siderurgie\/bains-dessai-antirouille-lin-tech-lt-rp-194000-4-m-lt-rp-194000-6-m\/"]}]},{"@type":"ImageObject","inLanguage":"fr-FR","@id":"https:\/\/webdesi-gn.fr\/dev_deltalabo\/produits\/metallurgie-siderurgie\/bains-dessai-antirouille-lin-tech-lt-rp-194000-4-m-lt-rp-194000-6-m\/#primaryimage","url":"https:\/\/webdesi-gn.fr\/dev_deltalabo\/wp-content\/uploads\/2025\/11\/DELTA-LABO-Instrument-pour-antirouille-LINTECH.jpg","contentUrl":"https:\/\/webdesi-gn.fr\/dev_deltalabo\/wp-content\/uploads\/2025\/11\/DELTA-LABO-Instrument-pour-antirouille-LINTECH.jpg","width":1000,"height":1366},{"@type":"BreadcrumbList","@id":"https:\/\/webdesi-gn.fr\/dev_deltalabo\/produits\/metallurgie-siderurgie\/bains-dessai-antirouille-lin-tech-lt-rp-194000-4-m-lt-rp-194000-6-m\/#breadcrumb","itemListElement":[{"@type":"ListItem","position":1,"name":"Accueil","item":"https:\/\/webdesi-gn.fr\/dev_deltalabo\/"},{"@type":"ListItem","position":2,"name":"Produits","item":"https:\/\/webdesi-gn.fr\/dev_deltalabo\/produits\/"},{"@type":"ListItem","position":3,"name":"Bains d&rsquo;essai antirouille LIN-TECH &#8211; LT\/RP-194000-4\/M \/ LT\/RP-194000-6\/M"}]},{"@type":"WebSite","@id":"https:\/\/webdesi-gn.fr\/dev_deltalabo\/#website","url":"https:\/\/webdesi-gn.fr\/dev_deltalabo\/","name":"Delta Labo","description":"Un site utilisant WordPress","publisher":{"@id":"https:\/\/webdesi-gn.fr\/dev_deltalabo\/#organization"},"alternateName":"Delta Labo","potentialAction":[{"@type":"SearchAction","target":{"@type":"EntryPoint","urlTemplate":"https:\/\/webdesi-gn.fr\/dev_deltalabo\/?s={search_term_string}"},"query-input":{"@type":"PropertyValueSpecification","valueRequired":true,"valueName":"search_term_string"}}],"inLanguage":"fr-FR"},{"@type":"Organization","@id":"https:\/\/webdesi-gn.fr\/dev_deltalabo\/#organization","name":"DeltaLabo","url":"https:\/\/webdesi-gn.fr\/dev_deltalabo\/","logo":{"@type":"ImageObject","inLanguage":"fr-FR","@id":"https:\/\/webdesi-gn.fr\/dev_deltalabo\/#\/schema\/logo\/image\/","url":"https:\/\/webdesi-gn.fr\/dev_deltalabo\/wp-content\/uploads\/2022\/07\/logo-deltalabo.png","contentUrl":"https:\/\/webdesi-gn.fr\/dev_deltalabo\/wp-content\/uploads\/2022\/07\/logo-deltalabo.png","width":694,"height":306,"caption":"DeltaLabo"},"image":{"@id":"https:\/\/webdesi-gn.fr\/dev_deltalabo\/#\/schema\/logo\/image\/"}}]}},"_links":{"self":[{"href":"https:\/\/webdesi-gn.fr\/dev_deltalabo\/wp-json\/wp\/v2\/product\/262475","targetHints":{"allow":["GET"]}}],"collection":[{"href":"https:\/\/webdesi-gn.fr\/dev_deltalabo\/wp-json\/wp\/v2\/product"}],"about":[{"href":"https:\/\/webdesi-gn.fr\/dev_deltalabo\/wp-json\/wp\/v2\/types\/product"}],"wp:featuredmedia":[{"embeddable":true,"href":"https:\/\/webdesi-gn.fr\/dev_deltalabo\/wp-json\/wp\/v2\/media\/262547"}],"wp:attachment":[{"href":"https:\/\/webdesi-gn.fr\/dev_deltalabo\/wp-json\/wp\/v2\/media?parent=262475"}],"wp:term":[{"taxonomy":"domaine","embeddable":true,"href":"https:\/\/webdesi-gn.fr\/dev_deltalabo\/wp-json\/wp\/v2\/domaine?post=262475"},{"taxonomy":"normes","embeddable":true,"href":"https:\/\/webdesi-gn.fr\/dev_deltalabo\/wp-json\/wp\/v2\/normes?post=262475"},{"taxonomy":"product_brand","embeddable":true,"href":"https:\/\/webdesi-gn.fr\/dev_deltalabo\/wp-json\/wp\/v2\/product_brand?post=262475"},{"taxonomy":"product_cat","embeddable":true,"href":"https:\/\/webdesi-gn.fr\/dev_deltalabo\/wp-json\/wp\/v2\/product_cat?post=262475"},{"taxonomy":"product_tag","embeddable":true,"href":"https:\/\/webdesi-gn.fr\/dev_deltalabo\/wp-json\/wp\/v2\/product_tag?post=262475"}],"curies":[{"name":"wp","href":"https:\/\/api.w.org\/{rel}","templated":true}]}}