{"id":262476,"date":"2025-11-24T15:09:08","date_gmt":"2025-11-24T14:09:08","guid":{"rendered":"https:\/\/webdesi-gn.fr\/dev_deltalabo\/?post_type=product&#038;p=262476"},"modified":"2025-11-24T16:21:14","modified_gmt":"2025-11-24T15:21:14","slug":"spectrophotometres-uv-vis-shimadzu-uv-2600i-plus-uv-2700i-plus","status":"publish","type":"product","link":"https:\/\/webdesi-gn.fr\/dev_deltalabo\/produits\/categories\/spectrophotometres-uv-vis-shimadzu-uv-2600i-plus-uv-2700i-plus\/","title":{"rendered":"Spectrophotom\u00e8tres UV-VIS Shimadzu &#8211; UV-2600i Plus \/ UV-2700i Plus"},"content":{"rendered":"","protected":false},"excerpt":{"rendered":"<p><strong>Spectrophotom\u00e8tres UV-VIS Shimadzu &#8211; UV-2600i Plus \/ UV-2700i Plus :\u00a0<\/strong><\/p>\n<p class=\"u-noMargin--top\">Les spectrophotom\u00e8tres UV-VIS Shimadzu &#8211; UV-2600i Plus \/ UV-2700i Plus sont des spectrophotom\u00e8tres UV \u00e0 Plage Moyenne, polyvalents et extensibles.<\/p>\n<p>Le UV-2600i Plus est un syst\u00e8me \u00e0 monochromateur unique avec une plage de longueur d&rsquo;onde extensible jusqu&rsquo;\u00e0 1400 nm en utilisant une sph\u00e8re d&rsquo;int\u00e9gration en option, ce qui le rend adaptable \u00e0 divers besoins.<\/p>\n<p>Le UV-2700i Plus est un syst\u00e8me \u00e0 double monochromateur capable de mesures \u00e0 8 Abs, id\u00e9al pour les \u00e9chantillons \u00e0 faible transmittance.<\/p>\n<p>Les deux mod\u00e8les sont \u00e9quip\u00e9s du logiciel intuitif Shimadzu LabSolutions UV-Vis, garantissant l&rsquo;int\u00e9grit\u00e9 des donn\u00e9es et la facilit\u00e9 d&rsquo;utilisation.<\/p>\n<p><strong>T\u00e9l\u00e9charger la brochure produit :<\/strong> <a href=\"https:\/\/www.deltalabo.fr\/wp-content\/uploads\/2025\/10\/UV-2700iPlus-documentation-engl-DL.pdf\">Spectrophotom\u00e8tres UV-VIS Shimadzu &#8211; UV-2600i Plus \/ UV-2700i Plus<\/a><\/p>\n<p><strong>Application selon ASTM D1840 :<\/strong> <a href=\"https:\/\/www.deltalabo.fr\/wp-content\/uploads\/2025\/10\/Note-dapplication-Naphthalenes-UV-2600i-ASTM-D1840-DL.pdf\">Spectrophotom\u00e8tres UV-VIS Shimadzu &#8211; UV-2600i Plus \/ UV-2700i Plus<\/a><\/p>\n","protected":false},"featured_media":262548,"template":"","meta":{"_acf_changed":false,"site-sidebar-layout":"default","site-content-layout":"","ast-site-content-layout":"default","site-content-style":"default","site-sidebar-style":"default","ast-global-header-display":"","ast-banner-title-visibility":"","ast-main-header-display":"","ast-hfb-above-header-display":"","ast-hfb-below-header-display":"","ast-hfb-mobile-header-display":"","site-post-title":"","ast-breadcrumbs-content":"","ast-featured-img":"","footer-sml-layout":"","ast-disable-related-posts":"","theme-transparent-header-meta":"default","adv-header-id-meta":"","stick-header-meta":"","header-above-stick-meta":"","header-main-stick-meta":"","header-below-stick-meta":"","astra-migrate-meta-layouts":"set","ast-page-background-enabled":"default","ast-page-background-meta":{"desktop":{"background-color":"var(--ast-global-color-5)","background-image":"","background-repeat":"repeat","background-position":"center center","background-size":"auto","background-attachment":"scroll","background-type":"","background-media":"","overlay-type":"","overlay-color":"","overlay-opacity":"","overlay-gradient":""},"tablet":{"background-color":"","background-image":"","background-repeat":"repeat","background-position":"center center","background-size":"auto","background-attachment":"scroll","background-type":"","background-media":"","overlay-type":"","overlay-color":"","overlay-opacity":"","overlay-gradient":""},"mobile":{"background-color":"","background-image":"","background-repeat":"repeat","background-position":"center center","background-size":"auto","background-attachment":"scroll","background-type":"","background-media":"","overlay-type":"","overlay-color":"","overlay-opacity":"","overlay-gradient":""}},"ast-content-background-meta":{"desktop":{"background-color":"var(--ast-global-color-4)","background-image":"","background-repeat":"repeat","background-position":"center center","background-size":"auto","background-attachment":"scroll","background-type":"","background-media":"","overlay-type":"","overlay-color":"","overlay-opacity":"","overlay-gradient":""},"tablet":{"background-color":"var(--ast-global-color-4)","background-image":"","background-repeat":"repeat","background-position":"center center","background-size":"auto","background-attachment":"scroll","background-type":"","background-media":"","overlay-type":"","overlay-color":"","overlay-opacity":"","overlay-gradient":""},"mobile":{"background-color":"var(--ast-global-color-4)","background-image":"","background-repeat":"repeat","background-position":"center center","background-size":"auto","background-attachment":"scroll","background-type":"","background-media":"","overlay-type":"","overlay-color":"","overlay-opacity":"","overlay-gradient":""}}},"domaine":[],"normes":[],"product_brand":[],"product_cat":[17240],"product_tag":[],"class_list":{"0":"post-262476","1":"product","2":"type-product","3":"status-publish","4":"has-post-thumbnail","6":"product_cat-categories","7":"desktop-align-left","8":"tablet-align-left","9":"mobile-align-left","11":"first","12":"instock","13":"shipping-taxable","14":"product-type-simple"},"acf":[],"yoast_head":"<!-- This site is optimized with the Yoast SEO plugin v27.4 - https:\/\/yoast.com\/product\/yoast-seo-wordpress\/ -->\n<title>Spectrophotom\u00e8tres UV-VIS Shimadzu - UV-2600i Plus \/ UV-2700i Plus | DeltaLabo<\/title>\n<meta name=\"robots\" content=\"noindex, follow, max-snippet:-1, max-image-preview:large, max-video-preview:-1\" \/>\n<meta property=\"og:locale\" content=\"fr_FR\" \/>\n<meta property=\"og:type\" content=\"article\" \/>\n<meta property=\"og:title\" content=\"Spectrophotom\u00e8tres UV-VIS Shimadzu - UV-2600i Plus \/ UV-2700i Plus | DeltaLabo\" \/>\n<meta property=\"og:description\" content=\"Spectrophotom\u00e8tres UV-VIS Shimadzu - UV-2600i Plus \/ UV-2700i Plus :\u00a0 Les spectrophotom\u00e8tres UV-VIS Shimadzu - UV-2600i Plus \/ UV-2700i Plus sont des spectrophotom\u00e8tres UV \u00e0 Plage Moyenne, polyvalents et extensibles. Le UV-2600i Plus est un syst\u00e8me \u00e0 monochromateur unique avec une plage de longueur d&#039;onde extensible jusqu&#039;\u00e0 1400 nm en utilisant une sph\u00e8re d&#039;int\u00e9gration en option, ce qui le rend adaptable \u00e0 divers besoins.  Le UV-2700i Plus est un syst\u00e8me \u00e0 double monochromateur capable de mesures \u00e0 8 Abs, id\u00e9al pour les \u00e9chantillons \u00e0 faible transmittance.  Les deux mod\u00e8les sont \u00e9quip\u00e9s du logiciel intuitif Shimadzu LabSolutions UV-Vis, garantissant l&#039;int\u00e9grit\u00e9 des donn\u00e9es et la facilit\u00e9 d&#039;utilisation.  T\u00e9l\u00e9charger la brochure produit : Spectrophotom\u00e8tres UV-VIS Shimadzu - UV-2600i Plus \/ UV-2700i Plus  Application selon ASTM D1840 : Spectrophotom\u00e8tres UV-VIS Shimadzu - UV-2600i Plus \/ UV-2700i Plus\" \/>\n<meta property=\"og:url\" content=\"https:\/\/webdesi-gn.fr\/dev_deltalabo\/produits\/categories\/spectrophotometres-uv-vis-shimadzu-uv-2600i-plus-uv-2700i-plus\/\" \/>\n<meta property=\"og:site_name\" content=\"DeltaLabo\" \/>\n<meta property=\"article:modified_time\" content=\"2025-11-24T15:21:14+00:00\" \/>\n<meta property=\"og:image\" content=\"https:\/\/webdesi-gn.fr\/dev_deltalabo\/wp-content\/uploads\/2025\/11\/DELTA-LABO-UV-2600i-Plus.jpg\" \/>\n\t<meta property=\"og:image:width\" content=\"780\" \/>\n\t<meta property=\"og:image:height\" content=\"390\" \/>\n\t<meta property=\"og:image:type\" content=\"image\/jpeg\" \/>\n<meta name=\"twitter:card\" content=\"summary_large_image\" \/>\n<meta name=\"twitter:label1\" content=\"Dur\u00e9e de lecture estim\u00e9e\" \/>\n\t<meta name=\"twitter:data1\" content=\"1 minute\" \/>\n<script type=\"application\/ld+json\" class=\"yoast-schema-graph\">{\"@context\":\"https:\\\/\\\/schema.org\",\"@graph\":[{\"@type\":\"WebPage\",\"@id\":\"https:\\\/\\\/webdesi-gn.fr\\\/dev_deltalabo\\\/produits\\\/categories\\\/spectrophotometres-uv-vis-shimadzu-uv-2600i-plus-uv-2700i-plus\\\/\",\"url\":\"https:\\\/\\\/webdesi-gn.fr\\\/dev_deltalabo\\\/produits\\\/categories\\\/spectrophotometres-uv-vis-shimadzu-uv-2600i-plus-uv-2700i-plus\\\/\",\"name\":\"Spectrophotom\u00e8tres UV-VIS Shimadzu - UV-2600i Plus \\\/ UV-2700i Plus | DeltaLabo\",\"isPartOf\":{\"@id\":\"https:\\\/\\\/webdesi-gn.fr\\\/dev_deltalabo\\\/#website\"},\"primaryImageOfPage\":{\"@id\":\"https:\\\/\\\/webdesi-gn.fr\\\/dev_deltalabo\\\/produits\\\/categories\\\/spectrophotometres-uv-vis-shimadzu-uv-2600i-plus-uv-2700i-plus\\\/#primaryimage\"},\"image\":{\"@id\":\"https:\\\/\\\/webdesi-gn.fr\\\/dev_deltalabo\\\/produits\\\/categories\\\/spectrophotometres-uv-vis-shimadzu-uv-2600i-plus-uv-2700i-plus\\\/#primaryimage\"},\"thumbnailUrl\":\"https:\\\/\\\/webdesi-gn.fr\\\/dev_deltalabo\\\/wp-content\\\/uploads\\\/2025\\\/11\\\/DELTA-LABO-UV-2600i-Plus.jpg\",\"datePublished\":\"2025-11-24T14:09:08+00:00\",\"dateModified\":\"2025-11-24T15:21:14+00:00\",\"breadcrumb\":{\"@id\":\"https:\\\/\\\/webdesi-gn.fr\\\/dev_deltalabo\\\/produits\\\/categories\\\/spectrophotometres-uv-vis-shimadzu-uv-2600i-plus-uv-2700i-plus\\\/#breadcrumb\"},\"inLanguage\":\"fr-FR\",\"potentialAction\":[{\"@type\":\"ReadAction\",\"target\":[\"https:\\\/\\\/webdesi-gn.fr\\\/dev_deltalabo\\\/produits\\\/categories\\\/spectrophotometres-uv-vis-shimadzu-uv-2600i-plus-uv-2700i-plus\\\/\"]}]},{\"@type\":\"ImageObject\",\"inLanguage\":\"fr-FR\",\"@id\":\"https:\\\/\\\/webdesi-gn.fr\\\/dev_deltalabo\\\/produits\\\/categories\\\/spectrophotometres-uv-vis-shimadzu-uv-2600i-plus-uv-2700i-plus\\\/#primaryimage\",\"url\":\"https:\\\/\\\/webdesi-gn.fr\\\/dev_deltalabo\\\/wp-content\\\/uploads\\\/2025\\\/11\\\/DELTA-LABO-UV-2600i-Plus.jpg\",\"contentUrl\":\"https:\\\/\\\/webdesi-gn.fr\\\/dev_deltalabo\\\/wp-content\\\/uploads\\\/2025\\\/11\\\/DELTA-LABO-UV-2600i-Plus.jpg\",\"width\":780,\"height\":390},{\"@type\":\"BreadcrumbList\",\"@id\":\"https:\\\/\\\/webdesi-gn.fr\\\/dev_deltalabo\\\/produits\\\/categories\\\/spectrophotometres-uv-vis-shimadzu-uv-2600i-plus-uv-2700i-plus\\\/#breadcrumb\",\"itemListElement\":[{\"@type\":\"ListItem\",\"position\":1,\"name\":\"Accueil\",\"item\":\"https:\\\/\\\/webdesi-gn.fr\\\/dev_deltalabo\\\/\"},{\"@type\":\"ListItem\",\"position\":2,\"name\":\"Produits\",\"item\":\"https:\\\/\\\/webdesi-gn.fr\\\/dev_deltalabo\\\/produits\\\/\"},{\"@type\":\"ListItem\",\"position\":3,\"name\":\"Spectrophotom\u00e8tres UV-VIS Shimadzu &#8211; UV-2600i Plus \\\/ UV-2700i Plus\"}]},{\"@type\":\"WebSite\",\"@id\":\"https:\\\/\\\/webdesi-gn.fr\\\/dev_deltalabo\\\/#website\",\"url\":\"https:\\\/\\\/webdesi-gn.fr\\\/dev_deltalabo\\\/\",\"name\":\"Delta Labo\",\"description\":\"Un site utilisant WordPress\",\"publisher\":{\"@id\":\"https:\\\/\\\/webdesi-gn.fr\\\/dev_deltalabo\\\/#organization\"},\"alternateName\":\"Delta Labo\",\"potentialAction\":[{\"@type\":\"SearchAction\",\"target\":{\"@type\":\"EntryPoint\",\"urlTemplate\":\"https:\\\/\\\/webdesi-gn.fr\\\/dev_deltalabo\\\/?s={search_term_string}\"},\"query-input\":{\"@type\":\"PropertyValueSpecification\",\"valueRequired\":true,\"valueName\":\"search_term_string\"}}],\"inLanguage\":\"fr-FR\"},{\"@type\":\"Organization\",\"@id\":\"https:\\\/\\\/webdesi-gn.fr\\\/dev_deltalabo\\\/#organization\",\"name\":\"DeltaLabo\",\"url\":\"https:\\\/\\\/webdesi-gn.fr\\\/dev_deltalabo\\\/\",\"logo\":{\"@type\":\"ImageObject\",\"inLanguage\":\"fr-FR\",\"@id\":\"https:\\\/\\\/webdesi-gn.fr\\\/dev_deltalabo\\\/#\\\/schema\\\/logo\\\/image\\\/\",\"url\":\"https:\\\/\\\/webdesi-gn.fr\\\/dev_deltalabo\\\/wp-content\\\/uploads\\\/2022\\\/07\\\/logo-deltalabo.png\",\"contentUrl\":\"https:\\\/\\\/webdesi-gn.fr\\\/dev_deltalabo\\\/wp-content\\\/uploads\\\/2022\\\/07\\\/logo-deltalabo.png\",\"width\":694,\"height\":306,\"caption\":\"DeltaLabo\"},\"image\":{\"@id\":\"https:\\\/\\\/webdesi-gn.fr\\\/dev_deltalabo\\\/#\\\/schema\\\/logo\\\/image\\\/\"}}]}<\/script>\n<!-- \/ Yoast SEO plugin. -->","yoast_head_json":{"title":"Spectrophotom\u00e8tres UV-VIS Shimadzu - UV-2600i Plus \/ UV-2700i Plus | DeltaLabo","robots":{"index":"noindex","follow":"follow","max-snippet":"max-snippet:-1","max-image-preview":"max-image-preview:large","max-video-preview":"max-video-preview:-1"},"og_locale":"fr_FR","og_type":"article","og_title":"Spectrophotom\u00e8tres UV-VIS Shimadzu - UV-2600i Plus \/ UV-2700i Plus | DeltaLabo","og_description":"Spectrophotom\u00e8tres UV-VIS Shimadzu - UV-2600i Plus \/ UV-2700i Plus :\u00a0 Les spectrophotom\u00e8tres UV-VIS Shimadzu - UV-2600i Plus \/ UV-2700i Plus sont des spectrophotom\u00e8tres UV \u00e0 Plage Moyenne, polyvalents et extensibles. Le UV-2600i Plus est un syst\u00e8me \u00e0 monochromateur unique avec une plage de longueur d'onde extensible jusqu'\u00e0 1400 nm en utilisant une sph\u00e8re d'int\u00e9gration en option, ce qui le rend adaptable \u00e0 divers besoins.  Le UV-2700i Plus est un syst\u00e8me \u00e0 double monochromateur capable de mesures \u00e0 8 Abs, id\u00e9al pour les \u00e9chantillons \u00e0 faible transmittance.  Les deux mod\u00e8les sont \u00e9quip\u00e9s du logiciel intuitif Shimadzu LabSolutions UV-Vis, garantissant l'int\u00e9grit\u00e9 des donn\u00e9es et la facilit\u00e9 d'utilisation.  T\u00e9l\u00e9charger la brochure produit : Spectrophotom\u00e8tres UV-VIS Shimadzu - UV-2600i Plus \/ UV-2700i Plus  Application selon ASTM D1840 : Spectrophotom\u00e8tres UV-VIS Shimadzu - UV-2600i Plus \/ UV-2700i Plus","og_url":"https:\/\/webdesi-gn.fr\/dev_deltalabo\/produits\/categories\/spectrophotometres-uv-vis-shimadzu-uv-2600i-plus-uv-2700i-plus\/","og_site_name":"DeltaLabo","article_modified_time":"2025-11-24T15:21:14+00:00","og_image":[{"width":780,"height":390,"url":"https:\/\/webdesi-gn.fr\/dev_deltalabo\/wp-content\/uploads\/2025\/11\/DELTA-LABO-UV-2600i-Plus.jpg","type":"image\/jpeg"}],"twitter_card":"summary_large_image","twitter_misc":{"Dur\u00e9e de lecture estim\u00e9e":"1 minute"},"schema":{"@context":"https:\/\/schema.org","@graph":[{"@type":"WebPage","@id":"https:\/\/webdesi-gn.fr\/dev_deltalabo\/produits\/categories\/spectrophotometres-uv-vis-shimadzu-uv-2600i-plus-uv-2700i-plus\/","url":"https:\/\/webdesi-gn.fr\/dev_deltalabo\/produits\/categories\/spectrophotometres-uv-vis-shimadzu-uv-2600i-plus-uv-2700i-plus\/","name":"Spectrophotom\u00e8tres UV-VIS Shimadzu - UV-2600i Plus \/ UV-2700i Plus | DeltaLabo","isPartOf":{"@id":"https:\/\/webdesi-gn.fr\/dev_deltalabo\/#website"},"primaryImageOfPage":{"@id":"https:\/\/webdesi-gn.fr\/dev_deltalabo\/produits\/categories\/spectrophotometres-uv-vis-shimadzu-uv-2600i-plus-uv-2700i-plus\/#primaryimage"},"image":{"@id":"https:\/\/webdesi-gn.fr\/dev_deltalabo\/produits\/categories\/spectrophotometres-uv-vis-shimadzu-uv-2600i-plus-uv-2700i-plus\/#primaryimage"},"thumbnailUrl":"https:\/\/webdesi-gn.fr\/dev_deltalabo\/wp-content\/uploads\/2025\/11\/DELTA-LABO-UV-2600i-Plus.jpg","datePublished":"2025-11-24T14:09:08+00:00","dateModified":"2025-11-24T15:21:14+00:00","breadcrumb":{"@id":"https:\/\/webdesi-gn.fr\/dev_deltalabo\/produits\/categories\/spectrophotometres-uv-vis-shimadzu-uv-2600i-plus-uv-2700i-plus\/#breadcrumb"},"inLanguage":"fr-FR","potentialAction":[{"@type":"ReadAction","target":["https:\/\/webdesi-gn.fr\/dev_deltalabo\/produits\/categories\/spectrophotometres-uv-vis-shimadzu-uv-2600i-plus-uv-2700i-plus\/"]}]},{"@type":"ImageObject","inLanguage":"fr-FR","@id":"https:\/\/webdesi-gn.fr\/dev_deltalabo\/produits\/categories\/spectrophotometres-uv-vis-shimadzu-uv-2600i-plus-uv-2700i-plus\/#primaryimage","url":"https:\/\/webdesi-gn.fr\/dev_deltalabo\/wp-content\/uploads\/2025\/11\/DELTA-LABO-UV-2600i-Plus.jpg","contentUrl":"https:\/\/webdesi-gn.fr\/dev_deltalabo\/wp-content\/uploads\/2025\/11\/DELTA-LABO-UV-2600i-Plus.jpg","width":780,"height":390},{"@type":"BreadcrumbList","@id":"https:\/\/webdesi-gn.fr\/dev_deltalabo\/produits\/categories\/spectrophotometres-uv-vis-shimadzu-uv-2600i-plus-uv-2700i-plus\/#breadcrumb","itemListElement":[{"@type":"ListItem","position":1,"name":"Accueil","item":"https:\/\/webdesi-gn.fr\/dev_deltalabo\/"},{"@type":"ListItem","position":2,"name":"Produits","item":"https:\/\/webdesi-gn.fr\/dev_deltalabo\/produits\/"},{"@type":"ListItem","position":3,"name":"Spectrophotom\u00e8tres UV-VIS Shimadzu &#8211; UV-2600i Plus \/ UV-2700i Plus"}]},{"@type":"WebSite","@id":"https:\/\/webdesi-gn.fr\/dev_deltalabo\/#website","url":"https:\/\/webdesi-gn.fr\/dev_deltalabo\/","name":"Delta Labo","description":"Un site utilisant WordPress","publisher":{"@id":"https:\/\/webdesi-gn.fr\/dev_deltalabo\/#organization"},"alternateName":"Delta Labo","potentialAction":[{"@type":"SearchAction","target":{"@type":"EntryPoint","urlTemplate":"https:\/\/webdesi-gn.fr\/dev_deltalabo\/?s={search_term_string}"},"query-input":{"@type":"PropertyValueSpecification","valueRequired":true,"valueName":"search_term_string"}}],"inLanguage":"fr-FR"},{"@type":"Organization","@id":"https:\/\/webdesi-gn.fr\/dev_deltalabo\/#organization","name":"DeltaLabo","url":"https:\/\/webdesi-gn.fr\/dev_deltalabo\/","logo":{"@type":"ImageObject","inLanguage":"fr-FR","@id":"https:\/\/webdesi-gn.fr\/dev_deltalabo\/#\/schema\/logo\/image\/","url":"https:\/\/webdesi-gn.fr\/dev_deltalabo\/wp-content\/uploads\/2022\/07\/logo-deltalabo.png","contentUrl":"https:\/\/webdesi-gn.fr\/dev_deltalabo\/wp-content\/uploads\/2022\/07\/logo-deltalabo.png","width":694,"height":306,"caption":"DeltaLabo"},"image":{"@id":"https:\/\/webdesi-gn.fr\/dev_deltalabo\/#\/schema\/logo\/image\/"}}]}},"_links":{"self":[{"href":"https:\/\/webdesi-gn.fr\/dev_deltalabo\/wp-json\/wp\/v2\/product\/262476","targetHints":{"allow":["GET"]}}],"collection":[{"href":"https:\/\/webdesi-gn.fr\/dev_deltalabo\/wp-json\/wp\/v2\/product"}],"about":[{"href":"https:\/\/webdesi-gn.fr\/dev_deltalabo\/wp-json\/wp\/v2\/types\/product"}],"wp:featuredmedia":[{"embeddable":true,"href":"https:\/\/webdesi-gn.fr\/dev_deltalabo\/wp-json\/wp\/v2\/media\/262548"}],"wp:attachment":[{"href":"https:\/\/webdesi-gn.fr\/dev_deltalabo\/wp-json\/wp\/v2\/media?parent=262476"}],"wp:term":[{"taxonomy":"domaine","embeddable":true,"href":"https:\/\/webdesi-gn.fr\/dev_deltalabo\/wp-json\/wp\/v2\/domaine?post=262476"},{"taxonomy":"normes","embeddable":true,"href":"https:\/\/webdesi-gn.fr\/dev_deltalabo\/wp-json\/wp\/v2\/normes?post=262476"},{"taxonomy":"product_brand","embeddable":true,"href":"https:\/\/webdesi-gn.fr\/dev_deltalabo\/wp-json\/wp\/v2\/product_brand?post=262476"},{"taxonomy":"product_cat","embeddable":true,"href":"https:\/\/webdesi-gn.fr\/dev_deltalabo\/wp-json\/wp\/v2\/product_cat?post=262476"},{"taxonomy":"product_tag","embeddable":true,"href":"https:\/\/webdesi-gn.fr\/dev_deltalabo\/wp-json\/wp\/v2\/product_tag?post=262476"}],"curies":[{"name":"wp","href":"https:\/\/api.w.org\/{rel}","templated":true}]}}