{"id":262485,"date":"2025-11-24T15:09:30","date_gmt":"2025-11-24T14:09:30","guid":{"rendered":"https:\/\/webdesi-gn.fr\/dev_deltalabo\/?post_type=product&#038;p=262485"},"modified":"2025-11-24T15:12:13","modified_gmt":"2025-11-24T14:12:13","slug":"passeur-dechantillons-kyoto-chd-502","status":"publish","type":"product","link":"https:\/\/webdesi-gn.fr\/dev_deltalabo\/produits\/categories\/passeur-dechantillons-kyoto-chd-502\/","title":{"rendered":"Passeur d&rsquo;\u00e9chantillons Kyoto &#8211; CHD-502"},"content":{"rendered":"","protected":false},"excerpt":{"rendered":"<p><strong>Passeur d&rsquo;\u00e9chantillons Kyoto &#8211; CHD-502 :<\/strong><\/p>\n<p>Le passeur d&rsquo;\u00e9chantillons multiples Kyoto &#8211; CHD-502 est utilis\u00e9 en combinaison avec un densim\u00e8tre. Il est possible de placer jusqu&rsquo;\u00e0 30 \u00e9chantillons dans des flacons de 20 ml sur le carrousel. Lorsqu&rsquo;il est connect\u00e9 \u00e0 un densim\u00e8tre, cet \u00e9chantillonneur effectue une s\u00e9rie d&rsquo;op\u00e9rations en s\u00e9quence, notamment le nettoyage et le s\u00e9chage de la ligne d&rsquo;\u00e9chantillonnage jusqu&rsquo;\u00e0 la cellule de mesure.<\/p>\n<p>L&rsquo;adoption d&rsquo;une pompe p\u00e9ristaltique permet \u00e0 l&rsquo;op\u00e9rateur de mesurer la densit\u00e9 d&rsquo;un \u00e9chantillon plus visqueux de 30 000 mPa.s. Le programme s\u00e9quentiel s&rsquo;arr\u00eate automatiquement lorsque l&rsquo;appareil d\u00e9tecte une position de flacon vide apr\u00e8s que le dernier flacon d&rsquo;\u00e9chantillon a \u00e9t\u00e9 trait\u00e9. Cet appareil est \u00e9quip\u00e9 d&rsquo;une fonction d&rsquo;autodiagnostic qui v\u00e9rifie la s\u00e9quence du programme, le fonctionnement du clavier et l&rsquo;affichage.<\/p>\n<p><strong>T\u00e9l\u00e9charger la brochure produit :<\/strong> <a href=\"https:\/\/www.deltalabo.fr\/wp-content\/uploads\/2025\/09\/Doc-passeur-echantillons-CHD-502-engl-DL-2021.pdf\">Passeur d&rsquo;\u00e9chantillons Kyoto &#8211; CHD-502<\/a><\/p>\n","protected":false},"featured_media":262556,"template":"","meta":{"_acf_changed":false,"site-sidebar-layout":"default","site-content-layout":"","ast-site-content-layout":"default","site-content-style":"default","site-sidebar-style":"default","ast-global-header-display":"","ast-banner-title-visibility":"","ast-main-header-display":"","ast-hfb-above-header-display":"","ast-hfb-below-header-display":"","ast-hfb-mobile-header-display":"","site-post-title":"","ast-breadcrumbs-content":"","ast-featured-img":"","footer-sml-layout":"","ast-disable-related-posts":"","theme-transparent-header-meta":"","adv-header-id-meta":"","stick-header-meta":"","header-above-stick-meta":"","header-main-stick-meta":"","header-below-stick-meta":"","astra-migrate-meta-layouts":"default","ast-page-background-enabled":"default","ast-page-background-meta":{"desktop":{"background-color":"var(--ast-global-color-5)","background-image":"","background-repeat":"repeat","background-position":"center center","background-size":"auto","background-attachment":"scroll","background-type":"","background-media":"","overlay-type":"","overlay-color":"","overlay-opacity":"","overlay-gradient":""},"tablet":{"background-color":"","background-image":"","background-repeat":"repeat","background-position":"center center","background-size":"auto","background-attachment":"scroll","background-type":"","background-media":"","overlay-type":"","overlay-color":"","overlay-opacity":"","overlay-gradient":""},"mobile":{"background-color":"","background-image":"","background-repeat":"repeat","background-position":"center center","background-size":"auto","background-attachment":"scroll","background-type":"","background-media":"","overlay-type":"","overlay-color":"","overlay-opacity":"","overlay-gradient":""}},"ast-content-background-meta":{"desktop":{"background-color":"var(--ast-global-color-4)","background-image":"","background-repeat":"repeat","background-position":"center center","background-size":"auto","background-attachment":"scroll","background-type":"","background-media":"","overlay-type":"","overlay-color":"","overlay-opacity":"","overlay-gradient":""},"tablet":{"background-color":"var(--ast-global-color-4)","background-image":"","background-repeat":"repeat","background-position":"center center","background-size":"auto","background-attachment":"scroll","background-type":"","background-media":"","overlay-type":"","overlay-color":"","overlay-opacity":"","overlay-gradient":""},"mobile":{"background-color":"var(--ast-global-color-4)","background-image":"","background-repeat":"repeat","background-position":"center center","background-size":"auto","background-attachment":"scroll","background-type":"","background-media":"","overlay-type":"","overlay-color":"","overlay-opacity":"","overlay-gradient":""}}},"domaine":[],"normes":[],"product_brand":[],"product_cat":[17240],"product_tag":[],"class_list":{"0":"post-262485","1":"product","2":"type-product","3":"status-publish","4":"has-post-thumbnail","6":"product_cat-categories","7":"desktop-align-left","8":"tablet-align-left","9":"mobile-align-left","11":"first","12":"instock","13":"shipping-taxable","14":"product-type-simple"},"acf":[],"yoast_head":"<!-- This site is optimized with the Yoast SEO plugin v27.4 - https:\/\/yoast.com\/product\/yoast-seo-wordpress\/ -->\n<title>Passeur d&#039;\u00e9chantillons Kyoto - CHD-502 | DeltaLabo<\/title>\n<meta name=\"robots\" content=\"noindex, follow, max-snippet:-1, max-image-preview:large, max-video-preview:-1\" \/>\n<meta property=\"og:locale\" content=\"fr_FR\" \/>\n<meta property=\"og:type\" content=\"article\" \/>\n<meta property=\"og:title\" content=\"Passeur d&#039;\u00e9chantillons Kyoto - CHD-502 | DeltaLabo\" \/>\n<meta property=\"og:description\" content=\"Passeur d&#039;\u00e9chantillons Kyoto - CHD-502 :  Le passeur d&#039;\u00e9chantillons multiples Kyoto - CHD-502 est utilis\u00e9 en combinaison avec un densim\u00e8tre. Il est possible de placer jusqu&#039;\u00e0 30 \u00e9chantillons dans des flacons de 20 ml sur le carrousel. Lorsqu&#039;il est connect\u00e9 \u00e0 un densim\u00e8tre, cet \u00e9chantillonneur effectue une s\u00e9rie d&#039;op\u00e9rations en s\u00e9quence, notamment le nettoyage et le s\u00e9chage de la ligne d&#039;\u00e9chantillonnage jusqu&#039;\u00e0 la cellule de mesure.  L&#039;adoption d&#039;une pompe p\u00e9ristaltique permet \u00e0 l&#039;op\u00e9rateur de mesurer la densit\u00e9 d&#039;un \u00e9chantillon plus visqueux de 30 000 mPa.s. Le programme s\u00e9quentiel s&#039;arr\u00eate automatiquement lorsque l&#039;appareil d\u00e9tecte une position de flacon vide apr\u00e8s que le dernier flacon d&#039;\u00e9chantillon a \u00e9t\u00e9 trait\u00e9. Cet appareil est \u00e9quip\u00e9 d&#039;une fonction d&#039;autodiagnostic qui v\u00e9rifie la s\u00e9quence du programme, le fonctionnement du clavier et l&#039;affichage.  T\u00e9l\u00e9charger la brochure produit : Passeur d&#039;\u00e9chantillons Kyoto - CHD-502\" \/>\n<meta property=\"og:url\" content=\"https:\/\/webdesi-gn.fr\/dev_deltalabo\/produits\/cat-produit\/passeur-dechantillons-kyoto-chd-502\/\" \/>\n<meta property=\"og:site_name\" content=\"DeltaLabo\" \/>\n<meta property=\"article:modified_time\" content=\"2025-11-24T14:12:13+00:00\" \/>\n<meta property=\"og:image\" content=\"https:\/\/webdesi-gn.fr\/dev_deltalabo\/wp-content\/uploads\/2022\/01\/laboratory-g43d8b3442_1280.jpg\" \/>\n\t<meta property=\"og:image:width\" content=\"1280\" \/>\n\t<meta property=\"og:image:height\" content=\"853\" \/>\n\t<meta property=\"og:image:type\" content=\"image\/jpeg\" \/>\n<meta name=\"twitter:card\" content=\"summary_large_image\" \/>\n<script type=\"application\/ld+json\" class=\"yoast-schema-graph\">{\"@context\":\"https:\\\/\\\/schema.org\",\"@graph\":[{\"@type\":\"WebPage\",\"@id\":\"https:\\\/\\\/webdesi-gn.fr\\\/dev_deltalabo\\\/produits\\\/cat-produit\\\/passeur-dechantillons-kyoto-chd-502\\\/\",\"url\":\"https:\\\/\\\/webdesi-gn.fr\\\/dev_deltalabo\\\/produits\\\/cat-produit\\\/passeur-dechantillons-kyoto-chd-502\\\/\",\"name\":\"Passeur d'\u00e9chantillons Kyoto - CHD-502 | DeltaLabo\",\"isPartOf\":{\"@id\":\"https:\\\/\\\/webdesi-gn.fr\\\/dev_deltalabo\\\/#website\"},\"primaryImageOfPage\":{\"@id\":\"https:\\\/\\\/webdesi-gn.fr\\\/dev_deltalabo\\\/produits\\\/cat-produit\\\/passeur-dechantillons-kyoto-chd-502\\\/#primaryimage\"},\"image\":{\"@id\":\"https:\\\/\\\/webdesi-gn.fr\\\/dev_deltalabo\\\/produits\\\/cat-produit\\\/passeur-dechantillons-kyoto-chd-502\\\/#primaryimage\"},\"thumbnailUrl\":\"https:\\\/\\\/webdesi-gn.fr\\\/dev_deltalabo\\\/wp-content\\\/uploads\\\/2025\\\/11\\\/DELTA-LABO-chd502c.png\",\"datePublished\":\"2025-11-24T14:09:30+00:00\",\"dateModified\":\"2025-11-24T14:12:13+00:00\",\"breadcrumb\":{\"@id\":\"https:\\\/\\\/webdesi-gn.fr\\\/dev_deltalabo\\\/produits\\\/cat-produit\\\/passeur-dechantillons-kyoto-chd-502\\\/#breadcrumb\"},\"inLanguage\":\"fr-FR\",\"potentialAction\":[{\"@type\":\"ReadAction\",\"target\":[\"https:\\\/\\\/webdesi-gn.fr\\\/dev_deltalabo\\\/produits\\\/cat-produit\\\/passeur-dechantillons-kyoto-chd-502\\\/\"]}]},{\"@type\":\"ImageObject\",\"inLanguage\":\"fr-FR\",\"@id\":\"https:\\\/\\\/webdesi-gn.fr\\\/dev_deltalabo\\\/produits\\\/cat-produit\\\/passeur-dechantillons-kyoto-chd-502\\\/#primaryimage\",\"url\":\"https:\\\/\\\/webdesi-gn.fr\\\/dev_deltalabo\\\/wp-content\\\/uploads\\\/2025\\\/11\\\/DELTA-LABO-chd502c.png\",\"contentUrl\":\"https:\\\/\\\/webdesi-gn.fr\\\/dev_deltalabo\\\/wp-content\\\/uploads\\\/2025\\\/11\\\/DELTA-LABO-chd502c.png\",\"width\":500,\"height\":380},{\"@type\":\"BreadcrumbList\",\"@id\":\"https:\\\/\\\/webdesi-gn.fr\\\/dev_deltalabo\\\/produits\\\/cat-produit\\\/passeur-dechantillons-kyoto-chd-502\\\/#breadcrumb\",\"itemListElement\":[{\"@type\":\"ListItem\",\"position\":1,\"name\":\"Accueil\",\"item\":\"https:\\\/\\\/webdesi-gn.fr\\\/dev_deltalabo\\\/\"},{\"@type\":\"ListItem\",\"position\":2,\"name\":\"Produits\",\"item\":\"https:\\\/\\\/webdesi-gn.fr\\\/dev_deltalabo\\\/produits\\\/\"},{\"@type\":\"ListItem\",\"position\":3,\"name\":\"Passeur d&rsquo;\u00e9chantillons Kyoto &#8211; CHD-502\"}]},{\"@type\":\"WebSite\",\"@id\":\"https:\\\/\\\/webdesi-gn.fr\\\/dev_deltalabo\\\/#website\",\"url\":\"https:\\\/\\\/webdesi-gn.fr\\\/dev_deltalabo\\\/\",\"name\":\"Delta Labo\",\"description\":\"Un site utilisant WordPress\",\"publisher\":{\"@id\":\"https:\\\/\\\/webdesi-gn.fr\\\/dev_deltalabo\\\/#organization\"},\"alternateName\":\"Delta Labo\",\"potentialAction\":[{\"@type\":\"SearchAction\",\"target\":{\"@type\":\"EntryPoint\",\"urlTemplate\":\"https:\\\/\\\/webdesi-gn.fr\\\/dev_deltalabo\\\/?s={search_term_string}\"},\"query-input\":{\"@type\":\"PropertyValueSpecification\",\"valueRequired\":true,\"valueName\":\"search_term_string\"}}],\"inLanguage\":\"fr-FR\"},{\"@type\":\"Organization\",\"@id\":\"https:\\\/\\\/webdesi-gn.fr\\\/dev_deltalabo\\\/#organization\",\"name\":\"DeltaLabo\",\"url\":\"https:\\\/\\\/webdesi-gn.fr\\\/dev_deltalabo\\\/\",\"logo\":{\"@type\":\"ImageObject\",\"inLanguage\":\"fr-FR\",\"@id\":\"https:\\\/\\\/webdesi-gn.fr\\\/dev_deltalabo\\\/#\\\/schema\\\/logo\\\/image\\\/\",\"url\":\"https:\\\/\\\/webdesi-gn.fr\\\/dev_deltalabo\\\/wp-content\\\/uploads\\\/2022\\\/07\\\/logo-deltalabo.png\",\"contentUrl\":\"https:\\\/\\\/webdesi-gn.fr\\\/dev_deltalabo\\\/wp-content\\\/uploads\\\/2022\\\/07\\\/logo-deltalabo.png\",\"width\":694,\"height\":306,\"caption\":\"DeltaLabo\"},\"image\":{\"@id\":\"https:\\\/\\\/webdesi-gn.fr\\\/dev_deltalabo\\\/#\\\/schema\\\/logo\\\/image\\\/\"}}]}<\/script>\n<!-- \/ Yoast SEO plugin. -->","yoast_head_json":{"title":"Passeur d'\u00e9chantillons Kyoto - CHD-502 | DeltaLabo","robots":{"index":"noindex","follow":"follow","max-snippet":"max-snippet:-1","max-image-preview":"max-image-preview:large","max-video-preview":"max-video-preview:-1"},"og_locale":"fr_FR","og_type":"article","og_title":"Passeur d'\u00e9chantillons Kyoto - CHD-502 | DeltaLabo","og_description":"Passeur d'\u00e9chantillons Kyoto - CHD-502 :  Le passeur d'\u00e9chantillons multiples Kyoto - CHD-502 est utilis\u00e9 en combinaison avec un densim\u00e8tre. Il est possible de placer jusqu'\u00e0 30 \u00e9chantillons dans des flacons de 20 ml sur le carrousel. Lorsqu'il est connect\u00e9 \u00e0 un densim\u00e8tre, cet \u00e9chantillonneur effectue une s\u00e9rie d'op\u00e9rations en s\u00e9quence, notamment le nettoyage et le s\u00e9chage de la ligne d'\u00e9chantillonnage jusqu'\u00e0 la cellule de mesure.  L'adoption d'une pompe p\u00e9ristaltique permet \u00e0 l'op\u00e9rateur de mesurer la densit\u00e9 d'un \u00e9chantillon plus visqueux de 30 000 mPa.s. Le programme s\u00e9quentiel s'arr\u00eate automatiquement lorsque l'appareil d\u00e9tecte une position de flacon vide apr\u00e8s que le dernier flacon d'\u00e9chantillon a \u00e9t\u00e9 trait\u00e9. Cet appareil est \u00e9quip\u00e9 d'une fonction d'autodiagnostic qui v\u00e9rifie la s\u00e9quence du programme, le fonctionnement du clavier et l'affichage.  T\u00e9l\u00e9charger la brochure produit : Passeur d'\u00e9chantillons Kyoto - CHD-502","og_url":"https:\/\/webdesi-gn.fr\/dev_deltalabo\/produits\/cat-produit\/passeur-dechantillons-kyoto-chd-502\/","og_site_name":"DeltaLabo","article_modified_time":"2025-11-24T14:12:13+00:00","og_image":[{"width":1280,"height":853,"url":"https:\/\/webdesi-gn.fr\/dev_deltalabo\/wp-content\/uploads\/2022\/01\/laboratory-g43d8b3442_1280.jpg","type":"image\/jpeg"}],"twitter_card":"summary_large_image","schema":{"@context":"https:\/\/schema.org","@graph":[{"@type":"WebPage","@id":"https:\/\/webdesi-gn.fr\/dev_deltalabo\/produits\/cat-produit\/passeur-dechantillons-kyoto-chd-502\/","url":"https:\/\/webdesi-gn.fr\/dev_deltalabo\/produits\/cat-produit\/passeur-dechantillons-kyoto-chd-502\/","name":"Passeur d'\u00e9chantillons Kyoto - CHD-502 | DeltaLabo","isPartOf":{"@id":"https:\/\/webdesi-gn.fr\/dev_deltalabo\/#website"},"primaryImageOfPage":{"@id":"https:\/\/webdesi-gn.fr\/dev_deltalabo\/produits\/cat-produit\/passeur-dechantillons-kyoto-chd-502\/#primaryimage"},"image":{"@id":"https:\/\/webdesi-gn.fr\/dev_deltalabo\/produits\/cat-produit\/passeur-dechantillons-kyoto-chd-502\/#primaryimage"},"thumbnailUrl":"https:\/\/webdesi-gn.fr\/dev_deltalabo\/wp-content\/uploads\/2025\/11\/DELTA-LABO-chd502c.png","datePublished":"2025-11-24T14:09:30+00:00","dateModified":"2025-11-24T14:12:13+00:00","breadcrumb":{"@id":"https:\/\/webdesi-gn.fr\/dev_deltalabo\/produits\/cat-produit\/passeur-dechantillons-kyoto-chd-502\/#breadcrumb"},"inLanguage":"fr-FR","potentialAction":[{"@type":"ReadAction","target":["https:\/\/webdesi-gn.fr\/dev_deltalabo\/produits\/cat-produit\/passeur-dechantillons-kyoto-chd-502\/"]}]},{"@type":"ImageObject","inLanguage":"fr-FR","@id":"https:\/\/webdesi-gn.fr\/dev_deltalabo\/produits\/cat-produit\/passeur-dechantillons-kyoto-chd-502\/#primaryimage","url":"https:\/\/webdesi-gn.fr\/dev_deltalabo\/wp-content\/uploads\/2025\/11\/DELTA-LABO-chd502c.png","contentUrl":"https:\/\/webdesi-gn.fr\/dev_deltalabo\/wp-content\/uploads\/2025\/11\/DELTA-LABO-chd502c.png","width":500,"height":380},{"@type":"BreadcrumbList","@id":"https:\/\/webdesi-gn.fr\/dev_deltalabo\/produits\/cat-produit\/passeur-dechantillons-kyoto-chd-502\/#breadcrumb","itemListElement":[{"@type":"ListItem","position":1,"name":"Accueil","item":"https:\/\/webdesi-gn.fr\/dev_deltalabo\/"},{"@type":"ListItem","position":2,"name":"Produits","item":"https:\/\/webdesi-gn.fr\/dev_deltalabo\/produits\/"},{"@type":"ListItem","position":3,"name":"Passeur d&rsquo;\u00e9chantillons Kyoto &#8211; CHD-502"}]},{"@type":"WebSite","@id":"https:\/\/webdesi-gn.fr\/dev_deltalabo\/#website","url":"https:\/\/webdesi-gn.fr\/dev_deltalabo\/","name":"Delta Labo","description":"Un site utilisant WordPress","publisher":{"@id":"https:\/\/webdesi-gn.fr\/dev_deltalabo\/#organization"},"alternateName":"Delta Labo","potentialAction":[{"@type":"SearchAction","target":{"@type":"EntryPoint","urlTemplate":"https:\/\/webdesi-gn.fr\/dev_deltalabo\/?s={search_term_string}"},"query-input":{"@type":"PropertyValueSpecification","valueRequired":true,"valueName":"search_term_string"}}],"inLanguage":"fr-FR"},{"@type":"Organization","@id":"https:\/\/webdesi-gn.fr\/dev_deltalabo\/#organization","name":"DeltaLabo","url":"https:\/\/webdesi-gn.fr\/dev_deltalabo\/","logo":{"@type":"ImageObject","inLanguage":"fr-FR","@id":"https:\/\/webdesi-gn.fr\/dev_deltalabo\/#\/schema\/logo\/image\/","url":"https:\/\/webdesi-gn.fr\/dev_deltalabo\/wp-content\/uploads\/2022\/07\/logo-deltalabo.png","contentUrl":"https:\/\/webdesi-gn.fr\/dev_deltalabo\/wp-content\/uploads\/2022\/07\/logo-deltalabo.png","width":694,"height":306,"caption":"DeltaLabo"},"image":{"@id":"https:\/\/webdesi-gn.fr\/dev_deltalabo\/#\/schema\/logo\/image\/"}}]}},"_links":{"self":[{"href":"https:\/\/webdesi-gn.fr\/dev_deltalabo\/wp-json\/wp\/v2\/product\/262485","targetHints":{"allow":["GET"]}}],"collection":[{"href":"https:\/\/webdesi-gn.fr\/dev_deltalabo\/wp-json\/wp\/v2\/product"}],"about":[{"href":"https:\/\/webdesi-gn.fr\/dev_deltalabo\/wp-json\/wp\/v2\/types\/product"}],"wp:featuredmedia":[{"embeddable":true,"href":"https:\/\/webdesi-gn.fr\/dev_deltalabo\/wp-json\/wp\/v2\/media\/262556"}],"wp:attachment":[{"href":"https:\/\/webdesi-gn.fr\/dev_deltalabo\/wp-json\/wp\/v2\/media?parent=262485"}],"wp:term":[{"taxonomy":"domaine","embeddable":true,"href":"https:\/\/webdesi-gn.fr\/dev_deltalabo\/wp-json\/wp\/v2\/domaine?post=262485"},{"taxonomy":"normes","embeddable":true,"href":"https:\/\/webdesi-gn.fr\/dev_deltalabo\/wp-json\/wp\/v2\/normes?post=262485"},{"taxonomy":"product_brand","embeddable":true,"href":"https:\/\/webdesi-gn.fr\/dev_deltalabo\/wp-json\/wp\/v2\/product_brand?post=262485"},{"taxonomy":"product_cat","embeddable":true,"href":"https:\/\/webdesi-gn.fr\/dev_deltalabo\/wp-json\/wp\/v2\/product_cat?post=262485"},{"taxonomy":"product_tag","embeddable":true,"href":"https:\/\/webdesi-gn.fr\/dev_deltalabo\/wp-json\/wp\/v2\/product_tag?post=262485"}],"curies":[{"name":"wp","href":"https:\/\/api.w.org\/{rel}","templated":true}]}}