{"id":262503,"date":"2025-11-24T15:10:00","date_gmt":"2025-11-24T14:10:00","guid":{"rendered":"https:\/\/webdesi-gn.fr\/dev_deltalabo\/?post_type=product&#038;p=262503"},"modified":"2026-03-27T09:41:47","modified_gmt":"2026-03-27T08:41:47","slug":"vaisselle-de-laboratoire-en-alumine-alsint","status":"publish","type":"product","link":"https:\/\/webdesi-gn.fr\/dev_deltalabo\/produits\/equipements-communs\/divers\/vaisselle-de-laboratoire-en-alumine-alsint\/","title":{"rendered":"Vaisselle de laboratoire en alumine ALSINT"},"content":{"rendered":"","protected":false},"excerpt":{"rendered":"<p><strong>Vaisselle de laboratoire en alumine ALSINT :<\/strong><\/p>\n<p>Les propri\u00e9t\u00e9s des mat\u00e9riaux en oxyde de zirconium ALSINT sont conformes \u00e0 la norme DIN EN 60672, groupe C 700, type C 799.<\/p>\n<p>Le mat\u00e9riau ALSINT 99.7 est un mat\u00e9riau imperm\u00e9able. Il s&rsquo;agit d&rsquo;une c\u00e9ramique particuli\u00e8rement adapt\u00e9e aux hautes temp\u00e9ratures (99,7% d&rsquo;Al2O3).<\/p>\n<p>La c\u00e9ramique ALSINT 99.7 peut \u00eatre utilis\u00e9e \u00e0 des temp\u00e9ratures allant jusqu&rsquo;\u00e0 1 800\u00b0C.<\/p>\n<p>Caract\u00e9ristiques :<\/p>\n<ul>\n<li>Bonne r\u00e9sistance aux chocs thermiques gr\u00e2ce \u00e0 une conductivit\u00e9 thermique \u00e9lev\u00e9e<\/li>\n<li>Haute r\u00e9sistance m\u00e9canique<\/li>\n<li>Haute r\u00e9sistance \u00e9lectrique<\/li>\n<\/ul>\n<p><strong>T\u00e9l\u00e9charger la brochure produit :<\/strong> <a href=\"https:\/\/www.deltalabo.fr\/wp-content\/uploads\/2025\/09\/Laboratory-ceramics-engl-DL-Oxide-Ceramics.pdf\">Vaisselle de laboratoire en alumine ALSINT<\/a><\/p>\n","protected":false},"featured_media":262588,"template":"","meta":{"_acf_changed":false,"site-sidebar-layout":"default","site-content-layout":"","ast-site-content-layout":"default","site-content-style":"default","site-sidebar-style":"default","ast-global-header-display":"","ast-banner-title-visibility":"","ast-main-header-display":"","ast-hfb-above-header-display":"","ast-hfb-below-header-display":"","ast-hfb-mobile-header-display":"","site-post-title":"","ast-breadcrumbs-content":"","ast-featured-img":"","footer-sml-layout":"","ast-disable-related-posts":"","theme-transparent-header-meta":"default","adv-header-id-meta":"","stick-header-meta":"","header-above-stick-meta":"","header-main-stick-meta":"","header-below-stick-meta":"","astra-migrate-meta-layouts":"set","ast-page-background-enabled":"default","ast-page-background-meta":{"desktop":{"background-color":"var(--ast-global-color-5)","background-image":"","background-repeat":"repeat","background-position":"center center","background-size":"auto","background-attachment":"scroll","background-type":"","background-media":"","overlay-type":"","overlay-color":"","overlay-opacity":"","overlay-gradient":""},"tablet":{"background-color":"","background-image":"","background-repeat":"repeat","background-position":"center center","background-size":"auto","background-attachment":"scroll","background-type":"","background-media":"","overlay-type":"","overlay-color":"","overlay-opacity":"","overlay-gradient":""},"mobile":{"background-color":"","background-image":"","background-repeat":"repeat","background-position":"center center","background-size":"auto","background-attachment":"scroll","background-type":"","background-media":"","overlay-type":"","overlay-color":"","overlay-opacity":"","overlay-gradient":""}},"ast-content-background-meta":{"desktop":{"background-color":"var(--ast-global-color-4)","background-image":"","background-repeat":"repeat","background-position":"center center","background-size":"auto","background-attachment":"scroll","background-type":"","background-media":"","overlay-type":"","overlay-color":"","overlay-opacity":"","overlay-gradient":""},"tablet":{"background-color":"var(--ast-global-color-4)","background-image":"","background-repeat":"repeat","background-position":"center center","background-size":"auto","background-attachment":"scroll","background-type":"","background-media":"","overlay-type":"","overlay-color":"","overlay-opacity":"","overlay-gradient":""},"mobile":{"background-color":"var(--ast-global-color-4)","background-image":"","background-repeat":"repeat","background-position":"center center","background-size":"auto","background-attachment":"scroll","background-type":"","background-media":"","overlay-type":"","overlay-color":"","overlay-opacity":"","overlay-gradient":""}}},"domaine":[],"normes":[],"product_brand":[],"product_cat":[88,17910,17912],"product_tag":[],"class_list":{"0":"post-262503","1":"product","2":"type-product","3":"status-publish","4":"has-post-thumbnail","6":"product_cat-cimenterie-materiaux","7":"product_cat-divers","8":"product_cat-four","9":"desktop-align-left","10":"tablet-align-left","11":"mobile-align-left","13":"first","14":"instock","15":"shipping-taxable","16":"product-type-simple"},"acf":[],"yoast_head":"<!-- This site is optimized with the Yoast SEO plugin v27.4 - https:\/\/yoast.com\/product\/yoast-seo-wordpress\/ -->\n<title>Vaisselle de laboratoire en alumine ALSINT | DeltaLabo<\/title>\n<meta name=\"robots\" content=\"noindex, follow, max-snippet:-1, max-image-preview:large, max-video-preview:-1\" \/>\n<meta property=\"og:locale\" content=\"fr_FR\" \/>\n<meta property=\"og:type\" content=\"article\" \/>\n<meta property=\"og:title\" content=\"Vaisselle de laboratoire en alumine ALSINT | DeltaLabo\" \/>\n<meta property=\"og:description\" content=\"Vaisselle de laboratoire en alumine ALSINT :  Les propri\u00e9t\u00e9s des mat\u00e9riaux en oxyde de zirconium ALSINT sont conformes \u00e0 la norme DIN EN 60672, groupe C 700, type C 799.  Le mat\u00e9riau ALSINT 99.7 est un mat\u00e9riau imperm\u00e9able. Il s&#039;agit d&#039;une c\u00e9ramique particuli\u00e8rement adapt\u00e9e aux hautes temp\u00e9ratures (99,7% d&#039;Al2O3).  La c\u00e9ramique ALSINT 99.7 peut \u00eatre utilis\u00e9e \u00e0 des temp\u00e9ratures allant jusqu&#039;\u00e0 1 800\u00b0C.  Caract\u00e9ristiques :   Bonne r\u00e9sistance aux chocs thermiques gr\u00e2ce \u00e0 une conductivit\u00e9 thermique \u00e9lev\u00e9e  Haute r\u00e9sistance m\u00e9canique  Haute r\u00e9sistance \u00e9lectrique  T\u00e9l\u00e9charger la brochure produit : Vaisselle de laboratoire en alumine ALSINT\" \/>\n<meta property=\"og:url\" content=\"https:\/\/webdesi-gn.fr\/dev_deltalabo\/produits\/equipements-communs\/divers\/vaisselle-de-laboratoire-en-alumine-alsint\/\" \/>\n<meta property=\"og:site_name\" content=\"DeltaLabo\" \/>\n<meta property=\"article:modified_time\" content=\"2026-03-27T08:41:47+00:00\" \/>\n<meta property=\"og:image\" content=\"https:\/\/webdesi-gn.fr\/dev_deltalabo\/wp-content\/uploads\/2025\/11\/DELTA-LABO-porcelaine-de-laboratoire-4.jpg\" \/>\n\t<meta property=\"og:image:width\" content=\"1000\" \/>\n\t<meta property=\"og:image:height\" content=\"793\" \/>\n\t<meta property=\"og:image:type\" content=\"image\/jpeg\" \/>\n<meta name=\"twitter:card\" content=\"summary_large_image\" \/>\n<meta name=\"twitter:label1\" content=\"Dur\u00e9e de lecture estim\u00e9e\" \/>\n\t<meta name=\"twitter:data1\" content=\"1 minute\" \/>\n<script type=\"application\/ld+json\" class=\"yoast-schema-graph\">{\"@context\":\"https:\\\/\\\/schema.org\",\"@graph\":[{\"@type\":\"WebPage\",\"@id\":\"https:\\\/\\\/webdesi-gn.fr\\\/dev_deltalabo\\\/produits\\\/equipements-communs\\\/divers\\\/vaisselle-de-laboratoire-en-alumine-alsint\\\/\",\"url\":\"https:\\\/\\\/webdesi-gn.fr\\\/dev_deltalabo\\\/produits\\\/equipements-communs\\\/divers\\\/vaisselle-de-laboratoire-en-alumine-alsint\\\/\",\"name\":\"Vaisselle de laboratoire en alumine ALSINT | DeltaLabo\",\"isPartOf\":{\"@id\":\"https:\\\/\\\/webdesi-gn.fr\\\/dev_deltalabo\\\/#website\"},\"primaryImageOfPage\":{\"@id\":\"https:\\\/\\\/webdesi-gn.fr\\\/dev_deltalabo\\\/produits\\\/equipements-communs\\\/divers\\\/vaisselle-de-laboratoire-en-alumine-alsint\\\/#primaryimage\"},\"image\":{\"@id\":\"https:\\\/\\\/webdesi-gn.fr\\\/dev_deltalabo\\\/produits\\\/equipements-communs\\\/divers\\\/vaisselle-de-laboratoire-en-alumine-alsint\\\/#primaryimage\"},\"thumbnailUrl\":\"https:\\\/\\\/webdesi-gn.fr\\\/dev_deltalabo\\\/wp-content\\\/uploads\\\/2025\\\/11\\\/DELTA-LABO-porcelaine-de-laboratoire-4.jpg\",\"datePublished\":\"2025-11-24T14:10:00+00:00\",\"dateModified\":\"2026-03-27T08:41:47+00:00\",\"breadcrumb\":{\"@id\":\"https:\\\/\\\/webdesi-gn.fr\\\/dev_deltalabo\\\/produits\\\/equipements-communs\\\/divers\\\/vaisselle-de-laboratoire-en-alumine-alsint\\\/#breadcrumb\"},\"inLanguage\":\"fr-FR\",\"potentialAction\":[{\"@type\":\"ReadAction\",\"target\":[\"https:\\\/\\\/webdesi-gn.fr\\\/dev_deltalabo\\\/produits\\\/equipements-communs\\\/divers\\\/vaisselle-de-laboratoire-en-alumine-alsint\\\/\"]}]},{\"@type\":\"ImageObject\",\"inLanguage\":\"fr-FR\",\"@id\":\"https:\\\/\\\/webdesi-gn.fr\\\/dev_deltalabo\\\/produits\\\/equipements-communs\\\/divers\\\/vaisselle-de-laboratoire-en-alumine-alsint\\\/#primaryimage\",\"url\":\"https:\\\/\\\/webdesi-gn.fr\\\/dev_deltalabo\\\/wp-content\\\/uploads\\\/2025\\\/11\\\/DELTA-LABO-porcelaine-de-laboratoire-4.jpg\",\"contentUrl\":\"https:\\\/\\\/webdesi-gn.fr\\\/dev_deltalabo\\\/wp-content\\\/uploads\\\/2025\\\/11\\\/DELTA-LABO-porcelaine-de-laboratoire-4.jpg\",\"width\":1000,\"height\":793},{\"@type\":\"BreadcrumbList\",\"@id\":\"https:\\\/\\\/webdesi-gn.fr\\\/dev_deltalabo\\\/produits\\\/equipements-communs\\\/divers\\\/vaisselle-de-laboratoire-en-alumine-alsint\\\/#breadcrumb\",\"itemListElement\":[{\"@type\":\"ListItem\",\"position\":1,\"name\":\"Accueil\",\"item\":\"https:\\\/\\\/webdesi-gn.fr\\\/dev_deltalabo\\\/\"},{\"@type\":\"ListItem\",\"position\":2,\"name\":\"Produits\",\"item\":\"https:\\\/\\\/webdesi-gn.fr\\\/dev_deltalabo\\\/produits\\\/\"},{\"@type\":\"ListItem\",\"position\":3,\"name\":\"Vaisselle de laboratoire en alumine ALSINT\"}]},{\"@type\":\"WebSite\",\"@id\":\"https:\\\/\\\/webdesi-gn.fr\\\/dev_deltalabo\\\/#website\",\"url\":\"https:\\\/\\\/webdesi-gn.fr\\\/dev_deltalabo\\\/\",\"name\":\"Delta Labo\",\"description\":\"Un site utilisant WordPress\",\"publisher\":{\"@id\":\"https:\\\/\\\/webdesi-gn.fr\\\/dev_deltalabo\\\/#organization\"},\"alternateName\":\"Delta Labo\",\"potentialAction\":[{\"@type\":\"SearchAction\",\"target\":{\"@type\":\"EntryPoint\",\"urlTemplate\":\"https:\\\/\\\/webdesi-gn.fr\\\/dev_deltalabo\\\/?s={search_term_string}\"},\"query-input\":{\"@type\":\"PropertyValueSpecification\",\"valueRequired\":true,\"valueName\":\"search_term_string\"}}],\"inLanguage\":\"fr-FR\"},{\"@type\":\"Organization\",\"@id\":\"https:\\\/\\\/webdesi-gn.fr\\\/dev_deltalabo\\\/#organization\",\"name\":\"DeltaLabo\",\"url\":\"https:\\\/\\\/webdesi-gn.fr\\\/dev_deltalabo\\\/\",\"logo\":{\"@type\":\"ImageObject\",\"inLanguage\":\"fr-FR\",\"@id\":\"https:\\\/\\\/webdesi-gn.fr\\\/dev_deltalabo\\\/#\\\/schema\\\/logo\\\/image\\\/\",\"url\":\"https:\\\/\\\/webdesi-gn.fr\\\/dev_deltalabo\\\/wp-content\\\/uploads\\\/2022\\\/07\\\/logo-deltalabo.png\",\"contentUrl\":\"https:\\\/\\\/webdesi-gn.fr\\\/dev_deltalabo\\\/wp-content\\\/uploads\\\/2022\\\/07\\\/logo-deltalabo.png\",\"width\":694,\"height\":306,\"caption\":\"DeltaLabo\"},\"image\":{\"@id\":\"https:\\\/\\\/webdesi-gn.fr\\\/dev_deltalabo\\\/#\\\/schema\\\/logo\\\/image\\\/\"}}]}<\/script>\n<!-- \/ Yoast SEO plugin. -->","yoast_head_json":{"title":"Vaisselle de laboratoire en alumine ALSINT | DeltaLabo","robots":{"index":"noindex","follow":"follow","max-snippet":"max-snippet:-1","max-image-preview":"max-image-preview:large","max-video-preview":"max-video-preview:-1"},"og_locale":"fr_FR","og_type":"article","og_title":"Vaisselle de laboratoire en alumine ALSINT | DeltaLabo","og_description":"Vaisselle de laboratoire en alumine ALSINT :  Les propri\u00e9t\u00e9s des mat\u00e9riaux en oxyde de zirconium ALSINT sont conformes \u00e0 la norme DIN EN 60672, groupe C 700, type C 799.  Le mat\u00e9riau ALSINT 99.7 est un mat\u00e9riau imperm\u00e9able. Il s'agit d'une c\u00e9ramique particuli\u00e8rement adapt\u00e9e aux hautes temp\u00e9ratures (99,7% d'Al2O3).  La c\u00e9ramique ALSINT 99.7 peut \u00eatre utilis\u00e9e \u00e0 des temp\u00e9ratures allant jusqu'\u00e0 1 800\u00b0C.  Caract\u00e9ristiques :   Bonne r\u00e9sistance aux chocs thermiques gr\u00e2ce \u00e0 une conductivit\u00e9 thermique \u00e9lev\u00e9e  Haute r\u00e9sistance m\u00e9canique  Haute r\u00e9sistance \u00e9lectrique  T\u00e9l\u00e9charger la brochure produit : Vaisselle de laboratoire en alumine ALSINT","og_url":"https:\/\/webdesi-gn.fr\/dev_deltalabo\/produits\/equipements-communs\/divers\/vaisselle-de-laboratoire-en-alumine-alsint\/","og_site_name":"DeltaLabo","article_modified_time":"2026-03-27T08:41:47+00:00","og_image":[{"width":1000,"height":793,"url":"https:\/\/webdesi-gn.fr\/dev_deltalabo\/wp-content\/uploads\/2025\/11\/DELTA-LABO-porcelaine-de-laboratoire-4.jpg","type":"image\/jpeg"}],"twitter_card":"summary_large_image","twitter_misc":{"Dur\u00e9e de lecture estim\u00e9e":"1 minute"},"schema":{"@context":"https:\/\/schema.org","@graph":[{"@type":"WebPage","@id":"https:\/\/webdesi-gn.fr\/dev_deltalabo\/produits\/equipements-communs\/divers\/vaisselle-de-laboratoire-en-alumine-alsint\/","url":"https:\/\/webdesi-gn.fr\/dev_deltalabo\/produits\/equipements-communs\/divers\/vaisselle-de-laboratoire-en-alumine-alsint\/","name":"Vaisselle de laboratoire en alumine ALSINT | DeltaLabo","isPartOf":{"@id":"https:\/\/webdesi-gn.fr\/dev_deltalabo\/#website"},"primaryImageOfPage":{"@id":"https:\/\/webdesi-gn.fr\/dev_deltalabo\/produits\/equipements-communs\/divers\/vaisselle-de-laboratoire-en-alumine-alsint\/#primaryimage"},"image":{"@id":"https:\/\/webdesi-gn.fr\/dev_deltalabo\/produits\/equipements-communs\/divers\/vaisselle-de-laboratoire-en-alumine-alsint\/#primaryimage"},"thumbnailUrl":"https:\/\/webdesi-gn.fr\/dev_deltalabo\/wp-content\/uploads\/2025\/11\/DELTA-LABO-porcelaine-de-laboratoire-4.jpg","datePublished":"2025-11-24T14:10:00+00:00","dateModified":"2026-03-27T08:41:47+00:00","breadcrumb":{"@id":"https:\/\/webdesi-gn.fr\/dev_deltalabo\/produits\/equipements-communs\/divers\/vaisselle-de-laboratoire-en-alumine-alsint\/#breadcrumb"},"inLanguage":"fr-FR","potentialAction":[{"@type":"ReadAction","target":["https:\/\/webdesi-gn.fr\/dev_deltalabo\/produits\/equipements-communs\/divers\/vaisselle-de-laboratoire-en-alumine-alsint\/"]}]},{"@type":"ImageObject","inLanguage":"fr-FR","@id":"https:\/\/webdesi-gn.fr\/dev_deltalabo\/produits\/equipements-communs\/divers\/vaisselle-de-laboratoire-en-alumine-alsint\/#primaryimage","url":"https:\/\/webdesi-gn.fr\/dev_deltalabo\/wp-content\/uploads\/2025\/11\/DELTA-LABO-porcelaine-de-laboratoire-4.jpg","contentUrl":"https:\/\/webdesi-gn.fr\/dev_deltalabo\/wp-content\/uploads\/2025\/11\/DELTA-LABO-porcelaine-de-laboratoire-4.jpg","width":1000,"height":793},{"@type":"BreadcrumbList","@id":"https:\/\/webdesi-gn.fr\/dev_deltalabo\/produits\/equipements-communs\/divers\/vaisselle-de-laboratoire-en-alumine-alsint\/#breadcrumb","itemListElement":[{"@type":"ListItem","position":1,"name":"Accueil","item":"https:\/\/webdesi-gn.fr\/dev_deltalabo\/"},{"@type":"ListItem","position":2,"name":"Produits","item":"https:\/\/webdesi-gn.fr\/dev_deltalabo\/produits\/"},{"@type":"ListItem","position":3,"name":"Vaisselle de laboratoire en alumine ALSINT"}]},{"@type":"WebSite","@id":"https:\/\/webdesi-gn.fr\/dev_deltalabo\/#website","url":"https:\/\/webdesi-gn.fr\/dev_deltalabo\/","name":"Delta Labo","description":"Un site utilisant WordPress","publisher":{"@id":"https:\/\/webdesi-gn.fr\/dev_deltalabo\/#organization"},"alternateName":"Delta Labo","potentialAction":[{"@type":"SearchAction","target":{"@type":"EntryPoint","urlTemplate":"https:\/\/webdesi-gn.fr\/dev_deltalabo\/?s={search_term_string}"},"query-input":{"@type":"PropertyValueSpecification","valueRequired":true,"valueName":"search_term_string"}}],"inLanguage":"fr-FR"},{"@type":"Organization","@id":"https:\/\/webdesi-gn.fr\/dev_deltalabo\/#organization","name":"DeltaLabo","url":"https:\/\/webdesi-gn.fr\/dev_deltalabo\/","logo":{"@type":"ImageObject","inLanguage":"fr-FR","@id":"https:\/\/webdesi-gn.fr\/dev_deltalabo\/#\/schema\/logo\/image\/","url":"https:\/\/webdesi-gn.fr\/dev_deltalabo\/wp-content\/uploads\/2022\/07\/logo-deltalabo.png","contentUrl":"https:\/\/webdesi-gn.fr\/dev_deltalabo\/wp-content\/uploads\/2022\/07\/logo-deltalabo.png","width":694,"height":306,"caption":"DeltaLabo"},"image":{"@id":"https:\/\/webdesi-gn.fr\/dev_deltalabo\/#\/schema\/logo\/image\/"}}]}},"_links":{"self":[{"href":"https:\/\/webdesi-gn.fr\/dev_deltalabo\/wp-json\/wp\/v2\/product\/262503","targetHints":{"allow":["GET"]}}],"collection":[{"href":"https:\/\/webdesi-gn.fr\/dev_deltalabo\/wp-json\/wp\/v2\/product"}],"about":[{"href":"https:\/\/webdesi-gn.fr\/dev_deltalabo\/wp-json\/wp\/v2\/types\/product"}],"wp:featuredmedia":[{"embeddable":true,"href":"https:\/\/webdesi-gn.fr\/dev_deltalabo\/wp-json\/wp\/v2\/media\/262588"}],"wp:attachment":[{"href":"https:\/\/webdesi-gn.fr\/dev_deltalabo\/wp-json\/wp\/v2\/media?parent=262503"}],"wp:term":[{"taxonomy":"domaine","embeddable":true,"href":"https:\/\/webdesi-gn.fr\/dev_deltalabo\/wp-json\/wp\/v2\/domaine?post=262503"},{"taxonomy":"normes","embeddable":true,"href":"https:\/\/webdesi-gn.fr\/dev_deltalabo\/wp-json\/wp\/v2\/normes?post=262503"},{"taxonomy":"product_brand","embeddable":true,"href":"https:\/\/webdesi-gn.fr\/dev_deltalabo\/wp-json\/wp\/v2\/product_brand?post=262503"},{"taxonomy":"product_cat","embeddable":true,"href":"https:\/\/webdesi-gn.fr\/dev_deltalabo\/wp-json\/wp\/v2\/product_cat?post=262503"},{"taxonomy":"product_tag","embeddable":true,"href":"https:\/\/webdesi-gn.fr\/dev_deltalabo\/wp-json\/wp\/v2\/product_tag?post=262503"}],"curies":[{"name":"wp","href":"https:\/\/api.w.org\/{rel}","templated":true}]}}