{"id":262511,"date":"2025-11-24T15:10:22","date_gmt":"2025-11-24T14:10:22","guid":{"rendered":"https:\/\/webdesi-gn.fr\/dev_deltalabo\/?post_type=product&#038;p=262511"},"modified":"2025-11-24T15:13:40","modified_gmt":"2025-11-24T14:13:40","slug":"analyseur-edxrf-a-geometrie-cartesienne-rigaku-nex-cg-ii","status":"publish","type":"product","link":"https:\/\/webdesi-gn.fr\/dev_deltalabo\/produits\/categories\/analyseur-edxrf-a-geometrie-cartesienne-rigaku-nex-cg-ii\/","title":{"rendered":"Analyseur EDXRF \u00e0 g\u00e9om\u00e9trie cart\u00e9sienne Rigaku &#8211; NEX CG II"},"content":{"rendered":"","protected":false},"excerpt":{"rendered":"<p><strong>Analyseur EDXRF \u00e0 g\u00e9om\u00e9trie cart\u00e9sienne Rigaku &#8211; NEX CG II :<\/strong><\/p>\n<p>L&rsquo;analyseur EDXRF \u00e0 g\u00e9om\u00e9trie cart\u00e9sienne Rigaku &#8211; NEX CG II permet une analyse \u00e9l\u00e9mentaire am\u00e9lior\u00e9e par fluorescence X d&rsquo;une pr\u00e9cision ultime pour le contr\u00f4le qualit\u00e9 industriel et les applications de recherche avanc\u00e9e. L&rsquo;analyseur NEX CG II utilise des tubes \u00e0 rayons X haute puissance 50 kV, 50 W.<\/p>\n<p>La fluorescence X \u00e0 dispersion d&rsquo;\u00e9nergie (EDXRF) est une technique d&rsquo;analyse utilis\u00e9e pour la d\u00e9termination qualitative et quantitative des \u00e9l\u00e9ments atomiques majeurs et mineurs dans une grande vari\u00e9t\u00e9 de types d&rsquo;\u00e9chantillons. Cette technique fournit des analyses rapides, non destructives et multi-\u00e9l\u00e9ments, depuis les faibles concentrations en parties par million (ppm) jusqu&rsquo;aux concentrations \u00e9lev\u00e9es en pourcentage massique (wt%).<\/p>\n<p>L&rsquo;analyseur NEX CG II dispose d&rsquo;un noyau optique unique en g\u00e9om\u00e9trie cart\u00e9sienne tridimensionnelle (3D) \u00e0 couplage \u00e9troit qui augmente consid\u00e9rablement le rapport cr\u00eate\/bruit de fond.<\/p>\n<p>L&rsquo;analyseur NEX CG II poss\u00e8de un syst\u00e8me \u00e0 excitation indirecte utilisant des cibles secondaires plut\u00f4t que des filtres \u00e0 tube. L&rsquo;excitation monochromatique et polaris\u00e9e provenant des cibles secondaires am\u00e9liore consid\u00e9rablement les limites de d\u00e9tection des \u00e9l\u00e9ments dans les matrices \u00e0 forte diffusion telles que l&rsquo;eau, les hydrocarbures et les mati\u00e8res biologiques. L&rsquo;excitation par cible secondaire dans une g\u00e9om\u00e9trie cart\u00e9sienne \u00e0 90\u00b0 \u00e9limine le bruit de fond.<\/p>\n<p><strong>T\u00e9l\u00e9charger la brochure produit :<\/strong> <a href=\"https:\/\/www.deltalabo.fr\/wp-content\/uploads\/2025\/09\/NEX-CG-II-brochure-engl-DL.pdf\">Analyseur EDXRF \u00e0 g\u00e9om\u00e9trie cart\u00e9sienne Rigaku &#8211; NEX CG II<\/a><\/p>\n","protected":false},"featured_media":262599,"template":"","meta":{"_acf_changed":false,"site-sidebar-layout":"default","site-content-layout":"","ast-site-content-layout":"default","site-content-style":"default","site-sidebar-style":"default","ast-global-header-display":"","ast-banner-title-visibility":"","ast-main-header-display":"","ast-hfb-above-header-display":"","ast-hfb-below-header-display":"","ast-hfb-mobile-header-display":"","site-post-title":"","ast-breadcrumbs-content":"","ast-featured-img":"","footer-sml-layout":"","ast-disable-related-posts":"","theme-transparent-header-meta":"","adv-header-id-meta":"","stick-header-meta":"","header-above-stick-meta":"","header-main-stick-meta":"","header-below-stick-meta":"","astra-migrate-meta-layouts":"default","ast-page-background-enabled":"default","ast-page-background-meta":{"desktop":{"background-color":"var(--ast-global-color-5)","background-image":"","background-repeat":"repeat","background-position":"center center","background-size":"auto","background-attachment":"scroll","background-type":"","background-media":"","overlay-type":"","overlay-color":"","overlay-opacity":"","overlay-gradient":""},"tablet":{"background-color":"","background-image":"","background-repeat":"repeat","background-position":"center center","background-size":"auto","background-attachment":"scroll","background-type":"","background-media":"","overlay-type":"","overlay-color":"","overlay-opacity":"","overlay-gradient":""},"mobile":{"background-color":"","background-image":"","background-repeat":"repeat","background-position":"center center","background-size":"auto","background-attachment":"scroll","background-type":"","background-media":"","overlay-type":"","overlay-color":"","overlay-opacity":"","overlay-gradient":""}},"ast-content-background-meta":{"desktop":{"background-color":"var(--ast-global-color-4)","background-image":"","background-repeat":"repeat","background-position":"center center","background-size":"auto","background-attachment":"scroll","background-type":"","background-media":"","overlay-type":"","overlay-color":"","overlay-opacity":"","overlay-gradient":""},"tablet":{"background-color":"var(--ast-global-color-4)","background-image":"","background-repeat":"repeat","background-position":"center center","background-size":"auto","background-attachment":"scroll","background-type":"","background-media":"","overlay-type":"","overlay-color":"","overlay-opacity":"","overlay-gradient":""},"mobile":{"background-color":"var(--ast-global-color-4)","background-image":"","background-repeat":"repeat","background-position":"center center","background-size":"auto","background-attachment":"scroll","background-type":"","background-media":"","overlay-type":"","overlay-color":"","overlay-opacity":"","overlay-gradient":""}}},"domaine":[],"normes":[],"product_brand":[],"product_cat":[17240],"product_tag":[],"class_list":{"0":"post-262511","1":"product","2":"type-product","3":"status-publish","4":"has-post-thumbnail","6":"product_cat-categories","7":"desktop-align-left","8":"tablet-align-left","9":"mobile-align-left","11":"first","12":"instock","13":"shipping-taxable","14":"product-type-simple"},"acf":[],"yoast_head":"<!-- This site is optimized with the Yoast SEO plugin v27.4 - https:\/\/yoast.com\/product\/yoast-seo-wordpress\/ -->\n<title>Analyseur EDXRF \u00e0 g\u00e9om\u00e9trie cart\u00e9sienne Rigaku - NEX CG II | DeltaLabo<\/title>\n<meta name=\"robots\" content=\"noindex, follow, max-snippet:-1, max-image-preview:large, max-video-preview:-1\" \/>\n<meta property=\"og:locale\" content=\"fr_FR\" \/>\n<meta property=\"og:type\" content=\"article\" \/>\n<meta property=\"og:title\" content=\"Analyseur EDXRF \u00e0 g\u00e9om\u00e9trie cart\u00e9sienne Rigaku - NEX CG II | DeltaLabo\" \/>\n<meta property=\"og:description\" content=\"Analyseur EDXRF \u00e0 g\u00e9om\u00e9trie cart\u00e9sienne Rigaku - NEX CG II :  L&#039;analyseur EDXRF \u00e0 g\u00e9om\u00e9trie cart\u00e9sienne Rigaku - NEX CG II permet une analyse \u00e9l\u00e9mentaire am\u00e9lior\u00e9e par fluorescence X d&#039;une pr\u00e9cision ultime pour le contr\u00f4le qualit\u00e9 industriel et les applications de recherche avanc\u00e9e. L&#039;analyseur NEX CG II utilise des tubes \u00e0 rayons X haute puissance 50 kV, 50 W.  La fluorescence X \u00e0 dispersion d&#039;\u00e9nergie (EDXRF) est une technique d&#039;analyse utilis\u00e9e pour la d\u00e9termination qualitative et quantitative des \u00e9l\u00e9ments atomiques majeurs et mineurs dans une grande vari\u00e9t\u00e9 de types d&#039;\u00e9chantillons. Cette technique fournit des analyses rapides, non destructives et multi-\u00e9l\u00e9ments, depuis les faibles concentrations en parties par million (ppm) jusqu&#039;aux concentrations \u00e9lev\u00e9es en pourcentage massique (wt%).  L&#039;analyseur NEX CG II dispose d&#039;un noyau optique unique en g\u00e9om\u00e9trie cart\u00e9sienne tridimensionnelle (3D) \u00e0 couplage \u00e9troit qui augmente consid\u00e9rablement le rapport cr\u00eate\/bruit de fond.  L&#039;analyseur NEX CG II poss\u00e8de un syst\u00e8me \u00e0 excitation indirecte utilisant des cibles secondaires plut\u00f4t que des filtres \u00e0 tube. L&#039;excitation monochromatique et polaris\u00e9e provenant des cibles secondaires am\u00e9liore consid\u00e9rablement les limites de d\u00e9tection des \u00e9l\u00e9ments dans les matrices \u00e0 forte diffusion telles que l&#039;eau, les hydrocarbures et les mati\u00e8res biologiques. L&#039;excitation par cible secondaire dans une g\u00e9om\u00e9trie cart\u00e9sienne \u00e0 90\u00b0 \u00e9limine le bruit de fond.  T\u00e9l\u00e9charger la brochure produit : Analyseur EDXRF \u00e0 g\u00e9om\u00e9trie cart\u00e9sienne Rigaku - NEX CG II\" \/>\n<meta property=\"og:url\" content=\"https:\/\/webdesi-gn.fr\/dev_deltalabo\/produits\/cat-produit\/analyseur-edxrf-a-geometrie-cartesienne-rigaku-nex-cg-ii\/\" \/>\n<meta property=\"og:site_name\" content=\"DeltaLabo\" \/>\n<meta property=\"article:modified_time\" content=\"2025-11-24T14:13:40+00:00\" \/>\n<meta property=\"og:image\" content=\"https:\/\/webdesi-gn.fr\/dev_deltalabo\/wp-content\/uploads\/2022\/01\/laboratory-g43d8b3442_1280.jpg\" \/>\n\t<meta property=\"og:image:width\" content=\"1280\" \/>\n\t<meta property=\"og:image:height\" content=\"853\" \/>\n\t<meta property=\"og:image:type\" content=\"image\/jpeg\" \/>\n<meta name=\"twitter:card\" content=\"summary_large_image\" \/>\n<script type=\"application\/ld+json\" class=\"yoast-schema-graph\">{\"@context\":\"https:\\\/\\\/schema.org\",\"@graph\":[{\"@type\":\"WebPage\",\"@id\":\"https:\\\/\\\/webdesi-gn.fr\\\/dev_deltalabo\\\/produits\\\/cat-produit\\\/analyseur-edxrf-a-geometrie-cartesienne-rigaku-nex-cg-ii\\\/\",\"url\":\"https:\\\/\\\/webdesi-gn.fr\\\/dev_deltalabo\\\/produits\\\/cat-produit\\\/analyseur-edxrf-a-geometrie-cartesienne-rigaku-nex-cg-ii\\\/\",\"name\":\"Analyseur EDXRF \u00e0 g\u00e9om\u00e9trie cart\u00e9sienne Rigaku - NEX CG II | DeltaLabo\",\"isPartOf\":{\"@id\":\"https:\\\/\\\/webdesi-gn.fr\\\/dev_deltalabo\\\/#website\"},\"primaryImageOfPage\":{\"@id\":\"https:\\\/\\\/webdesi-gn.fr\\\/dev_deltalabo\\\/produits\\\/cat-produit\\\/analyseur-edxrf-a-geometrie-cartesienne-rigaku-nex-cg-ii\\\/#primaryimage\"},\"image\":{\"@id\":\"https:\\\/\\\/webdesi-gn.fr\\\/dev_deltalabo\\\/produits\\\/cat-produit\\\/analyseur-edxrf-a-geometrie-cartesienne-rigaku-nex-cg-ii\\\/#primaryimage\"},\"thumbnailUrl\":\"https:\\\/\\\/webdesi-gn.fr\\\/dev_deltalabo\\\/wp-content\\\/uploads\\\/2025\\\/11\\\/DELTA-LABONEX-CG-II.webp\",\"datePublished\":\"2025-11-24T14:10:22+00:00\",\"dateModified\":\"2025-11-24T14:13:40+00:00\",\"breadcrumb\":{\"@id\":\"https:\\\/\\\/webdesi-gn.fr\\\/dev_deltalabo\\\/produits\\\/cat-produit\\\/analyseur-edxrf-a-geometrie-cartesienne-rigaku-nex-cg-ii\\\/#breadcrumb\"},\"inLanguage\":\"fr-FR\",\"potentialAction\":[{\"@type\":\"ReadAction\",\"target\":[\"https:\\\/\\\/webdesi-gn.fr\\\/dev_deltalabo\\\/produits\\\/cat-produit\\\/analyseur-edxrf-a-geometrie-cartesienne-rigaku-nex-cg-ii\\\/\"]}]},{\"@type\":\"ImageObject\",\"inLanguage\":\"fr-FR\",\"@id\":\"https:\\\/\\\/webdesi-gn.fr\\\/dev_deltalabo\\\/produits\\\/cat-produit\\\/analyseur-edxrf-a-geometrie-cartesienne-rigaku-nex-cg-ii\\\/#primaryimage\",\"url\":\"https:\\\/\\\/webdesi-gn.fr\\\/dev_deltalabo\\\/wp-content\\\/uploads\\\/2025\\\/11\\\/DELTA-LABONEX-CG-II.webp\",\"contentUrl\":\"https:\\\/\\\/webdesi-gn.fr\\\/dev_deltalabo\\\/wp-content\\\/uploads\\\/2025\\\/11\\\/DELTA-LABONEX-CG-II.webp\",\"width\":800,\"height\":610},{\"@type\":\"BreadcrumbList\",\"@id\":\"https:\\\/\\\/webdesi-gn.fr\\\/dev_deltalabo\\\/produits\\\/cat-produit\\\/analyseur-edxrf-a-geometrie-cartesienne-rigaku-nex-cg-ii\\\/#breadcrumb\",\"itemListElement\":[{\"@type\":\"ListItem\",\"position\":1,\"name\":\"Accueil\",\"item\":\"https:\\\/\\\/webdesi-gn.fr\\\/dev_deltalabo\\\/\"},{\"@type\":\"ListItem\",\"position\":2,\"name\":\"Produits\",\"item\":\"https:\\\/\\\/webdesi-gn.fr\\\/dev_deltalabo\\\/produits\\\/\"},{\"@type\":\"ListItem\",\"position\":3,\"name\":\"Analyseur EDXRF \u00e0 g\u00e9om\u00e9trie cart\u00e9sienne Rigaku &#8211; NEX CG II\"}]},{\"@type\":\"WebSite\",\"@id\":\"https:\\\/\\\/webdesi-gn.fr\\\/dev_deltalabo\\\/#website\",\"url\":\"https:\\\/\\\/webdesi-gn.fr\\\/dev_deltalabo\\\/\",\"name\":\"Delta Labo\",\"description\":\"Un site utilisant WordPress\",\"publisher\":{\"@id\":\"https:\\\/\\\/webdesi-gn.fr\\\/dev_deltalabo\\\/#organization\"},\"alternateName\":\"Delta Labo\",\"potentialAction\":[{\"@type\":\"SearchAction\",\"target\":{\"@type\":\"EntryPoint\",\"urlTemplate\":\"https:\\\/\\\/webdesi-gn.fr\\\/dev_deltalabo\\\/?s={search_term_string}\"},\"query-input\":{\"@type\":\"PropertyValueSpecification\",\"valueRequired\":true,\"valueName\":\"search_term_string\"}}],\"inLanguage\":\"fr-FR\"},{\"@type\":\"Organization\",\"@id\":\"https:\\\/\\\/webdesi-gn.fr\\\/dev_deltalabo\\\/#organization\",\"name\":\"DeltaLabo\",\"url\":\"https:\\\/\\\/webdesi-gn.fr\\\/dev_deltalabo\\\/\",\"logo\":{\"@type\":\"ImageObject\",\"inLanguage\":\"fr-FR\",\"@id\":\"https:\\\/\\\/webdesi-gn.fr\\\/dev_deltalabo\\\/#\\\/schema\\\/logo\\\/image\\\/\",\"url\":\"https:\\\/\\\/webdesi-gn.fr\\\/dev_deltalabo\\\/wp-content\\\/uploads\\\/2022\\\/07\\\/logo-deltalabo.png\",\"contentUrl\":\"https:\\\/\\\/webdesi-gn.fr\\\/dev_deltalabo\\\/wp-content\\\/uploads\\\/2022\\\/07\\\/logo-deltalabo.png\",\"width\":694,\"height\":306,\"caption\":\"DeltaLabo\"},\"image\":{\"@id\":\"https:\\\/\\\/webdesi-gn.fr\\\/dev_deltalabo\\\/#\\\/schema\\\/logo\\\/image\\\/\"}}]}<\/script>\n<!-- \/ Yoast SEO plugin. -->","yoast_head_json":{"title":"Analyseur EDXRF \u00e0 g\u00e9om\u00e9trie cart\u00e9sienne Rigaku - NEX CG II | DeltaLabo","robots":{"index":"noindex","follow":"follow","max-snippet":"max-snippet:-1","max-image-preview":"max-image-preview:large","max-video-preview":"max-video-preview:-1"},"og_locale":"fr_FR","og_type":"article","og_title":"Analyseur EDXRF \u00e0 g\u00e9om\u00e9trie cart\u00e9sienne Rigaku - NEX CG II | DeltaLabo","og_description":"Analyseur EDXRF \u00e0 g\u00e9om\u00e9trie cart\u00e9sienne Rigaku - NEX CG II :  L'analyseur EDXRF \u00e0 g\u00e9om\u00e9trie cart\u00e9sienne Rigaku - NEX CG II permet une analyse \u00e9l\u00e9mentaire am\u00e9lior\u00e9e par fluorescence X d'une pr\u00e9cision ultime pour le contr\u00f4le qualit\u00e9 industriel et les applications de recherche avanc\u00e9e. L'analyseur NEX CG II utilise des tubes \u00e0 rayons X haute puissance 50 kV, 50 W.  La fluorescence X \u00e0 dispersion d'\u00e9nergie (EDXRF) est une technique d'analyse utilis\u00e9e pour la d\u00e9termination qualitative et quantitative des \u00e9l\u00e9ments atomiques majeurs et mineurs dans une grande vari\u00e9t\u00e9 de types d'\u00e9chantillons. Cette technique fournit des analyses rapides, non destructives et multi-\u00e9l\u00e9ments, depuis les faibles concentrations en parties par million (ppm) jusqu'aux concentrations \u00e9lev\u00e9es en pourcentage massique (wt%).  L'analyseur NEX CG II dispose d'un noyau optique unique en g\u00e9om\u00e9trie cart\u00e9sienne tridimensionnelle (3D) \u00e0 couplage \u00e9troit qui augmente consid\u00e9rablement le rapport cr\u00eate\/bruit de fond.  L'analyseur NEX CG II poss\u00e8de un syst\u00e8me \u00e0 excitation indirecte utilisant des cibles secondaires plut\u00f4t que des filtres \u00e0 tube. L'excitation monochromatique et polaris\u00e9e provenant des cibles secondaires am\u00e9liore consid\u00e9rablement les limites de d\u00e9tection des \u00e9l\u00e9ments dans les matrices \u00e0 forte diffusion telles que l'eau, les hydrocarbures et les mati\u00e8res biologiques. L'excitation par cible secondaire dans une g\u00e9om\u00e9trie cart\u00e9sienne \u00e0 90\u00b0 \u00e9limine le bruit de fond.  T\u00e9l\u00e9charger la brochure produit : Analyseur EDXRF \u00e0 g\u00e9om\u00e9trie cart\u00e9sienne Rigaku - NEX CG II","og_url":"https:\/\/webdesi-gn.fr\/dev_deltalabo\/produits\/cat-produit\/analyseur-edxrf-a-geometrie-cartesienne-rigaku-nex-cg-ii\/","og_site_name":"DeltaLabo","article_modified_time":"2025-11-24T14:13:40+00:00","og_image":[{"width":1280,"height":853,"url":"https:\/\/webdesi-gn.fr\/dev_deltalabo\/wp-content\/uploads\/2022\/01\/laboratory-g43d8b3442_1280.jpg","type":"image\/jpeg"}],"twitter_card":"summary_large_image","schema":{"@context":"https:\/\/schema.org","@graph":[{"@type":"WebPage","@id":"https:\/\/webdesi-gn.fr\/dev_deltalabo\/produits\/cat-produit\/analyseur-edxrf-a-geometrie-cartesienne-rigaku-nex-cg-ii\/","url":"https:\/\/webdesi-gn.fr\/dev_deltalabo\/produits\/cat-produit\/analyseur-edxrf-a-geometrie-cartesienne-rigaku-nex-cg-ii\/","name":"Analyseur EDXRF \u00e0 g\u00e9om\u00e9trie cart\u00e9sienne Rigaku - NEX CG II | DeltaLabo","isPartOf":{"@id":"https:\/\/webdesi-gn.fr\/dev_deltalabo\/#website"},"primaryImageOfPage":{"@id":"https:\/\/webdesi-gn.fr\/dev_deltalabo\/produits\/cat-produit\/analyseur-edxrf-a-geometrie-cartesienne-rigaku-nex-cg-ii\/#primaryimage"},"image":{"@id":"https:\/\/webdesi-gn.fr\/dev_deltalabo\/produits\/cat-produit\/analyseur-edxrf-a-geometrie-cartesienne-rigaku-nex-cg-ii\/#primaryimage"},"thumbnailUrl":"https:\/\/webdesi-gn.fr\/dev_deltalabo\/wp-content\/uploads\/2025\/11\/DELTA-LABONEX-CG-II.webp","datePublished":"2025-11-24T14:10:22+00:00","dateModified":"2025-11-24T14:13:40+00:00","breadcrumb":{"@id":"https:\/\/webdesi-gn.fr\/dev_deltalabo\/produits\/cat-produit\/analyseur-edxrf-a-geometrie-cartesienne-rigaku-nex-cg-ii\/#breadcrumb"},"inLanguage":"fr-FR","potentialAction":[{"@type":"ReadAction","target":["https:\/\/webdesi-gn.fr\/dev_deltalabo\/produits\/cat-produit\/analyseur-edxrf-a-geometrie-cartesienne-rigaku-nex-cg-ii\/"]}]},{"@type":"ImageObject","inLanguage":"fr-FR","@id":"https:\/\/webdesi-gn.fr\/dev_deltalabo\/produits\/cat-produit\/analyseur-edxrf-a-geometrie-cartesienne-rigaku-nex-cg-ii\/#primaryimage","url":"https:\/\/webdesi-gn.fr\/dev_deltalabo\/wp-content\/uploads\/2025\/11\/DELTA-LABONEX-CG-II.webp","contentUrl":"https:\/\/webdesi-gn.fr\/dev_deltalabo\/wp-content\/uploads\/2025\/11\/DELTA-LABONEX-CG-II.webp","width":800,"height":610},{"@type":"BreadcrumbList","@id":"https:\/\/webdesi-gn.fr\/dev_deltalabo\/produits\/cat-produit\/analyseur-edxrf-a-geometrie-cartesienne-rigaku-nex-cg-ii\/#breadcrumb","itemListElement":[{"@type":"ListItem","position":1,"name":"Accueil","item":"https:\/\/webdesi-gn.fr\/dev_deltalabo\/"},{"@type":"ListItem","position":2,"name":"Produits","item":"https:\/\/webdesi-gn.fr\/dev_deltalabo\/produits\/"},{"@type":"ListItem","position":3,"name":"Analyseur EDXRF \u00e0 g\u00e9om\u00e9trie cart\u00e9sienne Rigaku &#8211; NEX CG II"}]},{"@type":"WebSite","@id":"https:\/\/webdesi-gn.fr\/dev_deltalabo\/#website","url":"https:\/\/webdesi-gn.fr\/dev_deltalabo\/","name":"Delta Labo","description":"Un site utilisant WordPress","publisher":{"@id":"https:\/\/webdesi-gn.fr\/dev_deltalabo\/#organization"},"alternateName":"Delta Labo","potentialAction":[{"@type":"SearchAction","target":{"@type":"EntryPoint","urlTemplate":"https:\/\/webdesi-gn.fr\/dev_deltalabo\/?s={search_term_string}"},"query-input":{"@type":"PropertyValueSpecification","valueRequired":true,"valueName":"search_term_string"}}],"inLanguage":"fr-FR"},{"@type":"Organization","@id":"https:\/\/webdesi-gn.fr\/dev_deltalabo\/#organization","name":"DeltaLabo","url":"https:\/\/webdesi-gn.fr\/dev_deltalabo\/","logo":{"@type":"ImageObject","inLanguage":"fr-FR","@id":"https:\/\/webdesi-gn.fr\/dev_deltalabo\/#\/schema\/logo\/image\/","url":"https:\/\/webdesi-gn.fr\/dev_deltalabo\/wp-content\/uploads\/2022\/07\/logo-deltalabo.png","contentUrl":"https:\/\/webdesi-gn.fr\/dev_deltalabo\/wp-content\/uploads\/2022\/07\/logo-deltalabo.png","width":694,"height":306,"caption":"DeltaLabo"},"image":{"@id":"https:\/\/webdesi-gn.fr\/dev_deltalabo\/#\/schema\/logo\/image\/"}}]}},"_links":{"self":[{"href":"https:\/\/webdesi-gn.fr\/dev_deltalabo\/wp-json\/wp\/v2\/product\/262511","targetHints":{"allow":["GET"]}}],"collection":[{"href":"https:\/\/webdesi-gn.fr\/dev_deltalabo\/wp-json\/wp\/v2\/product"}],"about":[{"href":"https:\/\/webdesi-gn.fr\/dev_deltalabo\/wp-json\/wp\/v2\/types\/product"}],"wp:featuredmedia":[{"embeddable":true,"href":"https:\/\/webdesi-gn.fr\/dev_deltalabo\/wp-json\/wp\/v2\/media\/262599"}],"wp:attachment":[{"href":"https:\/\/webdesi-gn.fr\/dev_deltalabo\/wp-json\/wp\/v2\/media?parent=262511"}],"wp:term":[{"taxonomy":"domaine","embeddable":true,"href":"https:\/\/webdesi-gn.fr\/dev_deltalabo\/wp-json\/wp\/v2\/domaine?post=262511"},{"taxonomy":"normes","embeddable":true,"href":"https:\/\/webdesi-gn.fr\/dev_deltalabo\/wp-json\/wp\/v2\/normes?post=262511"},{"taxonomy":"product_brand","embeddable":true,"href":"https:\/\/webdesi-gn.fr\/dev_deltalabo\/wp-json\/wp\/v2\/product_brand?post=262511"},{"taxonomy":"product_cat","embeddable":true,"href":"https:\/\/webdesi-gn.fr\/dev_deltalabo\/wp-json\/wp\/v2\/product_cat?post=262511"},{"taxonomy":"product_tag","embeddable":true,"href":"https:\/\/webdesi-gn.fr\/dev_deltalabo\/wp-json\/wp\/v2\/product_tag?post=262511"}],"curies":[{"name":"wp","href":"https:\/\/api.w.org\/{rel}","templated":true}]}}