{"id":262512,"date":"2025-11-24T15:10:22","date_gmt":"2025-11-24T14:10:22","guid":{"rendered":"https:\/\/webdesi-gn.fr\/dev_deltalabo\/?post_type=product&#038;p=262512"},"modified":"2025-11-24T15:14:01","modified_gmt":"2025-11-24T14:14:01","slug":"thermometre-electronique-atex-thermoprobe-tp7-d","status":"publish","type":"product","link":"https:\/\/webdesi-gn.fr\/dev_deltalabo\/produits\/categories\/thermometre-electronique-atex-thermoprobe-tp7-d\/","title":{"rendered":"Thermom\u00e8tre \u00e9lectronique ATEX Thermoprobe &#8211; TP7-D"},"content":{"rendered":"","protected":false},"excerpt":{"rendered":"<p><strong>Thermom\u00e8tre \u00e9lectronique ATEX Thermoprobe &#8211; TP7-D :<\/strong><\/p>\n<p>Le thermom\u00e8tre \u00e9lectronique ATEX Thermoprobe &#8211; TP7-D\u00a0 est un thermom\u00e8tre portatif <span dir=\"auto\">de jaugeage de p\u00e9trole \u00e0 s\u00e9curit\u00e9 intrins\u00e8que, pour zone 0, repens\u00e9 selon les derni\u00e8res normes pour une utilisation en zones dangereuses. Il \u00a0est reconnu par des certificats de s\u00e9curit\u00e9 internationaux (IECEx), europ\u00e9ens (ATEX) et eurasiatiques (TR TS).<\/span><\/p>\n<p>Le corps robuste du TP7-D est fabriqu\u00e9 en acier inoxydable et en plastique antistatique. L&rsquo;interface utilisateur conviviale est dot\u00e9e d&rsquo;un grand \u00e9cran alphanum\u00e9rique et de boutons faciles \u00e0 utiliser avec des gants. Les icones sur l\u2019\u00e9cran aident l\u2019utilisateur \u00e0 voir si la temp\u00e9rature est stabilis\u00e9e. Il s\u2019\u00e9teint tout seul au bout de 20 min de non utilisation.<\/p>\n<p>Avec ses multiples configurations de sonde et ses longueurs admissibles allant jusqu&rsquo;\u00e0 50 m\u00e8tres, le TP7-D est parfaitement adapt\u00e9 \u00e0 de nombreuses applications de t\u00e9l\u00e9jaugeage.<\/p>\n<p><strong>T\u00e9l\u00e9charger la brochure produit :<\/strong> <a href=\"https:\/\/www.deltalabo.fr\/wp-content\/uploads\/2025\/09\/Thermoprobe-TP7-D-1-engl-DL.pdf\">Thermom\u00e8tre \u00e9lectronique ATEX Thermoprobe &#8211; TP7-D<\/a><\/p>\n<p><strong>Visionner l&rsquo;utilisation du produit :<\/strong> <a href=\"https:\/\/youtu.be\/Uc8SuP3GDPg?t=7\">Thermom\u00e8tre \u00e9lectronique ATEX Thermoprobe &#8211; TP7-D<\/a><\/p>\n","protected":false},"featured_media":262602,"template":"","meta":{"_acf_changed":false,"site-sidebar-layout":"default","site-content-layout":"","ast-site-content-layout":"default","site-content-style":"default","site-sidebar-style":"default","ast-global-header-display":"","ast-banner-title-visibility":"","ast-main-header-display":"","ast-hfb-above-header-display":"","ast-hfb-below-header-display":"","ast-hfb-mobile-header-display":"","site-post-title":"","ast-breadcrumbs-content":"","ast-featured-img":"","footer-sml-layout":"","ast-disable-related-posts":"","theme-transparent-header-meta":"","adv-header-id-meta":"","stick-header-meta":"","header-above-stick-meta":"","header-main-stick-meta":"","header-below-stick-meta":"","astra-migrate-meta-layouts":"default","ast-page-background-enabled":"default","ast-page-background-meta":{"desktop":{"background-color":"var(--ast-global-color-5)","background-image":"","background-repeat":"repeat","background-position":"center center","background-size":"auto","background-attachment":"scroll","background-type":"","background-media":"","overlay-type":"","overlay-color":"","overlay-opacity":"","overlay-gradient":""},"tablet":{"background-color":"","background-image":"","background-repeat":"repeat","background-position":"center center","background-size":"auto","background-attachment":"scroll","background-type":"","background-media":"","overlay-type":"","overlay-color":"","overlay-opacity":"","overlay-gradient":""},"mobile":{"background-color":"","background-image":"","background-repeat":"repeat","background-position":"center center","background-size":"auto","background-attachment":"scroll","background-type":"","background-media":"","overlay-type":"","overlay-color":"","overlay-opacity":"","overlay-gradient":""}},"ast-content-background-meta":{"desktop":{"background-color":"var(--ast-global-color-4)","background-image":"","background-repeat":"repeat","background-position":"center center","background-size":"auto","background-attachment":"scroll","background-type":"","background-media":"","overlay-type":"","overlay-color":"","overlay-opacity":"","overlay-gradient":""},"tablet":{"background-color":"var(--ast-global-color-4)","background-image":"","background-repeat":"repeat","background-position":"center center","background-size":"auto","background-attachment":"scroll","background-type":"","background-media":"","overlay-type":"","overlay-color":"","overlay-opacity":"","overlay-gradient":""},"mobile":{"background-color":"var(--ast-global-color-4)","background-image":"","background-repeat":"repeat","background-position":"center center","background-size":"auto","background-attachment":"scroll","background-type":"","background-media":"","overlay-type":"","overlay-color":"","overlay-opacity":"","overlay-gradient":""}}},"domaine":[],"normes":[],"product_brand":[],"product_cat":[17240],"product_tag":[],"class_list":{"0":"post-262512","1":"product","2":"type-product","3":"status-publish","4":"has-post-thumbnail","6":"product_cat-categories","7":"desktop-align-left","8":"tablet-align-left","9":"mobile-align-left","11":"first","12":"instock","13":"shipping-taxable","14":"product-type-simple"},"acf":[],"yoast_head":"<!-- This site is optimized with the Yoast SEO plugin v27.4 - https:\/\/yoast.com\/product\/yoast-seo-wordpress\/ -->\n<title>Thermom\u00e8tre \u00e9lectronique ATEX Thermoprobe - TP7-D | DeltaLabo<\/title>\n<meta name=\"robots\" content=\"noindex, follow, max-snippet:-1, max-image-preview:large, max-video-preview:-1\" \/>\n<meta property=\"og:locale\" content=\"fr_FR\" \/>\n<meta property=\"og:type\" content=\"article\" \/>\n<meta property=\"og:title\" content=\"Thermom\u00e8tre \u00e9lectronique ATEX Thermoprobe - TP7-D | DeltaLabo\" \/>\n<meta property=\"og:description\" content=\"Thermom\u00e8tre \u00e9lectronique ATEX Thermoprobe - TP7-D :  Le thermom\u00e8tre \u00e9lectronique ATEX Thermoprobe - TP7-D\u00a0 est un thermom\u00e8tre portatif de jaugeage de p\u00e9trole \u00e0 s\u00e9curit\u00e9 intrins\u00e8que, pour zone 0, repens\u00e9 selon les derni\u00e8res normes pour une utilisation en zones dangereuses. Il \u00a0est reconnu par des certificats de s\u00e9curit\u00e9 internationaux (IECEx), europ\u00e9ens (ATEX) et eurasiatiques (TR TS).  Le corps robuste du TP7-D est fabriqu\u00e9 en acier inoxydable et en plastique antistatique. L&#039;interface utilisateur conviviale est dot\u00e9e d&#039;un grand \u00e9cran alphanum\u00e9rique et de boutons faciles \u00e0 utiliser avec des gants. Les icones sur l\u2019\u00e9cran aident l\u2019utilisateur \u00e0 voir si la temp\u00e9rature est stabilis\u00e9e. Il s\u2019\u00e9teint tout seul au bout de 20 min de non utilisation.  Avec ses multiples configurations de sonde et ses longueurs admissibles allant jusqu&#039;\u00e0 50 m\u00e8tres, le TP7-D est parfaitement adapt\u00e9 \u00e0 de nombreuses applications de t\u00e9l\u00e9jaugeage.  T\u00e9l\u00e9charger la brochure produit : Thermom\u00e8tre \u00e9lectronique ATEX Thermoprobe - TP7-D  Visionner l&#039;utilisation du produit : Thermom\u00e8tre \u00e9lectronique ATEX Thermoprobe - TP7-D\" \/>\n<meta property=\"og:url\" content=\"https:\/\/webdesi-gn.fr\/dev_deltalabo\/produits\/cat-produit\/thermometre-electronique-atex-thermoprobe-tp7-d\/\" \/>\n<meta property=\"og:site_name\" content=\"DeltaLabo\" \/>\n<meta property=\"article:modified_time\" content=\"2025-11-24T14:14:01+00:00\" \/>\n<meta property=\"og:image\" content=\"https:\/\/webdesi-gn.fr\/dev_deltalabo\/wp-content\/uploads\/2022\/01\/laboratory-g43d8b3442_1280.jpg\" \/>\n\t<meta property=\"og:image:width\" content=\"1280\" \/>\n\t<meta property=\"og:image:height\" content=\"853\" \/>\n\t<meta property=\"og:image:type\" content=\"image\/jpeg\" \/>\n<meta name=\"twitter:card\" content=\"summary_large_image\" \/>\n<script type=\"application\/ld+json\" class=\"yoast-schema-graph\">{\"@context\":\"https:\\\/\\\/schema.org\",\"@graph\":[{\"@type\":\"WebPage\",\"@id\":\"https:\\\/\\\/webdesi-gn.fr\\\/dev_deltalabo\\\/produits\\\/cat-produit\\\/thermometre-electronique-atex-thermoprobe-tp7-d\\\/\",\"url\":\"https:\\\/\\\/webdesi-gn.fr\\\/dev_deltalabo\\\/produits\\\/cat-produit\\\/thermometre-electronique-atex-thermoprobe-tp7-d\\\/\",\"name\":\"Thermom\u00e8tre \u00e9lectronique ATEX Thermoprobe - TP7-D | DeltaLabo\",\"isPartOf\":{\"@id\":\"https:\\\/\\\/webdesi-gn.fr\\\/dev_deltalabo\\\/#website\"},\"primaryImageOfPage\":{\"@id\":\"https:\\\/\\\/webdesi-gn.fr\\\/dev_deltalabo\\\/produits\\\/cat-produit\\\/thermometre-electronique-atex-thermoprobe-tp7-d\\\/#primaryimage\"},\"image\":{\"@id\":\"https:\\\/\\\/webdesi-gn.fr\\\/dev_deltalabo\\\/produits\\\/cat-produit\\\/thermometre-electronique-atex-thermoprobe-tp7-d\\\/#primaryimage\"},\"thumbnailUrl\":\"https:\\\/\\\/webdesi-gn.fr\\\/dev_deltalabo\\\/wp-content\\\/uploads\\\/2025\\\/11\\\/DELTA-LABO-TP7-D.jpg\",\"datePublished\":\"2025-11-24T14:10:22+00:00\",\"dateModified\":\"2025-11-24T14:14:01+00:00\",\"breadcrumb\":{\"@id\":\"https:\\\/\\\/webdesi-gn.fr\\\/dev_deltalabo\\\/produits\\\/cat-produit\\\/thermometre-electronique-atex-thermoprobe-tp7-d\\\/#breadcrumb\"},\"inLanguage\":\"fr-FR\",\"potentialAction\":[{\"@type\":\"ReadAction\",\"target\":[\"https:\\\/\\\/webdesi-gn.fr\\\/dev_deltalabo\\\/produits\\\/cat-produit\\\/thermometre-electronique-atex-thermoprobe-tp7-d\\\/\"]}]},{\"@type\":\"ImageObject\",\"inLanguage\":\"fr-FR\",\"@id\":\"https:\\\/\\\/webdesi-gn.fr\\\/dev_deltalabo\\\/produits\\\/cat-produit\\\/thermometre-electronique-atex-thermoprobe-tp7-d\\\/#primaryimage\",\"url\":\"https:\\\/\\\/webdesi-gn.fr\\\/dev_deltalabo\\\/wp-content\\\/uploads\\\/2025\\\/11\\\/DELTA-LABO-TP7-D.jpg\",\"contentUrl\":\"https:\\\/\\\/webdesi-gn.fr\\\/dev_deltalabo\\\/wp-content\\\/uploads\\\/2025\\\/11\\\/DELTA-LABO-TP7-D.jpg\",\"width\":2400,\"height\":1200},{\"@type\":\"BreadcrumbList\",\"@id\":\"https:\\\/\\\/webdesi-gn.fr\\\/dev_deltalabo\\\/produits\\\/cat-produit\\\/thermometre-electronique-atex-thermoprobe-tp7-d\\\/#breadcrumb\",\"itemListElement\":[{\"@type\":\"ListItem\",\"position\":1,\"name\":\"Accueil\",\"item\":\"https:\\\/\\\/webdesi-gn.fr\\\/dev_deltalabo\\\/\"},{\"@type\":\"ListItem\",\"position\":2,\"name\":\"Produits\",\"item\":\"https:\\\/\\\/webdesi-gn.fr\\\/dev_deltalabo\\\/produits\\\/\"},{\"@type\":\"ListItem\",\"position\":3,\"name\":\"Thermom\u00e8tre \u00e9lectronique ATEX Thermoprobe &#8211; TP7-D\"}]},{\"@type\":\"WebSite\",\"@id\":\"https:\\\/\\\/webdesi-gn.fr\\\/dev_deltalabo\\\/#website\",\"url\":\"https:\\\/\\\/webdesi-gn.fr\\\/dev_deltalabo\\\/\",\"name\":\"Delta Labo\",\"description\":\"Un site utilisant WordPress\",\"publisher\":{\"@id\":\"https:\\\/\\\/webdesi-gn.fr\\\/dev_deltalabo\\\/#organization\"},\"alternateName\":\"Delta Labo\",\"potentialAction\":[{\"@type\":\"SearchAction\",\"target\":{\"@type\":\"EntryPoint\",\"urlTemplate\":\"https:\\\/\\\/webdesi-gn.fr\\\/dev_deltalabo\\\/?s={search_term_string}\"},\"query-input\":{\"@type\":\"PropertyValueSpecification\",\"valueRequired\":true,\"valueName\":\"search_term_string\"}}],\"inLanguage\":\"fr-FR\"},{\"@type\":\"Organization\",\"@id\":\"https:\\\/\\\/webdesi-gn.fr\\\/dev_deltalabo\\\/#organization\",\"name\":\"DeltaLabo\",\"url\":\"https:\\\/\\\/webdesi-gn.fr\\\/dev_deltalabo\\\/\",\"logo\":{\"@type\":\"ImageObject\",\"inLanguage\":\"fr-FR\",\"@id\":\"https:\\\/\\\/webdesi-gn.fr\\\/dev_deltalabo\\\/#\\\/schema\\\/logo\\\/image\\\/\",\"url\":\"https:\\\/\\\/webdesi-gn.fr\\\/dev_deltalabo\\\/wp-content\\\/uploads\\\/2022\\\/07\\\/logo-deltalabo.png\",\"contentUrl\":\"https:\\\/\\\/webdesi-gn.fr\\\/dev_deltalabo\\\/wp-content\\\/uploads\\\/2022\\\/07\\\/logo-deltalabo.png\",\"width\":694,\"height\":306,\"caption\":\"DeltaLabo\"},\"image\":{\"@id\":\"https:\\\/\\\/webdesi-gn.fr\\\/dev_deltalabo\\\/#\\\/schema\\\/logo\\\/image\\\/\"}}]}<\/script>\n<!-- \/ Yoast SEO plugin. -->","yoast_head_json":{"title":"Thermom\u00e8tre \u00e9lectronique ATEX Thermoprobe - TP7-D | DeltaLabo","robots":{"index":"noindex","follow":"follow","max-snippet":"max-snippet:-1","max-image-preview":"max-image-preview:large","max-video-preview":"max-video-preview:-1"},"og_locale":"fr_FR","og_type":"article","og_title":"Thermom\u00e8tre \u00e9lectronique ATEX Thermoprobe - TP7-D | DeltaLabo","og_description":"Thermom\u00e8tre \u00e9lectronique ATEX Thermoprobe - TP7-D :  Le thermom\u00e8tre \u00e9lectronique ATEX Thermoprobe - TP7-D\u00a0 est un thermom\u00e8tre portatif de jaugeage de p\u00e9trole \u00e0 s\u00e9curit\u00e9 intrins\u00e8que, pour zone 0, repens\u00e9 selon les derni\u00e8res normes pour une utilisation en zones dangereuses. Il \u00a0est reconnu par des certificats de s\u00e9curit\u00e9 internationaux (IECEx), europ\u00e9ens (ATEX) et eurasiatiques (TR TS).  Le corps robuste du TP7-D est fabriqu\u00e9 en acier inoxydable et en plastique antistatique. L'interface utilisateur conviviale est dot\u00e9e d'un grand \u00e9cran alphanum\u00e9rique et de boutons faciles \u00e0 utiliser avec des gants. Les icones sur l\u2019\u00e9cran aident l\u2019utilisateur \u00e0 voir si la temp\u00e9rature est stabilis\u00e9e. Il s\u2019\u00e9teint tout seul au bout de 20 min de non utilisation.  Avec ses multiples configurations de sonde et ses longueurs admissibles allant jusqu'\u00e0 50 m\u00e8tres, le TP7-D est parfaitement adapt\u00e9 \u00e0 de nombreuses applications de t\u00e9l\u00e9jaugeage.  T\u00e9l\u00e9charger la brochure produit : Thermom\u00e8tre \u00e9lectronique ATEX Thermoprobe - TP7-D  Visionner l'utilisation du produit : Thermom\u00e8tre \u00e9lectronique ATEX Thermoprobe - TP7-D","og_url":"https:\/\/webdesi-gn.fr\/dev_deltalabo\/produits\/cat-produit\/thermometre-electronique-atex-thermoprobe-tp7-d\/","og_site_name":"DeltaLabo","article_modified_time":"2025-11-24T14:14:01+00:00","og_image":[{"width":1280,"height":853,"url":"https:\/\/webdesi-gn.fr\/dev_deltalabo\/wp-content\/uploads\/2022\/01\/laboratory-g43d8b3442_1280.jpg","type":"image\/jpeg"}],"twitter_card":"summary_large_image","schema":{"@context":"https:\/\/schema.org","@graph":[{"@type":"WebPage","@id":"https:\/\/webdesi-gn.fr\/dev_deltalabo\/produits\/cat-produit\/thermometre-electronique-atex-thermoprobe-tp7-d\/","url":"https:\/\/webdesi-gn.fr\/dev_deltalabo\/produits\/cat-produit\/thermometre-electronique-atex-thermoprobe-tp7-d\/","name":"Thermom\u00e8tre \u00e9lectronique ATEX Thermoprobe - TP7-D | DeltaLabo","isPartOf":{"@id":"https:\/\/webdesi-gn.fr\/dev_deltalabo\/#website"},"primaryImageOfPage":{"@id":"https:\/\/webdesi-gn.fr\/dev_deltalabo\/produits\/cat-produit\/thermometre-electronique-atex-thermoprobe-tp7-d\/#primaryimage"},"image":{"@id":"https:\/\/webdesi-gn.fr\/dev_deltalabo\/produits\/cat-produit\/thermometre-electronique-atex-thermoprobe-tp7-d\/#primaryimage"},"thumbnailUrl":"https:\/\/webdesi-gn.fr\/dev_deltalabo\/wp-content\/uploads\/2025\/11\/DELTA-LABO-TP7-D.jpg","datePublished":"2025-11-24T14:10:22+00:00","dateModified":"2025-11-24T14:14:01+00:00","breadcrumb":{"@id":"https:\/\/webdesi-gn.fr\/dev_deltalabo\/produits\/cat-produit\/thermometre-electronique-atex-thermoprobe-tp7-d\/#breadcrumb"},"inLanguage":"fr-FR","potentialAction":[{"@type":"ReadAction","target":["https:\/\/webdesi-gn.fr\/dev_deltalabo\/produits\/cat-produit\/thermometre-electronique-atex-thermoprobe-tp7-d\/"]}]},{"@type":"ImageObject","inLanguage":"fr-FR","@id":"https:\/\/webdesi-gn.fr\/dev_deltalabo\/produits\/cat-produit\/thermometre-electronique-atex-thermoprobe-tp7-d\/#primaryimage","url":"https:\/\/webdesi-gn.fr\/dev_deltalabo\/wp-content\/uploads\/2025\/11\/DELTA-LABO-TP7-D.jpg","contentUrl":"https:\/\/webdesi-gn.fr\/dev_deltalabo\/wp-content\/uploads\/2025\/11\/DELTA-LABO-TP7-D.jpg","width":2400,"height":1200},{"@type":"BreadcrumbList","@id":"https:\/\/webdesi-gn.fr\/dev_deltalabo\/produits\/cat-produit\/thermometre-electronique-atex-thermoprobe-tp7-d\/#breadcrumb","itemListElement":[{"@type":"ListItem","position":1,"name":"Accueil","item":"https:\/\/webdesi-gn.fr\/dev_deltalabo\/"},{"@type":"ListItem","position":2,"name":"Produits","item":"https:\/\/webdesi-gn.fr\/dev_deltalabo\/produits\/"},{"@type":"ListItem","position":3,"name":"Thermom\u00e8tre \u00e9lectronique ATEX Thermoprobe &#8211; TP7-D"}]},{"@type":"WebSite","@id":"https:\/\/webdesi-gn.fr\/dev_deltalabo\/#website","url":"https:\/\/webdesi-gn.fr\/dev_deltalabo\/","name":"Delta Labo","description":"Un site utilisant WordPress","publisher":{"@id":"https:\/\/webdesi-gn.fr\/dev_deltalabo\/#organization"},"alternateName":"Delta Labo","potentialAction":[{"@type":"SearchAction","target":{"@type":"EntryPoint","urlTemplate":"https:\/\/webdesi-gn.fr\/dev_deltalabo\/?s={search_term_string}"},"query-input":{"@type":"PropertyValueSpecification","valueRequired":true,"valueName":"search_term_string"}}],"inLanguage":"fr-FR"},{"@type":"Organization","@id":"https:\/\/webdesi-gn.fr\/dev_deltalabo\/#organization","name":"DeltaLabo","url":"https:\/\/webdesi-gn.fr\/dev_deltalabo\/","logo":{"@type":"ImageObject","inLanguage":"fr-FR","@id":"https:\/\/webdesi-gn.fr\/dev_deltalabo\/#\/schema\/logo\/image\/","url":"https:\/\/webdesi-gn.fr\/dev_deltalabo\/wp-content\/uploads\/2022\/07\/logo-deltalabo.png","contentUrl":"https:\/\/webdesi-gn.fr\/dev_deltalabo\/wp-content\/uploads\/2022\/07\/logo-deltalabo.png","width":694,"height":306,"caption":"DeltaLabo"},"image":{"@id":"https:\/\/webdesi-gn.fr\/dev_deltalabo\/#\/schema\/logo\/image\/"}}]}},"_links":{"self":[{"href":"https:\/\/webdesi-gn.fr\/dev_deltalabo\/wp-json\/wp\/v2\/product\/262512","targetHints":{"allow":["GET"]}}],"collection":[{"href":"https:\/\/webdesi-gn.fr\/dev_deltalabo\/wp-json\/wp\/v2\/product"}],"about":[{"href":"https:\/\/webdesi-gn.fr\/dev_deltalabo\/wp-json\/wp\/v2\/types\/product"}],"wp:featuredmedia":[{"embeddable":true,"href":"https:\/\/webdesi-gn.fr\/dev_deltalabo\/wp-json\/wp\/v2\/media\/262602"}],"wp:attachment":[{"href":"https:\/\/webdesi-gn.fr\/dev_deltalabo\/wp-json\/wp\/v2\/media?parent=262512"}],"wp:term":[{"taxonomy":"domaine","embeddable":true,"href":"https:\/\/webdesi-gn.fr\/dev_deltalabo\/wp-json\/wp\/v2\/domaine?post=262512"},{"taxonomy":"normes","embeddable":true,"href":"https:\/\/webdesi-gn.fr\/dev_deltalabo\/wp-json\/wp\/v2\/normes?post=262512"},{"taxonomy":"product_brand","embeddable":true,"href":"https:\/\/webdesi-gn.fr\/dev_deltalabo\/wp-json\/wp\/v2\/product_brand?post=262512"},{"taxonomy":"product_cat","embeddable":true,"href":"https:\/\/webdesi-gn.fr\/dev_deltalabo\/wp-json\/wp\/v2\/product_cat?post=262512"},{"taxonomy":"product_tag","embeddable":true,"href":"https:\/\/webdesi-gn.fr\/dev_deltalabo\/wp-json\/wp\/v2\/product_tag?post=262512"}],"curies":[{"name":"wp","href":"https:\/\/api.w.org\/{rel}","templated":true}]}}