{"id":262523,"date":"2025-11-24T15:10:47","date_gmt":"2025-11-24T14:10:47","guid":{"rendered":"https:\/\/webdesi-gn.fr\/dev_deltalabo\/?post_type=product&#038;p=262523"},"modified":"2025-11-24T15:14:18","modified_gmt":"2025-11-24T14:14:18","slug":"echantillonneur-a-paroi-simple-en-cuivre-stanhope-seta-500ml-14710-0","status":"publish","type":"product","link":"https:\/\/webdesi-gn.fr\/dev_deltalabo\/produits\/categories\/echantillonneur-a-paroi-simple-en-cuivre-stanhope-seta-500ml-14710-0\/","title":{"rendered":"\u00c9chantillonneur \u00e0 paroi simple en cuivre Stanhope Seta &#8211; 500ml &#8211; 14710-0"},"content":{"rendered":"","protected":false},"excerpt":{"rendered":"<p><strong>\u00c9chantillonneur \u00e0 paroi simple en cuivre Stanhope Seta &#8211; 500ml &#8211; 14710-0 :\u00a0<\/strong><\/p>\n<p>L&rsquo;\u00e9chantillonneur \u00e0 paroi simple en cuivre Stanhope Seta &#8211; r\u00e9f. 14710-0 a une capacit\u00e9 de 500ml pour un diam\u00e8tre de 6,4cm et une longueur de 31cm.<\/p>\n<p>Les \u00e9chantillons pr\u00e9lev\u00e9s dans des entrep\u00f4ts de stockage en vrac doivent \u00eatre repr\u00e9sentatifs de l&rsquo;ensemble et doivent arriver au laboratoire d&rsquo;essai sans contamination ni d\u00e9t\u00e9rioration.<\/p>\n<p>Ces bidons d&rsquo;\u00e9chantillonnage sont conformes aux sp\u00e9cifications applicables et conformes aux normes ASTM D4057, ASTM D4306, BS EN ISO 3170, BS 2000-475 et ISO 3170.<\/p>\n<p><strong>T\u00e9l\u00e9charger la brochure produit :<\/strong> <a href=\"https:\/\/www.deltalabo.fr\/wp-content\/uploads\/2025\/09\/14710-0-sampling-can-0.5L-fich-tech-DL.pdf\">\u00c9chantillonneur \u00e0 paroi simple en cuivre Stanhope Seta 500ml &#8211; 14710-0<\/a><\/p>\n","protected":false},"featured_media":262613,"template":"","meta":{"_acf_changed":false,"site-sidebar-layout":"default","site-content-layout":"","ast-site-content-layout":"default","site-content-style":"default","site-sidebar-style":"default","ast-global-header-display":"","ast-banner-title-visibility":"","ast-main-header-display":"","ast-hfb-above-header-display":"","ast-hfb-below-header-display":"","ast-hfb-mobile-header-display":"","site-post-title":"","ast-breadcrumbs-content":"","ast-featured-img":"","footer-sml-layout":"","ast-disable-related-posts":"","theme-transparent-header-meta":"","adv-header-id-meta":"","stick-header-meta":"","header-above-stick-meta":"","header-main-stick-meta":"","header-below-stick-meta":"","astra-migrate-meta-layouts":"default","ast-page-background-enabled":"default","ast-page-background-meta":{"desktop":{"background-color":"var(--ast-global-color-5)","background-image":"","background-repeat":"repeat","background-position":"center center","background-size":"auto","background-attachment":"scroll","background-type":"","background-media":"","overlay-type":"","overlay-color":"","overlay-opacity":"","overlay-gradient":""},"tablet":{"background-color":"","background-image":"","background-repeat":"repeat","background-position":"center center","background-size":"auto","background-attachment":"scroll","background-type":"","background-media":"","overlay-type":"","overlay-color":"","overlay-opacity":"","overlay-gradient":""},"mobile":{"background-color":"","background-image":"","background-repeat":"repeat","background-position":"center center","background-size":"auto","background-attachment":"scroll","background-type":"","background-media":"","overlay-type":"","overlay-color":"","overlay-opacity":"","overlay-gradient":""}},"ast-content-background-meta":{"desktop":{"background-color":"var(--ast-global-color-4)","background-image":"","background-repeat":"repeat","background-position":"center center","background-size":"auto","background-attachment":"scroll","background-type":"","background-media":"","overlay-type":"","overlay-color":"","overlay-opacity":"","overlay-gradient":""},"tablet":{"background-color":"var(--ast-global-color-4)","background-image":"","background-repeat":"repeat","background-position":"center center","background-size":"auto","background-attachment":"scroll","background-type":"","background-media":"","overlay-type":"","overlay-color":"","overlay-opacity":"","overlay-gradient":""},"mobile":{"background-color":"var(--ast-global-color-4)","background-image":"","background-repeat":"repeat","background-position":"center center","background-size":"auto","background-attachment":"scroll","background-type":"","background-media":"","overlay-type":"","overlay-color":"","overlay-opacity":"","overlay-gradient":""}}},"domaine":[],"normes":[],"product_brand":[],"product_cat":[17240],"product_tag":[],"class_list":{"0":"post-262523","1":"product","2":"type-product","3":"status-publish","4":"has-post-thumbnail","6":"product_cat-categories","7":"desktop-align-left","8":"tablet-align-left","9":"mobile-align-left","11":"first","12":"instock","13":"shipping-taxable","14":"product-type-simple"},"acf":[],"yoast_head":"<!-- This site is optimized with the Yoast SEO plugin v27.4 - https:\/\/yoast.com\/product\/yoast-seo-wordpress\/ -->\n<title>\u00c9chantillonneur \u00e0 paroi simple en cuivre Stanhope Seta - 500ml - 14710-0 | DeltaLabo<\/title>\n<meta name=\"robots\" content=\"noindex, follow, max-snippet:-1, max-image-preview:large, max-video-preview:-1\" \/>\n<meta property=\"og:locale\" content=\"fr_FR\" \/>\n<meta property=\"og:type\" content=\"article\" \/>\n<meta property=\"og:title\" content=\"\u00c9chantillonneur \u00e0 paroi simple en cuivre Stanhope Seta - 500ml - 14710-0 | DeltaLabo\" \/>\n<meta property=\"og:description\" content=\"\u00c9chantillonneur \u00e0 paroi simple en cuivre Stanhope Seta - 500ml - 14710-0 :\u00a0  L&#039;\u00e9chantillonneur \u00e0 paroi simple en cuivre Stanhope Seta - r\u00e9f. 14710-0 a une capacit\u00e9 de 500ml pour un diam\u00e8tre de 6,4cm et une longueur de 31cm.  Les \u00e9chantillons pr\u00e9lev\u00e9s dans des entrep\u00f4ts de stockage en vrac doivent \u00eatre repr\u00e9sentatifs de l&#039;ensemble et doivent arriver au laboratoire d&#039;essai sans contamination ni d\u00e9t\u00e9rioration.  Ces bidons d&#039;\u00e9chantillonnage sont conformes aux sp\u00e9cifications applicables et conformes aux normes ASTM D4057, ASTM D4306, BS EN ISO 3170, BS 2000-475 et ISO 3170.  T\u00e9l\u00e9charger la brochure produit : \u00c9chantillonneur \u00e0 paroi simple en cuivre Stanhope Seta 500ml - 14710-0\" \/>\n<meta property=\"og:url\" content=\"https:\/\/webdesi-gn.fr\/dev_deltalabo\/produits\/cat-produit\/echantillonneur-a-paroi-simple-en-cuivre-stanhope-seta-500ml-14710-0\/\" \/>\n<meta property=\"og:site_name\" content=\"DeltaLabo\" \/>\n<meta property=\"article:modified_time\" content=\"2025-11-24T14:14:18+00:00\" \/>\n<meta property=\"og:image\" content=\"https:\/\/webdesi-gn.fr\/dev_deltalabo\/wp-content\/uploads\/2022\/01\/laboratory-g43d8b3442_1280.jpg\" \/>\n\t<meta property=\"og:image:width\" content=\"1280\" \/>\n\t<meta property=\"og:image:height\" content=\"853\" \/>\n\t<meta property=\"og:image:type\" content=\"image\/jpeg\" \/>\n<meta name=\"twitter:card\" content=\"summary_large_image\" \/>\n<script type=\"application\/ld+json\" class=\"yoast-schema-graph\">{\"@context\":\"https:\\\/\\\/schema.org\",\"@graph\":[{\"@type\":\"WebPage\",\"@id\":\"https:\\\/\\\/webdesi-gn.fr\\\/dev_deltalabo\\\/produits\\\/cat-produit\\\/echantillonneur-a-paroi-simple-en-cuivre-stanhope-seta-500ml-14710-0\\\/\",\"url\":\"https:\\\/\\\/webdesi-gn.fr\\\/dev_deltalabo\\\/produits\\\/cat-produit\\\/echantillonneur-a-paroi-simple-en-cuivre-stanhope-seta-500ml-14710-0\\\/\",\"name\":\"\u00c9chantillonneur \u00e0 paroi simple en cuivre Stanhope Seta - 500ml - 14710-0 | DeltaLabo\",\"isPartOf\":{\"@id\":\"https:\\\/\\\/webdesi-gn.fr\\\/dev_deltalabo\\\/#website\"},\"primaryImageOfPage\":{\"@id\":\"https:\\\/\\\/webdesi-gn.fr\\\/dev_deltalabo\\\/produits\\\/cat-produit\\\/echantillonneur-a-paroi-simple-en-cuivre-stanhope-seta-500ml-14710-0\\\/#primaryimage\"},\"image\":{\"@id\":\"https:\\\/\\\/webdesi-gn.fr\\\/dev_deltalabo\\\/produits\\\/cat-produit\\\/echantillonneur-a-paroi-simple-en-cuivre-stanhope-seta-500ml-14710-0\\\/#primaryimage\"},\"thumbnailUrl\":\"https:\\\/\\\/webdesi-gn.fr\\\/dev_deltalabo\\\/wp-content\\\/uploads\\\/2025\\\/11\\\/14700-0_Copper_Single-Walled_500_ml_Sampling_Can.jpg.webp\",\"datePublished\":\"2025-11-24T14:10:47+00:00\",\"dateModified\":\"2025-11-24T14:14:18+00:00\",\"breadcrumb\":{\"@id\":\"https:\\\/\\\/webdesi-gn.fr\\\/dev_deltalabo\\\/produits\\\/cat-produit\\\/echantillonneur-a-paroi-simple-en-cuivre-stanhope-seta-500ml-14710-0\\\/#breadcrumb\"},\"inLanguage\":\"fr-FR\",\"potentialAction\":[{\"@type\":\"ReadAction\",\"target\":[\"https:\\\/\\\/webdesi-gn.fr\\\/dev_deltalabo\\\/produits\\\/cat-produit\\\/echantillonneur-a-paroi-simple-en-cuivre-stanhope-seta-500ml-14710-0\\\/\"]}]},{\"@type\":\"ImageObject\",\"inLanguage\":\"fr-FR\",\"@id\":\"https:\\\/\\\/webdesi-gn.fr\\\/dev_deltalabo\\\/produits\\\/cat-produit\\\/echantillonneur-a-paroi-simple-en-cuivre-stanhope-seta-500ml-14710-0\\\/#primaryimage\",\"url\":\"https:\\\/\\\/webdesi-gn.fr\\\/dev_deltalabo\\\/wp-content\\\/uploads\\\/2025\\\/11\\\/14700-0_Copper_Single-Walled_500_ml_Sampling_Can.jpg.webp\",\"contentUrl\":\"https:\\\/\\\/webdesi-gn.fr\\\/dev_deltalabo\\\/wp-content\\\/uploads\\\/2025\\\/11\\\/14700-0_Copper_Single-Walled_500_ml_Sampling_Can.jpg.webp\",\"width\":800,\"height\":800},{\"@type\":\"BreadcrumbList\",\"@id\":\"https:\\\/\\\/webdesi-gn.fr\\\/dev_deltalabo\\\/produits\\\/cat-produit\\\/echantillonneur-a-paroi-simple-en-cuivre-stanhope-seta-500ml-14710-0\\\/#breadcrumb\",\"itemListElement\":[{\"@type\":\"ListItem\",\"position\":1,\"name\":\"Accueil\",\"item\":\"https:\\\/\\\/webdesi-gn.fr\\\/dev_deltalabo\\\/\"},{\"@type\":\"ListItem\",\"position\":2,\"name\":\"Produits\",\"item\":\"https:\\\/\\\/webdesi-gn.fr\\\/dev_deltalabo\\\/produits\\\/\"},{\"@type\":\"ListItem\",\"position\":3,\"name\":\"\u00c9chantillonneur \u00e0 paroi simple en cuivre Stanhope Seta &#8211; 500ml &#8211; 14710-0\"}]},{\"@type\":\"WebSite\",\"@id\":\"https:\\\/\\\/webdesi-gn.fr\\\/dev_deltalabo\\\/#website\",\"url\":\"https:\\\/\\\/webdesi-gn.fr\\\/dev_deltalabo\\\/\",\"name\":\"Delta Labo\",\"description\":\"Un site utilisant WordPress\",\"publisher\":{\"@id\":\"https:\\\/\\\/webdesi-gn.fr\\\/dev_deltalabo\\\/#organization\"},\"alternateName\":\"Delta Labo\",\"potentialAction\":[{\"@type\":\"SearchAction\",\"target\":{\"@type\":\"EntryPoint\",\"urlTemplate\":\"https:\\\/\\\/webdesi-gn.fr\\\/dev_deltalabo\\\/?s={search_term_string}\"},\"query-input\":{\"@type\":\"PropertyValueSpecification\",\"valueRequired\":true,\"valueName\":\"search_term_string\"}}],\"inLanguage\":\"fr-FR\"},{\"@type\":\"Organization\",\"@id\":\"https:\\\/\\\/webdesi-gn.fr\\\/dev_deltalabo\\\/#organization\",\"name\":\"DeltaLabo\",\"url\":\"https:\\\/\\\/webdesi-gn.fr\\\/dev_deltalabo\\\/\",\"logo\":{\"@type\":\"ImageObject\",\"inLanguage\":\"fr-FR\",\"@id\":\"https:\\\/\\\/webdesi-gn.fr\\\/dev_deltalabo\\\/#\\\/schema\\\/logo\\\/image\\\/\",\"url\":\"https:\\\/\\\/webdesi-gn.fr\\\/dev_deltalabo\\\/wp-content\\\/uploads\\\/2022\\\/07\\\/logo-deltalabo.png\",\"contentUrl\":\"https:\\\/\\\/webdesi-gn.fr\\\/dev_deltalabo\\\/wp-content\\\/uploads\\\/2022\\\/07\\\/logo-deltalabo.png\",\"width\":694,\"height\":306,\"caption\":\"DeltaLabo\"},\"image\":{\"@id\":\"https:\\\/\\\/webdesi-gn.fr\\\/dev_deltalabo\\\/#\\\/schema\\\/logo\\\/image\\\/\"}}]}<\/script>\n<!-- \/ Yoast SEO plugin. -->","yoast_head_json":{"title":"\u00c9chantillonneur \u00e0 paroi simple en cuivre Stanhope Seta - 500ml - 14710-0 | DeltaLabo","robots":{"index":"noindex","follow":"follow","max-snippet":"max-snippet:-1","max-image-preview":"max-image-preview:large","max-video-preview":"max-video-preview:-1"},"og_locale":"fr_FR","og_type":"article","og_title":"\u00c9chantillonneur \u00e0 paroi simple en cuivre Stanhope Seta - 500ml - 14710-0 | DeltaLabo","og_description":"\u00c9chantillonneur \u00e0 paroi simple en cuivre Stanhope Seta - 500ml - 14710-0 :\u00a0  L'\u00e9chantillonneur \u00e0 paroi simple en cuivre Stanhope Seta - r\u00e9f. 14710-0 a une capacit\u00e9 de 500ml pour un diam\u00e8tre de 6,4cm et une longueur de 31cm.  Les \u00e9chantillons pr\u00e9lev\u00e9s dans des entrep\u00f4ts de stockage en vrac doivent \u00eatre repr\u00e9sentatifs de l'ensemble et doivent arriver au laboratoire d'essai sans contamination ni d\u00e9t\u00e9rioration.  Ces bidons d'\u00e9chantillonnage sont conformes aux sp\u00e9cifications applicables et conformes aux normes ASTM D4057, ASTM D4306, BS EN ISO 3170, BS 2000-475 et ISO 3170.  T\u00e9l\u00e9charger la brochure produit : \u00c9chantillonneur \u00e0 paroi simple en cuivre Stanhope Seta 500ml - 14710-0","og_url":"https:\/\/webdesi-gn.fr\/dev_deltalabo\/produits\/cat-produit\/echantillonneur-a-paroi-simple-en-cuivre-stanhope-seta-500ml-14710-0\/","og_site_name":"DeltaLabo","article_modified_time":"2025-11-24T14:14:18+00:00","og_image":[{"width":1280,"height":853,"url":"https:\/\/webdesi-gn.fr\/dev_deltalabo\/wp-content\/uploads\/2022\/01\/laboratory-g43d8b3442_1280.jpg","type":"image\/jpeg"}],"twitter_card":"summary_large_image","schema":{"@context":"https:\/\/schema.org","@graph":[{"@type":"WebPage","@id":"https:\/\/webdesi-gn.fr\/dev_deltalabo\/produits\/cat-produit\/echantillonneur-a-paroi-simple-en-cuivre-stanhope-seta-500ml-14710-0\/","url":"https:\/\/webdesi-gn.fr\/dev_deltalabo\/produits\/cat-produit\/echantillonneur-a-paroi-simple-en-cuivre-stanhope-seta-500ml-14710-0\/","name":"\u00c9chantillonneur \u00e0 paroi simple en cuivre Stanhope Seta - 500ml - 14710-0 | DeltaLabo","isPartOf":{"@id":"https:\/\/webdesi-gn.fr\/dev_deltalabo\/#website"},"primaryImageOfPage":{"@id":"https:\/\/webdesi-gn.fr\/dev_deltalabo\/produits\/cat-produit\/echantillonneur-a-paroi-simple-en-cuivre-stanhope-seta-500ml-14710-0\/#primaryimage"},"image":{"@id":"https:\/\/webdesi-gn.fr\/dev_deltalabo\/produits\/cat-produit\/echantillonneur-a-paroi-simple-en-cuivre-stanhope-seta-500ml-14710-0\/#primaryimage"},"thumbnailUrl":"https:\/\/webdesi-gn.fr\/dev_deltalabo\/wp-content\/uploads\/2025\/11\/14700-0_Copper_Single-Walled_500_ml_Sampling_Can.jpg.webp","datePublished":"2025-11-24T14:10:47+00:00","dateModified":"2025-11-24T14:14:18+00:00","breadcrumb":{"@id":"https:\/\/webdesi-gn.fr\/dev_deltalabo\/produits\/cat-produit\/echantillonneur-a-paroi-simple-en-cuivre-stanhope-seta-500ml-14710-0\/#breadcrumb"},"inLanguage":"fr-FR","potentialAction":[{"@type":"ReadAction","target":["https:\/\/webdesi-gn.fr\/dev_deltalabo\/produits\/cat-produit\/echantillonneur-a-paroi-simple-en-cuivre-stanhope-seta-500ml-14710-0\/"]}]},{"@type":"ImageObject","inLanguage":"fr-FR","@id":"https:\/\/webdesi-gn.fr\/dev_deltalabo\/produits\/cat-produit\/echantillonneur-a-paroi-simple-en-cuivre-stanhope-seta-500ml-14710-0\/#primaryimage","url":"https:\/\/webdesi-gn.fr\/dev_deltalabo\/wp-content\/uploads\/2025\/11\/14700-0_Copper_Single-Walled_500_ml_Sampling_Can.jpg.webp","contentUrl":"https:\/\/webdesi-gn.fr\/dev_deltalabo\/wp-content\/uploads\/2025\/11\/14700-0_Copper_Single-Walled_500_ml_Sampling_Can.jpg.webp","width":800,"height":800},{"@type":"BreadcrumbList","@id":"https:\/\/webdesi-gn.fr\/dev_deltalabo\/produits\/cat-produit\/echantillonneur-a-paroi-simple-en-cuivre-stanhope-seta-500ml-14710-0\/#breadcrumb","itemListElement":[{"@type":"ListItem","position":1,"name":"Accueil","item":"https:\/\/webdesi-gn.fr\/dev_deltalabo\/"},{"@type":"ListItem","position":2,"name":"Produits","item":"https:\/\/webdesi-gn.fr\/dev_deltalabo\/produits\/"},{"@type":"ListItem","position":3,"name":"\u00c9chantillonneur \u00e0 paroi simple en cuivre Stanhope Seta &#8211; 500ml &#8211; 14710-0"}]},{"@type":"WebSite","@id":"https:\/\/webdesi-gn.fr\/dev_deltalabo\/#website","url":"https:\/\/webdesi-gn.fr\/dev_deltalabo\/","name":"Delta Labo","description":"Un site utilisant WordPress","publisher":{"@id":"https:\/\/webdesi-gn.fr\/dev_deltalabo\/#organization"},"alternateName":"Delta Labo","potentialAction":[{"@type":"SearchAction","target":{"@type":"EntryPoint","urlTemplate":"https:\/\/webdesi-gn.fr\/dev_deltalabo\/?s={search_term_string}"},"query-input":{"@type":"PropertyValueSpecification","valueRequired":true,"valueName":"search_term_string"}}],"inLanguage":"fr-FR"},{"@type":"Organization","@id":"https:\/\/webdesi-gn.fr\/dev_deltalabo\/#organization","name":"DeltaLabo","url":"https:\/\/webdesi-gn.fr\/dev_deltalabo\/","logo":{"@type":"ImageObject","inLanguage":"fr-FR","@id":"https:\/\/webdesi-gn.fr\/dev_deltalabo\/#\/schema\/logo\/image\/","url":"https:\/\/webdesi-gn.fr\/dev_deltalabo\/wp-content\/uploads\/2022\/07\/logo-deltalabo.png","contentUrl":"https:\/\/webdesi-gn.fr\/dev_deltalabo\/wp-content\/uploads\/2022\/07\/logo-deltalabo.png","width":694,"height":306,"caption":"DeltaLabo"},"image":{"@id":"https:\/\/webdesi-gn.fr\/dev_deltalabo\/#\/schema\/logo\/image\/"}}]}},"_links":{"self":[{"href":"https:\/\/webdesi-gn.fr\/dev_deltalabo\/wp-json\/wp\/v2\/product\/262523","targetHints":{"allow":["GET"]}}],"collection":[{"href":"https:\/\/webdesi-gn.fr\/dev_deltalabo\/wp-json\/wp\/v2\/product"}],"about":[{"href":"https:\/\/webdesi-gn.fr\/dev_deltalabo\/wp-json\/wp\/v2\/types\/product"}],"wp:featuredmedia":[{"embeddable":true,"href":"https:\/\/webdesi-gn.fr\/dev_deltalabo\/wp-json\/wp\/v2\/media\/262613"}],"wp:attachment":[{"href":"https:\/\/webdesi-gn.fr\/dev_deltalabo\/wp-json\/wp\/v2\/media?parent=262523"}],"wp:term":[{"taxonomy":"domaine","embeddable":true,"href":"https:\/\/webdesi-gn.fr\/dev_deltalabo\/wp-json\/wp\/v2\/domaine?post=262523"},{"taxonomy":"normes","embeddable":true,"href":"https:\/\/webdesi-gn.fr\/dev_deltalabo\/wp-json\/wp\/v2\/normes?post=262523"},{"taxonomy":"product_brand","embeddable":true,"href":"https:\/\/webdesi-gn.fr\/dev_deltalabo\/wp-json\/wp\/v2\/product_brand?post=262523"},{"taxonomy":"product_cat","embeddable":true,"href":"https:\/\/webdesi-gn.fr\/dev_deltalabo\/wp-json\/wp\/v2\/product_cat?post=262523"},{"taxonomy":"product_tag","embeddable":true,"href":"https:\/\/webdesi-gn.fr\/dev_deltalabo\/wp-json\/wp\/v2\/product_tag?post=262523"}],"curies":[{"name":"wp","href":"https:\/\/api.w.org\/{rel}","templated":true}]}}