{"id":262533,"date":"2025-11-24T15:11:10","date_gmt":"2025-11-24T14:11:10","guid":{"rendered":"https:\/\/webdesi-gn.fr\/dev_deltalabo\/?post_type=product&#038;p=262533"},"modified":"2025-11-24T15:14:44","modified_gmt":"2025-11-24T14:14:44","slug":"centrifugeuse-compacte-pour-petrole-brut-robinson-modele-872at4","status":"publish","type":"product","link":"https:\/\/webdesi-gn.fr\/dev_deltalabo\/produits\/categories\/centrifugeuse-compacte-pour-petrole-brut-robinson-modele-872at4\/","title":{"rendered":"Centrifugeuse compacte pour p\u00e9trole brut ROBINSON &#8211; mod\u00e8le 872AT4"},"content":{"rendered":"","protected":false},"excerpt":{"rendered":"<p><strong>Centrifugeuse compacte pour p\u00e9trole brut ROBINSON &#8211; mod\u00e8le 872AT4 :<\/strong><\/p>\n<p>La centrifugeuse compacte pour p\u00e9trole brut ROBINSON &#8211; mod\u00e8le 872AT4 est con\u00e7ue pour fonctionner sur une alimentation de 230 VCA. Elle int\u00e8gre un dispositif de chauffage d&rsquo;\u00e9chantillon pour plus de commodit\u00e9 et est contr\u00f4l\u00e9e par thermostat pour maintenir les \u00e9chantillons aux temp\u00e9ratures recommand\u00e9es pendant les tests. Le bo\u00eetier est en fonte d&rsquo;aluminium pour une durabilit\u00e9 et une r\u00e9sistance \u00e0 la corrosion maximales.<\/p>\n<p>L<span class=\"Y2IQFc\" lang=\"fr\">e variateur de vitesse du moteur permet un d\u00e9marrage lent et en douceur. <\/span><span class=\"Y2IQFc\" lang=\"fr\">La centrifugeuse<\/span> est \u00e9quip\u00e9e d&rsquo;une minuterie analogique permettant de r\u00e9gler la dur\u00e9e des tests de 1 \u00e0 15 minutes.<\/p>\n<p id=\"tw-target-text\" class=\"tw-data-text tw-text-large tw-ta\" dir=\"ltr\" tabindex=\"-1\" role=\"text\" data-placeholder=\"Traduction\" data-ved=\"2ahUKEwic07_Wqd-PAxVPWqQEHZ1vEScQ3ewLegQICxAV\" aria-label=\"Texte traduit\u00a0: Caract\u00e9ristiques\u00a0: \u25a1 Bo\u00eetier robuste en fonte d'aluminium con\u00e7u pour r\u00e9sister aux conditions de terrain difficiles \u25a1 Le variateur de vitesse du moteur permet un d\u00e9marrage lent et en douceur \u25a1 La conception modulaire des composants facilite le retrait et le remplacement du moteur, du rh\u00e9ostat, des interrupteurs et des \u00e9l\u00e9ments chauffants sans d\u00e9monter la centrifugeuse. \u25a1 Les pr\u00e9chauffeurs situ\u00e9s \u00e0 l'avant de la machine sont facilement accessibles \u00e0 l'op\u00e9rateur \u25a1 Des \u00e9l\u00e9ments chauffants haute efficacit\u00e9 maintiennent la temp\u00e9rature de l'\u00e9chantillon pendant toute la dur\u00e9e du test. \u25a1 Une minuterie analogique de 15\u00a0minutes arr\u00eate automatiquement le moteur une fois le test termin\u00e9. \u25a1 Le verrouillage \u00e0 ressort du couvercle maintient le couvercle ferm\u00e9 pendant le fonctionnement. \u25a1 Le trou central du couvercle offre un acc\u00e8s facile et s\u00fbr pour v\u00e9rifier la vitesse de rotation \u00e0 l'aide d'un tachym\u00e8tre portatif pendant le fonctionnement.\"><span class=\"Y2IQFc\" lang=\"fr\">Par ailleurs, la conception modulaire des composants facilite le retrait et le remplacement du moteur, du rh\u00e9ostat, des interrupteurs et des \u00e9l\u00e9ments chauffants sans d\u00e9monter la centrifugeuse.<\/span><\/p>\n<p dir=\"ltr\" tabindex=\"-1\" role=\"text\" data-placeholder=\"Traduction\" data-ved=\"2ahUKEwic07_Wqd-PAxVPWqQEHZ1vEScQ3ewLegQICxAV\" aria-label=\"Texte traduit\u00a0: Caract\u00e9ristiques\u00a0: \u25a1 Bo\u00eetier robuste en fonte d'aluminium con\u00e7u pour r\u00e9sister aux conditions de terrain difficiles \u25a1 Le variateur de vitesse du moteur permet un d\u00e9marrage lent et en douceur \u25a1 La conception modulaire des composants facilite le retrait et le remplacement du moteur, du rh\u00e9ostat, des interrupteurs et des \u00e9l\u00e9ments chauffants sans d\u00e9monter la centrifugeuse. \u25a1 Les pr\u00e9chauffeurs situ\u00e9s \u00e0 l'avant de la machine sont facilement accessibles \u00e0 l'op\u00e9rateur \u25a1 Des \u00e9l\u00e9ments chauffants haute efficacit\u00e9 maintiennent la temp\u00e9rature de l'\u00e9chantillon pendant toute la dur\u00e9e du test. \u25a1 Une minuterie analogique de 15\u00a0minutes arr\u00eate automatiquement le moteur une fois le test termin\u00e9. \u25a1 Le verrouillage \u00e0 ressort du couvercle maintient le couvercle ferm\u00e9 pendant le fonctionnement. \u25a1 Le trou central du couvercle offre un acc\u00e8s facile et s\u00fbr pour v\u00e9rifier la vitesse de rotation \u00e0 l'aide d'un tachym\u00e8tre portatif pendant le fonctionnement.\">Caract\u00e9ristiques :<\/p>\n<ul>\n<li><span dir=\"auto\">Tube conique court de 100 ml<\/span><\/li>\n<li><span dir=\"auto\">T\u00eate \u00e0 4 places<\/span><\/li>\n<li><span dir=\"auto\">Pr\u00e9chauffeur 4 places<\/span><\/li>\n<\/ul>\n<p><strong>T\u00e9l\u00e9charger la brochure produit :<\/strong> <a href=\"https:\/\/www.deltalabo.fr\/wp-content\/uploads\/2025\/09\/Centrifugeuse-Robinson-872AT4-doc-engl-DL.pdf\">Centrifugeuse compacte pour p\u00e9trole brut ROBINSON &#8211; mod\u00e8le 872AT4<\/a><\/p>\n","protected":false},"featured_media":262625,"template":"","meta":{"_acf_changed":false,"site-sidebar-layout":"default","site-content-layout":"","ast-site-content-layout":"default","site-content-style":"default","site-sidebar-style":"default","ast-global-header-display":"","ast-banner-title-visibility":"","ast-main-header-display":"","ast-hfb-above-header-display":"","ast-hfb-below-header-display":"","ast-hfb-mobile-header-display":"","site-post-title":"","ast-breadcrumbs-content":"","ast-featured-img":"","footer-sml-layout":"","ast-disable-related-posts":"","theme-transparent-header-meta":"","adv-header-id-meta":"","stick-header-meta":"","header-above-stick-meta":"","header-main-stick-meta":"","header-below-stick-meta":"","astra-migrate-meta-layouts":"default","ast-page-background-enabled":"default","ast-page-background-meta":{"desktop":{"background-color":"var(--ast-global-color-5)","background-image":"","background-repeat":"repeat","background-position":"center center","background-size":"auto","background-attachment":"scroll","background-type":"","background-media":"","overlay-type":"","overlay-color":"","overlay-opacity":"","overlay-gradient":""},"tablet":{"background-color":"","background-image":"","background-repeat":"repeat","background-position":"center center","background-size":"auto","background-attachment":"scroll","background-type":"","background-media":"","overlay-type":"","overlay-color":"","overlay-opacity":"","overlay-gradient":""},"mobile":{"background-color":"","background-image":"","background-repeat":"repeat","background-position":"center center","background-size":"auto","background-attachment":"scroll","background-type":"","background-media":"","overlay-type":"","overlay-color":"","overlay-opacity":"","overlay-gradient":""}},"ast-content-background-meta":{"desktop":{"background-color":"var(--ast-global-color-4)","background-image":"","background-repeat":"repeat","background-position":"center center","background-size":"auto","background-attachment":"scroll","background-type":"","background-media":"","overlay-type":"","overlay-color":"","overlay-opacity":"","overlay-gradient":""},"tablet":{"background-color":"var(--ast-global-color-4)","background-image":"","background-repeat":"repeat","background-position":"center center","background-size":"auto","background-attachment":"scroll","background-type":"","background-media":"","overlay-type":"","overlay-color":"","overlay-opacity":"","overlay-gradient":""},"mobile":{"background-color":"var(--ast-global-color-4)","background-image":"","background-repeat":"repeat","background-position":"center center","background-size":"auto","background-attachment":"scroll","background-type":"","background-media":"","overlay-type":"","overlay-color":"","overlay-opacity":"","overlay-gradient":""}}},"domaine":[],"normes":[],"product_brand":[],"product_cat":[17240],"product_tag":[],"class_list":{"0":"post-262533","1":"product","2":"type-product","3":"status-publish","4":"has-post-thumbnail","6":"product_cat-categories","7":"desktop-align-left","8":"tablet-align-left","9":"mobile-align-left","11":"first","12":"instock","13":"shipping-taxable","14":"product-type-simple"},"acf":[],"yoast_head":"<!-- This site is optimized with the Yoast SEO plugin v27.4 - https:\/\/yoast.com\/product\/yoast-seo-wordpress\/ -->\n<title>Centrifugeuse compacte pour p\u00e9trole brut ROBINSON - mod\u00e8le 872AT4 | DeltaLabo<\/title>\n<meta name=\"robots\" content=\"noindex, follow, max-snippet:-1, max-image-preview:large, max-video-preview:-1\" \/>\n<meta property=\"og:locale\" content=\"fr_FR\" \/>\n<meta property=\"og:type\" content=\"article\" \/>\n<meta property=\"og:title\" content=\"Centrifugeuse compacte pour p\u00e9trole brut ROBINSON - mod\u00e8le 872AT4 | DeltaLabo\" \/>\n<meta property=\"og:description\" content=\"Centrifugeuse compacte pour p\u00e9trole brut ROBINSON - mod\u00e8le 872AT4 :  La centrifugeuse compacte pour p\u00e9trole brut ROBINSON - mod\u00e8le 872AT4 est con\u00e7ue pour fonctionner sur une alimentation de 230 VCA. Elle int\u00e8gre un dispositif de chauffage d&#039;\u00e9chantillon pour plus de commodit\u00e9 et est contr\u00f4l\u00e9e par thermostat pour maintenir les \u00e9chantillons aux temp\u00e9ratures recommand\u00e9es pendant les tests. Le bo\u00eetier est en fonte d&#039;aluminium pour une durabilit\u00e9 et une r\u00e9sistance \u00e0 la corrosion maximales.  Le variateur de vitesse du moteur permet un d\u00e9marrage lent et en douceur. La centrifugeuse est \u00e9quip\u00e9e d&#039;une minuterie analogique permettant de r\u00e9gler la dur\u00e9e des tests de 1 \u00e0 15 minutes. Par ailleurs, la conception modulaire des composants facilite le retrait et le remplacement du moteur, du rh\u00e9ostat, des interrupteurs et des \u00e9l\u00e9ments chauffants sans d\u00e9monter la centrifugeuse. Caract\u00e9ristiques :    Tube conique court de 100 ml  T\u00eate \u00e0 4 places  Pr\u00e9chauffeur 4 places  T\u00e9l\u00e9charger la brochure produit : Centrifugeuse compacte pour p\u00e9trole brut ROBINSON - mod\u00e8le 872AT4\" \/>\n<meta property=\"og:url\" content=\"https:\/\/webdesi-gn.fr\/dev_deltalabo\/produits\/cat-produit\/centrifugeuse-compacte-pour-petrole-brut-robinson-modele-872at4\/\" \/>\n<meta property=\"og:site_name\" content=\"DeltaLabo\" \/>\n<meta property=\"article:modified_time\" content=\"2025-11-24T14:14:44+00:00\" \/>\n<meta property=\"og:image\" content=\"https:\/\/webdesi-gn.fr\/dev_deltalabo\/wp-content\/uploads\/2022\/01\/laboratory-g43d8b3442_1280.jpg\" \/>\n\t<meta property=\"og:image:width\" content=\"1280\" \/>\n\t<meta property=\"og:image:height\" content=\"853\" \/>\n\t<meta property=\"og:image:type\" content=\"image\/jpeg\" \/>\n<meta name=\"twitter:card\" content=\"summary_large_image\" \/>\n<script type=\"application\/ld+json\" class=\"yoast-schema-graph\">{\"@context\":\"https:\\\/\\\/schema.org\",\"@graph\":[{\"@type\":\"WebPage\",\"@id\":\"https:\\\/\\\/webdesi-gn.fr\\\/dev_deltalabo\\\/produits\\\/cat-produit\\\/centrifugeuse-compacte-pour-petrole-brut-robinson-modele-872at4\\\/\",\"url\":\"https:\\\/\\\/webdesi-gn.fr\\\/dev_deltalabo\\\/produits\\\/cat-produit\\\/centrifugeuse-compacte-pour-petrole-brut-robinson-modele-872at4\\\/\",\"name\":\"Centrifugeuse compacte pour p\u00e9trole brut ROBINSON - mod\u00e8le 872AT4 | DeltaLabo\",\"isPartOf\":{\"@id\":\"https:\\\/\\\/webdesi-gn.fr\\\/dev_deltalabo\\\/#website\"},\"primaryImageOfPage\":{\"@id\":\"https:\\\/\\\/webdesi-gn.fr\\\/dev_deltalabo\\\/produits\\\/cat-produit\\\/centrifugeuse-compacte-pour-petrole-brut-robinson-modele-872at4\\\/#primaryimage\"},\"image\":{\"@id\":\"https:\\\/\\\/webdesi-gn.fr\\\/dev_deltalabo\\\/produits\\\/cat-produit\\\/centrifugeuse-compacte-pour-petrole-brut-robinson-modele-872at4\\\/#primaryimage\"},\"thumbnailUrl\":\"https:\\\/\\\/webdesi-gn.fr\\\/dev_deltalabo\\\/wp-content\\\/uploads\\\/2025\\\/11\\\/DELTA-LABO-centrifugeuse-Robinson.jpg\",\"datePublished\":\"2025-11-24T14:11:10+00:00\",\"dateModified\":\"2025-11-24T14:14:44+00:00\",\"breadcrumb\":{\"@id\":\"https:\\\/\\\/webdesi-gn.fr\\\/dev_deltalabo\\\/produits\\\/cat-produit\\\/centrifugeuse-compacte-pour-petrole-brut-robinson-modele-872at4\\\/#breadcrumb\"},\"inLanguage\":\"fr-FR\",\"potentialAction\":[{\"@type\":\"ReadAction\",\"target\":[\"https:\\\/\\\/webdesi-gn.fr\\\/dev_deltalabo\\\/produits\\\/cat-produit\\\/centrifugeuse-compacte-pour-petrole-brut-robinson-modele-872at4\\\/\"]}]},{\"@type\":\"ImageObject\",\"inLanguage\":\"fr-FR\",\"@id\":\"https:\\\/\\\/webdesi-gn.fr\\\/dev_deltalabo\\\/produits\\\/cat-produit\\\/centrifugeuse-compacte-pour-petrole-brut-robinson-modele-872at4\\\/#primaryimage\",\"url\":\"https:\\\/\\\/webdesi-gn.fr\\\/dev_deltalabo\\\/wp-content\\\/uploads\\\/2025\\\/11\\\/DELTA-LABO-centrifugeuse-Robinson.jpg\",\"contentUrl\":\"https:\\\/\\\/webdesi-gn.fr\\\/dev_deltalabo\\\/wp-content\\\/uploads\\\/2025\\\/11\\\/DELTA-LABO-centrifugeuse-Robinson.jpg\",\"width\":1200,\"height\":800},{\"@type\":\"BreadcrumbList\",\"@id\":\"https:\\\/\\\/webdesi-gn.fr\\\/dev_deltalabo\\\/produits\\\/cat-produit\\\/centrifugeuse-compacte-pour-petrole-brut-robinson-modele-872at4\\\/#breadcrumb\",\"itemListElement\":[{\"@type\":\"ListItem\",\"position\":1,\"name\":\"Accueil\",\"item\":\"https:\\\/\\\/webdesi-gn.fr\\\/dev_deltalabo\\\/\"},{\"@type\":\"ListItem\",\"position\":2,\"name\":\"Produits\",\"item\":\"https:\\\/\\\/webdesi-gn.fr\\\/dev_deltalabo\\\/produits\\\/\"},{\"@type\":\"ListItem\",\"position\":3,\"name\":\"Centrifugeuse compacte pour p\u00e9trole brut ROBINSON &#8211; mod\u00e8le 872AT4\"}]},{\"@type\":\"WebSite\",\"@id\":\"https:\\\/\\\/webdesi-gn.fr\\\/dev_deltalabo\\\/#website\",\"url\":\"https:\\\/\\\/webdesi-gn.fr\\\/dev_deltalabo\\\/\",\"name\":\"Delta Labo\",\"description\":\"Un site utilisant WordPress\",\"publisher\":{\"@id\":\"https:\\\/\\\/webdesi-gn.fr\\\/dev_deltalabo\\\/#organization\"},\"alternateName\":\"Delta Labo\",\"potentialAction\":[{\"@type\":\"SearchAction\",\"target\":{\"@type\":\"EntryPoint\",\"urlTemplate\":\"https:\\\/\\\/webdesi-gn.fr\\\/dev_deltalabo\\\/?s={search_term_string}\"},\"query-input\":{\"@type\":\"PropertyValueSpecification\",\"valueRequired\":true,\"valueName\":\"search_term_string\"}}],\"inLanguage\":\"fr-FR\"},{\"@type\":\"Organization\",\"@id\":\"https:\\\/\\\/webdesi-gn.fr\\\/dev_deltalabo\\\/#organization\",\"name\":\"DeltaLabo\",\"url\":\"https:\\\/\\\/webdesi-gn.fr\\\/dev_deltalabo\\\/\",\"logo\":{\"@type\":\"ImageObject\",\"inLanguage\":\"fr-FR\",\"@id\":\"https:\\\/\\\/webdesi-gn.fr\\\/dev_deltalabo\\\/#\\\/schema\\\/logo\\\/image\\\/\",\"url\":\"https:\\\/\\\/webdesi-gn.fr\\\/dev_deltalabo\\\/wp-content\\\/uploads\\\/2022\\\/07\\\/logo-deltalabo.png\",\"contentUrl\":\"https:\\\/\\\/webdesi-gn.fr\\\/dev_deltalabo\\\/wp-content\\\/uploads\\\/2022\\\/07\\\/logo-deltalabo.png\",\"width\":694,\"height\":306,\"caption\":\"DeltaLabo\"},\"image\":{\"@id\":\"https:\\\/\\\/webdesi-gn.fr\\\/dev_deltalabo\\\/#\\\/schema\\\/logo\\\/image\\\/\"}}]}<\/script>\n<!-- \/ Yoast SEO plugin. -->","yoast_head_json":{"title":"Centrifugeuse compacte pour p\u00e9trole brut ROBINSON - mod\u00e8le 872AT4 | DeltaLabo","robots":{"index":"noindex","follow":"follow","max-snippet":"max-snippet:-1","max-image-preview":"max-image-preview:large","max-video-preview":"max-video-preview:-1"},"og_locale":"fr_FR","og_type":"article","og_title":"Centrifugeuse compacte pour p\u00e9trole brut ROBINSON - mod\u00e8le 872AT4 | DeltaLabo","og_description":"Centrifugeuse compacte pour p\u00e9trole brut ROBINSON - mod\u00e8le 872AT4 :  La centrifugeuse compacte pour p\u00e9trole brut ROBINSON - mod\u00e8le 872AT4 est con\u00e7ue pour fonctionner sur une alimentation de 230 VCA. Elle int\u00e8gre un dispositif de chauffage d'\u00e9chantillon pour plus de commodit\u00e9 et est contr\u00f4l\u00e9e par thermostat pour maintenir les \u00e9chantillons aux temp\u00e9ratures recommand\u00e9es pendant les tests. Le bo\u00eetier est en fonte d'aluminium pour une durabilit\u00e9 et une r\u00e9sistance \u00e0 la corrosion maximales.  Le variateur de vitesse du moteur permet un d\u00e9marrage lent et en douceur. La centrifugeuse est \u00e9quip\u00e9e d'une minuterie analogique permettant de r\u00e9gler la dur\u00e9e des tests de 1 \u00e0 15 minutes. Par ailleurs, la conception modulaire des composants facilite le retrait et le remplacement du moteur, du rh\u00e9ostat, des interrupteurs et des \u00e9l\u00e9ments chauffants sans d\u00e9monter la centrifugeuse. Caract\u00e9ristiques :    Tube conique court de 100 ml  T\u00eate \u00e0 4 places  Pr\u00e9chauffeur 4 places  T\u00e9l\u00e9charger la brochure produit : Centrifugeuse compacte pour p\u00e9trole brut ROBINSON - mod\u00e8le 872AT4","og_url":"https:\/\/webdesi-gn.fr\/dev_deltalabo\/produits\/cat-produit\/centrifugeuse-compacte-pour-petrole-brut-robinson-modele-872at4\/","og_site_name":"DeltaLabo","article_modified_time":"2025-11-24T14:14:44+00:00","og_image":[{"width":1280,"height":853,"url":"https:\/\/webdesi-gn.fr\/dev_deltalabo\/wp-content\/uploads\/2022\/01\/laboratory-g43d8b3442_1280.jpg","type":"image\/jpeg"}],"twitter_card":"summary_large_image","schema":{"@context":"https:\/\/schema.org","@graph":[{"@type":"WebPage","@id":"https:\/\/webdesi-gn.fr\/dev_deltalabo\/produits\/cat-produit\/centrifugeuse-compacte-pour-petrole-brut-robinson-modele-872at4\/","url":"https:\/\/webdesi-gn.fr\/dev_deltalabo\/produits\/cat-produit\/centrifugeuse-compacte-pour-petrole-brut-robinson-modele-872at4\/","name":"Centrifugeuse compacte pour p\u00e9trole brut ROBINSON - mod\u00e8le 872AT4 | DeltaLabo","isPartOf":{"@id":"https:\/\/webdesi-gn.fr\/dev_deltalabo\/#website"},"primaryImageOfPage":{"@id":"https:\/\/webdesi-gn.fr\/dev_deltalabo\/produits\/cat-produit\/centrifugeuse-compacte-pour-petrole-brut-robinson-modele-872at4\/#primaryimage"},"image":{"@id":"https:\/\/webdesi-gn.fr\/dev_deltalabo\/produits\/cat-produit\/centrifugeuse-compacte-pour-petrole-brut-robinson-modele-872at4\/#primaryimage"},"thumbnailUrl":"https:\/\/webdesi-gn.fr\/dev_deltalabo\/wp-content\/uploads\/2025\/11\/DELTA-LABO-centrifugeuse-Robinson.jpg","datePublished":"2025-11-24T14:11:10+00:00","dateModified":"2025-11-24T14:14:44+00:00","breadcrumb":{"@id":"https:\/\/webdesi-gn.fr\/dev_deltalabo\/produits\/cat-produit\/centrifugeuse-compacte-pour-petrole-brut-robinson-modele-872at4\/#breadcrumb"},"inLanguage":"fr-FR","potentialAction":[{"@type":"ReadAction","target":["https:\/\/webdesi-gn.fr\/dev_deltalabo\/produits\/cat-produit\/centrifugeuse-compacte-pour-petrole-brut-robinson-modele-872at4\/"]}]},{"@type":"ImageObject","inLanguage":"fr-FR","@id":"https:\/\/webdesi-gn.fr\/dev_deltalabo\/produits\/cat-produit\/centrifugeuse-compacte-pour-petrole-brut-robinson-modele-872at4\/#primaryimage","url":"https:\/\/webdesi-gn.fr\/dev_deltalabo\/wp-content\/uploads\/2025\/11\/DELTA-LABO-centrifugeuse-Robinson.jpg","contentUrl":"https:\/\/webdesi-gn.fr\/dev_deltalabo\/wp-content\/uploads\/2025\/11\/DELTA-LABO-centrifugeuse-Robinson.jpg","width":1200,"height":800},{"@type":"BreadcrumbList","@id":"https:\/\/webdesi-gn.fr\/dev_deltalabo\/produits\/cat-produit\/centrifugeuse-compacte-pour-petrole-brut-robinson-modele-872at4\/#breadcrumb","itemListElement":[{"@type":"ListItem","position":1,"name":"Accueil","item":"https:\/\/webdesi-gn.fr\/dev_deltalabo\/"},{"@type":"ListItem","position":2,"name":"Produits","item":"https:\/\/webdesi-gn.fr\/dev_deltalabo\/produits\/"},{"@type":"ListItem","position":3,"name":"Centrifugeuse compacte pour p\u00e9trole brut ROBINSON &#8211; mod\u00e8le 872AT4"}]},{"@type":"WebSite","@id":"https:\/\/webdesi-gn.fr\/dev_deltalabo\/#website","url":"https:\/\/webdesi-gn.fr\/dev_deltalabo\/","name":"Delta Labo","description":"Un site utilisant WordPress","publisher":{"@id":"https:\/\/webdesi-gn.fr\/dev_deltalabo\/#organization"},"alternateName":"Delta Labo","potentialAction":[{"@type":"SearchAction","target":{"@type":"EntryPoint","urlTemplate":"https:\/\/webdesi-gn.fr\/dev_deltalabo\/?s={search_term_string}"},"query-input":{"@type":"PropertyValueSpecification","valueRequired":true,"valueName":"search_term_string"}}],"inLanguage":"fr-FR"},{"@type":"Organization","@id":"https:\/\/webdesi-gn.fr\/dev_deltalabo\/#organization","name":"DeltaLabo","url":"https:\/\/webdesi-gn.fr\/dev_deltalabo\/","logo":{"@type":"ImageObject","inLanguage":"fr-FR","@id":"https:\/\/webdesi-gn.fr\/dev_deltalabo\/#\/schema\/logo\/image\/","url":"https:\/\/webdesi-gn.fr\/dev_deltalabo\/wp-content\/uploads\/2022\/07\/logo-deltalabo.png","contentUrl":"https:\/\/webdesi-gn.fr\/dev_deltalabo\/wp-content\/uploads\/2022\/07\/logo-deltalabo.png","width":694,"height":306,"caption":"DeltaLabo"},"image":{"@id":"https:\/\/webdesi-gn.fr\/dev_deltalabo\/#\/schema\/logo\/image\/"}}]}},"_links":{"self":[{"href":"https:\/\/webdesi-gn.fr\/dev_deltalabo\/wp-json\/wp\/v2\/product\/262533","targetHints":{"allow":["GET"]}}],"collection":[{"href":"https:\/\/webdesi-gn.fr\/dev_deltalabo\/wp-json\/wp\/v2\/product"}],"about":[{"href":"https:\/\/webdesi-gn.fr\/dev_deltalabo\/wp-json\/wp\/v2\/types\/product"}],"wp:featuredmedia":[{"embeddable":true,"href":"https:\/\/webdesi-gn.fr\/dev_deltalabo\/wp-json\/wp\/v2\/media\/262625"}],"wp:attachment":[{"href":"https:\/\/webdesi-gn.fr\/dev_deltalabo\/wp-json\/wp\/v2\/media?parent=262533"}],"wp:term":[{"taxonomy":"domaine","embeddable":true,"href":"https:\/\/webdesi-gn.fr\/dev_deltalabo\/wp-json\/wp\/v2\/domaine?post=262533"},{"taxonomy":"normes","embeddable":true,"href":"https:\/\/webdesi-gn.fr\/dev_deltalabo\/wp-json\/wp\/v2\/normes?post=262533"},{"taxonomy":"product_brand","embeddable":true,"href":"https:\/\/webdesi-gn.fr\/dev_deltalabo\/wp-json\/wp\/v2\/product_brand?post=262533"},{"taxonomy":"product_cat","embeddable":true,"href":"https:\/\/webdesi-gn.fr\/dev_deltalabo\/wp-json\/wp\/v2\/product_cat?post=262533"},{"taxonomy":"product_tag","embeddable":true,"href":"https:\/\/webdesi-gn.fr\/dev_deltalabo\/wp-json\/wp\/v2\/product_tag?post=262533"}],"curies":[{"name":"wp","href":"https:\/\/api.w.org\/{rel}","templated":true}]}}