{"id":262542,"date":"2025-11-24T15:11:31","date_gmt":"2025-11-24T14:11:31","guid":{"rendered":"https:\/\/webdesi-gn.fr\/dev_deltalabo\/?post_type=product&#038;p=262542"},"modified":"2025-11-24T15:15:18","modified_gmt":"2025-11-24T14:15:18","slug":"analyseur-de-process-nir-online-pour-canne-a-sucre-sucre-et-bioethanol-buchi","status":"publish","type":"product","link":"https:\/\/webdesi-gn.fr\/dev_deltalabo\/produits\/categories\/analyseur-de-process-nir-online-pour-canne-a-sucre-sucre-et-bioethanol-buchi\/","title":{"rendered":"Analyseur de process NIR-Online\u00ae pour canne \u00e0 sucre, sucre et bio\u00e9thanol Buchi"},"content":{"rendered":"","protected":false},"excerpt":{"rendered":"<p><strong>Analyseur de process NIR-Online\u00ae pour canne \u00e0 sucre, sucre et bio\u00e9thanol Buchi :<\/strong><\/p>\n<p>L&rsquo;analyseur de process NIR-Online\u00ae pour la canne \u00e0 sucre, le sucre et le bio\u00e9thanol de chez Buchi contr\u00f4le en temps r\u00e9el les processus dans l&rsquo;industrie de la canne \u00e0 sucre. Il fournit en continu des mesures pr\u00e9cises en quelques secondes garantissant une efficacit\u00e9 de production maximale.<\/p>\n<p>Caract\u00e9ristiques :<\/p>\n<ul class=\"Card--meta\">\n<li class=\"Card--meta-item\">\n<div class=\"Tag\"><span class=\"Tag--label\">Technologie \u00e0 barrettes de diodes : s<\/span>pectrom\u00e8tre ultra-rapide<\/div>\n<\/li>\n<li class=\"Card--meta-item\">\n<div class=\"Tag\"><span class=\"Tag--label\">Classification IP\/ATEX: t<\/span>otalement prot\u00e9g\u00e9 contre les poussi\u00e8res et les forts jets d\u2019eau (IP 66 \/ IP 66K\/68), certification ATEX (gaz et poussi\u00e8res)<\/div>\n<\/li>\n<li class=\"Card--meta-item\">\n<div class=\"Tag\"><span class=\"Tag--label\">Longueur d\u2019onde du proche infrarouge (NIR): g<\/span>amme \u00e9tendue de longueurs d\u2019onde du NIR (900 \u2013 1,700 nm)<\/div>\n<\/li>\n<li>Temp\u00e9rature ambiante : -10\u00b0C \u00e0 40\u00b0C<\/li>\n<\/ul>\n<p><strong>T\u00e9l\u00e9charger la brochure produit :<\/strong> <a href=\"https:\/\/www.deltalabo.fr\/wp-content\/uploads\/2025\/09\/NIR-Online_Sugarcane_Sugar_Bioethanol_Solutions_en-DL-1.pdf\">Analyseur de process NIR-Online\u00ae pour canne \u00e0 sucre, sucre et bio\u00e9thanol Buchi<\/a><\/p>\n<p><strong>Visionner l&rsquo;utilisation du produit :<\/strong> <a href=\"https:\/\/youtu.be\/tXun8He2omA\">Analyseur de process NIR-Online\u00ae pour canne \u00e0 sucre, sucre et bio\u00e9thanol Buchi<\/a><\/p>\n","protected":false},"featured_media":262640,"template":"","meta":{"_acf_changed":false,"site-sidebar-layout":"default","site-content-layout":"","ast-site-content-layout":"default","site-content-style":"default","site-sidebar-style":"default","ast-global-header-display":"","ast-banner-title-visibility":"","ast-main-header-display":"","ast-hfb-above-header-display":"","ast-hfb-below-header-display":"","ast-hfb-mobile-header-display":"","site-post-title":"","ast-breadcrumbs-content":"","ast-featured-img":"","footer-sml-layout":"","ast-disable-related-posts":"","theme-transparent-header-meta":"","adv-header-id-meta":"","stick-header-meta":"","header-above-stick-meta":"","header-main-stick-meta":"","header-below-stick-meta":"","astra-migrate-meta-layouts":"default","ast-page-background-enabled":"default","ast-page-background-meta":{"desktop":{"background-color":"var(--ast-global-color-5)","background-image":"","background-repeat":"repeat","background-position":"center center","background-size":"auto","background-attachment":"scroll","background-type":"","background-media":"","overlay-type":"","overlay-color":"","overlay-opacity":"","overlay-gradient":""},"tablet":{"background-color":"","background-image":"","background-repeat":"repeat","background-position":"center center","background-size":"auto","background-attachment":"scroll","background-type":"","background-media":"","overlay-type":"","overlay-color":"","overlay-opacity":"","overlay-gradient":""},"mobile":{"background-color":"","background-image":"","background-repeat":"repeat","background-position":"center center","background-size":"auto","background-attachment":"scroll","background-type":"","background-media":"","overlay-type":"","overlay-color":"","overlay-opacity":"","overlay-gradient":""}},"ast-content-background-meta":{"desktop":{"background-color":"var(--ast-global-color-4)","background-image":"","background-repeat":"repeat","background-position":"center center","background-size":"auto","background-attachment":"scroll","background-type":"","background-media":"","overlay-type":"","overlay-color":"","overlay-opacity":"","overlay-gradient":""},"tablet":{"background-color":"var(--ast-global-color-4)","background-image":"","background-repeat":"repeat","background-position":"center center","background-size":"auto","background-attachment":"scroll","background-type":"","background-media":"","overlay-type":"","overlay-color":"","overlay-opacity":"","overlay-gradient":""},"mobile":{"background-color":"var(--ast-global-color-4)","background-image":"","background-repeat":"repeat","background-position":"center center","background-size":"auto","background-attachment":"scroll","background-type":"","background-media":"","overlay-type":"","overlay-color":"","overlay-opacity":"","overlay-gradient":""}}},"domaine":[],"normes":[],"product_brand":[],"product_cat":[17240],"product_tag":[],"class_list":{"0":"post-262542","1":"product","2":"type-product","3":"status-publish","4":"has-post-thumbnail","6":"product_cat-categories","7":"desktop-align-left","8":"tablet-align-left","9":"mobile-align-left","11":"first","12":"instock","13":"shipping-taxable","14":"product-type-simple"},"acf":[],"yoast_head":"<!-- This site is optimized with the Yoast SEO plugin v27.4 - https:\/\/yoast.com\/product\/yoast-seo-wordpress\/ -->\n<title>Analyseur de process NIR-Online\u00ae pour canne \u00e0 sucre, sucre et bio\u00e9thanol Buchi | DeltaLabo<\/title>\n<meta name=\"robots\" content=\"noindex, follow, max-snippet:-1, max-image-preview:large, max-video-preview:-1\" \/>\n<meta property=\"og:locale\" content=\"fr_FR\" \/>\n<meta property=\"og:type\" content=\"article\" \/>\n<meta property=\"og:title\" content=\"Analyseur de process NIR-Online\u00ae pour canne \u00e0 sucre, sucre et bio\u00e9thanol Buchi | DeltaLabo\" \/>\n<meta property=\"og:description\" content=\"Analyseur de process NIR-Online\u00ae pour canne \u00e0 sucre, sucre et bio\u00e9thanol Buchi :  L&#039;analyseur de process NIR-Online\u00ae pour la canne \u00e0 sucre, le sucre et le bio\u00e9thanol de chez Buchi contr\u00f4le en temps r\u00e9el les processus dans l&#039;industrie de la canne \u00e0 sucre. Il fournit en continu des mesures pr\u00e9cises en quelques secondes garantissant une efficacit\u00e9 de production maximale.  Caract\u00e9ristiques :    Technologie \u00e0 barrettes de diodes : spectrom\u00e8tre ultra-rapide   Classification IP\/ATEX: totalement prot\u00e9g\u00e9 contre les poussi\u00e8res et les forts jets d\u2019eau (IP 66 \/ IP 66K\/68), certification ATEX (gaz et poussi\u00e8res)   Longueur d\u2019onde du proche infrarouge (NIR): gamme \u00e9tendue de longueurs d\u2019onde du NIR (900 \u2013 1,700 nm)  Temp\u00e9rature ambiante : -10\u00b0C \u00e0 40\u00b0C  T\u00e9l\u00e9charger la brochure produit : Analyseur de process NIR-Online\u00ae pour canne \u00e0 sucre, sucre et bio\u00e9thanol Buchi  Visionner l&#039;utilisation du produit : Analyseur de process NIR-Online\u00ae pour canne \u00e0 sucre, sucre et bio\u00e9thanol Buchi\" \/>\n<meta property=\"og:url\" content=\"https:\/\/webdesi-gn.fr\/dev_deltalabo\/produits\/cat-produit\/analyseur-de-process-nir-online-pour-canne-a-sucre-sucre-et-bioethanol-buchi\/\" \/>\n<meta property=\"og:site_name\" content=\"DeltaLabo\" \/>\n<meta property=\"article:modified_time\" content=\"2025-11-24T14:15:18+00:00\" \/>\n<meta property=\"og:image\" content=\"https:\/\/webdesi-gn.fr\/dev_deltalabo\/wp-content\/uploads\/2022\/01\/laboratory-g43d8b3442_1280.jpg\" \/>\n\t<meta property=\"og:image:width\" content=\"1280\" \/>\n\t<meta property=\"og:image:height\" content=\"853\" \/>\n\t<meta property=\"og:image:type\" content=\"image\/jpeg\" \/>\n<meta name=\"twitter:card\" content=\"summary_large_image\" \/>\n<script type=\"application\/ld+json\" class=\"yoast-schema-graph\">{\"@context\":\"https:\\\/\\\/schema.org\",\"@graph\":[{\"@type\":\"WebPage\",\"@id\":\"https:\\\/\\\/webdesi-gn.fr\\\/dev_deltalabo\\\/produits\\\/cat-produit\\\/analyseur-de-process-nir-online-pour-canne-a-sucre-sucre-et-bioethanol-buchi\\\/\",\"url\":\"https:\\\/\\\/webdesi-gn.fr\\\/dev_deltalabo\\\/produits\\\/cat-produit\\\/analyseur-de-process-nir-online-pour-canne-a-sucre-sucre-et-bioethanol-buchi\\\/\",\"name\":\"Analyseur de process NIR-Online\u00ae pour canne \u00e0 sucre, sucre et bio\u00e9thanol Buchi | DeltaLabo\",\"isPartOf\":{\"@id\":\"https:\\\/\\\/webdesi-gn.fr\\\/dev_deltalabo\\\/#website\"},\"primaryImageOfPage\":{\"@id\":\"https:\\\/\\\/webdesi-gn.fr\\\/dev_deltalabo\\\/produits\\\/cat-produit\\\/analyseur-de-process-nir-online-pour-canne-a-sucre-sucre-et-bioethanol-buchi\\\/#primaryimage\"},\"image\":{\"@id\":\"https:\\\/\\\/webdesi-gn.fr\\\/dev_deltalabo\\\/produits\\\/cat-produit\\\/analyseur-de-process-nir-online-pour-canne-a-sucre-sucre-et-bioethanol-buchi\\\/#primaryimage\"},\"thumbnailUrl\":\"https:\\\/\\\/webdesi-gn.fr\\\/dev_deltalabo\\\/wp-content\\\/uploads\\\/2025\\\/11\\\/DELTA-LABO-BUCHI-NIR-Online-X-One_.webp\",\"datePublished\":\"2025-11-24T14:11:31+00:00\",\"dateModified\":\"2025-11-24T14:15:18+00:00\",\"breadcrumb\":{\"@id\":\"https:\\\/\\\/webdesi-gn.fr\\\/dev_deltalabo\\\/produits\\\/cat-produit\\\/analyseur-de-process-nir-online-pour-canne-a-sucre-sucre-et-bioethanol-buchi\\\/#breadcrumb\"},\"inLanguage\":\"fr-FR\",\"potentialAction\":[{\"@type\":\"ReadAction\",\"target\":[\"https:\\\/\\\/webdesi-gn.fr\\\/dev_deltalabo\\\/produits\\\/cat-produit\\\/analyseur-de-process-nir-online-pour-canne-a-sucre-sucre-et-bioethanol-buchi\\\/\"]}]},{\"@type\":\"ImageObject\",\"inLanguage\":\"fr-FR\",\"@id\":\"https:\\\/\\\/webdesi-gn.fr\\\/dev_deltalabo\\\/produits\\\/cat-produit\\\/analyseur-de-process-nir-online-pour-canne-a-sucre-sucre-et-bioethanol-buchi\\\/#primaryimage\",\"url\":\"https:\\\/\\\/webdesi-gn.fr\\\/dev_deltalabo\\\/wp-content\\\/uploads\\\/2025\\\/11\\\/DELTA-LABO-BUCHI-NIR-Online-X-One_.webp\",\"contentUrl\":\"https:\\\/\\\/webdesi-gn.fr\\\/dev_deltalabo\\\/wp-content\\\/uploads\\\/2025\\\/11\\\/DELTA-LABO-BUCHI-NIR-Online-X-One_.webp\",\"width\":1000,\"height\":1000},{\"@type\":\"BreadcrumbList\",\"@id\":\"https:\\\/\\\/webdesi-gn.fr\\\/dev_deltalabo\\\/produits\\\/cat-produit\\\/analyseur-de-process-nir-online-pour-canne-a-sucre-sucre-et-bioethanol-buchi\\\/#breadcrumb\",\"itemListElement\":[{\"@type\":\"ListItem\",\"position\":1,\"name\":\"Accueil\",\"item\":\"https:\\\/\\\/webdesi-gn.fr\\\/dev_deltalabo\\\/\"},{\"@type\":\"ListItem\",\"position\":2,\"name\":\"Produits\",\"item\":\"https:\\\/\\\/webdesi-gn.fr\\\/dev_deltalabo\\\/produits\\\/\"},{\"@type\":\"ListItem\",\"position\":3,\"name\":\"Analyseur de process NIR-Online\u00ae pour canne \u00e0 sucre, sucre et bio\u00e9thanol Buchi\"}]},{\"@type\":\"WebSite\",\"@id\":\"https:\\\/\\\/webdesi-gn.fr\\\/dev_deltalabo\\\/#website\",\"url\":\"https:\\\/\\\/webdesi-gn.fr\\\/dev_deltalabo\\\/\",\"name\":\"Delta Labo\",\"description\":\"Un site utilisant WordPress\",\"publisher\":{\"@id\":\"https:\\\/\\\/webdesi-gn.fr\\\/dev_deltalabo\\\/#organization\"},\"alternateName\":\"Delta Labo\",\"potentialAction\":[{\"@type\":\"SearchAction\",\"target\":{\"@type\":\"EntryPoint\",\"urlTemplate\":\"https:\\\/\\\/webdesi-gn.fr\\\/dev_deltalabo\\\/?s={search_term_string}\"},\"query-input\":{\"@type\":\"PropertyValueSpecification\",\"valueRequired\":true,\"valueName\":\"search_term_string\"}}],\"inLanguage\":\"fr-FR\"},{\"@type\":\"Organization\",\"@id\":\"https:\\\/\\\/webdesi-gn.fr\\\/dev_deltalabo\\\/#organization\",\"name\":\"DeltaLabo\",\"url\":\"https:\\\/\\\/webdesi-gn.fr\\\/dev_deltalabo\\\/\",\"logo\":{\"@type\":\"ImageObject\",\"inLanguage\":\"fr-FR\",\"@id\":\"https:\\\/\\\/webdesi-gn.fr\\\/dev_deltalabo\\\/#\\\/schema\\\/logo\\\/image\\\/\",\"url\":\"https:\\\/\\\/webdesi-gn.fr\\\/dev_deltalabo\\\/wp-content\\\/uploads\\\/2022\\\/07\\\/logo-deltalabo.png\",\"contentUrl\":\"https:\\\/\\\/webdesi-gn.fr\\\/dev_deltalabo\\\/wp-content\\\/uploads\\\/2022\\\/07\\\/logo-deltalabo.png\",\"width\":694,\"height\":306,\"caption\":\"DeltaLabo\"},\"image\":{\"@id\":\"https:\\\/\\\/webdesi-gn.fr\\\/dev_deltalabo\\\/#\\\/schema\\\/logo\\\/image\\\/\"}}]}<\/script>\n<!-- \/ Yoast SEO plugin. -->","yoast_head_json":{"title":"Analyseur de process NIR-Online\u00ae pour canne \u00e0 sucre, sucre et bio\u00e9thanol Buchi | DeltaLabo","robots":{"index":"noindex","follow":"follow","max-snippet":"max-snippet:-1","max-image-preview":"max-image-preview:large","max-video-preview":"max-video-preview:-1"},"og_locale":"fr_FR","og_type":"article","og_title":"Analyseur de process NIR-Online\u00ae pour canne \u00e0 sucre, sucre et bio\u00e9thanol Buchi | DeltaLabo","og_description":"Analyseur de process NIR-Online\u00ae pour canne \u00e0 sucre, sucre et bio\u00e9thanol Buchi :  L'analyseur de process NIR-Online\u00ae pour la canne \u00e0 sucre, le sucre et le bio\u00e9thanol de chez Buchi contr\u00f4le en temps r\u00e9el les processus dans l'industrie de la canne \u00e0 sucre. Il fournit en continu des mesures pr\u00e9cises en quelques secondes garantissant une efficacit\u00e9 de production maximale.  Caract\u00e9ristiques :    Technologie \u00e0 barrettes de diodes : spectrom\u00e8tre ultra-rapide   Classification IP\/ATEX: totalement prot\u00e9g\u00e9 contre les poussi\u00e8res et les forts jets d\u2019eau (IP 66 \/ IP 66K\/68), certification ATEX (gaz et poussi\u00e8res)   Longueur d\u2019onde du proche infrarouge (NIR): gamme \u00e9tendue de longueurs d\u2019onde du NIR (900 \u2013 1,700 nm)  Temp\u00e9rature ambiante : -10\u00b0C \u00e0 40\u00b0C  T\u00e9l\u00e9charger la brochure produit : Analyseur de process NIR-Online\u00ae pour canne \u00e0 sucre, sucre et bio\u00e9thanol Buchi  Visionner l'utilisation du produit : Analyseur de process NIR-Online\u00ae pour canne \u00e0 sucre, sucre et bio\u00e9thanol Buchi","og_url":"https:\/\/webdesi-gn.fr\/dev_deltalabo\/produits\/cat-produit\/analyseur-de-process-nir-online-pour-canne-a-sucre-sucre-et-bioethanol-buchi\/","og_site_name":"DeltaLabo","article_modified_time":"2025-11-24T14:15:18+00:00","og_image":[{"width":1280,"height":853,"url":"https:\/\/webdesi-gn.fr\/dev_deltalabo\/wp-content\/uploads\/2022\/01\/laboratory-g43d8b3442_1280.jpg","type":"image\/jpeg"}],"twitter_card":"summary_large_image","schema":{"@context":"https:\/\/schema.org","@graph":[{"@type":"WebPage","@id":"https:\/\/webdesi-gn.fr\/dev_deltalabo\/produits\/cat-produit\/analyseur-de-process-nir-online-pour-canne-a-sucre-sucre-et-bioethanol-buchi\/","url":"https:\/\/webdesi-gn.fr\/dev_deltalabo\/produits\/cat-produit\/analyseur-de-process-nir-online-pour-canne-a-sucre-sucre-et-bioethanol-buchi\/","name":"Analyseur de process NIR-Online\u00ae pour canne \u00e0 sucre, sucre et bio\u00e9thanol Buchi | DeltaLabo","isPartOf":{"@id":"https:\/\/webdesi-gn.fr\/dev_deltalabo\/#website"},"primaryImageOfPage":{"@id":"https:\/\/webdesi-gn.fr\/dev_deltalabo\/produits\/cat-produit\/analyseur-de-process-nir-online-pour-canne-a-sucre-sucre-et-bioethanol-buchi\/#primaryimage"},"image":{"@id":"https:\/\/webdesi-gn.fr\/dev_deltalabo\/produits\/cat-produit\/analyseur-de-process-nir-online-pour-canne-a-sucre-sucre-et-bioethanol-buchi\/#primaryimage"},"thumbnailUrl":"https:\/\/webdesi-gn.fr\/dev_deltalabo\/wp-content\/uploads\/2025\/11\/DELTA-LABO-BUCHI-NIR-Online-X-One_.webp","datePublished":"2025-11-24T14:11:31+00:00","dateModified":"2025-11-24T14:15:18+00:00","breadcrumb":{"@id":"https:\/\/webdesi-gn.fr\/dev_deltalabo\/produits\/cat-produit\/analyseur-de-process-nir-online-pour-canne-a-sucre-sucre-et-bioethanol-buchi\/#breadcrumb"},"inLanguage":"fr-FR","potentialAction":[{"@type":"ReadAction","target":["https:\/\/webdesi-gn.fr\/dev_deltalabo\/produits\/cat-produit\/analyseur-de-process-nir-online-pour-canne-a-sucre-sucre-et-bioethanol-buchi\/"]}]},{"@type":"ImageObject","inLanguage":"fr-FR","@id":"https:\/\/webdesi-gn.fr\/dev_deltalabo\/produits\/cat-produit\/analyseur-de-process-nir-online-pour-canne-a-sucre-sucre-et-bioethanol-buchi\/#primaryimage","url":"https:\/\/webdesi-gn.fr\/dev_deltalabo\/wp-content\/uploads\/2025\/11\/DELTA-LABO-BUCHI-NIR-Online-X-One_.webp","contentUrl":"https:\/\/webdesi-gn.fr\/dev_deltalabo\/wp-content\/uploads\/2025\/11\/DELTA-LABO-BUCHI-NIR-Online-X-One_.webp","width":1000,"height":1000},{"@type":"BreadcrumbList","@id":"https:\/\/webdesi-gn.fr\/dev_deltalabo\/produits\/cat-produit\/analyseur-de-process-nir-online-pour-canne-a-sucre-sucre-et-bioethanol-buchi\/#breadcrumb","itemListElement":[{"@type":"ListItem","position":1,"name":"Accueil","item":"https:\/\/webdesi-gn.fr\/dev_deltalabo\/"},{"@type":"ListItem","position":2,"name":"Produits","item":"https:\/\/webdesi-gn.fr\/dev_deltalabo\/produits\/"},{"@type":"ListItem","position":3,"name":"Analyseur de process NIR-Online\u00ae pour canne \u00e0 sucre, sucre et bio\u00e9thanol Buchi"}]},{"@type":"WebSite","@id":"https:\/\/webdesi-gn.fr\/dev_deltalabo\/#website","url":"https:\/\/webdesi-gn.fr\/dev_deltalabo\/","name":"Delta Labo","description":"Un site utilisant WordPress","publisher":{"@id":"https:\/\/webdesi-gn.fr\/dev_deltalabo\/#organization"},"alternateName":"Delta Labo","potentialAction":[{"@type":"SearchAction","target":{"@type":"EntryPoint","urlTemplate":"https:\/\/webdesi-gn.fr\/dev_deltalabo\/?s={search_term_string}"},"query-input":{"@type":"PropertyValueSpecification","valueRequired":true,"valueName":"search_term_string"}}],"inLanguage":"fr-FR"},{"@type":"Organization","@id":"https:\/\/webdesi-gn.fr\/dev_deltalabo\/#organization","name":"DeltaLabo","url":"https:\/\/webdesi-gn.fr\/dev_deltalabo\/","logo":{"@type":"ImageObject","inLanguage":"fr-FR","@id":"https:\/\/webdesi-gn.fr\/dev_deltalabo\/#\/schema\/logo\/image\/","url":"https:\/\/webdesi-gn.fr\/dev_deltalabo\/wp-content\/uploads\/2022\/07\/logo-deltalabo.png","contentUrl":"https:\/\/webdesi-gn.fr\/dev_deltalabo\/wp-content\/uploads\/2022\/07\/logo-deltalabo.png","width":694,"height":306,"caption":"DeltaLabo"},"image":{"@id":"https:\/\/webdesi-gn.fr\/dev_deltalabo\/#\/schema\/logo\/image\/"}}]}},"_links":{"self":[{"href":"https:\/\/webdesi-gn.fr\/dev_deltalabo\/wp-json\/wp\/v2\/product\/262542","targetHints":{"allow":["GET"]}}],"collection":[{"href":"https:\/\/webdesi-gn.fr\/dev_deltalabo\/wp-json\/wp\/v2\/product"}],"about":[{"href":"https:\/\/webdesi-gn.fr\/dev_deltalabo\/wp-json\/wp\/v2\/types\/product"}],"wp:featuredmedia":[{"embeddable":true,"href":"https:\/\/webdesi-gn.fr\/dev_deltalabo\/wp-json\/wp\/v2\/media\/262640"}],"wp:attachment":[{"href":"https:\/\/webdesi-gn.fr\/dev_deltalabo\/wp-json\/wp\/v2\/media?parent=262542"}],"wp:term":[{"taxonomy":"domaine","embeddable":true,"href":"https:\/\/webdesi-gn.fr\/dev_deltalabo\/wp-json\/wp\/v2\/domaine?post=262542"},{"taxonomy":"normes","embeddable":true,"href":"https:\/\/webdesi-gn.fr\/dev_deltalabo\/wp-json\/wp\/v2\/normes?post=262542"},{"taxonomy":"product_brand","embeddable":true,"href":"https:\/\/webdesi-gn.fr\/dev_deltalabo\/wp-json\/wp\/v2\/product_brand?post=262542"},{"taxonomy":"product_cat","embeddable":true,"href":"https:\/\/webdesi-gn.fr\/dev_deltalabo\/wp-json\/wp\/v2\/product_cat?post=262542"},{"taxonomy":"product_tag","embeddable":true,"href":"https:\/\/webdesi-gn.fr\/dev_deltalabo\/wp-json\/wp\/v2\/product_tag?post=262542"}],"curies":[{"name":"wp","href":"https:\/\/api.w.org\/{rel}","templated":true}]}}