{"id":262550,"date":"2025-11-24T15:11:52","date_gmt":"2025-11-24T14:11:52","guid":{"rendered":"https:\/\/webdesi-gn.fr\/dev_deltalabo\/?post_type=product&#038;p=262550"},"modified":"2025-11-24T15:15:35","modified_gmt":"2025-11-24T14:15:35","slug":"armoire-negative-qualifiable-biocompact-atex-eberhardt","status":"publish","type":"product","link":"https:\/\/webdesi-gn.fr\/dev_deltalabo\/produits\/categories\/armoire-negative-qualifiable-biocompact-atex-eberhardt\/","title":{"rendered":"Armoire n\u00e9gative qualifiable BioCompact ATEX Eberhardt"},"content":{"rendered":"","protected":false},"excerpt":{"rendered":"<p><strong>Armoire n\u00e9gative qualifiable BioCompact ATEX Eberhardt :<\/strong><\/p>\n<p>L&rsquo;armoire n\u00e9gative qualifiable BioCompact de chez Eberhardt poss\u00e8de un syst\u00e8me de diffusion d&rsquo;air bas\u00e9 sur un \u00e9vaporateur tubes\/ailettes ventil\u00e9 avec une gaine de diffusion sur toute la surface arri\u00e8re de l&rsquo;appareil pour une stabilit\u00e9 et homog\u00e9n\u00e9it\u00e9 de temp\u00e9rature optimale de \u00b15\u00b0C.<\/p>\n<div class=\" key-points__slider\">\n<div class=\"swiper-container\">\n<div class=\"swiper-wrapper\">\n<div class=\"swiper-slide key-points__slide\"><picture><source srcset=\"https:\/\/eberhardt-scientific.fr\/liip_cache\/keypoint_slide__xl\/pim\/U2NpZW4%3D\/Scientifique-plus-produits-SX-SCHEMA-FROID-jpg.jpeg\" type=\"image\/webp\" media=\"(min-width: 1282px)\" \/><source srcset=\"https:\/\/eberhardt-scientific.fr\/liip_cache\/keypoint_slide__lg\/pim\/U2NpZW4%3D\/Scientifique-plus-produits-SX-SCHEMA-FROID-jpg.jpeg\" type=\"image\/webp\" media=\"(min-width: 1024px)\" \/><source srcset=\"https:\/\/eberhardt-scientific.fr\/liip_cache\/keypoint_slide__md\/pim\/U2NpZW4%3D\/Scientifique-plus-produits-SX-SCHEMA-FROID-jpg.jpeg\" type=\"image\/webp\" media=\"(min-width: 768px)\" \/><source srcset=\"https:\/\/eberhardt-scientific.fr\/liip_cache\/keypoint_slide__sm\/pim\/U2NpZW4%3D\/Scientifique-plus-produits-SX-SCHEMA-FROID-jpg.jpeg\" type=\"image\/webp\" media=\"(min-width: 640px)\" \/><source srcset=\"https:\/\/eberhardt-scientific.fr\/liip_cache\/keypoint_slide__xs\/pim\/U2NpZW4%3D\/Scientifique-plus-produits-SX-SCHEMA-FROID-jpg.jpeg\" type=\"image\/webp\" media=\"(min-width: 0px)\" \/><\/picture><\/div>\n<\/div>\n<\/div>\n<\/div>\n<p>La cuve est s\u00e9curis\u00e9e pour le stockage de produits volatiles non corrosifs, agr\u00e9\u00e9e ATEX II 3G Ex ec nC ic IIB T1-T6 Gc cat\u00e9gorie 3 zone 2, int\u00e9rieur et ext\u00e9rieur conform\u00e9ment \u00e0 la directive 2014\/34\/UE, ce qui permet de maintenir la s\u00e9curit\u00e9 de l\u2019environnement de travail aussi \u00e9lev\u00e9e que possible.<\/p>\n<p>Caract\u00e9ristiques :<\/p>\n<ul>\n<li>Refroidissement ventil\u00e9 temp\u00e9rature r\u00e9glable de -25\u00b0C \u00e0 -5\u00b0C<\/li>\n<li>Alarme pour temp\u00e9rature haute et basse et ouverture de porte prolong\u00e9e<\/li>\n<li>Thermostat de s\u00e9curit\u00e9 anti-cong\u00e9lation<\/li>\n<li>Report d&rsquo;alarme par contact sec<\/li>\n<li>Garantie 3 ans<\/li>\n<\/ul>\n<p><strong>T\u00e9l\u00e9charger la brochure produit :<\/strong> <a href=\"https:\/\/www.deltalabo.fr\/wp-content\/uploads\/2025\/09\/Doc-IIRF410LG10-fr-DL.pdf\">Armoire n\u00e9gative qualifiable BioCompact ATEX Eberhardt<\/a><\/p>\n","protected":false},"featured_media":262648,"template":"","meta":{"_acf_changed":false,"site-sidebar-layout":"default","site-content-layout":"","ast-site-content-layout":"default","site-content-style":"default","site-sidebar-style":"default","ast-global-header-display":"","ast-banner-title-visibility":"","ast-main-header-display":"","ast-hfb-above-header-display":"","ast-hfb-below-header-display":"","ast-hfb-mobile-header-display":"","site-post-title":"","ast-breadcrumbs-content":"","ast-featured-img":"","footer-sml-layout":"","ast-disable-related-posts":"","theme-transparent-header-meta":"","adv-header-id-meta":"","stick-header-meta":"","header-above-stick-meta":"","header-main-stick-meta":"","header-below-stick-meta":"","astra-migrate-meta-layouts":"default","ast-page-background-enabled":"default","ast-page-background-meta":{"desktop":{"background-color":"var(--ast-global-color-5)","background-image":"","background-repeat":"repeat","background-position":"center center","background-size":"auto","background-attachment":"scroll","background-type":"","background-media":"","overlay-type":"","overlay-color":"","overlay-opacity":"","overlay-gradient":""},"tablet":{"background-color":"","background-image":"","background-repeat":"repeat","background-position":"center center","background-size":"auto","background-attachment":"scroll","background-type":"","background-media":"","overlay-type":"","overlay-color":"","overlay-opacity":"","overlay-gradient":""},"mobile":{"background-color":"","background-image":"","background-repeat":"repeat","background-position":"center center","background-size":"auto","background-attachment":"scroll","background-type":"","background-media":"","overlay-type":"","overlay-color":"","overlay-opacity":"","overlay-gradient":""}},"ast-content-background-meta":{"desktop":{"background-color":"var(--ast-global-color-4)","background-image":"","background-repeat":"repeat","background-position":"center center","background-size":"auto","background-attachment":"scroll","background-type":"","background-media":"","overlay-type":"","overlay-color":"","overlay-opacity":"","overlay-gradient":""},"tablet":{"background-color":"var(--ast-global-color-4)","background-image":"","background-repeat":"repeat","background-position":"center center","background-size":"auto","background-attachment":"scroll","background-type":"","background-media":"","overlay-type":"","overlay-color":"","overlay-opacity":"","overlay-gradient":""},"mobile":{"background-color":"var(--ast-global-color-4)","background-image":"","background-repeat":"repeat","background-position":"center center","background-size":"auto","background-attachment":"scroll","background-type":"","background-media":"","overlay-type":"","overlay-color":"","overlay-opacity":"","overlay-gradient":""}}},"domaine":[],"normes":[],"product_brand":[],"product_cat":[17240],"product_tag":[],"class_list":{"0":"post-262550","1":"product","2":"type-product","3":"status-publish","4":"has-post-thumbnail","6":"product_cat-categories","7":"desktop-align-left","8":"tablet-align-left","9":"mobile-align-left","11":"first","12":"instock","13":"shipping-taxable","14":"product-type-simple"},"acf":[],"yoast_head":"<!-- This site is optimized with the Yoast SEO plugin v27.4 - https:\/\/yoast.com\/product\/yoast-seo-wordpress\/ -->\n<title>Armoire n\u00e9gative qualifiable BioCompact ATEX Eberhardt | DeltaLabo<\/title>\n<meta name=\"robots\" content=\"noindex, follow, max-snippet:-1, max-image-preview:large, max-video-preview:-1\" \/>\n<meta property=\"og:locale\" content=\"fr_FR\" \/>\n<meta property=\"og:type\" content=\"article\" \/>\n<meta property=\"og:title\" content=\"Armoire n\u00e9gative qualifiable BioCompact ATEX Eberhardt | DeltaLabo\" \/>\n<meta property=\"og:description\" content=\"Armoire n\u00e9gative qualifiable BioCompact ATEX Eberhardt :  L&#039;armoire n\u00e9gative qualifiable BioCompact de chez Eberhardt poss\u00e8de un syst\u00e8me de diffusion d&#039;air bas\u00e9 sur un \u00e9vaporateur tubes\/ailettes ventil\u00e9 avec une gaine de diffusion sur toute la surface arri\u00e8re de l&#039;appareil pour une stabilit\u00e9 et homog\u00e9n\u00e9it\u00e9 de temp\u00e9rature optimale de \u00b15\u00b0C.        La cuve est s\u00e9curis\u00e9e pour le stockage de produits volatiles non corrosifs, agr\u00e9\u00e9e ATEX II 3G Ex ec nC ic IIB T1-T6 Gc cat\u00e9gorie 3 zone 2, int\u00e9rieur et ext\u00e9rieur conform\u00e9ment \u00e0 la directive 2014\/34\/UE, ce qui permet de maintenir la s\u00e9curit\u00e9 de l\u2019environnement de travail aussi \u00e9lev\u00e9e que possible.  Caract\u00e9ristiques :   Refroidissement ventil\u00e9 temp\u00e9rature r\u00e9glable de -25\u00b0C \u00e0 -5\u00b0C  Alarme pour temp\u00e9rature haute et basse et ouverture de porte prolong\u00e9e  Thermostat de s\u00e9curit\u00e9 anti-cong\u00e9lation  Report d&#039;alarme par contact sec  Garantie 3 ans  T\u00e9l\u00e9charger la brochure produit : Armoire n\u00e9gative qualifiable BioCompact ATEX Eberhardt\" \/>\n<meta property=\"og:url\" content=\"https:\/\/webdesi-gn.fr\/dev_deltalabo\/produits\/cat-produit\/armoire-negative-qualifiable-biocompact-atex-eberhardt\/\" \/>\n<meta property=\"og:site_name\" content=\"DeltaLabo\" \/>\n<meta property=\"article:modified_time\" content=\"2025-11-24T14:15:35+00:00\" \/>\n<meta property=\"og:image\" content=\"https:\/\/webdesi-gn.fr\/dev_deltalabo\/wp-content\/uploads\/2022\/01\/laboratory-g43d8b3442_1280.jpg\" \/>\n\t<meta property=\"og:image:width\" content=\"1280\" \/>\n\t<meta property=\"og:image:height\" content=\"853\" \/>\n\t<meta property=\"og:image:type\" content=\"image\/jpeg\" \/>\n<meta name=\"twitter:card\" content=\"summary_large_image\" \/>\n<script type=\"application\/ld+json\" class=\"yoast-schema-graph\">{\"@context\":\"https:\\\/\\\/schema.org\",\"@graph\":[{\"@type\":\"WebPage\",\"@id\":\"https:\\\/\\\/webdesi-gn.fr\\\/dev_deltalabo\\\/produits\\\/cat-produit\\\/armoire-negative-qualifiable-biocompact-atex-eberhardt\\\/\",\"url\":\"https:\\\/\\\/webdesi-gn.fr\\\/dev_deltalabo\\\/produits\\\/cat-produit\\\/armoire-negative-qualifiable-biocompact-atex-eberhardt\\\/\",\"name\":\"Armoire n\u00e9gative qualifiable BioCompact ATEX Eberhardt | DeltaLabo\",\"isPartOf\":{\"@id\":\"https:\\\/\\\/webdesi-gn.fr\\\/dev_deltalabo\\\/#website\"},\"primaryImageOfPage\":{\"@id\":\"https:\\\/\\\/webdesi-gn.fr\\\/dev_deltalabo\\\/produits\\\/cat-produit\\\/armoire-negative-qualifiable-biocompact-atex-eberhardt\\\/#primaryimage\"},\"image\":{\"@id\":\"https:\\\/\\\/webdesi-gn.fr\\\/dev_deltalabo\\\/produits\\\/cat-produit\\\/armoire-negative-qualifiable-biocompact-atex-eberhardt\\\/#primaryimage\"},\"thumbnailUrl\":\"https:\\\/\\\/webdesi-gn.fr\\\/dev_deltalabo\\\/wp-content\\\/uploads\\\/2025\\\/11\\\/DELTA-LABO-armoire-IIRF410LG10-0.jpeg\",\"datePublished\":\"2025-11-24T14:11:52+00:00\",\"dateModified\":\"2025-11-24T14:15:35+00:00\",\"breadcrumb\":{\"@id\":\"https:\\\/\\\/webdesi-gn.fr\\\/dev_deltalabo\\\/produits\\\/cat-produit\\\/armoire-negative-qualifiable-biocompact-atex-eberhardt\\\/#breadcrumb\"},\"inLanguage\":\"fr-FR\",\"potentialAction\":[{\"@type\":\"ReadAction\",\"target\":[\"https:\\\/\\\/webdesi-gn.fr\\\/dev_deltalabo\\\/produits\\\/cat-produit\\\/armoire-negative-qualifiable-biocompact-atex-eberhardt\\\/\"]}]},{\"@type\":\"ImageObject\",\"inLanguage\":\"fr-FR\",\"@id\":\"https:\\\/\\\/webdesi-gn.fr\\\/dev_deltalabo\\\/produits\\\/cat-produit\\\/armoire-negative-qualifiable-biocompact-atex-eberhardt\\\/#primaryimage\",\"url\":\"https:\\\/\\\/webdesi-gn.fr\\\/dev_deltalabo\\\/wp-content\\\/uploads\\\/2025\\\/11\\\/DELTA-LABO-armoire-IIRF410LG10-0.jpeg\",\"contentUrl\":\"https:\\\/\\\/webdesi-gn.fr\\\/dev_deltalabo\\\/wp-content\\\/uploads\\\/2025\\\/11\\\/DELTA-LABO-armoire-IIRF410LG10-0.jpeg\",\"width\":1000,\"height\":1000},{\"@type\":\"BreadcrumbList\",\"@id\":\"https:\\\/\\\/webdesi-gn.fr\\\/dev_deltalabo\\\/produits\\\/cat-produit\\\/armoire-negative-qualifiable-biocompact-atex-eberhardt\\\/#breadcrumb\",\"itemListElement\":[{\"@type\":\"ListItem\",\"position\":1,\"name\":\"Accueil\",\"item\":\"https:\\\/\\\/webdesi-gn.fr\\\/dev_deltalabo\\\/\"},{\"@type\":\"ListItem\",\"position\":2,\"name\":\"Produits\",\"item\":\"https:\\\/\\\/webdesi-gn.fr\\\/dev_deltalabo\\\/produits\\\/\"},{\"@type\":\"ListItem\",\"position\":3,\"name\":\"Armoire n\u00e9gative qualifiable BioCompact ATEX Eberhardt\"}]},{\"@type\":\"WebSite\",\"@id\":\"https:\\\/\\\/webdesi-gn.fr\\\/dev_deltalabo\\\/#website\",\"url\":\"https:\\\/\\\/webdesi-gn.fr\\\/dev_deltalabo\\\/\",\"name\":\"Delta Labo\",\"description\":\"Un site utilisant WordPress\",\"publisher\":{\"@id\":\"https:\\\/\\\/webdesi-gn.fr\\\/dev_deltalabo\\\/#organization\"},\"alternateName\":\"Delta Labo\",\"potentialAction\":[{\"@type\":\"SearchAction\",\"target\":{\"@type\":\"EntryPoint\",\"urlTemplate\":\"https:\\\/\\\/webdesi-gn.fr\\\/dev_deltalabo\\\/?s={search_term_string}\"},\"query-input\":{\"@type\":\"PropertyValueSpecification\",\"valueRequired\":true,\"valueName\":\"search_term_string\"}}],\"inLanguage\":\"fr-FR\"},{\"@type\":\"Organization\",\"@id\":\"https:\\\/\\\/webdesi-gn.fr\\\/dev_deltalabo\\\/#organization\",\"name\":\"DeltaLabo\",\"url\":\"https:\\\/\\\/webdesi-gn.fr\\\/dev_deltalabo\\\/\",\"logo\":{\"@type\":\"ImageObject\",\"inLanguage\":\"fr-FR\",\"@id\":\"https:\\\/\\\/webdesi-gn.fr\\\/dev_deltalabo\\\/#\\\/schema\\\/logo\\\/image\\\/\",\"url\":\"https:\\\/\\\/webdesi-gn.fr\\\/dev_deltalabo\\\/wp-content\\\/uploads\\\/2022\\\/07\\\/logo-deltalabo.png\",\"contentUrl\":\"https:\\\/\\\/webdesi-gn.fr\\\/dev_deltalabo\\\/wp-content\\\/uploads\\\/2022\\\/07\\\/logo-deltalabo.png\",\"width\":694,\"height\":306,\"caption\":\"DeltaLabo\"},\"image\":{\"@id\":\"https:\\\/\\\/webdesi-gn.fr\\\/dev_deltalabo\\\/#\\\/schema\\\/logo\\\/image\\\/\"}}]}<\/script>\n<!-- \/ Yoast SEO plugin. -->","yoast_head_json":{"title":"Armoire n\u00e9gative qualifiable BioCompact ATEX Eberhardt | DeltaLabo","robots":{"index":"noindex","follow":"follow","max-snippet":"max-snippet:-1","max-image-preview":"max-image-preview:large","max-video-preview":"max-video-preview:-1"},"og_locale":"fr_FR","og_type":"article","og_title":"Armoire n\u00e9gative qualifiable BioCompact ATEX Eberhardt | DeltaLabo","og_description":"Armoire n\u00e9gative qualifiable BioCompact ATEX Eberhardt :  L'armoire n\u00e9gative qualifiable BioCompact de chez Eberhardt poss\u00e8de un syst\u00e8me de diffusion d'air bas\u00e9 sur un \u00e9vaporateur tubes\/ailettes ventil\u00e9 avec une gaine de diffusion sur toute la surface arri\u00e8re de l'appareil pour une stabilit\u00e9 et homog\u00e9n\u00e9it\u00e9 de temp\u00e9rature optimale de \u00b15\u00b0C.        La cuve est s\u00e9curis\u00e9e pour le stockage de produits volatiles non corrosifs, agr\u00e9\u00e9e ATEX II 3G Ex ec nC ic IIB T1-T6 Gc cat\u00e9gorie 3 zone 2, int\u00e9rieur et ext\u00e9rieur conform\u00e9ment \u00e0 la directive 2014\/34\/UE, ce qui permet de maintenir la s\u00e9curit\u00e9 de l\u2019environnement de travail aussi \u00e9lev\u00e9e que possible.  Caract\u00e9ristiques :   Refroidissement ventil\u00e9 temp\u00e9rature r\u00e9glable de -25\u00b0C \u00e0 -5\u00b0C  Alarme pour temp\u00e9rature haute et basse et ouverture de porte prolong\u00e9e  Thermostat de s\u00e9curit\u00e9 anti-cong\u00e9lation  Report d'alarme par contact sec  Garantie 3 ans  T\u00e9l\u00e9charger la brochure produit : Armoire n\u00e9gative qualifiable BioCompact ATEX Eberhardt","og_url":"https:\/\/webdesi-gn.fr\/dev_deltalabo\/produits\/cat-produit\/armoire-negative-qualifiable-biocompact-atex-eberhardt\/","og_site_name":"DeltaLabo","article_modified_time":"2025-11-24T14:15:35+00:00","og_image":[{"width":1280,"height":853,"url":"https:\/\/webdesi-gn.fr\/dev_deltalabo\/wp-content\/uploads\/2022\/01\/laboratory-g43d8b3442_1280.jpg","type":"image\/jpeg"}],"twitter_card":"summary_large_image","schema":{"@context":"https:\/\/schema.org","@graph":[{"@type":"WebPage","@id":"https:\/\/webdesi-gn.fr\/dev_deltalabo\/produits\/cat-produit\/armoire-negative-qualifiable-biocompact-atex-eberhardt\/","url":"https:\/\/webdesi-gn.fr\/dev_deltalabo\/produits\/cat-produit\/armoire-negative-qualifiable-biocompact-atex-eberhardt\/","name":"Armoire n\u00e9gative qualifiable BioCompact ATEX Eberhardt | DeltaLabo","isPartOf":{"@id":"https:\/\/webdesi-gn.fr\/dev_deltalabo\/#website"},"primaryImageOfPage":{"@id":"https:\/\/webdesi-gn.fr\/dev_deltalabo\/produits\/cat-produit\/armoire-negative-qualifiable-biocompact-atex-eberhardt\/#primaryimage"},"image":{"@id":"https:\/\/webdesi-gn.fr\/dev_deltalabo\/produits\/cat-produit\/armoire-negative-qualifiable-biocompact-atex-eberhardt\/#primaryimage"},"thumbnailUrl":"https:\/\/webdesi-gn.fr\/dev_deltalabo\/wp-content\/uploads\/2025\/11\/DELTA-LABO-armoire-IIRF410LG10-0.jpeg","datePublished":"2025-11-24T14:11:52+00:00","dateModified":"2025-11-24T14:15:35+00:00","breadcrumb":{"@id":"https:\/\/webdesi-gn.fr\/dev_deltalabo\/produits\/cat-produit\/armoire-negative-qualifiable-biocompact-atex-eberhardt\/#breadcrumb"},"inLanguage":"fr-FR","potentialAction":[{"@type":"ReadAction","target":["https:\/\/webdesi-gn.fr\/dev_deltalabo\/produits\/cat-produit\/armoire-negative-qualifiable-biocompact-atex-eberhardt\/"]}]},{"@type":"ImageObject","inLanguage":"fr-FR","@id":"https:\/\/webdesi-gn.fr\/dev_deltalabo\/produits\/cat-produit\/armoire-negative-qualifiable-biocompact-atex-eberhardt\/#primaryimage","url":"https:\/\/webdesi-gn.fr\/dev_deltalabo\/wp-content\/uploads\/2025\/11\/DELTA-LABO-armoire-IIRF410LG10-0.jpeg","contentUrl":"https:\/\/webdesi-gn.fr\/dev_deltalabo\/wp-content\/uploads\/2025\/11\/DELTA-LABO-armoire-IIRF410LG10-0.jpeg","width":1000,"height":1000},{"@type":"BreadcrumbList","@id":"https:\/\/webdesi-gn.fr\/dev_deltalabo\/produits\/cat-produit\/armoire-negative-qualifiable-biocompact-atex-eberhardt\/#breadcrumb","itemListElement":[{"@type":"ListItem","position":1,"name":"Accueil","item":"https:\/\/webdesi-gn.fr\/dev_deltalabo\/"},{"@type":"ListItem","position":2,"name":"Produits","item":"https:\/\/webdesi-gn.fr\/dev_deltalabo\/produits\/"},{"@type":"ListItem","position":3,"name":"Armoire n\u00e9gative qualifiable BioCompact ATEX Eberhardt"}]},{"@type":"WebSite","@id":"https:\/\/webdesi-gn.fr\/dev_deltalabo\/#website","url":"https:\/\/webdesi-gn.fr\/dev_deltalabo\/","name":"Delta Labo","description":"Un site utilisant WordPress","publisher":{"@id":"https:\/\/webdesi-gn.fr\/dev_deltalabo\/#organization"},"alternateName":"Delta Labo","potentialAction":[{"@type":"SearchAction","target":{"@type":"EntryPoint","urlTemplate":"https:\/\/webdesi-gn.fr\/dev_deltalabo\/?s={search_term_string}"},"query-input":{"@type":"PropertyValueSpecification","valueRequired":true,"valueName":"search_term_string"}}],"inLanguage":"fr-FR"},{"@type":"Organization","@id":"https:\/\/webdesi-gn.fr\/dev_deltalabo\/#organization","name":"DeltaLabo","url":"https:\/\/webdesi-gn.fr\/dev_deltalabo\/","logo":{"@type":"ImageObject","inLanguage":"fr-FR","@id":"https:\/\/webdesi-gn.fr\/dev_deltalabo\/#\/schema\/logo\/image\/","url":"https:\/\/webdesi-gn.fr\/dev_deltalabo\/wp-content\/uploads\/2022\/07\/logo-deltalabo.png","contentUrl":"https:\/\/webdesi-gn.fr\/dev_deltalabo\/wp-content\/uploads\/2022\/07\/logo-deltalabo.png","width":694,"height":306,"caption":"DeltaLabo"},"image":{"@id":"https:\/\/webdesi-gn.fr\/dev_deltalabo\/#\/schema\/logo\/image\/"}}]}},"_links":{"self":[{"href":"https:\/\/webdesi-gn.fr\/dev_deltalabo\/wp-json\/wp\/v2\/product\/262550","targetHints":{"allow":["GET"]}}],"collection":[{"href":"https:\/\/webdesi-gn.fr\/dev_deltalabo\/wp-json\/wp\/v2\/product"}],"about":[{"href":"https:\/\/webdesi-gn.fr\/dev_deltalabo\/wp-json\/wp\/v2\/types\/product"}],"wp:featuredmedia":[{"embeddable":true,"href":"https:\/\/webdesi-gn.fr\/dev_deltalabo\/wp-json\/wp\/v2\/media\/262648"}],"wp:attachment":[{"href":"https:\/\/webdesi-gn.fr\/dev_deltalabo\/wp-json\/wp\/v2\/media?parent=262550"}],"wp:term":[{"taxonomy":"domaine","embeddable":true,"href":"https:\/\/webdesi-gn.fr\/dev_deltalabo\/wp-json\/wp\/v2\/domaine?post=262550"},{"taxonomy":"normes","embeddable":true,"href":"https:\/\/webdesi-gn.fr\/dev_deltalabo\/wp-json\/wp\/v2\/normes?post=262550"},{"taxonomy":"product_brand","embeddable":true,"href":"https:\/\/webdesi-gn.fr\/dev_deltalabo\/wp-json\/wp\/v2\/product_brand?post=262550"},{"taxonomy":"product_cat","embeddable":true,"href":"https:\/\/webdesi-gn.fr\/dev_deltalabo\/wp-json\/wp\/v2\/product_cat?post=262550"},{"taxonomy":"product_tag","embeddable":true,"href":"https:\/\/webdesi-gn.fr\/dev_deltalabo\/wp-json\/wp\/v2\/product_tag?post=262550"}],"curies":[{"name":"wp","href":"https:\/\/api.w.org\/{rel}","templated":true}]}}