{"id":262551,"date":"2025-11-24T15:11:53","date_gmt":"2025-11-24T14:11:53","guid":{"rendered":"https:\/\/webdesi-gn.fr\/dev_deltalabo\/?post_type=product&#038;p=262551"},"modified":"2025-11-24T15:15:47","modified_gmt":"2025-11-24T14:15:47","slug":"armoire-positive-atex-exguard-ex600-eberhardt","status":"publish","type":"product","link":"https:\/\/webdesi-gn.fr\/dev_deltalabo\/produits\/categories\/armoire-positive-atex-exguard-ex600-eberhardt\/","title":{"rendered":"Armoire positive ATEX ExGuard EX600 Eberhardt"},"content":{"rendered":"","protected":false},"excerpt":{"rendered":"<p><strong>Armoire positive ATEX ExGuard EX600 Eberhardt :<\/strong><\/p>\n<p>L&rsquo;armoire positive ExGuard de chez Eberhardt est con\u00e7ue pour le stockage de produits pouvant \u00e9mettre des atmosph\u00e8res nocives, malodorantes et\/ou explosives. Il augmente la s\u00e9curit\u00e9 de l\u2019environnement de travail et permet son installation dans les environnements de travail en laissant votre syst\u00e8me de ventilation existant extraire les atmosph\u00e8res dangereuses \u00e0 l\u2019int\u00e9rieur de l\u2019armoire avant que vous puissiez acc\u00e9der au contenu.<\/p>\n<p>La cuve est s\u00e9curis\u00e9e pour le stockage de produits volatiles non corrosifs, agr\u00e9\u00e9e ATEX II 3G Ex ec nC ic IIB T1-T6 Gc cat\u00e9gorie 3 zone 2, int\u00e9rieur et ext\u00e9rieur conform\u00e9ment \u00e0 la directive 2014\/34\/UE,\u00a0ce qui permet de maintenir la s\u00e9curit\u00e9 de l\u2019environnement de travail aussi \u00e9lev\u00e9e que possible.<\/p>\n<p>Caract\u00e9ristiques :<\/p>\n<ul>\n<li>Raccordement \u00e0 une extraction de diam\u00e8tre 100mm<\/li>\n<li>Plage de temp\u00e9rature adaptable de -2\u00b0C \u00e0 +20\u00b0C<\/li>\n<li>Double r\u00e9gulateur :\n<ul>\n<li>r\u00e9gulateur pour le renouvellement d&rsquo;air<\/li>\n<li>r\u00e9gulateur pour le syst\u00e8me de r\u00e9frig\u00e9ration<\/li>\n<\/ul>\n<\/li>\n<\/ul>\n<p><strong>T\u00e9l\u00e9charger la brochure produit :<\/strong> <a href=\"https:\/\/www.deltalabo.fr\/wp-content\/uploads\/2025\/09\/Armoire-Exguard-EX600-doc-fra-DL.pdf\">Armoire positive ATEX EXGUARD EX600 Eberhardt<\/a><\/p>\n","protected":false},"featured_media":262650,"template":"","meta":{"_acf_changed":false,"site-sidebar-layout":"default","site-content-layout":"","ast-site-content-layout":"default","site-content-style":"default","site-sidebar-style":"default","ast-global-header-display":"","ast-banner-title-visibility":"","ast-main-header-display":"","ast-hfb-above-header-display":"","ast-hfb-below-header-display":"","ast-hfb-mobile-header-display":"","site-post-title":"","ast-breadcrumbs-content":"","ast-featured-img":"","footer-sml-layout":"","ast-disable-related-posts":"","theme-transparent-header-meta":"","adv-header-id-meta":"","stick-header-meta":"","header-above-stick-meta":"","header-main-stick-meta":"","header-below-stick-meta":"","astra-migrate-meta-layouts":"default","ast-page-background-enabled":"default","ast-page-background-meta":{"desktop":{"background-color":"var(--ast-global-color-5)","background-image":"","background-repeat":"repeat","background-position":"center center","background-size":"auto","background-attachment":"scroll","background-type":"","background-media":"","overlay-type":"","overlay-color":"","overlay-opacity":"","overlay-gradient":""},"tablet":{"background-color":"","background-image":"","background-repeat":"repeat","background-position":"center center","background-size":"auto","background-attachment":"scroll","background-type":"","background-media":"","overlay-type":"","overlay-color":"","overlay-opacity":"","overlay-gradient":""},"mobile":{"background-color":"","background-image":"","background-repeat":"repeat","background-position":"center center","background-size":"auto","background-attachment":"scroll","background-type":"","background-media":"","overlay-type":"","overlay-color":"","overlay-opacity":"","overlay-gradient":""}},"ast-content-background-meta":{"desktop":{"background-color":"var(--ast-global-color-4)","background-image":"","background-repeat":"repeat","background-position":"center center","background-size":"auto","background-attachment":"scroll","background-type":"","background-media":"","overlay-type":"","overlay-color":"","overlay-opacity":"","overlay-gradient":""},"tablet":{"background-color":"var(--ast-global-color-4)","background-image":"","background-repeat":"repeat","background-position":"center center","background-size":"auto","background-attachment":"scroll","background-type":"","background-media":"","overlay-type":"","overlay-color":"","overlay-opacity":"","overlay-gradient":""},"mobile":{"background-color":"var(--ast-global-color-4)","background-image":"","background-repeat":"repeat","background-position":"center center","background-size":"auto","background-attachment":"scroll","background-type":"","background-media":"","overlay-type":"","overlay-color":"","overlay-opacity":"","overlay-gradient":""}}},"domaine":[],"normes":[],"product_brand":[],"product_cat":[17240],"product_tag":[],"class_list":{"0":"post-262551","1":"product","2":"type-product","3":"status-publish","4":"has-post-thumbnail","6":"product_cat-categories","7":"desktop-align-left","8":"tablet-align-left","9":"mobile-align-left","11":"first","12":"instock","13":"shipping-taxable","14":"product-type-simple"},"acf":[],"yoast_head":"<!-- This site is optimized with the Yoast SEO plugin v27.4 - https:\/\/yoast.com\/product\/yoast-seo-wordpress\/ -->\n<title>Armoire positive ATEX ExGuard EX600 Eberhardt | DeltaLabo<\/title>\n<meta name=\"robots\" content=\"noindex, follow, max-snippet:-1, max-image-preview:large, max-video-preview:-1\" \/>\n<meta property=\"og:locale\" content=\"fr_FR\" \/>\n<meta property=\"og:type\" content=\"article\" \/>\n<meta property=\"og:title\" content=\"Armoire positive ATEX ExGuard EX600 Eberhardt | DeltaLabo\" \/>\n<meta property=\"og:description\" content=\"Armoire positive ATEX ExGuard EX600 Eberhardt :  L&#039;armoire positive ExGuard de chez Eberhardt est con\u00e7ue pour le stockage de produits pouvant \u00e9mettre des atmosph\u00e8res nocives, malodorantes et\/ou explosives. Il augmente la s\u00e9curit\u00e9 de l\u2019environnement de travail et permet son installation dans les environnements de travail en laissant votre syst\u00e8me de ventilation existant extraire les atmosph\u00e8res dangereuses \u00e0 l\u2019int\u00e9rieur de l\u2019armoire avant que vous puissiez acc\u00e9der au contenu.  La cuve est s\u00e9curis\u00e9e pour le stockage de produits volatiles non corrosifs, agr\u00e9\u00e9e ATEX II 3G Ex ec nC ic IIB T1-T6 Gc cat\u00e9gorie 3 zone 2, int\u00e9rieur et ext\u00e9rieur conform\u00e9ment \u00e0 la directive 2014\/34\/UE,\u00a0ce qui permet de maintenir la s\u00e9curit\u00e9 de l\u2019environnement de travail aussi \u00e9lev\u00e9e que possible.  Caract\u00e9ristiques :   Raccordement \u00e0 une extraction de diam\u00e8tre 100mm  Plage de temp\u00e9rature adaptable de -2\u00b0C \u00e0 +20\u00b0C  Double r\u00e9gulateur :   r\u00e9gulateur pour le renouvellement d&#039;air  r\u00e9gulateur pour le syst\u00e8me de r\u00e9frig\u00e9ration    T\u00e9l\u00e9charger la brochure produit : Armoire positive ATEX EXGUARD EX600 Eberhardt\" \/>\n<meta property=\"og:url\" content=\"https:\/\/webdesi-gn.fr\/dev_deltalabo\/produits\/cat-produit\/armoire-positive-atex-exguard-ex600-eberhardt\/\" \/>\n<meta property=\"og:site_name\" content=\"DeltaLabo\" \/>\n<meta property=\"article:modified_time\" content=\"2025-11-24T14:15:47+00:00\" \/>\n<meta property=\"og:image\" content=\"https:\/\/webdesi-gn.fr\/dev_deltalabo\/wp-content\/uploads\/2022\/01\/laboratory-g43d8b3442_1280.jpg\" \/>\n\t<meta property=\"og:image:width\" content=\"1280\" \/>\n\t<meta property=\"og:image:height\" content=\"853\" \/>\n\t<meta property=\"og:image:type\" content=\"image\/jpeg\" \/>\n<meta name=\"twitter:card\" content=\"summary_large_image\" \/>\n<script type=\"application\/ld+json\" class=\"yoast-schema-graph\">{\"@context\":\"https:\\\/\\\/schema.org\",\"@graph\":[{\"@type\":\"WebPage\",\"@id\":\"https:\\\/\\\/webdesi-gn.fr\\\/dev_deltalabo\\\/produits\\\/cat-produit\\\/armoire-positive-atex-exguard-ex600-eberhardt\\\/\",\"url\":\"https:\\\/\\\/webdesi-gn.fr\\\/dev_deltalabo\\\/produits\\\/cat-produit\\\/armoire-positive-atex-exguard-ex600-eberhardt\\\/\",\"name\":\"Armoire positive ATEX ExGuard EX600 Eberhardt | DeltaLabo\",\"isPartOf\":{\"@id\":\"https:\\\/\\\/webdesi-gn.fr\\\/dev_deltalabo\\\/#website\"},\"primaryImageOfPage\":{\"@id\":\"https:\\\/\\\/webdesi-gn.fr\\\/dev_deltalabo\\\/produits\\\/cat-produit\\\/armoire-positive-atex-exguard-ex600-eberhardt\\\/#primaryimage\"},\"image\":{\"@id\":\"https:\\\/\\\/webdesi-gn.fr\\\/dev_deltalabo\\\/produits\\\/cat-produit\\\/armoire-positive-atex-exguard-ex600-eberhardt\\\/#primaryimage\"},\"thumbnailUrl\":\"https:\\\/\\\/webdesi-gn.fr\\\/dev_deltalabo\\\/wp-content\\\/uploads\\\/2025\\\/11\\\/DELTA-LABO-armoire-EX600.png\",\"datePublished\":\"2025-11-24T14:11:53+00:00\",\"dateModified\":\"2025-11-24T14:15:47+00:00\",\"breadcrumb\":{\"@id\":\"https:\\\/\\\/webdesi-gn.fr\\\/dev_deltalabo\\\/produits\\\/cat-produit\\\/armoire-positive-atex-exguard-ex600-eberhardt\\\/#breadcrumb\"},\"inLanguage\":\"fr-FR\",\"potentialAction\":[{\"@type\":\"ReadAction\",\"target\":[\"https:\\\/\\\/webdesi-gn.fr\\\/dev_deltalabo\\\/produits\\\/cat-produit\\\/armoire-positive-atex-exguard-ex600-eberhardt\\\/\"]}]},{\"@type\":\"ImageObject\",\"inLanguage\":\"fr-FR\",\"@id\":\"https:\\\/\\\/webdesi-gn.fr\\\/dev_deltalabo\\\/produits\\\/cat-produit\\\/armoire-positive-atex-exguard-ex600-eberhardt\\\/#primaryimage\",\"url\":\"https:\\\/\\\/webdesi-gn.fr\\\/dev_deltalabo\\\/wp-content\\\/uploads\\\/2025\\\/11\\\/DELTA-LABO-armoire-EX600.png\",\"contentUrl\":\"https:\\\/\\\/webdesi-gn.fr\\\/dev_deltalabo\\\/wp-content\\\/uploads\\\/2025\\\/11\\\/DELTA-LABO-armoire-EX600.png\",\"width\":800,\"height\":800},{\"@type\":\"BreadcrumbList\",\"@id\":\"https:\\\/\\\/webdesi-gn.fr\\\/dev_deltalabo\\\/produits\\\/cat-produit\\\/armoire-positive-atex-exguard-ex600-eberhardt\\\/#breadcrumb\",\"itemListElement\":[{\"@type\":\"ListItem\",\"position\":1,\"name\":\"Accueil\",\"item\":\"https:\\\/\\\/webdesi-gn.fr\\\/dev_deltalabo\\\/\"},{\"@type\":\"ListItem\",\"position\":2,\"name\":\"Produits\",\"item\":\"https:\\\/\\\/webdesi-gn.fr\\\/dev_deltalabo\\\/produits\\\/\"},{\"@type\":\"ListItem\",\"position\":3,\"name\":\"Armoire positive ATEX ExGuard EX600 Eberhardt\"}]},{\"@type\":\"WebSite\",\"@id\":\"https:\\\/\\\/webdesi-gn.fr\\\/dev_deltalabo\\\/#website\",\"url\":\"https:\\\/\\\/webdesi-gn.fr\\\/dev_deltalabo\\\/\",\"name\":\"Delta Labo\",\"description\":\"Un site utilisant WordPress\",\"publisher\":{\"@id\":\"https:\\\/\\\/webdesi-gn.fr\\\/dev_deltalabo\\\/#organization\"},\"alternateName\":\"Delta Labo\",\"potentialAction\":[{\"@type\":\"SearchAction\",\"target\":{\"@type\":\"EntryPoint\",\"urlTemplate\":\"https:\\\/\\\/webdesi-gn.fr\\\/dev_deltalabo\\\/?s={search_term_string}\"},\"query-input\":{\"@type\":\"PropertyValueSpecification\",\"valueRequired\":true,\"valueName\":\"search_term_string\"}}],\"inLanguage\":\"fr-FR\"},{\"@type\":\"Organization\",\"@id\":\"https:\\\/\\\/webdesi-gn.fr\\\/dev_deltalabo\\\/#organization\",\"name\":\"DeltaLabo\",\"url\":\"https:\\\/\\\/webdesi-gn.fr\\\/dev_deltalabo\\\/\",\"logo\":{\"@type\":\"ImageObject\",\"inLanguage\":\"fr-FR\",\"@id\":\"https:\\\/\\\/webdesi-gn.fr\\\/dev_deltalabo\\\/#\\\/schema\\\/logo\\\/image\\\/\",\"url\":\"https:\\\/\\\/webdesi-gn.fr\\\/dev_deltalabo\\\/wp-content\\\/uploads\\\/2022\\\/07\\\/logo-deltalabo.png\",\"contentUrl\":\"https:\\\/\\\/webdesi-gn.fr\\\/dev_deltalabo\\\/wp-content\\\/uploads\\\/2022\\\/07\\\/logo-deltalabo.png\",\"width\":694,\"height\":306,\"caption\":\"DeltaLabo\"},\"image\":{\"@id\":\"https:\\\/\\\/webdesi-gn.fr\\\/dev_deltalabo\\\/#\\\/schema\\\/logo\\\/image\\\/\"}}]}<\/script>\n<!-- \/ Yoast SEO plugin. -->","yoast_head_json":{"title":"Armoire positive ATEX ExGuard EX600 Eberhardt | DeltaLabo","robots":{"index":"noindex","follow":"follow","max-snippet":"max-snippet:-1","max-image-preview":"max-image-preview:large","max-video-preview":"max-video-preview:-1"},"og_locale":"fr_FR","og_type":"article","og_title":"Armoire positive ATEX ExGuard EX600 Eberhardt | DeltaLabo","og_description":"Armoire positive ATEX ExGuard EX600 Eberhardt :  L'armoire positive ExGuard de chez Eberhardt est con\u00e7ue pour le stockage de produits pouvant \u00e9mettre des atmosph\u00e8res nocives, malodorantes et\/ou explosives. Il augmente la s\u00e9curit\u00e9 de l\u2019environnement de travail et permet son installation dans les environnements de travail en laissant votre syst\u00e8me de ventilation existant extraire les atmosph\u00e8res dangereuses \u00e0 l\u2019int\u00e9rieur de l\u2019armoire avant que vous puissiez acc\u00e9der au contenu.  La cuve est s\u00e9curis\u00e9e pour le stockage de produits volatiles non corrosifs, agr\u00e9\u00e9e ATEX II 3G Ex ec nC ic IIB T1-T6 Gc cat\u00e9gorie 3 zone 2, int\u00e9rieur et ext\u00e9rieur conform\u00e9ment \u00e0 la directive 2014\/34\/UE,\u00a0ce qui permet de maintenir la s\u00e9curit\u00e9 de l\u2019environnement de travail aussi \u00e9lev\u00e9e que possible.  Caract\u00e9ristiques :   Raccordement \u00e0 une extraction de diam\u00e8tre 100mm  Plage de temp\u00e9rature adaptable de -2\u00b0C \u00e0 +20\u00b0C  Double r\u00e9gulateur :   r\u00e9gulateur pour le renouvellement d'air  r\u00e9gulateur pour le syst\u00e8me de r\u00e9frig\u00e9ration    T\u00e9l\u00e9charger la brochure produit : Armoire positive ATEX EXGUARD EX600 Eberhardt","og_url":"https:\/\/webdesi-gn.fr\/dev_deltalabo\/produits\/cat-produit\/armoire-positive-atex-exguard-ex600-eberhardt\/","og_site_name":"DeltaLabo","article_modified_time":"2025-11-24T14:15:47+00:00","og_image":[{"width":1280,"height":853,"url":"https:\/\/webdesi-gn.fr\/dev_deltalabo\/wp-content\/uploads\/2022\/01\/laboratory-g43d8b3442_1280.jpg","type":"image\/jpeg"}],"twitter_card":"summary_large_image","schema":{"@context":"https:\/\/schema.org","@graph":[{"@type":"WebPage","@id":"https:\/\/webdesi-gn.fr\/dev_deltalabo\/produits\/cat-produit\/armoire-positive-atex-exguard-ex600-eberhardt\/","url":"https:\/\/webdesi-gn.fr\/dev_deltalabo\/produits\/cat-produit\/armoire-positive-atex-exguard-ex600-eberhardt\/","name":"Armoire positive ATEX ExGuard EX600 Eberhardt | DeltaLabo","isPartOf":{"@id":"https:\/\/webdesi-gn.fr\/dev_deltalabo\/#website"},"primaryImageOfPage":{"@id":"https:\/\/webdesi-gn.fr\/dev_deltalabo\/produits\/cat-produit\/armoire-positive-atex-exguard-ex600-eberhardt\/#primaryimage"},"image":{"@id":"https:\/\/webdesi-gn.fr\/dev_deltalabo\/produits\/cat-produit\/armoire-positive-atex-exguard-ex600-eberhardt\/#primaryimage"},"thumbnailUrl":"https:\/\/webdesi-gn.fr\/dev_deltalabo\/wp-content\/uploads\/2025\/11\/DELTA-LABO-armoire-EX600.png","datePublished":"2025-11-24T14:11:53+00:00","dateModified":"2025-11-24T14:15:47+00:00","breadcrumb":{"@id":"https:\/\/webdesi-gn.fr\/dev_deltalabo\/produits\/cat-produit\/armoire-positive-atex-exguard-ex600-eberhardt\/#breadcrumb"},"inLanguage":"fr-FR","potentialAction":[{"@type":"ReadAction","target":["https:\/\/webdesi-gn.fr\/dev_deltalabo\/produits\/cat-produit\/armoire-positive-atex-exguard-ex600-eberhardt\/"]}]},{"@type":"ImageObject","inLanguage":"fr-FR","@id":"https:\/\/webdesi-gn.fr\/dev_deltalabo\/produits\/cat-produit\/armoire-positive-atex-exguard-ex600-eberhardt\/#primaryimage","url":"https:\/\/webdesi-gn.fr\/dev_deltalabo\/wp-content\/uploads\/2025\/11\/DELTA-LABO-armoire-EX600.png","contentUrl":"https:\/\/webdesi-gn.fr\/dev_deltalabo\/wp-content\/uploads\/2025\/11\/DELTA-LABO-armoire-EX600.png","width":800,"height":800},{"@type":"BreadcrumbList","@id":"https:\/\/webdesi-gn.fr\/dev_deltalabo\/produits\/cat-produit\/armoire-positive-atex-exguard-ex600-eberhardt\/#breadcrumb","itemListElement":[{"@type":"ListItem","position":1,"name":"Accueil","item":"https:\/\/webdesi-gn.fr\/dev_deltalabo\/"},{"@type":"ListItem","position":2,"name":"Produits","item":"https:\/\/webdesi-gn.fr\/dev_deltalabo\/produits\/"},{"@type":"ListItem","position":3,"name":"Armoire positive ATEX ExGuard EX600 Eberhardt"}]},{"@type":"WebSite","@id":"https:\/\/webdesi-gn.fr\/dev_deltalabo\/#website","url":"https:\/\/webdesi-gn.fr\/dev_deltalabo\/","name":"Delta Labo","description":"Un site utilisant WordPress","publisher":{"@id":"https:\/\/webdesi-gn.fr\/dev_deltalabo\/#organization"},"alternateName":"Delta Labo","potentialAction":[{"@type":"SearchAction","target":{"@type":"EntryPoint","urlTemplate":"https:\/\/webdesi-gn.fr\/dev_deltalabo\/?s={search_term_string}"},"query-input":{"@type":"PropertyValueSpecification","valueRequired":true,"valueName":"search_term_string"}}],"inLanguage":"fr-FR"},{"@type":"Organization","@id":"https:\/\/webdesi-gn.fr\/dev_deltalabo\/#organization","name":"DeltaLabo","url":"https:\/\/webdesi-gn.fr\/dev_deltalabo\/","logo":{"@type":"ImageObject","inLanguage":"fr-FR","@id":"https:\/\/webdesi-gn.fr\/dev_deltalabo\/#\/schema\/logo\/image\/","url":"https:\/\/webdesi-gn.fr\/dev_deltalabo\/wp-content\/uploads\/2022\/07\/logo-deltalabo.png","contentUrl":"https:\/\/webdesi-gn.fr\/dev_deltalabo\/wp-content\/uploads\/2022\/07\/logo-deltalabo.png","width":694,"height":306,"caption":"DeltaLabo"},"image":{"@id":"https:\/\/webdesi-gn.fr\/dev_deltalabo\/#\/schema\/logo\/image\/"}}]}},"_links":{"self":[{"href":"https:\/\/webdesi-gn.fr\/dev_deltalabo\/wp-json\/wp\/v2\/product\/262551","targetHints":{"allow":["GET"]}}],"collection":[{"href":"https:\/\/webdesi-gn.fr\/dev_deltalabo\/wp-json\/wp\/v2\/product"}],"about":[{"href":"https:\/\/webdesi-gn.fr\/dev_deltalabo\/wp-json\/wp\/v2\/types\/product"}],"wp:featuredmedia":[{"embeddable":true,"href":"https:\/\/webdesi-gn.fr\/dev_deltalabo\/wp-json\/wp\/v2\/media\/262650"}],"wp:attachment":[{"href":"https:\/\/webdesi-gn.fr\/dev_deltalabo\/wp-json\/wp\/v2\/media?parent=262551"}],"wp:term":[{"taxonomy":"domaine","embeddable":true,"href":"https:\/\/webdesi-gn.fr\/dev_deltalabo\/wp-json\/wp\/v2\/domaine?post=262551"},{"taxonomy":"normes","embeddable":true,"href":"https:\/\/webdesi-gn.fr\/dev_deltalabo\/wp-json\/wp\/v2\/normes?post=262551"},{"taxonomy":"product_brand","embeddable":true,"href":"https:\/\/webdesi-gn.fr\/dev_deltalabo\/wp-json\/wp\/v2\/product_brand?post=262551"},{"taxonomy":"product_cat","embeddable":true,"href":"https:\/\/webdesi-gn.fr\/dev_deltalabo\/wp-json\/wp\/v2\/product_cat?post=262551"},{"taxonomy":"product_tag","embeddable":true,"href":"https:\/\/webdesi-gn.fr\/dev_deltalabo\/wp-json\/wp\/v2\/product_tag?post=262551"}],"curies":[{"name":"wp","href":"https:\/\/api.w.org\/{rel}","templated":true}]}}