{"id":262562,"date":"2025-11-24T15:12:15","date_gmt":"2025-11-24T14:12:15","guid":{"rendered":"https:\/\/webdesi-gn.fr\/dev_deltalabo\/?post_type=product&#038;p=262562"},"modified":"2025-11-24T15:16:25","modified_gmt":"2025-11-24T14:16:25","slug":"debitmetre-adm-agilent-g6691a","status":"publish","type":"product","link":"https:\/\/webdesi-gn.fr\/dev_deltalabo\/produits\/categories\/debitmetre-adm-agilent-g6691a\/","title":{"rendered":"D\u00e9bitm\u00e8tre ADM Agilent &#8211; G6691A"},"content":{"rendered":"","protected":false},"excerpt":{"rendered":"<p><strong>D\u00e9bitm\u00e8tre ADM Agilent &#8211; G6691A :<\/strong><\/p>\n<p>Le d\u00e9bitm\u00e8tre ADM G6691A de chez Agilent est id\u00e9al pour mesurer les flux de gaz \u00e0 composition composite. Il est facile \u00e0 entretenir : le remplacement de la cartouche une fois par an suffit pour que le d\u00e9bitm\u00e8tre soit conforme. Une minuterie d&rsquo;\u00e9talonnage int\u00e9gr\u00e9e avertit automatiquement lorsque la cartouche doit \u00eatre remplac\u00e9e. Chaque d\u00e9bitm\u00e8tre GC est livr\u00e9 avec une cartouche calibr\u00e9e.<\/p>\n<p>Le d\u00e9bitm\u00e8tre ADM G6691A permet une mesure continue du d\u00e9bit en temps r\u00e9el avec stockage des donn\u00e9es.<\/p>\n<p>Caract\u00e9ristiques :<\/p>\n<ul>\n<li>Pr\u00e9cision +\/- 2 % de la lecture (0,2 mL\/min)<\/li>\n<li>Plage de temp\u00e9rature de fonctionnement : 0\u00b0C \u00e0 45\u00b0C<\/li>\n<li>Plage de temp\u00e9rature du tube : -62\u00b0C \u00e0 110\u00b0C<\/li>\n<li>\u00c9talonnage \u2014 Cartouche tra\u00e7able NIST<\/li>\n<li>Plage de d\u00e9bit de 0,5 \u00e0 750 mL\/min<\/li>\n<\/ul>\n<p><strong>T\u00e9l\u00e9charger la brochure produit :<\/strong> <a href=\"https:\/\/www.deltalabo.fr\/wp-content\/uploads\/2025\/09\/G6691A-debitmetre-fra-DL.pdf\">D\u00e9bitm\u00e8tre ADM <\/a><a href=\"https:\/\/www.deltalabo.fr\/wp-content\/uploads\/2025\/09\/G6691A-debitmetre-fra-DL.pdf\">Agilent<\/a> <a href=\"https:\/\/www.deltalabo.fr\/wp-content\/uploads\/2025\/09\/G6691A-debitmetre-fra-DL.pdf\">&#8211; G6691A\u00a0<\/a><\/p>\n<p><strong>Visionner l&rsquo;utilisation du produit :<\/strong> <a href=\"https:\/\/youtu.be\/UlBAX0hVsvQ\">D\u00e9bitm\u00e8tre ADM Agilent &#8211; G6691A<\/a><\/p>\n","protected":false},"featured_media":262670,"template":"","meta":{"_acf_changed":false,"site-sidebar-layout":"default","site-content-layout":"","ast-site-content-layout":"default","site-content-style":"default","site-sidebar-style":"default","ast-global-header-display":"","ast-banner-title-visibility":"","ast-main-header-display":"","ast-hfb-above-header-display":"","ast-hfb-below-header-display":"","ast-hfb-mobile-header-display":"","site-post-title":"","ast-breadcrumbs-content":"","ast-featured-img":"","footer-sml-layout":"","ast-disable-related-posts":"","theme-transparent-header-meta":"","adv-header-id-meta":"","stick-header-meta":"","header-above-stick-meta":"","header-main-stick-meta":"","header-below-stick-meta":"","astra-migrate-meta-layouts":"default","ast-page-background-enabled":"default","ast-page-background-meta":{"desktop":{"background-color":"var(--ast-global-color-5)","background-image":"","background-repeat":"repeat","background-position":"center center","background-size":"auto","background-attachment":"scroll","background-type":"","background-media":"","overlay-type":"","overlay-color":"","overlay-opacity":"","overlay-gradient":""},"tablet":{"background-color":"","background-image":"","background-repeat":"repeat","background-position":"center center","background-size":"auto","background-attachment":"scroll","background-type":"","background-media":"","overlay-type":"","overlay-color":"","overlay-opacity":"","overlay-gradient":""},"mobile":{"background-color":"","background-image":"","background-repeat":"repeat","background-position":"center center","background-size":"auto","background-attachment":"scroll","background-type":"","background-media":"","overlay-type":"","overlay-color":"","overlay-opacity":"","overlay-gradient":""}},"ast-content-background-meta":{"desktop":{"background-color":"var(--ast-global-color-4)","background-image":"","background-repeat":"repeat","background-position":"center center","background-size":"auto","background-attachment":"scroll","background-type":"","background-media":"","overlay-type":"","overlay-color":"","overlay-opacity":"","overlay-gradient":""},"tablet":{"background-color":"var(--ast-global-color-4)","background-image":"","background-repeat":"repeat","background-position":"center center","background-size":"auto","background-attachment":"scroll","background-type":"","background-media":"","overlay-type":"","overlay-color":"","overlay-opacity":"","overlay-gradient":""},"mobile":{"background-color":"var(--ast-global-color-4)","background-image":"","background-repeat":"repeat","background-position":"center center","background-size":"auto","background-attachment":"scroll","background-type":"","background-media":"","overlay-type":"","overlay-color":"","overlay-opacity":"","overlay-gradient":""}}},"domaine":[],"normes":[],"product_brand":[],"product_cat":[17240],"product_tag":[],"class_list":{"0":"post-262562","1":"product","2":"type-product","3":"status-publish","4":"has-post-thumbnail","6":"product_cat-categories","7":"desktop-align-left","8":"tablet-align-left","9":"mobile-align-left","11":"first","12":"instock","13":"shipping-taxable","14":"product-type-simple"},"acf":[],"yoast_head":"<!-- This site is optimized with the Yoast SEO plugin v27.4 - https:\/\/yoast.com\/product\/yoast-seo-wordpress\/ -->\n<title>D\u00e9bitm\u00e8tre ADM Agilent - G6691A | DeltaLabo<\/title>\n<meta name=\"robots\" content=\"noindex, follow, max-snippet:-1, max-image-preview:large, max-video-preview:-1\" \/>\n<meta property=\"og:locale\" content=\"fr_FR\" \/>\n<meta property=\"og:type\" content=\"article\" \/>\n<meta property=\"og:title\" content=\"D\u00e9bitm\u00e8tre ADM Agilent - G6691A | DeltaLabo\" \/>\n<meta property=\"og:description\" content=\"D\u00e9bitm\u00e8tre ADM Agilent - G6691A :  Le d\u00e9bitm\u00e8tre ADM G6691A de chez Agilent est id\u00e9al pour mesurer les flux de gaz \u00e0 composition composite. Il est facile \u00e0 entretenir : le remplacement de la cartouche une fois par an suffit pour que le d\u00e9bitm\u00e8tre soit conforme. Une minuterie d&#039;\u00e9talonnage int\u00e9gr\u00e9e avertit automatiquement lorsque la cartouche doit \u00eatre remplac\u00e9e. Chaque d\u00e9bitm\u00e8tre GC est livr\u00e9 avec une cartouche calibr\u00e9e.  Le d\u00e9bitm\u00e8tre ADM G6691A permet une mesure continue du d\u00e9bit en temps r\u00e9el avec stockage des donn\u00e9es.  Caract\u00e9ristiques :   Pr\u00e9cision +\/- 2 % de la lecture (0,2 mL\/min)  Plage de temp\u00e9rature de fonctionnement : 0\u00b0C \u00e0 45\u00b0C  Plage de temp\u00e9rature du tube : -62\u00b0C \u00e0 110\u00b0C  \u00c9talonnage \u2014 Cartouche tra\u00e7able NIST  Plage de d\u00e9bit de 0,5 \u00e0 750 mL\/min  T\u00e9l\u00e9charger la brochure produit : D\u00e9bitm\u00e8tre ADM Agilent - G6691A\u00a0  Visionner l&#039;utilisation du produit : D\u00e9bitm\u00e8tre ADM Agilent - G6691A\" \/>\n<meta property=\"og:url\" content=\"https:\/\/webdesi-gn.fr\/dev_deltalabo\/produits\/cat-produit\/debitmetre-adm-agilent-g6691a\/\" \/>\n<meta property=\"og:site_name\" content=\"DeltaLabo\" \/>\n<meta property=\"article:modified_time\" content=\"2025-11-24T14:16:25+00:00\" \/>\n<meta property=\"og:image\" content=\"https:\/\/webdesi-gn.fr\/dev_deltalabo\/wp-content\/uploads\/2022\/01\/laboratory-g43d8b3442_1280.jpg\" \/>\n\t<meta property=\"og:image:width\" content=\"1280\" \/>\n\t<meta property=\"og:image:height\" content=\"853\" \/>\n\t<meta property=\"og:image:type\" content=\"image\/jpeg\" \/>\n<meta name=\"twitter:card\" content=\"summary_large_image\" \/>\n<script type=\"application\/ld+json\" class=\"yoast-schema-graph\">{\"@context\":\"https:\\\/\\\/schema.org\",\"@graph\":[{\"@type\":\"WebPage\",\"@id\":\"https:\\\/\\\/webdesi-gn.fr\\\/dev_deltalabo\\\/produits\\\/cat-produit\\\/debitmetre-adm-agilent-g6691a\\\/\",\"url\":\"https:\\\/\\\/webdesi-gn.fr\\\/dev_deltalabo\\\/produits\\\/cat-produit\\\/debitmetre-adm-agilent-g6691a\\\/\",\"name\":\"D\u00e9bitm\u00e8tre ADM Agilent - G6691A | DeltaLabo\",\"isPartOf\":{\"@id\":\"https:\\\/\\\/webdesi-gn.fr\\\/dev_deltalabo\\\/#website\"},\"primaryImageOfPage\":{\"@id\":\"https:\\\/\\\/webdesi-gn.fr\\\/dev_deltalabo\\\/produits\\\/cat-produit\\\/debitmetre-adm-agilent-g6691a\\\/#primaryimage\"},\"image\":{\"@id\":\"https:\\\/\\\/webdesi-gn.fr\\\/dev_deltalabo\\\/produits\\\/cat-produit\\\/debitmetre-adm-agilent-g6691a\\\/#primaryimage\"},\"thumbnailUrl\":\"https:\\\/\\\/webdesi-gn.fr\\\/dev_deltalabo\\\/wp-content\\\/uploads\\\/2025\\\/11\\\/DELTA-LABO-debitmetre-G6691A.webp\",\"datePublished\":\"2025-11-24T14:12:15+00:00\",\"dateModified\":\"2025-11-24T14:16:25+00:00\",\"breadcrumb\":{\"@id\":\"https:\\\/\\\/webdesi-gn.fr\\\/dev_deltalabo\\\/produits\\\/cat-produit\\\/debitmetre-adm-agilent-g6691a\\\/#breadcrumb\"},\"inLanguage\":\"fr-FR\",\"potentialAction\":[{\"@type\":\"ReadAction\",\"target\":[\"https:\\\/\\\/webdesi-gn.fr\\\/dev_deltalabo\\\/produits\\\/cat-produit\\\/debitmetre-adm-agilent-g6691a\\\/\"]}]},{\"@type\":\"ImageObject\",\"inLanguage\":\"fr-FR\",\"@id\":\"https:\\\/\\\/webdesi-gn.fr\\\/dev_deltalabo\\\/produits\\\/cat-produit\\\/debitmetre-adm-agilent-g6691a\\\/#primaryimage\",\"url\":\"https:\\\/\\\/webdesi-gn.fr\\\/dev_deltalabo\\\/wp-content\\\/uploads\\\/2025\\\/11\\\/DELTA-LABO-debitmetre-G6691A.webp\",\"contentUrl\":\"https:\\\/\\\/webdesi-gn.fr\\\/dev_deltalabo\\\/wp-content\\\/uploads\\\/2025\\\/11\\\/DELTA-LABO-debitmetre-G6691A.webp\",\"width\":320,\"height\":320},{\"@type\":\"BreadcrumbList\",\"@id\":\"https:\\\/\\\/webdesi-gn.fr\\\/dev_deltalabo\\\/produits\\\/cat-produit\\\/debitmetre-adm-agilent-g6691a\\\/#breadcrumb\",\"itemListElement\":[{\"@type\":\"ListItem\",\"position\":1,\"name\":\"Accueil\",\"item\":\"https:\\\/\\\/webdesi-gn.fr\\\/dev_deltalabo\\\/\"},{\"@type\":\"ListItem\",\"position\":2,\"name\":\"Produits\",\"item\":\"https:\\\/\\\/webdesi-gn.fr\\\/dev_deltalabo\\\/produits\\\/\"},{\"@type\":\"ListItem\",\"position\":3,\"name\":\"D\u00e9bitm\u00e8tre ADM Agilent &#8211; G6691A\"}]},{\"@type\":\"WebSite\",\"@id\":\"https:\\\/\\\/webdesi-gn.fr\\\/dev_deltalabo\\\/#website\",\"url\":\"https:\\\/\\\/webdesi-gn.fr\\\/dev_deltalabo\\\/\",\"name\":\"Delta Labo\",\"description\":\"Un site utilisant WordPress\",\"publisher\":{\"@id\":\"https:\\\/\\\/webdesi-gn.fr\\\/dev_deltalabo\\\/#organization\"},\"alternateName\":\"Delta Labo\",\"potentialAction\":[{\"@type\":\"SearchAction\",\"target\":{\"@type\":\"EntryPoint\",\"urlTemplate\":\"https:\\\/\\\/webdesi-gn.fr\\\/dev_deltalabo\\\/?s={search_term_string}\"},\"query-input\":{\"@type\":\"PropertyValueSpecification\",\"valueRequired\":true,\"valueName\":\"search_term_string\"}}],\"inLanguage\":\"fr-FR\"},{\"@type\":\"Organization\",\"@id\":\"https:\\\/\\\/webdesi-gn.fr\\\/dev_deltalabo\\\/#organization\",\"name\":\"DeltaLabo\",\"url\":\"https:\\\/\\\/webdesi-gn.fr\\\/dev_deltalabo\\\/\",\"logo\":{\"@type\":\"ImageObject\",\"inLanguage\":\"fr-FR\",\"@id\":\"https:\\\/\\\/webdesi-gn.fr\\\/dev_deltalabo\\\/#\\\/schema\\\/logo\\\/image\\\/\",\"url\":\"https:\\\/\\\/webdesi-gn.fr\\\/dev_deltalabo\\\/wp-content\\\/uploads\\\/2022\\\/07\\\/logo-deltalabo.png\",\"contentUrl\":\"https:\\\/\\\/webdesi-gn.fr\\\/dev_deltalabo\\\/wp-content\\\/uploads\\\/2022\\\/07\\\/logo-deltalabo.png\",\"width\":694,\"height\":306,\"caption\":\"DeltaLabo\"},\"image\":{\"@id\":\"https:\\\/\\\/webdesi-gn.fr\\\/dev_deltalabo\\\/#\\\/schema\\\/logo\\\/image\\\/\"}}]}<\/script>\n<!-- \/ Yoast SEO plugin. -->","yoast_head_json":{"title":"D\u00e9bitm\u00e8tre ADM Agilent - G6691A | DeltaLabo","robots":{"index":"noindex","follow":"follow","max-snippet":"max-snippet:-1","max-image-preview":"max-image-preview:large","max-video-preview":"max-video-preview:-1"},"og_locale":"fr_FR","og_type":"article","og_title":"D\u00e9bitm\u00e8tre ADM Agilent - G6691A | DeltaLabo","og_description":"D\u00e9bitm\u00e8tre ADM Agilent - G6691A :  Le d\u00e9bitm\u00e8tre ADM G6691A de chez Agilent est id\u00e9al pour mesurer les flux de gaz \u00e0 composition composite. Il est facile \u00e0 entretenir : le remplacement de la cartouche une fois par an suffit pour que le d\u00e9bitm\u00e8tre soit conforme. Une minuterie d'\u00e9talonnage int\u00e9gr\u00e9e avertit automatiquement lorsque la cartouche doit \u00eatre remplac\u00e9e. Chaque d\u00e9bitm\u00e8tre GC est livr\u00e9 avec une cartouche calibr\u00e9e.  Le d\u00e9bitm\u00e8tre ADM G6691A permet une mesure continue du d\u00e9bit en temps r\u00e9el avec stockage des donn\u00e9es.  Caract\u00e9ristiques :   Pr\u00e9cision +\/- 2 % de la lecture (0,2 mL\/min)  Plage de temp\u00e9rature de fonctionnement : 0\u00b0C \u00e0 45\u00b0C  Plage de temp\u00e9rature du tube : -62\u00b0C \u00e0 110\u00b0C  \u00c9talonnage \u2014 Cartouche tra\u00e7able NIST  Plage de d\u00e9bit de 0,5 \u00e0 750 mL\/min  T\u00e9l\u00e9charger la brochure produit : D\u00e9bitm\u00e8tre ADM Agilent - G6691A\u00a0  Visionner l'utilisation du produit : D\u00e9bitm\u00e8tre ADM Agilent - G6691A","og_url":"https:\/\/webdesi-gn.fr\/dev_deltalabo\/produits\/cat-produit\/debitmetre-adm-agilent-g6691a\/","og_site_name":"DeltaLabo","article_modified_time":"2025-11-24T14:16:25+00:00","og_image":[{"width":1280,"height":853,"url":"https:\/\/webdesi-gn.fr\/dev_deltalabo\/wp-content\/uploads\/2022\/01\/laboratory-g43d8b3442_1280.jpg","type":"image\/jpeg"}],"twitter_card":"summary_large_image","schema":{"@context":"https:\/\/schema.org","@graph":[{"@type":"WebPage","@id":"https:\/\/webdesi-gn.fr\/dev_deltalabo\/produits\/cat-produit\/debitmetre-adm-agilent-g6691a\/","url":"https:\/\/webdesi-gn.fr\/dev_deltalabo\/produits\/cat-produit\/debitmetre-adm-agilent-g6691a\/","name":"D\u00e9bitm\u00e8tre ADM Agilent - G6691A | DeltaLabo","isPartOf":{"@id":"https:\/\/webdesi-gn.fr\/dev_deltalabo\/#website"},"primaryImageOfPage":{"@id":"https:\/\/webdesi-gn.fr\/dev_deltalabo\/produits\/cat-produit\/debitmetre-adm-agilent-g6691a\/#primaryimage"},"image":{"@id":"https:\/\/webdesi-gn.fr\/dev_deltalabo\/produits\/cat-produit\/debitmetre-adm-agilent-g6691a\/#primaryimage"},"thumbnailUrl":"https:\/\/webdesi-gn.fr\/dev_deltalabo\/wp-content\/uploads\/2025\/11\/DELTA-LABO-debitmetre-G6691A.webp","datePublished":"2025-11-24T14:12:15+00:00","dateModified":"2025-11-24T14:16:25+00:00","breadcrumb":{"@id":"https:\/\/webdesi-gn.fr\/dev_deltalabo\/produits\/cat-produit\/debitmetre-adm-agilent-g6691a\/#breadcrumb"},"inLanguage":"fr-FR","potentialAction":[{"@type":"ReadAction","target":["https:\/\/webdesi-gn.fr\/dev_deltalabo\/produits\/cat-produit\/debitmetre-adm-agilent-g6691a\/"]}]},{"@type":"ImageObject","inLanguage":"fr-FR","@id":"https:\/\/webdesi-gn.fr\/dev_deltalabo\/produits\/cat-produit\/debitmetre-adm-agilent-g6691a\/#primaryimage","url":"https:\/\/webdesi-gn.fr\/dev_deltalabo\/wp-content\/uploads\/2025\/11\/DELTA-LABO-debitmetre-G6691A.webp","contentUrl":"https:\/\/webdesi-gn.fr\/dev_deltalabo\/wp-content\/uploads\/2025\/11\/DELTA-LABO-debitmetre-G6691A.webp","width":320,"height":320},{"@type":"BreadcrumbList","@id":"https:\/\/webdesi-gn.fr\/dev_deltalabo\/produits\/cat-produit\/debitmetre-adm-agilent-g6691a\/#breadcrumb","itemListElement":[{"@type":"ListItem","position":1,"name":"Accueil","item":"https:\/\/webdesi-gn.fr\/dev_deltalabo\/"},{"@type":"ListItem","position":2,"name":"Produits","item":"https:\/\/webdesi-gn.fr\/dev_deltalabo\/produits\/"},{"@type":"ListItem","position":3,"name":"D\u00e9bitm\u00e8tre ADM Agilent &#8211; G6691A"}]},{"@type":"WebSite","@id":"https:\/\/webdesi-gn.fr\/dev_deltalabo\/#website","url":"https:\/\/webdesi-gn.fr\/dev_deltalabo\/","name":"Delta Labo","description":"Un site utilisant WordPress","publisher":{"@id":"https:\/\/webdesi-gn.fr\/dev_deltalabo\/#organization"},"alternateName":"Delta Labo","potentialAction":[{"@type":"SearchAction","target":{"@type":"EntryPoint","urlTemplate":"https:\/\/webdesi-gn.fr\/dev_deltalabo\/?s={search_term_string}"},"query-input":{"@type":"PropertyValueSpecification","valueRequired":true,"valueName":"search_term_string"}}],"inLanguage":"fr-FR"},{"@type":"Organization","@id":"https:\/\/webdesi-gn.fr\/dev_deltalabo\/#organization","name":"DeltaLabo","url":"https:\/\/webdesi-gn.fr\/dev_deltalabo\/","logo":{"@type":"ImageObject","inLanguage":"fr-FR","@id":"https:\/\/webdesi-gn.fr\/dev_deltalabo\/#\/schema\/logo\/image\/","url":"https:\/\/webdesi-gn.fr\/dev_deltalabo\/wp-content\/uploads\/2022\/07\/logo-deltalabo.png","contentUrl":"https:\/\/webdesi-gn.fr\/dev_deltalabo\/wp-content\/uploads\/2022\/07\/logo-deltalabo.png","width":694,"height":306,"caption":"DeltaLabo"},"image":{"@id":"https:\/\/webdesi-gn.fr\/dev_deltalabo\/#\/schema\/logo\/image\/"}}]}},"_links":{"self":[{"href":"https:\/\/webdesi-gn.fr\/dev_deltalabo\/wp-json\/wp\/v2\/product\/262562","targetHints":{"allow":["GET"]}}],"collection":[{"href":"https:\/\/webdesi-gn.fr\/dev_deltalabo\/wp-json\/wp\/v2\/product"}],"about":[{"href":"https:\/\/webdesi-gn.fr\/dev_deltalabo\/wp-json\/wp\/v2\/types\/product"}],"wp:featuredmedia":[{"embeddable":true,"href":"https:\/\/webdesi-gn.fr\/dev_deltalabo\/wp-json\/wp\/v2\/media\/262670"}],"wp:attachment":[{"href":"https:\/\/webdesi-gn.fr\/dev_deltalabo\/wp-json\/wp\/v2\/media?parent=262562"}],"wp:term":[{"taxonomy":"domaine","embeddable":true,"href":"https:\/\/webdesi-gn.fr\/dev_deltalabo\/wp-json\/wp\/v2\/domaine?post=262562"},{"taxonomy":"normes","embeddable":true,"href":"https:\/\/webdesi-gn.fr\/dev_deltalabo\/wp-json\/wp\/v2\/normes?post=262562"},{"taxonomy":"product_brand","embeddable":true,"href":"https:\/\/webdesi-gn.fr\/dev_deltalabo\/wp-json\/wp\/v2\/product_brand?post=262562"},{"taxonomy":"product_cat","embeddable":true,"href":"https:\/\/webdesi-gn.fr\/dev_deltalabo\/wp-json\/wp\/v2\/product_cat?post=262562"},{"taxonomy":"product_tag","embeddable":true,"href":"https:\/\/webdesi-gn.fr\/dev_deltalabo\/wp-json\/wp\/v2\/product_tag?post=262562"}],"curies":[{"name":"wp","href":"https:\/\/api.w.org\/{rel}","templated":true}]}}