{"id":262572,"date":"2025-11-24T15:12:45","date_gmt":"2025-11-24T14:12:45","guid":{"rendered":"https:\/\/webdesi-gn.fr\/dev_deltalabo\/?post_type=product&#038;p=262572"},"modified":"2025-11-24T15:16:31","modified_gmt":"2025-11-24T14:16:31","slug":"detecteur-electronique-de-fuites-de-gaz-crosslab-cs-agilent-g6693a","status":"publish","type":"product","link":"https:\/\/webdesi-gn.fr\/dev_deltalabo\/produits\/categories\/detecteur-electronique-de-fuites-de-gaz-crosslab-cs-agilent-g6693a\/","title":{"rendered":"D\u00e9tecteur \u00e9lectronique de fuites de gaz CrossLab CS Agilent &#8211; G6693A"},"content":{"rendered":"","protected":false},"excerpt":{"rendered":"<p><strong>D\u00e9tecteur \u00e9lectronique de fuites de gaz CrossLab CS Agilent &#8211; G6693A :<\/strong><\/p>\n<p>Le d\u00e9tecteur \u00e9lectronique de fuites de gaz CrossLab Cartridge System (CS) de chez Agilent permet de d\u00e9tecter les fuites de diff\u00e9rents types de gaz, notamment l&rsquo;hydrog\u00e8ne, l&rsquo;azote, l&rsquo;h\u00e9lium et de v\u00e9rifier l&rsquo;\u00e9tanch\u00e9it\u00e9 des tubes et raccords.<\/p>\n<p>Unique sur le march\u00e9, la conception de la cartouche combine les deux t\u00e2ches les plus critiques de surveillance du flux GC, notamment la surveillance du d\u00e9bit et la d\u00e9tection des fuites.<\/p>\n<p>Il peut \u00eatre aliment\u00e9 par trois piles alcalines AA ou recharg\u00e9 via un connecteur USB. L&rsquo;\u00e9cran OLED est facile \u00e0 lire et le bo\u00eetier en CS contient un support pour une utilisation mains libres.<\/p>\n<p><strong>T\u00e9l\u00e9charger la brochure produit :<\/strong> <a href=\"https:\/\/www.deltalabo.fr\/wp-content\/uploads\/2025\/09\/G6693A-detecteur-de-fuite-electronique-CrossLab-CS-engl-DL.pdf\">D\u00e9tecteur <\/a><a href=\"https:\/\/www.deltalabo.fr\/wp-content\/uploads\/2025\/09\/G6693A-detecteur-de-fuite-electronique-CrossLab-CS-engl-DL.pdf\">\u00e9lectronique <\/a><a href=\"https:\/\/www.deltalabo.fr\/wp-content\/uploads\/2025\/09\/G6693A-detecteur-de-fuite-electronique-CrossLab-CS-engl-DL.pdf\">de fuite de gaz CrossLab CS &#8211; G6693A Agilent<\/a><\/p>\n<p><strong>Visionner l&rsquo;utilisation du produit :<\/strong> <a href=\"https:\/\/youtu.be\/UlBAX0hVsvQ\">D\u00e9tecteur \u00e9lectronique de fuite de gaz CrossLab CS &#8211; G6693A Agilent<\/a><\/p>\n","protected":false},"featured_media":262671,"template":"","meta":{"_acf_changed":false,"site-sidebar-layout":"default","site-content-layout":"","ast-site-content-layout":"default","site-content-style":"default","site-sidebar-style":"default","ast-global-header-display":"","ast-banner-title-visibility":"","ast-main-header-display":"","ast-hfb-above-header-display":"","ast-hfb-below-header-display":"","ast-hfb-mobile-header-display":"","site-post-title":"","ast-breadcrumbs-content":"","ast-featured-img":"","footer-sml-layout":"","ast-disable-related-posts":"","theme-transparent-header-meta":"","adv-header-id-meta":"","stick-header-meta":"","header-above-stick-meta":"","header-main-stick-meta":"","header-below-stick-meta":"","astra-migrate-meta-layouts":"default","ast-page-background-enabled":"default","ast-page-background-meta":{"desktop":{"background-color":"var(--ast-global-color-5)","background-image":"","background-repeat":"repeat","background-position":"center center","background-size":"auto","background-attachment":"scroll","background-type":"","background-media":"","overlay-type":"","overlay-color":"","overlay-opacity":"","overlay-gradient":""},"tablet":{"background-color":"","background-image":"","background-repeat":"repeat","background-position":"center center","background-size":"auto","background-attachment":"scroll","background-type":"","background-media":"","overlay-type":"","overlay-color":"","overlay-opacity":"","overlay-gradient":""},"mobile":{"background-color":"","background-image":"","background-repeat":"repeat","background-position":"center center","background-size":"auto","background-attachment":"scroll","background-type":"","background-media":"","overlay-type":"","overlay-color":"","overlay-opacity":"","overlay-gradient":""}},"ast-content-background-meta":{"desktop":{"background-color":"var(--ast-global-color-4)","background-image":"","background-repeat":"repeat","background-position":"center center","background-size":"auto","background-attachment":"scroll","background-type":"","background-media":"","overlay-type":"","overlay-color":"","overlay-opacity":"","overlay-gradient":""},"tablet":{"background-color":"var(--ast-global-color-4)","background-image":"","background-repeat":"repeat","background-position":"center center","background-size":"auto","background-attachment":"scroll","background-type":"","background-media":"","overlay-type":"","overlay-color":"","overlay-opacity":"","overlay-gradient":""},"mobile":{"background-color":"var(--ast-global-color-4)","background-image":"","background-repeat":"repeat","background-position":"center center","background-size":"auto","background-attachment":"scroll","background-type":"","background-media":"","overlay-type":"","overlay-color":"","overlay-opacity":"","overlay-gradient":""}}},"domaine":[],"normes":[],"product_brand":[],"product_cat":[17240],"product_tag":[],"class_list":{"0":"post-262572","1":"product","2":"type-product","3":"status-publish","4":"has-post-thumbnail","6":"product_cat-categories","7":"desktop-align-left","8":"tablet-align-left","9":"mobile-align-left","11":"first","12":"instock","13":"shipping-taxable","14":"product-type-simple"},"acf":[],"yoast_head":"<!-- This site is optimized with the Yoast SEO plugin v27.4 - https:\/\/yoast.com\/product\/yoast-seo-wordpress\/ -->\n<title>D\u00e9tecteur \u00e9lectronique de fuites de gaz CrossLab CS Agilent - G6693A | DeltaLabo<\/title>\n<meta name=\"robots\" content=\"noindex, follow, max-snippet:-1, max-image-preview:large, max-video-preview:-1\" \/>\n<meta property=\"og:locale\" content=\"fr_FR\" \/>\n<meta property=\"og:type\" content=\"article\" \/>\n<meta property=\"og:title\" content=\"D\u00e9tecteur \u00e9lectronique de fuites de gaz CrossLab CS Agilent - G6693A | DeltaLabo\" \/>\n<meta property=\"og:description\" content=\"D\u00e9tecteur \u00e9lectronique de fuites de gaz CrossLab CS Agilent - G6693A :  Le d\u00e9tecteur \u00e9lectronique de fuites de gaz CrossLab Cartridge System (CS) de chez Agilent permet de d\u00e9tecter les fuites de diff\u00e9rents types de gaz, notamment l&#039;hydrog\u00e8ne, l&#039;azote, l&#039;h\u00e9lium et de v\u00e9rifier l&#039;\u00e9tanch\u00e9it\u00e9 des tubes et raccords.  Unique sur le march\u00e9, la conception de la cartouche combine les deux t\u00e2ches les plus critiques de surveillance du flux GC, notamment la surveillance du d\u00e9bit et la d\u00e9tection des fuites.  Il peut \u00eatre aliment\u00e9 par trois piles alcalines AA ou recharg\u00e9 via un connecteur USB. L&#039;\u00e9cran OLED est facile \u00e0 lire et le bo\u00eetier en CS contient un support pour une utilisation mains libres.  T\u00e9l\u00e9charger la brochure produit : D\u00e9tecteur \u00e9lectronique de fuite de gaz CrossLab CS - G6693A Agilent  Visionner l&#039;utilisation du produit : D\u00e9tecteur \u00e9lectronique de fuite de gaz CrossLab CS - G6693A Agilent\" \/>\n<meta property=\"og:url\" content=\"https:\/\/webdesi-gn.fr\/dev_deltalabo\/produits\/cat-produit\/detecteur-electronique-de-fuites-de-gaz-crosslab-cs-agilent-g6693a\/\" \/>\n<meta property=\"og:site_name\" content=\"DeltaLabo\" \/>\n<meta property=\"article:modified_time\" content=\"2025-11-24T14:16:31+00:00\" \/>\n<meta property=\"og:image\" content=\"https:\/\/webdesi-gn.fr\/dev_deltalabo\/wp-content\/uploads\/2022\/01\/laboratory-g43d8b3442_1280.jpg\" \/>\n\t<meta property=\"og:image:width\" content=\"1280\" \/>\n\t<meta property=\"og:image:height\" content=\"853\" \/>\n\t<meta property=\"og:image:type\" content=\"image\/jpeg\" \/>\n<meta name=\"twitter:card\" content=\"summary_large_image\" \/>\n<script type=\"application\/ld+json\" class=\"yoast-schema-graph\">{\"@context\":\"https:\\\/\\\/schema.org\",\"@graph\":[{\"@type\":\"WebPage\",\"@id\":\"https:\\\/\\\/webdesi-gn.fr\\\/dev_deltalabo\\\/produits\\\/cat-produit\\\/detecteur-electronique-de-fuites-de-gaz-crosslab-cs-agilent-g6693a\\\/\",\"url\":\"https:\\\/\\\/webdesi-gn.fr\\\/dev_deltalabo\\\/produits\\\/cat-produit\\\/detecteur-electronique-de-fuites-de-gaz-crosslab-cs-agilent-g6693a\\\/\",\"name\":\"D\u00e9tecteur \u00e9lectronique de fuites de gaz CrossLab CS Agilent - G6693A | DeltaLabo\",\"isPartOf\":{\"@id\":\"https:\\\/\\\/webdesi-gn.fr\\\/dev_deltalabo\\\/#website\"},\"primaryImageOfPage\":{\"@id\":\"https:\\\/\\\/webdesi-gn.fr\\\/dev_deltalabo\\\/produits\\\/cat-produit\\\/detecteur-electronique-de-fuites-de-gaz-crosslab-cs-agilent-g6693a\\\/#primaryimage\"},\"image\":{\"@id\":\"https:\\\/\\\/webdesi-gn.fr\\\/dev_deltalabo\\\/produits\\\/cat-produit\\\/detecteur-electronique-de-fuites-de-gaz-crosslab-cs-agilent-g6693a\\\/#primaryimage\"},\"thumbnailUrl\":\"https:\\\/\\\/webdesi-gn.fr\\\/dev_deltalabo\\\/wp-content\\\/uploads\\\/2025\\\/11\\\/DELTA-LABO-detecteur-de-fuite-de-gaz-G6693A-_-Agilent-3.jpg\",\"datePublished\":\"2025-11-24T14:12:45+00:00\",\"dateModified\":\"2025-11-24T14:16:31+00:00\",\"breadcrumb\":{\"@id\":\"https:\\\/\\\/webdesi-gn.fr\\\/dev_deltalabo\\\/produits\\\/cat-produit\\\/detecteur-electronique-de-fuites-de-gaz-crosslab-cs-agilent-g6693a\\\/#breadcrumb\"},\"inLanguage\":\"fr-FR\",\"potentialAction\":[{\"@type\":\"ReadAction\",\"target\":[\"https:\\\/\\\/webdesi-gn.fr\\\/dev_deltalabo\\\/produits\\\/cat-produit\\\/detecteur-electronique-de-fuites-de-gaz-crosslab-cs-agilent-g6693a\\\/\"]}]},{\"@type\":\"ImageObject\",\"inLanguage\":\"fr-FR\",\"@id\":\"https:\\\/\\\/webdesi-gn.fr\\\/dev_deltalabo\\\/produits\\\/cat-produit\\\/detecteur-electronique-de-fuites-de-gaz-crosslab-cs-agilent-g6693a\\\/#primaryimage\",\"url\":\"https:\\\/\\\/webdesi-gn.fr\\\/dev_deltalabo\\\/wp-content\\\/uploads\\\/2025\\\/11\\\/DELTA-LABO-detecteur-de-fuite-de-gaz-G6693A-_-Agilent-3.jpg\",\"contentUrl\":\"https:\\\/\\\/webdesi-gn.fr\\\/dev_deltalabo\\\/wp-content\\\/uploads\\\/2025\\\/11\\\/DELTA-LABO-detecteur-de-fuite-de-gaz-G6693A-_-Agilent-3.jpg\",\"width\":800,\"height\":800},{\"@type\":\"BreadcrumbList\",\"@id\":\"https:\\\/\\\/webdesi-gn.fr\\\/dev_deltalabo\\\/produits\\\/cat-produit\\\/detecteur-electronique-de-fuites-de-gaz-crosslab-cs-agilent-g6693a\\\/#breadcrumb\",\"itemListElement\":[{\"@type\":\"ListItem\",\"position\":1,\"name\":\"Accueil\",\"item\":\"https:\\\/\\\/webdesi-gn.fr\\\/dev_deltalabo\\\/\"},{\"@type\":\"ListItem\",\"position\":2,\"name\":\"Produits\",\"item\":\"https:\\\/\\\/webdesi-gn.fr\\\/dev_deltalabo\\\/produits\\\/\"},{\"@type\":\"ListItem\",\"position\":3,\"name\":\"D\u00e9tecteur \u00e9lectronique de fuites de gaz CrossLab CS Agilent &#8211; G6693A\"}]},{\"@type\":\"WebSite\",\"@id\":\"https:\\\/\\\/webdesi-gn.fr\\\/dev_deltalabo\\\/#website\",\"url\":\"https:\\\/\\\/webdesi-gn.fr\\\/dev_deltalabo\\\/\",\"name\":\"Delta Labo\",\"description\":\"Un site utilisant WordPress\",\"publisher\":{\"@id\":\"https:\\\/\\\/webdesi-gn.fr\\\/dev_deltalabo\\\/#organization\"},\"alternateName\":\"Delta Labo\",\"potentialAction\":[{\"@type\":\"SearchAction\",\"target\":{\"@type\":\"EntryPoint\",\"urlTemplate\":\"https:\\\/\\\/webdesi-gn.fr\\\/dev_deltalabo\\\/?s={search_term_string}\"},\"query-input\":{\"@type\":\"PropertyValueSpecification\",\"valueRequired\":true,\"valueName\":\"search_term_string\"}}],\"inLanguage\":\"fr-FR\"},{\"@type\":\"Organization\",\"@id\":\"https:\\\/\\\/webdesi-gn.fr\\\/dev_deltalabo\\\/#organization\",\"name\":\"DeltaLabo\",\"url\":\"https:\\\/\\\/webdesi-gn.fr\\\/dev_deltalabo\\\/\",\"logo\":{\"@type\":\"ImageObject\",\"inLanguage\":\"fr-FR\",\"@id\":\"https:\\\/\\\/webdesi-gn.fr\\\/dev_deltalabo\\\/#\\\/schema\\\/logo\\\/image\\\/\",\"url\":\"https:\\\/\\\/webdesi-gn.fr\\\/dev_deltalabo\\\/wp-content\\\/uploads\\\/2022\\\/07\\\/logo-deltalabo.png\",\"contentUrl\":\"https:\\\/\\\/webdesi-gn.fr\\\/dev_deltalabo\\\/wp-content\\\/uploads\\\/2022\\\/07\\\/logo-deltalabo.png\",\"width\":694,\"height\":306,\"caption\":\"DeltaLabo\"},\"image\":{\"@id\":\"https:\\\/\\\/webdesi-gn.fr\\\/dev_deltalabo\\\/#\\\/schema\\\/logo\\\/image\\\/\"}}]}<\/script>\n<!-- \/ Yoast SEO plugin. -->","yoast_head_json":{"title":"D\u00e9tecteur \u00e9lectronique de fuites de gaz CrossLab CS Agilent - G6693A | DeltaLabo","robots":{"index":"noindex","follow":"follow","max-snippet":"max-snippet:-1","max-image-preview":"max-image-preview:large","max-video-preview":"max-video-preview:-1"},"og_locale":"fr_FR","og_type":"article","og_title":"D\u00e9tecteur \u00e9lectronique de fuites de gaz CrossLab CS Agilent - G6693A | DeltaLabo","og_description":"D\u00e9tecteur \u00e9lectronique de fuites de gaz CrossLab CS Agilent - G6693A :  Le d\u00e9tecteur \u00e9lectronique de fuites de gaz CrossLab Cartridge System (CS) de chez Agilent permet de d\u00e9tecter les fuites de diff\u00e9rents types de gaz, notamment l'hydrog\u00e8ne, l'azote, l'h\u00e9lium et de v\u00e9rifier l'\u00e9tanch\u00e9it\u00e9 des tubes et raccords.  Unique sur le march\u00e9, la conception de la cartouche combine les deux t\u00e2ches les plus critiques de surveillance du flux GC, notamment la surveillance du d\u00e9bit et la d\u00e9tection des fuites.  Il peut \u00eatre aliment\u00e9 par trois piles alcalines AA ou recharg\u00e9 via un connecteur USB. L'\u00e9cran OLED est facile \u00e0 lire et le bo\u00eetier en CS contient un support pour une utilisation mains libres.  T\u00e9l\u00e9charger la brochure produit : D\u00e9tecteur \u00e9lectronique de fuite de gaz CrossLab CS - G6693A Agilent  Visionner l'utilisation du produit : D\u00e9tecteur \u00e9lectronique de fuite de gaz CrossLab CS - G6693A Agilent","og_url":"https:\/\/webdesi-gn.fr\/dev_deltalabo\/produits\/cat-produit\/detecteur-electronique-de-fuites-de-gaz-crosslab-cs-agilent-g6693a\/","og_site_name":"DeltaLabo","article_modified_time":"2025-11-24T14:16:31+00:00","og_image":[{"width":1280,"height":853,"url":"https:\/\/webdesi-gn.fr\/dev_deltalabo\/wp-content\/uploads\/2022\/01\/laboratory-g43d8b3442_1280.jpg","type":"image\/jpeg"}],"twitter_card":"summary_large_image","schema":{"@context":"https:\/\/schema.org","@graph":[{"@type":"WebPage","@id":"https:\/\/webdesi-gn.fr\/dev_deltalabo\/produits\/cat-produit\/detecteur-electronique-de-fuites-de-gaz-crosslab-cs-agilent-g6693a\/","url":"https:\/\/webdesi-gn.fr\/dev_deltalabo\/produits\/cat-produit\/detecteur-electronique-de-fuites-de-gaz-crosslab-cs-agilent-g6693a\/","name":"D\u00e9tecteur \u00e9lectronique de fuites de gaz CrossLab CS Agilent - G6693A | DeltaLabo","isPartOf":{"@id":"https:\/\/webdesi-gn.fr\/dev_deltalabo\/#website"},"primaryImageOfPage":{"@id":"https:\/\/webdesi-gn.fr\/dev_deltalabo\/produits\/cat-produit\/detecteur-electronique-de-fuites-de-gaz-crosslab-cs-agilent-g6693a\/#primaryimage"},"image":{"@id":"https:\/\/webdesi-gn.fr\/dev_deltalabo\/produits\/cat-produit\/detecteur-electronique-de-fuites-de-gaz-crosslab-cs-agilent-g6693a\/#primaryimage"},"thumbnailUrl":"https:\/\/webdesi-gn.fr\/dev_deltalabo\/wp-content\/uploads\/2025\/11\/DELTA-LABO-detecteur-de-fuite-de-gaz-G6693A-_-Agilent-3.jpg","datePublished":"2025-11-24T14:12:45+00:00","dateModified":"2025-11-24T14:16:31+00:00","breadcrumb":{"@id":"https:\/\/webdesi-gn.fr\/dev_deltalabo\/produits\/cat-produit\/detecteur-electronique-de-fuites-de-gaz-crosslab-cs-agilent-g6693a\/#breadcrumb"},"inLanguage":"fr-FR","potentialAction":[{"@type":"ReadAction","target":["https:\/\/webdesi-gn.fr\/dev_deltalabo\/produits\/cat-produit\/detecteur-electronique-de-fuites-de-gaz-crosslab-cs-agilent-g6693a\/"]}]},{"@type":"ImageObject","inLanguage":"fr-FR","@id":"https:\/\/webdesi-gn.fr\/dev_deltalabo\/produits\/cat-produit\/detecteur-electronique-de-fuites-de-gaz-crosslab-cs-agilent-g6693a\/#primaryimage","url":"https:\/\/webdesi-gn.fr\/dev_deltalabo\/wp-content\/uploads\/2025\/11\/DELTA-LABO-detecteur-de-fuite-de-gaz-G6693A-_-Agilent-3.jpg","contentUrl":"https:\/\/webdesi-gn.fr\/dev_deltalabo\/wp-content\/uploads\/2025\/11\/DELTA-LABO-detecteur-de-fuite-de-gaz-G6693A-_-Agilent-3.jpg","width":800,"height":800},{"@type":"BreadcrumbList","@id":"https:\/\/webdesi-gn.fr\/dev_deltalabo\/produits\/cat-produit\/detecteur-electronique-de-fuites-de-gaz-crosslab-cs-agilent-g6693a\/#breadcrumb","itemListElement":[{"@type":"ListItem","position":1,"name":"Accueil","item":"https:\/\/webdesi-gn.fr\/dev_deltalabo\/"},{"@type":"ListItem","position":2,"name":"Produits","item":"https:\/\/webdesi-gn.fr\/dev_deltalabo\/produits\/"},{"@type":"ListItem","position":3,"name":"D\u00e9tecteur \u00e9lectronique de fuites de gaz CrossLab CS Agilent &#8211; G6693A"}]},{"@type":"WebSite","@id":"https:\/\/webdesi-gn.fr\/dev_deltalabo\/#website","url":"https:\/\/webdesi-gn.fr\/dev_deltalabo\/","name":"Delta Labo","description":"Un site utilisant WordPress","publisher":{"@id":"https:\/\/webdesi-gn.fr\/dev_deltalabo\/#organization"},"alternateName":"Delta Labo","potentialAction":[{"@type":"SearchAction","target":{"@type":"EntryPoint","urlTemplate":"https:\/\/webdesi-gn.fr\/dev_deltalabo\/?s={search_term_string}"},"query-input":{"@type":"PropertyValueSpecification","valueRequired":true,"valueName":"search_term_string"}}],"inLanguage":"fr-FR"},{"@type":"Organization","@id":"https:\/\/webdesi-gn.fr\/dev_deltalabo\/#organization","name":"DeltaLabo","url":"https:\/\/webdesi-gn.fr\/dev_deltalabo\/","logo":{"@type":"ImageObject","inLanguage":"fr-FR","@id":"https:\/\/webdesi-gn.fr\/dev_deltalabo\/#\/schema\/logo\/image\/","url":"https:\/\/webdesi-gn.fr\/dev_deltalabo\/wp-content\/uploads\/2022\/07\/logo-deltalabo.png","contentUrl":"https:\/\/webdesi-gn.fr\/dev_deltalabo\/wp-content\/uploads\/2022\/07\/logo-deltalabo.png","width":694,"height":306,"caption":"DeltaLabo"},"image":{"@id":"https:\/\/webdesi-gn.fr\/dev_deltalabo\/#\/schema\/logo\/image\/"}}]}},"_links":{"self":[{"href":"https:\/\/webdesi-gn.fr\/dev_deltalabo\/wp-json\/wp\/v2\/product\/262572","targetHints":{"allow":["GET"]}}],"collection":[{"href":"https:\/\/webdesi-gn.fr\/dev_deltalabo\/wp-json\/wp\/v2\/product"}],"about":[{"href":"https:\/\/webdesi-gn.fr\/dev_deltalabo\/wp-json\/wp\/v2\/types\/product"}],"wp:featuredmedia":[{"embeddable":true,"href":"https:\/\/webdesi-gn.fr\/dev_deltalabo\/wp-json\/wp\/v2\/media\/262671"}],"wp:attachment":[{"href":"https:\/\/webdesi-gn.fr\/dev_deltalabo\/wp-json\/wp\/v2\/media?parent=262572"}],"wp:term":[{"taxonomy":"domaine","embeddable":true,"href":"https:\/\/webdesi-gn.fr\/dev_deltalabo\/wp-json\/wp\/v2\/domaine?post=262572"},{"taxonomy":"normes","embeddable":true,"href":"https:\/\/webdesi-gn.fr\/dev_deltalabo\/wp-json\/wp\/v2\/normes?post=262572"},{"taxonomy":"product_brand","embeddable":true,"href":"https:\/\/webdesi-gn.fr\/dev_deltalabo\/wp-json\/wp\/v2\/product_brand?post=262572"},{"taxonomy":"product_cat","embeddable":true,"href":"https:\/\/webdesi-gn.fr\/dev_deltalabo\/wp-json\/wp\/v2\/product_cat?post=262572"},{"taxonomy":"product_tag","embeddable":true,"href":"https:\/\/webdesi-gn.fr\/dev_deltalabo\/wp-json\/wp\/v2\/product_tag?post=262572"}],"curies":[{"name":"wp","href":"https:\/\/api.w.org\/{rel}","templated":true}]}}