{"id":262574,"date":"2025-11-24T15:12:46","date_gmt":"2025-11-24T14:12:46","guid":{"rendered":"https:\/\/webdesi-gn.fr\/dev_deltalabo\/?post_type=product&#038;p=262574"},"modified":"2025-11-24T15:16:44","modified_gmt":"2025-11-24T14:16:44","slug":"tete-de-pompe-a-engrenages-micropump-serie-ga","status":"publish","type":"product","link":"https:\/\/webdesi-gn.fr\/dev_deltalabo\/produits\/categories\/tete-de-pompe-a-engrenages-micropump-serie-ga\/","title":{"rendered":"T\u00eate de pompe \u00e0 engrenages Micropump &#8211; S\u00e9rie GA"},"content":{"rendered":"","protected":false},"excerpt":{"rendered":"<p><strong>T\u00eate de pompe \u00e0 engrenages Micropump &#8211; S\u00e9rie GA :<\/strong><\/p>\n<p><strong>Mod\u00e8le GA-T23.P9FS.B :\u00a0<\/strong>21 bar maxi &#8211; raccords 1\/8-27 (F) NPT<br \/>\nEngrenages T23 : 0,092ml\/tour &#8211; P max diff\u00e9rentielle 5,2bar &#8211; Aimant : ferrite<br \/>\nMat\u00e9riau engrenages P9=P : PPS &#8211; P max diff\u00e9rentielle : 5,2bar &#8211; Temp : -46 \u00e0 177\u00b0C<br \/>\nMat\u00e9riau des joints F : PTFE &#8211; Temp : -46 \u00e0 232\u00b0C<br \/>\nMat\u00e9riau corps de t\u00eate S : inox 316<br \/>\nRaccordement moteur B : plaque de montage MP<br \/>\nPoids de la t\u00eate : 0,34kg<\/p>\n<p><strong>Mod\u00e8le GA-V21.J8FS.B :\u00a0<\/strong>21 bar maxi &#8211; raccords 1\/8-27 (F) NPT<br \/>\nEngrenages V21 : 0,042ml\/tour &#8211; P max diff\u00e9rentielle 2,8bar &#8211; Aimant : ferrite<br \/>\nMat\u00e9riau engrenages J8 : PEEK &#8211; P max diff\u00e9rentielle : 2,8bar &#8211; Temp : -46 \u00e0 177\u00b0C<br \/>\nMat\u00e9riau des joints F : PTFE &#8211; Temp : -46 \u00e0 232\u00b0C<br \/>\nMat\u00e9riau corps de t\u00eate S : inox 316<br \/>\nRaccordement moteur B : plaque de montage MP<br \/>\nPoids de la t\u00eate : 0,34kg<\/p>\n<p><strong>T\u00e9l\u00e9charger la brochure produit :<\/strong> <a href=\"https:\/\/www.deltalabo.fr\/wp-content\/uploads\/2025\/08\/Series-GA-GAH-fiche-tech-engl-DL.pdf\">T\u00eate de pompe \u00e0 engrenages Micropump &#8211; S\u00e9rie GA<\/a><\/p>\n","protected":false},"featured_media":262680,"template":"","meta":{"_acf_changed":false,"site-sidebar-layout":"default","site-content-layout":"","ast-site-content-layout":"default","site-content-style":"default","site-sidebar-style":"default","ast-global-header-display":"","ast-banner-title-visibility":"","ast-main-header-display":"","ast-hfb-above-header-display":"","ast-hfb-below-header-display":"","ast-hfb-mobile-header-display":"","site-post-title":"","ast-breadcrumbs-content":"","ast-featured-img":"","footer-sml-layout":"","ast-disable-related-posts":"","theme-transparent-header-meta":"","adv-header-id-meta":"","stick-header-meta":"","header-above-stick-meta":"","header-main-stick-meta":"","header-below-stick-meta":"","astra-migrate-meta-layouts":"default","ast-page-background-enabled":"default","ast-page-background-meta":{"desktop":{"background-color":"var(--ast-global-color-5)","background-image":"","background-repeat":"repeat","background-position":"center center","background-size":"auto","background-attachment":"scroll","background-type":"","background-media":"","overlay-type":"","overlay-color":"","overlay-opacity":"","overlay-gradient":""},"tablet":{"background-color":"","background-image":"","background-repeat":"repeat","background-position":"center center","background-size":"auto","background-attachment":"scroll","background-type":"","background-media":"","overlay-type":"","overlay-color":"","overlay-opacity":"","overlay-gradient":""},"mobile":{"background-color":"","background-image":"","background-repeat":"repeat","background-position":"center center","background-size":"auto","background-attachment":"scroll","background-type":"","background-media":"","overlay-type":"","overlay-color":"","overlay-opacity":"","overlay-gradient":""}},"ast-content-background-meta":{"desktop":{"background-color":"var(--ast-global-color-4)","background-image":"","background-repeat":"repeat","background-position":"center center","background-size":"auto","background-attachment":"scroll","background-type":"","background-media":"","overlay-type":"","overlay-color":"","overlay-opacity":"","overlay-gradient":""},"tablet":{"background-color":"var(--ast-global-color-4)","background-image":"","background-repeat":"repeat","background-position":"center center","background-size":"auto","background-attachment":"scroll","background-type":"","background-media":"","overlay-type":"","overlay-color":"","overlay-opacity":"","overlay-gradient":""},"mobile":{"background-color":"var(--ast-global-color-4)","background-image":"","background-repeat":"repeat","background-position":"center center","background-size":"auto","background-attachment":"scroll","background-type":"","background-media":"","overlay-type":"","overlay-color":"","overlay-opacity":"","overlay-gradient":""}}},"domaine":[],"normes":[],"product_brand":[],"product_cat":[17240],"product_tag":[],"class_list":{"0":"post-262574","1":"product","2":"type-product","3":"status-publish","4":"has-post-thumbnail","6":"product_cat-categories","7":"desktop-align-left","8":"tablet-align-left","9":"mobile-align-left","11":"first","12":"instock","13":"shipping-taxable","14":"product-type-simple"},"acf":[],"yoast_head":"<!-- This site is optimized with the Yoast SEO plugin v27.4 - https:\/\/yoast.com\/product\/yoast-seo-wordpress\/ -->\n<title>T\u00eate de pompe \u00e0 engrenages Micropump - S\u00e9rie GA | DeltaLabo<\/title>\n<meta name=\"robots\" content=\"noindex, follow, max-snippet:-1, max-image-preview:large, max-video-preview:-1\" \/>\n<meta property=\"og:locale\" content=\"fr_FR\" \/>\n<meta property=\"og:type\" content=\"article\" \/>\n<meta property=\"og:title\" content=\"T\u00eate de pompe \u00e0 engrenages Micropump - S\u00e9rie GA | DeltaLabo\" \/>\n<meta property=\"og:description\" content=\"T\u00eate de pompe \u00e0 engrenages Micropump - S\u00e9rie GA :  Mod\u00e8le GA-T23.P9FS.B :\u00a021 bar maxi - raccords 1\/8-27 (F) NPT Engrenages T23 : 0,092ml\/tour - P max diff\u00e9rentielle 5,2bar - Aimant : ferrite Mat\u00e9riau engrenages P9=P : PPS - P max diff\u00e9rentielle : 5,2bar - Temp : -46 \u00e0 177\u00b0C Mat\u00e9riau des joints F : PTFE - Temp : -46 \u00e0 232\u00b0C Mat\u00e9riau corps de t\u00eate S : inox 316 Raccordement moteur B : plaque de montage MP Poids de la t\u00eate : 0,34kg  Mod\u00e8le GA-V21.J8FS.B :\u00a021 bar maxi - raccords 1\/8-27 (F) NPT Engrenages V21 : 0,042ml\/tour - P max diff\u00e9rentielle 2,8bar - Aimant : ferrite Mat\u00e9riau engrenages J8 : PEEK - P max diff\u00e9rentielle : 2,8bar - Temp : -46 \u00e0 177\u00b0C Mat\u00e9riau des joints F : PTFE - Temp : -46 \u00e0 232\u00b0C Mat\u00e9riau corps de t\u00eate S : inox 316 Raccordement moteur B : plaque de montage MP Poids de la t\u00eate : 0,34kg  T\u00e9l\u00e9charger la brochure produit : T\u00eate de pompe \u00e0 engrenages Micropump - S\u00e9rie GA\" \/>\n<meta property=\"og:url\" content=\"https:\/\/webdesi-gn.fr\/dev_deltalabo\/produits\/cat-produit\/tete-de-pompe-a-engrenages-micropump-serie-ga\/\" \/>\n<meta property=\"og:site_name\" content=\"DeltaLabo\" \/>\n<meta property=\"article:modified_time\" content=\"2025-11-24T14:16:44+00:00\" \/>\n<meta property=\"og:image\" content=\"https:\/\/webdesi-gn.fr\/dev_deltalabo\/wp-content\/uploads\/2022\/01\/laboratory-g43d8b3442_1280.jpg\" \/>\n\t<meta property=\"og:image:width\" content=\"1280\" \/>\n\t<meta property=\"og:image:height\" content=\"853\" \/>\n\t<meta property=\"og:image:type\" content=\"image\/jpeg\" \/>\n<meta name=\"twitter:card\" content=\"summary_large_image\" \/>\n<script type=\"application\/ld+json\" class=\"yoast-schema-graph\">{\"@context\":\"https:\\\/\\\/schema.org\",\"@graph\":[{\"@type\":\"WebPage\",\"@id\":\"https:\\\/\\\/webdesi-gn.fr\\\/dev_deltalabo\\\/produits\\\/cat-produit\\\/tete-de-pompe-a-engrenages-micropump-serie-ga\\\/\",\"url\":\"https:\\\/\\\/webdesi-gn.fr\\\/dev_deltalabo\\\/produits\\\/cat-produit\\\/tete-de-pompe-a-engrenages-micropump-serie-ga\\\/\",\"name\":\"T\u00eate de pompe \u00e0 engrenages Micropump - S\u00e9rie GA | DeltaLabo\",\"isPartOf\":{\"@id\":\"https:\\\/\\\/webdesi-gn.fr\\\/dev_deltalabo\\\/#website\"},\"primaryImageOfPage\":{\"@id\":\"https:\\\/\\\/webdesi-gn.fr\\\/dev_deltalabo\\\/produits\\\/cat-produit\\\/tete-de-pompe-a-engrenages-micropump-serie-ga\\\/#primaryimage\"},\"image\":{\"@id\":\"https:\\\/\\\/webdesi-gn.fr\\\/dev_deltalabo\\\/produits\\\/cat-produit\\\/tete-de-pompe-a-engrenages-micropump-serie-ga\\\/#primaryimage\"},\"thumbnailUrl\":\"https:\\\/\\\/webdesi-gn.fr\\\/dev_deltalabo\\\/wp-content\\\/uploads\\\/2025\\\/11\\\/DELTA-LABO-Micropump-GA.png\",\"datePublished\":\"2025-11-24T14:12:46+00:00\",\"dateModified\":\"2025-11-24T14:16:44+00:00\",\"breadcrumb\":{\"@id\":\"https:\\\/\\\/webdesi-gn.fr\\\/dev_deltalabo\\\/produits\\\/cat-produit\\\/tete-de-pompe-a-engrenages-micropump-serie-ga\\\/#breadcrumb\"},\"inLanguage\":\"fr-FR\",\"potentialAction\":[{\"@type\":\"ReadAction\",\"target\":[\"https:\\\/\\\/webdesi-gn.fr\\\/dev_deltalabo\\\/produits\\\/cat-produit\\\/tete-de-pompe-a-engrenages-micropump-serie-ga\\\/\"]}]},{\"@type\":\"ImageObject\",\"inLanguage\":\"fr-FR\",\"@id\":\"https:\\\/\\\/webdesi-gn.fr\\\/dev_deltalabo\\\/produits\\\/cat-produit\\\/tete-de-pompe-a-engrenages-micropump-serie-ga\\\/#primaryimage\",\"url\":\"https:\\\/\\\/webdesi-gn.fr\\\/dev_deltalabo\\\/wp-content\\\/uploads\\\/2025\\\/11\\\/DELTA-LABO-Micropump-GA.png\",\"contentUrl\":\"https:\\\/\\\/webdesi-gn.fr\\\/dev_deltalabo\\\/wp-content\\\/uploads\\\/2025\\\/11\\\/DELTA-LABO-Micropump-GA.png\",\"width\":584,\"height\":450},{\"@type\":\"BreadcrumbList\",\"@id\":\"https:\\\/\\\/webdesi-gn.fr\\\/dev_deltalabo\\\/produits\\\/cat-produit\\\/tete-de-pompe-a-engrenages-micropump-serie-ga\\\/#breadcrumb\",\"itemListElement\":[{\"@type\":\"ListItem\",\"position\":1,\"name\":\"Accueil\",\"item\":\"https:\\\/\\\/webdesi-gn.fr\\\/dev_deltalabo\\\/\"},{\"@type\":\"ListItem\",\"position\":2,\"name\":\"Produits\",\"item\":\"https:\\\/\\\/webdesi-gn.fr\\\/dev_deltalabo\\\/produits\\\/\"},{\"@type\":\"ListItem\",\"position\":3,\"name\":\"T\u00eate de pompe \u00e0 engrenages Micropump &#8211; S\u00e9rie GA\"}]},{\"@type\":\"WebSite\",\"@id\":\"https:\\\/\\\/webdesi-gn.fr\\\/dev_deltalabo\\\/#website\",\"url\":\"https:\\\/\\\/webdesi-gn.fr\\\/dev_deltalabo\\\/\",\"name\":\"Delta Labo\",\"description\":\"Un site utilisant WordPress\",\"publisher\":{\"@id\":\"https:\\\/\\\/webdesi-gn.fr\\\/dev_deltalabo\\\/#organization\"},\"alternateName\":\"Delta Labo\",\"potentialAction\":[{\"@type\":\"SearchAction\",\"target\":{\"@type\":\"EntryPoint\",\"urlTemplate\":\"https:\\\/\\\/webdesi-gn.fr\\\/dev_deltalabo\\\/?s={search_term_string}\"},\"query-input\":{\"@type\":\"PropertyValueSpecification\",\"valueRequired\":true,\"valueName\":\"search_term_string\"}}],\"inLanguage\":\"fr-FR\"},{\"@type\":\"Organization\",\"@id\":\"https:\\\/\\\/webdesi-gn.fr\\\/dev_deltalabo\\\/#organization\",\"name\":\"DeltaLabo\",\"url\":\"https:\\\/\\\/webdesi-gn.fr\\\/dev_deltalabo\\\/\",\"logo\":{\"@type\":\"ImageObject\",\"inLanguage\":\"fr-FR\",\"@id\":\"https:\\\/\\\/webdesi-gn.fr\\\/dev_deltalabo\\\/#\\\/schema\\\/logo\\\/image\\\/\",\"url\":\"https:\\\/\\\/webdesi-gn.fr\\\/dev_deltalabo\\\/wp-content\\\/uploads\\\/2022\\\/07\\\/logo-deltalabo.png\",\"contentUrl\":\"https:\\\/\\\/webdesi-gn.fr\\\/dev_deltalabo\\\/wp-content\\\/uploads\\\/2022\\\/07\\\/logo-deltalabo.png\",\"width\":694,\"height\":306,\"caption\":\"DeltaLabo\"},\"image\":{\"@id\":\"https:\\\/\\\/webdesi-gn.fr\\\/dev_deltalabo\\\/#\\\/schema\\\/logo\\\/image\\\/\"}}]}<\/script>\n<!-- \/ Yoast SEO plugin. -->","yoast_head_json":{"title":"T\u00eate de pompe \u00e0 engrenages Micropump - S\u00e9rie GA | DeltaLabo","robots":{"index":"noindex","follow":"follow","max-snippet":"max-snippet:-1","max-image-preview":"max-image-preview:large","max-video-preview":"max-video-preview:-1"},"og_locale":"fr_FR","og_type":"article","og_title":"T\u00eate de pompe \u00e0 engrenages Micropump - S\u00e9rie GA | DeltaLabo","og_description":"T\u00eate de pompe \u00e0 engrenages Micropump - S\u00e9rie GA :  Mod\u00e8le GA-T23.P9FS.B :\u00a021 bar maxi - raccords 1\/8-27 (F) NPT Engrenages T23 : 0,092ml\/tour - P max diff\u00e9rentielle 5,2bar - Aimant : ferrite Mat\u00e9riau engrenages P9=P : PPS - P max diff\u00e9rentielle : 5,2bar - Temp : -46 \u00e0 177\u00b0C Mat\u00e9riau des joints F : PTFE - Temp : -46 \u00e0 232\u00b0C Mat\u00e9riau corps de t\u00eate S : inox 316 Raccordement moteur B : plaque de montage MP Poids de la t\u00eate : 0,34kg  Mod\u00e8le GA-V21.J8FS.B :\u00a021 bar maxi - raccords 1\/8-27 (F) NPT Engrenages V21 : 0,042ml\/tour - P max diff\u00e9rentielle 2,8bar - Aimant : ferrite Mat\u00e9riau engrenages J8 : PEEK - P max diff\u00e9rentielle : 2,8bar - Temp : -46 \u00e0 177\u00b0C Mat\u00e9riau des joints F : PTFE - Temp : -46 \u00e0 232\u00b0C Mat\u00e9riau corps de t\u00eate S : inox 316 Raccordement moteur B : plaque de montage MP Poids de la t\u00eate : 0,34kg  T\u00e9l\u00e9charger la brochure produit : T\u00eate de pompe \u00e0 engrenages Micropump - S\u00e9rie GA","og_url":"https:\/\/webdesi-gn.fr\/dev_deltalabo\/produits\/cat-produit\/tete-de-pompe-a-engrenages-micropump-serie-ga\/","og_site_name":"DeltaLabo","article_modified_time":"2025-11-24T14:16:44+00:00","og_image":[{"width":1280,"height":853,"url":"https:\/\/webdesi-gn.fr\/dev_deltalabo\/wp-content\/uploads\/2022\/01\/laboratory-g43d8b3442_1280.jpg","type":"image\/jpeg"}],"twitter_card":"summary_large_image","schema":{"@context":"https:\/\/schema.org","@graph":[{"@type":"WebPage","@id":"https:\/\/webdesi-gn.fr\/dev_deltalabo\/produits\/cat-produit\/tete-de-pompe-a-engrenages-micropump-serie-ga\/","url":"https:\/\/webdesi-gn.fr\/dev_deltalabo\/produits\/cat-produit\/tete-de-pompe-a-engrenages-micropump-serie-ga\/","name":"T\u00eate de pompe \u00e0 engrenages Micropump - S\u00e9rie GA | DeltaLabo","isPartOf":{"@id":"https:\/\/webdesi-gn.fr\/dev_deltalabo\/#website"},"primaryImageOfPage":{"@id":"https:\/\/webdesi-gn.fr\/dev_deltalabo\/produits\/cat-produit\/tete-de-pompe-a-engrenages-micropump-serie-ga\/#primaryimage"},"image":{"@id":"https:\/\/webdesi-gn.fr\/dev_deltalabo\/produits\/cat-produit\/tete-de-pompe-a-engrenages-micropump-serie-ga\/#primaryimage"},"thumbnailUrl":"https:\/\/webdesi-gn.fr\/dev_deltalabo\/wp-content\/uploads\/2025\/11\/DELTA-LABO-Micropump-GA.png","datePublished":"2025-11-24T14:12:46+00:00","dateModified":"2025-11-24T14:16:44+00:00","breadcrumb":{"@id":"https:\/\/webdesi-gn.fr\/dev_deltalabo\/produits\/cat-produit\/tete-de-pompe-a-engrenages-micropump-serie-ga\/#breadcrumb"},"inLanguage":"fr-FR","potentialAction":[{"@type":"ReadAction","target":["https:\/\/webdesi-gn.fr\/dev_deltalabo\/produits\/cat-produit\/tete-de-pompe-a-engrenages-micropump-serie-ga\/"]}]},{"@type":"ImageObject","inLanguage":"fr-FR","@id":"https:\/\/webdesi-gn.fr\/dev_deltalabo\/produits\/cat-produit\/tete-de-pompe-a-engrenages-micropump-serie-ga\/#primaryimage","url":"https:\/\/webdesi-gn.fr\/dev_deltalabo\/wp-content\/uploads\/2025\/11\/DELTA-LABO-Micropump-GA.png","contentUrl":"https:\/\/webdesi-gn.fr\/dev_deltalabo\/wp-content\/uploads\/2025\/11\/DELTA-LABO-Micropump-GA.png","width":584,"height":450},{"@type":"BreadcrumbList","@id":"https:\/\/webdesi-gn.fr\/dev_deltalabo\/produits\/cat-produit\/tete-de-pompe-a-engrenages-micropump-serie-ga\/#breadcrumb","itemListElement":[{"@type":"ListItem","position":1,"name":"Accueil","item":"https:\/\/webdesi-gn.fr\/dev_deltalabo\/"},{"@type":"ListItem","position":2,"name":"Produits","item":"https:\/\/webdesi-gn.fr\/dev_deltalabo\/produits\/"},{"@type":"ListItem","position":3,"name":"T\u00eate de pompe \u00e0 engrenages Micropump &#8211; S\u00e9rie GA"}]},{"@type":"WebSite","@id":"https:\/\/webdesi-gn.fr\/dev_deltalabo\/#website","url":"https:\/\/webdesi-gn.fr\/dev_deltalabo\/","name":"Delta Labo","description":"Un site utilisant WordPress","publisher":{"@id":"https:\/\/webdesi-gn.fr\/dev_deltalabo\/#organization"},"alternateName":"Delta Labo","potentialAction":[{"@type":"SearchAction","target":{"@type":"EntryPoint","urlTemplate":"https:\/\/webdesi-gn.fr\/dev_deltalabo\/?s={search_term_string}"},"query-input":{"@type":"PropertyValueSpecification","valueRequired":true,"valueName":"search_term_string"}}],"inLanguage":"fr-FR"},{"@type":"Organization","@id":"https:\/\/webdesi-gn.fr\/dev_deltalabo\/#organization","name":"DeltaLabo","url":"https:\/\/webdesi-gn.fr\/dev_deltalabo\/","logo":{"@type":"ImageObject","inLanguage":"fr-FR","@id":"https:\/\/webdesi-gn.fr\/dev_deltalabo\/#\/schema\/logo\/image\/","url":"https:\/\/webdesi-gn.fr\/dev_deltalabo\/wp-content\/uploads\/2022\/07\/logo-deltalabo.png","contentUrl":"https:\/\/webdesi-gn.fr\/dev_deltalabo\/wp-content\/uploads\/2022\/07\/logo-deltalabo.png","width":694,"height":306,"caption":"DeltaLabo"},"image":{"@id":"https:\/\/webdesi-gn.fr\/dev_deltalabo\/#\/schema\/logo\/image\/"}}]}},"_links":{"self":[{"href":"https:\/\/webdesi-gn.fr\/dev_deltalabo\/wp-json\/wp\/v2\/product\/262574","targetHints":{"allow":["GET"]}}],"collection":[{"href":"https:\/\/webdesi-gn.fr\/dev_deltalabo\/wp-json\/wp\/v2\/product"}],"about":[{"href":"https:\/\/webdesi-gn.fr\/dev_deltalabo\/wp-json\/wp\/v2\/types\/product"}],"wp:featuredmedia":[{"embeddable":true,"href":"https:\/\/webdesi-gn.fr\/dev_deltalabo\/wp-json\/wp\/v2\/media\/262680"}],"wp:attachment":[{"href":"https:\/\/webdesi-gn.fr\/dev_deltalabo\/wp-json\/wp\/v2\/media?parent=262574"}],"wp:term":[{"taxonomy":"domaine","embeddable":true,"href":"https:\/\/webdesi-gn.fr\/dev_deltalabo\/wp-json\/wp\/v2\/domaine?post=262574"},{"taxonomy":"normes","embeddable":true,"href":"https:\/\/webdesi-gn.fr\/dev_deltalabo\/wp-json\/wp\/v2\/normes?post=262574"},{"taxonomy":"product_brand","embeddable":true,"href":"https:\/\/webdesi-gn.fr\/dev_deltalabo\/wp-json\/wp\/v2\/product_brand?post=262574"},{"taxonomy":"product_cat","embeddable":true,"href":"https:\/\/webdesi-gn.fr\/dev_deltalabo\/wp-json\/wp\/v2\/product_cat?post=262574"},{"taxonomy":"product_tag","embeddable":true,"href":"https:\/\/webdesi-gn.fr\/dev_deltalabo\/wp-json\/wp\/v2\/product_tag?post=262574"}],"curies":[{"name":"wp","href":"https:\/\/api.w.org\/{rel}","templated":true}]}}