{"id":262586,"date":"2025-11-24T15:13:11","date_gmt":"2025-11-24T14:13:11","guid":{"rendered":"https:\/\/webdesi-gn.fr\/dev_deltalabo\/?post_type=product&#038;p=262586"},"modified":"2026-03-27T10:09:56","modified_gmt":"2026-03-27T09:09:56","slug":"densimetres-automatiques-kyoto-da-860-850-840","status":"publish","type":"product","link":"https:\/\/webdesi-gn.fr\/dev_deltalabo\/produits\/cosmetique-huile-essentielle\/densimetre\/densimetres-automatiques-kyoto-da-860-850-840\/","title":{"rendered":"Densim\u00e8tres automatiques Kyoto DA-860\/850\/840"},"content":{"rendered":"","protected":false},"excerpt":{"rendered":"<p><strong>Densim\u00e8tres automatiques Kyoto DA-860\/850\/840 :<\/strong><\/p>\n<p>Les densim\u00e8tres automatiques Kyoto DA-860 \/ 850 \/ 840 mesurent la densit\u00e9 d&rsquo;\u00e9chantillons liquides \u00e0 l&rsquo;aide d&rsquo;un capteur oscillant qui d\u00e9termine la fr\u00e9quence de r\u00e9sonance.<\/p>\n<p>Ils sont \u00e9quip\u00e9s d&rsquo;une fonction de stabilisation de la temp\u00e9rature int\u00e9gr\u00e9e. La mesure peut \u00eatre effectu\u00e9e avec seulement 1 ml d&rsquo;\u00e9chantillon et en seulement 10 secondes pour un \u00e9chantillon \u00e0 temp\u00e9rature stabilis\u00e9e.<\/p>\n<p>Les densim\u00e8tres automatiques Kyoto DA-860 \/ 850 \/ 840 contiennent \u00e9galement une cam\u00e9ra permettant de voir l&rsquo;int\u00e9rieur de la cellule de mesure, ce qui am\u00e9liore la fiabilit\u00e9, la commodit\u00e9 et l&rsquo;efficacit\u00e9.<\/p>\n<p>Ils sont conformes aux normes ASTM D1250, ASTM D4052, ASTM D5002, ASTM D5798, ASTM D5931, ISO12185, ISO15212 et DIN 51757.<\/p>\n<p><strong>T\u00e9l\u00e9charger la brochure produit :<\/strong> <a href=\"https:\/\/www.deltalabo.fr\/wp-content\/uploads\/2025\/08\/DA-860-DA-850-DA-840-brochure-engl-DL.pdf\">Densim\u00e8tres automatiques Kyoto DA-860\/850\/840<\/a><\/p>\n","protected":false},"featured_media":262683,"template":"","meta":{"_acf_changed":false,"site-sidebar-layout":"default","site-content-layout":"","ast-site-content-layout":"default","site-content-style":"default","site-sidebar-style":"default","ast-global-header-display":"","ast-banner-title-visibility":"","ast-main-header-display":"","ast-hfb-above-header-display":"","ast-hfb-below-header-display":"","ast-hfb-mobile-header-display":"","site-post-title":"","ast-breadcrumbs-content":"","ast-featured-img":"","footer-sml-layout":"","ast-disable-related-posts":"","theme-transparent-header-meta":"default","adv-header-id-meta":"","stick-header-meta":"","header-above-stick-meta":"","header-main-stick-meta":"","header-below-stick-meta":"","astra-migrate-meta-layouts":"set","ast-page-background-enabled":"default","ast-page-background-meta":{"desktop":{"background-color":"var(--ast-global-color-5)","background-image":"","background-repeat":"repeat","background-position":"center center","background-size":"auto","background-attachment":"scroll","background-type":"","background-media":"","overlay-type":"","overlay-color":"","overlay-opacity":"","overlay-gradient":""},"tablet":{"background-color":"","background-image":"","background-repeat":"repeat","background-position":"center center","background-size":"auto","background-attachment":"scroll","background-type":"","background-media":"","overlay-type":"","overlay-color":"","overlay-opacity":"","overlay-gradient":""},"mobile":{"background-color":"","background-image":"","background-repeat":"repeat","background-position":"center center","background-size":"auto","background-attachment":"scroll","background-type":"","background-media":"","overlay-type":"","overlay-color":"","overlay-opacity":"","overlay-gradient":""}},"ast-content-background-meta":{"desktop":{"background-color":"var(--ast-global-color-4)","background-image":"","background-repeat":"repeat","background-position":"center center","background-size":"auto","background-attachment":"scroll","background-type":"","background-media":"","overlay-type":"","overlay-color":"","overlay-opacity":"","overlay-gradient":""},"tablet":{"background-color":"var(--ast-global-color-4)","background-image":"","background-repeat":"repeat","background-position":"center center","background-size":"auto","background-attachment":"scroll","background-type":"","background-media":"","overlay-type":"","overlay-color":"","overlay-opacity":"","overlay-gradient":""},"mobile":{"background-color":"var(--ast-global-color-4)","background-image":"","background-repeat":"repeat","background-position":"center center","background-size":"auto","background-attachment":"scroll","background-type":"","background-media":"","overlay-type":"","overlay-color":"","overlay-opacity":"","overlay-gradient":""}}},"domaine":[],"normes":[3332,17100],"product_brand":[],"product_cat":[17192,17224,17922,17935,17193,17194,17198,17199],"product_tag":[],"class_list":{"0":"post-262586","1":"product","2":"type-product","3":"status-publish","4":"has-post-thumbnail","6":"normes-d4052","7":"normes-iso-15212","8":"product_cat-carbureacteurs-saf","9":"product_cat-densimetre","10":"product_cat-densimetre-pharmacie-biochimie","11":"product_cat-densimetre-agro-alimentaire-boissons","12":"product_cat-diesel-gazole","13":"product_cat-essence","14":"product_cat-lubrifiants-huiles","15":"product_cat-petrole-brut","16":"desktop-align-left","17":"tablet-align-left","18":"mobile-align-left","20":"first","21":"instock","22":"shipping-taxable","23":"product-type-simple"},"acf":[],"yoast_head":"<!-- This site is optimized with the Yoast SEO plugin v27.4 - https:\/\/yoast.com\/product\/yoast-seo-wordpress\/ -->\n<title>Densim\u00e8tres automatiques Kyoto DA-860\/850\/840 | DeltaLabo<\/title>\n<meta name=\"robots\" content=\"noindex, follow, max-snippet:-1, max-image-preview:large, max-video-preview:-1\" \/>\n<meta property=\"og:locale\" content=\"fr_FR\" \/>\n<meta property=\"og:type\" content=\"article\" \/>\n<meta property=\"og:title\" content=\"Densim\u00e8tres automatiques Kyoto DA-860\/850\/840 | DeltaLabo\" \/>\n<meta property=\"og:description\" content=\"Densim\u00e8tres automatiques Kyoto DA-860\/850\/840 :  Les densim\u00e8tres automatiques Kyoto DA-860 \/ 850 \/ 840 mesurent la densit\u00e9 d&#039;\u00e9chantillons liquides \u00e0 l&#039;aide d&#039;un capteur oscillant qui d\u00e9termine la fr\u00e9quence de r\u00e9sonance.  Ils sont \u00e9quip\u00e9s d&#039;une fonction de stabilisation de la temp\u00e9rature int\u00e9gr\u00e9e. La mesure peut \u00eatre effectu\u00e9e avec seulement 1 ml d&#039;\u00e9chantillon et en seulement 10 secondes pour un \u00e9chantillon \u00e0 temp\u00e9rature stabilis\u00e9e.  Les densim\u00e8tres automatiques Kyoto DA-860 \/ 850 \/ 840 contiennent \u00e9galement une cam\u00e9ra permettant de voir l&#039;int\u00e9rieur de la cellule de mesure, ce qui am\u00e9liore la fiabilit\u00e9, la commodit\u00e9 et l&#039;efficacit\u00e9.  Ils sont conformes aux normes ASTM D1250, ASTM D4052, ASTM D5002, ASTM D5798, ASTM D5931, ISO12185, ISO15212 et DIN 51757.  T\u00e9l\u00e9charger la brochure produit : Densim\u00e8tres automatiques Kyoto DA-860\/850\/840\" \/>\n<meta property=\"og:url\" content=\"https:\/\/webdesi-gn.fr\/dev_deltalabo\/produits\/cosmetique-huile-essentielle\/densimetre\/densimetres-automatiques-kyoto-da-860-850-840\/\" \/>\n<meta property=\"og:site_name\" content=\"DeltaLabo\" \/>\n<meta property=\"article:modified_time\" content=\"2026-03-27T09:09:56+00:00\" \/>\n<meta property=\"og:image\" content=\"https:\/\/webdesi-gn.fr\/dev_deltalabo\/wp-content\/uploads\/2025\/11\/DELTA-LABO-Densimetre-automatique-Kyoto-DA-860-850-840-scaled-1.png\" \/>\n\t<meta property=\"og:image:width\" content=\"2560\" \/>\n\t<meta property=\"og:image:height\" content=\"1263\" \/>\n\t<meta property=\"og:image:type\" content=\"image\/png\" \/>\n<meta name=\"twitter:card\" content=\"summary_large_image\" \/>\n<meta name=\"twitter:label1\" content=\"Dur\u00e9e de lecture estim\u00e9e\" \/>\n\t<meta name=\"twitter:data1\" content=\"1 minute\" \/>\n<script type=\"application\/ld+json\" class=\"yoast-schema-graph\">{\"@context\":\"https:\\\/\\\/schema.org\",\"@graph\":[{\"@type\":\"WebPage\",\"@id\":\"https:\\\/\\\/webdesi-gn.fr\\\/dev_deltalabo\\\/produits\\\/cosmetique-huile-essentielle\\\/densimetre\\\/densimetres-automatiques-kyoto-da-860-850-840\\\/\",\"url\":\"https:\\\/\\\/webdesi-gn.fr\\\/dev_deltalabo\\\/produits\\\/cosmetique-huile-essentielle\\\/densimetre\\\/densimetres-automatiques-kyoto-da-860-850-840\\\/\",\"name\":\"Densim\u00e8tres automatiques Kyoto DA-860\\\/850\\\/840 | DeltaLabo\",\"isPartOf\":{\"@id\":\"https:\\\/\\\/webdesi-gn.fr\\\/dev_deltalabo\\\/#website\"},\"primaryImageOfPage\":{\"@id\":\"https:\\\/\\\/webdesi-gn.fr\\\/dev_deltalabo\\\/produits\\\/cosmetique-huile-essentielle\\\/densimetre\\\/densimetres-automatiques-kyoto-da-860-850-840\\\/#primaryimage\"},\"image\":{\"@id\":\"https:\\\/\\\/webdesi-gn.fr\\\/dev_deltalabo\\\/produits\\\/cosmetique-huile-essentielle\\\/densimetre\\\/densimetres-automatiques-kyoto-da-860-850-840\\\/#primaryimage\"},\"thumbnailUrl\":\"https:\\\/\\\/webdesi-gn.fr\\\/dev_deltalabo\\\/wp-content\\\/uploads\\\/2025\\\/11\\\/DELTA-LABO-Densimetre-automatique-Kyoto-DA-860-850-840-scaled-1.png\",\"datePublished\":\"2025-11-24T14:13:11+00:00\",\"dateModified\":\"2026-03-27T09:09:56+00:00\",\"breadcrumb\":{\"@id\":\"https:\\\/\\\/webdesi-gn.fr\\\/dev_deltalabo\\\/produits\\\/cosmetique-huile-essentielle\\\/densimetre\\\/densimetres-automatiques-kyoto-da-860-850-840\\\/#breadcrumb\"},\"inLanguage\":\"fr-FR\",\"potentialAction\":[{\"@type\":\"ReadAction\",\"target\":[\"https:\\\/\\\/webdesi-gn.fr\\\/dev_deltalabo\\\/produits\\\/cosmetique-huile-essentielle\\\/densimetre\\\/densimetres-automatiques-kyoto-da-860-850-840\\\/\"]}]},{\"@type\":\"ImageObject\",\"inLanguage\":\"fr-FR\",\"@id\":\"https:\\\/\\\/webdesi-gn.fr\\\/dev_deltalabo\\\/produits\\\/cosmetique-huile-essentielle\\\/densimetre\\\/densimetres-automatiques-kyoto-da-860-850-840\\\/#primaryimage\",\"url\":\"https:\\\/\\\/webdesi-gn.fr\\\/dev_deltalabo\\\/wp-content\\\/uploads\\\/2025\\\/11\\\/DELTA-LABO-Densimetre-automatique-Kyoto-DA-860-850-840-scaled-1.png\",\"contentUrl\":\"https:\\\/\\\/webdesi-gn.fr\\\/dev_deltalabo\\\/wp-content\\\/uploads\\\/2025\\\/11\\\/DELTA-LABO-Densimetre-automatique-Kyoto-DA-860-850-840-scaled-1.png\",\"width\":2560,\"height\":1263},{\"@type\":\"BreadcrumbList\",\"@id\":\"https:\\\/\\\/webdesi-gn.fr\\\/dev_deltalabo\\\/produits\\\/cosmetique-huile-essentielle\\\/densimetre\\\/densimetres-automatiques-kyoto-da-860-850-840\\\/#breadcrumb\",\"itemListElement\":[{\"@type\":\"ListItem\",\"position\":1,\"name\":\"Accueil\",\"item\":\"https:\\\/\\\/webdesi-gn.fr\\\/dev_deltalabo\\\/\"},{\"@type\":\"ListItem\",\"position\":2,\"name\":\"Produits\",\"item\":\"https:\\\/\\\/webdesi-gn.fr\\\/dev_deltalabo\\\/produits\\\/\"},{\"@type\":\"ListItem\",\"position\":3,\"name\":\"Densim\u00e8tres automatiques Kyoto DA-860\\\/850\\\/840\"}]},{\"@type\":\"WebSite\",\"@id\":\"https:\\\/\\\/webdesi-gn.fr\\\/dev_deltalabo\\\/#website\",\"url\":\"https:\\\/\\\/webdesi-gn.fr\\\/dev_deltalabo\\\/\",\"name\":\"Delta Labo\",\"description\":\"Un site utilisant WordPress\",\"publisher\":{\"@id\":\"https:\\\/\\\/webdesi-gn.fr\\\/dev_deltalabo\\\/#organization\"},\"alternateName\":\"Delta Labo\",\"potentialAction\":[{\"@type\":\"SearchAction\",\"target\":{\"@type\":\"EntryPoint\",\"urlTemplate\":\"https:\\\/\\\/webdesi-gn.fr\\\/dev_deltalabo\\\/?s={search_term_string}\"},\"query-input\":{\"@type\":\"PropertyValueSpecification\",\"valueRequired\":true,\"valueName\":\"search_term_string\"}}],\"inLanguage\":\"fr-FR\"},{\"@type\":\"Organization\",\"@id\":\"https:\\\/\\\/webdesi-gn.fr\\\/dev_deltalabo\\\/#organization\",\"name\":\"DeltaLabo\",\"url\":\"https:\\\/\\\/webdesi-gn.fr\\\/dev_deltalabo\\\/\",\"logo\":{\"@type\":\"ImageObject\",\"inLanguage\":\"fr-FR\",\"@id\":\"https:\\\/\\\/webdesi-gn.fr\\\/dev_deltalabo\\\/#\\\/schema\\\/logo\\\/image\\\/\",\"url\":\"https:\\\/\\\/webdesi-gn.fr\\\/dev_deltalabo\\\/wp-content\\\/uploads\\\/2022\\\/07\\\/logo-deltalabo.png\",\"contentUrl\":\"https:\\\/\\\/webdesi-gn.fr\\\/dev_deltalabo\\\/wp-content\\\/uploads\\\/2022\\\/07\\\/logo-deltalabo.png\",\"width\":694,\"height\":306,\"caption\":\"DeltaLabo\"},\"image\":{\"@id\":\"https:\\\/\\\/webdesi-gn.fr\\\/dev_deltalabo\\\/#\\\/schema\\\/logo\\\/image\\\/\"}}]}<\/script>\n<!-- \/ Yoast SEO plugin. -->","yoast_head_json":{"title":"Densim\u00e8tres automatiques Kyoto DA-860\/850\/840 | DeltaLabo","robots":{"index":"noindex","follow":"follow","max-snippet":"max-snippet:-1","max-image-preview":"max-image-preview:large","max-video-preview":"max-video-preview:-1"},"og_locale":"fr_FR","og_type":"article","og_title":"Densim\u00e8tres automatiques Kyoto DA-860\/850\/840 | DeltaLabo","og_description":"Densim\u00e8tres automatiques Kyoto DA-860\/850\/840 :  Les densim\u00e8tres automatiques Kyoto DA-860 \/ 850 \/ 840 mesurent la densit\u00e9 d'\u00e9chantillons liquides \u00e0 l'aide d'un capteur oscillant qui d\u00e9termine la fr\u00e9quence de r\u00e9sonance.  Ils sont \u00e9quip\u00e9s d'une fonction de stabilisation de la temp\u00e9rature int\u00e9gr\u00e9e. La mesure peut \u00eatre effectu\u00e9e avec seulement 1 ml d'\u00e9chantillon et en seulement 10 secondes pour un \u00e9chantillon \u00e0 temp\u00e9rature stabilis\u00e9e.  Les densim\u00e8tres automatiques Kyoto DA-860 \/ 850 \/ 840 contiennent \u00e9galement une cam\u00e9ra permettant de voir l'int\u00e9rieur de la cellule de mesure, ce qui am\u00e9liore la fiabilit\u00e9, la commodit\u00e9 et l'efficacit\u00e9.  Ils sont conformes aux normes ASTM D1250, ASTM D4052, ASTM D5002, ASTM D5798, ASTM D5931, ISO12185, ISO15212 et DIN 51757.  T\u00e9l\u00e9charger la brochure produit : Densim\u00e8tres automatiques Kyoto DA-860\/850\/840","og_url":"https:\/\/webdesi-gn.fr\/dev_deltalabo\/produits\/cosmetique-huile-essentielle\/densimetre\/densimetres-automatiques-kyoto-da-860-850-840\/","og_site_name":"DeltaLabo","article_modified_time":"2026-03-27T09:09:56+00:00","og_image":[{"width":2560,"height":1263,"url":"https:\/\/webdesi-gn.fr\/dev_deltalabo\/wp-content\/uploads\/2025\/11\/DELTA-LABO-Densimetre-automatique-Kyoto-DA-860-850-840-scaled-1.png","type":"image\/png"}],"twitter_card":"summary_large_image","twitter_misc":{"Dur\u00e9e de lecture estim\u00e9e":"1 minute"},"schema":{"@context":"https:\/\/schema.org","@graph":[{"@type":"WebPage","@id":"https:\/\/webdesi-gn.fr\/dev_deltalabo\/produits\/cosmetique-huile-essentielle\/densimetre\/densimetres-automatiques-kyoto-da-860-850-840\/","url":"https:\/\/webdesi-gn.fr\/dev_deltalabo\/produits\/cosmetique-huile-essentielle\/densimetre\/densimetres-automatiques-kyoto-da-860-850-840\/","name":"Densim\u00e8tres automatiques Kyoto DA-860\/850\/840 | DeltaLabo","isPartOf":{"@id":"https:\/\/webdesi-gn.fr\/dev_deltalabo\/#website"},"primaryImageOfPage":{"@id":"https:\/\/webdesi-gn.fr\/dev_deltalabo\/produits\/cosmetique-huile-essentielle\/densimetre\/densimetres-automatiques-kyoto-da-860-850-840\/#primaryimage"},"image":{"@id":"https:\/\/webdesi-gn.fr\/dev_deltalabo\/produits\/cosmetique-huile-essentielle\/densimetre\/densimetres-automatiques-kyoto-da-860-850-840\/#primaryimage"},"thumbnailUrl":"https:\/\/webdesi-gn.fr\/dev_deltalabo\/wp-content\/uploads\/2025\/11\/DELTA-LABO-Densimetre-automatique-Kyoto-DA-860-850-840-scaled-1.png","datePublished":"2025-11-24T14:13:11+00:00","dateModified":"2026-03-27T09:09:56+00:00","breadcrumb":{"@id":"https:\/\/webdesi-gn.fr\/dev_deltalabo\/produits\/cosmetique-huile-essentielle\/densimetre\/densimetres-automatiques-kyoto-da-860-850-840\/#breadcrumb"},"inLanguage":"fr-FR","potentialAction":[{"@type":"ReadAction","target":["https:\/\/webdesi-gn.fr\/dev_deltalabo\/produits\/cosmetique-huile-essentielle\/densimetre\/densimetres-automatiques-kyoto-da-860-850-840\/"]}]},{"@type":"ImageObject","inLanguage":"fr-FR","@id":"https:\/\/webdesi-gn.fr\/dev_deltalabo\/produits\/cosmetique-huile-essentielle\/densimetre\/densimetres-automatiques-kyoto-da-860-850-840\/#primaryimage","url":"https:\/\/webdesi-gn.fr\/dev_deltalabo\/wp-content\/uploads\/2025\/11\/DELTA-LABO-Densimetre-automatique-Kyoto-DA-860-850-840-scaled-1.png","contentUrl":"https:\/\/webdesi-gn.fr\/dev_deltalabo\/wp-content\/uploads\/2025\/11\/DELTA-LABO-Densimetre-automatique-Kyoto-DA-860-850-840-scaled-1.png","width":2560,"height":1263},{"@type":"BreadcrumbList","@id":"https:\/\/webdesi-gn.fr\/dev_deltalabo\/produits\/cosmetique-huile-essentielle\/densimetre\/densimetres-automatiques-kyoto-da-860-850-840\/#breadcrumb","itemListElement":[{"@type":"ListItem","position":1,"name":"Accueil","item":"https:\/\/webdesi-gn.fr\/dev_deltalabo\/"},{"@type":"ListItem","position":2,"name":"Produits","item":"https:\/\/webdesi-gn.fr\/dev_deltalabo\/produits\/"},{"@type":"ListItem","position":3,"name":"Densim\u00e8tres automatiques Kyoto DA-860\/850\/840"}]},{"@type":"WebSite","@id":"https:\/\/webdesi-gn.fr\/dev_deltalabo\/#website","url":"https:\/\/webdesi-gn.fr\/dev_deltalabo\/","name":"Delta Labo","description":"Un site utilisant WordPress","publisher":{"@id":"https:\/\/webdesi-gn.fr\/dev_deltalabo\/#organization"},"alternateName":"Delta Labo","potentialAction":[{"@type":"SearchAction","target":{"@type":"EntryPoint","urlTemplate":"https:\/\/webdesi-gn.fr\/dev_deltalabo\/?s={search_term_string}"},"query-input":{"@type":"PropertyValueSpecification","valueRequired":true,"valueName":"search_term_string"}}],"inLanguage":"fr-FR"},{"@type":"Organization","@id":"https:\/\/webdesi-gn.fr\/dev_deltalabo\/#organization","name":"DeltaLabo","url":"https:\/\/webdesi-gn.fr\/dev_deltalabo\/","logo":{"@type":"ImageObject","inLanguage":"fr-FR","@id":"https:\/\/webdesi-gn.fr\/dev_deltalabo\/#\/schema\/logo\/image\/","url":"https:\/\/webdesi-gn.fr\/dev_deltalabo\/wp-content\/uploads\/2022\/07\/logo-deltalabo.png","contentUrl":"https:\/\/webdesi-gn.fr\/dev_deltalabo\/wp-content\/uploads\/2022\/07\/logo-deltalabo.png","width":694,"height":306,"caption":"DeltaLabo"},"image":{"@id":"https:\/\/webdesi-gn.fr\/dev_deltalabo\/#\/schema\/logo\/image\/"}}]}},"_links":{"self":[{"href":"https:\/\/webdesi-gn.fr\/dev_deltalabo\/wp-json\/wp\/v2\/product\/262586","targetHints":{"allow":["GET"]}}],"collection":[{"href":"https:\/\/webdesi-gn.fr\/dev_deltalabo\/wp-json\/wp\/v2\/product"}],"about":[{"href":"https:\/\/webdesi-gn.fr\/dev_deltalabo\/wp-json\/wp\/v2\/types\/product"}],"wp:featuredmedia":[{"embeddable":true,"href":"https:\/\/webdesi-gn.fr\/dev_deltalabo\/wp-json\/wp\/v2\/media\/262683"}],"wp:attachment":[{"href":"https:\/\/webdesi-gn.fr\/dev_deltalabo\/wp-json\/wp\/v2\/media?parent=262586"}],"wp:term":[{"taxonomy":"domaine","embeddable":true,"href":"https:\/\/webdesi-gn.fr\/dev_deltalabo\/wp-json\/wp\/v2\/domaine?post=262586"},{"taxonomy":"normes","embeddable":true,"href":"https:\/\/webdesi-gn.fr\/dev_deltalabo\/wp-json\/wp\/v2\/normes?post=262586"},{"taxonomy":"product_brand","embeddable":true,"href":"https:\/\/webdesi-gn.fr\/dev_deltalabo\/wp-json\/wp\/v2\/product_brand?post=262586"},{"taxonomy":"product_cat","embeddable":true,"href":"https:\/\/webdesi-gn.fr\/dev_deltalabo\/wp-json\/wp\/v2\/product_cat?post=262586"},{"taxonomy":"product_tag","embeddable":true,"href":"https:\/\/webdesi-gn.fr\/dev_deltalabo\/wp-json\/wp\/v2\/product_tag?post=262586"}],"curies":[{"name":"wp","href":"https:\/\/api.w.org\/{rel}","templated":true}]}}