{"id":262597,"date":"2025-11-24T15:13:35","date_gmt":"2025-11-24T14:13:35","guid":{"rendered":"https:\/\/webdesi-gn.fr\/dev_deltalabo\/?post_type=product&#038;p=262597"},"modified":"2025-11-24T15:17:09","modified_gmt":"2025-11-24T14:17:09","slug":"analyseur-de-volume-de-gaz-kyoto-gva-700","status":"publish","type":"product","link":"https:\/\/webdesi-gn.fr\/dev_deltalabo\/produits\/categories\/analyseur-de-volume-de-gaz-kyoto-gva-700\/","title":{"rendered":"Analyseur de volume de gaz Kyoto &#8211; GVA-700"},"content":{"rendered":"","protected":false},"excerpt":{"rendered":"<p><strong>Analyseur de volume de gaz Kyoto &#8211; GVA-700 :<\/strong><\/p>\n<p>L&rsquo;analyseur de volume de gaz Kyoto &#8211; GVA-700 mesure automatiquement le volume de gaz, la pression interne du gaz, la teneur en air et la concentration en oxyg\u00e8ne pour le contr\u00f4le qualit\u00e9 dans le processus d&#8217;embouteillage des boissons gazeuses.<\/p>\n<p>Il suffit de placer un r\u00e9cipient d&rsquo;\u00e9chantillon sur son support d&rsquo;\u00e9chantillon pour que toutes les proc\u00e9dures soient effectu\u00e9es automatiquement : perforation, d\u00e9pressurisation, agitation de l&rsquo;\u00e9chantillon, absorption du gaz de mesure, etc&#8230;La pression d&rsquo;\u00e9quilibre du gaz et la temp\u00e9rature de l&rsquo;\u00e9chantillon dans le r\u00e9cipient sont mesur\u00e9es et calcul\u00e9es. Les concentrations d&rsquo;air et d&rsquo;oxyg\u00e8ne sont affich\u00e9es sur l&rsquo;\u00e9cran.<\/p>\n<p>1) Pression : 55 \u00e0 10 cmHg et 9,8 kPa \u00e0 0,490 MPa (0,1 \u00e0 5,0 kgf\/cm\u00b2G)<br \/>\n2) Temp\u00e9rature : 0 \u00e0 50\u00b0C<br \/>\n3) Volume de gaz r\u00e9siduel : 0 \u00e0 30 ml<br \/>\n4) Concentration en oxyg\u00e8ne : 0 \u00e0 21% en volume<\/p>\n<p><strong>T\u00e9l\u00e9charger la brochure produit :<\/strong> <a href=\"https:\/\/www.deltalabo.fr\/wp-content\/uploads\/2025\/08\/Doc-GVA-700-engl-DL-2021-1.pdf\">analyseur de volume de gaz Kyoto &#8211; GVA-700<\/a><\/p>\n","protected":false},"featured_media":262692,"template":"","meta":{"_acf_changed":false,"site-sidebar-layout":"default","site-content-layout":"","ast-site-content-layout":"default","site-content-style":"default","site-sidebar-style":"default","ast-global-header-display":"","ast-banner-title-visibility":"","ast-main-header-display":"","ast-hfb-above-header-display":"","ast-hfb-below-header-display":"","ast-hfb-mobile-header-display":"","site-post-title":"","ast-breadcrumbs-content":"","ast-featured-img":"","footer-sml-layout":"","ast-disable-related-posts":"","theme-transparent-header-meta":"","adv-header-id-meta":"","stick-header-meta":"","header-above-stick-meta":"","header-main-stick-meta":"","header-below-stick-meta":"","astra-migrate-meta-layouts":"default","ast-page-background-enabled":"default","ast-page-background-meta":{"desktop":{"background-color":"var(--ast-global-color-5)","background-image":"","background-repeat":"repeat","background-position":"center center","background-size":"auto","background-attachment":"scroll","background-type":"","background-media":"","overlay-type":"","overlay-color":"","overlay-opacity":"","overlay-gradient":""},"tablet":{"background-color":"","background-image":"","background-repeat":"repeat","background-position":"center center","background-size":"auto","background-attachment":"scroll","background-type":"","background-media":"","overlay-type":"","overlay-color":"","overlay-opacity":"","overlay-gradient":""},"mobile":{"background-color":"","background-image":"","background-repeat":"repeat","background-position":"center center","background-size":"auto","background-attachment":"scroll","background-type":"","background-media":"","overlay-type":"","overlay-color":"","overlay-opacity":"","overlay-gradient":""}},"ast-content-background-meta":{"desktop":{"background-color":"var(--ast-global-color-4)","background-image":"","background-repeat":"repeat","background-position":"center center","background-size":"auto","background-attachment":"scroll","background-type":"","background-media":"","overlay-type":"","overlay-color":"","overlay-opacity":"","overlay-gradient":""},"tablet":{"background-color":"var(--ast-global-color-4)","background-image":"","background-repeat":"repeat","background-position":"center center","background-size":"auto","background-attachment":"scroll","background-type":"","background-media":"","overlay-type":"","overlay-color":"","overlay-opacity":"","overlay-gradient":""},"mobile":{"background-color":"var(--ast-global-color-4)","background-image":"","background-repeat":"repeat","background-position":"center center","background-size":"auto","background-attachment":"scroll","background-type":"","background-media":"","overlay-type":"","overlay-color":"","overlay-opacity":"","overlay-gradient":""}}},"domaine":[],"normes":[],"product_brand":[],"product_cat":[17240],"product_tag":[],"class_list":{"0":"post-262597","1":"product","2":"type-product","3":"status-publish","4":"has-post-thumbnail","6":"product_cat-categories","7":"desktop-align-left","8":"tablet-align-left","9":"mobile-align-left","11":"first","12":"instock","13":"shipping-taxable","14":"product-type-simple"},"acf":[],"yoast_head":"<!-- This site is optimized with the Yoast SEO plugin v27.4 - https:\/\/yoast.com\/product\/yoast-seo-wordpress\/ -->\n<title>Analyseur de volume de gaz Kyoto - GVA-700 | DeltaLabo<\/title>\n<meta name=\"robots\" content=\"noindex, follow, max-snippet:-1, max-image-preview:large, max-video-preview:-1\" \/>\n<meta property=\"og:locale\" content=\"fr_FR\" \/>\n<meta property=\"og:type\" content=\"article\" \/>\n<meta property=\"og:title\" content=\"Analyseur de volume de gaz Kyoto - GVA-700 | DeltaLabo\" \/>\n<meta property=\"og:description\" content=\"Analyseur de volume de gaz Kyoto - GVA-700 :  L&#039;analyseur de volume de gaz Kyoto - GVA-700 mesure automatiquement le volume de gaz, la pression interne du gaz, la teneur en air et la concentration en oxyg\u00e8ne pour le contr\u00f4le qualit\u00e9 dans le processus d&#039;embouteillage des boissons gazeuses.  Il suffit de placer un r\u00e9cipient d&#039;\u00e9chantillon sur son support d&#039;\u00e9chantillon pour que toutes les proc\u00e9dures soient effectu\u00e9es automatiquement : perforation, d\u00e9pressurisation, agitation de l&#039;\u00e9chantillon, absorption du gaz de mesure, etc...La pression d&#039;\u00e9quilibre du gaz et la temp\u00e9rature de l&#039;\u00e9chantillon dans le r\u00e9cipient sont mesur\u00e9es et calcul\u00e9es. Les concentrations d&#039;air et d&#039;oxyg\u00e8ne sont affich\u00e9es sur l&#039;\u00e9cran.  1) Pression : 55 \u00e0 10 cmHg et 9,8 kPa \u00e0 0,490 MPa (0,1 \u00e0 5,0 kgf\/cm\u00b2G) 2) Temp\u00e9rature : 0 \u00e0 50\u00b0C 3) Volume de gaz r\u00e9siduel : 0 \u00e0 30 ml 4) Concentration en oxyg\u00e8ne : 0 \u00e0 21% en volume  T\u00e9l\u00e9charger la brochure produit : analyseur de volume de gaz Kyoto - GVA-700\" \/>\n<meta property=\"og:url\" content=\"https:\/\/webdesi-gn.fr\/dev_deltalabo\/produits\/cat-produit\/analyseur-de-volume-de-gaz-kyoto-gva-700\/\" \/>\n<meta property=\"og:site_name\" content=\"DeltaLabo\" \/>\n<meta property=\"article:modified_time\" content=\"2025-11-24T14:17:09+00:00\" \/>\n<meta property=\"og:image\" content=\"https:\/\/webdesi-gn.fr\/dev_deltalabo\/wp-content\/uploads\/2022\/01\/laboratory-g43d8b3442_1280.jpg\" \/>\n\t<meta property=\"og:image:width\" content=\"1280\" \/>\n\t<meta property=\"og:image:height\" content=\"853\" \/>\n\t<meta property=\"og:image:type\" content=\"image\/jpeg\" \/>\n<meta name=\"twitter:card\" content=\"summary_large_image\" \/>\n<script type=\"application\/ld+json\" class=\"yoast-schema-graph\">{\"@context\":\"https:\\\/\\\/schema.org\",\"@graph\":[{\"@type\":\"WebPage\",\"@id\":\"https:\\\/\\\/webdesi-gn.fr\\\/dev_deltalabo\\\/produits\\\/cat-produit\\\/analyseur-de-volume-de-gaz-kyoto-gva-700\\\/\",\"url\":\"https:\\\/\\\/webdesi-gn.fr\\\/dev_deltalabo\\\/produits\\\/cat-produit\\\/analyseur-de-volume-de-gaz-kyoto-gva-700\\\/\",\"name\":\"Analyseur de volume de gaz Kyoto - GVA-700 | DeltaLabo\",\"isPartOf\":{\"@id\":\"https:\\\/\\\/webdesi-gn.fr\\\/dev_deltalabo\\\/#website\"},\"primaryImageOfPage\":{\"@id\":\"https:\\\/\\\/webdesi-gn.fr\\\/dev_deltalabo\\\/produits\\\/cat-produit\\\/analyseur-de-volume-de-gaz-kyoto-gva-700\\\/#primaryimage\"},\"image\":{\"@id\":\"https:\\\/\\\/webdesi-gn.fr\\\/dev_deltalabo\\\/produits\\\/cat-produit\\\/analyseur-de-volume-de-gaz-kyoto-gva-700\\\/#primaryimage\"},\"thumbnailUrl\":\"https:\\\/\\\/webdesi-gn.fr\\\/dev_deltalabo\\\/wp-content\\\/uploads\\\/2025\\\/11\\\/DELTA-LABO-analyseur-de-volume-de-gaz-Kyoto-GVA-700.png\",\"datePublished\":\"2025-11-24T14:13:35+00:00\",\"dateModified\":\"2025-11-24T14:17:09+00:00\",\"breadcrumb\":{\"@id\":\"https:\\\/\\\/webdesi-gn.fr\\\/dev_deltalabo\\\/produits\\\/cat-produit\\\/analyseur-de-volume-de-gaz-kyoto-gva-700\\\/#breadcrumb\"},\"inLanguage\":\"fr-FR\",\"potentialAction\":[{\"@type\":\"ReadAction\",\"target\":[\"https:\\\/\\\/webdesi-gn.fr\\\/dev_deltalabo\\\/produits\\\/cat-produit\\\/analyseur-de-volume-de-gaz-kyoto-gva-700\\\/\"]}]},{\"@type\":\"ImageObject\",\"inLanguage\":\"fr-FR\",\"@id\":\"https:\\\/\\\/webdesi-gn.fr\\\/dev_deltalabo\\\/produits\\\/cat-produit\\\/analyseur-de-volume-de-gaz-kyoto-gva-700\\\/#primaryimage\",\"url\":\"https:\\\/\\\/webdesi-gn.fr\\\/dev_deltalabo\\\/wp-content\\\/uploads\\\/2025\\\/11\\\/DELTA-LABO-analyseur-de-volume-de-gaz-Kyoto-GVA-700.png\",\"contentUrl\":\"https:\\\/\\\/webdesi-gn.fr\\\/dev_deltalabo\\\/wp-content\\\/uploads\\\/2025\\\/11\\\/DELTA-LABO-analyseur-de-volume-de-gaz-Kyoto-GVA-700.png\",\"width\":500,\"height\":380},{\"@type\":\"BreadcrumbList\",\"@id\":\"https:\\\/\\\/webdesi-gn.fr\\\/dev_deltalabo\\\/produits\\\/cat-produit\\\/analyseur-de-volume-de-gaz-kyoto-gva-700\\\/#breadcrumb\",\"itemListElement\":[{\"@type\":\"ListItem\",\"position\":1,\"name\":\"Accueil\",\"item\":\"https:\\\/\\\/webdesi-gn.fr\\\/dev_deltalabo\\\/\"},{\"@type\":\"ListItem\",\"position\":2,\"name\":\"Produits\",\"item\":\"https:\\\/\\\/webdesi-gn.fr\\\/dev_deltalabo\\\/produits\\\/\"},{\"@type\":\"ListItem\",\"position\":3,\"name\":\"Analyseur de volume de gaz Kyoto &#8211; GVA-700\"}]},{\"@type\":\"WebSite\",\"@id\":\"https:\\\/\\\/webdesi-gn.fr\\\/dev_deltalabo\\\/#website\",\"url\":\"https:\\\/\\\/webdesi-gn.fr\\\/dev_deltalabo\\\/\",\"name\":\"Delta Labo\",\"description\":\"Un site utilisant WordPress\",\"publisher\":{\"@id\":\"https:\\\/\\\/webdesi-gn.fr\\\/dev_deltalabo\\\/#organization\"},\"alternateName\":\"Delta Labo\",\"potentialAction\":[{\"@type\":\"SearchAction\",\"target\":{\"@type\":\"EntryPoint\",\"urlTemplate\":\"https:\\\/\\\/webdesi-gn.fr\\\/dev_deltalabo\\\/?s={search_term_string}\"},\"query-input\":{\"@type\":\"PropertyValueSpecification\",\"valueRequired\":true,\"valueName\":\"search_term_string\"}}],\"inLanguage\":\"fr-FR\"},{\"@type\":\"Organization\",\"@id\":\"https:\\\/\\\/webdesi-gn.fr\\\/dev_deltalabo\\\/#organization\",\"name\":\"DeltaLabo\",\"url\":\"https:\\\/\\\/webdesi-gn.fr\\\/dev_deltalabo\\\/\",\"logo\":{\"@type\":\"ImageObject\",\"inLanguage\":\"fr-FR\",\"@id\":\"https:\\\/\\\/webdesi-gn.fr\\\/dev_deltalabo\\\/#\\\/schema\\\/logo\\\/image\\\/\",\"url\":\"https:\\\/\\\/webdesi-gn.fr\\\/dev_deltalabo\\\/wp-content\\\/uploads\\\/2022\\\/07\\\/logo-deltalabo.png\",\"contentUrl\":\"https:\\\/\\\/webdesi-gn.fr\\\/dev_deltalabo\\\/wp-content\\\/uploads\\\/2022\\\/07\\\/logo-deltalabo.png\",\"width\":694,\"height\":306,\"caption\":\"DeltaLabo\"},\"image\":{\"@id\":\"https:\\\/\\\/webdesi-gn.fr\\\/dev_deltalabo\\\/#\\\/schema\\\/logo\\\/image\\\/\"}}]}<\/script>\n<!-- \/ Yoast SEO plugin. -->","yoast_head_json":{"title":"Analyseur de volume de gaz Kyoto - GVA-700 | DeltaLabo","robots":{"index":"noindex","follow":"follow","max-snippet":"max-snippet:-1","max-image-preview":"max-image-preview:large","max-video-preview":"max-video-preview:-1"},"og_locale":"fr_FR","og_type":"article","og_title":"Analyseur de volume de gaz Kyoto - GVA-700 | DeltaLabo","og_description":"Analyseur de volume de gaz Kyoto - GVA-700 :  L'analyseur de volume de gaz Kyoto - GVA-700 mesure automatiquement le volume de gaz, la pression interne du gaz, la teneur en air et la concentration en oxyg\u00e8ne pour le contr\u00f4le qualit\u00e9 dans le processus d'embouteillage des boissons gazeuses.  Il suffit de placer un r\u00e9cipient d'\u00e9chantillon sur son support d'\u00e9chantillon pour que toutes les proc\u00e9dures soient effectu\u00e9es automatiquement : perforation, d\u00e9pressurisation, agitation de l'\u00e9chantillon, absorption du gaz de mesure, etc...La pression d'\u00e9quilibre du gaz et la temp\u00e9rature de l'\u00e9chantillon dans le r\u00e9cipient sont mesur\u00e9es et calcul\u00e9es. Les concentrations d'air et d'oxyg\u00e8ne sont affich\u00e9es sur l'\u00e9cran.  1) Pression : 55 \u00e0 10 cmHg et 9,8 kPa \u00e0 0,490 MPa (0,1 \u00e0 5,0 kgf\/cm\u00b2G) 2) Temp\u00e9rature : 0 \u00e0 50\u00b0C 3) Volume de gaz r\u00e9siduel : 0 \u00e0 30 ml 4) Concentration en oxyg\u00e8ne : 0 \u00e0 21% en volume  T\u00e9l\u00e9charger la brochure produit : analyseur de volume de gaz Kyoto - GVA-700","og_url":"https:\/\/webdesi-gn.fr\/dev_deltalabo\/produits\/cat-produit\/analyseur-de-volume-de-gaz-kyoto-gva-700\/","og_site_name":"DeltaLabo","article_modified_time":"2025-11-24T14:17:09+00:00","og_image":[{"width":1280,"height":853,"url":"https:\/\/webdesi-gn.fr\/dev_deltalabo\/wp-content\/uploads\/2022\/01\/laboratory-g43d8b3442_1280.jpg","type":"image\/jpeg"}],"twitter_card":"summary_large_image","schema":{"@context":"https:\/\/schema.org","@graph":[{"@type":"WebPage","@id":"https:\/\/webdesi-gn.fr\/dev_deltalabo\/produits\/cat-produit\/analyseur-de-volume-de-gaz-kyoto-gva-700\/","url":"https:\/\/webdesi-gn.fr\/dev_deltalabo\/produits\/cat-produit\/analyseur-de-volume-de-gaz-kyoto-gva-700\/","name":"Analyseur de volume de gaz Kyoto - GVA-700 | DeltaLabo","isPartOf":{"@id":"https:\/\/webdesi-gn.fr\/dev_deltalabo\/#website"},"primaryImageOfPage":{"@id":"https:\/\/webdesi-gn.fr\/dev_deltalabo\/produits\/cat-produit\/analyseur-de-volume-de-gaz-kyoto-gva-700\/#primaryimage"},"image":{"@id":"https:\/\/webdesi-gn.fr\/dev_deltalabo\/produits\/cat-produit\/analyseur-de-volume-de-gaz-kyoto-gva-700\/#primaryimage"},"thumbnailUrl":"https:\/\/webdesi-gn.fr\/dev_deltalabo\/wp-content\/uploads\/2025\/11\/DELTA-LABO-analyseur-de-volume-de-gaz-Kyoto-GVA-700.png","datePublished":"2025-11-24T14:13:35+00:00","dateModified":"2025-11-24T14:17:09+00:00","breadcrumb":{"@id":"https:\/\/webdesi-gn.fr\/dev_deltalabo\/produits\/cat-produit\/analyseur-de-volume-de-gaz-kyoto-gva-700\/#breadcrumb"},"inLanguage":"fr-FR","potentialAction":[{"@type":"ReadAction","target":["https:\/\/webdesi-gn.fr\/dev_deltalabo\/produits\/cat-produit\/analyseur-de-volume-de-gaz-kyoto-gva-700\/"]}]},{"@type":"ImageObject","inLanguage":"fr-FR","@id":"https:\/\/webdesi-gn.fr\/dev_deltalabo\/produits\/cat-produit\/analyseur-de-volume-de-gaz-kyoto-gva-700\/#primaryimage","url":"https:\/\/webdesi-gn.fr\/dev_deltalabo\/wp-content\/uploads\/2025\/11\/DELTA-LABO-analyseur-de-volume-de-gaz-Kyoto-GVA-700.png","contentUrl":"https:\/\/webdesi-gn.fr\/dev_deltalabo\/wp-content\/uploads\/2025\/11\/DELTA-LABO-analyseur-de-volume-de-gaz-Kyoto-GVA-700.png","width":500,"height":380},{"@type":"BreadcrumbList","@id":"https:\/\/webdesi-gn.fr\/dev_deltalabo\/produits\/cat-produit\/analyseur-de-volume-de-gaz-kyoto-gva-700\/#breadcrumb","itemListElement":[{"@type":"ListItem","position":1,"name":"Accueil","item":"https:\/\/webdesi-gn.fr\/dev_deltalabo\/"},{"@type":"ListItem","position":2,"name":"Produits","item":"https:\/\/webdesi-gn.fr\/dev_deltalabo\/produits\/"},{"@type":"ListItem","position":3,"name":"Analyseur de volume de gaz Kyoto &#8211; GVA-700"}]},{"@type":"WebSite","@id":"https:\/\/webdesi-gn.fr\/dev_deltalabo\/#website","url":"https:\/\/webdesi-gn.fr\/dev_deltalabo\/","name":"Delta Labo","description":"Un site utilisant WordPress","publisher":{"@id":"https:\/\/webdesi-gn.fr\/dev_deltalabo\/#organization"},"alternateName":"Delta Labo","potentialAction":[{"@type":"SearchAction","target":{"@type":"EntryPoint","urlTemplate":"https:\/\/webdesi-gn.fr\/dev_deltalabo\/?s={search_term_string}"},"query-input":{"@type":"PropertyValueSpecification","valueRequired":true,"valueName":"search_term_string"}}],"inLanguage":"fr-FR"},{"@type":"Organization","@id":"https:\/\/webdesi-gn.fr\/dev_deltalabo\/#organization","name":"DeltaLabo","url":"https:\/\/webdesi-gn.fr\/dev_deltalabo\/","logo":{"@type":"ImageObject","inLanguage":"fr-FR","@id":"https:\/\/webdesi-gn.fr\/dev_deltalabo\/#\/schema\/logo\/image\/","url":"https:\/\/webdesi-gn.fr\/dev_deltalabo\/wp-content\/uploads\/2022\/07\/logo-deltalabo.png","contentUrl":"https:\/\/webdesi-gn.fr\/dev_deltalabo\/wp-content\/uploads\/2022\/07\/logo-deltalabo.png","width":694,"height":306,"caption":"DeltaLabo"},"image":{"@id":"https:\/\/webdesi-gn.fr\/dev_deltalabo\/#\/schema\/logo\/image\/"}}]}},"_links":{"self":[{"href":"https:\/\/webdesi-gn.fr\/dev_deltalabo\/wp-json\/wp\/v2\/product\/262597","targetHints":{"allow":["GET"]}}],"collection":[{"href":"https:\/\/webdesi-gn.fr\/dev_deltalabo\/wp-json\/wp\/v2\/product"}],"about":[{"href":"https:\/\/webdesi-gn.fr\/dev_deltalabo\/wp-json\/wp\/v2\/types\/product"}],"wp:featuredmedia":[{"embeddable":true,"href":"https:\/\/webdesi-gn.fr\/dev_deltalabo\/wp-json\/wp\/v2\/media\/262692"}],"wp:attachment":[{"href":"https:\/\/webdesi-gn.fr\/dev_deltalabo\/wp-json\/wp\/v2\/media?parent=262597"}],"wp:term":[{"taxonomy":"domaine","embeddable":true,"href":"https:\/\/webdesi-gn.fr\/dev_deltalabo\/wp-json\/wp\/v2\/domaine?post=262597"},{"taxonomy":"normes","embeddable":true,"href":"https:\/\/webdesi-gn.fr\/dev_deltalabo\/wp-json\/wp\/v2\/normes?post=262597"},{"taxonomy":"product_brand","embeddable":true,"href":"https:\/\/webdesi-gn.fr\/dev_deltalabo\/wp-json\/wp\/v2\/product_brand?post=262597"},{"taxonomy":"product_cat","embeddable":true,"href":"https:\/\/webdesi-gn.fr\/dev_deltalabo\/wp-json\/wp\/v2\/product_cat?post=262597"},{"taxonomy":"product_tag","embeddable":true,"href":"https:\/\/webdesi-gn.fr\/dev_deltalabo\/wp-json\/wp\/v2\/product_tag?post=262597"}],"curies":[{"name":"wp","href":"https:\/\/api.w.org\/{rel}","templated":true}]}}