{"id":262632,"date":"2025-11-24T15:14:56","date_gmt":"2025-11-24T14:14:56","guid":{"rendered":"https:\/\/webdesi-gn.fr\/dev_deltalabo\/?post_type=product&#038;p=262632"},"modified":"2025-11-24T15:18:07","modified_gmt":"2025-11-24T14:18:07","slug":"instrument-de-mesure-si-analytics-serie-lab","status":"publish","type":"product","link":"https:\/\/webdesi-gn.fr\/dev_deltalabo\/produits\/categories\/instrument-de-mesure-si-analytics-serie-lab\/","title":{"rendered":"Instrument de mesure SI Analytics &#8211; S\u00e9rie Lab"},"content":{"rendered":"","protected":false},"excerpt":{"rendered":"<p><strong>Instrument de mesure SI Analytics &#8211; S\u00e9rie Lab :<\/strong><\/p>\n<p>Les instruments de mesure de la s\u00e9rie Lab sont des instruments fiables, robustes et sensibles qui permettent la mesure du pH, ISE, conductivit\u00e9 et oxyg\u00e8ne dissous.<\/p>\n<p><strong>S\u00e9rie Lab 745, Lab 845, Lab 945 :<\/strong><\/p>\n<p>Fiables, robustes et sensibles, ces instruments sont intuitifs et munis d&rsquo;un bo\u00eetier robuste en aluminium. Ils sont id\u00e9aux pour la formation et les mesures de routine.<\/p>\n<p><strong>S\u00e9rie Lab 855, Lab 865, Lab 955 :<\/strong><\/p>\n<p>Pr\u00e9cis, fiable et s\u00e9lectif, ils combinent une technologie de mesure moderne avec de nouvelles fonctionnalit\u00e9s telles que AutoRead et CMC (surveillance de la plage de mesure). Les claviers sont adapt\u00e9s \u00e0 la logique des op\u00e9rateurs gr\u00e2ce \u00e0 un retour tactile et \u00e0 de grands \u00e9crans.<\/p>\n<p><strong>Lab 875 and Lab 875P :<\/strong><\/p>\n<p>Avec canal de mesure num\u00e9rique, ils sont id\u00e9aux dans le domaine de la mesure multiparam\u00e9trique \u00e0 l&rsquo;aide d&rsquo;IDS\u00ae.<\/p>\n<p><strong>T\u00e9l\u00e9charger la brochure produit<\/strong> : <a href=\"https:\/\/www.deltalabo.fr\/wp-content\/uploads\/2025\/08\/Brochure-ph-metre-serie-Lab-engl-DL.pdf\">Instrument de mesure de pH SI Analytics &#8211; S\u00e9rie Lab<\/a><\/p>\n","protected":false},"featured_media":262713,"template":"","meta":{"_acf_changed":false,"site-sidebar-layout":"default","site-content-layout":"","ast-site-content-layout":"default","site-content-style":"default","site-sidebar-style":"default","ast-global-header-display":"","ast-banner-title-visibility":"","ast-main-header-display":"","ast-hfb-above-header-display":"","ast-hfb-below-header-display":"","ast-hfb-mobile-header-display":"","site-post-title":"","ast-breadcrumbs-content":"","ast-featured-img":"","footer-sml-layout":"","ast-disable-related-posts":"","theme-transparent-header-meta":"","adv-header-id-meta":"","stick-header-meta":"","header-above-stick-meta":"","header-main-stick-meta":"","header-below-stick-meta":"","astra-migrate-meta-layouts":"default","ast-page-background-enabled":"default","ast-page-background-meta":{"desktop":{"background-color":"var(--ast-global-color-5)","background-image":"","background-repeat":"repeat","background-position":"center center","background-size":"auto","background-attachment":"scroll","background-type":"","background-media":"","overlay-type":"","overlay-color":"","overlay-opacity":"","overlay-gradient":""},"tablet":{"background-color":"","background-image":"","background-repeat":"repeat","background-position":"center center","background-size":"auto","background-attachment":"scroll","background-type":"","background-media":"","overlay-type":"","overlay-color":"","overlay-opacity":"","overlay-gradient":""},"mobile":{"background-color":"","background-image":"","background-repeat":"repeat","background-position":"center center","background-size":"auto","background-attachment":"scroll","background-type":"","background-media":"","overlay-type":"","overlay-color":"","overlay-opacity":"","overlay-gradient":""}},"ast-content-background-meta":{"desktop":{"background-color":"var(--ast-global-color-4)","background-image":"","background-repeat":"repeat","background-position":"center center","background-size":"auto","background-attachment":"scroll","background-type":"","background-media":"","overlay-type":"","overlay-color":"","overlay-opacity":"","overlay-gradient":""},"tablet":{"background-color":"var(--ast-global-color-4)","background-image":"","background-repeat":"repeat","background-position":"center center","background-size":"auto","background-attachment":"scroll","background-type":"","background-media":"","overlay-type":"","overlay-color":"","overlay-opacity":"","overlay-gradient":""},"mobile":{"background-color":"var(--ast-global-color-4)","background-image":"","background-repeat":"repeat","background-position":"center center","background-size":"auto","background-attachment":"scroll","background-type":"","background-media":"","overlay-type":"","overlay-color":"","overlay-opacity":"","overlay-gradient":""}}},"domaine":[],"normes":[],"product_brand":[],"product_cat":[17240],"product_tag":[],"class_list":{"0":"post-262632","1":"product","2":"type-product","3":"status-publish","4":"has-post-thumbnail","6":"product_cat-categories","7":"desktop-align-left","8":"tablet-align-left","9":"mobile-align-left","11":"first","12":"instock","13":"shipping-taxable","14":"product-type-simple"},"acf":[],"yoast_head":"<!-- This site is optimized with the Yoast SEO plugin v27.4 - https:\/\/yoast.com\/product\/yoast-seo-wordpress\/ -->\n<title>Instrument de mesure SI Analytics - S\u00e9rie Lab | DeltaLabo<\/title>\n<meta name=\"robots\" content=\"noindex, follow, max-snippet:-1, max-image-preview:large, max-video-preview:-1\" \/>\n<meta property=\"og:locale\" content=\"fr_FR\" \/>\n<meta property=\"og:type\" content=\"article\" \/>\n<meta property=\"og:title\" content=\"Instrument de mesure SI Analytics - S\u00e9rie Lab | DeltaLabo\" \/>\n<meta property=\"og:description\" content=\"Instrument de mesure SI Analytics - S\u00e9rie Lab :  Les instruments de mesure de la s\u00e9rie Lab sont des instruments fiables, robustes et sensibles qui permettent la mesure du pH, ISE, conductivit\u00e9 et oxyg\u00e8ne dissous.  S\u00e9rie Lab 745, Lab 845, Lab 945 :  Fiables, robustes et sensibles, ces instruments sont intuitifs et munis d&#039;un bo\u00eetier robuste en aluminium. Ils sont id\u00e9aux pour la formation et les mesures de routine.  S\u00e9rie Lab 855, Lab 865, Lab 955 :  Pr\u00e9cis, fiable et s\u00e9lectif, ils combinent une technologie de mesure moderne avec de nouvelles fonctionnalit\u00e9s telles que AutoRead et CMC (surveillance de la plage de mesure). Les claviers sont adapt\u00e9s \u00e0 la logique des op\u00e9rateurs gr\u00e2ce \u00e0 un retour tactile et \u00e0 de grands \u00e9crans.  Lab 875 and Lab 875P :  Avec canal de mesure num\u00e9rique, ils sont id\u00e9aux dans le domaine de la mesure multiparam\u00e9trique \u00e0 l&#039;aide d&#039;IDS\u00ae.  T\u00e9l\u00e9charger la brochure produit : Instrument de mesure de pH SI Analytics - S\u00e9rie Lab\" \/>\n<meta property=\"og:url\" content=\"https:\/\/webdesi-gn.fr\/dev_deltalabo\/produits\/cat-produit\/instrument-de-mesure-si-analytics-serie-lab\/\" \/>\n<meta property=\"og:site_name\" content=\"DeltaLabo\" \/>\n<meta property=\"article:modified_time\" content=\"2025-11-24T14:18:07+00:00\" \/>\n<meta property=\"og:image\" content=\"https:\/\/webdesi-gn.fr\/dev_deltalabo\/wp-content\/uploads\/2022\/01\/laboratory-g43d8b3442_1280.jpg\" \/>\n\t<meta property=\"og:image:width\" content=\"1280\" \/>\n\t<meta property=\"og:image:height\" content=\"853\" \/>\n\t<meta property=\"og:image:type\" content=\"image\/jpeg\" \/>\n<meta name=\"twitter:card\" content=\"summary_large_image\" \/>\n<script type=\"application\/ld+json\" class=\"yoast-schema-graph\">{\"@context\":\"https:\\\/\\\/schema.org\",\"@graph\":[{\"@type\":\"WebPage\",\"@id\":\"https:\\\/\\\/webdesi-gn.fr\\\/dev_deltalabo\\\/produits\\\/cat-produit\\\/instrument-de-mesure-si-analytics-serie-lab\\\/\",\"url\":\"https:\\\/\\\/webdesi-gn.fr\\\/dev_deltalabo\\\/produits\\\/cat-produit\\\/instrument-de-mesure-si-analytics-serie-lab\\\/\",\"name\":\"Instrument de mesure SI Analytics - S\u00e9rie Lab | DeltaLabo\",\"isPartOf\":{\"@id\":\"https:\\\/\\\/webdesi-gn.fr\\\/dev_deltalabo\\\/#website\"},\"primaryImageOfPage\":{\"@id\":\"https:\\\/\\\/webdesi-gn.fr\\\/dev_deltalabo\\\/produits\\\/cat-produit\\\/instrument-de-mesure-si-analytics-serie-lab\\\/#primaryimage\"},\"image\":{\"@id\":\"https:\\\/\\\/webdesi-gn.fr\\\/dev_deltalabo\\\/produits\\\/cat-produit\\\/instrument-de-mesure-si-analytics-serie-lab\\\/#primaryimage\"},\"thumbnailUrl\":\"https:\\\/\\\/webdesi-gn.fr\\\/dev_deltalabo\\\/wp-content\\\/uploads\\\/2025\\\/11\\\/Lab_845.jpg\",\"datePublished\":\"2025-11-24T14:14:56+00:00\",\"dateModified\":\"2025-11-24T14:18:07+00:00\",\"breadcrumb\":{\"@id\":\"https:\\\/\\\/webdesi-gn.fr\\\/dev_deltalabo\\\/produits\\\/cat-produit\\\/instrument-de-mesure-si-analytics-serie-lab\\\/#breadcrumb\"},\"inLanguage\":\"fr-FR\",\"potentialAction\":[{\"@type\":\"ReadAction\",\"target\":[\"https:\\\/\\\/webdesi-gn.fr\\\/dev_deltalabo\\\/produits\\\/cat-produit\\\/instrument-de-mesure-si-analytics-serie-lab\\\/\"]}]},{\"@type\":\"ImageObject\",\"inLanguage\":\"fr-FR\",\"@id\":\"https:\\\/\\\/webdesi-gn.fr\\\/dev_deltalabo\\\/produits\\\/cat-produit\\\/instrument-de-mesure-si-analytics-serie-lab\\\/#primaryimage\",\"url\":\"https:\\\/\\\/webdesi-gn.fr\\\/dev_deltalabo\\\/wp-content\\\/uploads\\\/2025\\\/11\\\/Lab_845.jpg\",\"contentUrl\":\"https:\\\/\\\/webdesi-gn.fr\\\/dev_deltalabo\\\/wp-content\\\/uploads\\\/2025\\\/11\\\/Lab_845.jpg\",\"width\":600,\"height\":600},{\"@type\":\"BreadcrumbList\",\"@id\":\"https:\\\/\\\/webdesi-gn.fr\\\/dev_deltalabo\\\/produits\\\/cat-produit\\\/instrument-de-mesure-si-analytics-serie-lab\\\/#breadcrumb\",\"itemListElement\":[{\"@type\":\"ListItem\",\"position\":1,\"name\":\"Accueil\",\"item\":\"https:\\\/\\\/webdesi-gn.fr\\\/dev_deltalabo\\\/\"},{\"@type\":\"ListItem\",\"position\":2,\"name\":\"Produits\",\"item\":\"https:\\\/\\\/webdesi-gn.fr\\\/dev_deltalabo\\\/produits\\\/\"},{\"@type\":\"ListItem\",\"position\":3,\"name\":\"Instrument de mesure SI Analytics &#8211; S\u00e9rie Lab\"}]},{\"@type\":\"WebSite\",\"@id\":\"https:\\\/\\\/webdesi-gn.fr\\\/dev_deltalabo\\\/#website\",\"url\":\"https:\\\/\\\/webdesi-gn.fr\\\/dev_deltalabo\\\/\",\"name\":\"Delta Labo\",\"description\":\"Un site utilisant WordPress\",\"publisher\":{\"@id\":\"https:\\\/\\\/webdesi-gn.fr\\\/dev_deltalabo\\\/#organization\"},\"alternateName\":\"Delta Labo\",\"potentialAction\":[{\"@type\":\"SearchAction\",\"target\":{\"@type\":\"EntryPoint\",\"urlTemplate\":\"https:\\\/\\\/webdesi-gn.fr\\\/dev_deltalabo\\\/?s={search_term_string}\"},\"query-input\":{\"@type\":\"PropertyValueSpecification\",\"valueRequired\":true,\"valueName\":\"search_term_string\"}}],\"inLanguage\":\"fr-FR\"},{\"@type\":\"Organization\",\"@id\":\"https:\\\/\\\/webdesi-gn.fr\\\/dev_deltalabo\\\/#organization\",\"name\":\"DeltaLabo\",\"url\":\"https:\\\/\\\/webdesi-gn.fr\\\/dev_deltalabo\\\/\",\"logo\":{\"@type\":\"ImageObject\",\"inLanguage\":\"fr-FR\",\"@id\":\"https:\\\/\\\/webdesi-gn.fr\\\/dev_deltalabo\\\/#\\\/schema\\\/logo\\\/image\\\/\",\"url\":\"https:\\\/\\\/webdesi-gn.fr\\\/dev_deltalabo\\\/wp-content\\\/uploads\\\/2022\\\/07\\\/logo-deltalabo.png\",\"contentUrl\":\"https:\\\/\\\/webdesi-gn.fr\\\/dev_deltalabo\\\/wp-content\\\/uploads\\\/2022\\\/07\\\/logo-deltalabo.png\",\"width\":694,\"height\":306,\"caption\":\"DeltaLabo\"},\"image\":{\"@id\":\"https:\\\/\\\/webdesi-gn.fr\\\/dev_deltalabo\\\/#\\\/schema\\\/logo\\\/image\\\/\"}}]}<\/script>\n<!-- \/ Yoast SEO plugin. -->","yoast_head_json":{"title":"Instrument de mesure SI Analytics - S\u00e9rie Lab | DeltaLabo","robots":{"index":"noindex","follow":"follow","max-snippet":"max-snippet:-1","max-image-preview":"max-image-preview:large","max-video-preview":"max-video-preview:-1"},"og_locale":"fr_FR","og_type":"article","og_title":"Instrument de mesure SI Analytics - S\u00e9rie Lab | DeltaLabo","og_description":"Instrument de mesure SI Analytics - S\u00e9rie Lab :  Les instruments de mesure de la s\u00e9rie Lab sont des instruments fiables, robustes et sensibles qui permettent la mesure du pH, ISE, conductivit\u00e9 et oxyg\u00e8ne dissous.  S\u00e9rie Lab 745, Lab 845, Lab 945 :  Fiables, robustes et sensibles, ces instruments sont intuitifs et munis d'un bo\u00eetier robuste en aluminium. Ils sont id\u00e9aux pour la formation et les mesures de routine.  S\u00e9rie Lab 855, Lab 865, Lab 955 :  Pr\u00e9cis, fiable et s\u00e9lectif, ils combinent une technologie de mesure moderne avec de nouvelles fonctionnalit\u00e9s telles que AutoRead et CMC (surveillance de la plage de mesure). Les claviers sont adapt\u00e9s \u00e0 la logique des op\u00e9rateurs gr\u00e2ce \u00e0 un retour tactile et \u00e0 de grands \u00e9crans.  Lab 875 and Lab 875P :  Avec canal de mesure num\u00e9rique, ils sont id\u00e9aux dans le domaine de la mesure multiparam\u00e9trique \u00e0 l'aide d'IDS\u00ae.  T\u00e9l\u00e9charger la brochure produit : Instrument de mesure de pH SI Analytics - S\u00e9rie Lab","og_url":"https:\/\/webdesi-gn.fr\/dev_deltalabo\/produits\/cat-produit\/instrument-de-mesure-si-analytics-serie-lab\/","og_site_name":"DeltaLabo","article_modified_time":"2025-11-24T14:18:07+00:00","og_image":[{"width":1280,"height":853,"url":"https:\/\/webdesi-gn.fr\/dev_deltalabo\/wp-content\/uploads\/2022\/01\/laboratory-g43d8b3442_1280.jpg","type":"image\/jpeg"}],"twitter_card":"summary_large_image","schema":{"@context":"https:\/\/schema.org","@graph":[{"@type":"WebPage","@id":"https:\/\/webdesi-gn.fr\/dev_deltalabo\/produits\/cat-produit\/instrument-de-mesure-si-analytics-serie-lab\/","url":"https:\/\/webdesi-gn.fr\/dev_deltalabo\/produits\/cat-produit\/instrument-de-mesure-si-analytics-serie-lab\/","name":"Instrument de mesure SI Analytics - S\u00e9rie Lab | DeltaLabo","isPartOf":{"@id":"https:\/\/webdesi-gn.fr\/dev_deltalabo\/#website"},"primaryImageOfPage":{"@id":"https:\/\/webdesi-gn.fr\/dev_deltalabo\/produits\/cat-produit\/instrument-de-mesure-si-analytics-serie-lab\/#primaryimage"},"image":{"@id":"https:\/\/webdesi-gn.fr\/dev_deltalabo\/produits\/cat-produit\/instrument-de-mesure-si-analytics-serie-lab\/#primaryimage"},"thumbnailUrl":"https:\/\/webdesi-gn.fr\/dev_deltalabo\/wp-content\/uploads\/2025\/11\/Lab_845.jpg","datePublished":"2025-11-24T14:14:56+00:00","dateModified":"2025-11-24T14:18:07+00:00","breadcrumb":{"@id":"https:\/\/webdesi-gn.fr\/dev_deltalabo\/produits\/cat-produit\/instrument-de-mesure-si-analytics-serie-lab\/#breadcrumb"},"inLanguage":"fr-FR","potentialAction":[{"@type":"ReadAction","target":["https:\/\/webdesi-gn.fr\/dev_deltalabo\/produits\/cat-produit\/instrument-de-mesure-si-analytics-serie-lab\/"]}]},{"@type":"ImageObject","inLanguage":"fr-FR","@id":"https:\/\/webdesi-gn.fr\/dev_deltalabo\/produits\/cat-produit\/instrument-de-mesure-si-analytics-serie-lab\/#primaryimage","url":"https:\/\/webdesi-gn.fr\/dev_deltalabo\/wp-content\/uploads\/2025\/11\/Lab_845.jpg","contentUrl":"https:\/\/webdesi-gn.fr\/dev_deltalabo\/wp-content\/uploads\/2025\/11\/Lab_845.jpg","width":600,"height":600},{"@type":"BreadcrumbList","@id":"https:\/\/webdesi-gn.fr\/dev_deltalabo\/produits\/cat-produit\/instrument-de-mesure-si-analytics-serie-lab\/#breadcrumb","itemListElement":[{"@type":"ListItem","position":1,"name":"Accueil","item":"https:\/\/webdesi-gn.fr\/dev_deltalabo\/"},{"@type":"ListItem","position":2,"name":"Produits","item":"https:\/\/webdesi-gn.fr\/dev_deltalabo\/produits\/"},{"@type":"ListItem","position":3,"name":"Instrument de mesure SI Analytics &#8211; S\u00e9rie Lab"}]},{"@type":"WebSite","@id":"https:\/\/webdesi-gn.fr\/dev_deltalabo\/#website","url":"https:\/\/webdesi-gn.fr\/dev_deltalabo\/","name":"Delta Labo","description":"Un site utilisant WordPress","publisher":{"@id":"https:\/\/webdesi-gn.fr\/dev_deltalabo\/#organization"},"alternateName":"Delta Labo","potentialAction":[{"@type":"SearchAction","target":{"@type":"EntryPoint","urlTemplate":"https:\/\/webdesi-gn.fr\/dev_deltalabo\/?s={search_term_string}"},"query-input":{"@type":"PropertyValueSpecification","valueRequired":true,"valueName":"search_term_string"}}],"inLanguage":"fr-FR"},{"@type":"Organization","@id":"https:\/\/webdesi-gn.fr\/dev_deltalabo\/#organization","name":"DeltaLabo","url":"https:\/\/webdesi-gn.fr\/dev_deltalabo\/","logo":{"@type":"ImageObject","inLanguage":"fr-FR","@id":"https:\/\/webdesi-gn.fr\/dev_deltalabo\/#\/schema\/logo\/image\/","url":"https:\/\/webdesi-gn.fr\/dev_deltalabo\/wp-content\/uploads\/2022\/07\/logo-deltalabo.png","contentUrl":"https:\/\/webdesi-gn.fr\/dev_deltalabo\/wp-content\/uploads\/2022\/07\/logo-deltalabo.png","width":694,"height":306,"caption":"DeltaLabo"},"image":{"@id":"https:\/\/webdesi-gn.fr\/dev_deltalabo\/#\/schema\/logo\/image\/"}}]}},"_links":{"self":[{"href":"https:\/\/webdesi-gn.fr\/dev_deltalabo\/wp-json\/wp\/v2\/product\/262632","targetHints":{"allow":["GET"]}}],"collection":[{"href":"https:\/\/webdesi-gn.fr\/dev_deltalabo\/wp-json\/wp\/v2\/product"}],"about":[{"href":"https:\/\/webdesi-gn.fr\/dev_deltalabo\/wp-json\/wp\/v2\/types\/product"}],"wp:featuredmedia":[{"embeddable":true,"href":"https:\/\/webdesi-gn.fr\/dev_deltalabo\/wp-json\/wp\/v2\/media\/262713"}],"wp:attachment":[{"href":"https:\/\/webdesi-gn.fr\/dev_deltalabo\/wp-json\/wp\/v2\/media?parent=262632"}],"wp:term":[{"taxonomy":"domaine","embeddable":true,"href":"https:\/\/webdesi-gn.fr\/dev_deltalabo\/wp-json\/wp\/v2\/domaine?post=262632"},{"taxonomy":"normes","embeddable":true,"href":"https:\/\/webdesi-gn.fr\/dev_deltalabo\/wp-json\/wp\/v2\/normes?post=262632"},{"taxonomy":"product_brand","embeddable":true,"href":"https:\/\/webdesi-gn.fr\/dev_deltalabo\/wp-json\/wp\/v2\/product_brand?post=262632"},{"taxonomy":"product_cat","embeddable":true,"href":"https:\/\/webdesi-gn.fr\/dev_deltalabo\/wp-json\/wp\/v2\/product_cat?post=262632"},{"taxonomy":"product_tag","embeddable":true,"href":"https:\/\/webdesi-gn.fr\/dev_deltalabo\/wp-json\/wp\/v2\/product_tag?post=262632"}],"curies":[{"name":"wp","href":"https:\/\/api.w.org\/{rel}","templated":true}]}}