{"id":262656,"date":"2025-11-24T15:15:49","date_gmt":"2025-11-24T14:15:49","guid":{"rendered":"https:\/\/webdesi-gn.fr\/dev_deltalabo\/?post_type=product&#038;p=262656"},"modified":"2025-11-24T15:18:54","modified_gmt":"2025-11-24T14:18:54","slug":"echantillonneur-automatique-pour-viscosimetre-avs-pro-iii-si-analytics","status":"publish","type":"product","link":"https:\/\/webdesi-gn.fr\/dev_deltalabo\/produits\/categories\/echantillonneur-automatique-pour-viscosimetre-avs-pro-iii-si-analytics\/","title":{"rendered":"\u00c9chantillonneur automatique pour viscosim\u00e8tre AVS Pro III SI Analytics"},"content":{"rendered":"","protected":false},"excerpt":{"rendered":"<div class=\"hdr-content-container pure-u-1 pure-u-md-3-4\">\n<div class=\"text-container\">\n<p><strong>\u00c9chantillonneur automatique pour viscosim\u00e8tre AVS Pro III SI Analytics :<\/strong><\/p>\n<\/div>\n<\/div>\n<p>L&rsquo;\u00e9chantillonneur automatique AVS\u00ae Pro III est un instrument enti\u00e8rement automatis\u00e9 permettant de d\u00e9terminer la viscosit\u00e9 des fluides newtoniens \u00e0 l&rsquo;aide de viscosim\u00e8tres capillaires.<\/p>\n<p>Le syst\u00e8me est principalement utilis\u00e9 pour l&rsquo;analyse des polym\u00e8res selon les normes ISO 307, ISO 1628 ou ASTM D4603.<\/p>\n<p>Il est \u00e9galement conforme aux exigences des mesures absolues selon les normes DIN 53 000, ASTM D445, ASTM D446, ISO 3104 et ISO 3105.<\/p>\n<p>L&rsquo;\u00e9chantillonneur automatique AVS\u00ae Pro III offre une pr\u00e9cision et une reproductibilit\u00e9 maximales, et notamment un niveau de s\u00e9curit\u00e9 accru lors de la manipulation de fluides agressifs. Il est facile \u00e0 utiliser, permet un fonctionnement 24 heures sur 24 sans surveillance avec l&rsquo;automatisation du remplissage du viscosim\u00e8tre.<\/p>\n<p>Il est \u00e9quip\u00e9 de 2 \u00e0 4 positions de mesure, afin d&rsquo;obtenir un d\u00e9bit d&rsquo;\u00e9chantillons plus \u00e9lev\u00e9 lors de mesures en parall\u00e8le.<\/p>\n<p><strong>T\u00e9l\u00e9charger la brochure produit :<\/strong> <a href=\"https:\/\/www.deltalabo.fr\/wp-content\/uploads\/2025\/08\/AVS-Pro-III-engl-DL-2025.pdf\">\u00c9chantillonneur automatique pour viscosim\u00e8tre AVS Pro III SI Analytics<\/a><\/p>\n","protected":false},"featured_media":262742,"template":"","meta":{"_acf_changed":false,"site-sidebar-layout":"default","site-content-layout":"","ast-site-content-layout":"default","site-content-style":"default","site-sidebar-style":"default","ast-global-header-display":"","ast-banner-title-visibility":"","ast-main-header-display":"","ast-hfb-above-header-display":"","ast-hfb-below-header-display":"","ast-hfb-mobile-header-display":"","site-post-title":"","ast-breadcrumbs-content":"","ast-featured-img":"","footer-sml-layout":"","ast-disable-related-posts":"","theme-transparent-header-meta":"","adv-header-id-meta":"","stick-header-meta":"","header-above-stick-meta":"","header-main-stick-meta":"","header-below-stick-meta":"","astra-migrate-meta-layouts":"default","ast-page-background-enabled":"default","ast-page-background-meta":{"desktop":{"background-color":"var(--ast-global-color-5)","background-image":"","background-repeat":"repeat","background-position":"center center","background-size":"auto","background-attachment":"scroll","background-type":"","background-media":"","overlay-type":"","overlay-color":"","overlay-opacity":"","overlay-gradient":""},"tablet":{"background-color":"","background-image":"","background-repeat":"repeat","background-position":"center center","background-size":"auto","background-attachment":"scroll","background-type":"","background-media":"","overlay-type":"","overlay-color":"","overlay-opacity":"","overlay-gradient":""},"mobile":{"background-color":"","background-image":"","background-repeat":"repeat","background-position":"center center","background-size":"auto","background-attachment":"scroll","background-type":"","background-media":"","overlay-type":"","overlay-color":"","overlay-opacity":"","overlay-gradient":""}},"ast-content-background-meta":{"desktop":{"background-color":"var(--ast-global-color-4)","background-image":"","background-repeat":"repeat","background-position":"center center","background-size":"auto","background-attachment":"scroll","background-type":"","background-media":"","overlay-type":"","overlay-color":"","overlay-opacity":"","overlay-gradient":""},"tablet":{"background-color":"var(--ast-global-color-4)","background-image":"","background-repeat":"repeat","background-position":"center center","background-size":"auto","background-attachment":"scroll","background-type":"","background-media":"","overlay-type":"","overlay-color":"","overlay-opacity":"","overlay-gradient":""},"mobile":{"background-color":"var(--ast-global-color-4)","background-image":"","background-repeat":"repeat","background-position":"center center","background-size":"auto","background-attachment":"scroll","background-type":"","background-media":"","overlay-type":"","overlay-color":"","overlay-opacity":"","overlay-gradient":""}}},"domaine":[],"normes":[],"product_brand":[],"product_cat":[17240],"product_tag":[],"class_list":{"0":"post-262656","1":"product","2":"type-product","3":"status-publish","4":"has-post-thumbnail","6":"product_cat-categories","7":"desktop-align-left","8":"tablet-align-left","9":"mobile-align-left","11":"first","12":"instock","13":"shipping-taxable","14":"product-type-simple"},"acf":[],"yoast_head":"<!-- This site is optimized with the Yoast SEO plugin v27.4 - https:\/\/yoast.com\/product\/yoast-seo-wordpress\/ -->\n<title>\u00c9chantillonneur automatique pour viscosim\u00e8tre AVS Pro III SI Analytics | DeltaLabo<\/title>\n<meta name=\"robots\" content=\"noindex, follow, max-snippet:-1, max-image-preview:large, max-video-preview:-1\" \/>\n<meta property=\"og:locale\" content=\"fr_FR\" \/>\n<meta property=\"og:type\" content=\"article\" \/>\n<meta property=\"og:title\" content=\"\u00c9chantillonneur automatique pour viscosim\u00e8tre AVS Pro III SI Analytics | DeltaLabo\" \/>\n<meta property=\"og:description\" content=\"\u00c9chantillonneur automatique pour viscosim\u00e8tre AVS Pro III SI Analytics :    L&#039;\u00e9chantillonneur automatique AVS\u00ae Pro III est un instrument enti\u00e8rement automatis\u00e9 permettant de d\u00e9terminer la viscosit\u00e9 des fluides newtoniens \u00e0 l&#039;aide de viscosim\u00e8tres capillaires.  Le syst\u00e8me est principalement utilis\u00e9 pour l&#039;analyse des polym\u00e8res selon les normes ISO 307, ISO 1628 ou ASTM D4603.  Il est \u00e9galement conforme aux exigences des mesures absolues selon les normes DIN 53 000, ASTM D445, ASTM D446, ISO 3104 et ISO 3105.  L&#039;\u00e9chantillonneur automatique AVS\u00ae Pro III offre une pr\u00e9cision et une reproductibilit\u00e9 maximales, et notamment un niveau de s\u00e9curit\u00e9 accru lors de la manipulation de fluides agressifs. Il est facile \u00e0 utiliser, permet un fonctionnement 24 heures sur 24 sans surveillance avec l&#039;automatisation du remplissage du viscosim\u00e8tre.  Il est \u00e9quip\u00e9 de 2 \u00e0 4 positions de mesure, afin d&#039;obtenir un d\u00e9bit d&#039;\u00e9chantillons plus \u00e9lev\u00e9 lors de mesures en parall\u00e8le.  T\u00e9l\u00e9charger la brochure produit : \u00c9chantillonneur automatique pour viscosim\u00e8tre AVS Pro III SI Analytics\" \/>\n<meta property=\"og:url\" content=\"https:\/\/webdesi-gn.fr\/dev_deltalabo\/produits\/cat-produit\/echantillonneur-automatique-pour-viscosimetre-avs-pro-iii-si-analytics\/\" \/>\n<meta property=\"og:site_name\" content=\"DeltaLabo\" \/>\n<meta property=\"article:modified_time\" content=\"2025-11-24T14:18:54+00:00\" \/>\n<meta property=\"og:image\" content=\"https:\/\/webdesi-gn.fr\/dev_deltalabo\/wp-content\/uploads\/2022\/01\/laboratory-g43d8b3442_1280.jpg\" \/>\n\t<meta property=\"og:image:width\" content=\"1280\" \/>\n\t<meta property=\"og:image:height\" content=\"853\" \/>\n\t<meta property=\"og:image:type\" content=\"image\/jpeg\" \/>\n<meta name=\"twitter:card\" content=\"summary_large_image\" \/>\n<script type=\"application\/ld+json\" class=\"yoast-schema-graph\">{\"@context\":\"https:\\\/\\\/schema.org\",\"@graph\":[{\"@type\":\"WebPage\",\"@id\":\"https:\\\/\\\/webdesi-gn.fr\\\/dev_deltalabo\\\/produits\\\/cat-produit\\\/echantillonneur-automatique-pour-viscosimetre-avs-pro-iii-si-analytics\\\/\",\"url\":\"https:\\\/\\\/webdesi-gn.fr\\\/dev_deltalabo\\\/produits\\\/cat-produit\\\/echantillonneur-automatique-pour-viscosimetre-avs-pro-iii-si-analytics\\\/\",\"name\":\"\u00c9chantillonneur automatique pour viscosim\u00e8tre AVS Pro III SI Analytics | DeltaLabo\",\"isPartOf\":{\"@id\":\"https:\\\/\\\/webdesi-gn.fr\\\/dev_deltalabo\\\/#website\"},\"primaryImageOfPage\":{\"@id\":\"https:\\\/\\\/webdesi-gn.fr\\\/dev_deltalabo\\\/produits\\\/cat-produit\\\/echantillonneur-automatique-pour-viscosimetre-avs-pro-iii-si-analytics\\\/#primaryimage\"},\"image\":{\"@id\":\"https:\\\/\\\/webdesi-gn.fr\\\/dev_deltalabo\\\/produits\\\/cat-produit\\\/echantillonneur-automatique-pour-viscosimetre-avs-pro-iii-si-analytics\\\/#primaryimage\"},\"thumbnailUrl\":\"https:\\\/\\\/webdesi-gn.fr\\\/dev_deltalabo\\\/wp-content\\\/uploads\\\/2025\\\/11\\\/DELTA-LABO-AVS-Pro-III.webp\",\"datePublished\":\"2025-11-24T14:15:49+00:00\",\"dateModified\":\"2025-11-24T14:18:54+00:00\",\"breadcrumb\":{\"@id\":\"https:\\\/\\\/webdesi-gn.fr\\\/dev_deltalabo\\\/produits\\\/cat-produit\\\/echantillonneur-automatique-pour-viscosimetre-avs-pro-iii-si-analytics\\\/#breadcrumb\"},\"inLanguage\":\"fr-FR\",\"potentialAction\":[{\"@type\":\"ReadAction\",\"target\":[\"https:\\\/\\\/webdesi-gn.fr\\\/dev_deltalabo\\\/produits\\\/cat-produit\\\/echantillonneur-automatique-pour-viscosimetre-avs-pro-iii-si-analytics\\\/\"]}]},{\"@type\":\"ImageObject\",\"inLanguage\":\"fr-FR\",\"@id\":\"https:\\\/\\\/webdesi-gn.fr\\\/dev_deltalabo\\\/produits\\\/cat-produit\\\/echantillonneur-automatique-pour-viscosimetre-avs-pro-iii-si-analytics\\\/#primaryimage\",\"url\":\"https:\\\/\\\/webdesi-gn.fr\\\/dev_deltalabo\\\/wp-content\\\/uploads\\\/2025\\\/11\\\/DELTA-LABO-AVS-Pro-III.webp\",\"contentUrl\":\"https:\\\/\\\/webdesi-gn.fr\\\/dev_deltalabo\\\/wp-content\\\/uploads\\\/2025\\\/11\\\/DELTA-LABO-AVS-Pro-III.webp\",\"width\":465,\"height\":465},{\"@type\":\"BreadcrumbList\",\"@id\":\"https:\\\/\\\/webdesi-gn.fr\\\/dev_deltalabo\\\/produits\\\/cat-produit\\\/echantillonneur-automatique-pour-viscosimetre-avs-pro-iii-si-analytics\\\/#breadcrumb\",\"itemListElement\":[{\"@type\":\"ListItem\",\"position\":1,\"name\":\"Accueil\",\"item\":\"https:\\\/\\\/webdesi-gn.fr\\\/dev_deltalabo\\\/\"},{\"@type\":\"ListItem\",\"position\":2,\"name\":\"Produits\",\"item\":\"https:\\\/\\\/webdesi-gn.fr\\\/dev_deltalabo\\\/produits\\\/\"},{\"@type\":\"ListItem\",\"position\":3,\"name\":\"\u00c9chantillonneur automatique pour viscosim\u00e8tre AVS Pro III SI Analytics\"}]},{\"@type\":\"WebSite\",\"@id\":\"https:\\\/\\\/webdesi-gn.fr\\\/dev_deltalabo\\\/#website\",\"url\":\"https:\\\/\\\/webdesi-gn.fr\\\/dev_deltalabo\\\/\",\"name\":\"Delta Labo\",\"description\":\"Un site utilisant WordPress\",\"publisher\":{\"@id\":\"https:\\\/\\\/webdesi-gn.fr\\\/dev_deltalabo\\\/#organization\"},\"alternateName\":\"Delta Labo\",\"potentialAction\":[{\"@type\":\"SearchAction\",\"target\":{\"@type\":\"EntryPoint\",\"urlTemplate\":\"https:\\\/\\\/webdesi-gn.fr\\\/dev_deltalabo\\\/?s={search_term_string}\"},\"query-input\":{\"@type\":\"PropertyValueSpecification\",\"valueRequired\":true,\"valueName\":\"search_term_string\"}}],\"inLanguage\":\"fr-FR\"},{\"@type\":\"Organization\",\"@id\":\"https:\\\/\\\/webdesi-gn.fr\\\/dev_deltalabo\\\/#organization\",\"name\":\"DeltaLabo\",\"url\":\"https:\\\/\\\/webdesi-gn.fr\\\/dev_deltalabo\\\/\",\"logo\":{\"@type\":\"ImageObject\",\"inLanguage\":\"fr-FR\",\"@id\":\"https:\\\/\\\/webdesi-gn.fr\\\/dev_deltalabo\\\/#\\\/schema\\\/logo\\\/image\\\/\",\"url\":\"https:\\\/\\\/webdesi-gn.fr\\\/dev_deltalabo\\\/wp-content\\\/uploads\\\/2022\\\/07\\\/logo-deltalabo.png\",\"contentUrl\":\"https:\\\/\\\/webdesi-gn.fr\\\/dev_deltalabo\\\/wp-content\\\/uploads\\\/2022\\\/07\\\/logo-deltalabo.png\",\"width\":694,\"height\":306,\"caption\":\"DeltaLabo\"},\"image\":{\"@id\":\"https:\\\/\\\/webdesi-gn.fr\\\/dev_deltalabo\\\/#\\\/schema\\\/logo\\\/image\\\/\"}}]}<\/script>\n<!-- \/ Yoast SEO plugin. -->","yoast_head_json":{"title":"\u00c9chantillonneur automatique pour viscosim\u00e8tre AVS Pro III SI Analytics | DeltaLabo","robots":{"index":"noindex","follow":"follow","max-snippet":"max-snippet:-1","max-image-preview":"max-image-preview:large","max-video-preview":"max-video-preview:-1"},"og_locale":"fr_FR","og_type":"article","og_title":"\u00c9chantillonneur automatique pour viscosim\u00e8tre AVS Pro III SI Analytics | DeltaLabo","og_description":"\u00c9chantillonneur automatique pour viscosim\u00e8tre AVS Pro III SI Analytics :    L'\u00e9chantillonneur automatique AVS\u00ae Pro III est un instrument enti\u00e8rement automatis\u00e9 permettant de d\u00e9terminer la viscosit\u00e9 des fluides newtoniens \u00e0 l'aide de viscosim\u00e8tres capillaires.  Le syst\u00e8me est principalement utilis\u00e9 pour l'analyse des polym\u00e8res selon les normes ISO 307, ISO 1628 ou ASTM D4603.  Il est \u00e9galement conforme aux exigences des mesures absolues selon les normes DIN 53 000, ASTM D445, ASTM D446, ISO 3104 et ISO 3105.  L'\u00e9chantillonneur automatique AVS\u00ae Pro III offre une pr\u00e9cision et une reproductibilit\u00e9 maximales, et notamment un niveau de s\u00e9curit\u00e9 accru lors de la manipulation de fluides agressifs. Il est facile \u00e0 utiliser, permet un fonctionnement 24 heures sur 24 sans surveillance avec l'automatisation du remplissage du viscosim\u00e8tre.  Il est \u00e9quip\u00e9 de 2 \u00e0 4 positions de mesure, afin d'obtenir un d\u00e9bit d'\u00e9chantillons plus \u00e9lev\u00e9 lors de mesures en parall\u00e8le.  T\u00e9l\u00e9charger la brochure produit : \u00c9chantillonneur automatique pour viscosim\u00e8tre AVS Pro III SI Analytics","og_url":"https:\/\/webdesi-gn.fr\/dev_deltalabo\/produits\/cat-produit\/echantillonneur-automatique-pour-viscosimetre-avs-pro-iii-si-analytics\/","og_site_name":"DeltaLabo","article_modified_time":"2025-11-24T14:18:54+00:00","og_image":[{"width":1280,"height":853,"url":"https:\/\/webdesi-gn.fr\/dev_deltalabo\/wp-content\/uploads\/2022\/01\/laboratory-g43d8b3442_1280.jpg","type":"image\/jpeg"}],"twitter_card":"summary_large_image","schema":{"@context":"https:\/\/schema.org","@graph":[{"@type":"WebPage","@id":"https:\/\/webdesi-gn.fr\/dev_deltalabo\/produits\/cat-produit\/echantillonneur-automatique-pour-viscosimetre-avs-pro-iii-si-analytics\/","url":"https:\/\/webdesi-gn.fr\/dev_deltalabo\/produits\/cat-produit\/echantillonneur-automatique-pour-viscosimetre-avs-pro-iii-si-analytics\/","name":"\u00c9chantillonneur automatique pour viscosim\u00e8tre AVS Pro III SI Analytics | DeltaLabo","isPartOf":{"@id":"https:\/\/webdesi-gn.fr\/dev_deltalabo\/#website"},"primaryImageOfPage":{"@id":"https:\/\/webdesi-gn.fr\/dev_deltalabo\/produits\/cat-produit\/echantillonneur-automatique-pour-viscosimetre-avs-pro-iii-si-analytics\/#primaryimage"},"image":{"@id":"https:\/\/webdesi-gn.fr\/dev_deltalabo\/produits\/cat-produit\/echantillonneur-automatique-pour-viscosimetre-avs-pro-iii-si-analytics\/#primaryimage"},"thumbnailUrl":"https:\/\/webdesi-gn.fr\/dev_deltalabo\/wp-content\/uploads\/2025\/11\/DELTA-LABO-AVS-Pro-III.webp","datePublished":"2025-11-24T14:15:49+00:00","dateModified":"2025-11-24T14:18:54+00:00","breadcrumb":{"@id":"https:\/\/webdesi-gn.fr\/dev_deltalabo\/produits\/cat-produit\/echantillonneur-automatique-pour-viscosimetre-avs-pro-iii-si-analytics\/#breadcrumb"},"inLanguage":"fr-FR","potentialAction":[{"@type":"ReadAction","target":["https:\/\/webdesi-gn.fr\/dev_deltalabo\/produits\/cat-produit\/echantillonneur-automatique-pour-viscosimetre-avs-pro-iii-si-analytics\/"]}]},{"@type":"ImageObject","inLanguage":"fr-FR","@id":"https:\/\/webdesi-gn.fr\/dev_deltalabo\/produits\/cat-produit\/echantillonneur-automatique-pour-viscosimetre-avs-pro-iii-si-analytics\/#primaryimage","url":"https:\/\/webdesi-gn.fr\/dev_deltalabo\/wp-content\/uploads\/2025\/11\/DELTA-LABO-AVS-Pro-III.webp","contentUrl":"https:\/\/webdesi-gn.fr\/dev_deltalabo\/wp-content\/uploads\/2025\/11\/DELTA-LABO-AVS-Pro-III.webp","width":465,"height":465},{"@type":"BreadcrumbList","@id":"https:\/\/webdesi-gn.fr\/dev_deltalabo\/produits\/cat-produit\/echantillonneur-automatique-pour-viscosimetre-avs-pro-iii-si-analytics\/#breadcrumb","itemListElement":[{"@type":"ListItem","position":1,"name":"Accueil","item":"https:\/\/webdesi-gn.fr\/dev_deltalabo\/"},{"@type":"ListItem","position":2,"name":"Produits","item":"https:\/\/webdesi-gn.fr\/dev_deltalabo\/produits\/"},{"@type":"ListItem","position":3,"name":"\u00c9chantillonneur automatique pour viscosim\u00e8tre AVS Pro III SI Analytics"}]},{"@type":"WebSite","@id":"https:\/\/webdesi-gn.fr\/dev_deltalabo\/#website","url":"https:\/\/webdesi-gn.fr\/dev_deltalabo\/","name":"Delta Labo","description":"Un site utilisant WordPress","publisher":{"@id":"https:\/\/webdesi-gn.fr\/dev_deltalabo\/#organization"},"alternateName":"Delta Labo","potentialAction":[{"@type":"SearchAction","target":{"@type":"EntryPoint","urlTemplate":"https:\/\/webdesi-gn.fr\/dev_deltalabo\/?s={search_term_string}"},"query-input":{"@type":"PropertyValueSpecification","valueRequired":true,"valueName":"search_term_string"}}],"inLanguage":"fr-FR"},{"@type":"Organization","@id":"https:\/\/webdesi-gn.fr\/dev_deltalabo\/#organization","name":"DeltaLabo","url":"https:\/\/webdesi-gn.fr\/dev_deltalabo\/","logo":{"@type":"ImageObject","inLanguage":"fr-FR","@id":"https:\/\/webdesi-gn.fr\/dev_deltalabo\/#\/schema\/logo\/image\/","url":"https:\/\/webdesi-gn.fr\/dev_deltalabo\/wp-content\/uploads\/2022\/07\/logo-deltalabo.png","contentUrl":"https:\/\/webdesi-gn.fr\/dev_deltalabo\/wp-content\/uploads\/2022\/07\/logo-deltalabo.png","width":694,"height":306,"caption":"DeltaLabo"},"image":{"@id":"https:\/\/webdesi-gn.fr\/dev_deltalabo\/#\/schema\/logo\/image\/"}}]}},"_links":{"self":[{"href":"https:\/\/webdesi-gn.fr\/dev_deltalabo\/wp-json\/wp\/v2\/product\/262656","targetHints":{"allow":["GET"]}}],"collection":[{"href":"https:\/\/webdesi-gn.fr\/dev_deltalabo\/wp-json\/wp\/v2\/product"}],"about":[{"href":"https:\/\/webdesi-gn.fr\/dev_deltalabo\/wp-json\/wp\/v2\/types\/product"}],"wp:featuredmedia":[{"embeddable":true,"href":"https:\/\/webdesi-gn.fr\/dev_deltalabo\/wp-json\/wp\/v2\/media\/262742"}],"wp:attachment":[{"href":"https:\/\/webdesi-gn.fr\/dev_deltalabo\/wp-json\/wp\/v2\/media?parent=262656"}],"wp:term":[{"taxonomy":"domaine","embeddable":true,"href":"https:\/\/webdesi-gn.fr\/dev_deltalabo\/wp-json\/wp\/v2\/domaine?post=262656"},{"taxonomy":"normes","embeddable":true,"href":"https:\/\/webdesi-gn.fr\/dev_deltalabo\/wp-json\/wp\/v2\/normes?post=262656"},{"taxonomy":"product_brand","embeddable":true,"href":"https:\/\/webdesi-gn.fr\/dev_deltalabo\/wp-json\/wp\/v2\/product_brand?post=262656"},{"taxonomy":"product_cat","embeddable":true,"href":"https:\/\/webdesi-gn.fr\/dev_deltalabo\/wp-json\/wp\/v2\/product_cat?post=262656"},{"taxonomy":"product_tag","embeddable":true,"href":"https:\/\/webdesi-gn.fr\/dev_deltalabo\/wp-json\/wp\/v2\/product_tag?post=262656"}],"curies":[{"name":"wp","href":"https:\/\/api.w.org\/{rel}","templated":true}]}}