{"id":262679,"date":"2025-11-24T15:16:39","date_gmt":"2025-11-24T14:16:39","guid":{"rendered":"https:\/\/webdesi-gn.fr\/dev_deltalabo\/?post_type=product&#038;p=262679"},"modified":"2025-11-24T15:19:53","modified_gmt":"2025-11-24T14:19:53","slug":"test-de-moussage-des-huiles-selon-la-methode-flender","status":"publish","type":"product","link":"https:\/\/webdesi-gn.fr\/dev_deltalabo\/produits\/categories\/test-de-moussage-des-huiles-selon-la-methode-flender\/","title":{"rendered":"Test de moussage des huiles selon la m\u00e9thode Flender"},"content":{"rendered":"","protected":false},"excerpt":{"rendered":"<p><strong>Test de moussage des huiles selon la m\u00e9thode Flender :<\/strong><\/p>\n<p>Le test de moussage des huiles selon la m\u00e9thode Flender permet de tester les caract\u00e9ristiques de moussage des huiles conform\u00e9ment aux normes DIN EN ISO 12100-1, DIN EN ISO 12100-2, DIN EN 60204-1, EN 294, EN 349 et ISO 12152.<\/p>\n<p>On retrouve des lubrifiants de haute qualit\u00e9, synth\u00e9tiques ou min\u00e9raux, en fonction de l\u2019application, dans tous les syst\u00e8mes m\u00e9caniques \u00e0 engrenages ou \u00e0 vis. Les contraintes appliqu\u00e9es sur ces m\u00e9canismes de nos jours impliquent d\u2019\u00eatre extr\u00eamement rigoureux quant au choix des huiles utilis\u00e9es. Il est possible en y ajoutant l\u2019additif appropri\u00e9 de modifier les propri\u00e9t\u00e9s de ces huiles et ainsi r\u00e9duire les dommages caus\u00e9s par le grippage, les t\u00e2ches grises, le piquage\u2026 sur les dents des engrenages.<\/p>\n<p>Cependant, l\u2019ajout d\u2019additif modifie \u00e9galement la r\u00e9sistance au vieillissement ou les capacit\u00e9s de moussage des huiles. Une production excessive de mousse modifie les caract\u00e9ristiques techniques des engrenages ou des roulements. Elle peut m\u00eame causer des fuites d\u2019huile au niveau des bagues d\u2019\u00e9tanch\u00e9it\u00e9 ou des purges.<\/p>\n<p>Les fabricants d&rsquo;huile testent g\u00e9n\u00e9ralement les caract\u00e9ristiques de moussage des huiles par la m\u00e9thode ANSI\/ASTM D 892 et la m\u00e9thode DIN 51566 qui s&rsquo;en inspire. Elles consistent \u00e0 insuffler de l&rsquo;air dans un \u00e9chantillon d&rsquo;huile pendant une dur\u00e9e d\u00e9termin\u00e9e. Cependant, ces m\u00e9thodes ne reproduisent pas les conditions de production de mousse dans un syst\u00e8me m\u00e9canique \u00e0 engrenages, telle qu\u2019une boite de vitesse par exemple. Un dispositif de test plus pertinent a donc \u00e9t\u00e9 mis au point.<\/p>\n<p>Dans le cas du Flender Oil Foaming Test System, une paire d&rsquo;engrenages est mise en rotation dans l&rsquo;huile \u00e0 tester, ce qui permet de m\u00e9langer de l&rsquo;air \u00e0 l&rsquo;huile. De cette mani\u00e8re, le comportement des huiles\u00a0: absorption d&rsquo;air, dispersion huile-air, mousse de surface, vieillissement est test\u00e9 dans des conditions proches de la r\u00e9alit\u00e9.<\/p>\n<p><strong>T\u00e9l\u00e9charger la brochure produit<\/strong> : <a href=\"https:\/\/www.deltalabo.fr\/wp-content\/uploads\/2025\/07\/Doc-test-de-moussage-Flender-engl-DL.pdf\">Test de moussage des huiles selon la m\u00e9thode Flender<\/a><\/p>\n","protected":false},"featured_media":262765,"template":"","meta":{"_acf_changed":false,"site-sidebar-layout":"default","site-content-layout":"","ast-site-content-layout":"default","site-content-style":"default","site-sidebar-style":"default","ast-global-header-display":"","ast-banner-title-visibility":"","ast-main-header-display":"","ast-hfb-above-header-display":"","ast-hfb-below-header-display":"","ast-hfb-mobile-header-display":"","site-post-title":"","ast-breadcrumbs-content":"","ast-featured-img":"","footer-sml-layout":"","ast-disable-related-posts":"","theme-transparent-header-meta":"","adv-header-id-meta":"","stick-header-meta":"","header-above-stick-meta":"","header-main-stick-meta":"","header-below-stick-meta":"","astra-migrate-meta-layouts":"default","ast-page-background-enabled":"default","ast-page-background-meta":{"desktop":{"background-color":"var(--ast-global-color-5)","background-image":"","background-repeat":"repeat","background-position":"center center","background-size":"auto","background-attachment":"scroll","background-type":"","background-media":"","overlay-type":"","overlay-color":"","overlay-opacity":"","overlay-gradient":""},"tablet":{"background-color":"","background-image":"","background-repeat":"repeat","background-position":"center center","background-size":"auto","background-attachment":"scroll","background-type":"","background-media":"","overlay-type":"","overlay-color":"","overlay-opacity":"","overlay-gradient":""},"mobile":{"background-color":"","background-image":"","background-repeat":"repeat","background-position":"center center","background-size":"auto","background-attachment":"scroll","background-type":"","background-media":"","overlay-type":"","overlay-color":"","overlay-opacity":"","overlay-gradient":""}},"ast-content-background-meta":{"desktop":{"background-color":"var(--ast-global-color-4)","background-image":"","background-repeat":"repeat","background-position":"center center","background-size":"auto","background-attachment":"scroll","background-type":"","background-media":"","overlay-type":"","overlay-color":"","overlay-opacity":"","overlay-gradient":""},"tablet":{"background-color":"var(--ast-global-color-4)","background-image":"","background-repeat":"repeat","background-position":"center center","background-size":"auto","background-attachment":"scroll","background-type":"","background-media":"","overlay-type":"","overlay-color":"","overlay-opacity":"","overlay-gradient":""},"mobile":{"background-color":"var(--ast-global-color-4)","background-image":"","background-repeat":"repeat","background-position":"center center","background-size":"auto","background-attachment":"scroll","background-type":"","background-media":"","overlay-type":"","overlay-color":"","overlay-opacity":"","overlay-gradient":""}}},"domaine":[],"normes":[],"product_brand":[],"product_cat":[17240],"product_tag":[],"class_list":{"0":"post-262679","1":"product","2":"type-product","3":"status-publish","4":"has-post-thumbnail","6":"product_cat-categories","7":"desktop-align-left","8":"tablet-align-left","9":"mobile-align-left","11":"first","12":"instock","13":"shipping-taxable","14":"product-type-simple"},"acf":[],"yoast_head":"<!-- This site is optimized with the Yoast SEO plugin v27.4 - https:\/\/yoast.com\/product\/yoast-seo-wordpress\/ -->\n<title>Test de moussage des huiles selon la m\u00e9thode Flender | DeltaLabo<\/title>\n<meta name=\"robots\" content=\"noindex, follow, max-snippet:-1, max-image-preview:large, max-video-preview:-1\" \/>\n<meta property=\"og:locale\" content=\"fr_FR\" \/>\n<meta property=\"og:type\" content=\"article\" \/>\n<meta property=\"og:title\" content=\"Test de moussage des huiles selon la m\u00e9thode Flender | DeltaLabo\" \/>\n<meta property=\"og:description\" content=\"Test de moussage des huiles selon la m\u00e9thode Flender :  Le test de moussage des huiles selon la m\u00e9thode Flender permet de tester les caract\u00e9ristiques de moussage des huiles conform\u00e9ment aux normes DIN EN ISO 12100-1, DIN EN ISO 12100-2, DIN EN 60204-1, EN 294, EN 349 et ISO 12152.  On retrouve des lubrifiants de haute qualit\u00e9, synth\u00e9tiques ou min\u00e9raux, en fonction de l\u2019application, dans tous les syst\u00e8mes m\u00e9caniques \u00e0 engrenages ou \u00e0 vis. Les contraintes appliqu\u00e9es sur ces m\u00e9canismes de nos jours impliquent d\u2019\u00eatre extr\u00eamement rigoureux quant au choix des huiles utilis\u00e9es. Il est possible en y ajoutant l\u2019additif appropri\u00e9 de modifier les propri\u00e9t\u00e9s de ces huiles et ainsi r\u00e9duire les dommages caus\u00e9s par le grippage, les t\u00e2ches grises, le piquage\u2026 sur les dents des engrenages.  Cependant, l\u2019ajout d\u2019additif modifie \u00e9galement la r\u00e9sistance au vieillissement ou les capacit\u00e9s de moussage des huiles. Une production excessive de mousse modifie les caract\u00e9ristiques techniques des engrenages ou des roulements. Elle peut m\u00eame causer des fuites d\u2019huile au niveau des bagues d\u2019\u00e9tanch\u00e9it\u00e9 ou des purges.  Les fabricants d&#039;huile testent g\u00e9n\u00e9ralement les caract\u00e9ristiques de moussage des huiles par la m\u00e9thode ANSI\/ASTM D 892 et la m\u00e9thode DIN 51566 qui s&#039;en inspire. Elles consistent \u00e0 insuffler de l&#039;air dans un \u00e9chantillon d&#039;huile pendant une dur\u00e9e d\u00e9termin\u00e9e. Cependant, ces m\u00e9thodes ne reproduisent pas les conditions de production de mousse dans un syst\u00e8me m\u00e9canique \u00e0 engrenages, telle qu\u2019une boite de vitesse par exemple. Un dispositif de test plus pertinent a donc \u00e9t\u00e9 mis au point.  Dans le cas du Flender Oil Foaming Test System, une paire d&#039;engrenages est mise en rotation dans l&#039;huile \u00e0 tester, ce qui permet de m\u00e9langer de l&#039;air \u00e0 l&#039;huile. De cette mani\u00e8re, le comportement des huiles\u00a0: absorption d&#039;air, dispersion huile-air, mousse de surface, vieillissement est test\u00e9 dans des conditions proches de la r\u00e9alit\u00e9.  T\u00e9l\u00e9charger la brochure produit : Test de moussage des huiles selon la m\u00e9thode Flender\" \/>\n<meta property=\"og:url\" content=\"https:\/\/webdesi-gn.fr\/dev_deltalabo\/produits\/cat-produit\/test-de-moussage-des-huiles-selon-la-methode-flender\/\" \/>\n<meta property=\"og:site_name\" content=\"DeltaLabo\" \/>\n<meta property=\"article:modified_time\" content=\"2025-11-24T14:19:53+00:00\" \/>\n<meta property=\"og:image\" content=\"https:\/\/webdesi-gn.fr\/dev_deltalabo\/wp-content\/uploads\/2022\/01\/laboratory-g43d8b3442_1280.jpg\" \/>\n\t<meta property=\"og:image:width\" content=\"1280\" \/>\n\t<meta property=\"og:image:height\" content=\"853\" \/>\n\t<meta property=\"og:image:type\" content=\"image\/jpeg\" \/>\n<meta name=\"twitter:card\" content=\"summary_large_image\" \/>\n<script type=\"application\/ld+json\" class=\"yoast-schema-graph\">{\"@context\":\"https:\\\/\\\/schema.org\",\"@graph\":[{\"@type\":\"WebPage\",\"@id\":\"https:\\\/\\\/webdesi-gn.fr\\\/dev_deltalabo\\\/produits\\\/cat-produit\\\/test-de-moussage-des-huiles-selon-la-methode-flender\\\/\",\"url\":\"https:\\\/\\\/webdesi-gn.fr\\\/dev_deltalabo\\\/produits\\\/cat-produit\\\/test-de-moussage-des-huiles-selon-la-methode-flender\\\/\",\"name\":\"Test de moussage des huiles selon la m\u00e9thode Flender | DeltaLabo\",\"isPartOf\":{\"@id\":\"https:\\\/\\\/webdesi-gn.fr\\\/dev_deltalabo\\\/#website\"},\"primaryImageOfPage\":{\"@id\":\"https:\\\/\\\/webdesi-gn.fr\\\/dev_deltalabo\\\/produits\\\/cat-produit\\\/test-de-moussage-des-huiles-selon-la-methode-flender\\\/#primaryimage\"},\"image\":{\"@id\":\"https:\\\/\\\/webdesi-gn.fr\\\/dev_deltalabo\\\/produits\\\/cat-produit\\\/test-de-moussage-des-huiles-selon-la-methode-flender\\\/#primaryimage\"},\"thumbnailUrl\":\"https:\\\/\\\/webdesi-gn.fr\\\/dev_deltalabo\\\/wp-content\\\/uploads\\\/2025\\\/11\\\/DELTA-LABO-test-de-moussage-3.jpg\",\"datePublished\":\"2025-11-24T14:16:39+00:00\",\"dateModified\":\"2025-11-24T14:19:53+00:00\",\"breadcrumb\":{\"@id\":\"https:\\\/\\\/webdesi-gn.fr\\\/dev_deltalabo\\\/produits\\\/cat-produit\\\/test-de-moussage-des-huiles-selon-la-methode-flender\\\/#breadcrumb\"},\"inLanguage\":\"fr-FR\",\"potentialAction\":[{\"@type\":\"ReadAction\",\"target\":[\"https:\\\/\\\/webdesi-gn.fr\\\/dev_deltalabo\\\/produits\\\/cat-produit\\\/test-de-moussage-des-huiles-selon-la-methode-flender\\\/\"]}]},{\"@type\":\"ImageObject\",\"inLanguage\":\"fr-FR\",\"@id\":\"https:\\\/\\\/webdesi-gn.fr\\\/dev_deltalabo\\\/produits\\\/cat-produit\\\/test-de-moussage-des-huiles-selon-la-methode-flender\\\/#primaryimage\",\"url\":\"https:\\\/\\\/webdesi-gn.fr\\\/dev_deltalabo\\\/wp-content\\\/uploads\\\/2025\\\/11\\\/DELTA-LABO-test-de-moussage-3.jpg\",\"contentUrl\":\"https:\\\/\\\/webdesi-gn.fr\\\/dev_deltalabo\\\/wp-content\\\/uploads\\\/2025\\\/11\\\/DELTA-LABO-test-de-moussage-3.jpg\",\"width\":1000,\"height\":667},{\"@type\":\"BreadcrumbList\",\"@id\":\"https:\\\/\\\/webdesi-gn.fr\\\/dev_deltalabo\\\/produits\\\/cat-produit\\\/test-de-moussage-des-huiles-selon-la-methode-flender\\\/#breadcrumb\",\"itemListElement\":[{\"@type\":\"ListItem\",\"position\":1,\"name\":\"Accueil\",\"item\":\"https:\\\/\\\/webdesi-gn.fr\\\/dev_deltalabo\\\/\"},{\"@type\":\"ListItem\",\"position\":2,\"name\":\"Produits\",\"item\":\"https:\\\/\\\/webdesi-gn.fr\\\/dev_deltalabo\\\/produits\\\/\"},{\"@type\":\"ListItem\",\"position\":3,\"name\":\"Test de moussage des huiles selon la m\u00e9thode Flender\"}]},{\"@type\":\"WebSite\",\"@id\":\"https:\\\/\\\/webdesi-gn.fr\\\/dev_deltalabo\\\/#website\",\"url\":\"https:\\\/\\\/webdesi-gn.fr\\\/dev_deltalabo\\\/\",\"name\":\"Delta Labo\",\"description\":\"Un site utilisant WordPress\",\"publisher\":{\"@id\":\"https:\\\/\\\/webdesi-gn.fr\\\/dev_deltalabo\\\/#organization\"},\"alternateName\":\"Delta Labo\",\"potentialAction\":[{\"@type\":\"SearchAction\",\"target\":{\"@type\":\"EntryPoint\",\"urlTemplate\":\"https:\\\/\\\/webdesi-gn.fr\\\/dev_deltalabo\\\/?s={search_term_string}\"},\"query-input\":{\"@type\":\"PropertyValueSpecification\",\"valueRequired\":true,\"valueName\":\"search_term_string\"}}],\"inLanguage\":\"fr-FR\"},{\"@type\":\"Organization\",\"@id\":\"https:\\\/\\\/webdesi-gn.fr\\\/dev_deltalabo\\\/#organization\",\"name\":\"DeltaLabo\",\"url\":\"https:\\\/\\\/webdesi-gn.fr\\\/dev_deltalabo\\\/\",\"logo\":{\"@type\":\"ImageObject\",\"inLanguage\":\"fr-FR\",\"@id\":\"https:\\\/\\\/webdesi-gn.fr\\\/dev_deltalabo\\\/#\\\/schema\\\/logo\\\/image\\\/\",\"url\":\"https:\\\/\\\/webdesi-gn.fr\\\/dev_deltalabo\\\/wp-content\\\/uploads\\\/2022\\\/07\\\/logo-deltalabo.png\",\"contentUrl\":\"https:\\\/\\\/webdesi-gn.fr\\\/dev_deltalabo\\\/wp-content\\\/uploads\\\/2022\\\/07\\\/logo-deltalabo.png\",\"width\":694,\"height\":306,\"caption\":\"DeltaLabo\"},\"image\":{\"@id\":\"https:\\\/\\\/webdesi-gn.fr\\\/dev_deltalabo\\\/#\\\/schema\\\/logo\\\/image\\\/\"}}]}<\/script>\n<!-- \/ Yoast SEO plugin. -->","yoast_head_json":{"title":"Test de moussage des huiles selon la m\u00e9thode Flender | DeltaLabo","robots":{"index":"noindex","follow":"follow","max-snippet":"max-snippet:-1","max-image-preview":"max-image-preview:large","max-video-preview":"max-video-preview:-1"},"og_locale":"fr_FR","og_type":"article","og_title":"Test de moussage des huiles selon la m\u00e9thode Flender | DeltaLabo","og_description":"Test de moussage des huiles selon la m\u00e9thode Flender :  Le test de moussage des huiles selon la m\u00e9thode Flender permet de tester les caract\u00e9ristiques de moussage des huiles conform\u00e9ment aux normes DIN EN ISO 12100-1, DIN EN ISO 12100-2, DIN EN 60204-1, EN 294, EN 349 et ISO 12152.  On retrouve des lubrifiants de haute qualit\u00e9, synth\u00e9tiques ou min\u00e9raux, en fonction de l\u2019application, dans tous les syst\u00e8mes m\u00e9caniques \u00e0 engrenages ou \u00e0 vis. Les contraintes appliqu\u00e9es sur ces m\u00e9canismes de nos jours impliquent d\u2019\u00eatre extr\u00eamement rigoureux quant au choix des huiles utilis\u00e9es. Il est possible en y ajoutant l\u2019additif appropri\u00e9 de modifier les propri\u00e9t\u00e9s de ces huiles et ainsi r\u00e9duire les dommages caus\u00e9s par le grippage, les t\u00e2ches grises, le piquage\u2026 sur les dents des engrenages.  Cependant, l\u2019ajout d\u2019additif modifie \u00e9galement la r\u00e9sistance au vieillissement ou les capacit\u00e9s de moussage des huiles. Une production excessive de mousse modifie les caract\u00e9ristiques techniques des engrenages ou des roulements. Elle peut m\u00eame causer des fuites d\u2019huile au niveau des bagues d\u2019\u00e9tanch\u00e9it\u00e9 ou des purges.  Les fabricants d'huile testent g\u00e9n\u00e9ralement les caract\u00e9ristiques de moussage des huiles par la m\u00e9thode ANSI\/ASTM D 892 et la m\u00e9thode DIN 51566 qui s'en inspire. Elles consistent \u00e0 insuffler de l'air dans un \u00e9chantillon d'huile pendant une dur\u00e9e d\u00e9termin\u00e9e. Cependant, ces m\u00e9thodes ne reproduisent pas les conditions de production de mousse dans un syst\u00e8me m\u00e9canique \u00e0 engrenages, telle qu\u2019une boite de vitesse par exemple. Un dispositif de test plus pertinent a donc \u00e9t\u00e9 mis au point.  Dans le cas du Flender Oil Foaming Test System, une paire d'engrenages est mise en rotation dans l'huile \u00e0 tester, ce qui permet de m\u00e9langer de l'air \u00e0 l'huile. De cette mani\u00e8re, le comportement des huiles\u00a0: absorption d'air, dispersion huile-air, mousse de surface, vieillissement est test\u00e9 dans des conditions proches de la r\u00e9alit\u00e9.  T\u00e9l\u00e9charger la brochure produit : Test de moussage des huiles selon la m\u00e9thode Flender","og_url":"https:\/\/webdesi-gn.fr\/dev_deltalabo\/produits\/cat-produit\/test-de-moussage-des-huiles-selon-la-methode-flender\/","og_site_name":"DeltaLabo","article_modified_time":"2025-11-24T14:19:53+00:00","og_image":[{"width":1280,"height":853,"url":"https:\/\/webdesi-gn.fr\/dev_deltalabo\/wp-content\/uploads\/2022\/01\/laboratory-g43d8b3442_1280.jpg","type":"image\/jpeg"}],"twitter_card":"summary_large_image","schema":{"@context":"https:\/\/schema.org","@graph":[{"@type":"WebPage","@id":"https:\/\/webdesi-gn.fr\/dev_deltalabo\/produits\/cat-produit\/test-de-moussage-des-huiles-selon-la-methode-flender\/","url":"https:\/\/webdesi-gn.fr\/dev_deltalabo\/produits\/cat-produit\/test-de-moussage-des-huiles-selon-la-methode-flender\/","name":"Test de moussage des huiles selon la m\u00e9thode Flender | DeltaLabo","isPartOf":{"@id":"https:\/\/webdesi-gn.fr\/dev_deltalabo\/#website"},"primaryImageOfPage":{"@id":"https:\/\/webdesi-gn.fr\/dev_deltalabo\/produits\/cat-produit\/test-de-moussage-des-huiles-selon-la-methode-flender\/#primaryimage"},"image":{"@id":"https:\/\/webdesi-gn.fr\/dev_deltalabo\/produits\/cat-produit\/test-de-moussage-des-huiles-selon-la-methode-flender\/#primaryimage"},"thumbnailUrl":"https:\/\/webdesi-gn.fr\/dev_deltalabo\/wp-content\/uploads\/2025\/11\/DELTA-LABO-test-de-moussage-3.jpg","datePublished":"2025-11-24T14:16:39+00:00","dateModified":"2025-11-24T14:19:53+00:00","breadcrumb":{"@id":"https:\/\/webdesi-gn.fr\/dev_deltalabo\/produits\/cat-produit\/test-de-moussage-des-huiles-selon-la-methode-flender\/#breadcrumb"},"inLanguage":"fr-FR","potentialAction":[{"@type":"ReadAction","target":["https:\/\/webdesi-gn.fr\/dev_deltalabo\/produits\/cat-produit\/test-de-moussage-des-huiles-selon-la-methode-flender\/"]}]},{"@type":"ImageObject","inLanguage":"fr-FR","@id":"https:\/\/webdesi-gn.fr\/dev_deltalabo\/produits\/cat-produit\/test-de-moussage-des-huiles-selon-la-methode-flender\/#primaryimage","url":"https:\/\/webdesi-gn.fr\/dev_deltalabo\/wp-content\/uploads\/2025\/11\/DELTA-LABO-test-de-moussage-3.jpg","contentUrl":"https:\/\/webdesi-gn.fr\/dev_deltalabo\/wp-content\/uploads\/2025\/11\/DELTA-LABO-test-de-moussage-3.jpg","width":1000,"height":667},{"@type":"BreadcrumbList","@id":"https:\/\/webdesi-gn.fr\/dev_deltalabo\/produits\/cat-produit\/test-de-moussage-des-huiles-selon-la-methode-flender\/#breadcrumb","itemListElement":[{"@type":"ListItem","position":1,"name":"Accueil","item":"https:\/\/webdesi-gn.fr\/dev_deltalabo\/"},{"@type":"ListItem","position":2,"name":"Produits","item":"https:\/\/webdesi-gn.fr\/dev_deltalabo\/produits\/"},{"@type":"ListItem","position":3,"name":"Test de moussage des huiles selon la m\u00e9thode Flender"}]},{"@type":"WebSite","@id":"https:\/\/webdesi-gn.fr\/dev_deltalabo\/#website","url":"https:\/\/webdesi-gn.fr\/dev_deltalabo\/","name":"Delta Labo","description":"Un site utilisant WordPress","publisher":{"@id":"https:\/\/webdesi-gn.fr\/dev_deltalabo\/#organization"},"alternateName":"Delta Labo","potentialAction":[{"@type":"SearchAction","target":{"@type":"EntryPoint","urlTemplate":"https:\/\/webdesi-gn.fr\/dev_deltalabo\/?s={search_term_string}"},"query-input":{"@type":"PropertyValueSpecification","valueRequired":true,"valueName":"search_term_string"}}],"inLanguage":"fr-FR"},{"@type":"Organization","@id":"https:\/\/webdesi-gn.fr\/dev_deltalabo\/#organization","name":"DeltaLabo","url":"https:\/\/webdesi-gn.fr\/dev_deltalabo\/","logo":{"@type":"ImageObject","inLanguage":"fr-FR","@id":"https:\/\/webdesi-gn.fr\/dev_deltalabo\/#\/schema\/logo\/image\/","url":"https:\/\/webdesi-gn.fr\/dev_deltalabo\/wp-content\/uploads\/2022\/07\/logo-deltalabo.png","contentUrl":"https:\/\/webdesi-gn.fr\/dev_deltalabo\/wp-content\/uploads\/2022\/07\/logo-deltalabo.png","width":694,"height":306,"caption":"DeltaLabo"},"image":{"@id":"https:\/\/webdesi-gn.fr\/dev_deltalabo\/#\/schema\/logo\/image\/"}}]}},"_links":{"self":[{"href":"https:\/\/webdesi-gn.fr\/dev_deltalabo\/wp-json\/wp\/v2\/product\/262679","targetHints":{"allow":["GET"]}}],"collection":[{"href":"https:\/\/webdesi-gn.fr\/dev_deltalabo\/wp-json\/wp\/v2\/product"}],"about":[{"href":"https:\/\/webdesi-gn.fr\/dev_deltalabo\/wp-json\/wp\/v2\/types\/product"}],"wp:featuredmedia":[{"embeddable":true,"href":"https:\/\/webdesi-gn.fr\/dev_deltalabo\/wp-json\/wp\/v2\/media\/262765"}],"wp:attachment":[{"href":"https:\/\/webdesi-gn.fr\/dev_deltalabo\/wp-json\/wp\/v2\/media?parent=262679"}],"wp:term":[{"taxonomy":"domaine","embeddable":true,"href":"https:\/\/webdesi-gn.fr\/dev_deltalabo\/wp-json\/wp\/v2\/domaine?post=262679"},{"taxonomy":"normes","embeddable":true,"href":"https:\/\/webdesi-gn.fr\/dev_deltalabo\/wp-json\/wp\/v2\/normes?post=262679"},{"taxonomy":"product_brand","embeddable":true,"href":"https:\/\/webdesi-gn.fr\/dev_deltalabo\/wp-json\/wp\/v2\/product_brand?post=262679"},{"taxonomy":"product_cat","embeddable":true,"href":"https:\/\/webdesi-gn.fr\/dev_deltalabo\/wp-json\/wp\/v2\/product_cat?post=262679"},{"taxonomy":"product_tag","embeddable":true,"href":"https:\/\/webdesi-gn.fr\/dev_deltalabo\/wp-json\/wp\/v2\/product_tag?post=262679"}],"curies":[{"name":"wp","href":"https:\/\/api.w.org\/{rel}","templated":true}]}}