{"id":262688,"date":"2025-11-24T15:17:05","date_gmt":"2025-11-24T14:17:05","guid":{"rendered":"https:\/\/webdesi-gn.fr\/dev_deltalabo\/?post_type=product&#038;p=262688"},"modified":"2025-11-24T15:20:01","modified_gmt":"2025-11-24T14:20:01","slug":"refractometres-numeriques-bellingham-stanley-rfm-a-ecran-tactile","status":"publish","type":"product","link":"https:\/\/webdesi-gn.fr\/dev_deltalabo\/produits\/categories\/refractometres-numeriques-bellingham-stanley-rfm-a-ecran-tactile\/","title":{"rendered":"R\u00e9fractom\u00e8tres num\u00e9riques Bellingham &#038; Stanley &#8211; RFM \u00e0 \u00e9cran tactile"},"content":{"rendered":"","protected":false},"excerpt":{"rendered":"<p><strong>R\u00e9fractom\u00e8tres num\u00e9riques Bellingham &amp; Stanley &#8211; RFM \u00e0 \u00e9cran tactile : <\/strong><\/p>\n<p>Les r\u00e9fractom\u00e8tres num\u00e9riques Bellingham &amp; Stanley &#8211; RFM \u00e0 \u00e9cran tactile int\u00e8grent les derni\u00e8res innovations des laboratoires Bellingham &amp; Stanley. Ils sont dot\u00e9s d&rsquo;un bo\u00eetier ABS durable et con\u00e7us pour offrir pr\u00e9cision et efficacit\u00e9. Ils disposent d&rsquo;une r\u00e9gulation de la temp\u00e9rature par effet Peltier, de micro cellules \u00e0 flux continu avec joints sp\u00e9ciaux Chemraz, de fonctions polynomiales sp\u00e9cifiques etc&#8230;<\/p>\n<p>Les r\u00e9sultats s&rsquo;affichent rapidement, en moins de 5 secondes selon le mod\u00e8le et le mode s\u00e9lectionn\u00e9s. La stabilisation intelligente de la temp\u00e9rature est activ\u00e9e avant la lecture afin d&rsquo;obtenir les r\u00e9sultats les plus pr\u00e9cis en un temps record.<\/p>\n<p><strong>T\u00e9l\u00e9charger la brochure produit :<\/strong> <a href=\"https:\/\/www.deltalabo.fr\/wp-content\/uploads\/2025\/07\/Brochure-Refractometers-RFM-engl-DL-2025.pdf\">R\u00e9fractom\u00e8tres num\u00e9riques Bellingham &amp; Stanley &#8211; RFM \u00e0 \u00e9cran tactile<\/a><\/p>\n<p><strong>T\u00e9l\u00e9charger la brochure produit \u00ab\u00a0\u00e9talons de r\u00e9f\u00e9rence certifi\u00e9s\u00a0\u00bb :<\/strong> <a href=\"https:\/\/www.deltalabo.fr\/wp-content\/uploads\/2025\/08\/Brochure-etalons-de-reference-certifies-fr-DL.pdf\">Etalons de r\u00e9f\u00e9rence certifi\u00e9s<\/a><\/p>\n","protected":false},"featured_media":262774,"template":"","meta":{"_acf_changed":false,"site-sidebar-layout":"default","site-content-layout":"","ast-site-content-layout":"default","site-content-style":"default","site-sidebar-style":"default","ast-global-header-display":"","ast-banner-title-visibility":"","ast-main-header-display":"","ast-hfb-above-header-display":"","ast-hfb-below-header-display":"","ast-hfb-mobile-header-display":"","site-post-title":"","ast-breadcrumbs-content":"","ast-featured-img":"","footer-sml-layout":"","ast-disable-related-posts":"","theme-transparent-header-meta":"","adv-header-id-meta":"","stick-header-meta":"","header-above-stick-meta":"","header-main-stick-meta":"","header-below-stick-meta":"","astra-migrate-meta-layouts":"default","ast-page-background-enabled":"default","ast-page-background-meta":{"desktop":{"background-color":"var(--ast-global-color-5)","background-image":"","background-repeat":"repeat","background-position":"center center","background-size":"auto","background-attachment":"scroll","background-type":"","background-media":"","overlay-type":"","overlay-color":"","overlay-opacity":"","overlay-gradient":""},"tablet":{"background-color":"","background-image":"","background-repeat":"repeat","background-position":"center center","background-size":"auto","background-attachment":"scroll","background-type":"","background-media":"","overlay-type":"","overlay-color":"","overlay-opacity":"","overlay-gradient":""},"mobile":{"background-color":"","background-image":"","background-repeat":"repeat","background-position":"center center","background-size":"auto","background-attachment":"scroll","background-type":"","background-media":"","overlay-type":"","overlay-color":"","overlay-opacity":"","overlay-gradient":""}},"ast-content-background-meta":{"desktop":{"background-color":"var(--ast-global-color-4)","background-image":"","background-repeat":"repeat","background-position":"center center","background-size":"auto","background-attachment":"scroll","background-type":"","background-media":"","overlay-type":"","overlay-color":"","overlay-opacity":"","overlay-gradient":""},"tablet":{"background-color":"var(--ast-global-color-4)","background-image":"","background-repeat":"repeat","background-position":"center center","background-size":"auto","background-attachment":"scroll","background-type":"","background-media":"","overlay-type":"","overlay-color":"","overlay-opacity":"","overlay-gradient":""},"mobile":{"background-color":"var(--ast-global-color-4)","background-image":"","background-repeat":"repeat","background-position":"center center","background-size":"auto","background-attachment":"scroll","background-type":"","background-media":"","overlay-type":"","overlay-color":"","overlay-opacity":"","overlay-gradient":""}}},"domaine":[],"normes":[],"product_brand":[],"product_cat":[17240],"product_tag":[],"class_list":{"0":"post-262688","1":"product","2":"type-product","3":"status-publish","4":"has-post-thumbnail","6":"product_cat-categories","7":"desktop-align-left","8":"tablet-align-left","9":"mobile-align-left","11":"first","12":"instock","13":"shipping-taxable","14":"product-type-simple"},"acf":[],"yoast_head":"<!-- This site is optimized with the Yoast SEO plugin v27.4 - https:\/\/yoast.com\/product\/yoast-seo-wordpress\/ -->\n<title>R\u00e9fractom\u00e8tres num\u00e9riques Bellingham &amp; Stanley - RFM \u00e0 \u00e9cran tactile | DeltaLabo<\/title>\n<meta name=\"robots\" content=\"noindex, follow, max-snippet:-1, max-image-preview:large, max-video-preview:-1\" \/>\n<meta property=\"og:locale\" content=\"fr_FR\" \/>\n<meta property=\"og:type\" content=\"article\" \/>\n<meta property=\"og:title\" content=\"R\u00e9fractom\u00e8tres num\u00e9riques Bellingham &amp; Stanley - RFM \u00e0 \u00e9cran tactile | DeltaLabo\" \/>\n<meta property=\"og:description\" content=\"R\u00e9fractom\u00e8tres num\u00e9riques Bellingham &amp; Stanley - RFM \u00e0 \u00e9cran tactile :   Les r\u00e9fractom\u00e8tres num\u00e9riques Bellingham &amp; Stanley - RFM \u00e0 \u00e9cran tactile int\u00e8grent les derni\u00e8res innovations des laboratoires Bellingham &amp; Stanley. Ils sont dot\u00e9s d&#039;un bo\u00eetier ABS durable et con\u00e7us pour offrir pr\u00e9cision et efficacit\u00e9. Ils disposent d&#039;une r\u00e9gulation de la temp\u00e9rature par effet Peltier, de micro cellules \u00e0 flux continu avec joints sp\u00e9ciaux Chemraz, de fonctions polynomiales sp\u00e9cifiques etc...  Les r\u00e9sultats s&#039;affichent rapidement, en moins de 5 secondes selon le mod\u00e8le et le mode s\u00e9lectionn\u00e9s. La stabilisation intelligente de la temp\u00e9rature est activ\u00e9e avant la lecture afin d&#039;obtenir les r\u00e9sultats les plus pr\u00e9cis en un temps record.  T\u00e9l\u00e9charger la brochure produit : R\u00e9fractom\u00e8tres num\u00e9riques Bellingham &amp; Stanley - RFM \u00e0 \u00e9cran tactile  T\u00e9l\u00e9charger la brochure produit \u00ab\u00a0\u00e9talons de r\u00e9f\u00e9rence certifi\u00e9s\u00a0\u00bb : Etalons de r\u00e9f\u00e9rence certifi\u00e9s\" \/>\n<meta property=\"og:url\" content=\"https:\/\/webdesi-gn.fr\/dev_deltalabo\/produits\/cat-produit\/refractometres-numeriques-bellingham-stanley-rfm-a-ecran-tactile\/\" \/>\n<meta property=\"og:site_name\" content=\"DeltaLabo\" \/>\n<meta property=\"article:modified_time\" content=\"2025-11-24T14:20:01+00:00\" \/>\n<meta property=\"og:image\" content=\"https:\/\/webdesi-gn.fr\/dev_deltalabo\/wp-content\/uploads\/2022\/01\/laboratory-g43d8b3442_1280.jpg\" \/>\n\t<meta property=\"og:image:width\" content=\"1280\" \/>\n\t<meta property=\"og:image:height\" content=\"853\" \/>\n\t<meta property=\"og:image:type\" content=\"image\/jpeg\" \/>\n<meta name=\"twitter:card\" content=\"summary_large_image\" \/>\n<script type=\"application\/ld+json\" class=\"yoast-schema-graph\">{\"@context\":\"https:\\\/\\\/schema.org\",\"@graph\":[{\"@type\":\"WebPage\",\"@id\":\"https:\\\/\\\/webdesi-gn.fr\\\/dev_deltalabo\\\/produits\\\/cat-produit\\\/refractometres-numeriques-bellingham-stanley-rfm-a-ecran-tactile\\\/\",\"url\":\"https:\\\/\\\/webdesi-gn.fr\\\/dev_deltalabo\\\/produits\\\/cat-produit\\\/refractometres-numeriques-bellingham-stanley-rfm-a-ecran-tactile\\\/\",\"name\":\"R\u00e9fractom\u00e8tres num\u00e9riques Bellingham & Stanley - RFM \u00e0 \u00e9cran tactile | DeltaLabo\",\"isPartOf\":{\"@id\":\"https:\\\/\\\/webdesi-gn.fr\\\/dev_deltalabo\\\/#website\"},\"primaryImageOfPage\":{\"@id\":\"https:\\\/\\\/webdesi-gn.fr\\\/dev_deltalabo\\\/produits\\\/cat-produit\\\/refractometres-numeriques-bellingham-stanley-rfm-a-ecran-tactile\\\/#primaryimage\"},\"image\":{\"@id\":\"https:\\\/\\\/webdesi-gn.fr\\\/dev_deltalabo\\\/produits\\\/cat-produit\\\/refractometres-numeriques-bellingham-stanley-rfm-a-ecran-tactile\\\/#primaryimage\"},\"thumbnailUrl\":\"https:\\\/\\\/webdesi-gn.fr\\\/dev_deltalabo\\\/wp-content\\\/uploads\\\/2025\\\/11\\\/DELTA-LABO-RFM900T.jpg\",\"datePublished\":\"2025-11-24T14:17:05+00:00\",\"dateModified\":\"2025-11-24T14:20:01+00:00\",\"breadcrumb\":{\"@id\":\"https:\\\/\\\/webdesi-gn.fr\\\/dev_deltalabo\\\/produits\\\/cat-produit\\\/refractometres-numeriques-bellingham-stanley-rfm-a-ecran-tactile\\\/#breadcrumb\"},\"inLanguage\":\"fr-FR\",\"potentialAction\":[{\"@type\":\"ReadAction\",\"target\":[\"https:\\\/\\\/webdesi-gn.fr\\\/dev_deltalabo\\\/produits\\\/cat-produit\\\/refractometres-numeriques-bellingham-stanley-rfm-a-ecran-tactile\\\/\"]}]},{\"@type\":\"ImageObject\",\"inLanguage\":\"fr-FR\",\"@id\":\"https:\\\/\\\/webdesi-gn.fr\\\/dev_deltalabo\\\/produits\\\/cat-produit\\\/refractometres-numeriques-bellingham-stanley-rfm-a-ecran-tactile\\\/#primaryimage\",\"url\":\"https:\\\/\\\/webdesi-gn.fr\\\/dev_deltalabo\\\/wp-content\\\/uploads\\\/2025\\\/11\\\/DELTA-LABO-RFM900T.jpg\",\"contentUrl\":\"https:\\\/\\\/webdesi-gn.fr\\\/dev_deltalabo\\\/wp-content\\\/uploads\\\/2025\\\/11\\\/DELTA-LABO-RFM900T.jpg\",\"width\":600,\"height\":600},{\"@type\":\"BreadcrumbList\",\"@id\":\"https:\\\/\\\/webdesi-gn.fr\\\/dev_deltalabo\\\/produits\\\/cat-produit\\\/refractometres-numeriques-bellingham-stanley-rfm-a-ecran-tactile\\\/#breadcrumb\",\"itemListElement\":[{\"@type\":\"ListItem\",\"position\":1,\"name\":\"Accueil\",\"item\":\"https:\\\/\\\/webdesi-gn.fr\\\/dev_deltalabo\\\/\"},{\"@type\":\"ListItem\",\"position\":2,\"name\":\"Produits\",\"item\":\"https:\\\/\\\/webdesi-gn.fr\\\/dev_deltalabo\\\/produits\\\/\"},{\"@type\":\"ListItem\",\"position\":3,\"name\":\"R\u00e9fractom\u00e8tres num\u00e9riques Bellingham &#038; Stanley &#8211; RFM \u00e0 \u00e9cran tactile\"}]},{\"@type\":\"WebSite\",\"@id\":\"https:\\\/\\\/webdesi-gn.fr\\\/dev_deltalabo\\\/#website\",\"url\":\"https:\\\/\\\/webdesi-gn.fr\\\/dev_deltalabo\\\/\",\"name\":\"Delta Labo\",\"description\":\"Un site utilisant WordPress\",\"publisher\":{\"@id\":\"https:\\\/\\\/webdesi-gn.fr\\\/dev_deltalabo\\\/#organization\"},\"alternateName\":\"Delta Labo\",\"potentialAction\":[{\"@type\":\"SearchAction\",\"target\":{\"@type\":\"EntryPoint\",\"urlTemplate\":\"https:\\\/\\\/webdesi-gn.fr\\\/dev_deltalabo\\\/?s={search_term_string}\"},\"query-input\":{\"@type\":\"PropertyValueSpecification\",\"valueRequired\":true,\"valueName\":\"search_term_string\"}}],\"inLanguage\":\"fr-FR\"},{\"@type\":\"Organization\",\"@id\":\"https:\\\/\\\/webdesi-gn.fr\\\/dev_deltalabo\\\/#organization\",\"name\":\"DeltaLabo\",\"url\":\"https:\\\/\\\/webdesi-gn.fr\\\/dev_deltalabo\\\/\",\"logo\":{\"@type\":\"ImageObject\",\"inLanguage\":\"fr-FR\",\"@id\":\"https:\\\/\\\/webdesi-gn.fr\\\/dev_deltalabo\\\/#\\\/schema\\\/logo\\\/image\\\/\",\"url\":\"https:\\\/\\\/webdesi-gn.fr\\\/dev_deltalabo\\\/wp-content\\\/uploads\\\/2022\\\/07\\\/logo-deltalabo.png\",\"contentUrl\":\"https:\\\/\\\/webdesi-gn.fr\\\/dev_deltalabo\\\/wp-content\\\/uploads\\\/2022\\\/07\\\/logo-deltalabo.png\",\"width\":694,\"height\":306,\"caption\":\"DeltaLabo\"},\"image\":{\"@id\":\"https:\\\/\\\/webdesi-gn.fr\\\/dev_deltalabo\\\/#\\\/schema\\\/logo\\\/image\\\/\"}}]}<\/script>\n<!-- \/ Yoast SEO plugin. -->","yoast_head_json":{"title":"R\u00e9fractom\u00e8tres num\u00e9riques Bellingham & Stanley - RFM \u00e0 \u00e9cran tactile | DeltaLabo","robots":{"index":"noindex","follow":"follow","max-snippet":"max-snippet:-1","max-image-preview":"max-image-preview:large","max-video-preview":"max-video-preview:-1"},"og_locale":"fr_FR","og_type":"article","og_title":"R\u00e9fractom\u00e8tres num\u00e9riques Bellingham & Stanley - RFM \u00e0 \u00e9cran tactile | DeltaLabo","og_description":"R\u00e9fractom\u00e8tres num\u00e9riques Bellingham &amp; Stanley - RFM \u00e0 \u00e9cran tactile :   Les r\u00e9fractom\u00e8tres num\u00e9riques Bellingham &amp; Stanley - RFM \u00e0 \u00e9cran tactile int\u00e8grent les derni\u00e8res innovations des laboratoires Bellingham &amp; Stanley. Ils sont dot\u00e9s d'un bo\u00eetier ABS durable et con\u00e7us pour offrir pr\u00e9cision et efficacit\u00e9. Ils disposent d'une r\u00e9gulation de la temp\u00e9rature par effet Peltier, de micro cellules \u00e0 flux continu avec joints sp\u00e9ciaux Chemraz, de fonctions polynomiales sp\u00e9cifiques etc...  Les r\u00e9sultats s'affichent rapidement, en moins de 5 secondes selon le mod\u00e8le et le mode s\u00e9lectionn\u00e9s. La stabilisation intelligente de la temp\u00e9rature est activ\u00e9e avant la lecture afin d'obtenir les r\u00e9sultats les plus pr\u00e9cis en un temps record.  T\u00e9l\u00e9charger la brochure produit : R\u00e9fractom\u00e8tres num\u00e9riques Bellingham &amp; Stanley - RFM \u00e0 \u00e9cran tactile  T\u00e9l\u00e9charger la brochure produit \u00ab\u00a0\u00e9talons de r\u00e9f\u00e9rence certifi\u00e9s\u00a0\u00bb : Etalons de r\u00e9f\u00e9rence certifi\u00e9s","og_url":"https:\/\/webdesi-gn.fr\/dev_deltalabo\/produits\/cat-produit\/refractometres-numeriques-bellingham-stanley-rfm-a-ecran-tactile\/","og_site_name":"DeltaLabo","article_modified_time":"2025-11-24T14:20:01+00:00","og_image":[{"width":1280,"height":853,"url":"https:\/\/webdesi-gn.fr\/dev_deltalabo\/wp-content\/uploads\/2022\/01\/laboratory-g43d8b3442_1280.jpg","type":"image\/jpeg"}],"twitter_card":"summary_large_image","schema":{"@context":"https:\/\/schema.org","@graph":[{"@type":"WebPage","@id":"https:\/\/webdesi-gn.fr\/dev_deltalabo\/produits\/cat-produit\/refractometres-numeriques-bellingham-stanley-rfm-a-ecran-tactile\/","url":"https:\/\/webdesi-gn.fr\/dev_deltalabo\/produits\/cat-produit\/refractometres-numeriques-bellingham-stanley-rfm-a-ecran-tactile\/","name":"R\u00e9fractom\u00e8tres num\u00e9riques Bellingham & Stanley - RFM \u00e0 \u00e9cran tactile | DeltaLabo","isPartOf":{"@id":"https:\/\/webdesi-gn.fr\/dev_deltalabo\/#website"},"primaryImageOfPage":{"@id":"https:\/\/webdesi-gn.fr\/dev_deltalabo\/produits\/cat-produit\/refractometres-numeriques-bellingham-stanley-rfm-a-ecran-tactile\/#primaryimage"},"image":{"@id":"https:\/\/webdesi-gn.fr\/dev_deltalabo\/produits\/cat-produit\/refractometres-numeriques-bellingham-stanley-rfm-a-ecran-tactile\/#primaryimage"},"thumbnailUrl":"https:\/\/webdesi-gn.fr\/dev_deltalabo\/wp-content\/uploads\/2025\/11\/DELTA-LABO-RFM900T.jpg","datePublished":"2025-11-24T14:17:05+00:00","dateModified":"2025-11-24T14:20:01+00:00","breadcrumb":{"@id":"https:\/\/webdesi-gn.fr\/dev_deltalabo\/produits\/cat-produit\/refractometres-numeriques-bellingham-stanley-rfm-a-ecran-tactile\/#breadcrumb"},"inLanguage":"fr-FR","potentialAction":[{"@type":"ReadAction","target":["https:\/\/webdesi-gn.fr\/dev_deltalabo\/produits\/cat-produit\/refractometres-numeriques-bellingham-stanley-rfm-a-ecran-tactile\/"]}]},{"@type":"ImageObject","inLanguage":"fr-FR","@id":"https:\/\/webdesi-gn.fr\/dev_deltalabo\/produits\/cat-produit\/refractometres-numeriques-bellingham-stanley-rfm-a-ecran-tactile\/#primaryimage","url":"https:\/\/webdesi-gn.fr\/dev_deltalabo\/wp-content\/uploads\/2025\/11\/DELTA-LABO-RFM900T.jpg","contentUrl":"https:\/\/webdesi-gn.fr\/dev_deltalabo\/wp-content\/uploads\/2025\/11\/DELTA-LABO-RFM900T.jpg","width":600,"height":600},{"@type":"BreadcrumbList","@id":"https:\/\/webdesi-gn.fr\/dev_deltalabo\/produits\/cat-produit\/refractometres-numeriques-bellingham-stanley-rfm-a-ecran-tactile\/#breadcrumb","itemListElement":[{"@type":"ListItem","position":1,"name":"Accueil","item":"https:\/\/webdesi-gn.fr\/dev_deltalabo\/"},{"@type":"ListItem","position":2,"name":"Produits","item":"https:\/\/webdesi-gn.fr\/dev_deltalabo\/produits\/"},{"@type":"ListItem","position":3,"name":"R\u00e9fractom\u00e8tres num\u00e9riques Bellingham &#038; Stanley &#8211; RFM \u00e0 \u00e9cran tactile"}]},{"@type":"WebSite","@id":"https:\/\/webdesi-gn.fr\/dev_deltalabo\/#website","url":"https:\/\/webdesi-gn.fr\/dev_deltalabo\/","name":"Delta Labo","description":"Un site utilisant WordPress","publisher":{"@id":"https:\/\/webdesi-gn.fr\/dev_deltalabo\/#organization"},"alternateName":"Delta Labo","potentialAction":[{"@type":"SearchAction","target":{"@type":"EntryPoint","urlTemplate":"https:\/\/webdesi-gn.fr\/dev_deltalabo\/?s={search_term_string}"},"query-input":{"@type":"PropertyValueSpecification","valueRequired":true,"valueName":"search_term_string"}}],"inLanguage":"fr-FR"},{"@type":"Organization","@id":"https:\/\/webdesi-gn.fr\/dev_deltalabo\/#organization","name":"DeltaLabo","url":"https:\/\/webdesi-gn.fr\/dev_deltalabo\/","logo":{"@type":"ImageObject","inLanguage":"fr-FR","@id":"https:\/\/webdesi-gn.fr\/dev_deltalabo\/#\/schema\/logo\/image\/","url":"https:\/\/webdesi-gn.fr\/dev_deltalabo\/wp-content\/uploads\/2022\/07\/logo-deltalabo.png","contentUrl":"https:\/\/webdesi-gn.fr\/dev_deltalabo\/wp-content\/uploads\/2022\/07\/logo-deltalabo.png","width":694,"height":306,"caption":"DeltaLabo"},"image":{"@id":"https:\/\/webdesi-gn.fr\/dev_deltalabo\/#\/schema\/logo\/image\/"}}]}},"_links":{"self":[{"href":"https:\/\/webdesi-gn.fr\/dev_deltalabo\/wp-json\/wp\/v2\/product\/262688","targetHints":{"allow":["GET"]}}],"collection":[{"href":"https:\/\/webdesi-gn.fr\/dev_deltalabo\/wp-json\/wp\/v2\/product"}],"about":[{"href":"https:\/\/webdesi-gn.fr\/dev_deltalabo\/wp-json\/wp\/v2\/types\/product"}],"wp:featuredmedia":[{"embeddable":true,"href":"https:\/\/webdesi-gn.fr\/dev_deltalabo\/wp-json\/wp\/v2\/media\/262774"}],"wp:attachment":[{"href":"https:\/\/webdesi-gn.fr\/dev_deltalabo\/wp-json\/wp\/v2\/media?parent=262688"}],"wp:term":[{"taxonomy":"domaine","embeddable":true,"href":"https:\/\/webdesi-gn.fr\/dev_deltalabo\/wp-json\/wp\/v2\/domaine?post=262688"},{"taxonomy":"normes","embeddable":true,"href":"https:\/\/webdesi-gn.fr\/dev_deltalabo\/wp-json\/wp\/v2\/normes?post=262688"},{"taxonomy":"product_brand","embeddable":true,"href":"https:\/\/webdesi-gn.fr\/dev_deltalabo\/wp-json\/wp\/v2\/product_brand?post=262688"},{"taxonomy":"product_cat","embeddable":true,"href":"https:\/\/webdesi-gn.fr\/dev_deltalabo\/wp-json\/wp\/v2\/product_cat?post=262688"},{"taxonomy":"product_tag","embeddable":true,"href":"https:\/\/webdesi-gn.fr\/dev_deltalabo\/wp-json\/wp\/v2\/product_tag?post=262688"}],"curies":[{"name":"wp","href":"https:\/\/api.w.org\/{rel}","templated":true}]}}