{"id":262690,"date":"2025-11-24T15:17:06","date_gmt":"2025-11-24T14:17:06","guid":{"rendered":"https:\/\/webdesi-gn.fr\/dev_deltalabo\/?post_type=product&#038;p=262690"},"modified":"2025-11-24T15:20:14","modified_gmt":"2025-11-24T14:20:14","slug":"systeme-deau-purifiee-evoqua-ultra-clear-ro","status":"publish","type":"product","link":"https:\/\/webdesi-gn.fr\/dev_deltalabo\/produits\/categories\/systeme-deau-purifiee-evoqua-ultra-clear-ro\/","title":{"rendered":"Syst\u00e8me d\u2019eau purifi\u00e9e EVOQUA &#8211; Ultra Clear\u2122 RO"},"content":{"rendered":"","protected":false},"excerpt":{"rendered":"<p><strong>Syst\u00e8me d\u2019eau purifi\u00e9e EVOQUA &#8211; Ultra Clear\u2122 RO :\u00a0<\/strong><\/p>\n<p>Le syst\u00e8me d&rsquo;eau purifi\u00e9e EVOQUA Ultra Clear\u00ae RO produit une eau purifi\u00e9e de haute qualit\u00e9 \u00e0 partir d\u2019une eau potable douce ou dure stabilis\u00e9e \u00e0 l\u2019aide de l\u2019osmose inverse.<\/p>\n<p>Avec un taux de r\u00e9tention de sel \u00e9lev\u00e9 et une faible consommation d&rsquo;\u00e9nergie, les membranes \u00e0 faible \u00e9nergie assurent un fonctionnement efficace et \u00e9conomique.<\/p>\n<p>Les programmes de rin\u00e7age des membranes automatiques et int\u00e9gr\u00e9s permettent aux appareils d\u2019agir sur de l\u2019eau municipale non trait\u00e9e. Le d\u00e9bit de r\u00e9cup\u00e9ration de l\u2019eau produite d\u00e9fini en usine passe \u00e0 50%.<\/p>\n<p>L\u2019affichage indique l&rsquo;arriv\u00e9e et la qualit\u00e9 de l\u2019eau produite, la conductivit\u00e9, les messages d\u2019erreur, ainsi que le niveau du r\u00e9servoir, la pression d\u2019exploitation, les intervalles de maintenance et plus encore.<\/p>\n<p>Quatre mod\u00e8les existent selon la taille de r\u00e9servoir souhait\u00e9e.<\/p>\n<p><strong>T\u00e9l\u00e9charger la brochure produit :<\/strong> <a href=\"https:\/\/www.deltalabo.fr\/wp-content\/uploads\/2025\/10\/Ultra-Clear-RO-DI-EDI-fr-DL-2025-new-1.pdf\">Syst\u00e8me d\u2019eau purifi\u00e9e EVOQUA &#8211; Ultra Clear\u2122 RO<\/a><\/p>\n","protected":false},"featured_media":262779,"template":"","meta":{"_acf_changed":false,"site-sidebar-layout":"default","site-content-layout":"","ast-site-content-layout":"default","site-content-style":"default","site-sidebar-style":"default","ast-global-header-display":"","ast-banner-title-visibility":"","ast-main-header-display":"","ast-hfb-above-header-display":"","ast-hfb-below-header-display":"","ast-hfb-mobile-header-display":"","site-post-title":"","ast-breadcrumbs-content":"","ast-featured-img":"","footer-sml-layout":"","ast-disable-related-posts":"","theme-transparent-header-meta":"","adv-header-id-meta":"","stick-header-meta":"","header-above-stick-meta":"","header-main-stick-meta":"","header-below-stick-meta":"","astra-migrate-meta-layouts":"default","ast-page-background-enabled":"default","ast-page-background-meta":{"desktop":{"background-color":"var(--ast-global-color-5)","background-image":"","background-repeat":"repeat","background-position":"center center","background-size":"auto","background-attachment":"scroll","background-type":"","background-media":"","overlay-type":"","overlay-color":"","overlay-opacity":"","overlay-gradient":""},"tablet":{"background-color":"","background-image":"","background-repeat":"repeat","background-position":"center center","background-size":"auto","background-attachment":"scroll","background-type":"","background-media":"","overlay-type":"","overlay-color":"","overlay-opacity":"","overlay-gradient":""},"mobile":{"background-color":"","background-image":"","background-repeat":"repeat","background-position":"center center","background-size":"auto","background-attachment":"scroll","background-type":"","background-media":"","overlay-type":"","overlay-color":"","overlay-opacity":"","overlay-gradient":""}},"ast-content-background-meta":{"desktop":{"background-color":"var(--ast-global-color-4)","background-image":"","background-repeat":"repeat","background-position":"center center","background-size":"auto","background-attachment":"scroll","background-type":"","background-media":"","overlay-type":"","overlay-color":"","overlay-opacity":"","overlay-gradient":""},"tablet":{"background-color":"var(--ast-global-color-4)","background-image":"","background-repeat":"repeat","background-position":"center center","background-size":"auto","background-attachment":"scroll","background-type":"","background-media":"","overlay-type":"","overlay-color":"","overlay-opacity":"","overlay-gradient":""},"mobile":{"background-color":"var(--ast-global-color-4)","background-image":"","background-repeat":"repeat","background-position":"center center","background-size":"auto","background-attachment":"scroll","background-type":"","background-media":"","overlay-type":"","overlay-color":"","overlay-opacity":"","overlay-gradient":""}}},"domaine":[],"normes":[],"product_brand":[],"product_cat":[17240],"product_tag":[],"class_list":{"0":"post-262690","1":"product","2":"type-product","3":"status-publish","4":"has-post-thumbnail","6":"product_cat-categories","7":"desktop-align-left","8":"tablet-align-left","9":"mobile-align-left","11":"first","12":"instock","13":"shipping-taxable","14":"product-type-simple"},"acf":[],"yoast_head":"<!-- This site is optimized with the Yoast SEO plugin v27.4 - https:\/\/yoast.com\/product\/yoast-seo-wordpress\/ -->\n<title>Syst\u00e8me d\u2019eau purifi\u00e9e EVOQUA - Ultra Clear\u2122 RO | DeltaLabo<\/title>\n<meta name=\"robots\" content=\"noindex, follow, max-snippet:-1, max-image-preview:large, max-video-preview:-1\" \/>\n<meta property=\"og:locale\" content=\"fr_FR\" \/>\n<meta property=\"og:type\" content=\"article\" \/>\n<meta property=\"og:title\" content=\"Syst\u00e8me d\u2019eau purifi\u00e9e EVOQUA - Ultra Clear\u2122 RO | DeltaLabo\" \/>\n<meta property=\"og:description\" content=\"Syst\u00e8me d\u2019eau purifi\u00e9e EVOQUA - Ultra Clear\u2122 RO :\u00a0  Le syst\u00e8me d&#039;eau purifi\u00e9e EVOQUA Ultra Clear\u00ae RO produit une eau purifi\u00e9e de haute qualit\u00e9 \u00e0 partir d\u2019une eau potable douce ou dure stabilis\u00e9e \u00e0 l\u2019aide de l\u2019osmose inverse.  Avec un taux de r\u00e9tention de sel \u00e9lev\u00e9 et une faible consommation d&#039;\u00e9nergie, les membranes \u00e0 faible \u00e9nergie assurent un fonctionnement efficace et \u00e9conomique.  Les programmes de rin\u00e7age des membranes automatiques et int\u00e9gr\u00e9s permettent aux appareils d\u2019agir sur de l\u2019eau municipale non trait\u00e9e. Le d\u00e9bit de r\u00e9cup\u00e9ration de l\u2019eau produite d\u00e9fini en usine passe \u00e0 50%.  L\u2019affichage indique l&#039;arriv\u00e9e et la qualit\u00e9 de l\u2019eau produite, la conductivit\u00e9, les messages d\u2019erreur, ainsi que le niveau du r\u00e9servoir, la pression d\u2019exploitation, les intervalles de maintenance et plus encore.  Quatre mod\u00e8les existent selon la taille de r\u00e9servoir souhait\u00e9e.  T\u00e9l\u00e9charger la brochure produit : Syst\u00e8me d\u2019eau purifi\u00e9e EVOQUA - Ultra Clear\u2122 RO\" \/>\n<meta property=\"og:url\" content=\"https:\/\/webdesi-gn.fr\/dev_deltalabo\/produits\/cat-produit\/systeme-deau-purifiee-evoqua-ultra-clear-ro\/\" \/>\n<meta property=\"og:site_name\" content=\"DeltaLabo\" \/>\n<meta property=\"article:modified_time\" content=\"2025-11-24T14:20:14+00:00\" \/>\n<meta property=\"og:image\" content=\"https:\/\/webdesi-gn.fr\/dev_deltalabo\/wp-content\/uploads\/2022\/01\/laboratory-g43d8b3442_1280.jpg\" \/>\n\t<meta property=\"og:image:width\" content=\"1280\" \/>\n\t<meta property=\"og:image:height\" content=\"853\" \/>\n\t<meta property=\"og:image:type\" content=\"image\/jpeg\" \/>\n<meta name=\"twitter:card\" content=\"summary_large_image\" \/>\n<script type=\"application\/ld+json\" class=\"yoast-schema-graph\">{\"@context\":\"https:\\\/\\\/schema.org\",\"@graph\":[{\"@type\":\"WebPage\",\"@id\":\"https:\\\/\\\/webdesi-gn.fr\\\/dev_deltalabo\\\/produits\\\/cat-produit\\\/systeme-deau-purifiee-evoqua-ultra-clear-ro\\\/\",\"url\":\"https:\\\/\\\/webdesi-gn.fr\\\/dev_deltalabo\\\/produits\\\/cat-produit\\\/systeme-deau-purifiee-evoqua-ultra-clear-ro\\\/\",\"name\":\"Syst\u00e8me d\u2019eau purifi\u00e9e EVOQUA - Ultra Clear\u2122 RO | DeltaLabo\",\"isPartOf\":{\"@id\":\"https:\\\/\\\/webdesi-gn.fr\\\/dev_deltalabo\\\/#website\"},\"primaryImageOfPage\":{\"@id\":\"https:\\\/\\\/webdesi-gn.fr\\\/dev_deltalabo\\\/produits\\\/cat-produit\\\/systeme-deau-purifiee-evoqua-ultra-clear-ro\\\/#primaryimage\"},\"image\":{\"@id\":\"https:\\\/\\\/webdesi-gn.fr\\\/dev_deltalabo\\\/produits\\\/cat-produit\\\/systeme-deau-purifiee-evoqua-ultra-clear-ro\\\/#primaryimage\"},\"thumbnailUrl\":\"https:\\\/\\\/webdesi-gn.fr\\\/dev_deltalabo\\\/wp-content\\\/uploads\\\/2025\\\/11\\\/DELTA-LABO-ultra_clear-RO-30.png\",\"datePublished\":\"2025-11-24T14:17:06+00:00\",\"dateModified\":\"2025-11-24T14:20:14+00:00\",\"breadcrumb\":{\"@id\":\"https:\\\/\\\/webdesi-gn.fr\\\/dev_deltalabo\\\/produits\\\/cat-produit\\\/systeme-deau-purifiee-evoqua-ultra-clear-ro\\\/#breadcrumb\"},\"inLanguage\":\"fr-FR\",\"potentialAction\":[{\"@type\":\"ReadAction\",\"target\":[\"https:\\\/\\\/webdesi-gn.fr\\\/dev_deltalabo\\\/produits\\\/cat-produit\\\/systeme-deau-purifiee-evoqua-ultra-clear-ro\\\/\"]}]},{\"@type\":\"ImageObject\",\"inLanguage\":\"fr-FR\",\"@id\":\"https:\\\/\\\/webdesi-gn.fr\\\/dev_deltalabo\\\/produits\\\/cat-produit\\\/systeme-deau-purifiee-evoqua-ultra-clear-ro\\\/#primaryimage\",\"url\":\"https:\\\/\\\/webdesi-gn.fr\\\/dev_deltalabo\\\/wp-content\\\/uploads\\\/2025\\\/11\\\/DELTA-LABO-ultra_clear-RO-30.png\",\"contentUrl\":\"https:\\\/\\\/webdesi-gn.fr\\\/dev_deltalabo\\\/wp-content\\\/uploads\\\/2025\\\/11\\\/DELTA-LABO-ultra_clear-RO-30.png\",\"width\":500,\"height\":500},{\"@type\":\"BreadcrumbList\",\"@id\":\"https:\\\/\\\/webdesi-gn.fr\\\/dev_deltalabo\\\/produits\\\/cat-produit\\\/systeme-deau-purifiee-evoqua-ultra-clear-ro\\\/#breadcrumb\",\"itemListElement\":[{\"@type\":\"ListItem\",\"position\":1,\"name\":\"Accueil\",\"item\":\"https:\\\/\\\/webdesi-gn.fr\\\/dev_deltalabo\\\/\"},{\"@type\":\"ListItem\",\"position\":2,\"name\":\"Produits\",\"item\":\"https:\\\/\\\/webdesi-gn.fr\\\/dev_deltalabo\\\/produits\\\/\"},{\"@type\":\"ListItem\",\"position\":3,\"name\":\"Syst\u00e8me d\u2019eau purifi\u00e9e EVOQUA &#8211; Ultra Clear\u2122 RO\"}]},{\"@type\":\"WebSite\",\"@id\":\"https:\\\/\\\/webdesi-gn.fr\\\/dev_deltalabo\\\/#website\",\"url\":\"https:\\\/\\\/webdesi-gn.fr\\\/dev_deltalabo\\\/\",\"name\":\"Delta Labo\",\"description\":\"Un site utilisant WordPress\",\"publisher\":{\"@id\":\"https:\\\/\\\/webdesi-gn.fr\\\/dev_deltalabo\\\/#organization\"},\"alternateName\":\"Delta Labo\",\"potentialAction\":[{\"@type\":\"SearchAction\",\"target\":{\"@type\":\"EntryPoint\",\"urlTemplate\":\"https:\\\/\\\/webdesi-gn.fr\\\/dev_deltalabo\\\/?s={search_term_string}\"},\"query-input\":{\"@type\":\"PropertyValueSpecification\",\"valueRequired\":true,\"valueName\":\"search_term_string\"}}],\"inLanguage\":\"fr-FR\"},{\"@type\":\"Organization\",\"@id\":\"https:\\\/\\\/webdesi-gn.fr\\\/dev_deltalabo\\\/#organization\",\"name\":\"DeltaLabo\",\"url\":\"https:\\\/\\\/webdesi-gn.fr\\\/dev_deltalabo\\\/\",\"logo\":{\"@type\":\"ImageObject\",\"inLanguage\":\"fr-FR\",\"@id\":\"https:\\\/\\\/webdesi-gn.fr\\\/dev_deltalabo\\\/#\\\/schema\\\/logo\\\/image\\\/\",\"url\":\"https:\\\/\\\/webdesi-gn.fr\\\/dev_deltalabo\\\/wp-content\\\/uploads\\\/2022\\\/07\\\/logo-deltalabo.png\",\"contentUrl\":\"https:\\\/\\\/webdesi-gn.fr\\\/dev_deltalabo\\\/wp-content\\\/uploads\\\/2022\\\/07\\\/logo-deltalabo.png\",\"width\":694,\"height\":306,\"caption\":\"DeltaLabo\"},\"image\":{\"@id\":\"https:\\\/\\\/webdesi-gn.fr\\\/dev_deltalabo\\\/#\\\/schema\\\/logo\\\/image\\\/\"}}]}<\/script>\n<!-- \/ Yoast SEO plugin. -->","yoast_head_json":{"title":"Syst\u00e8me d\u2019eau purifi\u00e9e EVOQUA - Ultra Clear\u2122 RO | DeltaLabo","robots":{"index":"noindex","follow":"follow","max-snippet":"max-snippet:-1","max-image-preview":"max-image-preview:large","max-video-preview":"max-video-preview:-1"},"og_locale":"fr_FR","og_type":"article","og_title":"Syst\u00e8me d\u2019eau purifi\u00e9e EVOQUA - Ultra Clear\u2122 RO | DeltaLabo","og_description":"Syst\u00e8me d\u2019eau purifi\u00e9e EVOQUA - Ultra Clear\u2122 RO :\u00a0  Le syst\u00e8me d'eau purifi\u00e9e EVOQUA Ultra Clear\u00ae RO produit une eau purifi\u00e9e de haute qualit\u00e9 \u00e0 partir d\u2019une eau potable douce ou dure stabilis\u00e9e \u00e0 l\u2019aide de l\u2019osmose inverse.  Avec un taux de r\u00e9tention de sel \u00e9lev\u00e9 et une faible consommation d'\u00e9nergie, les membranes \u00e0 faible \u00e9nergie assurent un fonctionnement efficace et \u00e9conomique.  Les programmes de rin\u00e7age des membranes automatiques et int\u00e9gr\u00e9s permettent aux appareils d\u2019agir sur de l\u2019eau municipale non trait\u00e9e. Le d\u00e9bit de r\u00e9cup\u00e9ration de l\u2019eau produite d\u00e9fini en usine passe \u00e0 50%.  L\u2019affichage indique l'arriv\u00e9e et la qualit\u00e9 de l\u2019eau produite, la conductivit\u00e9, les messages d\u2019erreur, ainsi que le niveau du r\u00e9servoir, la pression d\u2019exploitation, les intervalles de maintenance et plus encore.  Quatre mod\u00e8les existent selon la taille de r\u00e9servoir souhait\u00e9e.  T\u00e9l\u00e9charger la brochure produit : Syst\u00e8me d\u2019eau purifi\u00e9e EVOQUA - Ultra Clear\u2122 RO","og_url":"https:\/\/webdesi-gn.fr\/dev_deltalabo\/produits\/cat-produit\/systeme-deau-purifiee-evoqua-ultra-clear-ro\/","og_site_name":"DeltaLabo","article_modified_time":"2025-11-24T14:20:14+00:00","og_image":[{"width":1280,"height":853,"url":"https:\/\/webdesi-gn.fr\/dev_deltalabo\/wp-content\/uploads\/2022\/01\/laboratory-g43d8b3442_1280.jpg","type":"image\/jpeg"}],"twitter_card":"summary_large_image","schema":{"@context":"https:\/\/schema.org","@graph":[{"@type":"WebPage","@id":"https:\/\/webdesi-gn.fr\/dev_deltalabo\/produits\/cat-produit\/systeme-deau-purifiee-evoqua-ultra-clear-ro\/","url":"https:\/\/webdesi-gn.fr\/dev_deltalabo\/produits\/cat-produit\/systeme-deau-purifiee-evoqua-ultra-clear-ro\/","name":"Syst\u00e8me d\u2019eau purifi\u00e9e EVOQUA - Ultra Clear\u2122 RO | DeltaLabo","isPartOf":{"@id":"https:\/\/webdesi-gn.fr\/dev_deltalabo\/#website"},"primaryImageOfPage":{"@id":"https:\/\/webdesi-gn.fr\/dev_deltalabo\/produits\/cat-produit\/systeme-deau-purifiee-evoqua-ultra-clear-ro\/#primaryimage"},"image":{"@id":"https:\/\/webdesi-gn.fr\/dev_deltalabo\/produits\/cat-produit\/systeme-deau-purifiee-evoqua-ultra-clear-ro\/#primaryimage"},"thumbnailUrl":"https:\/\/webdesi-gn.fr\/dev_deltalabo\/wp-content\/uploads\/2025\/11\/DELTA-LABO-ultra_clear-RO-30.png","datePublished":"2025-11-24T14:17:06+00:00","dateModified":"2025-11-24T14:20:14+00:00","breadcrumb":{"@id":"https:\/\/webdesi-gn.fr\/dev_deltalabo\/produits\/cat-produit\/systeme-deau-purifiee-evoqua-ultra-clear-ro\/#breadcrumb"},"inLanguage":"fr-FR","potentialAction":[{"@type":"ReadAction","target":["https:\/\/webdesi-gn.fr\/dev_deltalabo\/produits\/cat-produit\/systeme-deau-purifiee-evoqua-ultra-clear-ro\/"]}]},{"@type":"ImageObject","inLanguage":"fr-FR","@id":"https:\/\/webdesi-gn.fr\/dev_deltalabo\/produits\/cat-produit\/systeme-deau-purifiee-evoqua-ultra-clear-ro\/#primaryimage","url":"https:\/\/webdesi-gn.fr\/dev_deltalabo\/wp-content\/uploads\/2025\/11\/DELTA-LABO-ultra_clear-RO-30.png","contentUrl":"https:\/\/webdesi-gn.fr\/dev_deltalabo\/wp-content\/uploads\/2025\/11\/DELTA-LABO-ultra_clear-RO-30.png","width":500,"height":500},{"@type":"BreadcrumbList","@id":"https:\/\/webdesi-gn.fr\/dev_deltalabo\/produits\/cat-produit\/systeme-deau-purifiee-evoqua-ultra-clear-ro\/#breadcrumb","itemListElement":[{"@type":"ListItem","position":1,"name":"Accueil","item":"https:\/\/webdesi-gn.fr\/dev_deltalabo\/"},{"@type":"ListItem","position":2,"name":"Produits","item":"https:\/\/webdesi-gn.fr\/dev_deltalabo\/produits\/"},{"@type":"ListItem","position":3,"name":"Syst\u00e8me d\u2019eau purifi\u00e9e EVOQUA &#8211; Ultra Clear\u2122 RO"}]},{"@type":"WebSite","@id":"https:\/\/webdesi-gn.fr\/dev_deltalabo\/#website","url":"https:\/\/webdesi-gn.fr\/dev_deltalabo\/","name":"Delta Labo","description":"Un site utilisant WordPress","publisher":{"@id":"https:\/\/webdesi-gn.fr\/dev_deltalabo\/#organization"},"alternateName":"Delta Labo","potentialAction":[{"@type":"SearchAction","target":{"@type":"EntryPoint","urlTemplate":"https:\/\/webdesi-gn.fr\/dev_deltalabo\/?s={search_term_string}"},"query-input":{"@type":"PropertyValueSpecification","valueRequired":true,"valueName":"search_term_string"}}],"inLanguage":"fr-FR"},{"@type":"Organization","@id":"https:\/\/webdesi-gn.fr\/dev_deltalabo\/#organization","name":"DeltaLabo","url":"https:\/\/webdesi-gn.fr\/dev_deltalabo\/","logo":{"@type":"ImageObject","inLanguage":"fr-FR","@id":"https:\/\/webdesi-gn.fr\/dev_deltalabo\/#\/schema\/logo\/image\/","url":"https:\/\/webdesi-gn.fr\/dev_deltalabo\/wp-content\/uploads\/2022\/07\/logo-deltalabo.png","contentUrl":"https:\/\/webdesi-gn.fr\/dev_deltalabo\/wp-content\/uploads\/2022\/07\/logo-deltalabo.png","width":694,"height":306,"caption":"DeltaLabo"},"image":{"@id":"https:\/\/webdesi-gn.fr\/dev_deltalabo\/#\/schema\/logo\/image\/"}}]}},"_links":{"self":[{"href":"https:\/\/webdesi-gn.fr\/dev_deltalabo\/wp-json\/wp\/v2\/product\/262690","targetHints":{"allow":["GET"]}}],"collection":[{"href":"https:\/\/webdesi-gn.fr\/dev_deltalabo\/wp-json\/wp\/v2\/product"}],"about":[{"href":"https:\/\/webdesi-gn.fr\/dev_deltalabo\/wp-json\/wp\/v2\/types\/product"}],"wp:featuredmedia":[{"embeddable":true,"href":"https:\/\/webdesi-gn.fr\/dev_deltalabo\/wp-json\/wp\/v2\/media\/262779"}],"wp:attachment":[{"href":"https:\/\/webdesi-gn.fr\/dev_deltalabo\/wp-json\/wp\/v2\/media?parent=262690"}],"wp:term":[{"taxonomy":"domaine","embeddable":true,"href":"https:\/\/webdesi-gn.fr\/dev_deltalabo\/wp-json\/wp\/v2\/domaine?post=262690"},{"taxonomy":"normes","embeddable":true,"href":"https:\/\/webdesi-gn.fr\/dev_deltalabo\/wp-json\/wp\/v2\/normes?post=262690"},{"taxonomy":"product_brand","embeddable":true,"href":"https:\/\/webdesi-gn.fr\/dev_deltalabo\/wp-json\/wp\/v2\/product_brand?post=262690"},{"taxonomy":"product_cat","embeddable":true,"href":"https:\/\/webdesi-gn.fr\/dev_deltalabo\/wp-json\/wp\/v2\/product_cat?post=262690"},{"taxonomy":"product_tag","embeddable":true,"href":"https:\/\/webdesi-gn.fr\/dev_deltalabo\/wp-json\/wp\/v2\/product_tag?post=262690"}],"curies":[{"name":"wp","href":"https:\/\/api.w.org\/{rel}","templated":true}]}}