{"id":262703,"date":"2025-11-24T15:17:36","date_gmt":"2025-11-24T14:17:36","guid":{"rendered":"https:\/\/webdesi-gn.fr\/dev_deltalabo\/?post_type=product&#038;p=262703"},"modified":"2025-11-24T15:20:28","modified_gmt":"2025-11-24T14:20:28","slug":"adoucisseurs-simples-et-a-armoires-evoqua","status":"publish","type":"product","link":"https:\/\/webdesi-gn.fr\/dev_deltalabo\/produits\/categories\/adoucisseurs-simples-et-a-armoires-evoqua\/","title":{"rendered":"Adoucisseurs simples et \u00e0 armoires EVOQUA"},"content":{"rendered":"","protected":false},"excerpt":{"rendered":"<p><strong>Adoucisseurs simples et \u00e0 armoires EVOQUA :<\/strong><\/p>\n<p>ADOUCISSEUR SIMPLE<br \/>\nLe r\u00e9servoir unique sans alimentation produit de l\u2019eau douce par une m\u00e9thode \u00e0 contre-courant : l\u2019eau est extraite du bas vers le haut pour utiliser les granul\u00e9s en r\u00e9sine de mani\u00e8re plus uniforme et efficace. La consommation d\u2019eau est mesur\u00e9e pour d\u00e9terminer avec pr\u00e9cision le moment o\u00f9 la r\u00e9g\u00e9n\u00e9ration est n\u00e9cessaire. Pour le processus de r\u00e9g\u00e9n\u00e9ration qui dure 15 minutes, seule l\u2019eau douce est utilis\u00e9e.<\/p>\n<p>ADOUCISSEUR DOUBLE ARMOIRE<br \/>\nCes armoires d\u2019adoucisseur m\u00e9caniques \u00e0 deux r\u00e9servoirs enti\u00e8rement automatiques et \u00e0 r\u00e9gulation de la quantit\u00e9 sont id\u00e9alement con\u00e7ues pour \u00eatre install\u00e9es avant les syst\u00e8mes \u00e0 osmose inverse. Elles fonctionnent sans \u00e9lectricit\u00e9 et offrent une disponibilit\u00e9 permanente d\u2019eau douce. L\u2019eau douce produite est utilis\u00e9e pour le processus de r\u00e9g\u00e9n\u00e9ration \u00e0 flux inverse et, de ce fait, aucun apport de duret\u00e9 non voulu ne peut avoir lieu pendant le rin\u00e7age.<\/p>\n<p><strong>T\u00e9l\u00e9charger la brochure produit :<\/strong> <a href=\"https:\/\/www.deltalabo.fr\/wp-content\/uploads\/2025\/07\/Adoucisseurs-Single-and-Cabinet-fra-DL-2025.pdf\">Adoucisseurs simples et \u00e0 armoires EVOQUA<\/a><\/p>\n","protected":false},"featured_media":262788,"template":"","meta":{"_acf_changed":false,"site-sidebar-layout":"default","site-content-layout":"","ast-site-content-layout":"default","site-content-style":"default","site-sidebar-style":"default","ast-global-header-display":"","ast-banner-title-visibility":"","ast-main-header-display":"","ast-hfb-above-header-display":"","ast-hfb-below-header-display":"","ast-hfb-mobile-header-display":"","site-post-title":"","ast-breadcrumbs-content":"","ast-featured-img":"","footer-sml-layout":"","ast-disable-related-posts":"","theme-transparent-header-meta":"","adv-header-id-meta":"","stick-header-meta":"","header-above-stick-meta":"","header-main-stick-meta":"","header-below-stick-meta":"","astra-migrate-meta-layouts":"default","ast-page-background-enabled":"default","ast-page-background-meta":{"desktop":{"background-color":"var(--ast-global-color-5)","background-image":"","background-repeat":"repeat","background-position":"center center","background-size":"auto","background-attachment":"scroll","background-type":"","background-media":"","overlay-type":"","overlay-color":"","overlay-opacity":"","overlay-gradient":""},"tablet":{"background-color":"","background-image":"","background-repeat":"repeat","background-position":"center center","background-size":"auto","background-attachment":"scroll","background-type":"","background-media":"","overlay-type":"","overlay-color":"","overlay-opacity":"","overlay-gradient":""},"mobile":{"background-color":"","background-image":"","background-repeat":"repeat","background-position":"center center","background-size":"auto","background-attachment":"scroll","background-type":"","background-media":"","overlay-type":"","overlay-color":"","overlay-opacity":"","overlay-gradient":""}},"ast-content-background-meta":{"desktop":{"background-color":"var(--ast-global-color-4)","background-image":"","background-repeat":"repeat","background-position":"center center","background-size":"auto","background-attachment":"scroll","background-type":"","background-media":"","overlay-type":"","overlay-color":"","overlay-opacity":"","overlay-gradient":""},"tablet":{"background-color":"var(--ast-global-color-4)","background-image":"","background-repeat":"repeat","background-position":"center center","background-size":"auto","background-attachment":"scroll","background-type":"","background-media":"","overlay-type":"","overlay-color":"","overlay-opacity":"","overlay-gradient":""},"mobile":{"background-color":"var(--ast-global-color-4)","background-image":"","background-repeat":"repeat","background-position":"center center","background-size":"auto","background-attachment":"scroll","background-type":"","background-media":"","overlay-type":"","overlay-color":"","overlay-opacity":"","overlay-gradient":""}}},"domaine":[],"normes":[],"product_brand":[],"product_cat":[17240],"product_tag":[],"class_list":{"0":"post-262703","1":"product","2":"type-product","3":"status-publish","4":"has-post-thumbnail","6":"product_cat-categories","7":"desktop-align-left","8":"tablet-align-left","9":"mobile-align-left","11":"first","12":"instock","13":"shipping-taxable","14":"product-type-simple"},"acf":[],"yoast_head":"<!-- This site is optimized with the Yoast SEO plugin v27.4 - https:\/\/yoast.com\/product\/yoast-seo-wordpress\/ -->\n<title>Adoucisseurs simples et \u00e0 armoires EVOQUA | DeltaLabo<\/title>\n<meta name=\"robots\" content=\"noindex, follow, max-snippet:-1, max-image-preview:large, max-video-preview:-1\" \/>\n<meta property=\"og:locale\" content=\"fr_FR\" \/>\n<meta property=\"og:type\" content=\"article\" \/>\n<meta property=\"og:title\" content=\"Adoucisseurs simples et \u00e0 armoires EVOQUA | DeltaLabo\" \/>\n<meta property=\"og:description\" content=\"Adoucisseurs simples et \u00e0 armoires EVOQUA :  ADOUCISSEUR SIMPLE Le r\u00e9servoir unique sans alimentation produit de l\u2019eau douce par une m\u00e9thode \u00e0 contre-courant : l\u2019eau est extraite du bas vers le haut pour utiliser les granul\u00e9s en r\u00e9sine de mani\u00e8re plus uniforme et efficace. La consommation d\u2019eau est mesur\u00e9e pour d\u00e9terminer avec pr\u00e9cision le moment o\u00f9 la r\u00e9g\u00e9n\u00e9ration est n\u00e9cessaire. Pour le processus de r\u00e9g\u00e9n\u00e9ration qui dure 15 minutes, seule l\u2019eau douce est utilis\u00e9e.  ADOUCISSEUR DOUBLE ARMOIRE Ces armoires d\u2019adoucisseur m\u00e9caniques \u00e0 deux r\u00e9servoirs enti\u00e8rement automatiques et \u00e0 r\u00e9gulation de la quantit\u00e9 sont id\u00e9alement con\u00e7ues pour \u00eatre install\u00e9es avant les syst\u00e8mes \u00e0 osmose inverse. Elles fonctionnent sans \u00e9lectricit\u00e9 et offrent une disponibilit\u00e9 permanente d\u2019eau douce. L\u2019eau douce produite est utilis\u00e9e pour le processus de r\u00e9g\u00e9n\u00e9ration \u00e0 flux inverse et, de ce fait, aucun apport de duret\u00e9 non voulu ne peut avoir lieu pendant le rin\u00e7age.  T\u00e9l\u00e9charger la brochure produit : Adoucisseurs simples et \u00e0 armoires EVOQUA\" \/>\n<meta property=\"og:url\" content=\"https:\/\/webdesi-gn.fr\/dev_deltalabo\/produits\/cat-produit\/adoucisseurs-simples-et-a-armoires-evoqua\/\" \/>\n<meta property=\"og:site_name\" content=\"DeltaLabo\" \/>\n<meta property=\"article:modified_time\" content=\"2025-11-24T14:20:28+00:00\" \/>\n<meta property=\"og:image\" content=\"https:\/\/webdesi-gn.fr\/dev_deltalabo\/wp-content\/uploads\/2022\/01\/laboratory-g43d8b3442_1280.jpg\" \/>\n\t<meta property=\"og:image:width\" content=\"1280\" \/>\n\t<meta property=\"og:image:height\" content=\"853\" \/>\n\t<meta property=\"og:image:type\" content=\"image\/jpeg\" \/>\n<meta name=\"twitter:card\" content=\"summary_large_image\" \/>\n<script type=\"application\/ld+json\" class=\"yoast-schema-graph\">{\"@context\":\"https:\\\/\\\/schema.org\",\"@graph\":[{\"@type\":\"WebPage\",\"@id\":\"https:\\\/\\\/webdesi-gn.fr\\\/dev_deltalabo\\\/produits\\\/cat-produit\\\/adoucisseurs-simples-et-a-armoires-evoqua\\\/\",\"url\":\"https:\\\/\\\/webdesi-gn.fr\\\/dev_deltalabo\\\/produits\\\/cat-produit\\\/adoucisseurs-simples-et-a-armoires-evoqua\\\/\",\"name\":\"Adoucisseurs simples et \u00e0 armoires EVOQUA | DeltaLabo\",\"isPartOf\":{\"@id\":\"https:\\\/\\\/webdesi-gn.fr\\\/dev_deltalabo\\\/#website\"},\"primaryImageOfPage\":{\"@id\":\"https:\\\/\\\/webdesi-gn.fr\\\/dev_deltalabo\\\/produits\\\/cat-produit\\\/adoucisseurs-simples-et-a-armoires-evoqua\\\/#primaryimage\"},\"image\":{\"@id\":\"https:\\\/\\\/webdesi-gn.fr\\\/dev_deltalabo\\\/produits\\\/cat-produit\\\/adoucisseurs-simples-et-a-armoires-evoqua\\\/#primaryimage\"},\"thumbnailUrl\":\"https:\\\/\\\/webdesi-gn.fr\\\/dev_deltalabo\\\/wp-content\\\/uploads\\\/2025\\\/11\\\/DELTA-LABO-Adoucisseur-Evoqua.png\",\"datePublished\":\"2025-11-24T14:17:36+00:00\",\"dateModified\":\"2025-11-24T14:20:28+00:00\",\"breadcrumb\":{\"@id\":\"https:\\\/\\\/webdesi-gn.fr\\\/dev_deltalabo\\\/produits\\\/cat-produit\\\/adoucisseurs-simples-et-a-armoires-evoqua\\\/#breadcrumb\"},\"inLanguage\":\"fr-FR\",\"potentialAction\":[{\"@type\":\"ReadAction\",\"target\":[\"https:\\\/\\\/webdesi-gn.fr\\\/dev_deltalabo\\\/produits\\\/cat-produit\\\/adoucisseurs-simples-et-a-armoires-evoqua\\\/\"]}]},{\"@type\":\"ImageObject\",\"inLanguage\":\"fr-FR\",\"@id\":\"https:\\\/\\\/webdesi-gn.fr\\\/dev_deltalabo\\\/produits\\\/cat-produit\\\/adoucisseurs-simples-et-a-armoires-evoqua\\\/#primaryimage\",\"url\":\"https:\\\/\\\/webdesi-gn.fr\\\/dev_deltalabo\\\/wp-content\\\/uploads\\\/2025\\\/11\\\/DELTA-LABO-Adoucisseur-Evoqua.png\",\"contentUrl\":\"https:\\\/\\\/webdesi-gn.fr\\\/dev_deltalabo\\\/wp-content\\\/uploads\\\/2025\\\/11\\\/DELTA-LABO-Adoucisseur-Evoqua.png\",\"width\":500,\"height\":500},{\"@type\":\"BreadcrumbList\",\"@id\":\"https:\\\/\\\/webdesi-gn.fr\\\/dev_deltalabo\\\/produits\\\/cat-produit\\\/adoucisseurs-simples-et-a-armoires-evoqua\\\/#breadcrumb\",\"itemListElement\":[{\"@type\":\"ListItem\",\"position\":1,\"name\":\"Accueil\",\"item\":\"https:\\\/\\\/webdesi-gn.fr\\\/dev_deltalabo\\\/\"},{\"@type\":\"ListItem\",\"position\":2,\"name\":\"Produits\",\"item\":\"https:\\\/\\\/webdesi-gn.fr\\\/dev_deltalabo\\\/produits\\\/\"},{\"@type\":\"ListItem\",\"position\":3,\"name\":\"Adoucisseurs simples et \u00e0 armoires EVOQUA\"}]},{\"@type\":\"WebSite\",\"@id\":\"https:\\\/\\\/webdesi-gn.fr\\\/dev_deltalabo\\\/#website\",\"url\":\"https:\\\/\\\/webdesi-gn.fr\\\/dev_deltalabo\\\/\",\"name\":\"Delta Labo\",\"description\":\"Un site utilisant WordPress\",\"publisher\":{\"@id\":\"https:\\\/\\\/webdesi-gn.fr\\\/dev_deltalabo\\\/#organization\"},\"alternateName\":\"Delta Labo\",\"potentialAction\":[{\"@type\":\"SearchAction\",\"target\":{\"@type\":\"EntryPoint\",\"urlTemplate\":\"https:\\\/\\\/webdesi-gn.fr\\\/dev_deltalabo\\\/?s={search_term_string}\"},\"query-input\":{\"@type\":\"PropertyValueSpecification\",\"valueRequired\":true,\"valueName\":\"search_term_string\"}}],\"inLanguage\":\"fr-FR\"},{\"@type\":\"Organization\",\"@id\":\"https:\\\/\\\/webdesi-gn.fr\\\/dev_deltalabo\\\/#organization\",\"name\":\"DeltaLabo\",\"url\":\"https:\\\/\\\/webdesi-gn.fr\\\/dev_deltalabo\\\/\",\"logo\":{\"@type\":\"ImageObject\",\"inLanguage\":\"fr-FR\",\"@id\":\"https:\\\/\\\/webdesi-gn.fr\\\/dev_deltalabo\\\/#\\\/schema\\\/logo\\\/image\\\/\",\"url\":\"https:\\\/\\\/webdesi-gn.fr\\\/dev_deltalabo\\\/wp-content\\\/uploads\\\/2022\\\/07\\\/logo-deltalabo.png\",\"contentUrl\":\"https:\\\/\\\/webdesi-gn.fr\\\/dev_deltalabo\\\/wp-content\\\/uploads\\\/2022\\\/07\\\/logo-deltalabo.png\",\"width\":694,\"height\":306,\"caption\":\"DeltaLabo\"},\"image\":{\"@id\":\"https:\\\/\\\/webdesi-gn.fr\\\/dev_deltalabo\\\/#\\\/schema\\\/logo\\\/image\\\/\"}}]}<\/script>\n<!-- \/ Yoast SEO plugin. -->","yoast_head_json":{"title":"Adoucisseurs simples et \u00e0 armoires EVOQUA | DeltaLabo","robots":{"index":"noindex","follow":"follow","max-snippet":"max-snippet:-1","max-image-preview":"max-image-preview:large","max-video-preview":"max-video-preview:-1"},"og_locale":"fr_FR","og_type":"article","og_title":"Adoucisseurs simples et \u00e0 armoires EVOQUA | DeltaLabo","og_description":"Adoucisseurs simples et \u00e0 armoires EVOQUA :  ADOUCISSEUR SIMPLE Le r\u00e9servoir unique sans alimentation produit de l\u2019eau douce par une m\u00e9thode \u00e0 contre-courant : l\u2019eau est extraite du bas vers le haut pour utiliser les granul\u00e9s en r\u00e9sine de mani\u00e8re plus uniforme et efficace. La consommation d\u2019eau est mesur\u00e9e pour d\u00e9terminer avec pr\u00e9cision le moment o\u00f9 la r\u00e9g\u00e9n\u00e9ration est n\u00e9cessaire. Pour le processus de r\u00e9g\u00e9n\u00e9ration qui dure 15 minutes, seule l\u2019eau douce est utilis\u00e9e.  ADOUCISSEUR DOUBLE ARMOIRE Ces armoires d\u2019adoucisseur m\u00e9caniques \u00e0 deux r\u00e9servoirs enti\u00e8rement automatiques et \u00e0 r\u00e9gulation de la quantit\u00e9 sont id\u00e9alement con\u00e7ues pour \u00eatre install\u00e9es avant les syst\u00e8mes \u00e0 osmose inverse. Elles fonctionnent sans \u00e9lectricit\u00e9 et offrent une disponibilit\u00e9 permanente d\u2019eau douce. L\u2019eau douce produite est utilis\u00e9e pour le processus de r\u00e9g\u00e9n\u00e9ration \u00e0 flux inverse et, de ce fait, aucun apport de duret\u00e9 non voulu ne peut avoir lieu pendant le rin\u00e7age.  T\u00e9l\u00e9charger la brochure produit : Adoucisseurs simples et \u00e0 armoires EVOQUA","og_url":"https:\/\/webdesi-gn.fr\/dev_deltalabo\/produits\/cat-produit\/adoucisseurs-simples-et-a-armoires-evoqua\/","og_site_name":"DeltaLabo","article_modified_time":"2025-11-24T14:20:28+00:00","og_image":[{"width":1280,"height":853,"url":"https:\/\/webdesi-gn.fr\/dev_deltalabo\/wp-content\/uploads\/2022\/01\/laboratory-g43d8b3442_1280.jpg","type":"image\/jpeg"}],"twitter_card":"summary_large_image","schema":{"@context":"https:\/\/schema.org","@graph":[{"@type":"WebPage","@id":"https:\/\/webdesi-gn.fr\/dev_deltalabo\/produits\/cat-produit\/adoucisseurs-simples-et-a-armoires-evoqua\/","url":"https:\/\/webdesi-gn.fr\/dev_deltalabo\/produits\/cat-produit\/adoucisseurs-simples-et-a-armoires-evoqua\/","name":"Adoucisseurs simples et \u00e0 armoires EVOQUA | DeltaLabo","isPartOf":{"@id":"https:\/\/webdesi-gn.fr\/dev_deltalabo\/#website"},"primaryImageOfPage":{"@id":"https:\/\/webdesi-gn.fr\/dev_deltalabo\/produits\/cat-produit\/adoucisseurs-simples-et-a-armoires-evoqua\/#primaryimage"},"image":{"@id":"https:\/\/webdesi-gn.fr\/dev_deltalabo\/produits\/cat-produit\/adoucisseurs-simples-et-a-armoires-evoqua\/#primaryimage"},"thumbnailUrl":"https:\/\/webdesi-gn.fr\/dev_deltalabo\/wp-content\/uploads\/2025\/11\/DELTA-LABO-Adoucisseur-Evoqua.png","datePublished":"2025-11-24T14:17:36+00:00","dateModified":"2025-11-24T14:20:28+00:00","breadcrumb":{"@id":"https:\/\/webdesi-gn.fr\/dev_deltalabo\/produits\/cat-produit\/adoucisseurs-simples-et-a-armoires-evoqua\/#breadcrumb"},"inLanguage":"fr-FR","potentialAction":[{"@type":"ReadAction","target":["https:\/\/webdesi-gn.fr\/dev_deltalabo\/produits\/cat-produit\/adoucisseurs-simples-et-a-armoires-evoqua\/"]}]},{"@type":"ImageObject","inLanguage":"fr-FR","@id":"https:\/\/webdesi-gn.fr\/dev_deltalabo\/produits\/cat-produit\/adoucisseurs-simples-et-a-armoires-evoqua\/#primaryimage","url":"https:\/\/webdesi-gn.fr\/dev_deltalabo\/wp-content\/uploads\/2025\/11\/DELTA-LABO-Adoucisseur-Evoqua.png","contentUrl":"https:\/\/webdesi-gn.fr\/dev_deltalabo\/wp-content\/uploads\/2025\/11\/DELTA-LABO-Adoucisseur-Evoqua.png","width":500,"height":500},{"@type":"BreadcrumbList","@id":"https:\/\/webdesi-gn.fr\/dev_deltalabo\/produits\/cat-produit\/adoucisseurs-simples-et-a-armoires-evoqua\/#breadcrumb","itemListElement":[{"@type":"ListItem","position":1,"name":"Accueil","item":"https:\/\/webdesi-gn.fr\/dev_deltalabo\/"},{"@type":"ListItem","position":2,"name":"Produits","item":"https:\/\/webdesi-gn.fr\/dev_deltalabo\/produits\/"},{"@type":"ListItem","position":3,"name":"Adoucisseurs simples et \u00e0 armoires EVOQUA"}]},{"@type":"WebSite","@id":"https:\/\/webdesi-gn.fr\/dev_deltalabo\/#website","url":"https:\/\/webdesi-gn.fr\/dev_deltalabo\/","name":"Delta Labo","description":"Un site utilisant WordPress","publisher":{"@id":"https:\/\/webdesi-gn.fr\/dev_deltalabo\/#organization"},"alternateName":"Delta Labo","potentialAction":[{"@type":"SearchAction","target":{"@type":"EntryPoint","urlTemplate":"https:\/\/webdesi-gn.fr\/dev_deltalabo\/?s={search_term_string}"},"query-input":{"@type":"PropertyValueSpecification","valueRequired":true,"valueName":"search_term_string"}}],"inLanguage":"fr-FR"},{"@type":"Organization","@id":"https:\/\/webdesi-gn.fr\/dev_deltalabo\/#organization","name":"DeltaLabo","url":"https:\/\/webdesi-gn.fr\/dev_deltalabo\/","logo":{"@type":"ImageObject","inLanguage":"fr-FR","@id":"https:\/\/webdesi-gn.fr\/dev_deltalabo\/#\/schema\/logo\/image\/","url":"https:\/\/webdesi-gn.fr\/dev_deltalabo\/wp-content\/uploads\/2022\/07\/logo-deltalabo.png","contentUrl":"https:\/\/webdesi-gn.fr\/dev_deltalabo\/wp-content\/uploads\/2022\/07\/logo-deltalabo.png","width":694,"height":306,"caption":"DeltaLabo"},"image":{"@id":"https:\/\/webdesi-gn.fr\/dev_deltalabo\/#\/schema\/logo\/image\/"}}]}},"_links":{"self":[{"href":"https:\/\/webdesi-gn.fr\/dev_deltalabo\/wp-json\/wp\/v2\/product\/262703","targetHints":{"allow":["GET"]}}],"collection":[{"href":"https:\/\/webdesi-gn.fr\/dev_deltalabo\/wp-json\/wp\/v2\/product"}],"about":[{"href":"https:\/\/webdesi-gn.fr\/dev_deltalabo\/wp-json\/wp\/v2\/types\/product"}],"wp:featuredmedia":[{"embeddable":true,"href":"https:\/\/webdesi-gn.fr\/dev_deltalabo\/wp-json\/wp\/v2\/media\/262788"}],"wp:attachment":[{"href":"https:\/\/webdesi-gn.fr\/dev_deltalabo\/wp-json\/wp\/v2\/media?parent=262703"}],"wp:term":[{"taxonomy":"domaine","embeddable":true,"href":"https:\/\/webdesi-gn.fr\/dev_deltalabo\/wp-json\/wp\/v2\/domaine?post=262703"},{"taxonomy":"normes","embeddable":true,"href":"https:\/\/webdesi-gn.fr\/dev_deltalabo\/wp-json\/wp\/v2\/normes?post=262703"},{"taxonomy":"product_brand","embeddable":true,"href":"https:\/\/webdesi-gn.fr\/dev_deltalabo\/wp-json\/wp\/v2\/product_brand?post=262703"},{"taxonomy":"product_cat","embeddable":true,"href":"https:\/\/webdesi-gn.fr\/dev_deltalabo\/wp-json\/wp\/v2\/product_cat?post=262703"},{"taxonomy":"product_tag","embeddable":true,"href":"https:\/\/webdesi-gn.fr\/dev_deltalabo\/wp-json\/wp\/v2\/product_tag?post=262703"}],"curies":[{"name":"wp","href":"https:\/\/api.w.org\/{rel}","templated":true}]}}