{"id":262705,"date":"2025-11-24T15:17:37","date_gmt":"2025-11-24T14:17:37","guid":{"rendered":"https:\/\/webdesi-gn.fr\/dev_deltalabo\/?post_type=product&#038;p=262705"},"modified":"2025-11-24T15:20:34","modified_gmt":"2025-11-24T14:20:34","slug":"systeme-dosmose-inverse-evoqua-protegra-cs-pro-ro","status":"publish","type":"product","link":"https:\/\/webdesi-gn.fr\/dev_deltalabo\/produits\/categories\/systeme-dosmose-inverse-evoqua-protegra-cs-pro-ro\/","title":{"rendered":"Syst\u00e8me d&rsquo;osmose inverse Evoqua &#8211; Protegra CS\u00ae Pro RO"},"content":{"rendered":"","protected":false},"excerpt":{"rendered":"<p><strong>Syst\u00e8me d&rsquo;osmose inverse Evoqua &#8211; Protegra CS\u00ae Pro RO :<\/strong><\/p>\n<p>Les syt\u00e8mes d&rsquo;osmose inverse Protegra CS\u00ae Pro RO produit de l&rsquo;eau pure pour une grande vari\u00e9t\u00e9 d&rsquo;applications en inversant le processus d&rsquo;osmose naturelle pour d\u00e9sioniser l&rsquo;eau de mani\u00e8re respectueuse de l&rsquo;environnement. L&rsquo;eau pure produite par osmose inverse peut \u00eatre utilis\u00e9e \u00e0 de nombreuses fins dans les laboratoires : pour rincer la verrerie de laboratoire ou comme eau d&rsquo;alimentation pour les autoclaves, les armoires climatis\u00e9es et les syst\u00e8mes d&rsquo;eau ultra pure.<\/p>\n<p>Les syt\u00e8mes d&rsquo;osmose inverse Protegra CS Pro RO se concentre sur l&rsquo;efficacit\u00e9 \u00e9conomique, combinant une conception compacte avec des composants de haute qualit\u00e9 et des commandes intelligentes. La qualit\u00e9 de l\u2019eau pure produite d\u00e9pend de la qualit\u00e9 de l\u2019eau d\u2019entr\u00e9e entrant dans le syst\u00e8me.<\/p>\n<p>Les syt\u00e8mes d&rsquo;osmose inverse Protegra CS Pro RO fournissent jusqu&rsquo;\u00e0 1 200 l\/h d&rsquo;eau purifi\u00e9e 24 heures sur 24. Avec des taux de r\u00e9tention de sel &gt; 98 % et des taux de r\u00e9tention organiques &gt; 99%, ce syst\u00e8me garantit une eau toujours pure et atteint des valeurs de conductivit\u00e9 inf\u00e9rieures \u00e0 20 \u03bcS\/cm pour l&rsquo;eau du robinet typique.<\/p>\n<p><strong>T\u00e9l\u00e9charger la brochure produit :<\/strong> <a href=\"https:\/\/www.deltalabo.fr\/wp-content\/uploads\/2025\/07\/Protegra-CS-Pro-RO-fra-DL-2025.pdf\">Syst\u00e8me d&rsquo;osmose inverse Evoqua &#8211; Protegra CS\u00ae Pro RO\u00a0<\/a><\/p>\n<p>&nbsp;<\/p>\n","protected":false},"featured_media":262790,"template":"","meta":{"_acf_changed":false,"site-sidebar-layout":"default","site-content-layout":"","ast-site-content-layout":"default","site-content-style":"default","site-sidebar-style":"default","ast-global-header-display":"","ast-banner-title-visibility":"","ast-main-header-display":"","ast-hfb-above-header-display":"","ast-hfb-below-header-display":"","ast-hfb-mobile-header-display":"","site-post-title":"","ast-breadcrumbs-content":"","ast-featured-img":"","footer-sml-layout":"","ast-disable-related-posts":"","theme-transparent-header-meta":"","adv-header-id-meta":"","stick-header-meta":"","header-above-stick-meta":"","header-main-stick-meta":"","header-below-stick-meta":"","astra-migrate-meta-layouts":"default","ast-page-background-enabled":"default","ast-page-background-meta":{"desktop":{"background-color":"var(--ast-global-color-5)","background-image":"","background-repeat":"repeat","background-position":"center center","background-size":"auto","background-attachment":"scroll","background-type":"","background-media":"","overlay-type":"","overlay-color":"","overlay-opacity":"","overlay-gradient":""},"tablet":{"background-color":"","background-image":"","background-repeat":"repeat","background-position":"center center","background-size":"auto","background-attachment":"scroll","background-type":"","background-media":"","overlay-type":"","overlay-color":"","overlay-opacity":"","overlay-gradient":""},"mobile":{"background-color":"","background-image":"","background-repeat":"repeat","background-position":"center center","background-size":"auto","background-attachment":"scroll","background-type":"","background-media":"","overlay-type":"","overlay-color":"","overlay-opacity":"","overlay-gradient":""}},"ast-content-background-meta":{"desktop":{"background-color":"var(--ast-global-color-4)","background-image":"","background-repeat":"repeat","background-position":"center center","background-size":"auto","background-attachment":"scroll","background-type":"","background-media":"","overlay-type":"","overlay-color":"","overlay-opacity":"","overlay-gradient":""},"tablet":{"background-color":"var(--ast-global-color-4)","background-image":"","background-repeat":"repeat","background-position":"center center","background-size":"auto","background-attachment":"scroll","background-type":"","background-media":"","overlay-type":"","overlay-color":"","overlay-opacity":"","overlay-gradient":""},"mobile":{"background-color":"var(--ast-global-color-4)","background-image":"","background-repeat":"repeat","background-position":"center center","background-size":"auto","background-attachment":"scroll","background-type":"","background-media":"","overlay-type":"","overlay-color":"","overlay-opacity":"","overlay-gradient":""}}},"domaine":[],"normes":[],"product_brand":[],"product_cat":[17240],"product_tag":[],"class_list":{"0":"post-262705","1":"product","2":"type-product","3":"status-publish","4":"has-post-thumbnail","6":"product_cat-categories","7":"desktop-align-left","8":"tablet-align-left","9":"mobile-align-left","11":"first","12":"instock","13":"shipping-taxable","14":"product-type-simple"},"acf":[],"yoast_head":"<!-- This site is optimized with the Yoast SEO plugin v27.4 - https:\/\/yoast.com\/product\/yoast-seo-wordpress\/ -->\n<title>Syst\u00e8me d&#039;osmose inverse Evoqua - Protegra CS\u00ae Pro RO | DeltaLabo<\/title>\n<meta name=\"robots\" content=\"noindex, follow, max-snippet:-1, max-image-preview:large, max-video-preview:-1\" \/>\n<meta property=\"og:locale\" content=\"fr_FR\" \/>\n<meta property=\"og:type\" content=\"article\" \/>\n<meta property=\"og:title\" content=\"Syst\u00e8me d&#039;osmose inverse Evoqua - Protegra CS\u00ae Pro RO | DeltaLabo\" \/>\n<meta property=\"og:description\" content=\"Syst\u00e8me d&#039;osmose inverse Evoqua - Protegra CS\u00ae Pro RO :  Les syt\u00e8mes d&#039;osmose inverse Protegra CS\u00ae Pro RO produit de l&#039;eau pure pour une grande vari\u00e9t\u00e9 d&#039;applications en inversant le processus d&#039;osmose naturelle pour d\u00e9sioniser l&#039;eau de mani\u00e8re respectueuse de l&#039;environnement. L&#039;eau pure produite par osmose inverse peut \u00eatre utilis\u00e9e \u00e0 de nombreuses fins dans les laboratoires : pour rincer la verrerie de laboratoire ou comme eau d&#039;alimentation pour les autoclaves, les armoires climatis\u00e9es et les syst\u00e8mes d&#039;eau ultra pure.  Les syt\u00e8mes d&#039;osmose inverse Protegra CS Pro RO se concentre sur l&#039;efficacit\u00e9 \u00e9conomique, combinant une conception compacte avec des composants de haute qualit\u00e9 et des commandes intelligentes. La qualit\u00e9 de l\u2019eau pure produite d\u00e9pend de la qualit\u00e9 de l\u2019eau d\u2019entr\u00e9e entrant dans le syst\u00e8me.  Les syt\u00e8mes d&#039;osmose inverse Protegra CS Pro RO fournissent jusqu&#039;\u00e0 1 200 l\/h d&#039;eau purifi\u00e9e 24 heures sur 24. Avec des taux de r\u00e9tention de sel &gt; 98 % et des taux de r\u00e9tention organiques &gt; 99%, ce syst\u00e8me garantit une eau toujours pure et atteint des valeurs de conductivit\u00e9 inf\u00e9rieures \u00e0 20 \u03bcS\/cm pour l&#039;eau du robinet typique.  T\u00e9l\u00e9charger la brochure produit : Syst\u00e8me d&#039;osmose inverse Evoqua - Protegra CS\u00ae Pro RO\u00a0  &nbsp;\" \/>\n<meta property=\"og:url\" content=\"https:\/\/webdesi-gn.fr\/dev_deltalabo\/produits\/cat-produit\/systeme-dosmose-inverse-evoqua-protegra-cs-pro-ro\/\" \/>\n<meta property=\"og:site_name\" content=\"DeltaLabo\" \/>\n<meta property=\"article:modified_time\" content=\"2025-11-24T14:20:34+00:00\" \/>\n<meta property=\"og:image\" content=\"https:\/\/webdesi-gn.fr\/dev_deltalabo\/wp-content\/uploads\/2022\/01\/laboratory-g43d8b3442_1280.jpg\" \/>\n\t<meta property=\"og:image:width\" content=\"1280\" \/>\n\t<meta property=\"og:image:height\" content=\"853\" \/>\n\t<meta property=\"og:image:type\" content=\"image\/jpeg\" \/>\n<meta name=\"twitter:card\" content=\"summary_large_image\" \/>\n<script type=\"application\/ld+json\" class=\"yoast-schema-graph\">{\"@context\":\"https:\\\/\\\/schema.org\",\"@graph\":[{\"@type\":\"WebPage\",\"@id\":\"https:\\\/\\\/webdesi-gn.fr\\\/dev_deltalabo\\\/produits\\\/cat-produit\\\/systeme-dosmose-inverse-evoqua-protegra-cs-pro-ro\\\/\",\"url\":\"https:\\\/\\\/webdesi-gn.fr\\\/dev_deltalabo\\\/produits\\\/cat-produit\\\/systeme-dosmose-inverse-evoqua-protegra-cs-pro-ro\\\/\",\"name\":\"Syst\u00e8me d'osmose inverse Evoqua - Protegra CS\u00ae Pro RO | DeltaLabo\",\"isPartOf\":{\"@id\":\"https:\\\/\\\/webdesi-gn.fr\\\/dev_deltalabo\\\/#website\"},\"primaryImageOfPage\":{\"@id\":\"https:\\\/\\\/webdesi-gn.fr\\\/dev_deltalabo\\\/produits\\\/cat-produit\\\/systeme-dosmose-inverse-evoqua-protegra-cs-pro-ro\\\/#primaryimage\"},\"image\":{\"@id\":\"https:\\\/\\\/webdesi-gn.fr\\\/dev_deltalabo\\\/produits\\\/cat-produit\\\/systeme-dosmose-inverse-evoqua-protegra-cs-pro-ro\\\/#primaryimage\"},\"thumbnailUrl\":\"https:\\\/\\\/webdesi-gn.fr\\\/dev_deltalabo\\\/wp-content\\\/uploads\\\/2025\\\/11\\\/DELTA-LABO-Protegra-CS\u00ae-PRO-RO.png\",\"datePublished\":\"2025-11-24T14:17:37+00:00\",\"dateModified\":\"2025-11-24T14:20:34+00:00\",\"breadcrumb\":{\"@id\":\"https:\\\/\\\/webdesi-gn.fr\\\/dev_deltalabo\\\/produits\\\/cat-produit\\\/systeme-dosmose-inverse-evoqua-protegra-cs-pro-ro\\\/#breadcrumb\"},\"inLanguage\":\"fr-FR\",\"potentialAction\":[{\"@type\":\"ReadAction\",\"target\":[\"https:\\\/\\\/webdesi-gn.fr\\\/dev_deltalabo\\\/produits\\\/cat-produit\\\/systeme-dosmose-inverse-evoqua-protegra-cs-pro-ro\\\/\"]}]},{\"@type\":\"ImageObject\",\"inLanguage\":\"fr-FR\",\"@id\":\"https:\\\/\\\/webdesi-gn.fr\\\/dev_deltalabo\\\/produits\\\/cat-produit\\\/systeme-dosmose-inverse-evoqua-protegra-cs-pro-ro\\\/#primaryimage\",\"url\":\"https:\\\/\\\/webdesi-gn.fr\\\/dev_deltalabo\\\/wp-content\\\/uploads\\\/2025\\\/11\\\/DELTA-LABO-Protegra-CS\u00ae-PRO-RO.png\",\"contentUrl\":\"https:\\\/\\\/webdesi-gn.fr\\\/dev_deltalabo\\\/wp-content\\\/uploads\\\/2025\\\/11\\\/DELTA-LABO-Protegra-CS\u00ae-PRO-RO.png\",\"width\":500,\"height\":500},{\"@type\":\"BreadcrumbList\",\"@id\":\"https:\\\/\\\/webdesi-gn.fr\\\/dev_deltalabo\\\/produits\\\/cat-produit\\\/systeme-dosmose-inverse-evoqua-protegra-cs-pro-ro\\\/#breadcrumb\",\"itemListElement\":[{\"@type\":\"ListItem\",\"position\":1,\"name\":\"Accueil\",\"item\":\"https:\\\/\\\/webdesi-gn.fr\\\/dev_deltalabo\\\/\"},{\"@type\":\"ListItem\",\"position\":2,\"name\":\"Produits\",\"item\":\"https:\\\/\\\/webdesi-gn.fr\\\/dev_deltalabo\\\/produits\\\/\"},{\"@type\":\"ListItem\",\"position\":3,\"name\":\"Syst\u00e8me d&rsquo;osmose inverse Evoqua &#8211; Protegra CS\u00ae Pro RO\"}]},{\"@type\":\"WebSite\",\"@id\":\"https:\\\/\\\/webdesi-gn.fr\\\/dev_deltalabo\\\/#website\",\"url\":\"https:\\\/\\\/webdesi-gn.fr\\\/dev_deltalabo\\\/\",\"name\":\"Delta Labo\",\"description\":\"Un site utilisant WordPress\",\"publisher\":{\"@id\":\"https:\\\/\\\/webdesi-gn.fr\\\/dev_deltalabo\\\/#organization\"},\"alternateName\":\"Delta Labo\",\"potentialAction\":[{\"@type\":\"SearchAction\",\"target\":{\"@type\":\"EntryPoint\",\"urlTemplate\":\"https:\\\/\\\/webdesi-gn.fr\\\/dev_deltalabo\\\/?s={search_term_string}\"},\"query-input\":{\"@type\":\"PropertyValueSpecification\",\"valueRequired\":true,\"valueName\":\"search_term_string\"}}],\"inLanguage\":\"fr-FR\"},{\"@type\":\"Organization\",\"@id\":\"https:\\\/\\\/webdesi-gn.fr\\\/dev_deltalabo\\\/#organization\",\"name\":\"DeltaLabo\",\"url\":\"https:\\\/\\\/webdesi-gn.fr\\\/dev_deltalabo\\\/\",\"logo\":{\"@type\":\"ImageObject\",\"inLanguage\":\"fr-FR\",\"@id\":\"https:\\\/\\\/webdesi-gn.fr\\\/dev_deltalabo\\\/#\\\/schema\\\/logo\\\/image\\\/\",\"url\":\"https:\\\/\\\/webdesi-gn.fr\\\/dev_deltalabo\\\/wp-content\\\/uploads\\\/2022\\\/07\\\/logo-deltalabo.png\",\"contentUrl\":\"https:\\\/\\\/webdesi-gn.fr\\\/dev_deltalabo\\\/wp-content\\\/uploads\\\/2022\\\/07\\\/logo-deltalabo.png\",\"width\":694,\"height\":306,\"caption\":\"DeltaLabo\"},\"image\":{\"@id\":\"https:\\\/\\\/webdesi-gn.fr\\\/dev_deltalabo\\\/#\\\/schema\\\/logo\\\/image\\\/\"}}]}<\/script>\n<!-- \/ Yoast SEO plugin. -->","yoast_head_json":{"title":"Syst\u00e8me d'osmose inverse Evoqua - Protegra CS\u00ae Pro RO | DeltaLabo","robots":{"index":"noindex","follow":"follow","max-snippet":"max-snippet:-1","max-image-preview":"max-image-preview:large","max-video-preview":"max-video-preview:-1"},"og_locale":"fr_FR","og_type":"article","og_title":"Syst\u00e8me d'osmose inverse Evoqua - Protegra CS\u00ae Pro RO | DeltaLabo","og_description":"Syst\u00e8me d'osmose inverse Evoqua - Protegra CS\u00ae Pro RO :  Les syt\u00e8mes d'osmose inverse Protegra CS\u00ae Pro RO produit de l'eau pure pour une grande vari\u00e9t\u00e9 d'applications en inversant le processus d'osmose naturelle pour d\u00e9sioniser l'eau de mani\u00e8re respectueuse de l'environnement. L'eau pure produite par osmose inverse peut \u00eatre utilis\u00e9e \u00e0 de nombreuses fins dans les laboratoires : pour rincer la verrerie de laboratoire ou comme eau d'alimentation pour les autoclaves, les armoires climatis\u00e9es et les syst\u00e8mes d'eau ultra pure.  Les syt\u00e8mes d'osmose inverse Protegra CS Pro RO se concentre sur l'efficacit\u00e9 \u00e9conomique, combinant une conception compacte avec des composants de haute qualit\u00e9 et des commandes intelligentes. La qualit\u00e9 de l\u2019eau pure produite d\u00e9pend de la qualit\u00e9 de l\u2019eau d\u2019entr\u00e9e entrant dans le syst\u00e8me.  Les syt\u00e8mes d'osmose inverse Protegra CS Pro RO fournissent jusqu'\u00e0 1 200 l\/h d'eau purifi\u00e9e 24 heures sur 24. Avec des taux de r\u00e9tention de sel &gt; 98 % et des taux de r\u00e9tention organiques &gt; 99%, ce syst\u00e8me garantit une eau toujours pure et atteint des valeurs de conductivit\u00e9 inf\u00e9rieures \u00e0 20 \u03bcS\/cm pour l'eau du robinet typique.  T\u00e9l\u00e9charger la brochure produit : Syst\u00e8me d'osmose inverse Evoqua - Protegra CS\u00ae Pro RO\u00a0  &nbsp;","og_url":"https:\/\/webdesi-gn.fr\/dev_deltalabo\/produits\/cat-produit\/systeme-dosmose-inverse-evoqua-protegra-cs-pro-ro\/","og_site_name":"DeltaLabo","article_modified_time":"2025-11-24T14:20:34+00:00","og_image":[{"width":1280,"height":853,"url":"https:\/\/webdesi-gn.fr\/dev_deltalabo\/wp-content\/uploads\/2022\/01\/laboratory-g43d8b3442_1280.jpg","type":"image\/jpeg"}],"twitter_card":"summary_large_image","schema":{"@context":"https:\/\/schema.org","@graph":[{"@type":"WebPage","@id":"https:\/\/webdesi-gn.fr\/dev_deltalabo\/produits\/cat-produit\/systeme-dosmose-inverse-evoqua-protegra-cs-pro-ro\/","url":"https:\/\/webdesi-gn.fr\/dev_deltalabo\/produits\/cat-produit\/systeme-dosmose-inverse-evoqua-protegra-cs-pro-ro\/","name":"Syst\u00e8me d'osmose inverse Evoqua - Protegra CS\u00ae Pro RO | DeltaLabo","isPartOf":{"@id":"https:\/\/webdesi-gn.fr\/dev_deltalabo\/#website"},"primaryImageOfPage":{"@id":"https:\/\/webdesi-gn.fr\/dev_deltalabo\/produits\/cat-produit\/systeme-dosmose-inverse-evoqua-protegra-cs-pro-ro\/#primaryimage"},"image":{"@id":"https:\/\/webdesi-gn.fr\/dev_deltalabo\/produits\/cat-produit\/systeme-dosmose-inverse-evoqua-protegra-cs-pro-ro\/#primaryimage"},"thumbnailUrl":"https:\/\/webdesi-gn.fr\/dev_deltalabo\/wp-content\/uploads\/2025\/11\/DELTA-LABO-Protegra-CS\u00ae-PRO-RO.png","datePublished":"2025-11-24T14:17:37+00:00","dateModified":"2025-11-24T14:20:34+00:00","breadcrumb":{"@id":"https:\/\/webdesi-gn.fr\/dev_deltalabo\/produits\/cat-produit\/systeme-dosmose-inverse-evoqua-protegra-cs-pro-ro\/#breadcrumb"},"inLanguage":"fr-FR","potentialAction":[{"@type":"ReadAction","target":["https:\/\/webdesi-gn.fr\/dev_deltalabo\/produits\/cat-produit\/systeme-dosmose-inverse-evoqua-protegra-cs-pro-ro\/"]}]},{"@type":"ImageObject","inLanguage":"fr-FR","@id":"https:\/\/webdesi-gn.fr\/dev_deltalabo\/produits\/cat-produit\/systeme-dosmose-inverse-evoqua-protegra-cs-pro-ro\/#primaryimage","url":"https:\/\/webdesi-gn.fr\/dev_deltalabo\/wp-content\/uploads\/2025\/11\/DELTA-LABO-Protegra-CS\u00ae-PRO-RO.png","contentUrl":"https:\/\/webdesi-gn.fr\/dev_deltalabo\/wp-content\/uploads\/2025\/11\/DELTA-LABO-Protegra-CS\u00ae-PRO-RO.png","width":500,"height":500},{"@type":"BreadcrumbList","@id":"https:\/\/webdesi-gn.fr\/dev_deltalabo\/produits\/cat-produit\/systeme-dosmose-inverse-evoqua-protegra-cs-pro-ro\/#breadcrumb","itemListElement":[{"@type":"ListItem","position":1,"name":"Accueil","item":"https:\/\/webdesi-gn.fr\/dev_deltalabo\/"},{"@type":"ListItem","position":2,"name":"Produits","item":"https:\/\/webdesi-gn.fr\/dev_deltalabo\/produits\/"},{"@type":"ListItem","position":3,"name":"Syst\u00e8me d&rsquo;osmose inverse Evoqua &#8211; Protegra CS\u00ae Pro RO"}]},{"@type":"WebSite","@id":"https:\/\/webdesi-gn.fr\/dev_deltalabo\/#website","url":"https:\/\/webdesi-gn.fr\/dev_deltalabo\/","name":"Delta Labo","description":"Un site utilisant WordPress","publisher":{"@id":"https:\/\/webdesi-gn.fr\/dev_deltalabo\/#organization"},"alternateName":"Delta Labo","potentialAction":[{"@type":"SearchAction","target":{"@type":"EntryPoint","urlTemplate":"https:\/\/webdesi-gn.fr\/dev_deltalabo\/?s={search_term_string}"},"query-input":{"@type":"PropertyValueSpecification","valueRequired":true,"valueName":"search_term_string"}}],"inLanguage":"fr-FR"},{"@type":"Organization","@id":"https:\/\/webdesi-gn.fr\/dev_deltalabo\/#organization","name":"DeltaLabo","url":"https:\/\/webdesi-gn.fr\/dev_deltalabo\/","logo":{"@type":"ImageObject","inLanguage":"fr-FR","@id":"https:\/\/webdesi-gn.fr\/dev_deltalabo\/#\/schema\/logo\/image\/","url":"https:\/\/webdesi-gn.fr\/dev_deltalabo\/wp-content\/uploads\/2022\/07\/logo-deltalabo.png","contentUrl":"https:\/\/webdesi-gn.fr\/dev_deltalabo\/wp-content\/uploads\/2022\/07\/logo-deltalabo.png","width":694,"height":306,"caption":"DeltaLabo"},"image":{"@id":"https:\/\/webdesi-gn.fr\/dev_deltalabo\/#\/schema\/logo\/image\/"}}]}},"_links":{"self":[{"href":"https:\/\/webdesi-gn.fr\/dev_deltalabo\/wp-json\/wp\/v2\/product\/262705","targetHints":{"allow":["GET"]}}],"collection":[{"href":"https:\/\/webdesi-gn.fr\/dev_deltalabo\/wp-json\/wp\/v2\/product"}],"about":[{"href":"https:\/\/webdesi-gn.fr\/dev_deltalabo\/wp-json\/wp\/v2\/types\/product"}],"wp:featuredmedia":[{"embeddable":true,"href":"https:\/\/webdesi-gn.fr\/dev_deltalabo\/wp-json\/wp\/v2\/media\/262790"}],"wp:attachment":[{"href":"https:\/\/webdesi-gn.fr\/dev_deltalabo\/wp-json\/wp\/v2\/media?parent=262705"}],"wp:term":[{"taxonomy":"domaine","embeddable":true,"href":"https:\/\/webdesi-gn.fr\/dev_deltalabo\/wp-json\/wp\/v2\/domaine?post=262705"},{"taxonomy":"normes","embeddable":true,"href":"https:\/\/webdesi-gn.fr\/dev_deltalabo\/wp-json\/wp\/v2\/normes?post=262705"},{"taxonomy":"product_brand","embeddable":true,"href":"https:\/\/webdesi-gn.fr\/dev_deltalabo\/wp-json\/wp\/v2\/product_brand?post=262705"},{"taxonomy":"product_cat","embeddable":true,"href":"https:\/\/webdesi-gn.fr\/dev_deltalabo\/wp-json\/wp\/v2\/product_cat?post=262705"},{"taxonomy":"product_tag","embeddable":true,"href":"https:\/\/webdesi-gn.fr\/dev_deltalabo\/wp-json\/wp\/v2\/product_tag?post=262705"}],"curies":[{"name":"wp","href":"https:\/\/api.w.org\/{rel}","templated":true}]}}