{"id":262706,"date":"2025-11-24T15:17:37","date_gmt":"2025-11-24T14:17:37","guid":{"rendered":"https:\/\/webdesi-gn.fr\/dev_deltalabo\/?post_type=product&#038;p=262706"},"modified":"2025-11-24T15:20:36","modified_gmt":"2025-11-24T14:20:36","slug":"systeme-dosmose-inverse-evoqua-protegra-cs-pro-ro-edi","status":"publish","type":"product","link":"https:\/\/webdesi-gn.fr\/dev_deltalabo\/produits\/categories\/systeme-dosmose-inverse-evoqua-protegra-cs-pro-ro-edi\/","title":{"rendered":"Syst\u00e8me d&rsquo;osmose inverse Evoqua &#8211; Protegra CS\u00ae Pro RO EDI"},"content":{"rendered":"","protected":false},"excerpt":{"rendered":"<p><strong>Syst\u00e8me d&rsquo;osmose inverse Evoqua &#8211; Protegra CS\u00ae Pro RO EDI :<\/strong><\/p>\n<p>Le syst\u00e8me Protegra CS\u00ae Pro RO EDI est une solution de purification ultra performante pour les activit\u00e9s n\u00e9cessitant de l\u2019eau d\u00e9ionis\u00e9e.<\/p>\n<p>B\u00e9n\u00e9ficiant d\u2019une technologie d\u2019osmose inverse innovante et d\u2019une cellule Ionpure\u00ae CEDI haute performance, le syst\u00e8me permet de garantir une qualit\u00e9 d\u2019eau conforme aux normes requises. Cette solution est id\u00e9ale pour un \u00e9ventail d\u2019applications industrielles ou de laboratoire avec une qualit\u00e9 d\u2019eau typique &gt; 0,07 \u03bcS\/cm et pour des d\u00e9bits jusqu\u2019\u00e0 1000 l\/h \u00e0 15\u00b0C.<\/p>\n<p>Le syst\u00e8me peut \u00eatre configur\u00e9, selon les besoins, comme unit\u00e9 de distribution autonome ou centralis\u00e9e, alimentant en eau diff\u00e9rentes zones d\u2019utilisation dans le b\u00e2timent. Dans un environnement de laboratoire o\u00f9 l\u2019espace est limit\u00e9, le syst\u00e8me compact Protegra CS Pro offre \u00e9galement la possibilit\u00e9 d\u2019installer le r\u00e9servoir de stockage s\u00e9par\u00e9ment.<\/p>\n<p>Plusieurs tailles de r\u00e9servoir sont disponibles. Un syst\u00e8me de d\u00e9gazage est \u00e9galement disponible en option pour prot\u00e9ger la cellule Ionpure.<\/p>\n<p><strong>T\u00e9l\u00e9charger la brochure produit :<\/strong> <a href=\"https:\/\/www.deltalabo.fr\/wp-content\/uploads\/2025\/10\/Protegra-CS-Pro-RO-EDI-fr-DL-2025-new.pdf\">Syst\u00e8me d&rsquo;osmose inverse Evoqua &#8211; Protegra CS\u00ae Pro RO EDI<\/a><\/p>\n<p>&nbsp;<\/p>\n","protected":false},"featured_media":262791,"template":"","meta":{"_acf_changed":false,"site-sidebar-layout":"default","site-content-layout":"","ast-site-content-layout":"default","site-content-style":"default","site-sidebar-style":"default","ast-global-header-display":"","ast-banner-title-visibility":"","ast-main-header-display":"","ast-hfb-above-header-display":"","ast-hfb-below-header-display":"","ast-hfb-mobile-header-display":"","site-post-title":"","ast-breadcrumbs-content":"","ast-featured-img":"","footer-sml-layout":"","ast-disable-related-posts":"","theme-transparent-header-meta":"","adv-header-id-meta":"","stick-header-meta":"","header-above-stick-meta":"","header-main-stick-meta":"","header-below-stick-meta":"","astra-migrate-meta-layouts":"default","ast-page-background-enabled":"default","ast-page-background-meta":{"desktop":{"background-color":"var(--ast-global-color-5)","background-image":"","background-repeat":"repeat","background-position":"center center","background-size":"auto","background-attachment":"scroll","background-type":"","background-media":"","overlay-type":"","overlay-color":"","overlay-opacity":"","overlay-gradient":""},"tablet":{"background-color":"","background-image":"","background-repeat":"repeat","background-position":"center center","background-size":"auto","background-attachment":"scroll","background-type":"","background-media":"","overlay-type":"","overlay-color":"","overlay-opacity":"","overlay-gradient":""},"mobile":{"background-color":"","background-image":"","background-repeat":"repeat","background-position":"center center","background-size":"auto","background-attachment":"scroll","background-type":"","background-media":"","overlay-type":"","overlay-color":"","overlay-opacity":"","overlay-gradient":""}},"ast-content-background-meta":{"desktop":{"background-color":"var(--ast-global-color-4)","background-image":"","background-repeat":"repeat","background-position":"center center","background-size":"auto","background-attachment":"scroll","background-type":"","background-media":"","overlay-type":"","overlay-color":"","overlay-opacity":"","overlay-gradient":""},"tablet":{"background-color":"var(--ast-global-color-4)","background-image":"","background-repeat":"repeat","background-position":"center center","background-size":"auto","background-attachment":"scroll","background-type":"","background-media":"","overlay-type":"","overlay-color":"","overlay-opacity":"","overlay-gradient":""},"mobile":{"background-color":"var(--ast-global-color-4)","background-image":"","background-repeat":"repeat","background-position":"center center","background-size":"auto","background-attachment":"scroll","background-type":"","background-media":"","overlay-type":"","overlay-color":"","overlay-opacity":"","overlay-gradient":""}}},"domaine":[],"normes":[],"product_brand":[],"product_cat":[17240],"product_tag":[],"class_list":{"0":"post-262706","1":"product","2":"type-product","3":"status-publish","4":"has-post-thumbnail","6":"product_cat-categories","7":"desktop-align-left","8":"tablet-align-left","9":"mobile-align-left","11":"first","12":"instock","13":"shipping-taxable","14":"product-type-simple"},"acf":[],"yoast_head":"<!-- This site is optimized with the Yoast SEO plugin v27.4 - https:\/\/yoast.com\/product\/yoast-seo-wordpress\/ -->\n<title>Syst\u00e8me d&#039;osmose inverse Evoqua - Protegra CS\u00ae Pro RO EDI | DeltaLabo<\/title>\n<meta name=\"robots\" content=\"noindex, follow, max-snippet:-1, max-image-preview:large, max-video-preview:-1\" \/>\n<meta property=\"og:locale\" content=\"fr_FR\" \/>\n<meta property=\"og:type\" content=\"article\" \/>\n<meta property=\"og:title\" content=\"Syst\u00e8me d&#039;osmose inverse Evoqua - Protegra CS\u00ae Pro RO EDI | DeltaLabo\" \/>\n<meta property=\"og:description\" content=\"Syst\u00e8me d&#039;osmose inverse Evoqua - Protegra CS\u00ae Pro RO EDI :  Le syst\u00e8me Protegra CS\u00ae Pro RO EDI est une solution de purification ultra performante pour les activit\u00e9s n\u00e9cessitant de l\u2019eau d\u00e9ionis\u00e9e.  B\u00e9n\u00e9ficiant d\u2019une technologie d\u2019osmose inverse innovante et d\u2019une cellule Ionpure\u00ae CEDI haute performance, le syst\u00e8me permet de garantir une qualit\u00e9 d\u2019eau conforme aux normes requises. Cette solution est id\u00e9ale pour un \u00e9ventail d\u2019applications industrielles ou de laboratoire avec une qualit\u00e9 d\u2019eau typique &gt; 0,07 \u03bcS\/cm et pour des d\u00e9bits jusqu\u2019\u00e0 1000 l\/h \u00e0 15\u00b0C.  Le syst\u00e8me peut \u00eatre configur\u00e9, selon les besoins, comme unit\u00e9 de distribution autonome ou centralis\u00e9e, alimentant en eau diff\u00e9rentes zones d\u2019utilisation dans le b\u00e2timent. Dans un environnement de laboratoire o\u00f9 l\u2019espace est limit\u00e9, le syst\u00e8me compact Protegra CS Pro offre \u00e9galement la possibilit\u00e9 d\u2019installer le r\u00e9servoir de stockage s\u00e9par\u00e9ment.  Plusieurs tailles de r\u00e9servoir sont disponibles. Un syst\u00e8me de d\u00e9gazage est \u00e9galement disponible en option pour prot\u00e9ger la cellule Ionpure.  T\u00e9l\u00e9charger la brochure produit : Syst\u00e8me d&#039;osmose inverse Evoqua - Protegra CS\u00ae Pro RO EDI  &nbsp;\" \/>\n<meta property=\"og:url\" content=\"https:\/\/webdesi-gn.fr\/dev_deltalabo\/produits\/cat-produit\/systeme-dosmose-inverse-evoqua-protegra-cs-pro-ro-edi\/\" \/>\n<meta property=\"og:site_name\" content=\"DeltaLabo\" \/>\n<meta property=\"article:modified_time\" content=\"2025-11-24T14:20:36+00:00\" \/>\n<meta property=\"og:image\" content=\"https:\/\/webdesi-gn.fr\/dev_deltalabo\/wp-content\/uploads\/2022\/01\/laboratory-g43d8b3442_1280.jpg\" \/>\n\t<meta property=\"og:image:width\" content=\"1280\" \/>\n\t<meta property=\"og:image:height\" content=\"853\" \/>\n\t<meta property=\"og:image:type\" content=\"image\/jpeg\" \/>\n<meta name=\"twitter:card\" content=\"summary_large_image\" \/>\n<script type=\"application\/ld+json\" class=\"yoast-schema-graph\">{\"@context\":\"https:\\\/\\\/schema.org\",\"@graph\":[{\"@type\":\"WebPage\",\"@id\":\"https:\\\/\\\/webdesi-gn.fr\\\/dev_deltalabo\\\/produits\\\/cat-produit\\\/systeme-dosmose-inverse-evoqua-protegra-cs-pro-ro-edi\\\/\",\"url\":\"https:\\\/\\\/webdesi-gn.fr\\\/dev_deltalabo\\\/produits\\\/cat-produit\\\/systeme-dosmose-inverse-evoqua-protegra-cs-pro-ro-edi\\\/\",\"name\":\"Syst\u00e8me d'osmose inverse Evoqua - Protegra CS\u00ae Pro RO EDI | DeltaLabo\",\"isPartOf\":{\"@id\":\"https:\\\/\\\/webdesi-gn.fr\\\/dev_deltalabo\\\/#website\"},\"primaryImageOfPage\":{\"@id\":\"https:\\\/\\\/webdesi-gn.fr\\\/dev_deltalabo\\\/produits\\\/cat-produit\\\/systeme-dosmose-inverse-evoqua-protegra-cs-pro-ro-edi\\\/#primaryimage\"},\"image\":{\"@id\":\"https:\\\/\\\/webdesi-gn.fr\\\/dev_deltalabo\\\/produits\\\/cat-produit\\\/systeme-dosmose-inverse-evoqua-protegra-cs-pro-ro-edi\\\/#primaryimage\"},\"thumbnailUrl\":\"https:\\\/\\\/webdesi-gn.fr\\\/dev_deltalabo\\\/wp-content\\\/uploads\\\/2025\\\/11\\\/DELTA-LABO-Protegra-CS\u00ae-Pro-RO-EDI.webp\",\"datePublished\":\"2025-11-24T14:17:37+00:00\",\"dateModified\":\"2025-11-24T14:20:36+00:00\",\"breadcrumb\":{\"@id\":\"https:\\\/\\\/webdesi-gn.fr\\\/dev_deltalabo\\\/produits\\\/cat-produit\\\/systeme-dosmose-inverse-evoqua-protegra-cs-pro-ro-edi\\\/#breadcrumb\"},\"inLanguage\":\"fr-FR\",\"potentialAction\":[{\"@type\":\"ReadAction\",\"target\":[\"https:\\\/\\\/webdesi-gn.fr\\\/dev_deltalabo\\\/produits\\\/cat-produit\\\/systeme-dosmose-inverse-evoqua-protegra-cs-pro-ro-edi\\\/\"]}]},{\"@type\":\"ImageObject\",\"inLanguage\":\"fr-FR\",\"@id\":\"https:\\\/\\\/webdesi-gn.fr\\\/dev_deltalabo\\\/produits\\\/cat-produit\\\/systeme-dosmose-inverse-evoqua-protegra-cs-pro-ro-edi\\\/#primaryimage\",\"url\":\"https:\\\/\\\/webdesi-gn.fr\\\/dev_deltalabo\\\/wp-content\\\/uploads\\\/2025\\\/11\\\/DELTA-LABO-Protegra-CS\u00ae-Pro-RO-EDI.webp\",\"contentUrl\":\"https:\\\/\\\/webdesi-gn.fr\\\/dev_deltalabo\\\/wp-content\\\/uploads\\\/2025\\\/11\\\/DELTA-LABO-Protegra-CS\u00ae-Pro-RO-EDI.webp\",\"width\":500,\"height\":500},{\"@type\":\"BreadcrumbList\",\"@id\":\"https:\\\/\\\/webdesi-gn.fr\\\/dev_deltalabo\\\/produits\\\/cat-produit\\\/systeme-dosmose-inverse-evoqua-protegra-cs-pro-ro-edi\\\/#breadcrumb\",\"itemListElement\":[{\"@type\":\"ListItem\",\"position\":1,\"name\":\"Accueil\",\"item\":\"https:\\\/\\\/webdesi-gn.fr\\\/dev_deltalabo\\\/\"},{\"@type\":\"ListItem\",\"position\":2,\"name\":\"Produits\",\"item\":\"https:\\\/\\\/webdesi-gn.fr\\\/dev_deltalabo\\\/produits\\\/\"},{\"@type\":\"ListItem\",\"position\":3,\"name\":\"Syst\u00e8me d&rsquo;osmose inverse Evoqua &#8211; Protegra CS\u00ae Pro RO EDI\"}]},{\"@type\":\"WebSite\",\"@id\":\"https:\\\/\\\/webdesi-gn.fr\\\/dev_deltalabo\\\/#website\",\"url\":\"https:\\\/\\\/webdesi-gn.fr\\\/dev_deltalabo\\\/\",\"name\":\"Delta Labo\",\"description\":\"Un site utilisant WordPress\",\"publisher\":{\"@id\":\"https:\\\/\\\/webdesi-gn.fr\\\/dev_deltalabo\\\/#organization\"},\"alternateName\":\"Delta Labo\",\"potentialAction\":[{\"@type\":\"SearchAction\",\"target\":{\"@type\":\"EntryPoint\",\"urlTemplate\":\"https:\\\/\\\/webdesi-gn.fr\\\/dev_deltalabo\\\/?s={search_term_string}\"},\"query-input\":{\"@type\":\"PropertyValueSpecification\",\"valueRequired\":true,\"valueName\":\"search_term_string\"}}],\"inLanguage\":\"fr-FR\"},{\"@type\":\"Organization\",\"@id\":\"https:\\\/\\\/webdesi-gn.fr\\\/dev_deltalabo\\\/#organization\",\"name\":\"DeltaLabo\",\"url\":\"https:\\\/\\\/webdesi-gn.fr\\\/dev_deltalabo\\\/\",\"logo\":{\"@type\":\"ImageObject\",\"inLanguage\":\"fr-FR\",\"@id\":\"https:\\\/\\\/webdesi-gn.fr\\\/dev_deltalabo\\\/#\\\/schema\\\/logo\\\/image\\\/\",\"url\":\"https:\\\/\\\/webdesi-gn.fr\\\/dev_deltalabo\\\/wp-content\\\/uploads\\\/2022\\\/07\\\/logo-deltalabo.png\",\"contentUrl\":\"https:\\\/\\\/webdesi-gn.fr\\\/dev_deltalabo\\\/wp-content\\\/uploads\\\/2022\\\/07\\\/logo-deltalabo.png\",\"width\":694,\"height\":306,\"caption\":\"DeltaLabo\"},\"image\":{\"@id\":\"https:\\\/\\\/webdesi-gn.fr\\\/dev_deltalabo\\\/#\\\/schema\\\/logo\\\/image\\\/\"}}]}<\/script>\n<!-- \/ Yoast SEO plugin. -->","yoast_head_json":{"title":"Syst\u00e8me d'osmose inverse Evoqua - Protegra CS\u00ae Pro RO EDI | DeltaLabo","robots":{"index":"noindex","follow":"follow","max-snippet":"max-snippet:-1","max-image-preview":"max-image-preview:large","max-video-preview":"max-video-preview:-1"},"og_locale":"fr_FR","og_type":"article","og_title":"Syst\u00e8me d'osmose inverse Evoqua - Protegra CS\u00ae Pro RO EDI | DeltaLabo","og_description":"Syst\u00e8me d'osmose inverse Evoqua - Protegra CS\u00ae Pro RO EDI :  Le syst\u00e8me Protegra CS\u00ae Pro RO EDI est une solution de purification ultra performante pour les activit\u00e9s n\u00e9cessitant de l\u2019eau d\u00e9ionis\u00e9e.  B\u00e9n\u00e9ficiant d\u2019une technologie d\u2019osmose inverse innovante et d\u2019une cellule Ionpure\u00ae CEDI haute performance, le syst\u00e8me permet de garantir une qualit\u00e9 d\u2019eau conforme aux normes requises. Cette solution est id\u00e9ale pour un \u00e9ventail d\u2019applications industrielles ou de laboratoire avec une qualit\u00e9 d\u2019eau typique &gt; 0,07 \u03bcS\/cm et pour des d\u00e9bits jusqu\u2019\u00e0 1000 l\/h \u00e0 15\u00b0C.  Le syst\u00e8me peut \u00eatre configur\u00e9, selon les besoins, comme unit\u00e9 de distribution autonome ou centralis\u00e9e, alimentant en eau diff\u00e9rentes zones d\u2019utilisation dans le b\u00e2timent. Dans un environnement de laboratoire o\u00f9 l\u2019espace est limit\u00e9, le syst\u00e8me compact Protegra CS Pro offre \u00e9galement la possibilit\u00e9 d\u2019installer le r\u00e9servoir de stockage s\u00e9par\u00e9ment.  Plusieurs tailles de r\u00e9servoir sont disponibles. Un syst\u00e8me de d\u00e9gazage est \u00e9galement disponible en option pour prot\u00e9ger la cellule Ionpure.  T\u00e9l\u00e9charger la brochure produit : Syst\u00e8me d'osmose inverse Evoqua - Protegra CS\u00ae Pro RO EDI  &nbsp;","og_url":"https:\/\/webdesi-gn.fr\/dev_deltalabo\/produits\/cat-produit\/systeme-dosmose-inverse-evoqua-protegra-cs-pro-ro-edi\/","og_site_name":"DeltaLabo","article_modified_time":"2025-11-24T14:20:36+00:00","og_image":[{"width":1280,"height":853,"url":"https:\/\/webdesi-gn.fr\/dev_deltalabo\/wp-content\/uploads\/2022\/01\/laboratory-g43d8b3442_1280.jpg","type":"image\/jpeg"}],"twitter_card":"summary_large_image","schema":{"@context":"https:\/\/schema.org","@graph":[{"@type":"WebPage","@id":"https:\/\/webdesi-gn.fr\/dev_deltalabo\/produits\/cat-produit\/systeme-dosmose-inverse-evoqua-protegra-cs-pro-ro-edi\/","url":"https:\/\/webdesi-gn.fr\/dev_deltalabo\/produits\/cat-produit\/systeme-dosmose-inverse-evoqua-protegra-cs-pro-ro-edi\/","name":"Syst\u00e8me d'osmose inverse Evoqua - Protegra CS\u00ae Pro RO EDI | DeltaLabo","isPartOf":{"@id":"https:\/\/webdesi-gn.fr\/dev_deltalabo\/#website"},"primaryImageOfPage":{"@id":"https:\/\/webdesi-gn.fr\/dev_deltalabo\/produits\/cat-produit\/systeme-dosmose-inverse-evoqua-protegra-cs-pro-ro-edi\/#primaryimage"},"image":{"@id":"https:\/\/webdesi-gn.fr\/dev_deltalabo\/produits\/cat-produit\/systeme-dosmose-inverse-evoqua-protegra-cs-pro-ro-edi\/#primaryimage"},"thumbnailUrl":"https:\/\/webdesi-gn.fr\/dev_deltalabo\/wp-content\/uploads\/2025\/11\/DELTA-LABO-Protegra-CS\u00ae-Pro-RO-EDI.webp","datePublished":"2025-11-24T14:17:37+00:00","dateModified":"2025-11-24T14:20:36+00:00","breadcrumb":{"@id":"https:\/\/webdesi-gn.fr\/dev_deltalabo\/produits\/cat-produit\/systeme-dosmose-inverse-evoqua-protegra-cs-pro-ro-edi\/#breadcrumb"},"inLanguage":"fr-FR","potentialAction":[{"@type":"ReadAction","target":["https:\/\/webdesi-gn.fr\/dev_deltalabo\/produits\/cat-produit\/systeme-dosmose-inverse-evoqua-protegra-cs-pro-ro-edi\/"]}]},{"@type":"ImageObject","inLanguage":"fr-FR","@id":"https:\/\/webdesi-gn.fr\/dev_deltalabo\/produits\/cat-produit\/systeme-dosmose-inverse-evoqua-protegra-cs-pro-ro-edi\/#primaryimage","url":"https:\/\/webdesi-gn.fr\/dev_deltalabo\/wp-content\/uploads\/2025\/11\/DELTA-LABO-Protegra-CS\u00ae-Pro-RO-EDI.webp","contentUrl":"https:\/\/webdesi-gn.fr\/dev_deltalabo\/wp-content\/uploads\/2025\/11\/DELTA-LABO-Protegra-CS\u00ae-Pro-RO-EDI.webp","width":500,"height":500},{"@type":"BreadcrumbList","@id":"https:\/\/webdesi-gn.fr\/dev_deltalabo\/produits\/cat-produit\/systeme-dosmose-inverse-evoqua-protegra-cs-pro-ro-edi\/#breadcrumb","itemListElement":[{"@type":"ListItem","position":1,"name":"Accueil","item":"https:\/\/webdesi-gn.fr\/dev_deltalabo\/"},{"@type":"ListItem","position":2,"name":"Produits","item":"https:\/\/webdesi-gn.fr\/dev_deltalabo\/produits\/"},{"@type":"ListItem","position":3,"name":"Syst\u00e8me d&rsquo;osmose inverse Evoqua &#8211; Protegra CS\u00ae Pro RO EDI"}]},{"@type":"WebSite","@id":"https:\/\/webdesi-gn.fr\/dev_deltalabo\/#website","url":"https:\/\/webdesi-gn.fr\/dev_deltalabo\/","name":"Delta Labo","description":"Un site utilisant WordPress","publisher":{"@id":"https:\/\/webdesi-gn.fr\/dev_deltalabo\/#organization"},"alternateName":"Delta Labo","potentialAction":[{"@type":"SearchAction","target":{"@type":"EntryPoint","urlTemplate":"https:\/\/webdesi-gn.fr\/dev_deltalabo\/?s={search_term_string}"},"query-input":{"@type":"PropertyValueSpecification","valueRequired":true,"valueName":"search_term_string"}}],"inLanguage":"fr-FR"},{"@type":"Organization","@id":"https:\/\/webdesi-gn.fr\/dev_deltalabo\/#organization","name":"DeltaLabo","url":"https:\/\/webdesi-gn.fr\/dev_deltalabo\/","logo":{"@type":"ImageObject","inLanguage":"fr-FR","@id":"https:\/\/webdesi-gn.fr\/dev_deltalabo\/#\/schema\/logo\/image\/","url":"https:\/\/webdesi-gn.fr\/dev_deltalabo\/wp-content\/uploads\/2022\/07\/logo-deltalabo.png","contentUrl":"https:\/\/webdesi-gn.fr\/dev_deltalabo\/wp-content\/uploads\/2022\/07\/logo-deltalabo.png","width":694,"height":306,"caption":"DeltaLabo"},"image":{"@id":"https:\/\/webdesi-gn.fr\/dev_deltalabo\/#\/schema\/logo\/image\/"}}]}},"_links":{"self":[{"href":"https:\/\/webdesi-gn.fr\/dev_deltalabo\/wp-json\/wp\/v2\/product\/262706","targetHints":{"allow":["GET"]}}],"collection":[{"href":"https:\/\/webdesi-gn.fr\/dev_deltalabo\/wp-json\/wp\/v2\/product"}],"about":[{"href":"https:\/\/webdesi-gn.fr\/dev_deltalabo\/wp-json\/wp\/v2\/types\/product"}],"wp:featuredmedia":[{"embeddable":true,"href":"https:\/\/webdesi-gn.fr\/dev_deltalabo\/wp-json\/wp\/v2\/media\/262791"}],"wp:attachment":[{"href":"https:\/\/webdesi-gn.fr\/dev_deltalabo\/wp-json\/wp\/v2\/media?parent=262706"}],"wp:term":[{"taxonomy":"domaine","embeddable":true,"href":"https:\/\/webdesi-gn.fr\/dev_deltalabo\/wp-json\/wp\/v2\/domaine?post=262706"},{"taxonomy":"normes","embeddable":true,"href":"https:\/\/webdesi-gn.fr\/dev_deltalabo\/wp-json\/wp\/v2\/normes?post=262706"},{"taxonomy":"product_brand","embeddable":true,"href":"https:\/\/webdesi-gn.fr\/dev_deltalabo\/wp-json\/wp\/v2\/product_brand?post=262706"},{"taxonomy":"product_cat","embeddable":true,"href":"https:\/\/webdesi-gn.fr\/dev_deltalabo\/wp-json\/wp\/v2\/product_cat?post=262706"},{"taxonomy":"product_tag","embeddable":true,"href":"https:\/\/webdesi-gn.fr\/dev_deltalabo\/wp-json\/wp\/v2\/product_tag?post=262706"}],"curies":[{"name":"wp","href":"https:\/\/api.w.org\/{rel}","templated":true}]}}