{"id":262718,"date":"2025-11-24T15:18:08","date_gmt":"2025-11-24T14:18:08","guid":{"rendered":"https:\/\/webdesi-gn.fr\/dev_deltalabo\/?post_type=product&#038;p=262718"},"modified":"2025-11-24T15:20:39","modified_gmt":"2025-11-24T14:20:39","slug":"systeme-a-osmose-inverse-evoqua-labostar-10-ro-di","status":"publish","type":"product","link":"https:\/\/webdesi-gn.fr\/dev_deltalabo\/produits\/categories\/systeme-a-osmose-inverse-evoqua-labostar-10-ro-di\/","title":{"rendered":"Syst\u00e8me \u00e0 osmose inverse Evoqua &#8211; LaboStar\u00ae 10 RO DI"},"content":{"rendered":"","protected":false},"excerpt":{"rendered":"<p><strong>Syst\u00e8me \u00e0 osmose inverse Evoqua &#8211; LaboStar\u00ae 10 RO DI :<\/strong><\/p>\n<p>Le syst\u00e8me \u00e0 osmose inverse Evoqua LaboStar\u00ae RO DI produit une eau de haute qualit\u00e9 avec une tr\u00e8s faible consommation d\u2019\u00e9nergie. L\u2019utilisation de membranes \u00e0 \u00ab\u2009faible \u00e9nergie\u2009\u00bb permet un fonctionnement tr\u00e8s efficace, \u00e9conomique et silencieux.<\/p>\n<p>Chaque syst\u00e8me LaboStar RO DI est \u00e9quip\u00e9 d\u2019un r\u00e9servoir de stockage int\u00e9gr\u00e9 de 7 litres.<\/p>\n<p>L\u2019eau purifi\u00e9e est collect\u00e9e dans le r\u00e9servoir et est remise en circulation par une pompe int\u00e9gr\u00e9e. La cartouche d\u00e9sionis\u00e9e polit l\u2019eau \u00e0 osmose inverse en une eau de type II avec une qualit\u00e9 de &lt; 0,1 \u00b5S\/cm.<\/p>\n<p>L&rsquo;appareil offre deux ports d\u2019extraction : l\u2019eau peut \u00eatre extraite sous pression \u00e0 partir du distributeur du point d&rsquo;utilisation ou de la sortie \u00e0 l\u2019arri\u00e8re de l\u2019appareil. Un filtre st\u00e9rile de 0,2 \u00b5m charg\u00e9 au niveau du distributeur peut \u00e9galement \u00eatre utilis\u00e9 pour \u00e9liminer les bact\u00e9ries et les endotoxines.<\/p>\n<p><strong>T\u00e9l\u00e9charger la brochure produit :<\/strong> <a href=\"https:\/\/www.deltalabo.fr\/wp-content\/uploads\/2025\/10\/LaboStar-RO-DI-fr-DL-2025-new-1.pdf\">Syst\u00e8me \u00e0 osmose inverse Evoqua &#8211; LaboStar\u00ae 10 RO DI<\/a><\/p>\n<p>&nbsp;<\/p>\n","protected":false},"featured_media":262792,"template":"","meta":{"_acf_changed":false,"site-sidebar-layout":"default","site-content-layout":"","ast-site-content-layout":"default","site-content-style":"default","site-sidebar-style":"default","ast-global-header-display":"","ast-banner-title-visibility":"","ast-main-header-display":"","ast-hfb-above-header-display":"","ast-hfb-below-header-display":"","ast-hfb-mobile-header-display":"","site-post-title":"","ast-breadcrumbs-content":"","ast-featured-img":"","footer-sml-layout":"","ast-disable-related-posts":"","theme-transparent-header-meta":"","adv-header-id-meta":"","stick-header-meta":"","header-above-stick-meta":"","header-main-stick-meta":"","header-below-stick-meta":"","astra-migrate-meta-layouts":"default","ast-page-background-enabled":"default","ast-page-background-meta":{"desktop":{"background-color":"var(--ast-global-color-5)","background-image":"","background-repeat":"repeat","background-position":"center center","background-size":"auto","background-attachment":"scroll","background-type":"","background-media":"","overlay-type":"","overlay-color":"","overlay-opacity":"","overlay-gradient":""},"tablet":{"background-color":"","background-image":"","background-repeat":"repeat","background-position":"center center","background-size":"auto","background-attachment":"scroll","background-type":"","background-media":"","overlay-type":"","overlay-color":"","overlay-opacity":"","overlay-gradient":""},"mobile":{"background-color":"","background-image":"","background-repeat":"repeat","background-position":"center center","background-size":"auto","background-attachment":"scroll","background-type":"","background-media":"","overlay-type":"","overlay-color":"","overlay-opacity":"","overlay-gradient":""}},"ast-content-background-meta":{"desktop":{"background-color":"var(--ast-global-color-4)","background-image":"","background-repeat":"repeat","background-position":"center center","background-size":"auto","background-attachment":"scroll","background-type":"","background-media":"","overlay-type":"","overlay-color":"","overlay-opacity":"","overlay-gradient":""},"tablet":{"background-color":"var(--ast-global-color-4)","background-image":"","background-repeat":"repeat","background-position":"center center","background-size":"auto","background-attachment":"scroll","background-type":"","background-media":"","overlay-type":"","overlay-color":"","overlay-opacity":"","overlay-gradient":""},"mobile":{"background-color":"var(--ast-global-color-4)","background-image":"","background-repeat":"repeat","background-position":"center center","background-size":"auto","background-attachment":"scroll","background-type":"","background-media":"","overlay-type":"","overlay-color":"","overlay-opacity":"","overlay-gradient":""}}},"domaine":[],"normes":[],"product_brand":[],"product_cat":[17240],"product_tag":[],"class_list":{"0":"post-262718","1":"product","2":"type-product","3":"status-publish","4":"has-post-thumbnail","6":"product_cat-categories","7":"desktop-align-left","8":"tablet-align-left","9":"mobile-align-left","11":"first","12":"instock","13":"shipping-taxable","14":"product-type-simple"},"acf":[],"yoast_head":"<!-- This site is optimized with the Yoast SEO plugin v27.4 - https:\/\/yoast.com\/product\/yoast-seo-wordpress\/ -->\n<title>Syst\u00e8me \u00e0 osmose inverse Evoqua - LaboStar\u00ae 10 RO DI | DeltaLabo<\/title>\n<meta name=\"robots\" content=\"noindex, follow, max-snippet:-1, max-image-preview:large, max-video-preview:-1\" \/>\n<meta property=\"og:locale\" content=\"fr_FR\" \/>\n<meta property=\"og:type\" content=\"article\" \/>\n<meta property=\"og:title\" content=\"Syst\u00e8me \u00e0 osmose inverse Evoqua - LaboStar\u00ae 10 RO DI | DeltaLabo\" \/>\n<meta property=\"og:description\" content=\"Syst\u00e8me \u00e0 osmose inverse Evoqua - LaboStar\u00ae 10 RO DI :  Le syst\u00e8me \u00e0 osmose inverse Evoqua LaboStar\u00ae RO DI produit une eau de haute qualit\u00e9 avec une tr\u00e8s faible consommation d\u2019\u00e9nergie. L\u2019utilisation de membranes \u00e0 \u00ab\u2009faible \u00e9nergie\u2009\u00bb permet un fonctionnement tr\u00e8s efficace, \u00e9conomique et silencieux.  Chaque syst\u00e8me LaboStar RO DI est \u00e9quip\u00e9 d\u2019un r\u00e9servoir de stockage int\u00e9gr\u00e9 de 7 litres.  L\u2019eau purifi\u00e9e est collect\u00e9e dans le r\u00e9servoir et est remise en circulation par une pompe int\u00e9gr\u00e9e. La cartouche d\u00e9sionis\u00e9e polit l\u2019eau \u00e0 osmose inverse en une eau de type II avec une qualit\u00e9 de &lt; 0,1 \u00b5S\/cm.  L&#039;appareil offre deux ports d\u2019extraction : l\u2019eau peut \u00eatre extraite sous pression \u00e0 partir du distributeur du point d&#039;utilisation ou de la sortie \u00e0 l\u2019arri\u00e8re de l\u2019appareil. Un filtre st\u00e9rile de 0,2 \u00b5m charg\u00e9 au niveau du distributeur peut \u00e9galement \u00eatre utilis\u00e9 pour \u00e9liminer les bact\u00e9ries et les endotoxines.  T\u00e9l\u00e9charger la brochure produit : Syst\u00e8me \u00e0 osmose inverse Evoqua - LaboStar\u00ae 10 RO DI  &nbsp;\" \/>\n<meta property=\"og:url\" content=\"https:\/\/webdesi-gn.fr\/dev_deltalabo\/produits\/cat-produit\/systeme-a-osmose-inverse-evoqua-labostar-10-ro-di\/\" \/>\n<meta property=\"og:site_name\" content=\"DeltaLabo\" \/>\n<meta property=\"article:modified_time\" content=\"2025-11-24T14:20:39+00:00\" \/>\n<meta property=\"og:image\" content=\"https:\/\/webdesi-gn.fr\/dev_deltalabo\/wp-content\/uploads\/2022\/01\/laboratory-g43d8b3442_1280.jpg\" \/>\n\t<meta property=\"og:image:width\" content=\"1280\" \/>\n\t<meta property=\"og:image:height\" content=\"853\" \/>\n\t<meta property=\"og:image:type\" content=\"image\/jpeg\" \/>\n<meta name=\"twitter:card\" content=\"summary_large_image\" \/>\n<script type=\"application\/ld+json\" class=\"yoast-schema-graph\">{\"@context\":\"https:\\\/\\\/schema.org\",\"@graph\":[{\"@type\":\"WebPage\",\"@id\":\"https:\\\/\\\/webdesi-gn.fr\\\/dev_deltalabo\\\/produits\\\/cat-produit\\\/systeme-a-osmose-inverse-evoqua-labostar-10-ro-di\\\/\",\"url\":\"https:\\\/\\\/webdesi-gn.fr\\\/dev_deltalabo\\\/produits\\\/cat-produit\\\/systeme-a-osmose-inverse-evoqua-labostar-10-ro-di\\\/\",\"name\":\"Syst\u00e8me \u00e0 osmose inverse Evoqua - LaboStar\u00ae 10 RO DI | DeltaLabo\",\"isPartOf\":{\"@id\":\"https:\\\/\\\/webdesi-gn.fr\\\/dev_deltalabo\\\/#website\"},\"primaryImageOfPage\":{\"@id\":\"https:\\\/\\\/webdesi-gn.fr\\\/dev_deltalabo\\\/produits\\\/cat-produit\\\/systeme-a-osmose-inverse-evoqua-labostar-10-ro-di\\\/#primaryimage\"},\"image\":{\"@id\":\"https:\\\/\\\/webdesi-gn.fr\\\/dev_deltalabo\\\/produits\\\/cat-produit\\\/systeme-a-osmose-inverse-evoqua-labostar-10-ro-di\\\/#primaryimage\"},\"thumbnailUrl\":\"https:\\\/\\\/webdesi-gn.fr\\\/dev_deltalabo\\\/wp-content\\\/uploads\\\/2025\\\/11\\\/DELTA-LABO-LaboStar-RO-DI.webp\",\"datePublished\":\"2025-11-24T14:18:08+00:00\",\"dateModified\":\"2025-11-24T14:20:39+00:00\",\"breadcrumb\":{\"@id\":\"https:\\\/\\\/webdesi-gn.fr\\\/dev_deltalabo\\\/produits\\\/cat-produit\\\/systeme-a-osmose-inverse-evoqua-labostar-10-ro-di\\\/#breadcrumb\"},\"inLanguage\":\"fr-FR\",\"potentialAction\":[{\"@type\":\"ReadAction\",\"target\":[\"https:\\\/\\\/webdesi-gn.fr\\\/dev_deltalabo\\\/produits\\\/cat-produit\\\/systeme-a-osmose-inverse-evoqua-labostar-10-ro-di\\\/\"]}]},{\"@type\":\"ImageObject\",\"inLanguage\":\"fr-FR\",\"@id\":\"https:\\\/\\\/webdesi-gn.fr\\\/dev_deltalabo\\\/produits\\\/cat-produit\\\/systeme-a-osmose-inverse-evoqua-labostar-10-ro-di\\\/#primaryimage\",\"url\":\"https:\\\/\\\/webdesi-gn.fr\\\/dev_deltalabo\\\/wp-content\\\/uploads\\\/2025\\\/11\\\/DELTA-LABO-LaboStar-RO-DI.webp\",\"contentUrl\":\"https:\\\/\\\/webdesi-gn.fr\\\/dev_deltalabo\\\/wp-content\\\/uploads\\\/2025\\\/11\\\/DELTA-LABO-LaboStar-RO-DI.webp\",\"width\":500,\"height\":500},{\"@type\":\"BreadcrumbList\",\"@id\":\"https:\\\/\\\/webdesi-gn.fr\\\/dev_deltalabo\\\/produits\\\/cat-produit\\\/systeme-a-osmose-inverse-evoqua-labostar-10-ro-di\\\/#breadcrumb\",\"itemListElement\":[{\"@type\":\"ListItem\",\"position\":1,\"name\":\"Accueil\",\"item\":\"https:\\\/\\\/webdesi-gn.fr\\\/dev_deltalabo\\\/\"},{\"@type\":\"ListItem\",\"position\":2,\"name\":\"Produits\",\"item\":\"https:\\\/\\\/webdesi-gn.fr\\\/dev_deltalabo\\\/produits\\\/\"},{\"@type\":\"ListItem\",\"position\":3,\"name\":\"Syst\u00e8me \u00e0 osmose inverse Evoqua &#8211; LaboStar\u00ae 10 RO DI\"}]},{\"@type\":\"WebSite\",\"@id\":\"https:\\\/\\\/webdesi-gn.fr\\\/dev_deltalabo\\\/#website\",\"url\":\"https:\\\/\\\/webdesi-gn.fr\\\/dev_deltalabo\\\/\",\"name\":\"Delta Labo\",\"description\":\"Un site utilisant WordPress\",\"publisher\":{\"@id\":\"https:\\\/\\\/webdesi-gn.fr\\\/dev_deltalabo\\\/#organization\"},\"alternateName\":\"Delta Labo\",\"potentialAction\":[{\"@type\":\"SearchAction\",\"target\":{\"@type\":\"EntryPoint\",\"urlTemplate\":\"https:\\\/\\\/webdesi-gn.fr\\\/dev_deltalabo\\\/?s={search_term_string}\"},\"query-input\":{\"@type\":\"PropertyValueSpecification\",\"valueRequired\":true,\"valueName\":\"search_term_string\"}}],\"inLanguage\":\"fr-FR\"},{\"@type\":\"Organization\",\"@id\":\"https:\\\/\\\/webdesi-gn.fr\\\/dev_deltalabo\\\/#organization\",\"name\":\"DeltaLabo\",\"url\":\"https:\\\/\\\/webdesi-gn.fr\\\/dev_deltalabo\\\/\",\"logo\":{\"@type\":\"ImageObject\",\"inLanguage\":\"fr-FR\",\"@id\":\"https:\\\/\\\/webdesi-gn.fr\\\/dev_deltalabo\\\/#\\\/schema\\\/logo\\\/image\\\/\",\"url\":\"https:\\\/\\\/webdesi-gn.fr\\\/dev_deltalabo\\\/wp-content\\\/uploads\\\/2022\\\/07\\\/logo-deltalabo.png\",\"contentUrl\":\"https:\\\/\\\/webdesi-gn.fr\\\/dev_deltalabo\\\/wp-content\\\/uploads\\\/2022\\\/07\\\/logo-deltalabo.png\",\"width\":694,\"height\":306,\"caption\":\"DeltaLabo\"},\"image\":{\"@id\":\"https:\\\/\\\/webdesi-gn.fr\\\/dev_deltalabo\\\/#\\\/schema\\\/logo\\\/image\\\/\"}}]}<\/script>\n<!-- \/ Yoast SEO plugin. -->","yoast_head_json":{"title":"Syst\u00e8me \u00e0 osmose inverse Evoqua - LaboStar\u00ae 10 RO DI | DeltaLabo","robots":{"index":"noindex","follow":"follow","max-snippet":"max-snippet:-1","max-image-preview":"max-image-preview:large","max-video-preview":"max-video-preview:-1"},"og_locale":"fr_FR","og_type":"article","og_title":"Syst\u00e8me \u00e0 osmose inverse Evoqua - LaboStar\u00ae 10 RO DI | DeltaLabo","og_description":"Syst\u00e8me \u00e0 osmose inverse Evoqua - LaboStar\u00ae 10 RO DI :  Le syst\u00e8me \u00e0 osmose inverse Evoqua LaboStar\u00ae RO DI produit une eau de haute qualit\u00e9 avec une tr\u00e8s faible consommation d\u2019\u00e9nergie. L\u2019utilisation de membranes \u00e0 \u00ab\u2009faible \u00e9nergie\u2009\u00bb permet un fonctionnement tr\u00e8s efficace, \u00e9conomique et silencieux.  Chaque syst\u00e8me LaboStar RO DI est \u00e9quip\u00e9 d\u2019un r\u00e9servoir de stockage int\u00e9gr\u00e9 de 7 litres.  L\u2019eau purifi\u00e9e est collect\u00e9e dans le r\u00e9servoir et est remise en circulation par une pompe int\u00e9gr\u00e9e. La cartouche d\u00e9sionis\u00e9e polit l\u2019eau \u00e0 osmose inverse en une eau de type II avec une qualit\u00e9 de &lt; 0,1 \u00b5S\/cm.  L'appareil offre deux ports d\u2019extraction : l\u2019eau peut \u00eatre extraite sous pression \u00e0 partir du distributeur du point d'utilisation ou de la sortie \u00e0 l\u2019arri\u00e8re de l\u2019appareil. Un filtre st\u00e9rile de 0,2 \u00b5m charg\u00e9 au niveau du distributeur peut \u00e9galement \u00eatre utilis\u00e9 pour \u00e9liminer les bact\u00e9ries et les endotoxines.  T\u00e9l\u00e9charger la brochure produit : Syst\u00e8me \u00e0 osmose inverse Evoqua - LaboStar\u00ae 10 RO DI  &nbsp;","og_url":"https:\/\/webdesi-gn.fr\/dev_deltalabo\/produits\/cat-produit\/systeme-a-osmose-inverse-evoqua-labostar-10-ro-di\/","og_site_name":"DeltaLabo","article_modified_time":"2025-11-24T14:20:39+00:00","og_image":[{"width":1280,"height":853,"url":"https:\/\/webdesi-gn.fr\/dev_deltalabo\/wp-content\/uploads\/2022\/01\/laboratory-g43d8b3442_1280.jpg","type":"image\/jpeg"}],"twitter_card":"summary_large_image","schema":{"@context":"https:\/\/schema.org","@graph":[{"@type":"WebPage","@id":"https:\/\/webdesi-gn.fr\/dev_deltalabo\/produits\/cat-produit\/systeme-a-osmose-inverse-evoqua-labostar-10-ro-di\/","url":"https:\/\/webdesi-gn.fr\/dev_deltalabo\/produits\/cat-produit\/systeme-a-osmose-inverse-evoqua-labostar-10-ro-di\/","name":"Syst\u00e8me \u00e0 osmose inverse Evoqua - LaboStar\u00ae 10 RO DI | DeltaLabo","isPartOf":{"@id":"https:\/\/webdesi-gn.fr\/dev_deltalabo\/#website"},"primaryImageOfPage":{"@id":"https:\/\/webdesi-gn.fr\/dev_deltalabo\/produits\/cat-produit\/systeme-a-osmose-inverse-evoqua-labostar-10-ro-di\/#primaryimage"},"image":{"@id":"https:\/\/webdesi-gn.fr\/dev_deltalabo\/produits\/cat-produit\/systeme-a-osmose-inverse-evoqua-labostar-10-ro-di\/#primaryimage"},"thumbnailUrl":"https:\/\/webdesi-gn.fr\/dev_deltalabo\/wp-content\/uploads\/2025\/11\/DELTA-LABO-LaboStar-RO-DI.webp","datePublished":"2025-11-24T14:18:08+00:00","dateModified":"2025-11-24T14:20:39+00:00","breadcrumb":{"@id":"https:\/\/webdesi-gn.fr\/dev_deltalabo\/produits\/cat-produit\/systeme-a-osmose-inverse-evoqua-labostar-10-ro-di\/#breadcrumb"},"inLanguage":"fr-FR","potentialAction":[{"@type":"ReadAction","target":["https:\/\/webdesi-gn.fr\/dev_deltalabo\/produits\/cat-produit\/systeme-a-osmose-inverse-evoqua-labostar-10-ro-di\/"]}]},{"@type":"ImageObject","inLanguage":"fr-FR","@id":"https:\/\/webdesi-gn.fr\/dev_deltalabo\/produits\/cat-produit\/systeme-a-osmose-inverse-evoqua-labostar-10-ro-di\/#primaryimage","url":"https:\/\/webdesi-gn.fr\/dev_deltalabo\/wp-content\/uploads\/2025\/11\/DELTA-LABO-LaboStar-RO-DI.webp","contentUrl":"https:\/\/webdesi-gn.fr\/dev_deltalabo\/wp-content\/uploads\/2025\/11\/DELTA-LABO-LaboStar-RO-DI.webp","width":500,"height":500},{"@type":"BreadcrumbList","@id":"https:\/\/webdesi-gn.fr\/dev_deltalabo\/produits\/cat-produit\/systeme-a-osmose-inverse-evoqua-labostar-10-ro-di\/#breadcrumb","itemListElement":[{"@type":"ListItem","position":1,"name":"Accueil","item":"https:\/\/webdesi-gn.fr\/dev_deltalabo\/"},{"@type":"ListItem","position":2,"name":"Produits","item":"https:\/\/webdesi-gn.fr\/dev_deltalabo\/produits\/"},{"@type":"ListItem","position":3,"name":"Syst\u00e8me \u00e0 osmose inverse Evoqua &#8211; LaboStar\u00ae 10 RO DI"}]},{"@type":"WebSite","@id":"https:\/\/webdesi-gn.fr\/dev_deltalabo\/#website","url":"https:\/\/webdesi-gn.fr\/dev_deltalabo\/","name":"Delta Labo","description":"Un site utilisant WordPress","publisher":{"@id":"https:\/\/webdesi-gn.fr\/dev_deltalabo\/#organization"},"alternateName":"Delta Labo","potentialAction":[{"@type":"SearchAction","target":{"@type":"EntryPoint","urlTemplate":"https:\/\/webdesi-gn.fr\/dev_deltalabo\/?s={search_term_string}"},"query-input":{"@type":"PropertyValueSpecification","valueRequired":true,"valueName":"search_term_string"}}],"inLanguage":"fr-FR"},{"@type":"Organization","@id":"https:\/\/webdesi-gn.fr\/dev_deltalabo\/#organization","name":"DeltaLabo","url":"https:\/\/webdesi-gn.fr\/dev_deltalabo\/","logo":{"@type":"ImageObject","inLanguage":"fr-FR","@id":"https:\/\/webdesi-gn.fr\/dev_deltalabo\/#\/schema\/logo\/image\/","url":"https:\/\/webdesi-gn.fr\/dev_deltalabo\/wp-content\/uploads\/2022\/07\/logo-deltalabo.png","contentUrl":"https:\/\/webdesi-gn.fr\/dev_deltalabo\/wp-content\/uploads\/2022\/07\/logo-deltalabo.png","width":694,"height":306,"caption":"DeltaLabo"},"image":{"@id":"https:\/\/webdesi-gn.fr\/dev_deltalabo\/#\/schema\/logo\/image\/"}}]}},"_links":{"self":[{"href":"https:\/\/webdesi-gn.fr\/dev_deltalabo\/wp-json\/wp\/v2\/product\/262718","targetHints":{"allow":["GET"]}}],"collection":[{"href":"https:\/\/webdesi-gn.fr\/dev_deltalabo\/wp-json\/wp\/v2\/product"}],"about":[{"href":"https:\/\/webdesi-gn.fr\/dev_deltalabo\/wp-json\/wp\/v2\/types\/product"}],"wp:featuredmedia":[{"embeddable":true,"href":"https:\/\/webdesi-gn.fr\/dev_deltalabo\/wp-json\/wp\/v2\/media\/262792"}],"wp:attachment":[{"href":"https:\/\/webdesi-gn.fr\/dev_deltalabo\/wp-json\/wp\/v2\/media?parent=262718"}],"wp:term":[{"taxonomy":"domaine","embeddable":true,"href":"https:\/\/webdesi-gn.fr\/dev_deltalabo\/wp-json\/wp\/v2\/domaine?post=262718"},{"taxonomy":"normes","embeddable":true,"href":"https:\/\/webdesi-gn.fr\/dev_deltalabo\/wp-json\/wp\/v2\/normes?post=262718"},{"taxonomy":"product_brand","embeddable":true,"href":"https:\/\/webdesi-gn.fr\/dev_deltalabo\/wp-json\/wp\/v2\/product_brand?post=262718"},{"taxonomy":"product_cat","embeddable":true,"href":"https:\/\/webdesi-gn.fr\/dev_deltalabo\/wp-json\/wp\/v2\/product_cat?post=262718"},{"taxonomy":"product_tag","embeddable":true,"href":"https:\/\/webdesi-gn.fr\/dev_deltalabo\/wp-json\/wp\/v2\/product_tag?post=262718"}],"curies":[{"name":"wp","href":"https:\/\/api.w.org\/{rel}","templated":true}]}}